{"id":9195,"date":"2021-11-28T00:23:04","date_gmt":"2021-11-28T00:23:04","guid":{"rendered":"https:\/\/maxani.nl\/?post_type=product&#038;p=9195"},"modified":"2026-01-05T08:21:47","modified_gmt":"2026-01-05T08:21:47","slug":"maxani-pyomax-brush","status":"publish","type":"product","link":"https:\/\/maxani.nl\/fr\/produit\/maxani-pyomax-brush\/","title":{"rendered":"PyoMax brush"},"content":{"rendered":"<h2>PYOMAX BRUSH<\/h2>\n<p>Zuivert de nagels, nagelriemen en huid tussen de teentjes of in de huidplooien van bacteri\u00ebn en Malassezia. Draagt bij aan het herstel naar een evenwichtige huidflora.<\/p>\n<p>Gebruik bij lastig bereikbare gevoelige, rode\/bruine, stinkende en\/of vette huid.<\/p>\n<p>De PyoMax-lijn is speciaal ontwikkeld om de huid effectief te zuiveren en zo het herstel naar een evenwichtige huidflora te ondersteunen, zonder de huid verder uit te drogen. Voornamelijk bij honden zijn secundaire infecties door <em>staphylococcus pseudintermedius <\/em>en <em>Malassezi<\/em>a een veel voorkomend probleem in de praktijken.<\/p>\n<p><strong>Gebruik<\/strong><\/p>\n<p>Voor een optimaal resultaat wordt aanbevolen om Pyo Brush PyoMax \u00e9\u00e9n keer in de ochtend en \u00e9\u00e9n keer in de avond aan te brengen.<\/p>\n<p>Breng een kleine hoeveelheid van het product aan op de aangetaste huid en masseer zachtjes in.<\/p>\n<p>Concentreer je vooral op de gebieden met nagels, nagelriemen en tussen de tenen.<\/p>\n<p>Laat het product intrekken en niet afspoelen.<\/p>\n<p>De huidige therapie\u00ebn zijn meestal gericht op het wassen met een shampoo. Producten om lokaal te behandelen worden ook steeds vaker toegepast als aanvulling of als een alternatief van wassen. De PyoMax-lijn bevat daarom zowel een huidshampoo als een mousse en een huidspray. Ook hebben we een uniek product ontwikkeld, de PyoMax brush, die zeer gemakkelijk kan worden gebruikt bij de moeilijk bereikbare (kleine) plekken, zoals onder de nagelriem.<\/p>\n<span class=\"wppb-content-restriction-message\"><p data-opacity=\"0.5\">Je moet ingelogd zijn voor meer informatie<\/p>\n<\/span>","protected":false},"excerpt":{"rendered":"<p>Zuivert de nagels, nagelriemen en huid tussen de teentjes of in de huidplooien van bacteri\u00ebn en Malassezia. Draagt bij aan het herstel naar een evenwichtige huidflora.<\/p>\n<span class=\"wppb-shortcode-restriction-message\"> <\/span>","protected":false},"featured_media":11935,"template":"","meta":[],"product_brand":[],"product_cat":[15,29,36],"product_tag":[207,208,205,200,209,150],"class_list":{"0":"post-9195","1":"product","2":"type-product","3":"status-publish","4":"has-post-thumbnail","6":"product_cat-alle-producten","7":"product_cat-maxani","8":"product_cat-pyodermie","9":"product_tag-207","10":"product_tag-brush","11":"product_tag-infectie","12":"product_tag-malassezia","13":"product_tag-nagelriem","14":"product_tag-pyodermie","16":"first","17":"instock","18":"taxable","19":"shipping-taxable","20":"product-type-simple"},"yoast_head":"<!-- This site is optimized with the Yoast SEO plugin v27.5 - https:\/\/yoast.com\/product\/yoast-seo-wordpress\/ -->\n<title>PyoMax brush - Maxani Animal Healthcare BV<\/title>\n<meta name=\"robots\" content=\"index, follow, max-snippet:-1, max-image-preview:large, max-video-preview:-1\" \/>\n<link rel=\"canonical\" href=\"https:\/\/maxani.nl\/fr\/product\/maxani-pyomax-brush\/\" \/>\n<meta property=\"og:locale\" content=\"fr_FR\" \/>\n<meta property=\"og:type\" content=\"article\" \/>\n<meta property=\"og:title\" content=\"PyoMax brush - Maxani Animal Healthcare BV\" \/>\n<meta property=\"og:description\" content=\"Zuivert de nagels, nagelriemen en huid tussen de teentjes of in de huidplooien van bacteri\u00ebn en Malassezia. Draagt bij aan het herstel naar een evenwichtige huidflora.\" \/>\n<meta property=\"og:url\" content=\"https:\/\/maxani.nl\/fr\/product\/maxani-pyomax-brush\/\" \/>\n<meta property=\"og:site_name\" content=\"Maxani Animal Healthcare BV\" \/>\n<meta property=\"article:modified_time\" content=\"2026-01-05T08:21:47+00:00\" \/>\n<meta property=\"og:image\" content=\"https:\/\/maxani.nl\/wp-content\/uploads\/2023\/01\/Maxani-Pyomax-brush-12ml.jpg\" \/>\n\t<meta property=\"og:image:width\" content=\"1080\" \/>\n\t<meta property=\"og:image:height\" content=\"1080\" \/>\n\t<meta property=\"og:image:type\" content=\"image\/jpeg\" \/>\n<meta name=\"twitter:card\" content=\"summary_large_image\" \/>\n<meta name=\"twitter:label1\" content=\"Dur\u00e9e de lecture estim\u00e9e\" \/>\n\t<meta name=\"twitter:data1\" content=\"3 minutes\" \/>\n<script type=\"application\/ld+json\" class=\"yoast-schema-graph\">{\"@context\":\"https:\\\/\\\/schema.org\",\"@graph\":[{\"@type\":\"WebPage\",\"@id\":\"https:\\\/\\\/maxani.nl\\\/product\\\/maxani-pyomax-brush\\\/\",\"url\":\"https:\\\/\\\/maxani.nl\\\/product\\\/maxani-pyomax-brush\\\/\",\"name\":\"PyoMax brush - Maxani Animal Healthcare BV\",\"isPartOf\":{\"@id\":\"https:\\\/\\\/maxani.nl\\\/#website\"},\"primaryImageOfPage\":{\"@id\":\"https:\\\/\\\/maxani.nl\\\/product\\\/maxani-pyomax-brush\\\/#primaryimage\"},\"image\":{\"@id\":\"https:\\\/\\\/maxani.nl\\\/product\\\/maxani-pyomax-brush\\\/#primaryimage\"},\"thumbnailUrl\":\"https:\\\/\\\/maxani.nl\\\/wp-content\\\/uploads\\\/2023\\\/01\\\/Maxani-Pyomax-brush-12ml.jpg\",\"datePublished\":\"2021-11-28T00:23:04+00:00\",\"dateModified\":\"2026-01-05T08:21:47+00:00\",\"breadcrumb\":{\"@id\":\"https:\\\/\\\/maxani.nl\\\/product\\\/maxani-pyomax-brush\\\/#breadcrumb\"},\"inLanguage\":\"fr-FR\",\"potentialAction\":[{\"@type\":\"ReadAction\",\"target\":[\"https:\\\/\\\/maxani.nl\\\/product\\\/maxani-pyomax-brush\\\/\"]}]},{\"@type\":\"ImageObject\",\"inLanguage\":\"fr-FR\",\"@id\":\"https:\\\/\\\/maxani.nl\\\/product\\\/maxani-pyomax-brush\\\/#primaryimage\",\"url\":\"https:\\\/\\\/maxani.nl\\\/wp-content\\\/uploads\\\/2023\\\/01\\\/Maxani-Pyomax-brush-12ml.jpg\",\"contentUrl\":\"https:\\\/\\\/maxani.nl\\\/wp-content\\\/uploads\\\/2023\\\/01\\\/Maxani-Pyomax-brush-12ml.jpg\",\"width\":1080,\"height\":1080},{\"@type\":\"BreadcrumbList\",\"@id\":\"https:\\\/\\\/maxani.nl\\\/product\\\/maxani-pyomax-brush\\\/#breadcrumb\",\"itemListElement\":[{\"@type\":\"ListItem\",\"position\":1,\"name\":\"Home\",\"item\":\"https:\\\/\\\/maxani.nl\\\/\"},{\"@type\":\"ListItem\",\"position\":2,\"name\":\"Webshop\",\"item\":\"https:\\\/\\\/maxani.nl\\\/webshop\\\/\"},{\"@type\":\"ListItem\",\"position\":3,\"name\":\"PyoMax brush\"}]},{\"@type\":\"WebSite\",\"@id\":\"https:\\\/\\\/maxani.nl\\\/#website\",\"url\":\"https:\\\/\\\/maxani.nl\\\/\",\"name\":\"Maxani Animal Healthcare BV\",\"description\":\"Uw partner in veterinaire dermatologie\",\"potentialAction\":[{\"@type\":\"SearchAction\",\"target\":{\"@type\":\"EntryPoint\",\"urlTemplate\":\"https:\\\/\\\/maxani.nl\\\/?s={search_term_string}\"},\"query-input\":{\"@type\":\"PropertyValueSpecification\",\"valueRequired\":true,\"valueName\":\"search_term_string\"}}],\"inLanguage\":\"fr-FR\"}]}<\/script>\n<!-- \/ Yoast SEO plugin. -->","yoast_head_json":{"title":"PyoMax brush - Maxani Animal Healthcare BV","robots":{"index":"index","follow":"follow","max-snippet":"max-snippet:-1","max-image-preview":"max-image-preview:large","max-video-preview":"max-video-preview:-1"},"canonical":"https:\/\/maxani.nl\/fr\/product\/maxani-pyomax-brush\/","og_locale":"fr_FR","og_type":"article","og_title":"PyoMax brush - Maxani Animal Healthcare BV","og_description":"Zuivert de nagels, nagelriemen en huid tussen de teentjes of in de huidplooien van bacteri\u00ebn en Malassezia. Draagt bij aan het herstel naar een evenwichtige huidflora.","og_url":"https:\/\/maxani.nl\/fr\/product\/maxani-pyomax-brush\/","og_site_name":"Maxani Animal Healthcare BV","article_modified_time":"2026-01-05T08:21:47+00:00","og_image":[{"width":1080,"height":1080,"url":"https:\/\/maxani.nl\/wp-content\/uploads\/2023\/01\/Maxani-Pyomax-brush-12ml.jpg","type":"image\/jpeg"}],"twitter_card":"summary_large_image","twitter_misc":{"Dur\u00e9e de lecture estim\u00e9e":"3 minutes"},"schema":{"@context":"https:\/\/schema.org","@graph":[{"@type":"WebPage","@id":"https:\/\/maxani.nl\/product\/maxani-pyomax-brush\/","url":"https:\/\/maxani.nl\/product\/maxani-pyomax-brush\/","name":"PyoMax brush - Maxani Animal Healthcare BV","isPartOf":{"@id":"https:\/\/maxani.nl\/#website"},"primaryImageOfPage":{"@id":"https:\/\/maxani.nl\/product\/maxani-pyomax-brush\/#primaryimage"},"image":{"@id":"https:\/\/maxani.nl\/product\/maxani-pyomax-brush\/#primaryimage"},"thumbnailUrl":"https:\/\/maxani.nl\/wp-content\/uploads\/2023\/01\/Maxani-Pyomax-brush-12ml.jpg","datePublished":"2021-11-28T00:23:04+00:00","dateModified":"2026-01-05T08:21:47+00:00","breadcrumb":{"@id":"https:\/\/maxani.nl\/product\/maxani-pyomax-brush\/#breadcrumb"},"inLanguage":"fr-FR","potentialAction":[{"@type":"ReadAction","target":["https:\/\/maxani.nl\/product\/maxani-pyomax-brush\/"]}]},{"@type":"ImageObject","inLanguage":"fr-FR","@id":"https:\/\/maxani.nl\/product\/maxani-pyomax-brush\/#primaryimage","url":"https:\/\/maxani.nl\/wp-content\/uploads\/2023\/01\/Maxani-Pyomax-brush-12ml.jpg","contentUrl":"https:\/\/maxani.nl\/wp-content\/uploads\/2023\/01\/Maxani-Pyomax-brush-12ml.jpg","width":1080,"height":1080},{"@type":"BreadcrumbList","@id":"https:\/\/maxani.nl\/product\/maxani-pyomax-brush\/#breadcrumb","itemListElement":[{"@type":"ListItem","position":1,"name":"Home","item":"https:\/\/maxani.nl\/"},{"@type":"ListItem","position":2,"name":"Webshop","item":"https:\/\/maxani.nl\/webshop\/"},{"@type":"ListItem","position":3,"name":"PyoMax brush"}]},{"@type":"WebSite","@id":"https:\/\/maxani.nl\/#website","url":"https:\/\/maxani.nl\/","name":"Maxani Animal Healthcare BV","description":"Uw partner in veterinaire dermatologie","potentialAction":[{"@type":"SearchAction","target":{"@type":"EntryPoint","urlTemplate":"https:\/\/maxani.nl\/?s={search_term_string}"},"query-input":{"@type":"PropertyValueSpecification","valueRequired":true,"valueName":"search_term_string"}}],"inLanguage":"fr-FR"}]}},"jetpack_sharing_enabled":true,"_links":{"self":[{"href":"https:\/\/maxani.nl\/fr\/wp-json\/wp\/v2\/product\/9195","targetHints":{"allow":["GET"]}}],"collection":[{"href":"https:\/\/maxani.nl\/fr\/wp-json\/wp\/v2\/product"}],"about":[{"href":"https:\/\/maxani.nl\/fr\/wp-json\/wp\/v2\/types\/product"}],"wp:featuredmedia":[{"embeddable":true,"href":"https:\/\/maxani.nl\/fr\/wp-json\/wp\/v2\/media\/11935"}],"wp:attachment":[{"href":"https:\/\/maxani.nl\/fr\/wp-json\/wp\/v2\/media?parent=9195"}],"wp:term":[{"taxonomy":"product_brand","embeddable":true,"href":"https:\/\/maxani.nl\/fr\/wp-json\/wp\/v2\/product_brand?post=9195"},{"taxonomy":"product_cat","embeddable":true,"href":"https:\/\/maxani.nl\/fr\/wp-json\/wp\/v2\/product_cat?post=9195"},{"taxonomy":"product_tag","embeddable":true,"href":"https:\/\/maxani.nl\/fr\/wp-json\/wp\/v2\/product_tag?post=9195"}],"curies":[{"name":"wp","href":"https:\/\/api.w.org\/{rel}","templated":true}]}}