{"id":189,"date":"2019-08-19T09:09:45","date_gmt":"2019-08-19T09:09:45","guid":{"rendered":"https:\/\/maandvandehuidverzorging.nl\/?post_type=product&#038;p=189"},"modified":"2026-01-05T08:41:46","modified_gmt":"2026-01-05T08:41:46","slug":"voetbruisballetjes-met-kamille-en-calendula","status":"publish","type":"product","link":"https:\/\/maxani.nl\/fr\/produit\/voetbruisballetjes-met-kamille-en-calendula\/","title":{"rendered":"Maxani Paw Bombs"},"content":{"rendered":"<p><strong>Indicaties<\/strong><\/p>\n<p>In te zetten bij milde tussenteeninfecties, een ontstoken nagelriem, afgescheurde of gebroken nagels, milde irritaties van de voetzolen en pootjes. Bij ontstekingen, bijvoorbeeld als gevolg van een grasaar, kunnen de bruisballetjes helpen door het pootje te weken en reinigen naast eventuele medicatie. De verzorgende Paw Bombs zijn een uitstekende vervanging voor de soda- of Biotexbadjes.<\/p>\n<p><strong>Werking<\/strong><\/p>\n<p>De zuiverende werking van Dode Zeezout verhelpt huidirritatie en uitslag. Daarnaast stimuleert het zout ook de bloedsomloop, waardoor er meer voedingsstoffen en zuurstof door de huid kunnen worden opgenomen.<br \/>\nHet natriumbicarbonaat breekt eiwitten af, waardoor bacteri\u00ebn wegspoelen en nieuwe bacteri\u00ebn geen kans krijgen om zich te hechten. Vitamine E is een antioxidant die de huidbarri\u00e8re versterkt en bescherming biedt tegen beschadiging van de huid. De vochtbalans van de huid wordt in stand gehouden door de toegevoegde sojaboon-olie.<\/p>\n<p><b>Gebruik<\/b><\/p>\n<p>Los 1 balletje op in 1 \u00e0 2 liter lauwwarm water. Laat het pootje 1 tot 2 keer per dag 5 tot 10 minuten in het badje weken. Dep daarna droog met een schone handdoek. De Paw Bombs mogen zo vaak gebruikt worden als nodig is.<\/p>\n<span class=\"wppb-content-restriction-message\"><p data-opacity=\"0.5\">Je moet ingelogd zijn voor meer informatie<\/p>\n<\/span>","protected":false},"excerpt":{"rendered":"<p>Maxani Paw Bombs zijn in te zetten als zuiverend voetenbadje om de aangedane huid van de poten of voetzolen te reinigen. De unieke combinatie van reinigen, verzorgen en hydrateren draagt bij aan een voorspoedig herstel. Kamille en calendula hebben een ontstekingsremmende, verzorgende en verzachtende werking.<\/p>\n<p><strong>Dier<\/strong>: Hond<\/p>\n<p><strong>Inhoud<\/strong>: 5 st., 10 st.<\/p>\n<span class=\"wppb-shortcode-restriction-message\"> <\/span>","protected":false},"featured_media":11998,"template":"","meta":[],"product_brand":[],"product_cat":[15,29,35,41],"product_tag":[233,234,236,235],"class_list":{"0":"post-189","1":"product","2":"type-product","3":"status-publish","4":"has-post-thumbnail","6":"product_cat-alle-producten","7":"product_cat-maxani","8":"product_cat-regular","9":"product_cat-wond-en-huidplooi","10":"product_tag-233","11":"product_tag-234","12":"product_tag-paw-bombs","13":"product_tag-voetbruisballetjes","15":"first","16":"instock","17":"taxable","18":"shipping-taxable","19":"product-type-variable"},"yoast_head":"<!-- This site is optimized with the Yoast SEO plugin v27.5 - https:\/\/yoast.com\/product\/yoast-seo-wordpress\/ -->\n<title>Maxani Paw Bombs - Maxani Animal Healthcare BV<\/title>\n<meta name=\"robots\" content=\"index, follow, max-snippet:-1, max-image-preview:large, max-video-preview:-1\" \/>\n<link rel=\"canonical\" href=\"https:\/\/maxani.nl\/fr\/product\/voetbruisballetjes-met-kamille-en-calendula\/\" \/>\n<meta property=\"og:locale\" content=\"fr_FR\" \/>\n<meta property=\"og:type\" content=\"article\" \/>\n<meta property=\"og:title\" content=\"Maxani Paw Bombs - Maxani Animal Healthcare BV\" \/>\n<meta property=\"og:description\" content=\"Maxani Paw Bombs zijn in te zetten als zuiverend voetenbadje om de aangedane huid van de poten of voetzolen te reinigen. De unieke combinatie van reinigen, verzorgen en hydrateren draagt bij aan een voorspoedig herstel. Kamille en calendula hebben een ontstekingsremmende, verzorgende en verzachtende werking.  Dier: Hond  Inhoud: 5 st., 10 st.\" \/>\n<meta property=\"og:url\" content=\"https:\/\/maxani.nl\/fr\/product\/voetbruisballetjes-met-kamille-en-calendula\/\" \/>\n<meta property=\"og:site_name\" content=\"Maxani Animal Healthcare BV\" \/>\n<meta property=\"article:modified_time\" content=\"2026-01-05T08:41:46+00:00\" \/>\n<meta property=\"og:image\" content=\"https:\/\/maxani.nl\/wp-content\/uploads\/2023\/01\/Maxani-voetbruis-Paw-balls-5-en-10-stuks.jpg\" \/>\n\t<meta property=\"og:image:width\" content=\"1080\" \/>\n\t<meta property=\"og:image:height\" content=\"1080\" \/>\n\t<meta property=\"og:image:type\" content=\"image\/jpeg\" \/>\n<meta name=\"twitter:card\" content=\"summary_large_image\" \/>\n<meta name=\"twitter:label1\" content=\"Dur\u00e9e de lecture estim\u00e9e\" \/>\n\t<meta name=\"twitter:data1\" content=\"3 minutes\" \/>\n<script type=\"application\/ld+json\" class=\"yoast-schema-graph\">{\"@context\":\"https:\\\/\\\/schema.org\",\"@graph\":[{\"@type\":\"WebPage\",\"@id\":\"https:\\\/\\\/maxani.nl\\\/product\\\/voetbruisballetjes-met-kamille-en-calendula\\\/\",\"url\":\"https:\\\/\\\/maxani.nl\\\/product\\\/voetbruisballetjes-met-kamille-en-calendula\\\/\",\"name\":\"Maxani Paw Bombs - Maxani Animal Healthcare BV\",\"isPartOf\":{\"@id\":\"https:\\\/\\\/maxani.nl\\\/#website\"},\"primaryImageOfPage\":{\"@id\":\"https:\\\/\\\/maxani.nl\\\/product\\\/voetbruisballetjes-met-kamille-en-calendula\\\/#primaryimage\"},\"image\":{\"@id\":\"https:\\\/\\\/maxani.nl\\\/product\\\/voetbruisballetjes-met-kamille-en-calendula\\\/#primaryimage\"},\"thumbnailUrl\":\"https:\\\/\\\/maxani.nl\\\/wp-content\\\/uploads\\\/2023\\\/01\\\/Maxani-voetbruis-Paw-balls-5-en-10-stuks.jpg\",\"datePublished\":\"2019-08-19T09:09:45+00:00\",\"dateModified\":\"2026-01-05T08:41:46+00:00\",\"breadcrumb\":{\"@id\":\"https:\\\/\\\/maxani.nl\\\/product\\\/voetbruisballetjes-met-kamille-en-calendula\\\/#breadcrumb\"},\"inLanguage\":\"fr-FR\",\"potentialAction\":[{\"@type\":\"ReadAction\",\"target\":[\"https:\\\/\\\/maxani.nl\\\/product\\\/voetbruisballetjes-met-kamille-en-calendula\\\/\"]}]},{\"@type\":\"ImageObject\",\"inLanguage\":\"fr-FR\",\"@id\":\"https:\\\/\\\/maxani.nl\\\/product\\\/voetbruisballetjes-met-kamille-en-calendula\\\/#primaryimage\",\"url\":\"https:\\\/\\\/maxani.nl\\\/wp-content\\\/uploads\\\/2023\\\/01\\\/Maxani-voetbruis-Paw-balls-5-en-10-stuks.jpg\",\"contentUrl\":\"https:\\\/\\\/maxani.nl\\\/wp-content\\\/uploads\\\/2023\\\/01\\\/Maxani-voetbruis-Paw-balls-5-en-10-stuks.jpg\",\"width\":1080,\"height\":1080},{\"@type\":\"BreadcrumbList\",\"@id\":\"https:\\\/\\\/maxani.nl\\\/product\\\/voetbruisballetjes-met-kamille-en-calendula\\\/#breadcrumb\",\"itemListElement\":[{\"@type\":\"ListItem\",\"position\":1,\"name\":\"Home\",\"item\":\"https:\\\/\\\/maxani.nl\\\/\"},{\"@type\":\"ListItem\",\"position\":2,\"name\":\"Webshop\",\"item\":\"https:\\\/\\\/maxani.nl\\\/webshop\\\/\"},{\"@type\":\"ListItem\",\"position\":3,\"name\":\"Maxani Paw Bombs\"}]},{\"@type\":\"WebSite\",\"@id\":\"https:\\\/\\\/maxani.nl\\\/#website\",\"url\":\"https:\\\/\\\/maxani.nl\\\/\",\"name\":\"Maxani Animal Healthcare BV\",\"description\":\"Uw partner in veterinaire dermatologie\",\"potentialAction\":[{\"@type\":\"SearchAction\",\"target\":{\"@type\":\"EntryPoint\",\"urlTemplate\":\"https:\\\/\\\/maxani.nl\\\/?s={search_term_string}\"},\"query-input\":{\"@type\":\"PropertyValueSpecification\",\"valueRequired\":true,\"valueName\":\"search_term_string\"}}],\"inLanguage\":\"fr-FR\"}]}<\/script>\n<!-- \/ Yoast SEO plugin. -->","yoast_head_json":{"title":"Maxani Paw Bombs - Maxani Animal Healthcare BV","robots":{"index":"index","follow":"follow","max-snippet":"max-snippet:-1","max-image-preview":"max-image-preview:large","max-video-preview":"max-video-preview:-1"},"canonical":"https:\/\/maxani.nl\/fr\/product\/voetbruisballetjes-met-kamille-en-calendula\/","og_locale":"fr_FR","og_type":"article","og_title":"Maxani Paw Bombs - Maxani Animal Healthcare BV","og_description":"Maxani Paw Bombs zijn in te zetten als zuiverend voetenbadje om de aangedane huid van de poten of voetzolen te reinigen. De unieke combinatie van reinigen, verzorgen en hydrateren draagt bij aan een voorspoedig herstel. Kamille en calendula hebben een ontstekingsremmende, verzorgende en verzachtende werking.  Dier: Hond  Inhoud: 5 st., 10 st.","og_url":"https:\/\/maxani.nl\/fr\/product\/voetbruisballetjes-met-kamille-en-calendula\/","og_site_name":"Maxani Animal Healthcare BV","article_modified_time":"2026-01-05T08:41:46+00:00","og_image":[{"width":1080,"height":1080,"url":"https:\/\/maxani.nl\/wp-content\/uploads\/2023\/01\/Maxani-voetbruis-Paw-balls-5-en-10-stuks.jpg","type":"image\/jpeg"}],"twitter_card":"summary_large_image","twitter_misc":{"Dur\u00e9e de lecture estim\u00e9e":"3 minutes"},"schema":{"@context":"https:\/\/schema.org","@graph":[{"@type":"WebPage","@id":"https:\/\/maxani.nl\/product\/voetbruisballetjes-met-kamille-en-calendula\/","url":"https:\/\/maxani.nl\/product\/voetbruisballetjes-met-kamille-en-calendula\/","name":"Maxani Paw Bombs - Maxani Animal Healthcare BV","isPartOf":{"@id":"https:\/\/maxani.nl\/#website"},"primaryImageOfPage":{"@id":"https:\/\/maxani.nl\/product\/voetbruisballetjes-met-kamille-en-calendula\/#primaryimage"},"image":{"@id":"https:\/\/maxani.nl\/product\/voetbruisballetjes-met-kamille-en-calendula\/#primaryimage"},"thumbnailUrl":"https:\/\/maxani.nl\/wp-content\/uploads\/2023\/01\/Maxani-voetbruis-Paw-balls-5-en-10-stuks.jpg","datePublished":"2019-08-19T09:09:45+00:00","dateModified":"2026-01-05T08:41:46+00:00","breadcrumb":{"@id":"https:\/\/maxani.nl\/product\/voetbruisballetjes-met-kamille-en-calendula\/#breadcrumb"},"inLanguage":"fr-FR","potentialAction":[{"@type":"ReadAction","target":["https:\/\/maxani.nl\/product\/voetbruisballetjes-met-kamille-en-calendula\/"]}]},{"@type":"ImageObject","inLanguage":"fr-FR","@id":"https:\/\/maxani.nl\/product\/voetbruisballetjes-met-kamille-en-calendula\/#primaryimage","url":"https:\/\/maxani.nl\/wp-content\/uploads\/2023\/01\/Maxani-voetbruis-Paw-balls-5-en-10-stuks.jpg","contentUrl":"https:\/\/maxani.nl\/wp-content\/uploads\/2023\/01\/Maxani-voetbruis-Paw-balls-5-en-10-stuks.jpg","width":1080,"height":1080},{"@type":"BreadcrumbList","@id":"https:\/\/maxani.nl\/product\/voetbruisballetjes-met-kamille-en-calendula\/#breadcrumb","itemListElement":[{"@type":"ListItem","position":1,"name":"Home","item":"https:\/\/maxani.nl\/"},{"@type":"ListItem","position":2,"name":"Webshop","item":"https:\/\/maxani.nl\/webshop\/"},{"@type":"ListItem","position":3,"name":"Maxani Paw Bombs"}]},{"@type":"WebSite","@id":"https:\/\/maxani.nl\/#website","url":"https:\/\/maxani.nl\/","name":"Maxani Animal Healthcare BV","description":"Uw partner in veterinaire dermatologie","potentialAction":[{"@type":"SearchAction","target":{"@type":"EntryPoint","urlTemplate":"https:\/\/maxani.nl\/?s={search_term_string}"},"query-input":{"@type":"PropertyValueSpecification","valueRequired":true,"valueName":"search_term_string"}}],"inLanguage":"fr-FR"}]}},"jetpack_sharing_enabled":true,"_links":{"self":[{"href":"https:\/\/maxani.nl\/fr\/wp-json\/wp\/v2\/product\/189","targetHints":{"allow":["GET"]}}],"collection":[{"href":"https:\/\/maxani.nl\/fr\/wp-json\/wp\/v2\/product"}],"about":[{"href":"https:\/\/maxani.nl\/fr\/wp-json\/wp\/v2\/types\/product"}],"wp:featuredmedia":[{"embeddable":true,"href":"https:\/\/maxani.nl\/fr\/wp-json\/wp\/v2\/media\/11998"}],"wp:attachment":[{"href":"https:\/\/maxani.nl\/fr\/wp-json\/wp\/v2\/media?parent=189"}],"wp:term":[{"taxonomy":"product_brand","embeddable":true,"href":"https:\/\/maxani.nl\/fr\/wp-json\/wp\/v2\/product_brand?post=189"},{"taxonomy":"product_cat","embeddable":true,"href":"https:\/\/maxani.nl\/fr\/wp-json\/wp\/v2\/product_cat?post=189"},{"taxonomy":"product_tag","embeddable":true,"href":"https:\/\/maxani.nl\/fr\/wp-json\/wp\/v2\/product_tag?post=189"}],"curies":[{"name":"wp","href":"https:\/\/api.w.org\/{rel}","templated":true}]}}