{"id":15179,"date":"2024-09-12T10:34:18","date_gmt":"2024-09-12T10:34:18","guid":{"rendered":"https:\/\/maxani.nl\/?post_type=product&#038;p=15179"},"modified":"2026-01-05T08:38:06","modified_gmt":"2026-01-05T08:38:06","slug":"maxani-skin-protect-cream-30-ml","status":"publish","type":"product","link":"https:\/\/maxani.nl\/fr\/produit\/maxani-skin-protect-cream-30-ml\/","title":{"rendered":"Maxani Skin Protect cream 30 ml"},"content":{"rendered":"<p><strong>Protect Skin cream<\/strong><br \/>\nBeschermende en verzorgende cr\u00e8me voor de ge\u00efrriteerde en kwetsbare huid, zoals rond de ogen en op de slijmvliezen.<br \/>\nProtect skin cream legt een dunne, flexibele beschermende laag over de rode, kwetsbare en ge\u00efrriteerde huid, en helpt deze te beschermen<br \/>\ntegen externe factoren, met name rond de ogen en slijmvliezen.<br \/>\nDe cr\u00e8me beschermt de huid ook tegen irritatie door urine, overtollig traanvocht, slijm, ontlasting en medicatieresten. Naast bescherming biedt deze cr\u00e8me ook essenti\u00eble voeding en hydratatie, wat cruciaal is voor het herstel van de huid.<\/p>\n<p><strong>Indicaties<\/strong><br \/>\nDe cr\u00e8me kan worden toegepast op alle plekken die extra hydratatie, bescherming en voeding nodig hebben. Dankzij de zeer milde en veilige formule is de cr\u00e8me zelfs geschikt voor gebruik nabij de slijmvliezen.<br \/>\n\u2022 Irritaties en roodheid van de huid rond de ogen bij paard, konijn, hond en kat.<br \/>\n\u2022 Urinebrandplekken of huidirritaties veroorzaakt door urine of ontlasting, zoals op de buik van reuen (ook puppy\u2019s), de rode huid door aanhoudende diarree, de achterzijde van konijnen of bij incontinentieproblemen, kunnen met deze cr\u00e8me effectief worden verzorgd. Zorg er echter voor dat er geen sprake is van een huidinfectie, aangezien deze eerst behandeld moet worden. Tijdens de behandeling van de secundaire huidinfectie kan de cr\u00e8me worden gebruikt als aanvullende verzorging en erna voor verder herstel van de huid.<br \/>\n\u2022 Nazorg en extra bescherming van de kwetsbare huid nadat deze is gesloten maar nog gevoelig is, bijvoorbeeld na wonden, hechtingen, of andere beschadigingen.<br \/>\n\u2022 Hydratatie en herstel van droge en beschadigde huid.<br \/>\n\u2022 Bescherming tegen irriterende factoren zoals traanvocht, ontlasting, urine slijm, en medicatieresten.<\/p>\n<p><strong>Werking<\/strong><br \/>\nDeze zorgvuldig samengestelde ingredi\u00ebnten vormen samen een cr\u00e8me die de huid effectief beschermt, hydrateert en kalmeert, terwijl ze ook bijdragen aan het herstel van ge\u00efrriteerde en beschadigde huid. De beschermende laag die de cr\u00e8me op de huid vormt, is afkomstig van een natuurlijke versie van capryloyl glycerin\/sebacic acid copolymeer. Dit copolymeer cre\u00ebert een dunne, flexibele film die helpt bij het beschermen tegen externe factoren zoals urine, ontlasting, en slijm, en behoudt tegelijkertijd het vocht in de huid. Daarnaast combineert deze intensief verzorgende cr\u00e8me drie bijzondere kalmerende ingredi\u00ebnten voor een optimaal resultaat:<\/p>\n<p><strong>ALGEMEEN<\/strong><br \/>\n\u2022 Helianthus Annuus Seed Oil (zonnebloemolie): Rijk aan plantensterolen en squaleen, versterkt deze olie de barri\u00e8refunctie van de huid en biedt bescherming tegen schade door vrije radicalen.<br \/>\n\u2022 Hamamelis (op waterbasis zonder alcohol): Verzacht de huid en heeft ontstekingsremmende en samentrekkende eigenschappen die roodheid en irritatie verminderen.<br \/>\n\u2022 Allanto\u00efne: Ondersteunt het herstel van de huid, bevordert exfoliatie, en kalmeert en verzacht ge\u00efrriteerde huid. Het beschermt tegen uitdroging door vocht vast te houden en bevordert de hydratatie, wat essentieel is voor een gezonde huid. De kalmerende werking vermindert irritaties, roodheid en ongemak. Deze formule bevat ook honing, sheaboter, vitamine E, en jojoba-olie, die bekend staan om hun hydraterende, voedende en herstellende eigenschappen, waardoor de huid zacht en soepel blijft:<br \/>\n\u2022 Honing: Bekend om zijn antibacteri\u00eble en vochtinbrengende eigenschappen, hydrateert de huid en bevordert het genezingsproces van ge\u00efrriteerde en beschadigde huid.<br \/>\n\u2022 Simmondsia Chinensis (Jojoba) Seed Oil: Jojoba-olie lijkt qua samenstelling op de natuurlijke oli\u00ebn van de huid en helpt de huid te hydrateren, voeden en beschermen tegen uitdroging.<br \/>\n\u2022 Butyrospermum Parkii (Shea) Butter: Shea butter staat bekend om zijn intensieve vochtinbrengende en voedende eigenschappen, verzacht de huid, herstelt en beschermt tegen uitdroging en irritatie.<br \/>\n\u2022 Squalane: Een natuurlijke olie die de huid hydrateert, verzacht, de huidbarri\u00e8re ondersteunt en beschermt tegen vochtverlies.<br \/>\n\u2022 Tocopheryl Acetate (Vitamine E): Een krachtige antioxidant die de huid beschermt tegen vrije radicalen, en tegelijkertijd genezing en hydratatie bevordert.<br \/>\n\u2022 Panthenol (Provitamine B5): Kalmeert, geneest, hydrateert en verzacht de huid.<\/p>\n<p>Deze ingredi\u00ebnten werken synergetisch om de huid te beschermen, te herstellen en intensief te verzorgen.<\/p>\n<p><strong>Dosering en toepassing<\/strong><br \/>\nReinig de ge\u00efrriteerde huid zorgvuldig en dep deze droog voordat u de cr\u00e8me aanbrengt. Breng de cr\u00e8me 2-3 keer per dag aan op de ge\u00efrriteerde huid voor optimale bescherming en verzorging. De cr\u00e8me is veilig in gebruik, ook bij contact met de ogen, en veroorzaakt geen irritatie.<\/p>\n<p><strong>Samenstelling<\/strong><br \/>\nAqua, caprylic\/capric triglyceride, mel (honing), glyceryl stearate citrate, glycerin,<br \/>\nsimmondsia chinensis (jojoba) seed oil, diheptyl succinate, butyrospermum<br \/>\nparkii (shea) butter, cetearyl alcohol, glyceryl stearate, hamamelis virginiana<br \/>\n(toverhazelaar) water, squalane, allantoin, capryloyl glycerin\/sebacic<br \/>\nacid copolymer, tocopheryl acetate (vitamine E), panthenol, tocopherol, xanthan<br \/>\ngum, helianthus annuus (zonnebloem) seed oil, citric acid, potassium<br \/>\nsorbate, sodium benzoate, benzyl alcohol.<\/p>\n<span class=\"wppb-content-restriction-message\"><p data-opacity=\"0.5\">Je moet ingelogd zijn voor meer informatie<\/p>\n<\/span>","protected":false},"excerpt":{"rendered":"<p>Protect Skin cream<br \/>\nBeschermende en verzorgende cr\u00e8me voor de ge\u00efrriteerde en<br \/>\nkwetsbare huid, zoals rond de ogen en op de slijmvliezen.<br \/>\nProtect skin cream legt een dunne, flexibele beschermende laag<br \/>\nover de rode, kwetsbare en ge\u00efrriteerde huid, en helpt deze te beschermen<br \/>\ntegen externe factoren, met name rond de ogen en slijmvliezen.<br \/>\nDe cr\u00e8me beschermt de huid ook tegen irritatie door urine,<br \/>\novertollig traanvocht, slijm, ontlasting en medicatieresten. Naast bescherming<br \/>\nbiedt deze cr\u00e8me ook essenti\u00eble voeding en hydratatie,<br \/>\nwat cruciaal is voor het herstel van de huid.<\/p>\n<p>Advies verkoopprijs: \u20ac15,75<\/p>","protected":false},"featured_media":15381,"template":"","meta":[],"product_brand":[],"product_cat":[15,29,63,35,41],"product_tag":[],"class_list":{"0":"post-15179","1":"product","2":"type-product","3":"status-publish","4":"has-post-thumbnail","6":"product_cat-alle-producten","7":"product_cat-maxani","8":"product_cat-oog","9":"product_cat-regular","10":"product_cat-wond-en-huidplooi","12":"first","13":"instock","14":"taxable","15":"shipping-taxable","16":"product-type-simple"},"yoast_head":"<!-- This site is optimized with the Yoast SEO plugin v27.5 - https:\/\/yoast.com\/product\/yoast-seo-wordpress\/ -->\n<title>Maxani Skin Protect cream 30 ml - Maxani Animal Healthcare BV<\/title>\n<meta name=\"robots\" content=\"index, follow, max-snippet:-1, max-image-preview:large, max-video-preview:-1\" \/>\n<link rel=\"canonical\" href=\"https:\/\/maxani.nl\/fr\/product\/maxani-skin-protect-cream-30-ml\/\" \/>\n<meta property=\"og:locale\" content=\"fr_FR\" \/>\n<meta property=\"og:type\" content=\"article\" \/>\n<meta property=\"og:title\" content=\"Maxani Skin Protect cream 30 ml - Maxani Animal Healthcare BV\" \/>\n<meta property=\"og:description\" content=\"Protect Skin cream Beschermende en verzorgende cr\u00e8me voor de ge\u00efrriteerde en kwetsbare huid, zoals rond de ogen en op de slijmvliezen. Protect skin cream legt een dunne, flexibele beschermende laag over de rode, kwetsbare en ge\u00efrriteerde huid, en helpt deze te beschermen tegen externe factoren, met name rond de ogen en slijmvliezen. De cr\u00e8me beschermt de huid ook tegen irritatie door urine, overtollig traanvocht, slijm, ontlasting en medicatieresten. Naast bescherming biedt deze cr\u00e8me ook essenti\u00eble voeding en hydratatie, wat cruciaal is voor het herstel van de huid.  Advies verkoopprijs: \u20ac15,75\" \/>\n<meta property=\"og:url\" content=\"https:\/\/maxani.nl\/fr\/product\/maxani-skin-protect-cream-30-ml\/\" \/>\n<meta property=\"og:site_name\" content=\"Maxani Animal Healthcare BV\" \/>\n<meta property=\"article:modified_time\" content=\"2026-01-05T08:38:06+00:00\" \/>\n<meta property=\"og:image\" content=\"https:\/\/maxani.nl\/wp-content\/uploads\/2024\/09\/Maxani-protect-skin-cream-30-ml.jpg\" \/>\n\t<meta property=\"og:image:width\" content=\"1080\" \/>\n\t<meta property=\"og:image:height\" content=\"1080\" \/>\n\t<meta property=\"og:image:type\" content=\"image\/jpeg\" \/>\n<meta name=\"twitter:card\" content=\"summary_large_image\" \/>\n<meta name=\"twitter:label1\" content=\"Dur\u00e9e de lecture estim\u00e9e\" \/>\n\t<meta name=\"twitter:data1\" content=\"5 minutes\" \/>\n<script type=\"application\/ld+json\" class=\"yoast-schema-graph\">{\"@context\":\"https:\\\/\\\/schema.org\",\"@graph\":[{\"@type\":\"WebPage\",\"@id\":\"https:\\\/\\\/maxani.nl\\\/product\\\/maxani-skin-protect-cream-30-ml\\\/\",\"url\":\"https:\\\/\\\/maxani.nl\\\/product\\\/maxani-skin-protect-cream-30-ml\\\/\",\"name\":\"Maxani Skin Protect cream 30 ml - Maxani Animal Healthcare BV\",\"isPartOf\":{\"@id\":\"https:\\\/\\\/maxani.nl\\\/#website\"},\"primaryImageOfPage\":{\"@id\":\"https:\\\/\\\/maxani.nl\\\/product\\\/maxani-skin-protect-cream-30-ml\\\/#primaryimage\"},\"image\":{\"@id\":\"https:\\\/\\\/maxani.nl\\\/product\\\/maxani-skin-protect-cream-30-ml\\\/#primaryimage\"},\"thumbnailUrl\":\"https:\\\/\\\/maxani.nl\\\/wp-content\\\/uploads\\\/2024\\\/09\\\/Maxani-protect-skin-cream-30-ml.jpg\",\"datePublished\":\"2024-09-12T10:34:18+00:00\",\"dateModified\":\"2026-01-05T08:38:06+00:00\",\"breadcrumb\":{\"@id\":\"https:\\\/\\\/maxani.nl\\\/product\\\/maxani-skin-protect-cream-30-ml\\\/#breadcrumb\"},\"inLanguage\":\"fr-FR\",\"potentialAction\":[{\"@type\":\"ReadAction\",\"target\":[\"https:\\\/\\\/maxani.nl\\\/product\\\/maxani-skin-protect-cream-30-ml\\\/\"]}]},{\"@type\":\"ImageObject\",\"inLanguage\":\"fr-FR\",\"@id\":\"https:\\\/\\\/maxani.nl\\\/product\\\/maxani-skin-protect-cream-30-ml\\\/#primaryimage\",\"url\":\"https:\\\/\\\/maxani.nl\\\/wp-content\\\/uploads\\\/2024\\\/09\\\/Maxani-protect-skin-cream-30-ml.jpg\",\"contentUrl\":\"https:\\\/\\\/maxani.nl\\\/wp-content\\\/uploads\\\/2024\\\/09\\\/Maxani-protect-skin-cream-30-ml.jpg\",\"width\":1080,\"height\":1080},{\"@type\":\"BreadcrumbList\",\"@id\":\"https:\\\/\\\/maxani.nl\\\/product\\\/maxani-skin-protect-cream-30-ml\\\/#breadcrumb\",\"itemListElement\":[{\"@type\":\"ListItem\",\"position\":1,\"name\":\"Home\",\"item\":\"https:\\\/\\\/maxani.nl\\\/\"},{\"@type\":\"ListItem\",\"position\":2,\"name\":\"Webshop\",\"item\":\"https:\\\/\\\/maxani.nl\\\/webshop\\\/\"},{\"@type\":\"ListItem\",\"position\":3,\"name\":\"Maxani Skin Protect cream 30 ml\"}]},{\"@type\":\"WebSite\",\"@id\":\"https:\\\/\\\/maxani.nl\\\/#website\",\"url\":\"https:\\\/\\\/maxani.nl\\\/\",\"name\":\"Maxani Animal Healthcare BV\",\"description\":\"Uw partner in veterinaire dermatologie\",\"potentialAction\":[{\"@type\":\"SearchAction\",\"target\":{\"@type\":\"EntryPoint\",\"urlTemplate\":\"https:\\\/\\\/maxani.nl\\\/?s={search_term_string}\"},\"query-input\":{\"@type\":\"PropertyValueSpecification\",\"valueRequired\":true,\"valueName\":\"search_term_string\"}}],\"inLanguage\":\"fr-FR\"}]}<\/script>\n<!-- \/ Yoast SEO plugin. -->","yoast_head_json":{"title":"Maxani Skin Protect cream 30 ml - Maxani Animal Healthcare BV","robots":{"index":"index","follow":"follow","max-snippet":"max-snippet:-1","max-image-preview":"max-image-preview:large","max-video-preview":"max-video-preview:-1"},"canonical":"https:\/\/maxani.nl\/fr\/product\/maxani-skin-protect-cream-30-ml\/","og_locale":"fr_FR","og_type":"article","og_title":"Maxani Skin Protect cream 30 ml - Maxani Animal Healthcare BV","og_description":"Protect Skin cream Beschermende en verzorgende cr\u00e8me voor de ge\u00efrriteerde en kwetsbare huid, zoals rond de ogen en op de slijmvliezen. Protect skin cream legt een dunne, flexibele beschermende laag over de rode, kwetsbare en ge\u00efrriteerde huid, en helpt deze te beschermen tegen externe factoren, met name rond de ogen en slijmvliezen. De cr\u00e8me beschermt de huid ook tegen irritatie door urine, overtollig traanvocht, slijm, ontlasting en medicatieresten. Naast bescherming biedt deze cr\u00e8me ook essenti\u00eble voeding en hydratatie, wat cruciaal is voor het herstel van de huid.  Advies verkoopprijs: \u20ac15,75","og_url":"https:\/\/maxani.nl\/fr\/product\/maxani-skin-protect-cream-30-ml\/","og_site_name":"Maxani Animal Healthcare BV","article_modified_time":"2026-01-05T08:38:06+00:00","og_image":[{"width":1080,"height":1080,"url":"https:\/\/maxani.nl\/wp-content\/uploads\/2024\/09\/Maxani-protect-skin-cream-30-ml.jpg","type":"image\/jpeg"}],"twitter_card":"summary_large_image","twitter_misc":{"Dur\u00e9e de lecture estim\u00e9e":"5 minutes"},"schema":{"@context":"https:\/\/schema.org","@graph":[{"@type":"WebPage","@id":"https:\/\/maxani.nl\/product\/maxani-skin-protect-cream-30-ml\/","url":"https:\/\/maxani.nl\/product\/maxani-skin-protect-cream-30-ml\/","name":"Maxani Skin Protect cream 30 ml - Maxani Animal Healthcare BV","isPartOf":{"@id":"https:\/\/maxani.nl\/#website"},"primaryImageOfPage":{"@id":"https:\/\/maxani.nl\/product\/maxani-skin-protect-cream-30-ml\/#primaryimage"},"image":{"@id":"https:\/\/maxani.nl\/product\/maxani-skin-protect-cream-30-ml\/#primaryimage"},"thumbnailUrl":"https:\/\/maxani.nl\/wp-content\/uploads\/2024\/09\/Maxani-protect-skin-cream-30-ml.jpg","datePublished":"2024-09-12T10:34:18+00:00","dateModified":"2026-01-05T08:38:06+00:00","breadcrumb":{"@id":"https:\/\/maxani.nl\/product\/maxani-skin-protect-cream-30-ml\/#breadcrumb"},"inLanguage":"fr-FR","potentialAction":[{"@type":"ReadAction","target":["https:\/\/maxani.nl\/product\/maxani-skin-protect-cream-30-ml\/"]}]},{"@type":"ImageObject","inLanguage":"fr-FR","@id":"https:\/\/maxani.nl\/product\/maxani-skin-protect-cream-30-ml\/#primaryimage","url":"https:\/\/maxani.nl\/wp-content\/uploads\/2024\/09\/Maxani-protect-skin-cream-30-ml.jpg","contentUrl":"https:\/\/maxani.nl\/wp-content\/uploads\/2024\/09\/Maxani-protect-skin-cream-30-ml.jpg","width":1080,"height":1080},{"@type":"BreadcrumbList","@id":"https:\/\/maxani.nl\/product\/maxani-skin-protect-cream-30-ml\/#breadcrumb","itemListElement":[{"@type":"ListItem","position":1,"name":"Home","item":"https:\/\/maxani.nl\/"},{"@type":"ListItem","position":2,"name":"Webshop","item":"https:\/\/maxani.nl\/webshop\/"},{"@type":"ListItem","position":3,"name":"Maxani Skin Protect cream 30 ml"}]},{"@type":"WebSite","@id":"https:\/\/maxani.nl\/#website","url":"https:\/\/maxani.nl\/","name":"Maxani Animal Healthcare BV","description":"Uw partner in veterinaire dermatologie","potentialAction":[{"@type":"SearchAction","target":{"@type":"EntryPoint","urlTemplate":"https:\/\/maxani.nl\/?s={search_term_string}"},"query-input":{"@type":"PropertyValueSpecification","valueRequired":true,"valueName":"search_term_string"}}],"inLanguage":"fr-FR"}]}},"jetpack_sharing_enabled":true,"_links":{"self":[{"href":"https:\/\/maxani.nl\/fr\/wp-json\/wp\/v2\/product\/15179","targetHints":{"allow":["GET"]}}],"collection":[{"href":"https:\/\/maxani.nl\/fr\/wp-json\/wp\/v2\/product"}],"about":[{"href":"https:\/\/maxani.nl\/fr\/wp-json\/wp\/v2\/types\/product"}],"wp:featuredmedia":[{"embeddable":true,"href":"https:\/\/maxani.nl\/fr\/wp-json\/wp\/v2\/media\/15381"}],"wp:attachment":[{"href":"https:\/\/maxani.nl\/fr\/wp-json\/wp\/v2\/media?parent=15179"}],"wp:term":[{"taxonomy":"product_brand","embeddable":true,"href":"https:\/\/maxani.nl\/fr\/wp-json\/wp\/v2\/product_brand?post=15179"},{"taxonomy":"product_cat","embeddable":true,"href":"https:\/\/maxani.nl\/fr\/wp-json\/wp\/v2\/product_cat?post=15179"},{"taxonomy":"product_tag","embeddable":true,"href":"https:\/\/maxani.nl\/fr\/wp-json\/wp\/v2\/product_tag?post=15179"}],"curies":[{"name":"wp","href":"https:\/\/api.w.org\/{rel}","templated":true}]}}