{"id":139,"date":"2019-08-13T11:30:44","date_gmt":"2019-08-13T11:30:44","guid":{"rendered":"https:\/\/maandvandehuidverzorging.nl\/?post_type=product&#038;p=139"},"modified":"2026-01-05T08:18:34","modified_gmt":"2026-01-05T08:18:34","slug":"chloorhexidine-wipes-met-vitamine-e-en-aloe-vera","status":"publish","type":"product","link":"https:\/\/maxani.nl\/fr\/produit\/chloorhexidine-wipes-met-vitamine-e-en-aloe-vera\/","title":{"rendered":"Maxani Chloorhexidine wipes"},"content":{"rendered":"<p><strong>Indicaties<\/strong><\/p>\n<p>De Chloorhexidine wipes kunnen worden gebruikt voor het reinigen van ge\u00efrriteerde of licht ge\u00efnfecteerde huid. Ook worden ze gebruikt bij allergische honden met secundaire huidinfecties en als therapie bij oppervlakkige pyodermie of hotspots. Geschikt als onderhoudsproduct voor honden of katten met terugkerend lipplooieczeem of kinacne. Voor reiniging van gebied rondom de genitali\u00ebn bij honden met urine incontinentie (voorkomen of behandelen van urinebrand) en voor moeilijk bereikbare plekken, zoals huidplooien (neus, oren, staart, lip en de huid rondom vulva en anus), reiniging van nagelbed, tussenteenhuid en oorschelp.<\/p>\n<p>Let op! Niet in de buurt van de ogen of op open wonden gebruiken. Niet geschikt als ontsmettingsmiddel voorafgaand aan een operatie.<\/p>\n<p><strong>Werking<\/strong><\/p>\n<p>Alo\u00eb vera en vitamine E verzachten de huid en dragen bij aan het herstellend vermogen van de huid. Vitamine E is een vet-oplosbare vitamine en als antioxidant beschermt het de cellen, celmembranen, bloedbaan en omliggende weefsels. Vitamine E versterkt en voedt zo de huidbarri\u00e8re. Chloorhexidine werkt tegen een breed spectrum ongewenste micro-organismen, verlaagt de pH van de huid en beschadigt de bacteri\u00eble celwand. Chloorhexidinedigluconaat heeft een antimicrobi\u00eble werking tegen bacteri\u00ebn en schimmels. Benzo\u00ebzuur heeft een antibacteri\u00eble werking, zorgt voor het verminderen van talg en heeft keratolytische en anti-inflammatoire eigenschappen.<\/p>\n<p><strong>Gebruik<\/strong><\/p>\n<p>De frequentie van het gebruik van de doekjes is afhankelijk van de aandoening, ernst van de klacht en het doel van de behandeling. Wij adviseren om bij een huidinfectie minimaal \u00e9\u00e9n tot tweemaal daags te reinigen met de doekjes. Als onderhoud kunnen de doekjes enkele keren per week worden gebruikt.<\/p>\n<p>De Maxani Chloorhexidine wipes zijn biologisch afbreekbaar.<\/p>\n<span class=\"wppb-content-restriction-message\"><p data-opacity=\"0.5\">Je moet ingelogd zijn voor meer informatie<\/p>\n<\/span>","protected":false},"excerpt":{"rendered":"<p><strong>Met vitamine e en alo\u00eb vera.<br \/>\n<\/strong>De huidvriendelijke, ge\u00efmpregneerde Chloorhexidine wipes zijn gemakkelijk te gebruiken voor o.a. de reiniging en verzorging van huidplooien. De doekjes zijn alcoholvrij en door de toevoeging van vitamine E, Alo\u00eb vera en glycerine wordt de huid gehydrateerd en verzorgd. Dermatologisch getest volgens ISO 10993-10 en CSN EN 1276 op micro-organismen: pseudomonas aeruginosa, staphylococus aureus, enterococcus hirae, escherichia coli. De doekjes zijn sterk, waardoor vuil en debris gemakkelijk verwijderd worden, zelfs bij de moeilijk bereikbare plekken. Bewezen werkzaamheid tegen MRSA.<\/p>\n<p><strong>Dier<\/strong>: Alle diersoorten<\/p>\n<p><strong>Inhoud<\/strong>: 40 st.<\/p>","protected":false},"featured_media":13377,"template":"","meta":[],"product_brand":[],"product_cat":[15,29,36,41],"product_tag":[267,266,269,268,76],"class_list":{"0":"post-139","1":"product","2":"type-product","3":"status-publish","4":"has-post-thumbnail","6":"product_cat-alle-producten","7":"product_cat-maxani","8":"product_cat-pyodermie","9":"product_cat-wond-en-huidplooi","10":"product_tag-267","11":"product_tag-chloorhexidine","12":"product_tag-huidplooi","13":"product_tag-plooien","14":"product_tag-wipes","16":"first","17":"instock","18":"taxable","19":"shipping-taxable","20":"product-type-simple"},"yoast_head":"<!-- This site is optimized with the Yoast SEO plugin v27.5 - https:\/\/yoast.com\/product\/yoast-seo-wordpress\/ -->\n<title>Maxani Chloorhexidine wipes - Maxani Animal Healthcare BV<\/title>\n<meta name=\"robots\" content=\"index, follow, max-snippet:-1, max-image-preview:large, max-video-preview:-1\" \/>\n<link rel=\"canonical\" href=\"https:\/\/maxani.nl\/fr\/product\/chloorhexidine-wipes-met-vitamine-e-en-aloe-vera\/\" \/>\n<meta property=\"og:locale\" content=\"fr_FR\" \/>\n<meta property=\"og:type\" content=\"article\" \/>\n<meta property=\"og:title\" content=\"Maxani Chloorhexidine wipes - Maxani Animal Healthcare BV\" \/>\n<meta property=\"og:description\" content=\"Met vitamine e en alo\u00eb vera. De huidvriendelijke, ge\u00efmpregneerde Chloorhexidine wipes zijn gemakkelijk te gebruiken voor o.a. de reiniging en verzorging van huidplooien. De doekjes zijn alcoholvrij en door de toevoeging van vitamine E, Alo\u00eb vera en glycerine wordt de huid gehydrateerd en verzorgd. Dermatologisch getest volgens ISO 10993-10 en CSN EN 1276 op micro-organismen: pseudomonas aeruginosa, staphylococus aureus, enterococcus hirae, escherichia coli. De doekjes zijn sterk, waardoor vuil en debris gemakkelijk verwijderd worden, zelfs bij de moeilijk bereikbare plekken. Bewezen werkzaamheid tegen MRSA.  Dier: Alle diersoorten  Inhoud: 40 st.\" \/>\n<meta property=\"og:url\" content=\"https:\/\/maxani.nl\/fr\/product\/chloorhexidine-wipes-met-vitamine-e-en-aloe-vera\/\" \/>\n<meta property=\"og:site_name\" content=\"Maxani Animal Healthcare BV\" \/>\n<meta property=\"article:modified_time\" content=\"2026-01-05T08:18:34+00:00\" \/>\n<meta property=\"og:image\" content=\"https:\/\/maxani.nl\/wp-content\/uploads\/2019\/08\/Maxani-chloorhexidine-wipes.jpg\" \/>\n\t<meta property=\"og:image:width\" content=\"1080\" \/>\n\t<meta property=\"og:image:height\" content=\"1080\" \/>\n\t<meta property=\"og:image:type\" content=\"image\/jpeg\" \/>\n<meta name=\"twitter:card\" content=\"summary_large_image\" \/>\n<meta name=\"twitter:label1\" content=\"Dur\u00e9e de lecture estim\u00e9e\" \/>\n\t<meta name=\"twitter:data1\" content=\"3 minutes\" \/>\n<script type=\"application\/ld+json\" class=\"yoast-schema-graph\">{\"@context\":\"https:\\\/\\\/schema.org\",\"@graph\":[{\"@type\":\"WebPage\",\"@id\":\"https:\\\/\\\/maxani.nl\\\/product\\\/chloorhexidine-wipes-met-vitamine-e-en-aloe-vera\\\/\",\"url\":\"https:\\\/\\\/maxani.nl\\\/product\\\/chloorhexidine-wipes-met-vitamine-e-en-aloe-vera\\\/\",\"name\":\"Maxani Chloorhexidine wipes - Maxani Animal Healthcare BV\",\"isPartOf\":{\"@id\":\"https:\\\/\\\/maxani.nl\\\/#website\"},\"primaryImageOfPage\":{\"@id\":\"https:\\\/\\\/maxani.nl\\\/product\\\/chloorhexidine-wipes-met-vitamine-e-en-aloe-vera\\\/#primaryimage\"},\"image\":{\"@id\":\"https:\\\/\\\/maxani.nl\\\/product\\\/chloorhexidine-wipes-met-vitamine-e-en-aloe-vera\\\/#primaryimage\"},\"thumbnailUrl\":\"https:\\\/\\\/maxani.nl\\\/wp-content\\\/uploads\\\/2019\\\/08\\\/Maxani-chloorhexidine-wipes.jpg\",\"datePublished\":\"2019-08-13T11:30:44+00:00\",\"dateModified\":\"2026-01-05T08:18:34+00:00\",\"breadcrumb\":{\"@id\":\"https:\\\/\\\/maxani.nl\\\/product\\\/chloorhexidine-wipes-met-vitamine-e-en-aloe-vera\\\/#breadcrumb\"},\"inLanguage\":\"fr-FR\",\"potentialAction\":[{\"@type\":\"ReadAction\",\"target\":[\"https:\\\/\\\/maxani.nl\\\/product\\\/chloorhexidine-wipes-met-vitamine-e-en-aloe-vera\\\/\"]}]},{\"@type\":\"ImageObject\",\"inLanguage\":\"fr-FR\",\"@id\":\"https:\\\/\\\/maxani.nl\\\/product\\\/chloorhexidine-wipes-met-vitamine-e-en-aloe-vera\\\/#primaryimage\",\"url\":\"https:\\\/\\\/maxani.nl\\\/wp-content\\\/uploads\\\/2019\\\/08\\\/Maxani-chloorhexidine-wipes.jpg\",\"contentUrl\":\"https:\\\/\\\/maxani.nl\\\/wp-content\\\/uploads\\\/2019\\\/08\\\/Maxani-chloorhexidine-wipes.jpg\",\"width\":1080,\"height\":1080},{\"@type\":\"BreadcrumbList\",\"@id\":\"https:\\\/\\\/maxani.nl\\\/product\\\/chloorhexidine-wipes-met-vitamine-e-en-aloe-vera\\\/#breadcrumb\",\"itemListElement\":[{\"@type\":\"ListItem\",\"position\":1,\"name\":\"Home\",\"item\":\"https:\\\/\\\/maxani.nl\\\/\"},{\"@type\":\"ListItem\",\"position\":2,\"name\":\"Webshop\",\"item\":\"https:\\\/\\\/maxani.nl\\\/webshop\\\/\"},{\"@type\":\"ListItem\",\"position\":3,\"name\":\"Maxani Chloorhexidine wipes\"}]},{\"@type\":\"WebSite\",\"@id\":\"https:\\\/\\\/maxani.nl\\\/#website\",\"url\":\"https:\\\/\\\/maxani.nl\\\/\",\"name\":\"Maxani Animal Healthcare BV\",\"description\":\"Uw partner in veterinaire dermatologie\",\"potentialAction\":[{\"@type\":\"SearchAction\",\"target\":{\"@type\":\"EntryPoint\",\"urlTemplate\":\"https:\\\/\\\/maxani.nl\\\/?s={search_term_string}\"},\"query-input\":{\"@type\":\"PropertyValueSpecification\",\"valueRequired\":true,\"valueName\":\"search_term_string\"}}],\"inLanguage\":\"fr-FR\"}]}<\/script>\n<!-- \/ Yoast SEO plugin. -->","yoast_head_json":{"title":"Maxani Chloorhexidine wipes - Maxani Animal Healthcare BV","robots":{"index":"index","follow":"follow","max-snippet":"max-snippet:-1","max-image-preview":"max-image-preview:large","max-video-preview":"max-video-preview:-1"},"canonical":"https:\/\/maxani.nl\/fr\/product\/chloorhexidine-wipes-met-vitamine-e-en-aloe-vera\/","og_locale":"fr_FR","og_type":"article","og_title":"Maxani Chloorhexidine wipes - Maxani Animal Healthcare BV","og_description":"Met vitamine e en alo\u00eb vera. De huidvriendelijke, ge\u00efmpregneerde Chloorhexidine wipes zijn gemakkelijk te gebruiken voor o.a. de reiniging en verzorging van huidplooien. De doekjes zijn alcoholvrij en door de toevoeging van vitamine E, Alo\u00eb vera en glycerine wordt de huid gehydrateerd en verzorgd. Dermatologisch getest volgens ISO 10993-10 en CSN EN 1276 op micro-organismen: pseudomonas aeruginosa, staphylococus aureus, enterococcus hirae, escherichia coli. De doekjes zijn sterk, waardoor vuil en debris gemakkelijk verwijderd worden, zelfs bij de moeilijk bereikbare plekken. Bewezen werkzaamheid tegen MRSA.  Dier: Alle diersoorten  Inhoud: 40 st.","og_url":"https:\/\/maxani.nl\/fr\/product\/chloorhexidine-wipes-met-vitamine-e-en-aloe-vera\/","og_site_name":"Maxani Animal Healthcare BV","article_modified_time":"2026-01-05T08:18:34+00:00","og_image":[{"width":1080,"height":1080,"url":"https:\/\/maxani.nl\/wp-content\/uploads\/2019\/08\/Maxani-chloorhexidine-wipes.jpg","type":"image\/jpeg"}],"twitter_card":"summary_large_image","twitter_misc":{"Dur\u00e9e de lecture estim\u00e9e":"3 minutes"},"schema":{"@context":"https:\/\/schema.org","@graph":[{"@type":"WebPage","@id":"https:\/\/maxani.nl\/product\/chloorhexidine-wipes-met-vitamine-e-en-aloe-vera\/","url":"https:\/\/maxani.nl\/product\/chloorhexidine-wipes-met-vitamine-e-en-aloe-vera\/","name":"Maxani Chloorhexidine wipes - Maxani Animal Healthcare BV","isPartOf":{"@id":"https:\/\/maxani.nl\/#website"},"primaryImageOfPage":{"@id":"https:\/\/maxani.nl\/product\/chloorhexidine-wipes-met-vitamine-e-en-aloe-vera\/#primaryimage"},"image":{"@id":"https:\/\/maxani.nl\/product\/chloorhexidine-wipes-met-vitamine-e-en-aloe-vera\/#primaryimage"},"thumbnailUrl":"https:\/\/maxani.nl\/wp-content\/uploads\/2019\/08\/Maxani-chloorhexidine-wipes.jpg","datePublished":"2019-08-13T11:30:44+00:00","dateModified":"2026-01-05T08:18:34+00:00","breadcrumb":{"@id":"https:\/\/maxani.nl\/product\/chloorhexidine-wipes-met-vitamine-e-en-aloe-vera\/#breadcrumb"},"inLanguage":"fr-FR","potentialAction":[{"@type":"ReadAction","target":["https:\/\/maxani.nl\/product\/chloorhexidine-wipes-met-vitamine-e-en-aloe-vera\/"]}]},{"@type":"ImageObject","inLanguage":"fr-FR","@id":"https:\/\/maxani.nl\/product\/chloorhexidine-wipes-met-vitamine-e-en-aloe-vera\/#primaryimage","url":"https:\/\/maxani.nl\/wp-content\/uploads\/2019\/08\/Maxani-chloorhexidine-wipes.jpg","contentUrl":"https:\/\/maxani.nl\/wp-content\/uploads\/2019\/08\/Maxani-chloorhexidine-wipes.jpg","width":1080,"height":1080},{"@type":"BreadcrumbList","@id":"https:\/\/maxani.nl\/product\/chloorhexidine-wipes-met-vitamine-e-en-aloe-vera\/#breadcrumb","itemListElement":[{"@type":"ListItem","position":1,"name":"Home","item":"https:\/\/maxani.nl\/"},{"@type":"ListItem","position":2,"name":"Webshop","item":"https:\/\/maxani.nl\/webshop\/"},{"@type":"ListItem","position":3,"name":"Maxani Chloorhexidine wipes"}]},{"@type":"WebSite","@id":"https:\/\/maxani.nl\/#website","url":"https:\/\/maxani.nl\/","name":"Maxani Animal Healthcare BV","description":"Uw partner in veterinaire dermatologie","potentialAction":[{"@type":"SearchAction","target":{"@type":"EntryPoint","urlTemplate":"https:\/\/maxani.nl\/?s={search_term_string}"},"query-input":{"@type":"PropertyValueSpecification","valueRequired":true,"valueName":"search_term_string"}}],"inLanguage":"fr-FR"}]}},"jetpack_sharing_enabled":true,"_links":{"self":[{"href":"https:\/\/maxani.nl\/fr\/wp-json\/wp\/v2\/product\/139","targetHints":{"allow":["GET"]}}],"collection":[{"href":"https:\/\/maxani.nl\/fr\/wp-json\/wp\/v2\/product"}],"about":[{"href":"https:\/\/maxani.nl\/fr\/wp-json\/wp\/v2\/types\/product"}],"wp:featuredmedia":[{"embeddable":true,"href":"https:\/\/maxani.nl\/fr\/wp-json\/wp\/v2\/media\/13377"}],"wp:attachment":[{"href":"https:\/\/maxani.nl\/fr\/wp-json\/wp\/v2\/media?parent=139"}],"wp:term":[{"taxonomy":"product_brand","embeddable":true,"href":"https:\/\/maxani.nl\/fr\/wp-json\/wp\/v2\/product_brand?post=139"},{"taxonomy":"product_cat","embeddable":true,"href":"https:\/\/maxani.nl\/fr\/wp-json\/wp\/v2\/product_cat?post=139"},{"taxonomy":"product_tag","embeddable":true,"href":"https:\/\/maxani.nl\/fr\/wp-json\/wp\/v2\/product_tag?post=139"}],"curies":[{"name":"wp","href":"https:\/\/api.w.org\/{rel}","templated":true}]}}