{"id":130,"date":"2019-08-13T09:54:29","date_gmt":"2019-08-13T09:54:29","guid":{"rendered":"https:\/\/maandvandehuidverzorging.nl\/?post_type=product&#038;p=130"},"modified":"2025-08-20T12:50:21","modified_gmt":"2025-08-20T12:50:21","slug":"rescue-huidshampoo","status":"publish","type":"product","link":"https:\/\/maxani.nl\/fr\/produit\/rescue-huidshampoo\/","title":{"rendered":"Rescue skin shampoo"},"content":{"rendered":"<p><strong>Indicaties<\/strong><\/p>\n<p>Rescue skin shampoo wordt ingezet bij een ge\u00efnfecteerde pijnlijke, dikke, warme en\/of rode huid veroorzaakt door bacteri\u00ebn , gisten en\/of schimmels. De huidshampoo is ontwikkeld door veterinaire dermatologen voor de behandeling van Malassezia, Pyodermie, Intertrigo en andere huidinfecties, hotspots en huidirritaties. De shampoo is breed inzetbaar en werkt tevens ondersteunend bij atopische honden ter preventie van recidiverende huidinfecties. Bij paarden wordt de shampoo gebruikt bij bacteri\u00eble mok, secundaire huidinfecties, die bijvoorbeeld<br \/>\nontstaan zijn door staart- en maneneczeem en bij andere bacteri\u00eble- , schimmel- of gistinfecties. Rescue huidshampoo wordt tevens ingezet ter preventie van secundaire huidinfecties.<\/p>\n<p><strong>Werking<\/strong><\/p>\n<p>Natriumhypochloriet doodt vele soorten bacteri\u00ebn. De ceramides in de shampoo dragen bij aan het herstel van de vochtbalans en de beschermende barri\u00e8refunctie van de huid.<br \/>\nRozemarijn en munt zijn verzachtende ingredi\u00ebnten. De menthol en rozemarijn zijn toegevoegd voor een verkoelend effect. Rozemarijn vermindert tevens de epidermale turnover en draagt bij aan een normale talgproductie. De SK-influx\u00ae, bestaande uit vetzuren, ceramiden, cholesterol en phytosphingosine, herstelt de huidbarri\u00e8re en hydrateert de huid. Hyaluronzuur bevordert de elasticiteit en vochthuishouding van de huid.<\/p>\n<p><strong>Gebruik<\/strong><\/p>\n<p>De frequentie van de shampoobehandeling is afhankelijk van de aandoening, ernst van de klacht en het doel van de behandeling. Wij adviseren om bij een huidinfectie minimaal 2 tot 3 keer<br \/>\nper week te wassen tot de klinische symptomen verdwijnen. Indien nodig kan de shampoo dagelijks gebruikt worden. Ter preventie van recidiverende chronische huidinfecties, mok of hotspots is het advies om de shampoo minimaal \u00e9\u00e9n keer per week te gebruiken. Bij voorkeur het dier 2 keer wassen per shampoobeurt. De eerste keer voor het reinigende effect (verwijderen van vuil, schilfers e.d.), de tweede keer voor de behandeling. Laat de shampoo bij de tweede wassing minimaal 10 minuten intrekken voor het snelste resultaat. Niet gebruiken als het huisdier (over)gevoelig is voor \u00e9\u00e9n van de bestanddelen.<\/p>\n<span class=\"wppb-content-restriction-message\"><p data-opacity=\"0.5\">Je moet ingelogd zijn voor meer informatie<\/p>\n<\/span>","protected":false},"excerpt":{"rendered":"<p>Ontwikkeld door veterinaire dermatologen om huidinfecties met bacteri\u00ebn, schimmels en gisten bij honden en paarden te behandelen en te voorkomen. Een intensief reinigende, maar toch zachte shampoo tegen bacteri\u00ebn, schimmels en gisten.<\/p>\n<p>Bij de Rescue skin shampoo kan de dierenartsenpraktijk gratis \u00e9\u00e9n of twee wasvoorschriften met het logo van de praktijk bestellen per shampoo. Op deze manier wordt de behandeling geoptimaliseerd en heeft de klant het gebruiksadvies van de shampoo altijd bij de hand.<\/p>\n<p><strong>Dier<\/strong>: Hond en paard<\/p>\n<p><strong>Inhoud<\/strong>: 200 ml<\/p>\n<span class=\"wppb-shortcode-restriction-message\"> <\/span>","protected":false},"featured_media":11962,"template":"","meta":[],"product_brand":[],"product_cat":[15,29,36],"product_tag":[148,30,150,149],"class_list":{"0":"post-130","1":"product","2":"type-product","3":"status-publish","4":"has-post-thumbnail","6":"product_cat-alle-producten","7":"product_cat-maxani","8":"product_cat-pyodermie","9":"product_tag-148","10":"product_tag-maxani-shampoo","11":"product_tag-pyodermie","12":"product_tag-rescue","14":"first","15":"instock","16":"taxable","17":"shipping-taxable","18":"product-type-simple"},"yoast_head":"<!-- This site is optimized with the Yoast SEO plugin v27.5 - https:\/\/yoast.com\/product\/yoast-seo-wordpress\/ -->\n<title>Rescue skin shampoo - Maxani Animal Healthcare BV<\/title>\n<meta name=\"robots\" content=\"index, follow, max-snippet:-1, max-image-preview:large, max-video-preview:-1\" \/>\n<link rel=\"canonical\" href=\"https:\/\/maxani.nl\/fr\/product\/rescue-huidshampoo\/\" \/>\n<meta property=\"og:locale\" content=\"fr_FR\" \/>\n<meta property=\"og:type\" content=\"article\" \/>\n<meta property=\"og:title\" content=\"Rescue skin shampoo - Maxani Animal Healthcare BV\" \/>\n<meta property=\"og:description\" content=\"Ontwikkeld door veterinaire dermatologen om huidinfecties met bacteri\u00ebn, schimmels en gisten bij honden en paarden te behandelen en te voorkomen. Een intensief reinigende, maar toch zachte shampoo tegen bacteri\u00ebn, schimmels en gisten.  Bij de Rescue skin shampoo kan de dierenartsenpraktijk gratis \u00e9\u00e9n of twee wasvoorschriften met het logo van de praktijk bestellen per shampoo. Op deze manier wordt de behandeling geoptimaliseerd en heeft de klant het gebruiksadvies van de shampoo altijd bij de hand.  Dier: Hond en paard  Inhoud: 200 ml\" \/>\n<meta property=\"og:url\" content=\"https:\/\/maxani.nl\/fr\/product\/rescue-huidshampoo\/\" \/>\n<meta property=\"og:site_name\" content=\"Maxani Animal Healthcare BV\" \/>\n<meta property=\"article:modified_time\" content=\"2025-08-20T12:50:21+00:00\" \/>\n<meta property=\"og:image\" content=\"https:\/\/maxani.nl\/wp-content\/uploads\/2023\/01\/Maxani-Rescue-shampoo-200ml.jpg\" \/>\n\t<meta property=\"og:image:width\" content=\"1080\" \/>\n\t<meta property=\"og:image:height\" content=\"1080\" \/>\n\t<meta property=\"og:image:type\" content=\"image\/jpeg\" \/>\n<meta name=\"twitter:card\" content=\"summary_large_image\" \/>\n<meta name=\"twitter:label1\" content=\"Dur\u00e9e de lecture estim\u00e9e\" \/>\n\t<meta name=\"twitter:data1\" content=\"3 minutes\" \/>\n<script type=\"application\/ld+json\" class=\"yoast-schema-graph\">{\"@context\":\"https:\\\/\\\/schema.org\",\"@graph\":[{\"@type\":\"WebPage\",\"@id\":\"https:\\\/\\\/maxani.nl\\\/product\\\/rescue-huidshampoo\\\/\",\"url\":\"https:\\\/\\\/maxani.nl\\\/product\\\/rescue-huidshampoo\\\/\",\"name\":\"Rescue skin shampoo - Maxani Animal Healthcare BV\",\"isPartOf\":{\"@id\":\"https:\\\/\\\/maxani.nl\\\/#website\"},\"primaryImageOfPage\":{\"@id\":\"https:\\\/\\\/maxani.nl\\\/product\\\/rescue-huidshampoo\\\/#primaryimage\"},\"image\":{\"@id\":\"https:\\\/\\\/maxani.nl\\\/product\\\/rescue-huidshampoo\\\/#primaryimage\"},\"thumbnailUrl\":\"https:\\\/\\\/maxani.nl\\\/wp-content\\\/uploads\\\/2023\\\/01\\\/Maxani-Rescue-shampoo-200ml.jpg\",\"datePublished\":\"2019-08-13T09:54:29+00:00\",\"dateModified\":\"2025-08-20T12:50:21+00:00\",\"breadcrumb\":{\"@id\":\"https:\\\/\\\/maxani.nl\\\/product\\\/rescue-huidshampoo\\\/#breadcrumb\"},\"inLanguage\":\"fr-FR\",\"potentialAction\":[{\"@type\":\"ReadAction\",\"target\":[\"https:\\\/\\\/maxani.nl\\\/product\\\/rescue-huidshampoo\\\/\"]}]},{\"@type\":\"ImageObject\",\"inLanguage\":\"fr-FR\",\"@id\":\"https:\\\/\\\/maxani.nl\\\/product\\\/rescue-huidshampoo\\\/#primaryimage\",\"url\":\"https:\\\/\\\/maxani.nl\\\/wp-content\\\/uploads\\\/2023\\\/01\\\/Maxani-Rescue-shampoo-200ml.jpg\",\"contentUrl\":\"https:\\\/\\\/maxani.nl\\\/wp-content\\\/uploads\\\/2023\\\/01\\\/Maxani-Rescue-shampoo-200ml.jpg\",\"width\":1080,\"height\":1080},{\"@type\":\"BreadcrumbList\",\"@id\":\"https:\\\/\\\/maxani.nl\\\/product\\\/rescue-huidshampoo\\\/#breadcrumb\",\"itemListElement\":[{\"@type\":\"ListItem\",\"position\":1,\"name\":\"Home\",\"item\":\"https:\\\/\\\/maxani.nl\\\/\"},{\"@type\":\"ListItem\",\"position\":2,\"name\":\"Webshop\",\"item\":\"https:\\\/\\\/maxani.nl\\\/webshop\\\/\"},{\"@type\":\"ListItem\",\"position\":3,\"name\":\"Rescue skin shampoo\"}]},{\"@type\":\"WebSite\",\"@id\":\"https:\\\/\\\/maxani.nl\\\/#website\",\"url\":\"https:\\\/\\\/maxani.nl\\\/\",\"name\":\"Maxani Animal Healthcare BV\",\"description\":\"Uw partner in veterinaire dermatologie\",\"potentialAction\":[{\"@type\":\"SearchAction\",\"target\":{\"@type\":\"EntryPoint\",\"urlTemplate\":\"https:\\\/\\\/maxani.nl\\\/?s={search_term_string}\"},\"query-input\":{\"@type\":\"PropertyValueSpecification\",\"valueRequired\":true,\"valueName\":\"search_term_string\"}}],\"inLanguage\":\"fr-FR\"}]}<\/script>\n<!-- \/ Yoast SEO plugin. -->","yoast_head_json":{"title":"Rescue skin shampoo - Maxani Animal Healthcare BV","robots":{"index":"index","follow":"follow","max-snippet":"max-snippet:-1","max-image-preview":"max-image-preview:large","max-video-preview":"max-video-preview:-1"},"canonical":"https:\/\/maxani.nl\/fr\/product\/rescue-huidshampoo\/","og_locale":"fr_FR","og_type":"article","og_title":"Rescue skin shampoo - Maxani Animal Healthcare BV","og_description":"Ontwikkeld door veterinaire dermatologen om huidinfecties met bacteri\u00ebn, schimmels en gisten bij honden en paarden te behandelen en te voorkomen. Een intensief reinigende, maar toch zachte shampoo tegen bacteri\u00ebn, schimmels en gisten.  Bij de Rescue skin shampoo kan de dierenartsenpraktijk gratis \u00e9\u00e9n of twee wasvoorschriften met het logo van de praktijk bestellen per shampoo. Op deze manier wordt de behandeling geoptimaliseerd en heeft de klant het gebruiksadvies van de shampoo altijd bij de hand.  Dier: Hond en paard  Inhoud: 200 ml","og_url":"https:\/\/maxani.nl\/fr\/product\/rescue-huidshampoo\/","og_site_name":"Maxani Animal Healthcare BV","article_modified_time":"2025-08-20T12:50:21+00:00","og_image":[{"width":1080,"height":1080,"url":"https:\/\/maxani.nl\/wp-content\/uploads\/2023\/01\/Maxani-Rescue-shampoo-200ml.jpg","type":"image\/jpeg"}],"twitter_card":"summary_large_image","twitter_misc":{"Dur\u00e9e de lecture estim\u00e9e":"3 minutes"},"schema":{"@context":"https:\/\/schema.org","@graph":[{"@type":"WebPage","@id":"https:\/\/maxani.nl\/product\/rescue-huidshampoo\/","url":"https:\/\/maxani.nl\/product\/rescue-huidshampoo\/","name":"Rescue skin shampoo - Maxani Animal Healthcare BV","isPartOf":{"@id":"https:\/\/maxani.nl\/#website"},"primaryImageOfPage":{"@id":"https:\/\/maxani.nl\/product\/rescue-huidshampoo\/#primaryimage"},"image":{"@id":"https:\/\/maxani.nl\/product\/rescue-huidshampoo\/#primaryimage"},"thumbnailUrl":"https:\/\/maxani.nl\/wp-content\/uploads\/2023\/01\/Maxani-Rescue-shampoo-200ml.jpg","datePublished":"2019-08-13T09:54:29+00:00","dateModified":"2025-08-20T12:50:21+00:00","breadcrumb":{"@id":"https:\/\/maxani.nl\/product\/rescue-huidshampoo\/#breadcrumb"},"inLanguage":"fr-FR","potentialAction":[{"@type":"ReadAction","target":["https:\/\/maxani.nl\/product\/rescue-huidshampoo\/"]}]},{"@type":"ImageObject","inLanguage":"fr-FR","@id":"https:\/\/maxani.nl\/product\/rescue-huidshampoo\/#primaryimage","url":"https:\/\/maxani.nl\/wp-content\/uploads\/2023\/01\/Maxani-Rescue-shampoo-200ml.jpg","contentUrl":"https:\/\/maxani.nl\/wp-content\/uploads\/2023\/01\/Maxani-Rescue-shampoo-200ml.jpg","width":1080,"height":1080},{"@type":"BreadcrumbList","@id":"https:\/\/maxani.nl\/product\/rescue-huidshampoo\/#breadcrumb","itemListElement":[{"@type":"ListItem","position":1,"name":"Home","item":"https:\/\/maxani.nl\/"},{"@type":"ListItem","position":2,"name":"Webshop","item":"https:\/\/maxani.nl\/webshop\/"},{"@type":"ListItem","position":3,"name":"Rescue skin shampoo"}]},{"@type":"WebSite","@id":"https:\/\/maxani.nl\/#website","url":"https:\/\/maxani.nl\/","name":"Maxani Animal Healthcare BV","description":"Uw partner in veterinaire dermatologie","potentialAction":[{"@type":"SearchAction","target":{"@type":"EntryPoint","urlTemplate":"https:\/\/maxani.nl\/?s={search_term_string}"},"query-input":{"@type":"PropertyValueSpecification","valueRequired":true,"valueName":"search_term_string"}}],"inLanguage":"fr-FR"}]}},"jetpack_sharing_enabled":true,"_links":{"self":[{"href":"https:\/\/maxani.nl\/fr\/wp-json\/wp\/v2\/product\/130","targetHints":{"allow":["GET"]}}],"collection":[{"href":"https:\/\/maxani.nl\/fr\/wp-json\/wp\/v2\/product"}],"about":[{"href":"https:\/\/maxani.nl\/fr\/wp-json\/wp\/v2\/types\/product"}],"wp:featuredmedia":[{"embeddable":true,"href":"https:\/\/maxani.nl\/fr\/wp-json\/wp\/v2\/media\/11962"}],"wp:attachment":[{"href":"https:\/\/maxani.nl\/fr\/wp-json\/wp\/v2\/media?parent=130"}],"wp:term":[{"taxonomy":"product_brand","embeddable":true,"href":"https:\/\/maxani.nl\/fr\/wp-json\/wp\/v2\/product_brand?post=130"},{"taxonomy":"product_cat","embeddable":true,"href":"https:\/\/maxani.nl\/fr\/wp-json\/wp\/v2\/product_cat?post=130"},{"taxonomy":"product_tag","embeddable":true,"href":"https:\/\/maxani.nl\/fr\/wp-json\/wp\/v2\/product_tag?post=130"}],"curies":[{"name":"wp","href":"https:\/\/api.w.org\/{rel}","templated":true}]}}