{"id":11807,"date":"2023-07-07T17:30:57","date_gmt":"2023-07-07T17:30:57","guid":{"rendered":"https:\/\/maxani.nl\/?page_id=11807"},"modified":"2025-05-30T14:03:25","modified_gmt":"2025-05-30T14:03:25","slug":"unieke-formule","status":"publish","type":"page","link":"https:\/\/maxani.nl\/fr\/unieke-formule\/","title":{"rendered":"Unieke formule"},"content":{"rendered":"<section class=\"section\" id=\"section_1732374471\">\n\t\t<div class=\"section-bg fill\" >\n\t\t\t\t\t\t\t\t\t\n\t\t\t\n\t<div class=\"is-border\"\n\t\tstyle=\"border-color:rgb(235, 235, 235);border-width:1px 0px 0px 0px;\">\n\t<\/div>\n\n\t\t<\/div>\n\n\t\t\n\n\t\t<div class=\"section-content relative\">\n\t\t\t\n\n<div class=\"row\"  id=\"row-483735121\">\n\n\n\t<div id=\"col-44642178\" class=\"col medium-8 small-12 large-8\"  >\n\t\t\t\t<div class=\"col-inner\"  >\n\t\t\t\n\t\t\t\n\n\t<div id=\"text-3391282108\" class=\"text\">\n\t\t\n\n<h2 class=\"fl-heading\"><span class=\"fl-heading-text\">Unieke Formule<\/span><\/h2>\n\t\t\n<style>\n#text-3391282108 {\n  font-size: 1.4rem;\n}\n<\/style>\n\t<\/div>\n\t\n<div class=\"fl-col-group fl-node-5ee9e4992940a\" data-node=\"5ee9e4992940a\">\n<div class=\"fl-col fl-node-5ee9e49929456\" data-node=\"5ee9e49929456\">\n<div class=\"fl-col-content fl-node-content\">\n<div class=\"fl-module fl-module-heading fl-node-5ee9e499293d0\" data-node=\"5ee9e499293d0\">\n<div class=\"fl-module-content fl-node-content\">\n<h1 class=\"fl-heading\"><span style=\"color: #555555; font-size: 14.4px;\">Elke Maxani huidshampoo is uniek en aangepast op de specifieke behoefte van het huisdier met huidproblemen. We noemen het een huidshampoo omdat deze shampoos een unieke combinatie van bestanddelen bevatten die de huid en vacht reinigen en voeden, als een bodylotion. Onze huidshampoos zitten boordevol werkzame en exclusieve bestanddelen. Alle bestanddelen zijn veilig en we maken zo min mogelijk gebruik van parfum, alcohol en andere irriterende chemicali\u00ebn en geuren. Zo maken wij gebruik van Sinodor\u00ae, een krachtig en diervriendelijk bestanddeel dat geuren verwijdert in plaats van alleen te maskeren. Hierdoor zijn parfum of andere irriterende geurstoffen overbodig en dat is zeer prettig voor het dier. Onze huidshampoos moeten voldoen aan een hoge kwaliteit en om dit te kunnen waarborgen worden alle Maxani huidshampoos in Nederland ontwikkeld en geproduceerd.\u00a0<\/span><\/h1>\n<\/div>\n<\/div>\n<\/div>\n<\/div>\n<\/div>\n\n\t\t<\/div>\n\t\t\t\t\t<\/div>\n\n\t\n\n\t<div id=\"col-21172649\" class=\"col medium-4 small-12 large-4\"  >\n\t\t\t\t<div class=\"col-inner\"  >\n\t\t\t\n\t\t\t\n\n\n\t\t<\/div>\n\t\t\t\t\t<\/div>\n\n\t\n\n<\/div>\n<div class=\"row\"  id=\"row-1433401779\">\n\n\n\t<div id=\"col-1490227709\" class=\"col medium-6 small-12 large-6\"  >\n\t\t\t\t<div class=\"col-inner\"  >\n\t\t\t\n\t\t\t\n\n\t<div class=\"img has-hover x md-x lg-x y md-y lg-y\" id=\"image_10141660\">\n\t\t\t\t\t\t\t\t<div class=\"img-inner dark\" >\n\t\t\t<img loading=\"lazy\" decoding=\"async\" width=\"749\" height=\"800\" src=\"https:\/\/maxani.nl\/wp-content\/uploads\/2023\/07\/illustraties-huid-met-watermerk-links-749x800.png\" class=\"attachment-large size-large\" alt=\"\" srcset=\"https:\/\/maxani.nl\/wp-content\/uploads\/2023\/07\/illustraties-huid-met-watermerk-links-749x800.png 749w, https:\/\/maxani.nl\/wp-content\/uploads\/2023\/07\/illustraties-huid-met-watermerk-links-375x400.png 375w, https:\/\/maxani.nl\/wp-content\/uploads\/2023\/07\/illustraties-huid-met-watermerk-links-768x820.png 768w, https:\/\/maxani.nl\/wp-content\/uploads\/2023\/07\/illustraties-huid-met-watermerk-links-1439x1536.png 1439w, https:\/\/maxani.nl\/wp-content\/uploads\/2023\/07\/illustraties-huid-met-watermerk-links-510x545.png 510w, https:\/\/maxani.nl\/wp-content\/uploads\/2023\/07\/illustraties-huid-met-watermerk-links.png 1698w\" sizes=\"auto, (max-width: 749px) 100vw, 749px\" \/>\t\t\t\t\t\t\n\t\t\t\t\t<\/div>\n\t\t\t\t\t\t\t\t\n<style>\n#image_10141660 {\n  width: 100%;\n}\n<\/style>\n\t<\/div>\n\t\n\n\n\t\t<\/div>\n\t\t\t\t\t<\/div>\n\n\t\n\n\t<div id=\"col-1011067640\" class=\"col medium-6 small-12 large-6\"  >\n\t\t\t\t<div class=\"col-inner\"  >\n\t\t\t\n\t\t\t\n\n\t<div class=\"img has-hover x md-x lg-x y md-y lg-y\" id=\"image_958862998\">\n\t\t\t\t\t\t\t\t<div class=\"img-inner dark\" >\n\t\t\t<img loading=\"lazy\" decoding=\"async\" width=\"566\" height=\"800\" src=\"https:\/\/maxani.nl\/wp-content\/uploads\/2023\/07\/illustraties-huid-met-watermerk-rechts-566x800.png\" class=\"attachment-large size-large\" alt=\"\" srcset=\"https:\/\/maxani.nl\/wp-content\/uploads\/2023\/07\/illustraties-huid-met-watermerk-rechts-566x800.png 566w, https:\/\/maxani.nl\/wp-content\/uploads\/2023\/07\/illustraties-huid-met-watermerk-rechts-283x400.png 283w, https:\/\/maxani.nl\/wp-content\/uploads\/2023\/07\/illustraties-huid-met-watermerk-rechts-768x1085.png 768w, https:\/\/maxani.nl\/wp-content\/uploads\/2023\/07\/illustraties-huid-met-watermerk-rechts-1087x1536.png 1087w, https:\/\/maxani.nl\/wp-content\/uploads\/2023\/07\/illustraties-huid-met-watermerk-rechts-510x721.png 510w, https:\/\/maxani.nl\/wp-content\/uploads\/2023\/07\/illustraties-huid-met-watermerk-rechts.png 1283w\" sizes=\"auto, (max-width: 566px) 100vw, 566px\" \/>\t\t\t\t\t\t\n\t\t\t\t\t<\/div>\n\t\t\t\t\t\t\t\t\n<style>\n#image_958862998 {\n  width: 76%;\n}\n<\/style>\n\t<\/div>\n\t\n\n\n\t\t<\/div>\n\t\t\t\t\t<\/div>\n\n\t\n\n<\/div>\n<div class=\"row\"  id=\"row-1393298940\">\n\n\n\t<div id=\"col-2006269520\" class=\"col medium-8 small-12 large-8\"  >\n\t\t\t\t<div class=\"col-inner\"  >\n\t\t\t\n\t\t\t\n\n<div class=\"fl-col-group fl-node-5ee9e4992940a\" data-node=\"5ee9e4992940a\">\n<div class=\"fl-col fl-node-5ee9e49929456\" data-node=\"5ee9e49929456\">\n<div class=\"fl-col-content fl-node-content\">\n<div class=\"fl-module fl-module-heading fl-node-5ee9e499293d0\" data-node=\"5ee9e499293d0\">\n<div class=\"fl-module-content fl-node-content\">\n<p class=\"fl-heading\">De Maxani huidshampoos pakken belangrijke aspecten aan om de defecte huidbarri\u00e8re te herstellen.\u00a0Als de huidbarri\u00e8re verstoord is kunnen honden sneller klachten krijgen. Dit zorgt voor een verhoogde blootstelling aan allergenen, pathogenen en toxines. Microben hechten makkelijker vast aan de huid en er is meer epidermaal waterverlies (TEWL).\u00a0Bij dieren met huidproblemen, voornamelijk bij atopische dermatitis, zijn bijna alle aspecten van de huid aangetast. De verhoorning kan versneld of vertraagd zijn (wel of geen schilfers), het afweersysteem werkt niet goed, de huidflora is uit balans en de zuurgraad van de huid is hoger, dus secundaire huidinfecties liggen op de loer. Het is belangrijk om deze aangetaste aspecten te herstellen en dat kan veelal van buitenaf met de Maxani huidshampoos.<\/p>\n<\/div>\n<\/div>\n<\/div>\n<\/div>\n<\/div>\n\n\t\t<\/div>\n\t\t\t\t\t<\/div>\n\n\t\n\n\t<div id=\"col-1528194385\" class=\"col medium-4 small-12 large-4\"  >\n\t\t\t\t<div class=\"col-inner\"  >\n\t\t\t\n\t\t\t\n\n\n\t\t<\/div>\n\t\t\t\t\t<\/div>\n\n\t\n\n<\/div>\n<div class=\"row\"  id=\"row-1103743817\">\n\n\n\t<div id=\"col-950589065\" class=\"col medium-6 small-12 large-6\"  >\n\t\t\t\t<div class=\"col-inner\"  >\n\t\t\t\n\t\t\t\n\n<p>De Maxani huidshampoos zijn effectief in het reinigen van de vacht en huid zonder de huid sterk uit te drogen. Maxani huidshampoos bevatten hiervoor belangrijke combinaties van\u00a0<em>emolli\u00ebnten<\/em>\u00a0(bijv. oli\u00ebn of lipiden) en humectants (vochtbinders). Dit verstevigt, hydrateert en beschermt zo de huidbarri\u00e8re van het dier met huidproblemen. De Maxani huidshampoos zijn dus verrijkt met huidbarri\u00e8re-herstellende en beschermende lipiden afkomstig van SK-in\ufb02ux\u00ae V. Dit unieke complex van lipiden, bestaande uit ceramiden, cholesterol en vrije vetzuren, komt van nature ook voor in de honden- en kattenhuid. De juiste verhouding lipiden is van essentieel belang voor een goede opname van de lipiden in de huid. Een beschadigde huidbarri\u00e8re, bijvoorbeeld door atopische dermatitis of seborroe, herstelt het snelst door direct topicaal ceramiden of vetzuren aan te brengen. Phytosphingosine komt van nature voor in het stratum corneum. De toevoeging van phytospingosine beschermt de huidbarri\u00e8re en heeft een ontstekingsremmende en antibacteri\u00eble werking. Phytosphingosine is nodig voor verschillende cellulaire processen, waaronder celdifferentiatie.<\/p>\n\n\t\t<\/div>\n\t\t\t\t\t<\/div>\n\n\t\n\n\t<div id=\"col-1822711663\" class=\"col medium-6 small-12 large-6\"  >\n\t\t\t\t<div class=\"col-inner\"  >\n\t\t\t\n\t\t\t\n\n\t<div class=\"img has-hover x md-x lg-x y md-y lg-y\" id=\"image_251909766\">\n\t\t\t\t\t\t\t\t<div class=\"img-inner dark\" >\n\t\t\t<img loading=\"lazy\" decoding=\"async\" width=\"996\" height=\"800\" src=\"https:\/\/maxani.nl\/wp-content\/uploads\/2023\/07\/illustraties-huid-Humectant-Emollient-met-watermerk-2048x1645-1-996x800.png\" class=\"attachment-large size-large\" alt=\"\" srcset=\"https:\/\/maxani.nl\/wp-content\/uploads\/2023\/07\/illustraties-huid-Humectant-Emollient-met-watermerk-2048x1645-1-996x800.png 996w, https:\/\/maxani.nl\/wp-content\/uploads\/2023\/07\/illustraties-huid-Humectant-Emollient-met-watermerk-2048x1645-1-498x400.png 498w, https:\/\/maxani.nl\/wp-content\/uploads\/2023\/07\/illustraties-huid-Humectant-Emollient-met-watermerk-2048x1645-1-768x617.png 768w, https:\/\/maxani.nl\/wp-content\/uploads\/2023\/07\/illustraties-huid-Humectant-Emollient-met-watermerk-2048x1645-1-1536x1234.png 1536w, https:\/\/maxani.nl\/wp-content\/uploads\/2023\/07\/illustraties-huid-Humectant-Emollient-met-watermerk-2048x1645-1-510x410.png 510w, https:\/\/maxani.nl\/wp-content\/uploads\/2023\/07\/illustraties-huid-Humectant-Emollient-met-watermerk-2048x1645-1.png 2048w\" sizes=\"auto, (max-width: 996px) 100vw, 996px\" \/>\t\t\t\t\t\t\n\t\t\t\t\t<\/div>\n\t\t\t\t\t\t\t\t\n<style>\n#image_251909766 {\n  width: 100%;\n}\n<\/style>\n\t<\/div>\n\t\n\n\n\t\t<\/div>\n\t\t\t\t\t<\/div>\n\n\t\n\n<\/div>\n<div class=\"row\"  id=\"row-1565236446\">\n\n\n\t<div id=\"col-667289111\" class=\"col medium-8 small-12 large-8\"  >\n\t\t\t\t<div class=\"col-inner\"  >\n\t\t\t\n\t\t\t\n\n<div class=\"fl-col-group fl-node-5ee9e4992940a\" data-node=\"5ee9e4992940a\">\n<div class=\"fl-col fl-node-5ee9e49929456\" data-node=\"5ee9e49929456\">\n<div class=\"fl-col-content fl-node-content\">\n<div class=\"fl-module fl-module-heading fl-node-5ee9e499293d0\" data-node=\"5ee9e499293d0\">\n<div class=\"fl-module-content fl-node-content\">\n<p class=\"fl-heading\">Bij een verzwakte huidbarriere verliest de huid veel vocht, waardoor de huid uitdroogt en gaat jeuken. Alle Maxani huidshampoos bevatten humectants zoals hyaluronzuur om de vochthuishouding en elasticiteit van de huid te herstellen. Hyaluronzuur en honing verzorgen samen met panthenol ook de droge en doffe vacht. Honing draagt bij aan een goede micro\ufb02ora en helpt jeuk en schilfers te verminderen, door de vitamines en mineralen die erin zitten. Daarnaast bevat elke Maxani huidshampoo unieke bestanddelen aangepast op de specifieke behoefte van het huisdier met een huidprobleem.<\/p>\n<\/div>\n<\/div>\n<\/div>\n<\/div>\n<\/div>\n\n\t\t<\/div>\n\t\t\t\t\t<\/div>\n\n\t\n\n\t<div id=\"col-2027371226\" class=\"col medium-4 small-12 large-4\"  >\n\t\t\t\t<div class=\"col-inner\"  >\n\t\t\t\n\t\t\t\n\n\n\t\t<\/div>\n\t\t\t\t\t<\/div>\n\n\t\n\n<\/div>\n\n\t\t<\/div>\n\n\t\t\n<style>\n#section_1732374471 {\n  padding-top: 60px;\n  padding-bottom: 60px;\n  min-height: 300px;\n}\n<\/style>\n\t<\/section>","protected":false},"excerpt":{"rendered":"","protected":false},"author":1,"featured_media":0,"parent":0,"menu_order":0,"comment_status":"closed","ping_status":"closed","template":"page-blank.php","meta":{"footnotes":""},"class_list":["post-11807","page","type-page","status-publish","hentry"],"yoast_head":"<!-- This site is optimized with the Yoast SEO plugin v27.5 - https:\/\/yoast.com\/product\/yoast-seo-wordpress\/ -->\n<title>Unieke formule - Maxani Animal Healthcare BV<\/title>\n<meta name=\"robots\" content=\"index, follow, max-snippet:-1, max-image-preview:large, max-video-preview:-1\" \/>\n<link rel=\"canonical\" href=\"https:\/\/maxani.nl\/fr\/unieke-formule\/\" \/>\n<meta property=\"og:locale\" content=\"fr_FR\" \/>\n<meta property=\"og:type\" content=\"article\" \/>\n<meta property=\"og:title\" content=\"Unieke formule - Maxani Animal Healthcare BV\" \/>\n<meta property=\"og:url\" content=\"https:\/\/maxani.nl\/fr\/unieke-formule\/\" \/>\n<meta property=\"og:site_name\" content=\"Maxani Animal Healthcare BV\" \/>\n<meta property=\"article:modified_time\" content=\"2025-05-30T14:03:25+00:00\" \/>\n<meta name=\"twitter:card\" content=\"summary_large_image\" \/>\n<script type=\"application\/ld+json\" class=\"yoast-schema-graph\">{\"@context\":\"https:\\\/\\\/schema.org\",\"@graph\":[{\"@type\":\"WebPage\",\"@id\":\"https:\\\/\\\/maxani.nl\\\/unieke-formule\\\/\",\"url\":\"https:\\\/\\\/maxani.nl\\\/unieke-formule\\\/\",\"name\":\"Unieke formule - Maxani Animal Healthcare BV\",\"isPartOf\":{\"@id\":\"https:\\\/\\\/maxani.nl\\\/#website\"},\"datePublished\":\"2023-07-07T17:30:57+00:00\",\"dateModified\":\"2025-05-30T14:03:25+00:00\",\"breadcrumb\":{\"@id\":\"https:\\\/\\\/maxani.nl\\\/unieke-formule\\\/#breadcrumb\"},\"inLanguage\":\"fr-FR\",\"potentialAction\":[{\"@type\":\"ReadAction\",\"target\":[\"https:\\\/\\\/maxani.nl\\\/unieke-formule\\\/\"]}]},{\"@type\":\"BreadcrumbList\",\"@id\":\"https:\\\/\\\/maxani.nl\\\/unieke-formule\\\/#breadcrumb\",\"itemListElement\":[{\"@type\":\"ListItem\",\"position\":1,\"name\":\"Home\",\"item\":\"https:\\\/\\\/maxani.nl\\\/\"},{\"@type\":\"ListItem\",\"position\":2,\"name\":\"Unieke formule\"}]},{\"@type\":\"WebSite\",\"@id\":\"https:\\\/\\\/maxani.nl\\\/#website\",\"url\":\"https:\\\/\\\/maxani.nl\\\/\",\"name\":\"Maxani Animal Healthcare BV\",\"description\":\"Uw partner in veterinaire dermatologie\",\"potentialAction\":[{\"@type\":\"SearchAction\",\"target\":{\"@type\":\"EntryPoint\",\"urlTemplate\":\"https:\\\/\\\/maxani.nl\\\/?s={search_term_string}\"},\"query-input\":{\"@type\":\"PropertyValueSpecification\",\"valueRequired\":true,\"valueName\":\"search_term_string\"}}],\"inLanguage\":\"fr-FR\"}]}<\/script>\n<!-- \/ Yoast SEO plugin. -->","yoast_head_json":{"title":"Unieke formule - Maxani Animal Healthcare BV","robots":{"index":"index","follow":"follow","max-snippet":"max-snippet:-1","max-image-preview":"max-image-preview:large","max-video-preview":"max-video-preview:-1"},"canonical":"https:\/\/maxani.nl\/fr\/unieke-formule\/","og_locale":"fr_FR","og_type":"article","og_title":"Unieke formule - Maxani Animal Healthcare BV","og_url":"https:\/\/maxani.nl\/fr\/unieke-formule\/","og_site_name":"Maxani Animal Healthcare BV","article_modified_time":"2025-05-30T14:03:25+00:00","twitter_card":"summary_large_image","schema":{"@context":"https:\/\/schema.org","@graph":[{"@type":"WebPage","@id":"https:\/\/maxani.nl\/unieke-formule\/","url":"https:\/\/maxani.nl\/unieke-formule\/","name":"Unieke formule - Maxani Animal Healthcare BV","isPartOf":{"@id":"https:\/\/maxani.nl\/#website"},"datePublished":"2023-07-07T17:30:57+00:00","dateModified":"2025-05-30T14:03:25+00:00","breadcrumb":{"@id":"https:\/\/maxani.nl\/unieke-formule\/#breadcrumb"},"inLanguage":"fr-FR","potentialAction":[{"@type":"ReadAction","target":["https:\/\/maxani.nl\/unieke-formule\/"]}]},{"@type":"BreadcrumbList","@id":"https:\/\/maxani.nl\/unieke-formule\/#breadcrumb","itemListElement":[{"@type":"ListItem","position":1,"name":"Home","item":"https:\/\/maxani.nl\/"},{"@type":"ListItem","position":2,"name":"Unieke formule"}]},{"@type":"WebSite","@id":"https:\/\/maxani.nl\/#website","url":"https:\/\/maxani.nl\/","name":"Maxani Animal Healthcare BV","description":"Uw partner in veterinaire dermatologie","potentialAction":[{"@type":"SearchAction","target":{"@type":"EntryPoint","urlTemplate":"https:\/\/maxani.nl\/?s={search_term_string}"},"query-input":{"@type":"PropertyValueSpecification","valueRequired":true,"valueName":"search_term_string"}}],"inLanguage":"fr-FR"}]}},"jetpack_sharing_enabled":true,"_links":{"self":[{"href":"https:\/\/maxani.nl\/fr\/wp-json\/wp\/v2\/pages\/11807","targetHints":{"allow":["GET"]}}],"collection":[{"href":"https:\/\/maxani.nl\/fr\/wp-json\/wp\/v2\/pages"}],"about":[{"href":"https:\/\/maxani.nl\/fr\/wp-json\/wp\/v2\/types\/page"}],"author":[{"embeddable":true,"href":"https:\/\/maxani.nl\/fr\/wp-json\/wp\/v2\/users\/1"}],"replies":[{"embeddable":true,"href":"https:\/\/maxani.nl\/fr\/wp-json\/wp\/v2\/comments?post=11807"}],"version-history":[{"count":6,"href":"https:\/\/maxani.nl\/fr\/wp-json\/wp\/v2\/pages\/11807\/revisions"}],"predecessor-version":[{"id":17195,"href":"https:\/\/maxani.nl\/fr\/wp-json\/wp\/v2\/pages\/11807\/revisions\/17195"}],"wp:attachment":[{"href":"https:\/\/maxani.nl\/fr\/wp-json\/wp\/v2\/media?parent=11807"}],"curies":[{"name":"wp","href":"https:\/\/api.w.org\/{rel}","templated":true}]}}