{"id":9985,"date":"2022-04-05T10:41:21","date_gmt":"2022-04-05T10:41:21","guid":{"rendered":"https:\/\/maxani.nl\/?post_type=product&#038;p=9985"},"modified":"2026-01-05T09:11:36","modified_gmt":"2026-01-05T09:11:36","slug":"maxani-suncare","status":"publish","type":"product","link":"https:\/\/maxani.nl\/es\/producto\/maxani-suncare\/","title":{"rendered":"Maxani SunCare"},"content":{"rendered":"<p>Protector solar seguro para perros, gatos, conejos, roedores y caballos.<\/p>\n<p>Este protector solar f\u00e1cil de extender proporciona una alta protecci\u00f3n frente a los da\u00f1inos rayos UV, sin dejar bruma blanca. Contiene filtros solares para mascotas eficaces y seguros, sin perfume. El protector solar SunCare est\u00e1 especialmente desarrollado para gatos, perros y caballos por igual y no utiliza filtros nocivos como \u00f3xido de zinc, cinamatos, oxibenzona y salicilatos.<\/p>\n<span class=\"wppb-content-restriction-message\"><p data-opacity=\"0.5\">Debe iniciar sesi\u00f3n para obtener m\u00e1s informaci\u00f3n<\/p>\n<\/span>","protected":false},"excerpt":{"rendered":"<p>Protector solar seguro para perros, gatos, conejos, roedores y caballos.<\/p>\n<p>Este protector solar f\u00e1cil de extender proporciona una alta protecci\u00f3n frente a los da\u00f1inos rayos UV, sin dejar bruma blanca. Contiene filtros solares para mascotas eficaces y seguros, sin perfume. El protector solar SunCare est\u00e1 especialmente desarrollado para gatos, perros y caballos por igual y no utiliza filtros nocivos como \u00f3xido de zinc, cinamatos, oxibenzona y salicilatos.<\/p>\n<span class=\"wppb-shortcode-restriction-message\"> <\/span>","protected":false},"featured_media":11972,"template":"","meta":[],"product_brand":[],"product_cat":[15,29],"product_tag":[190,196,192,194,195,193,191],"class_list":{"0":"post-9985","1":"product","2":"type-product","3":"status-publish","4":"has-post-thumbnail","6":"product_cat-alle-producten","7":"product_cat-maxani","8":"product_tag-190","9":"product_tag-filters","10":"product_tag-suncare","11":"product_tag-uva","12":"product_tag-uvb","13":"product_tag-zon-bescherming","14":"product_tag-zonnebrand","16":"first","17":"instock","18":"taxable","19":"shipping-taxable","20":"product-type-variable"},"yoast_head":"<!-- This site is optimized with the Yoast SEO plugin v27.1.1 - https:\/\/yoast.com\/product\/yoast-seo-wordpress\/ -->\n<title>Maxani SunCare - Maxani Animal Healthcare BV<\/title>\n<meta name=\"robots\" content=\"index, follow, max-snippet:-1, max-image-preview:large, max-video-preview:-1\" \/>\n<link rel=\"canonical\" href=\"https:\/\/maxani.nl\/es\/producto\/maxani-suncare\/\" \/>\n<meta property=\"og:locale\" content=\"es_ES\" \/>\n<meta property=\"og:type\" content=\"article\" \/>\n<meta property=\"og:title\" content=\"Maxani SunCare - Maxani Animal Healthcare BV\" \/>\n<meta property=\"og:description\" content=\"Zonnebrandcr\u00e8me veilig voor hond, kat, konijn, knaagdieren en paarden.  Deze goed smeerbare zonnebrandcr\u00e8me geeft een hoge bescherming tegen schadelijke UV stralen, zonder een witte waas achter te laten. Bevat effectieve en veilige zonnefilters voor huisdieren, zonder parfum. De SunCare zonnebrandcr\u00e8me is speciaal ontwikkeld voor zowel kat, hond als paard en maakt geen gebruik van schadelijke filters als zinkoxide, cinnamaten, oxybenzone en salicylaten.\" \/>\n<meta property=\"og:url\" content=\"https:\/\/maxani.nl\/es\/producto\/maxani-suncare\/\" \/>\n<meta property=\"og:site_name\" content=\"Maxani Animal Healthcare BV\" \/>\n<meta property=\"article:modified_time\" content=\"2026-01-05T09:11:36+00:00\" \/>\n<meta property=\"og:image\" content=\"https:\/\/maxani.nl\/wp-content\/uploads\/2023\/01\/Maxani-Suncare-30-en-100ml.jpg\" \/>\n\t<meta property=\"og:image:width\" content=\"1080\" \/>\n\t<meta property=\"og:image:height\" content=\"1080\" \/>\n\t<meta property=\"og:image:type\" content=\"image\/jpeg\" \/>\n<meta name=\"twitter:card\" content=\"summary_large_image\" \/>\n<meta name=\"twitter:label1\" content=\"Tiempo de lectura\" \/>\n\t<meta name=\"twitter:data1\" content=\"2 minutos\" \/>\n<script type=\"application\/ld+json\" class=\"yoast-schema-graph\">{\"@context\":\"https:\/\/schema.org\",\"@graph\":[{\"@type\":\"WebPage\",\"@id\":\"https:\/\/maxani.nl\/product\/maxani-suncare\/\",\"url\":\"https:\/\/maxani.nl\/product\/maxani-suncare\/\",\"name\":\"Maxani SunCare - Maxani Animal Healthcare BV\",\"isPartOf\":{\"@id\":\"https:\/\/maxani.nl\/#website\"},\"primaryImageOfPage\":{\"@id\":\"https:\/\/maxani.nl\/product\/maxani-suncare\/#primaryimage\"},\"image\":{\"@id\":\"https:\/\/maxani.nl\/product\/maxani-suncare\/#primaryimage\"},\"thumbnailUrl\":\"https:\/\/maxani.nl\/wp-content\/uploads\/2023\/01\/Maxani-Suncare-30-en-100ml.jpg\",\"datePublished\":\"2022-04-05T10:41:21+00:00\",\"dateModified\":\"2026-01-05T09:11:36+00:00\",\"breadcrumb\":{\"@id\":\"https:\/\/maxani.nl\/product\/maxani-suncare\/#breadcrumb\"},\"inLanguage\":\"es\",\"potentialAction\":[{\"@type\":\"ReadAction\",\"target\":[\"https:\/\/maxani.nl\/product\/maxani-suncare\/\"]}]},{\"@type\":\"ImageObject\",\"inLanguage\":\"es\",\"@id\":\"https:\/\/maxani.nl\/product\/maxani-suncare\/#primaryimage\",\"url\":\"https:\/\/maxani.nl\/wp-content\/uploads\/2023\/01\/Maxani-Suncare-30-en-100ml.jpg\",\"contentUrl\":\"https:\/\/maxani.nl\/wp-content\/uploads\/2023\/01\/Maxani-Suncare-30-en-100ml.jpg\",\"width\":1080,\"height\":1080},{\"@type\":\"BreadcrumbList\",\"@id\":\"https:\/\/maxani.nl\/product\/maxani-suncare\/#breadcrumb\",\"itemListElement\":[{\"@type\":\"ListItem\",\"position\":1,\"name\":\"Home\",\"item\":\"https:\/\/maxani.nl\/\"},{\"@type\":\"ListItem\",\"position\":2,\"name\":\"Webshop\",\"item\":\"https:\/\/maxani.nl\/webshop\/\"},{\"@type\":\"ListItem\",\"position\":3,\"name\":\"Maxani SunCare\"}]},{\"@type\":\"WebSite\",\"@id\":\"https:\/\/maxani.nl\/#website\",\"url\":\"https:\/\/maxani.nl\/\",\"name\":\"Maxani Animal Healthcare BV\",\"description\":\"Uw partner in veterinaire dermatologie\",\"potentialAction\":[{\"@type\":\"SearchAction\",\"target\":{\"@type\":\"EntryPoint\",\"urlTemplate\":\"https:\/\/maxani.nl\/?s={search_term_string}\"},\"query-input\":{\"@type\":\"PropertyValueSpecification\",\"valueRequired\":true,\"valueName\":\"search_term_string\"}}],\"inLanguage\":\"es\"}]}<\/script>\n<!-- \/ Yoast SEO plugin. -->","yoast_head_json":{"title":"Maxani SunCare - Maxani Animal Healthcare BV","robots":{"index":"index","follow":"follow","max-snippet":"max-snippet:-1","max-image-preview":"max-image-preview:large","max-video-preview":"max-video-preview:-1"},"canonical":"https:\/\/maxani.nl\/es\/producto\/maxani-suncare\/","og_locale":"es_ES","og_type":"article","og_title":"Maxani SunCare - Maxani Animal Healthcare BV","og_description":"Zonnebrandcr\u00e8me veilig voor hond, kat, konijn, knaagdieren en paarden.  Deze goed smeerbare zonnebrandcr\u00e8me geeft een hoge bescherming tegen schadelijke UV stralen, zonder een witte waas achter te laten. Bevat effectieve en veilige zonnefilters voor huisdieren, zonder parfum. De SunCare zonnebrandcr\u00e8me is speciaal ontwikkeld voor zowel kat, hond als paard en maakt geen gebruik van schadelijke filters als zinkoxide, cinnamaten, oxybenzone en salicylaten.","og_url":"https:\/\/maxani.nl\/es\/producto\/maxani-suncare\/","og_site_name":"Maxani Animal Healthcare BV","article_modified_time":"2026-01-05T09:11:36+00:00","og_image":[{"width":1080,"height":1080,"url":"https:\/\/maxani.nl\/wp-content\/uploads\/2023\/01\/Maxani-Suncare-30-en-100ml.jpg","type":"image\/jpeg"}],"twitter_card":"summary_large_image","twitter_misc":{"Tiempo de lectura":"2 minutos"},"schema":{"@context":"https:\/\/schema.org","@graph":[{"@type":"WebPage","@id":"https:\/\/maxani.nl\/product\/maxani-suncare\/","url":"https:\/\/maxani.nl\/product\/maxani-suncare\/","name":"Maxani SunCare - Maxani Animal Healthcare BV","isPartOf":{"@id":"https:\/\/maxani.nl\/#website"},"primaryImageOfPage":{"@id":"https:\/\/maxani.nl\/product\/maxani-suncare\/#primaryimage"},"image":{"@id":"https:\/\/maxani.nl\/product\/maxani-suncare\/#primaryimage"},"thumbnailUrl":"https:\/\/maxani.nl\/wp-content\/uploads\/2023\/01\/Maxani-Suncare-30-en-100ml.jpg","datePublished":"2022-04-05T10:41:21+00:00","dateModified":"2026-01-05T09:11:36+00:00","breadcrumb":{"@id":"https:\/\/maxani.nl\/product\/maxani-suncare\/#breadcrumb"},"inLanguage":"es","potentialAction":[{"@type":"ReadAction","target":["https:\/\/maxani.nl\/product\/maxani-suncare\/"]}]},{"@type":"ImageObject","inLanguage":"es","@id":"https:\/\/maxani.nl\/product\/maxani-suncare\/#primaryimage","url":"https:\/\/maxani.nl\/wp-content\/uploads\/2023\/01\/Maxani-Suncare-30-en-100ml.jpg","contentUrl":"https:\/\/maxani.nl\/wp-content\/uploads\/2023\/01\/Maxani-Suncare-30-en-100ml.jpg","width":1080,"height":1080},{"@type":"BreadcrumbList","@id":"https:\/\/maxani.nl\/product\/maxani-suncare\/#breadcrumb","itemListElement":[{"@type":"ListItem","position":1,"name":"Home","item":"https:\/\/maxani.nl\/"},{"@type":"ListItem","position":2,"name":"Webshop","item":"https:\/\/maxani.nl\/webshop\/"},{"@type":"ListItem","position":3,"name":"Maxani SunCare"}]},{"@type":"WebSite","@id":"https:\/\/maxani.nl\/#website","url":"https:\/\/maxani.nl\/","name":"Maxani Animal Healthcare BV","description":"Su socio en dermatolog\u00eda veterinaria","potentialAction":[{"@type":"SearchAction","target":{"@type":"EntryPoint","urlTemplate":"https:\/\/maxani.nl\/?s={search_term_string}"},"query-input":{"@type":"PropertyValueSpecification","valueRequired":true,"valueName":"search_term_string"}}],"inLanguage":"es"}]}},"jetpack_sharing_enabled":true,"_links":{"self":[{"href":"https:\/\/maxani.nl\/es\/wp-json\/wp\/v2\/product\/9985","targetHints":{"allow":["GET"]}}],"collection":[{"href":"https:\/\/maxani.nl\/es\/wp-json\/wp\/v2\/product"}],"about":[{"href":"https:\/\/maxani.nl\/es\/wp-json\/wp\/v2\/types\/product"}],"wp:featuredmedia":[{"embeddable":true,"href":"https:\/\/maxani.nl\/es\/wp-json\/wp\/v2\/media\/11972"}],"wp:attachment":[{"href":"https:\/\/maxani.nl\/es\/wp-json\/wp\/v2\/media?parent=9985"}],"wp:term":[{"taxonomy":"product_brand","embeddable":true,"href":"https:\/\/maxani.nl\/es\/wp-json\/wp\/v2\/product_brand?post=9985"},{"taxonomy":"product_cat","embeddable":true,"href":"https:\/\/maxani.nl\/es\/wp-json\/wp\/v2\/product_cat?post=9985"},{"taxonomy":"product_tag","embeddable":true,"href":"https:\/\/maxani.nl\/es\/wp-json\/wp\/v2\/product_tag?post=9985"}],"curies":[{"name":"wp","href":"https:\/\/api.w.org\/{rel}","templated":true}]}}