{"id":9843,"date":"2022-02-23T19:29:42","date_gmt":"2022-02-23T19:29:42","guid":{"rendered":"https:\/\/maxani.nl\/?post_type=product&#038;p=9843"},"modified":"2026-01-05T08:36:02","modified_gmt":"2026-01-05T08:36:02","slug":"maxani-regular-mousse","status":"publish","type":"product","link":"https:\/\/maxani.nl\/es\/producto\/maxani-regular-mousse\/","title":{"rendered":"Mousse Maxani Regular"},"content":{"rendered":"<p>Limpia eficazmente los pelajes sucios y malolientes sin agua. Al a\u00f1adir Sinodor\u00ae, los malos olores no se enmascaran, sino que se eliminan por completo. Gracias a su sofisticada composici\u00f3n de \u00e1cido hialur\u00f3nico, ceramidas, urea, pantenol y manzanilla, la piel se nutre y cuida en profundidad.<\/p>\n<span class=\"wppb-content-restriction-message\"><p data-opacity=\"0.5\">Debe iniciar sesi\u00f3n para obtener m\u00e1s informaci\u00f3n<\/p>\n<\/span>","protected":false},"excerpt":{"rendered":"<p>Limpia eficazmente los pelajes sucios y malolientes sin agua. Al a\u00f1adir Sinodor\u00ae, los malos olores no se enmascaran, sino que se eliminan por completo. Gracias a su sofisticada composici\u00f3n de \u00e1cido hialur\u00f3nico, ceramidas, urea, pantenol y manzanilla, la piel se nutre y cuida en profundidad.<\/p>\n<span class=\"wppb-shortcode-restriction-message\"> <\/span>","protected":false},"featured_media":11950,"template":"","meta":[],"product_brand":[],"product_cat":[15,29,35],"product_tag":[197,175,155,80,154,75,76],"class_list":{"0":"post-9843","1":"product","2":"type-product","3":"status-publish","4":"has-post-thumbnail","6":"product_cat-alle-producten","7":"product_cat-maxani","8":"product_cat-regular","9":"product_tag-197","10":"product_tag-droogshampoo","11":"product_tag-kitten","12":"product_tag-mousse","13":"product_tag-puppy","14":"product_tag-regular","15":"product_tag-wipes","17":"first","18":"instock","19":"taxable","20":"shipping-taxable","21":"product-type-simple"},"yoast_head":"<!-- This site is optimized with the Yoast SEO plugin v27.1.1 - https:\/\/yoast.com\/product\/yoast-seo-wordpress\/ -->\n<title>Maxani Regular Mousse - Maxani Animal Healthcare BV<\/title>\n<meta name=\"robots\" content=\"index, follow, max-snippet:-1, max-image-preview:large, max-video-preview:-1\" \/>\n<link rel=\"canonical\" href=\"https:\/\/maxani.nl\/es\/producto\/maxani-regular-mousse\/\" \/>\n<meta property=\"og:locale\" content=\"es_ES\" \/>\n<meta property=\"og:type\" content=\"article\" \/>\n<meta property=\"og:title\" content=\"Maxani Regular Mousse - Maxani Animal Healthcare BV\" \/>\n<meta property=\"og:description\" content=\"Reinigt effectief de vieze en stinkende vacht zonder water. Door de toevoeging van \u00a0Sinodor\u00ae worden vieze geuren niet gemaskeerd, maar grondig verwijderd. Door de uitgekiende samenstelling van hyaluronzuur, ceramiden, ureum, panthenol en kamille wordt de huid tot diep in de huidbarriere gevoed en verzorgt.\" \/>\n<meta property=\"og:url\" content=\"https:\/\/maxani.nl\/es\/producto\/maxani-regular-mousse\/\" \/>\n<meta property=\"og:site_name\" content=\"Maxani Animal Healthcare BV\" \/>\n<meta property=\"article:modified_time\" content=\"2026-01-05T08:36:02+00:00\" \/>\n<meta property=\"og:image\" content=\"https:\/\/maxani.nl\/wp-content\/uploads\/2023\/01\/Maxani-Regular-mousse-150ml.jpg\" \/>\n\t<meta property=\"og:image:width\" content=\"1080\" \/>\n\t<meta property=\"og:image:height\" content=\"1080\" \/>\n\t<meta property=\"og:image:type\" content=\"image\/jpeg\" \/>\n<meta name=\"twitter:card\" content=\"summary_large_image\" \/>\n<meta name=\"twitter:label1\" content=\"Tiempo de lectura\" \/>\n\t<meta name=\"twitter:data1\" content=\"2 minutos\" \/>\n<script type=\"application\/ld+json\" class=\"yoast-schema-graph\">{\"@context\":\"https:\/\/schema.org\",\"@graph\":[{\"@type\":\"WebPage\",\"@id\":\"https:\/\/maxani.nl\/product\/maxani-regular-mousse\/\",\"url\":\"https:\/\/maxani.nl\/product\/maxani-regular-mousse\/\",\"name\":\"Maxani Regular Mousse - Maxani Animal Healthcare BV\",\"isPartOf\":{\"@id\":\"https:\/\/maxani.nl\/#website\"},\"primaryImageOfPage\":{\"@id\":\"https:\/\/maxani.nl\/product\/maxani-regular-mousse\/#primaryimage\"},\"image\":{\"@id\":\"https:\/\/maxani.nl\/product\/maxani-regular-mousse\/#primaryimage\"},\"thumbnailUrl\":\"https:\/\/maxani.nl\/wp-content\/uploads\/2023\/01\/Maxani-Regular-mousse-150ml.jpg\",\"datePublished\":\"2022-02-23T19:29:42+00:00\",\"dateModified\":\"2026-01-05T08:36:02+00:00\",\"breadcrumb\":{\"@id\":\"https:\/\/maxani.nl\/product\/maxani-regular-mousse\/#breadcrumb\"},\"inLanguage\":\"es\",\"potentialAction\":[{\"@type\":\"ReadAction\",\"target\":[\"https:\/\/maxani.nl\/product\/maxani-regular-mousse\/\"]}]},{\"@type\":\"ImageObject\",\"inLanguage\":\"es\",\"@id\":\"https:\/\/maxani.nl\/product\/maxani-regular-mousse\/#primaryimage\",\"url\":\"https:\/\/maxani.nl\/wp-content\/uploads\/2023\/01\/Maxani-Regular-mousse-150ml.jpg\",\"contentUrl\":\"https:\/\/maxani.nl\/wp-content\/uploads\/2023\/01\/Maxani-Regular-mousse-150ml.jpg\",\"width\":1080,\"height\":1080},{\"@type\":\"BreadcrumbList\",\"@id\":\"https:\/\/maxani.nl\/product\/maxani-regular-mousse\/#breadcrumb\",\"itemListElement\":[{\"@type\":\"ListItem\",\"position\":1,\"name\":\"Home\",\"item\":\"https:\/\/maxani.nl\/\"},{\"@type\":\"ListItem\",\"position\":2,\"name\":\"Webshop\",\"item\":\"https:\/\/maxani.nl\/webshop\/\"},{\"@type\":\"ListItem\",\"position\":3,\"name\":\"Maxani Regular Mousse\"}]},{\"@type\":\"WebSite\",\"@id\":\"https:\/\/maxani.nl\/#website\",\"url\":\"https:\/\/maxani.nl\/\",\"name\":\"Maxani Animal Healthcare BV\",\"description\":\"Uw partner in veterinaire dermatologie\",\"potentialAction\":[{\"@type\":\"SearchAction\",\"target\":{\"@type\":\"EntryPoint\",\"urlTemplate\":\"https:\/\/maxani.nl\/?s={search_term_string}\"},\"query-input\":{\"@type\":\"PropertyValueSpecification\",\"valueRequired\":true,\"valueName\":\"search_term_string\"}}],\"inLanguage\":\"es\"}]}<\/script>\n<!-- \/ Yoast SEO plugin. -->","yoast_head_json":{"title":"Maxani Regular Mousse - Maxani Animal Healthcare BV","robots":{"index":"index","follow":"follow","max-snippet":"max-snippet:-1","max-image-preview":"max-image-preview:large","max-video-preview":"max-video-preview:-1"},"canonical":"https:\/\/maxani.nl\/es\/producto\/maxani-regular-mousse\/","og_locale":"es_ES","og_type":"article","og_title":"Maxani Regular Mousse - Maxani Animal Healthcare BV","og_description":"Reinigt effectief de vieze en stinkende vacht zonder water. Door de toevoeging van \u00a0Sinodor\u00ae worden vieze geuren niet gemaskeerd, maar grondig verwijderd. Door de uitgekiende samenstelling van hyaluronzuur, ceramiden, ureum, panthenol en kamille wordt de huid tot diep in de huidbarriere gevoed en verzorgt.","og_url":"https:\/\/maxani.nl\/es\/producto\/maxani-regular-mousse\/","og_site_name":"Maxani Animal Healthcare BV","article_modified_time":"2026-01-05T08:36:02+00:00","og_image":[{"width":1080,"height":1080,"url":"https:\/\/maxani.nl\/wp-content\/uploads\/2023\/01\/Maxani-Regular-mousse-150ml.jpg","type":"image\/jpeg"}],"twitter_card":"summary_large_image","twitter_misc":{"Tiempo de lectura":"2 minutos"},"schema":{"@context":"https:\/\/schema.org","@graph":[{"@type":"WebPage","@id":"https:\/\/maxani.nl\/product\/maxani-regular-mousse\/","url":"https:\/\/maxani.nl\/product\/maxani-regular-mousse\/","name":"Maxani Regular Mousse - Maxani Animal Healthcare BV","isPartOf":{"@id":"https:\/\/maxani.nl\/#website"},"primaryImageOfPage":{"@id":"https:\/\/maxani.nl\/product\/maxani-regular-mousse\/#primaryimage"},"image":{"@id":"https:\/\/maxani.nl\/product\/maxani-regular-mousse\/#primaryimage"},"thumbnailUrl":"https:\/\/maxani.nl\/wp-content\/uploads\/2023\/01\/Maxani-Regular-mousse-150ml.jpg","datePublished":"2022-02-23T19:29:42+00:00","dateModified":"2026-01-05T08:36:02+00:00","breadcrumb":{"@id":"https:\/\/maxani.nl\/product\/maxani-regular-mousse\/#breadcrumb"},"inLanguage":"es","potentialAction":[{"@type":"ReadAction","target":["https:\/\/maxani.nl\/product\/maxani-regular-mousse\/"]}]},{"@type":"ImageObject","inLanguage":"es","@id":"https:\/\/maxani.nl\/product\/maxani-regular-mousse\/#primaryimage","url":"https:\/\/maxani.nl\/wp-content\/uploads\/2023\/01\/Maxani-Regular-mousse-150ml.jpg","contentUrl":"https:\/\/maxani.nl\/wp-content\/uploads\/2023\/01\/Maxani-Regular-mousse-150ml.jpg","width":1080,"height":1080},{"@type":"BreadcrumbList","@id":"https:\/\/maxani.nl\/product\/maxani-regular-mousse\/#breadcrumb","itemListElement":[{"@type":"ListItem","position":1,"name":"Home","item":"https:\/\/maxani.nl\/"},{"@type":"ListItem","position":2,"name":"Webshop","item":"https:\/\/maxani.nl\/webshop\/"},{"@type":"ListItem","position":3,"name":"Maxani Regular Mousse"}]},{"@type":"WebSite","@id":"https:\/\/maxani.nl\/#website","url":"https:\/\/maxani.nl\/","name":"Maxani Animal Healthcare BV","description":"Su socio en dermatolog\u00eda veterinaria","potentialAction":[{"@type":"SearchAction","target":{"@type":"EntryPoint","urlTemplate":"https:\/\/maxani.nl\/?s={search_term_string}"},"query-input":{"@type":"PropertyValueSpecification","valueRequired":true,"valueName":"search_term_string"}}],"inLanguage":"es"}]}},"jetpack_sharing_enabled":true,"_links":{"self":[{"href":"https:\/\/maxani.nl\/es\/wp-json\/wp\/v2\/product\/9843","targetHints":{"allow":["GET"]}}],"collection":[{"href":"https:\/\/maxani.nl\/es\/wp-json\/wp\/v2\/product"}],"about":[{"href":"https:\/\/maxani.nl\/es\/wp-json\/wp\/v2\/types\/product"}],"wp:featuredmedia":[{"embeddable":true,"href":"https:\/\/maxani.nl\/es\/wp-json\/wp\/v2\/media\/11950"}],"wp:attachment":[{"href":"https:\/\/maxani.nl\/es\/wp-json\/wp\/v2\/media?parent=9843"}],"wp:term":[{"taxonomy":"product_brand","embeddable":true,"href":"https:\/\/maxani.nl\/es\/wp-json\/wp\/v2\/product_brand?post=9843"},{"taxonomy":"product_cat","embeddable":true,"href":"https:\/\/maxani.nl\/es\/wp-json\/wp\/v2\/product_cat?post=9843"},{"taxonomy":"product_tag","embeddable":true,"href":"https:\/\/maxani.nl\/es\/wp-json\/wp\/v2\/product_tag?post=9843"}],"curies":[{"name":"wp","href":"https:\/\/api.w.org\/{rel}","templated":true}]}}