{"id":9202,"date":"2021-11-28T00:40:33","date_gmt":"2021-11-28T00:40:33","guid":{"rendered":"https:\/\/maxani.nl\/?post_type=product&#038;p=9202"},"modified":"2026-01-05T08:20:59","modified_gmt":"2026-01-05T08:20:59","slug":"pyomax-spray","status":"publish","type":"product","link":"https:\/\/maxani.nl\/es\/producto\/pyomax-spray\/","title":{"rendered":"Spray para la piel PyoMax"},"content":{"rendered":"<p>Spray purificante de la piel para apoyar la terapia con champ\u00fa o para utilizar en zonas localizadas.<\/p>\n<p>La l\u00ednea PyoMax ha sido especialmente desarrollada para purificar eficazmente la piel y favorecer su recuperaci\u00f3n de una flora cut\u00e1nea equilibrada, sin resecar a\u00fan m\u00e1s la piel. Principalmente en perros, las infecciones secundarias causadas por <em>estafilococo pseudintermedius <\/em>y <em>Malassezi<\/em>un problema habitual en los consultorios.<\/p>\n<span class=\"wppb-content-restriction-message\"><p data-opacity=\"0.5\">Debe iniciar sesi\u00f3n para obtener m\u00e1s informaci\u00f3n<\/p>\n<\/span>","protected":false},"excerpt":{"rendered":"<p>Spray purificante de la piel para apoyar la terapia con champ\u00fa o para utilizar en zonas localizadas.<\/p>\n<p>La l\u00ednea PyoMax ha sido especialmente desarrollada para purificar eficazmente la piel y favorecer su recuperaci\u00f3n de una flora cut\u00e1nea equilibrada, sin resecar a\u00fan m\u00e1s la piel. Principalmente en perros, las infecciones secundarias causadas por <em>estafilococo pseudintermedius <\/em>y <em>Malassezi<\/em>un problema habitual en los consultorios.<\/p>\n<span class=\"wppb-shortcode-restriction-message\"> <\/span>","protected":false},"featured_media":11947,"template":"","meta":[],"product_brand":[],"product_cat":[15,29,36],"product_tag":[198,200,150,199],"class_list":{"0":"post-9202","1":"product","2":"type-product","3":"status-publish","4":"has-post-thumbnail","6":"product_cat-alle-producten","7":"product_cat-maxani","8":"product_cat-pyodermie","9":"product_tag-198","10":"product_tag-malassezia","11":"product_tag-pyodermie","12":"product_tag-spray","14":"first","15":"instock","16":"taxable","17":"shipping-taxable","18":"product-type-simple"},"yoast_head":"<!-- This site is optimized with the Yoast SEO plugin v27.1.1 - https:\/\/yoast.com\/product\/yoast-seo-wordpress\/ -->\n<title>PyoMax skin spray - Maxani Animal Healthcare BV<\/title>\n<meta name=\"robots\" content=\"index, follow, max-snippet:-1, max-image-preview:large, max-video-preview:-1\" \/>\n<link rel=\"canonical\" href=\"https:\/\/maxani.nl\/es\/producto\/pyomax-spray\/\" \/>\n<meta property=\"og:locale\" content=\"es_ES\" \/>\n<meta property=\"og:type\" content=\"article\" \/>\n<meta property=\"og:title\" content=\"PyoMax skin spray - Maxani Animal Healthcare BV\" \/>\n<meta property=\"og:description\" content=\"Zuiverende huidspray om de shampootherapie te ondersteunen of om te gebruiken op lokale plekken.  De PyoMax-lijn is speciaal ontwikkeld om de huid effectief te zuiveren en zo het herstel naar een evenwichtige huidflora te ondersteunen, zonder de huid verder uit te drogen. Voornamelijk bij honden zijn secundaire infecties door staphylococcus pseudintermedius en Malassezia een veel voorkomend probleem in de praktijken.\" \/>\n<meta property=\"og:url\" content=\"https:\/\/maxani.nl\/es\/producto\/pyomax-spray\/\" \/>\n<meta property=\"og:site_name\" content=\"Maxani Animal Healthcare BV\" \/>\n<meta property=\"article:modified_time\" content=\"2026-01-05T08:20:59+00:00\" \/>\n<meta property=\"og:image\" content=\"https:\/\/maxani.nl\/wp-content\/uploads\/2023\/01\/Maxani-Pyomax-spray-200ml.jpg\" \/>\n\t<meta property=\"og:image:width\" content=\"1080\" \/>\n\t<meta property=\"og:image:height\" content=\"1080\" \/>\n\t<meta property=\"og:image:type\" content=\"image\/jpeg\" \/>\n<meta name=\"twitter:card\" content=\"summary_large_image\" \/>\n<meta name=\"twitter:label1\" content=\"Tiempo de lectura\" \/>\n\t<meta name=\"twitter:data1\" content=\"2 minutos\" \/>\n<script type=\"application\/ld+json\" class=\"yoast-schema-graph\">{\"@context\":\"https:\/\/schema.org\",\"@graph\":[{\"@type\":\"WebPage\",\"@id\":\"https:\/\/maxani.nl\/product\/pyomax-spray\/\",\"url\":\"https:\/\/maxani.nl\/product\/pyomax-spray\/\",\"name\":\"PyoMax skin spray - Maxani Animal Healthcare BV\",\"isPartOf\":{\"@id\":\"https:\/\/maxani.nl\/#website\"},\"primaryImageOfPage\":{\"@id\":\"https:\/\/maxani.nl\/product\/pyomax-spray\/#primaryimage\"},\"image\":{\"@id\":\"https:\/\/maxani.nl\/product\/pyomax-spray\/#primaryimage\"},\"thumbnailUrl\":\"https:\/\/maxani.nl\/wp-content\/uploads\/2023\/01\/Maxani-Pyomax-spray-200ml.jpg\",\"datePublished\":\"2021-11-28T00:40:33+00:00\",\"dateModified\":\"2026-01-05T08:20:59+00:00\",\"breadcrumb\":{\"@id\":\"https:\/\/maxani.nl\/product\/pyomax-spray\/#breadcrumb\"},\"inLanguage\":\"es\",\"potentialAction\":[{\"@type\":\"ReadAction\",\"target\":[\"https:\/\/maxani.nl\/product\/pyomax-spray\/\"]}]},{\"@type\":\"ImageObject\",\"inLanguage\":\"es\",\"@id\":\"https:\/\/maxani.nl\/product\/pyomax-spray\/#primaryimage\",\"url\":\"https:\/\/maxani.nl\/wp-content\/uploads\/2023\/01\/Maxani-Pyomax-spray-200ml.jpg\",\"contentUrl\":\"https:\/\/maxani.nl\/wp-content\/uploads\/2023\/01\/Maxani-Pyomax-spray-200ml.jpg\",\"width\":1080,\"height\":1080},{\"@type\":\"BreadcrumbList\",\"@id\":\"https:\/\/maxani.nl\/product\/pyomax-spray\/#breadcrumb\",\"itemListElement\":[{\"@type\":\"ListItem\",\"position\":1,\"name\":\"Home\",\"item\":\"https:\/\/maxani.nl\/\"},{\"@type\":\"ListItem\",\"position\":2,\"name\":\"Webshop\",\"item\":\"https:\/\/maxani.nl\/webshop\/\"},{\"@type\":\"ListItem\",\"position\":3,\"name\":\"PyoMax skin spray\"}]},{\"@type\":\"WebSite\",\"@id\":\"https:\/\/maxani.nl\/#website\",\"url\":\"https:\/\/maxani.nl\/\",\"name\":\"Maxani Animal Healthcare BV\",\"description\":\"Uw partner in veterinaire dermatologie\",\"potentialAction\":[{\"@type\":\"SearchAction\",\"target\":{\"@type\":\"EntryPoint\",\"urlTemplate\":\"https:\/\/maxani.nl\/?s={search_term_string}\"},\"query-input\":{\"@type\":\"PropertyValueSpecification\",\"valueRequired\":true,\"valueName\":\"search_term_string\"}}],\"inLanguage\":\"es\"}]}<\/script>\n<!-- \/ Yoast SEO plugin. -->","yoast_head_json":{"title":"PyoMax skin spray - Maxani Animal Healthcare BV","robots":{"index":"index","follow":"follow","max-snippet":"max-snippet:-1","max-image-preview":"max-image-preview:large","max-video-preview":"max-video-preview:-1"},"canonical":"https:\/\/maxani.nl\/es\/producto\/pyomax-spray\/","og_locale":"es_ES","og_type":"article","og_title":"PyoMax skin spray - Maxani Animal Healthcare BV","og_description":"Zuiverende huidspray om de shampootherapie te ondersteunen of om te gebruiken op lokale plekken.  De PyoMax-lijn is speciaal ontwikkeld om de huid effectief te zuiveren en zo het herstel naar een evenwichtige huidflora te ondersteunen, zonder de huid verder uit te drogen. Voornamelijk bij honden zijn secundaire infecties door staphylococcus pseudintermedius en Malassezia een veel voorkomend probleem in de praktijken.","og_url":"https:\/\/maxani.nl\/es\/producto\/pyomax-spray\/","og_site_name":"Maxani Animal Healthcare BV","article_modified_time":"2026-01-05T08:20:59+00:00","og_image":[{"width":1080,"height":1080,"url":"https:\/\/maxani.nl\/wp-content\/uploads\/2023\/01\/Maxani-Pyomax-spray-200ml.jpg","type":"image\/jpeg"}],"twitter_card":"summary_large_image","twitter_misc":{"Tiempo de lectura":"2 minutos"},"schema":{"@context":"https:\/\/schema.org","@graph":[{"@type":"WebPage","@id":"https:\/\/maxani.nl\/product\/pyomax-spray\/","url":"https:\/\/maxani.nl\/product\/pyomax-spray\/","name":"PyoMax skin spray - Maxani Animal Healthcare BV","isPartOf":{"@id":"https:\/\/maxani.nl\/#website"},"primaryImageOfPage":{"@id":"https:\/\/maxani.nl\/product\/pyomax-spray\/#primaryimage"},"image":{"@id":"https:\/\/maxani.nl\/product\/pyomax-spray\/#primaryimage"},"thumbnailUrl":"https:\/\/maxani.nl\/wp-content\/uploads\/2023\/01\/Maxani-Pyomax-spray-200ml.jpg","datePublished":"2021-11-28T00:40:33+00:00","dateModified":"2026-01-05T08:20:59+00:00","breadcrumb":{"@id":"https:\/\/maxani.nl\/product\/pyomax-spray\/#breadcrumb"},"inLanguage":"es","potentialAction":[{"@type":"ReadAction","target":["https:\/\/maxani.nl\/product\/pyomax-spray\/"]}]},{"@type":"ImageObject","inLanguage":"es","@id":"https:\/\/maxani.nl\/product\/pyomax-spray\/#primaryimage","url":"https:\/\/maxani.nl\/wp-content\/uploads\/2023\/01\/Maxani-Pyomax-spray-200ml.jpg","contentUrl":"https:\/\/maxani.nl\/wp-content\/uploads\/2023\/01\/Maxani-Pyomax-spray-200ml.jpg","width":1080,"height":1080},{"@type":"BreadcrumbList","@id":"https:\/\/maxani.nl\/product\/pyomax-spray\/#breadcrumb","itemListElement":[{"@type":"ListItem","position":1,"name":"Home","item":"https:\/\/maxani.nl\/"},{"@type":"ListItem","position":2,"name":"Webshop","item":"https:\/\/maxani.nl\/webshop\/"},{"@type":"ListItem","position":3,"name":"PyoMax skin spray"}]},{"@type":"WebSite","@id":"https:\/\/maxani.nl\/#website","url":"https:\/\/maxani.nl\/","name":"Maxani Animal Healthcare BV","description":"Su socio en dermatolog\u00eda veterinaria","potentialAction":[{"@type":"SearchAction","target":{"@type":"EntryPoint","urlTemplate":"https:\/\/maxani.nl\/?s={search_term_string}"},"query-input":{"@type":"PropertyValueSpecification","valueRequired":true,"valueName":"search_term_string"}}],"inLanguage":"es"}]}},"jetpack_sharing_enabled":true,"_links":{"self":[{"href":"https:\/\/maxani.nl\/es\/wp-json\/wp\/v2\/product\/9202","targetHints":{"allow":["GET"]}}],"collection":[{"href":"https:\/\/maxani.nl\/es\/wp-json\/wp\/v2\/product"}],"about":[{"href":"https:\/\/maxani.nl\/es\/wp-json\/wp\/v2\/types\/product"}],"wp:featuredmedia":[{"embeddable":true,"href":"https:\/\/maxani.nl\/es\/wp-json\/wp\/v2\/media\/11947"}],"wp:attachment":[{"href":"https:\/\/maxani.nl\/es\/wp-json\/wp\/v2\/media?parent=9202"}],"wp:term":[{"taxonomy":"product_brand","embeddable":true,"href":"https:\/\/maxani.nl\/es\/wp-json\/wp\/v2\/product_brand?post=9202"},{"taxonomy":"product_cat","embeddable":true,"href":"https:\/\/maxani.nl\/es\/wp-json\/wp\/v2\/product_cat?post=9202"},{"taxonomy":"product_tag","embeddable":true,"href":"https:\/\/maxani.nl\/es\/wp-json\/wp\/v2\/product_tag?post=9202"}],"curies":[{"name":"wp","href":"https:\/\/api.w.org\/{rel}","templated":true}]}}