{"id":9195,"date":"2021-11-28T00:23:04","date_gmt":"2021-11-28T00:23:04","guid":{"rendered":"https:\/\/maxani.nl\/?post_type=product&#038;p=9195"},"modified":"2026-01-05T08:21:47","modified_gmt":"2026-01-05T08:21:47","slug":"maxani-pyomax-brush","status":"publish","type":"product","link":"https:\/\/maxani.nl\/es\/producto\/maxani-pyomax-brush\/","title":{"rendered":"Cepillo PyoMax"},"content":{"rendered":"<h2>CEPILLO PYOMAX<\/h2>\n<p>Purifica las u\u00f1as, las cut\u00edculas y la piel entre los dedos o en los pliegues cut\u00e1neos de bacterias y Malassezia. Ayuda a restablecer el equilibrio de la flora cut\u00e1nea.<\/p>\n<p>Util\u00edcelo en pieles sensibles, enrojecidas, malolientes y\/o grasas de dif\u00edcil acceso.<\/p>\n<p>La l\u00ednea PyoMax ha sido especialmente desarrollada para purificar eficazmente la piel y favorecer su recuperaci\u00f3n de una flora cut\u00e1nea equilibrada, sin resecar a\u00fan m\u00e1s la piel. Principalmente en perros, las infecciones secundarias causadas por <em>estafilococo pseudintermedius <\/em>y <em>Malassezi<\/em>un problema habitual en los consultorios.<\/p>\n<p><strong>Utilice<\/strong><\/p>\n<p>Para obtener resultados \u00f3ptimos, se recomienda aplicar Pyo Brush PyoMax una vez por la ma\u00f1ana y otra por la noche.<\/p>\n<p>Aplicar una peque\u00f1a cantidad del producto sobre la piel afectada y masajear suavemente.<\/p>\n<p>Conc\u00e9ntrese especialmente en las zonas con u\u00f1as, cut\u00edculas y entre los dedos de los pies.<\/p>\n<p>Deje que el producto se absorba y no lo aclare.<\/p>\n<p>Las terapias actuales suelen centrarse en el lavado con champ\u00fa. Los productos para tratar localmente tambi\u00e9n se utilizan cada vez m\u00e1s como complemento o alternativa al lavado. Por ello, la l\u00ednea PyoMax incluye un champ\u00fa para la piel, as\u00ed como una espuma y un spray para la piel. Tambi\u00e9n hemos desarrollado un producto \u00fanico, el cepillo PyoMax, que puede utilizarse muy f\u00e1cilmente para las zonas de dif\u00edcil acceso (peque\u00f1as), como debajo de la cut\u00edcula.<\/p>\n<span class=\"wppb-content-restriction-message\"><p data-opacity=\"0.5\">Debe iniciar sesi\u00f3n para obtener m\u00e1s informaci\u00f3n<\/p>\n<\/span>","protected":false},"excerpt":{"rendered":"<p>Purifica las u\u00f1as, las cut\u00edculas y la piel entre los dedos o en los pliegues cut\u00e1neos de bacterias y Malassezia. Ayuda a restablecer el equilibrio de la flora cut\u00e1nea.<\/p>\n<span class=\"wppb-shortcode-restriction-message\"> <\/span>","protected":false},"featured_media":11935,"template":"","meta":[],"product_brand":[],"product_cat":[15,29,36],"product_tag":[207,208,205,200,209,150],"class_list":{"0":"post-9195","1":"product","2":"type-product","3":"status-publish","4":"has-post-thumbnail","6":"product_cat-alle-producten","7":"product_cat-maxani","8":"product_cat-pyodermie","9":"product_tag-207","10":"product_tag-brush","11":"product_tag-infectie","12":"product_tag-malassezia","13":"product_tag-nagelriem","14":"product_tag-pyodermie","16":"first","17":"instock","18":"taxable","19":"shipping-taxable","20":"product-type-simple"},"yoast_head":"<!-- This site is optimized with the Yoast SEO plugin v27.1.1 - https:\/\/yoast.com\/product\/yoast-seo-wordpress\/ -->\n<title>PyoMax brush - Maxani Animal Healthcare BV<\/title>\n<meta name=\"robots\" content=\"index, follow, max-snippet:-1, max-image-preview:large, max-video-preview:-1\" \/>\n<link rel=\"canonical\" href=\"https:\/\/maxani.nl\/es\/producto\/maxani-pyomax-brush\/\" \/>\n<meta property=\"og:locale\" content=\"es_ES\" \/>\n<meta property=\"og:type\" content=\"article\" \/>\n<meta property=\"og:title\" content=\"PyoMax brush - Maxani Animal Healthcare BV\" \/>\n<meta property=\"og:description\" content=\"Zuivert de nagels, nagelriemen en huid tussen de teentjes of in de huidplooien van bacteri\u00ebn en Malassezia. Draagt bij aan het herstel naar een evenwichtige huidflora.\" \/>\n<meta property=\"og:url\" content=\"https:\/\/maxani.nl\/es\/producto\/maxani-pyomax-brush\/\" \/>\n<meta property=\"og:site_name\" content=\"Maxani Animal Healthcare BV\" \/>\n<meta property=\"article:modified_time\" content=\"2026-01-05T08:21:47+00:00\" \/>\n<meta property=\"og:image\" content=\"https:\/\/maxani.nl\/wp-content\/uploads\/2023\/01\/Maxani-Pyomax-brush-12ml.jpg\" \/>\n\t<meta property=\"og:image:width\" content=\"1080\" \/>\n\t<meta property=\"og:image:height\" content=\"1080\" \/>\n\t<meta property=\"og:image:type\" content=\"image\/jpeg\" \/>\n<meta name=\"twitter:card\" content=\"summary_large_image\" \/>\n<meta name=\"twitter:label1\" content=\"Tiempo de lectura\" \/>\n\t<meta name=\"twitter:data1\" content=\"3 minutos\" \/>\n<script type=\"application\/ld+json\" class=\"yoast-schema-graph\">{\"@context\":\"https:\/\/schema.org\",\"@graph\":[{\"@type\":\"WebPage\",\"@id\":\"https:\/\/maxani.nl\/product\/maxani-pyomax-brush\/\",\"url\":\"https:\/\/maxani.nl\/product\/maxani-pyomax-brush\/\",\"name\":\"PyoMax brush - Maxani Animal Healthcare BV\",\"isPartOf\":{\"@id\":\"https:\/\/maxani.nl\/#website\"},\"primaryImageOfPage\":{\"@id\":\"https:\/\/maxani.nl\/product\/maxani-pyomax-brush\/#primaryimage\"},\"image\":{\"@id\":\"https:\/\/maxani.nl\/product\/maxani-pyomax-brush\/#primaryimage\"},\"thumbnailUrl\":\"https:\/\/maxani.nl\/wp-content\/uploads\/2023\/01\/Maxani-Pyomax-brush-12ml.jpg\",\"datePublished\":\"2021-11-28T00:23:04+00:00\",\"dateModified\":\"2026-01-05T08:21:47+00:00\",\"breadcrumb\":{\"@id\":\"https:\/\/maxani.nl\/product\/maxani-pyomax-brush\/#breadcrumb\"},\"inLanguage\":\"es\",\"potentialAction\":[{\"@type\":\"ReadAction\",\"target\":[\"https:\/\/maxani.nl\/product\/maxani-pyomax-brush\/\"]}]},{\"@type\":\"ImageObject\",\"inLanguage\":\"es\",\"@id\":\"https:\/\/maxani.nl\/product\/maxani-pyomax-brush\/#primaryimage\",\"url\":\"https:\/\/maxani.nl\/wp-content\/uploads\/2023\/01\/Maxani-Pyomax-brush-12ml.jpg\",\"contentUrl\":\"https:\/\/maxani.nl\/wp-content\/uploads\/2023\/01\/Maxani-Pyomax-brush-12ml.jpg\",\"width\":1080,\"height\":1080},{\"@type\":\"BreadcrumbList\",\"@id\":\"https:\/\/maxani.nl\/product\/maxani-pyomax-brush\/#breadcrumb\",\"itemListElement\":[{\"@type\":\"ListItem\",\"position\":1,\"name\":\"Home\",\"item\":\"https:\/\/maxani.nl\/\"},{\"@type\":\"ListItem\",\"position\":2,\"name\":\"Webshop\",\"item\":\"https:\/\/maxani.nl\/webshop\/\"},{\"@type\":\"ListItem\",\"position\":3,\"name\":\"PyoMax brush\"}]},{\"@type\":\"WebSite\",\"@id\":\"https:\/\/maxani.nl\/#website\",\"url\":\"https:\/\/maxani.nl\/\",\"name\":\"Maxani Animal Healthcare BV\",\"description\":\"Uw partner in veterinaire dermatologie\",\"potentialAction\":[{\"@type\":\"SearchAction\",\"target\":{\"@type\":\"EntryPoint\",\"urlTemplate\":\"https:\/\/maxani.nl\/?s={search_term_string}\"},\"query-input\":{\"@type\":\"PropertyValueSpecification\",\"valueRequired\":true,\"valueName\":\"search_term_string\"}}],\"inLanguage\":\"es\"}]}<\/script>\n<!-- \/ Yoast SEO plugin. -->","yoast_head_json":{"title":"PyoMax brush - Maxani Animal Healthcare BV","robots":{"index":"index","follow":"follow","max-snippet":"max-snippet:-1","max-image-preview":"max-image-preview:large","max-video-preview":"max-video-preview:-1"},"canonical":"https:\/\/maxani.nl\/es\/producto\/maxani-pyomax-brush\/","og_locale":"es_ES","og_type":"article","og_title":"PyoMax brush - Maxani Animal Healthcare BV","og_description":"Zuivert de nagels, nagelriemen en huid tussen de teentjes of in de huidplooien van bacteri\u00ebn en Malassezia. Draagt bij aan het herstel naar een evenwichtige huidflora.","og_url":"https:\/\/maxani.nl\/es\/producto\/maxani-pyomax-brush\/","og_site_name":"Maxani Animal Healthcare BV","article_modified_time":"2026-01-05T08:21:47+00:00","og_image":[{"width":1080,"height":1080,"url":"https:\/\/maxani.nl\/wp-content\/uploads\/2023\/01\/Maxani-Pyomax-brush-12ml.jpg","type":"image\/jpeg"}],"twitter_card":"summary_large_image","twitter_misc":{"Tiempo de lectura":"3 minutos"},"schema":{"@context":"https:\/\/schema.org","@graph":[{"@type":"WebPage","@id":"https:\/\/maxani.nl\/product\/maxani-pyomax-brush\/","url":"https:\/\/maxani.nl\/product\/maxani-pyomax-brush\/","name":"PyoMax brush - Maxani Animal Healthcare BV","isPartOf":{"@id":"https:\/\/maxani.nl\/#website"},"primaryImageOfPage":{"@id":"https:\/\/maxani.nl\/product\/maxani-pyomax-brush\/#primaryimage"},"image":{"@id":"https:\/\/maxani.nl\/product\/maxani-pyomax-brush\/#primaryimage"},"thumbnailUrl":"https:\/\/maxani.nl\/wp-content\/uploads\/2023\/01\/Maxani-Pyomax-brush-12ml.jpg","datePublished":"2021-11-28T00:23:04+00:00","dateModified":"2026-01-05T08:21:47+00:00","breadcrumb":{"@id":"https:\/\/maxani.nl\/product\/maxani-pyomax-brush\/#breadcrumb"},"inLanguage":"es","potentialAction":[{"@type":"ReadAction","target":["https:\/\/maxani.nl\/product\/maxani-pyomax-brush\/"]}]},{"@type":"ImageObject","inLanguage":"es","@id":"https:\/\/maxani.nl\/product\/maxani-pyomax-brush\/#primaryimage","url":"https:\/\/maxani.nl\/wp-content\/uploads\/2023\/01\/Maxani-Pyomax-brush-12ml.jpg","contentUrl":"https:\/\/maxani.nl\/wp-content\/uploads\/2023\/01\/Maxani-Pyomax-brush-12ml.jpg","width":1080,"height":1080},{"@type":"BreadcrumbList","@id":"https:\/\/maxani.nl\/product\/maxani-pyomax-brush\/#breadcrumb","itemListElement":[{"@type":"ListItem","position":1,"name":"Home","item":"https:\/\/maxani.nl\/"},{"@type":"ListItem","position":2,"name":"Webshop","item":"https:\/\/maxani.nl\/webshop\/"},{"@type":"ListItem","position":3,"name":"PyoMax brush"}]},{"@type":"WebSite","@id":"https:\/\/maxani.nl\/#website","url":"https:\/\/maxani.nl\/","name":"Maxani Animal Healthcare BV","description":"Su socio en dermatolog\u00eda veterinaria","potentialAction":[{"@type":"SearchAction","target":{"@type":"EntryPoint","urlTemplate":"https:\/\/maxani.nl\/?s={search_term_string}"},"query-input":{"@type":"PropertyValueSpecification","valueRequired":true,"valueName":"search_term_string"}}],"inLanguage":"es"}]}},"jetpack_sharing_enabled":true,"_links":{"self":[{"href":"https:\/\/maxani.nl\/es\/wp-json\/wp\/v2\/product\/9195","targetHints":{"allow":["GET"]}}],"collection":[{"href":"https:\/\/maxani.nl\/es\/wp-json\/wp\/v2\/product"}],"about":[{"href":"https:\/\/maxani.nl\/es\/wp-json\/wp\/v2\/types\/product"}],"wp:featuredmedia":[{"embeddable":true,"href":"https:\/\/maxani.nl\/es\/wp-json\/wp\/v2\/media\/11935"}],"wp:attachment":[{"href":"https:\/\/maxani.nl\/es\/wp-json\/wp\/v2\/media?parent=9195"}],"wp:term":[{"taxonomy":"product_brand","embeddable":true,"href":"https:\/\/maxani.nl\/es\/wp-json\/wp\/v2\/product_brand?post=9195"},{"taxonomy":"product_cat","embeddable":true,"href":"https:\/\/maxani.nl\/es\/wp-json\/wp\/v2\/product_cat?post=9195"},{"taxonomy":"product_tag","embeddable":true,"href":"https:\/\/maxani.nl\/es\/wp-json\/wp\/v2\/product_tag?post=9195"}],"curies":[{"name":"wp","href":"https:\/\/api.w.org\/{rel}","templated":true}]}}