{"id":9143,"date":"2021-11-16T14:44:45","date_gmt":"2021-11-16T14:44:45","guid":{"rendered":"https:\/\/maxani.nl\/?post_type=product&#038;p=9143"},"modified":"2026-01-05T08:35:08","modified_gmt":"2026-01-05T08:35:08","slug":"maxani-regular-wipes-met-hyaluronzuur","status":"publish","type":"product","link":"https:\/\/maxani.nl\/es\/producto\/maxani-regular-wipes-met-hyaluronzuur\/","title":{"rendered":"Toallitas Maxani Regular, con \u00e1cido hialur\u00f3nico"},"content":{"rendered":"<p>Toallitas h\u00famedas limpiadoras, hidratantes y nutritivas para una limpieza r\u00e1pida y eficaz de, por ejemplo, pabellones auriculares, patas, asiento y alrededor de la boca. Las zonas irritadas y de dif\u00edcil acceso, como entre los dedos de los pies o en los pliegues de la piel y los labios, pueden cuidarse con estas toallitas suaves y nutritivas Regular despu\u00e9s del tratamiento con, por ejemplo, toallitas con clorhexidina. Muy adecuadas para pieles sensibles gracias a su f\u00f3rmula sin alcohol e intensamente nutritiva. El \u00e1cido hialur\u00f3nico, el aloe vera y la vitamina E calman, hidratan y cuidan intensamente la piel.<\/p>\n<p><strong>Utilice<br \/>\n<\/strong>Las toallitas normales son para uso externo. Utilice estas toallitas h\u00famedas para limpiar suavemente y refrescar las \u00e1reas designadas.<\/p>\n<p>Las toallitas son biodegradables.<\/p>\n<span class=\"wppb-content-restriction-message\"><p data-opacity=\"0.5\">Debe iniciar sesi\u00f3n para obtener m\u00e1s informaci\u00f3n<\/p>\n<\/span>","protected":false},"excerpt":{"rendered":"<p>Toallitas h\u00famedas limpiadoras, hidratantes y nutritivas para una limpieza r\u00e1pida y eficaz de, por ejemplo, pabellones auriculares, patas, asiento y alrededor de la boca. Las zonas irritadas y de dif\u00edcil acceso, como entre los dedos de los pies o en los pliegues de la piel y los labios, pueden cuidarse con estas toallitas suaves y nutritivas Regular despu\u00e9s del tratamiento con, por ejemplo, toallitas con clorhexidina. Muy adecuadas para pieles sensibles gracias a su f\u00f3rmula sin alcohol e intensamente nutritiva. El \u00e1cido hialur\u00f3nico, el aloe vera y la vitamina E calman, hidratan y cuidan intensamente la piel.<\/p>\n<p>Las toallitas son biodegradables.<\/p>\n<span class=\"wppb-shortcode-restriction-message\"> <\/span>","protected":false},"featured_media":11959,"template":"","meta":[],"product_brand":[],"product_cat":[15,29,63,35],"product_tag":[220,75,76],"class_list":{"0":"post-9143","1":"product","2":"type-product","3":"status-publish","4":"has-post-thumbnail","6":"product_cat-alle-producten","7":"product_cat-maxani","8":"product_cat-oog","9":"product_cat-regular","10":"product_tag-220","11":"product_tag-regular","12":"product_tag-wipes","14":"first","15":"instock","16":"taxable","17":"shipping-taxable","18":"product-type-simple"},"yoast_head":"<!-- This site is optimized with the Yoast SEO plugin v27.1.1 - https:\/\/yoast.com\/product\/yoast-seo-wordpress\/ -->\n<title>Maxani Regular wipes, met hyaluronzuur - Maxani Animal Healthcare BV<\/title>\n<meta name=\"robots\" content=\"index, follow, max-snippet:-1, max-image-preview:large, max-video-preview:-1\" \/>\n<link rel=\"canonical\" href=\"https:\/\/maxani.nl\/es\/producto\/maxani-regular-wipes-met-hyaluronzuur\/\" \/>\n<meta property=\"og:locale\" content=\"es_ES\" \/>\n<meta property=\"og:type\" content=\"article\" \/>\n<meta property=\"og:title\" content=\"Maxani Regular wipes, met hyaluronzuur - Maxani Animal Healthcare BV\" \/>\n<meta property=\"og:description\" content=\"Reinigende, hydraterende en verzorgende vochtige doekjes voor het snel en effectief schoonmaken van o.a. oorschelpen, poten, het zitvlak en rondom de bek. Ge\u00efrriteerde en moeilijk bereikbare plekken zoals tussen de tenen of bij huid- en lipplooien kunnen na behandeling met bijvoorbeeld chloorhexidine wipes met deze zachte en voedende Regular wipes worden onderhouden. Zeer geschikt voor de gevoelige huid door de alcoholvrije, intensief voedende formule. Hyaluronzuur, Alo\u00eb vera en vitamine E verzachten, hydrateren en verzorgen de huid intensief.  De doekjes zijn biologisch afbreekbaar!\" \/>\n<meta property=\"og:url\" content=\"https:\/\/maxani.nl\/es\/producto\/maxani-regular-wipes-met-hyaluronzuur\/\" \/>\n<meta property=\"og:site_name\" content=\"Maxani Animal Healthcare BV\" \/>\n<meta property=\"article:modified_time\" content=\"2026-01-05T08:35:08+00:00\" \/>\n<meta property=\"og:image\" content=\"https:\/\/maxani.nl\/wp-content\/uploads\/2023\/01\/Maxani-Regular-wipes.jpg\" \/>\n\t<meta property=\"og:image:width\" content=\"1080\" \/>\n\t<meta property=\"og:image:height\" content=\"1080\" \/>\n\t<meta property=\"og:image:type\" content=\"image\/jpeg\" \/>\n<meta name=\"twitter:card\" content=\"summary_large_image\" \/>\n<meta name=\"twitter:label1\" content=\"Tiempo de lectura\" \/>\n\t<meta name=\"twitter:data1\" content=\"2 minutos\" \/>\n<script type=\"application\/ld+json\" class=\"yoast-schema-graph\">{\"@context\":\"https:\/\/schema.org\",\"@graph\":[{\"@type\":\"WebPage\",\"@id\":\"https:\/\/maxani.nl\/product\/maxani-regular-wipes-met-hyaluronzuur\/\",\"url\":\"https:\/\/maxani.nl\/product\/maxani-regular-wipes-met-hyaluronzuur\/\",\"name\":\"Maxani Regular wipes, met hyaluronzuur - Maxani Animal Healthcare BV\",\"isPartOf\":{\"@id\":\"https:\/\/maxani.nl\/#website\"},\"primaryImageOfPage\":{\"@id\":\"https:\/\/maxani.nl\/product\/maxani-regular-wipes-met-hyaluronzuur\/#primaryimage\"},\"image\":{\"@id\":\"https:\/\/maxani.nl\/product\/maxani-regular-wipes-met-hyaluronzuur\/#primaryimage\"},\"thumbnailUrl\":\"https:\/\/maxani.nl\/wp-content\/uploads\/2023\/01\/Maxani-Regular-wipes.jpg\",\"datePublished\":\"2021-11-16T14:44:45+00:00\",\"dateModified\":\"2026-01-05T08:35:08+00:00\",\"breadcrumb\":{\"@id\":\"https:\/\/maxani.nl\/product\/maxani-regular-wipes-met-hyaluronzuur\/#breadcrumb\"},\"inLanguage\":\"es\",\"potentialAction\":[{\"@type\":\"ReadAction\",\"target\":[\"https:\/\/maxani.nl\/product\/maxani-regular-wipes-met-hyaluronzuur\/\"]}]},{\"@type\":\"ImageObject\",\"inLanguage\":\"es\",\"@id\":\"https:\/\/maxani.nl\/product\/maxani-regular-wipes-met-hyaluronzuur\/#primaryimage\",\"url\":\"https:\/\/maxani.nl\/wp-content\/uploads\/2023\/01\/Maxani-Regular-wipes.jpg\",\"contentUrl\":\"https:\/\/maxani.nl\/wp-content\/uploads\/2023\/01\/Maxani-Regular-wipes.jpg\",\"width\":1080,\"height\":1080},{\"@type\":\"BreadcrumbList\",\"@id\":\"https:\/\/maxani.nl\/product\/maxani-regular-wipes-met-hyaluronzuur\/#breadcrumb\",\"itemListElement\":[{\"@type\":\"ListItem\",\"position\":1,\"name\":\"Home\",\"item\":\"https:\/\/maxani.nl\/\"},{\"@type\":\"ListItem\",\"position\":2,\"name\":\"Webshop\",\"item\":\"https:\/\/maxani.nl\/webshop\/\"},{\"@type\":\"ListItem\",\"position\":3,\"name\":\"Maxani Regular wipes, met hyaluronzuur\"}]},{\"@type\":\"WebSite\",\"@id\":\"https:\/\/maxani.nl\/#website\",\"url\":\"https:\/\/maxani.nl\/\",\"name\":\"Maxani Animal Healthcare BV\",\"description\":\"Uw partner in veterinaire dermatologie\",\"potentialAction\":[{\"@type\":\"SearchAction\",\"target\":{\"@type\":\"EntryPoint\",\"urlTemplate\":\"https:\/\/maxani.nl\/?s={search_term_string}\"},\"query-input\":{\"@type\":\"PropertyValueSpecification\",\"valueRequired\":true,\"valueName\":\"search_term_string\"}}],\"inLanguage\":\"es\"}]}<\/script>\n<!-- \/ Yoast SEO plugin. -->","yoast_head_json":{"title":"Maxani Regular wipes, met hyaluronzuur - Maxani Animal Healthcare BV","robots":{"index":"index","follow":"follow","max-snippet":"max-snippet:-1","max-image-preview":"max-image-preview:large","max-video-preview":"max-video-preview:-1"},"canonical":"https:\/\/maxani.nl\/es\/producto\/maxani-regular-wipes-met-hyaluronzuur\/","og_locale":"es_ES","og_type":"article","og_title":"Maxani Regular wipes, met hyaluronzuur - Maxani Animal Healthcare BV","og_description":"Reinigende, hydraterende en verzorgende vochtige doekjes voor het snel en effectief schoonmaken van o.a. oorschelpen, poten, het zitvlak en rondom de bek. Ge\u00efrriteerde en moeilijk bereikbare plekken zoals tussen de tenen of bij huid- en lipplooien kunnen na behandeling met bijvoorbeeld chloorhexidine wipes met deze zachte en voedende Regular wipes worden onderhouden. Zeer geschikt voor de gevoelige huid door de alcoholvrije, intensief voedende formule. Hyaluronzuur, Alo\u00eb vera en vitamine E verzachten, hydrateren en verzorgen de huid intensief.  De doekjes zijn biologisch afbreekbaar!","og_url":"https:\/\/maxani.nl\/es\/producto\/maxani-regular-wipes-met-hyaluronzuur\/","og_site_name":"Maxani Animal Healthcare BV","article_modified_time":"2026-01-05T08:35:08+00:00","og_image":[{"width":1080,"height":1080,"url":"https:\/\/maxani.nl\/wp-content\/uploads\/2023\/01\/Maxani-Regular-wipes.jpg","type":"image\/jpeg"}],"twitter_card":"summary_large_image","twitter_misc":{"Tiempo de lectura":"2 minutos"},"schema":{"@context":"https:\/\/schema.org","@graph":[{"@type":"WebPage","@id":"https:\/\/maxani.nl\/product\/maxani-regular-wipes-met-hyaluronzuur\/","url":"https:\/\/maxani.nl\/product\/maxani-regular-wipes-met-hyaluronzuur\/","name":"Maxani Regular wipes, met hyaluronzuur - Maxani Animal Healthcare BV","isPartOf":{"@id":"https:\/\/maxani.nl\/#website"},"primaryImageOfPage":{"@id":"https:\/\/maxani.nl\/product\/maxani-regular-wipes-met-hyaluronzuur\/#primaryimage"},"image":{"@id":"https:\/\/maxani.nl\/product\/maxani-regular-wipes-met-hyaluronzuur\/#primaryimage"},"thumbnailUrl":"https:\/\/maxani.nl\/wp-content\/uploads\/2023\/01\/Maxani-Regular-wipes.jpg","datePublished":"2021-11-16T14:44:45+00:00","dateModified":"2026-01-05T08:35:08+00:00","breadcrumb":{"@id":"https:\/\/maxani.nl\/product\/maxani-regular-wipes-met-hyaluronzuur\/#breadcrumb"},"inLanguage":"es","potentialAction":[{"@type":"ReadAction","target":["https:\/\/maxani.nl\/product\/maxani-regular-wipes-met-hyaluronzuur\/"]}]},{"@type":"ImageObject","inLanguage":"es","@id":"https:\/\/maxani.nl\/product\/maxani-regular-wipes-met-hyaluronzuur\/#primaryimage","url":"https:\/\/maxani.nl\/wp-content\/uploads\/2023\/01\/Maxani-Regular-wipes.jpg","contentUrl":"https:\/\/maxani.nl\/wp-content\/uploads\/2023\/01\/Maxani-Regular-wipes.jpg","width":1080,"height":1080},{"@type":"BreadcrumbList","@id":"https:\/\/maxani.nl\/product\/maxani-regular-wipes-met-hyaluronzuur\/#breadcrumb","itemListElement":[{"@type":"ListItem","position":1,"name":"Home","item":"https:\/\/maxani.nl\/"},{"@type":"ListItem","position":2,"name":"Webshop","item":"https:\/\/maxani.nl\/webshop\/"},{"@type":"ListItem","position":3,"name":"Maxani Regular wipes, met hyaluronzuur"}]},{"@type":"WebSite","@id":"https:\/\/maxani.nl\/#website","url":"https:\/\/maxani.nl\/","name":"Maxani Animal Healthcare BV","description":"Su socio en dermatolog\u00eda veterinaria","potentialAction":[{"@type":"SearchAction","target":{"@type":"EntryPoint","urlTemplate":"https:\/\/maxani.nl\/?s={search_term_string}"},"query-input":{"@type":"PropertyValueSpecification","valueRequired":true,"valueName":"search_term_string"}}],"inLanguage":"es"}]}},"jetpack_sharing_enabled":true,"_links":{"self":[{"href":"https:\/\/maxani.nl\/es\/wp-json\/wp\/v2\/product\/9143","targetHints":{"allow":["GET"]}}],"collection":[{"href":"https:\/\/maxani.nl\/es\/wp-json\/wp\/v2\/product"}],"about":[{"href":"https:\/\/maxani.nl\/es\/wp-json\/wp\/v2\/types\/product"}],"wp:featuredmedia":[{"embeddable":true,"href":"https:\/\/maxani.nl\/es\/wp-json\/wp\/v2\/media\/11959"}],"wp:attachment":[{"href":"https:\/\/maxani.nl\/es\/wp-json\/wp\/v2\/media?parent=9143"}],"wp:term":[{"taxonomy":"product_brand","embeddable":true,"href":"https:\/\/maxani.nl\/es\/wp-json\/wp\/v2\/product_brand?post=9143"},{"taxonomy":"product_cat","embeddable":true,"href":"https:\/\/maxani.nl\/es\/wp-json\/wp\/v2\/product_cat?post=9143"},{"taxonomy":"product_tag","embeddable":true,"href":"https:\/\/maxani.nl\/es\/wp-json\/wp\/v2\/product_tag?post=9143"}],"curies":[{"name":"wp","href":"https:\/\/api.w.org\/{rel}","templated":true}]}}