{"id":8918,"date":"2021-09-27T14:00:24","date_gmt":"2021-09-27T14:00:24","guid":{"rendered":"https:\/\/maxani.nl\/?post_type=product&#038;p=8918"},"modified":"2025-07-15T08:18:43","modified_gmt":"2025-07-15T08:18:43","slug":"dermagroom-ontvettende-huid-en-vachtshampoo","status":"publish","type":"product","link":"https:\/\/maxani.nl\/es\/producto\/dermagroom-ontvettende-huid-en-vachtshampoo\/","title":{"rendered":"DermaGroom Champ\u00fa desengrasante para piel y pelo"},"content":{"rendered":"<p>Champ\u00fa de limpieza profunda que elimina la suciedad, las escamas, los al\u00e9rgenos y la grasa de la piel y el pelaje. Tambi\u00e9n es adecuado para neutralizar los malos olores. Es un champ\u00fa ideal para pelajes extremadamente grasos debido a problemas querol\u00edticos (seborrea grasa), por ejemplo. El gluconato de zinc en combinaci\u00f3n con la vitamina B6 inhibe la producci\u00f3n de sebo. Incluye gluconato de zinc, vitamina B6, salicilato s\u00f3dico, miel y salvia. Para una recuperaci\u00f3n extra de la piel, despu\u00e9s del lavado con el champ\u00fa Desengrasante, se puede realizar un segundo lavado con el champ\u00fa Todo el D\u00eda o AtopCalm.<\/p>","protected":false},"excerpt":{"rendered":"<p>Champ\u00fa de limpieza profunda que elimina la suciedad, las escamas, los al\u00e9rgenos y la grasa de la piel y el pelaje. Tambi\u00e9n es adecuado para neutralizar los malos olores. Es un champ\u00fa ideal para pelajes extremadamente grasos debido, por ejemplo, a problemas querol\u00edticos (seborrea grasa).<\/p>","protected":false},"featured_media":12050,"template":"","meta":[],"product_brand":[],"product_cat":[15,74],"product_tag":[],"class_list":{"0":"post-8918","1":"product","2":"type-product","3":"status-publish","4":"has-post-thumbnail","6":"product_cat-alle-producten","7":"product_cat-dermagroom-trimsalon","9":"first","10":"instock","11":"taxable","12":"shipping-taxable","13":"product-type-variable"},"yoast_head":"<!-- This site is optimized with the Yoast SEO plugin v27.1.1 - https:\/\/yoast.com\/product\/yoast-seo-wordpress\/ -->\n<title>DermaGroom Ontvettende huid- en vachtshampoo - Maxani Animal Healthcare BV<\/title>\n<meta name=\"robots\" content=\"index, follow, max-snippet:-1, max-image-preview:large, max-video-preview:-1\" \/>\n<link rel=\"canonical\" href=\"https:\/\/maxani.nl\/es\/producto\/dermagroom-ontvettende-huid-en-vachtshampoo\/\" \/>\n<meta property=\"og:locale\" content=\"es_ES\" \/>\n<meta property=\"og:type\" content=\"article\" \/>\n<meta property=\"og:title\" content=\"DermaGroom Ontvettende huid- en vachtshampoo - Maxani Animal Healthcare BV\" \/>\n<meta property=\"og:description\" content=\"Diep reinigende shampoo die vuil, schilfers, allergenen en vet van de huid en uit de vacht verwijdert. Tevens geschikt om onaangename geurtjes te neutraliseren. Het is een mooie shampoo voor extreem vette vachten door bijvoorbeeld kerolytische problemen (vette seborroe).\" \/>\n<meta property=\"og:url\" content=\"https:\/\/maxani.nl\/es\/producto\/dermagroom-ontvettende-huid-en-vachtshampoo\/\" \/>\n<meta property=\"og:site_name\" content=\"Maxani Animal Healthcare BV\" \/>\n<meta property=\"article:modified_time\" content=\"2025-07-15T08:18:43+00:00\" \/>\n<meta property=\"og:image\" content=\"https:\/\/maxani.nl\/wp-content\/uploads\/2021\/09\/Dermagroom-Ontvettende-combi.jpg\" \/>\n\t<meta property=\"og:image:width\" content=\"1000\" \/>\n\t<meta property=\"og:image:height\" content=\"1000\" \/>\n\t<meta property=\"og:image:type\" content=\"image\/jpeg\" \/>\n<meta name=\"twitter:card\" content=\"summary_large_image\" \/>\n<meta name=\"twitter:label1\" content=\"Tiempo de lectura\" \/>\n\t<meta name=\"twitter:data1\" content=\"1 minuto\" \/>\n<script type=\"application\/ld+json\" class=\"yoast-schema-graph\">{\"@context\":\"https:\/\/schema.org\",\"@graph\":[{\"@type\":\"WebPage\",\"@id\":\"https:\/\/maxani.nl\/product\/dermagroom-ontvettende-huid-en-vachtshampoo\/\",\"url\":\"https:\/\/maxani.nl\/product\/dermagroom-ontvettende-huid-en-vachtshampoo\/\",\"name\":\"DermaGroom Ontvettende huid- en vachtshampoo - Maxani Animal Healthcare BV\",\"isPartOf\":{\"@id\":\"https:\/\/maxani.nl\/#website\"},\"primaryImageOfPage\":{\"@id\":\"https:\/\/maxani.nl\/product\/dermagroom-ontvettende-huid-en-vachtshampoo\/#primaryimage\"},\"image\":{\"@id\":\"https:\/\/maxani.nl\/product\/dermagroom-ontvettende-huid-en-vachtshampoo\/#primaryimage\"},\"thumbnailUrl\":\"https:\/\/maxani.nl\/wp-content\/uploads\/2021\/09\/Dermagroom-Ontvettende-combi.jpg\",\"datePublished\":\"2021-09-27T14:00:24+00:00\",\"dateModified\":\"2025-07-15T08:18:43+00:00\",\"breadcrumb\":{\"@id\":\"https:\/\/maxani.nl\/product\/dermagroom-ontvettende-huid-en-vachtshampoo\/#breadcrumb\"},\"inLanguage\":\"es\",\"potentialAction\":[{\"@type\":\"ReadAction\",\"target\":[\"https:\/\/maxani.nl\/product\/dermagroom-ontvettende-huid-en-vachtshampoo\/\"]}]},{\"@type\":\"ImageObject\",\"inLanguage\":\"es\",\"@id\":\"https:\/\/maxani.nl\/product\/dermagroom-ontvettende-huid-en-vachtshampoo\/#primaryimage\",\"url\":\"https:\/\/maxani.nl\/wp-content\/uploads\/2021\/09\/Dermagroom-Ontvettende-combi.jpg\",\"contentUrl\":\"https:\/\/maxani.nl\/wp-content\/uploads\/2021\/09\/Dermagroom-Ontvettende-combi.jpg\",\"width\":1000,\"height\":1000},{\"@type\":\"BreadcrumbList\",\"@id\":\"https:\/\/maxani.nl\/product\/dermagroom-ontvettende-huid-en-vachtshampoo\/#breadcrumb\",\"itemListElement\":[{\"@type\":\"ListItem\",\"position\":1,\"name\":\"Home\",\"item\":\"https:\/\/maxani.nl\/\"},{\"@type\":\"ListItem\",\"position\":2,\"name\":\"Webshop\",\"item\":\"https:\/\/maxani.nl\/webshop\/\"},{\"@type\":\"ListItem\",\"position\":3,\"name\":\"DermaGroom Ontvettende huid- en vachtshampoo\"}]},{\"@type\":\"WebSite\",\"@id\":\"https:\/\/maxani.nl\/#website\",\"url\":\"https:\/\/maxani.nl\/\",\"name\":\"Maxani Animal Healthcare BV\",\"description\":\"Uw partner in veterinaire dermatologie\",\"potentialAction\":[{\"@type\":\"SearchAction\",\"target\":{\"@type\":\"EntryPoint\",\"urlTemplate\":\"https:\/\/maxani.nl\/?s={search_term_string}\"},\"query-input\":{\"@type\":\"PropertyValueSpecification\",\"valueRequired\":true,\"valueName\":\"search_term_string\"}}],\"inLanguage\":\"es\"}]}<\/script>\n<!-- \/ Yoast SEO plugin. -->","yoast_head_json":{"title":"DermaGroom Ontvettende huid- en vachtshampoo - Maxani Animal Healthcare BV","robots":{"index":"index","follow":"follow","max-snippet":"max-snippet:-1","max-image-preview":"max-image-preview:large","max-video-preview":"max-video-preview:-1"},"canonical":"https:\/\/maxani.nl\/es\/producto\/dermagroom-ontvettende-huid-en-vachtshampoo\/","og_locale":"es_ES","og_type":"article","og_title":"DermaGroom Ontvettende huid- en vachtshampoo - Maxani Animal Healthcare BV","og_description":"Diep reinigende shampoo die vuil, schilfers, allergenen en vet van de huid en uit de vacht verwijdert. Tevens geschikt om onaangename geurtjes te neutraliseren. Het is een mooie shampoo voor extreem vette vachten door bijvoorbeeld kerolytische problemen (vette seborroe).","og_url":"https:\/\/maxani.nl\/es\/producto\/dermagroom-ontvettende-huid-en-vachtshampoo\/","og_site_name":"Maxani Animal Healthcare BV","article_modified_time":"2025-07-15T08:18:43+00:00","og_image":[{"width":1000,"height":1000,"url":"https:\/\/maxani.nl\/wp-content\/uploads\/2021\/09\/Dermagroom-Ontvettende-combi.jpg","type":"image\/jpeg"}],"twitter_card":"summary_large_image","twitter_misc":{"Tiempo de lectura":"1 minuto"},"schema":{"@context":"https:\/\/schema.org","@graph":[{"@type":"WebPage","@id":"https:\/\/maxani.nl\/product\/dermagroom-ontvettende-huid-en-vachtshampoo\/","url":"https:\/\/maxani.nl\/product\/dermagroom-ontvettende-huid-en-vachtshampoo\/","name":"DermaGroom Ontvettende huid- en vachtshampoo - Maxani Animal Healthcare BV","isPartOf":{"@id":"https:\/\/maxani.nl\/#website"},"primaryImageOfPage":{"@id":"https:\/\/maxani.nl\/product\/dermagroom-ontvettende-huid-en-vachtshampoo\/#primaryimage"},"image":{"@id":"https:\/\/maxani.nl\/product\/dermagroom-ontvettende-huid-en-vachtshampoo\/#primaryimage"},"thumbnailUrl":"https:\/\/maxani.nl\/wp-content\/uploads\/2021\/09\/Dermagroom-Ontvettende-combi.jpg","datePublished":"2021-09-27T14:00:24+00:00","dateModified":"2025-07-15T08:18:43+00:00","breadcrumb":{"@id":"https:\/\/maxani.nl\/product\/dermagroom-ontvettende-huid-en-vachtshampoo\/#breadcrumb"},"inLanguage":"es","potentialAction":[{"@type":"ReadAction","target":["https:\/\/maxani.nl\/product\/dermagroom-ontvettende-huid-en-vachtshampoo\/"]}]},{"@type":"ImageObject","inLanguage":"es","@id":"https:\/\/maxani.nl\/product\/dermagroom-ontvettende-huid-en-vachtshampoo\/#primaryimage","url":"https:\/\/maxani.nl\/wp-content\/uploads\/2021\/09\/Dermagroom-Ontvettende-combi.jpg","contentUrl":"https:\/\/maxani.nl\/wp-content\/uploads\/2021\/09\/Dermagroom-Ontvettende-combi.jpg","width":1000,"height":1000},{"@type":"BreadcrumbList","@id":"https:\/\/maxani.nl\/product\/dermagroom-ontvettende-huid-en-vachtshampoo\/#breadcrumb","itemListElement":[{"@type":"ListItem","position":1,"name":"Home","item":"https:\/\/maxani.nl\/"},{"@type":"ListItem","position":2,"name":"Webshop","item":"https:\/\/maxani.nl\/webshop\/"},{"@type":"ListItem","position":3,"name":"DermaGroom Ontvettende huid- en vachtshampoo"}]},{"@type":"WebSite","@id":"https:\/\/maxani.nl\/#website","url":"https:\/\/maxani.nl\/","name":"Maxani Animal Healthcare BV","description":"Su socio en dermatolog\u00eda veterinaria","potentialAction":[{"@type":"SearchAction","target":{"@type":"EntryPoint","urlTemplate":"https:\/\/maxani.nl\/?s={search_term_string}"},"query-input":{"@type":"PropertyValueSpecification","valueRequired":true,"valueName":"search_term_string"}}],"inLanguage":"es"}]}},"jetpack_sharing_enabled":true,"_links":{"self":[{"href":"https:\/\/maxani.nl\/es\/wp-json\/wp\/v2\/product\/8918","targetHints":{"allow":["GET"]}}],"collection":[{"href":"https:\/\/maxani.nl\/es\/wp-json\/wp\/v2\/product"}],"about":[{"href":"https:\/\/maxani.nl\/es\/wp-json\/wp\/v2\/types\/product"}],"wp:featuredmedia":[{"embeddable":true,"href":"https:\/\/maxani.nl\/es\/wp-json\/wp\/v2\/media\/12050"}],"wp:attachment":[{"href":"https:\/\/maxani.nl\/es\/wp-json\/wp\/v2\/media?parent=8918"}],"wp:term":[{"taxonomy":"product_brand","embeddable":true,"href":"https:\/\/maxani.nl\/es\/wp-json\/wp\/v2\/product_brand?post=8918"},{"taxonomy":"product_cat","embeddable":true,"href":"https:\/\/maxani.nl\/es\/wp-json\/wp\/v2\/product_cat?post=8918"},{"taxonomy":"product_tag","embeddable":true,"href":"https:\/\/maxani.nl\/es\/wp-json\/wp\/v2\/product_tag?post=8918"}],"curies":[{"name":"wp","href":"https:\/\/api.w.org\/{rel}","templated":true}]}}