{"id":8907,"date":"2021-09-27T13:46:49","date_gmt":"2021-09-27T13:46:49","guid":{"rendered":"https:\/\/maxani.nl\/?post_type=product&#038;p=8907"},"modified":"2025-07-15T08:22:19","modified_gmt":"2025-07-15T08:22:19","slug":"dermagroom-alledag-huid-en-vachtshampoo","status":"publish","type":"product","link":"https:\/\/maxani.nl\/es\/producto\/dermagroom-alledag-huid-en-vachtshampoo\/","title":{"rendered":"DermaGroom Champ\u00fa para piel y pelo de uso diario"},"content":{"rendered":"<p>Champ\u00fa suave y limpiador que puede utilizarse en cualquier tipo de pelaje. Neutraliza el olor y est\u00e1 especialmente formulado para reforzar la barrera cut\u00e1nea de perros y gatos con \u00e1cidos grasos y ceramidas. El champ\u00fa es suave y nutritivo gracias a la miel, la cal\u00e9ndula y la camomila. El \u00e1cido hialur\u00f3nico mejora el equilibrio de hidrataci\u00f3n y la elasticidad de la piel. La adici\u00f3n de un acondicionador garantiza la f\u00e1cil eliminaci\u00f3n de enredos y cualquier resto de lana suelta. Incluye SK-Influx V\u00ae, fitoesfingosina, miel, cal\u00e9ndula, manzanilla y \u00e1cido hialur\u00f3nico.<\/p>","protected":false},"excerpt":{"rendered":"<p>Champ\u00fa suave y limpiador que puede utilizarse en cualquier tipo de pelaje. Neutraliza el olor y est\u00e1 especialmente formulado para reforzar la barrera cut\u00e1nea de perros y gatos con \u00e1cidos grasos y ceramidas.<\/p>","protected":false},"featured_media":12066,"template":"","meta":[],"product_brand":[],"product_cat":[15,74],"product_tag":[],"class_list":{"0":"post-8907","1":"product","2":"type-product","3":"status-publish","4":"has-post-thumbnail","6":"product_cat-alle-producten","7":"product_cat-dermagroom-trimsalon","9":"first","10":"instock","11":"taxable","12":"shipping-taxable","13":"product-type-variable"},"yoast_head":"<!-- This site is optimized with the Yoast SEO plugin v27.1.1 - https:\/\/yoast.com\/product\/yoast-seo-wordpress\/ -->\n<title>DermaGroom Alledag huid- en vachtshampoo - Maxani Animal Healthcare BV<\/title>\n<meta name=\"robots\" content=\"index, follow, max-snippet:-1, max-image-preview:large, max-video-preview:-1\" \/>\n<link rel=\"canonical\" href=\"https:\/\/maxani.nl\/es\/producto\/dermagroom-alledag-huid-en-vachtshampoo\/\" \/>\n<meta property=\"og:locale\" content=\"es_ES\" \/>\n<meta property=\"og:type\" content=\"article\" \/>\n<meta property=\"og:title\" content=\"DermaGroom Alledag huid- en vachtshampoo - Maxani Animal Healthcare BV\" \/>\n<meta property=\"og:description\" content=\"Milde en reinigende shampoo die te gebruiken is op elk type vacht. Het neutraliseert de geur en is speciaal ontwikkeld om de huidbarri\u00e8re van honden en katten te ondersteunen met vetzuren en\u00a0 ceramiden.\" \/>\n<meta property=\"og:url\" content=\"https:\/\/maxani.nl\/es\/producto\/dermagroom-alledag-huid-en-vachtshampoo\/\" \/>\n<meta property=\"og:site_name\" content=\"Maxani Animal Healthcare BV\" \/>\n<meta property=\"article:modified_time\" content=\"2025-07-15T08:22:19+00:00\" \/>\n<meta property=\"og:image\" content=\"https:\/\/maxani.nl\/wp-content\/uploads\/2021\/09\/Dermagroom-Alledag-combi-1.jpg\" \/>\n\t<meta property=\"og:image:width\" content=\"1000\" \/>\n\t<meta property=\"og:image:height\" content=\"1000\" \/>\n\t<meta property=\"og:image:type\" content=\"image\/jpeg\" \/>\n<meta name=\"twitter:card\" content=\"summary_large_image\" \/>\n<meta name=\"twitter:label1\" content=\"Tiempo de lectura\" \/>\n\t<meta name=\"twitter:data1\" content=\"1 minuto\" \/>\n<script type=\"application\/ld+json\" class=\"yoast-schema-graph\">{\"@context\":\"https:\/\/schema.org\",\"@graph\":[{\"@type\":\"WebPage\",\"@id\":\"https:\/\/maxani.nl\/product\/dermagroom-alledag-huid-en-vachtshampoo\/\",\"url\":\"https:\/\/maxani.nl\/product\/dermagroom-alledag-huid-en-vachtshampoo\/\",\"name\":\"DermaGroom Alledag huid- en vachtshampoo - Maxani Animal Healthcare BV\",\"isPartOf\":{\"@id\":\"https:\/\/maxani.nl\/#website\"},\"primaryImageOfPage\":{\"@id\":\"https:\/\/maxani.nl\/product\/dermagroom-alledag-huid-en-vachtshampoo\/#primaryimage\"},\"image\":{\"@id\":\"https:\/\/maxani.nl\/product\/dermagroom-alledag-huid-en-vachtshampoo\/#primaryimage\"},\"thumbnailUrl\":\"https:\/\/maxani.nl\/wp-content\/uploads\/2021\/09\/Dermagroom-Alledag-combi-1.jpg\",\"datePublished\":\"2021-09-27T13:46:49+00:00\",\"dateModified\":\"2025-07-15T08:22:19+00:00\",\"breadcrumb\":{\"@id\":\"https:\/\/maxani.nl\/product\/dermagroom-alledag-huid-en-vachtshampoo\/#breadcrumb\"},\"inLanguage\":\"es\",\"potentialAction\":[{\"@type\":\"ReadAction\",\"target\":[\"https:\/\/maxani.nl\/product\/dermagroom-alledag-huid-en-vachtshampoo\/\"]}]},{\"@type\":\"ImageObject\",\"inLanguage\":\"es\",\"@id\":\"https:\/\/maxani.nl\/product\/dermagroom-alledag-huid-en-vachtshampoo\/#primaryimage\",\"url\":\"https:\/\/maxani.nl\/wp-content\/uploads\/2021\/09\/Dermagroom-Alledag-combi-1.jpg\",\"contentUrl\":\"https:\/\/maxani.nl\/wp-content\/uploads\/2021\/09\/Dermagroom-Alledag-combi-1.jpg\",\"width\":1000,\"height\":1000},{\"@type\":\"BreadcrumbList\",\"@id\":\"https:\/\/maxani.nl\/product\/dermagroom-alledag-huid-en-vachtshampoo\/#breadcrumb\",\"itemListElement\":[{\"@type\":\"ListItem\",\"position\":1,\"name\":\"Home\",\"item\":\"https:\/\/maxani.nl\/\"},{\"@type\":\"ListItem\",\"position\":2,\"name\":\"Webshop\",\"item\":\"https:\/\/maxani.nl\/webshop\/\"},{\"@type\":\"ListItem\",\"position\":3,\"name\":\"DermaGroom Alledag huid- en vachtshampoo\"}]},{\"@type\":\"WebSite\",\"@id\":\"https:\/\/maxani.nl\/#website\",\"url\":\"https:\/\/maxani.nl\/\",\"name\":\"Maxani Animal Healthcare BV\",\"description\":\"Uw partner in veterinaire dermatologie\",\"potentialAction\":[{\"@type\":\"SearchAction\",\"target\":{\"@type\":\"EntryPoint\",\"urlTemplate\":\"https:\/\/maxani.nl\/?s={search_term_string}\"},\"query-input\":{\"@type\":\"PropertyValueSpecification\",\"valueRequired\":true,\"valueName\":\"search_term_string\"}}],\"inLanguage\":\"es\"}]}<\/script>\n<!-- \/ Yoast SEO plugin. -->","yoast_head_json":{"title":"DermaGroom Alledag huid- en vachtshampoo - Maxani Animal Healthcare BV","robots":{"index":"index","follow":"follow","max-snippet":"max-snippet:-1","max-image-preview":"max-image-preview:large","max-video-preview":"max-video-preview:-1"},"canonical":"https:\/\/maxani.nl\/es\/producto\/dermagroom-alledag-huid-en-vachtshampoo\/","og_locale":"es_ES","og_type":"article","og_title":"DermaGroom Alledag huid- en vachtshampoo - Maxani Animal Healthcare BV","og_description":"Milde en reinigende shampoo die te gebruiken is op elk type vacht. Het neutraliseert de geur en is speciaal ontwikkeld om de huidbarri\u00e8re van honden en katten te ondersteunen met vetzuren en\u00a0 ceramiden.","og_url":"https:\/\/maxani.nl\/es\/producto\/dermagroom-alledag-huid-en-vachtshampoo\/","og_site_name":"Maxani Animal Healthcare BV","article_modified_time":"2025-07-15T08:22:19+00:00","og_image":[{"width":1000,"height":1000,"url":"https:\/\/maxani.nl\/wp-content\/uploads\/2021\/09\/Dermagroom-Alledag-combi-1.jpg","type":"image\/jpeg"}],"twitter_card":"summary_large_image","twitter_misc":{"Tiempo de lectura":"1 minuto"},"schema":{"@context":"https:\/\/schema.org","@graph":[{"@type":"WebPage","@id":"https:\/\/maxani.nl\/product\/dermagroom-alledag-huid-en-vachtshampoo\/","url":"https:\/\/maxani.nl\/product\/dermagroom-alledag-huid-en-vachtshampoo\/","name":"DermaGroom Alledag huid- en vachtshampoo - Maxani Animal Healthcare BV","isPartOf":{"@id":"https:\/\/maxani.nl\/#website"},"primaryImageOfPage":{"@id":"https:\/\/maxani.nl\/product\/dermagroom-alledag-huid-en-vachtshampoo\/#primaryimage"},"image":{"@id":"https:\/\/maxani.nl\/product\/dermagroom-alledag-huid-en-vachtshampoo\/#primaryimage"},"thumbnailUrl":"https:\/\/maxani.nl\/wp-content\/uploads\/2021\/09\/Dermagroom-Alledag-combi-1.jpg","datePublished":"2021-09-27T13:46:49+00:00","dateModified":"2025-07-15T08:22:19+00:00","breadcrumb":{"@id":"https:\/\/maxani.nl\/product\/dermagroom-alledag-huid-en-vachtshampoo\/#breadcrumb"},"inLanguage":"es","potentialAction":[{"@type":"ReadAction","target":["https:\/\/maxani.nl\/product\/dermagroom-alledag-huid-en-vachtshampoo\/"]}]},{"@type":"ImageObject","inLanguage":"es","@id":"https:\/\/maxani.nl\/product\/dermagroom-alledag-huid-en-vachtshampoo\/#primaryimage","url":"https:\/\/maxani.nl\/wp-content\/uploads\/2021\/09\/Dermagroom-Alledag-combi-1.jpg","contentUrl":"https:\/\/maxani.nl\/wp-content\/uploads\/2021\/09\/Dermagroom-Alledag-combi-1.jpg","width":1000,"height":1000},{"@type":"BreadcrumbList","@id":"https:\/\/maxani.nl\/product\/dermagroom-alledag-huid-en-vachtshampoo\/#breadcrumb","itemListElement":[{"@type":"ListItem","position":1,"name":"Home","item":"https:\/\/maxani.nl\/"},{"@type":"ListItem","position":2,"name":"Webshop","item":"https:\/\/maxani.nl\/webshop\/"},{"@type":"ListItem","position":3,"name":"DermaGroom Alledag huid- en vachtshampoo"}]},{"@type":"WebSite","@id":"https:\/\/maxani.nl\/#website","url":"https:\/\/maxani.nl\/","name":"Maxani Animal Healthcare BV","description":"Su socio en dermatolog\u00eda veterinaria","potentialAction":[{"@type":"SearchAction","target":{"@type":"EntryPoint","urlTemplate":"https:\/\/maxani.nl\/?s={search_term_string}"},"query-input":{"@type":"PropertyValueSpecification","valueRequired":true,"valueName":"search_term_string"}}],"inLanguage":"es"}]}},"jetpack_sharing_enabled":true,"_links":{"self":[{"href":"https:\/\/maxani.nl\/es\/wp-json\/wp\/v2\/product\/8907","targetHints":{"allow":["GET"]}}],"collection":[{"href":"https:\/\/maxani.nl\/es\/wp-json\/wp\/v2\/product"}],"about":[{"href":"https:\/\/maxani.nl\/es\/wp-json\/wp\/v2\/types\/product"}],"wp:featuredmedia":[{"embeddable":true,"href":"https:\/\/maxani.nl\/es\/wp-json\/wp\/v2\/media\/12066"}],"wp:attachment":[{"href":"https:\/\/maxani.nl\/es\/wp-json\/wp\/v2\/media?parent=8907"}],"wp:term":[{"taxonomy":"product_brand","embeddable":true,"href":"https:\/\/maxani.nl\/es\/wp-json\/wp\/v2\/product_brand?post=8907"},{"taxonomy":"product_cat","embeddable":true,"href":"https:\/\/maxani.nl\/es\/wp-json\/wp\/v2\/product_cat?post=8907"},{"taxonomy":"product_tag","embeddable":true,"href":"https:\/\/maxani.nl\/es\/wp-json\/wp\/v2\/product_tag?post=8907"}],"curies":[{"name":"wp","href":"https:\/\/api.w.org\/{rel}","templated":true}]}}