{"id":189,"date":"2019-08-19T09:09:45","date_gmt":"2019-08-19T09:09:45","guid":{"rendered":"https:\/\/maandvandehuidverzorging.nl\/?post_type=product&#038;p=189"},"modified":"2026-01-05T08:41:46","modified_gmt":"2026-01-05T08:41:46","slug":"voetbruisballetjes-met-kamille-en-calendula","status":"publish","type":"product","link":"https:\/\/maxani.nl\/es\/producto\/voetbruisballetjes-met-kamille-en-calendula\/","title":{"rendered":"Bombas Maxani Paw"},"content":{"rendered":"<p><strong>Indicaciones<\/strong><\/p>\n<p>Util\u00edcelas para infecciones leves de los dedos de los pies, cut\u00edculas inflamadas, u\u00f1as rotas o cortadas e irritaciones leves de las plantas y las patas. Para las inflamaciones, por ejemplo debidas a un pelo de hierba, las bolas de burbujas pueden ayudar empapando y limpiando la pata adem\u00e1s de cualquier medicamento. Las cuidadosas Paw Bombs son un excelente sustituto de los ba\u00f1os de sosa o Biotex.<\/p>\n<p><strong>Operaci\u00f3n<\/strong><\/p>\n<p>El efecto purificador de la sal del Mar Muerto elimina las irritaciones y erupciones cut\u00e1neas. Adem\u00e1s, la sal tambi\u00e9n estimula la circulaci\u00f3n sangu\u00ednea, lo que permite que la piel absorba m\u00e1s nutrientes y ox\u00edgeno.<br \/>\nEl bicarbonato s\u00f3dico descompone las prote\u00ednas, eliminando las bacterias y evitando que se instalen otras nuevas. La vitamina E es un antioxidante que refuerza la barrera cut\u00e1nea y protege contra los da\u00f1os de la piel. El aceite de soja a\u00f1adido mantiene el equilibrio de hidrataci\u00f3n de la piel.<\/p>\n<p><b>Utilice<\/b><\/p>\n<p>Disolver 1 bola en 1 \u00f3 2 litros de agua tibia. Sumerja la pata en el ba\u00f1o de 5 a 10 minutos una o dos veces al d\u00eda. A continuaci\u00f3n, secar con una toalla limpia. Las bombas para las patas pueden utilizarse tantas veces como sea necesario.<\/p>\n<span class=\"wppb-content-restriction-message\"><p data-opacity=\"0.5\">Debe iniciar sesi\u00f3n para obtener m\u00e1s informaci\u00f3n<\/p>\n<\/span>","protected":false},"excerpt":{"rendered":"<p>Maxani Paw Bombs puede utilizarse como ba\u00f1o purificante para limpiar la piel afectada de las patas o plantas de los pies. La combinaci\u00f3n \u00fanica de limpieza, acondicionamiento e hidrataci\u00f3n contribuye a una recuperaci\u00f3n pr\u00f3spera. La manzanilla y la cal\u00e9ndula tienen efectos antiinflamatorios, acondicionadores y calmantes.<\/p>\n<p><strong>Animales<\/strong>Perro<\/p>\n<p><strong>Contenido<\/strong>5 st., 10 st.<\/p>\n<span class=\"wppb-shortcode-restriction-message\"> <\/span>","protected":false},"featured_media":11998,"template":"","meta":[],"product_brand":[],"product_cat":[15,29,41,35],"product_tag":[233,234,236,235],"class_list":{"0":"post-189","1":"product","2":"type-product","3":"status-publish","4":"has-post-thumbnail","6":"product_cat-alle-producten","7":"product_cat-maxani","8":"product_cat-wond-en-huidplooi","9":"product_cat-regular","10":"product_tag-233","11":"product_tag-234","12":"product_tag-paw-bombs","13":"product_tag-voetbruisballetjes","15":"first","16":"instock","17":"taxable","18":"shipping-taxable","19":"product-type-variable"},"yoast_head":"<!-- This site is optimized with the Yoast SEO plugin v27.1.1 - https:\/\/yoast.com\/product\/yoast-seo-wordpress\/ -->\n<title>Maxani Paw Bombs - Maxani Animal Healthcare BV<\/title>\n<meta name=\"robots\" content=\"index, follow, max-snippet:-1, max-image-preview:large, max-video-preview:-1\" \/>\n<link rel=\"canonical\" href=\"https:\/\/maxani.nl\/es\/producto\/voetbruisballetjes-met-kamille-en-calendula\/\" \/>\n<meta property=\"og:locale\" content=\"es_ES\" \/>\n<meta property=\"og:type\" content=\"article\" \/>\n<meta property=\"og:title\" content=\"Maxani Paw Bombs - Maxani Animal Healthcare BV\" \/>\n<meta property=\"og:description\" content=\"Maxani Paw Bombs zijn in te zetten als zuiverend voetenbadje om de aangedane huid van de poten of voetzolen te reinigen. De unieke combinatie van reinigen, verzorgen en hydrateren draagt bij aan een voorspoedig herstel. Kamille en calendula hebben een ontstekingsremmende, verzorgende en verzachtende werking.  Dier: Hond  Inhoud: 5 st., 10 st.\" \/>\n<meta property=\"og:url\" content=\"https:\/\/maxani.nl\/es\/producto\/voetbruisballetjes-met-kamille-en-calendula\/\" \/>\n<meta property=\"og:site_name\" content=\"Maxani Animal Healthcare BV\" \/>\n<meta property=\"article:modified_time\" content=\"2026-01-05T08:41:46+00:00\" \/>\n<meta property=\"og:image\" content=\"https:\/\/maxani.nl\/wp-content\/uploads\/2023\/01\/Maxani-voetbruis-Paw-balls-5-en-10-stuks.jpg\" \/>\n\t<meta property=\"og:image:width\" content=\"1080\" \/>\n\t<meta property=\"og:image:height\" content=\"1080\" \/>\n\t<meta property=\"og:image:type\" content=\"image\/jpeg\" \/>\n<meta name=\"twitter:card\" content=\"summary_large_image\" \/>\n<meta name=\"twitter:label1\" content=\"Tiempo de lectura\" \/>\n\t<meta name=\"twitter:data1\" content=\"3 minutos\" \/>\n<script type=\"application\/ld+json\" class=\"yoast-schema-graph\">{\"@context\":\"https:\/\/schema.org\",\"@graph\":[{\"@type\":\"WebPage\",\"@id\":\"https:\/\/maxani.nl\/product\/voetbruisballetjes-met-kamille-en-calendula\/\",\"url\":\"https:\/\/maxani.nl\/product\/voetbruisballetjes-met-kamille-en-calendula\/\",\"name\":\"Maxani Paw Bombs - Maxani Animal Healthcare BV\",\"isPartOf\":{\"@id\":\"https:\/\/maxani.nl\/#website\"},\"primaryImageOfPage\":{\"@id\":\"https:\/\/maxani.nl\/product\/voetbruisballetjes-met-kamille-en-calendula\/#primaryimage\"},\"image\":{\"@id\":\"https:\/\/maxani.nl\/product\/voetbruisballetjes-met-kamille-en-calendula\/#primaryimage\"},\"thumbnailUrl\":\"https:\/\/maxani.nl\/wp-content\/uploads\/2023\/01\/Maxani-voetbruis-Paw-balls-5-en-10-stuks.jpg\",\"datePublished\":\"2019-08-19T09:09:45+00:00\",\"dateModified\":\"2026-01-05T08:41:46+00:00\",\"breadcrumb\":{\"@id\":\"https:\/\/maxani.nl\/product\/voetbruisballetjes-met-kamille-en-calendula\/#breadcrumb\"},\"inLanguage\":\"es\",\"potentialAction\":[{\"@type\":\"ReadAction\",\"target\":[\"https:\/\/maxani.nl\/product\/voetbruisballetjes-met-kamille-en-calendula\/\"]}]},{\"@type\":\"ImageObject\",\"inLanguage\":\"es\",\"@id\":\"https:\/\/maxani.nl\/product\/voetbruisballetjes-met-kamille-en-calendula\/#primaryimage\",\"url\":\"https:\/\/maxani.nl\/wp-content\/uploads\/2023\/01\/Maxani-voetbruis-Paw-balls-5-en-10-stuks.jpg\",\"contentUrl\":\"https:\/\/maxani.nl\/wp-content\/uploads\/2023\/01\/Maxani-voetbruis-Paw-balls-5-en-10-stuks.jpg\",\"width\":1080,\"height\":1080},{\"@type\":\"BreadcrumbList\",\"@id\":\"https:\/\/maxani.nl\/product\/voetbruisballetjes-met-kamille-en-calendula\/#breadcrumb\",\"itemListElement\":[{\"@type\":\"ListItem\",\"position\":1,\"name\":\"Home\",\"item\":\"https:\/\/maxani.nl\/\"},{\"@type\":\"ListItem\",\"position\":2,\"name\":\"Webshop\",\"item\":\"https:\/\/maxani.nl\/webshop\/\"},{\"@type\":\"ListItem\",\"position\":3,\"name\":\"Maxani Paw Bombs\"}]},{\"@type\":\"WebSite\",\"@id\":\"https:\/\/maxani.nl\/#website\",\"url\":\"https:\/\/maxani.nl\/\",\"name\":\"Maxani Animal Healthcare BV\",\"description\":\"Uw partner in veterinaire dermatologie\",\"potentialAction\":[{\"@type\":\"SearchAction\",\"target\":{\"@type\":\"EntryPoint\",\"urlTemplate\":\"https:\/\/maxani.nl\/?s={search_term_string}\"},\"query-input\":{\"@type\":\"PropertyValueSpecification\",\"valueRequired\":true,\"valueName\":\"search_term_string\"}}],\"inLanguage\":\"es\"}]}<\/script>\n<!-- \/ Yoast SEO plugin. -->","yoast_head_json":{"title":"Maxani Paw Bombs - Maxani Animal Healthcare BV","robots":{"index":"index","follow":"follow","max-snippet":"max-snippet:-1","max-image-preview":"max-image-preview:large","max-video-preview":"max-video-preview:-1"},"canonical":"https:\/\/maxani.nl\/es\/producto\/voetbruisballetjes-met-kamille-en-calendula\/","og_locale":"es_ES","og_type":"article","og_title":"Maxani Paw Bombs - Maxani Animal Healthcare BV","og_description":"Maxani Paw Bombs zijn in te zetten als zuiverend voetenbadje om de aangedane huid van de poten of voetzolen te reinigen. De unieke combinatie van reinigen, verzorgen en hydrateren draagt bij aan een voorspoedig herstel. Kamille en calendula hebben een ontstekingsremmende, verzorgende en verzachtende werking.  Dier: Hond  Inhoud: 5 st., 10 st.","og_url":"https:\/\/maxani.nl\/es\/producto\/voetbruisballetjes-met-kamille-en-calendula\/","og_site_name":"Maxani Animal Healthcare BV","article_modified_time":"2026-01-05T08:41:46+00:00","og_image":[{"width":1080,"height":1080,"url":"https:\/\/maxani.nl\/wp-content\/uploads\/2023\/01\/Maxani-voetbruis-Paw-balls-5-en-10-stuks.jpg","type":"image\/jpeg"}],"twitter_card":"summary_large_image","twitter_misc":{"Tiempo de lectura":"3 minutos"},"schema":{"@context":"https:\/\/schema.org","@graph":[{"@type":"WebPage","@id":"https:\/\/maxani.nl\/product\/voetbruisballetjes-met-kamille-en-calendula\/","url":"https:\/\/maxani.nl\/product\/voetbruisballetjes-met-kamille-en-calendula\/","name":"Maxani Paw Bombs - Maxani Animal Healthcare BV","isPartOf":{"@id":"https:\/\/maxani.nl\/#website"},"primaryImageOfPage":{"@id":"https:\/\/maxani.nl\/product\/voetbruisballetjes-met-kamille-en-calendula\/#primaryimage"},"image":{"@id":"https:\/\/maxani.nl\/product\/voetbruisballetjes-met-kamille-en-calendula\/#primaryimage"},"thumbnailUrl":"https:\/\/maxani.nl\/wp-content\/uploads\/2023\/01\/Maxani-voetbruis-Paw-balls-5-en-10-stuks.jpg","datePublished":"2019-08-19T09:09:45+00:00","dateModified":"2026-01-05T08:41:46+00:00","breadcrumb":{"@id":"https:\/\/maxani.nl\/product\/voetbruisballetjes-met-kamille-en-calendula\/#breadcrumb"},"inLanguage":"es","potentialAction":[{"@type":"ReadAction","target":["https:\/\/maxani.nl\/product\/voetbruisballetjes-met-kamille-en-calendula\/"]}]},{"@type":"ImageObject","inLanguage":"es","@id":"https:\/\/maxani.nl\/product\/voetbruisballetjes-met-kamille-en-calendula\/#primaryimage","url":"https:\/\/maxani.nl\/wp-content\/uploads\/2023\/01\/Maxani-voetbruis-Paw-balls-5-en-10-stuks.jpg","contentUrl":"https:\/\/maxani.nl\/wp-content\/uploads\/2023\/01\/Maxani-voetbruis-Paw-balls-5-en-10-stuks.jpg","width":1080,"height":1080},{"@type":"BreadcrumbList","@id":"https:\/\/maxani.nl\/product\/voetbruisballetjes-met-kamille-en-calendula\/#breadcrumb","itemListElement":[{"@type":"ListItem","position":1,"name":"Home","item":"https:\/\/maxani.nl\/"},{"@type":"ListItem","position":2,"name":"Webshop","item":"https:\/\/maxani.nl\/webshop\/"},{"@type":"ListItem","position":3,"name":"Maxani Paw Bombs"}]},{"@type":"WebSite","@id":"https:\/\/maxani.nl\/#website","url":"https:\/\/maxani.nl\/","name":"Maxani Animal Healthcare BV","description":"Su socio en dermatolog\u00eda veterinaria","potentialAction":[{"@type":"SearchAction","target":{"@type":"EntryPoint","urlTemplate":"https:\/\/maxani.nl\/?s={search_term_string}"},"query-input":{"@type":"PropertyValueSpecification","valueRequired":true,"valueName":"search_term_string"}}],"inLanguage":"es"}]}},"jetpack_sharing_enabled":true,"_links":{"self":[{"href":"https:\/\/maxani.nl\/es\/wp-json\/wp\/v2\/product\/189","targetHints":{"allow":["GET"]}}],"collection":[{"href":"https:\/\/maxani.nl\/es\/wp-json\/wp\/v2\/product"}],"about":[{"href":"https:\/\/maxani.nl\/es\/wp-json\/wp\/v2\/types\/product"}],"wp:featuredmedia":[{"embeddable":true,"href":"https:\/\/maxani.nl\/es\/wp-json\/wp\/v2\/media\/11998"}],"wp:attachment":[{"href":"https:\/\/maxani.nl\/es\/wp-json\/wp\/v2\/media?parent=189"}],"wp:term":[{"taxonomy":"product_brand","embeddable":true,"href":"https:\/\/maxani.nl\/es\/wp-json\/wp\/v2\/product_brand?post=189"},{"taxonomy":"product_cat","embeddable":true,"href":"https:\/\/maxani.nl\/es\/wp-json\/wp\/v2\/product_cat?post=189"},{"taxonomy":"product_tag","embeddable":true,"href":"https:\/\/maxani.nl\/es\/wp-json\/wp\/v2\/product_tag?post=189"}],"curies":[{"name":"wp","href":"https:\/\/api.w.org\/{rel}","templated":true}]}}