{"id":187,"date":"2019-08-13T14:54:58","date_gmt":"2019-08-13T14:54:58","guid":{"rendered":"https:\/\/maandvandehuidverzorging.nl\/?post_type=product&#038;p=187"},"modified":"2025-05-31T01:56:19","modified_gmt":"2025-05-31T01:56:19","slug":"traanstreep-voedingssupplement","status":"publish","type":"product","link":"https:\/\/maxani.nl\/es\/producto\/traanstreep-voedingssupplement\/","title":{"rendered":"Suplemento diet\u00e9tico lagrimal Maxani"},"content":{"rendered":"<p><strong>Indicaciones<\/strong><\/p>\n<p>Animales con el conducto lagrimal obstruido, estr\u00edas lagrimales o decoloraci\u00f3n del pelaje alrededor de los ojos. Tambi\u00e9n es adecuado para animales con hocico corto o gatos con enfermedad de estornudos que sufren de estr\u00edas lagrimales cr\u00f3nicas.<\/p>\n<p><strong>Operaci\u00f3n<\/strong><\/p>\n<p>El suplemento diet\u00e9tico Tear Strep se compone de varias hierbas y aceites esenciales que poseen de forma natural un poder limpiador.<\/p>\n<p><strong>Utilice<\/strong><br \/>\nEl l\u00edquido puede administrarse a trav\u00e9s de los alimentos o directamente en la boca. Se incluye un vaso dosificador.<br \/>\nPerros de hasta 10 kg \/ gatos : 5 ml al d\u00eda<br \/>\nPerro 10-25 kg : 10 ml al d\u00eda<br \/>\nPerro &gt;25 kg : 15 ml al d\u00eda<\/p>\n<p>Administrar diariamente durante los primeros 14 d\u00edas, luego 3 veces por semana durante 1 mes, luego 2 veces por semana durante 1 mes y finalmente 1 vez por semana durante el \u00faltimo mes. As\u00ed pues, la cura dura 3,5 meses en total.<br \/>\nEl producto s\u00f3lo debe volver a utilizarse tras una pausa de 90 d\u00edas. A continuaci\u00f3n, puede volver a administrarse el tratamiento prescrito.<\/p>\n<p><strong>Este producto no tiene garant\u00eda de sabor.<\/strong><\/p>\n<span class=\"wppb-content-restriction-message\"><p data-opacity=\"0.5\">Debe iniciar sesi\u00f3n para obtener m\u00e1s informaci\u00f3n<\/p>\n<\/span>","protected":false},"excerpt":{"rendered":"<p>El suplemento diet\u00e9tico Maxani Tearstreak es un producto natural 100% que limpia el conducto lagrimal de perros, gatos y conejos. Se ha desarrollado especialmente para reducir las estr\u00edas lagrimales y la decoloraci\u00f3n del pelaje alrededor de los ojos y ayuda a remediar la obstrucci\u00f3n del conducto lagrimal. A veces, el conducto lagrimal puede estar deformado, lo que provoca que la suciedad se acumule en \u00e9l. Por lo tanto, el remedio es ideal para animales con hocico corto y gatos con enfermedad de estornudos que sufren de estr\u00edas lagrimales cr\u00f3nicas. El suplemento ayuda a mantener la resistencia de la mascota. El modo de acci\u00f3n del remedio se indica en la etiqueta por categor\u00eda de peso (v\u00e9ase tambi\u00e9n ''Uso'' m\u00e1s abajo).<\/p>\n<p><strong>Animales<\/strong>Perro, gato y conejo<\/p>\n<p><strong>Contenido<\/strong>: 250 ml<\/p>\n<span class=\"wppb-shortcode-restriction-message\"> <\/span>","protected":false},"featured_media":11994,"template":"","meta":[],"product_brand":[],"product_cat":[15,29,63],"product_tag":[237,238,239],"class_list":{"0":"post-187","1":"product","2":"type-product","3":"status-publish","4":"has-post-thumbnail","6":"product_cat-alle-producten","7":"product_cat-maxani","8":"product_cat-oog","9":"product_tag-237","10":"product_tag-traanstreep","11":"product_tag-voedingssupplement","13":"first","14":"instock","15":"taxable","16":"shipping-taxable","17":"product-type-simple"},"yoast_head":"<!-- This site is optimized with the Yoast SEO plugin v27.1.1 - https:\/\/yoast.com\/product\/yoast-seo-wordpress\/ -->\n<title>Maxani Traanstreep voedingssupplement - Maxani Animal Healthcare BV<\/title>\n<meta name=\"robots\" content=\"index, follow, max-snippet:-1, max-image-preview:large, max-video-preview:-1\" \/>\n<link rel=\"canonical\" href=\"https:\/\/maxani.nl\/es\/producto\/traanstreep-voedingssupplement\/\" \/>\n<meta property=\"og:locale\" content=\"es_ES\" \/>\n<meta property=\"og:type\" content=\"article\" \/>\n<meta property=\"og:title\" content=\"Maxani Traanstreep voedingssupplement - Maxani Animal Healthcare BV\" \/>\n<meta property=\"og:description\" content=\"Maxani Traanstreep voedingssupplement is een 100% natuurlijk product dat de traanbuis van honden, katten en konijnen reinigt. Het is speciaal ontwikkeld om traanstrepen en verkleuring van vacht rondom de ogen te verminderen en draagt bij aan het verhelpen van een verstopte traanbuis. Soms kan de traanbuis vervormd zijn, waardoor hier vuil in ophoopt. Het middel is daardoor uitermate geschikt voor dieren met een korte snuit en katten met niesziekte die last hebben van chronische traanstrepen. Het supplement helpt om de weerstand van het huisdier te ondersteunen. Hoe de kuur verloopt staat aangegeven op het etiket per gewichtscategorie (zie ook onderstaand \u2018\u2019Gebruik\u2019\u2019).  Dier: Hond, kat en konijn  Inhoud: 250 ml\" \/>\n<meta property=\"og:url\" content=\"https:\/\/maxani.nl\/es\/producto\/traanstreep-voedingssupplement\/\" \/>\n<meta property=\"og:site_name\" content=\"Maxani Animal Healthcare BV\" \/>\n<meta property=\"article:modified_time\" content=\"2025-05-31T01:56:19+00:00\" \/>\n<meta property=\"og:image\" content=\"https:\/\/maxani.nl\/wp-content\/uploads\/2023\/01\/Maxani-Traanstreep-250ml.jpg\" \/>\n\t<meta property=\"og:image:width\" content=\"1080\" \/>\n\t<meta property=\"og:image:height\" content=\"1080\" \/>\n\t<meta property=\"og:image:type\" content=\"image\/jpeg\" \/>\n<meta name=\"twitter:card\" content=\"summary_large_image\" \/>\n<meta name=\"twitter:label1\" content=\"Tiempo de lectura\" \/>\n\t<meta name=\"twitter:data1\" content=\"2 minutos\" \/>\n<script type=\"application\/ld+json\" class=\"yoast-schema-graph\">{\"@context\":\"https:\/\/schema.org\",\"@graph\":[{\"@type\":\"WebPage\",\"@id\":\"https:\/\/maxani.nl\/product\/traanstreep-voedingssupplement\/\",\"url\":\"https:\/\/maxani.nl\/product\/traanstreep-voedingssupplement\/\",\"name\":\"Maxani Traanstreep voedingssupplement - Maxani Animal Healthcare BV\",\"isPartOf\":{\"@id\":\"https:\/\/maxani.nl\/#website\"},\"primaryImageOfPage\":{\"@id\":\"https:\/\/maxani.nl\/product\/traanstreep-voedingssupplement\/#primaryimage\"},\"image\":{\"@id\":\"https:\/\/maxani.nl\/product\/traanstreep-voedingssupplement\/#primaryimage\"},\"thumbnailUrl\":\"https:\/\/maxani.nl\/wp-content\/uploads\/2023\/01\/Maxani-Traanstreep-250ml.jpg\",\"datePublished\":\"2019-08-13T14:54:58+00:00\",\"dateModified\":\"2025-05-31T01:56:19+00:00\",\"breadcrumb\":{\"@id\":\"https:\/\/maxani.nl\/product\/traanstreep-voedingssupplement\/#breadcrumb\"},\"inLanguage\":\"es\",\"potentialAction\":[{\"@type\":\"ReadAction\",\"target\":[\"https:\/\/maxani.nl\/product\/traanstreep-voedingssupplement\/\"]}]},{\"@type\":\"ImageObject\",\"inLanguage\":\"es\",\"@id\":\"https:\/\/maxani.nl\/product\/traanstreep-voedingssupplement\/#primaryimage\",\"url\":\"https:\/\/maxani.nl\/wp-content\/uploads\/2023\/01\/Maxani-Traanstreep-250ml.jpg\",\"contentUrl\":\"https:\/\/maxani.nl\/wp-content\/uploads\/2023\/01\/Maxani-Traanstreep-250ml.jpg\",\"width\":1080,\"height\":1080},{\"@type\":\"BreadcrumbList\",\"@id\":\"https:\/\/maxani.nl\/product\/traanstreep-voedingssupplement\/#breadcrumb\",\"itemListElement\":[{\"@type\":\"ListItem\",\"position\":1,\"name\":\"Home\",\"item\":\"https:\/\/maxani.nl\/\"},{\"@type\":\"ListItem\",\"position\":2,\"name\":\"Webshop\",\"item\":\"https:\/\/maxani.nl\/webshop\/\"},{\"@type\":\"ListItem\",\"position\":3,\"name\":\"Maxani Traanstreep voedingssupplement\"}]},{\"@type\":\"WebSite\",\"@id\":\"https:\/\/maxani.nl\/#website\",\"url\":\"https:\/\/maxani.nl\/\",\"name\":\"Maxani Animal Healthcare BV\",\"description\":\"Uw partner in veterinaire dermatologie\",\"potentialAction\":[{\"@type\":\"SearchAction\",\"target\":{\"@type\":\"EntryPoint\",\"urlTemplate\":\"https:\/\/maxani.nl\/?s={search_term_string}\"},\"query-input\":{\"@type\":\"PropertyValueSpecification\",\"valueRequired\":true,\"valueName\":\"search_term_string\"}}],\"inLanguage\":\"es\"}]}<\/script>\n<!-- \/ Yoast SEO plugin. -->","yoast_head_json":{"title":"Maxani Traanstreep voedingssupplement - Maxani Animal Healthcare BV","robots":{"index":"index","follow":"follow","max-snippet":"max-snippet:-1","max-image-preview":"max-image-preview:large","max-video-preview":"max-video-preview:-1"},"canonical":"https:\/\/maxani.nl\/es\/producto\/traanstreep-voedingssupplement\/","og_locale":"es_ES","og_type":"article","og_title":"Maxani Traanstreep voedingssupplement - Maxani Animal Healthcare BV","og_description":"Maxani Traanstreep voedingssupplement is een 100% natuurlijk product dat de traanbuis van honden, katten en konijnen reinigt. Het is speciaal ontwikkeld om traanstrepen en verkleuring van vacht rondom de ogen te verminderen en draagt bij aan het verhelpen van een verstopte traanbuis. Soms kan de traanbuis vervormd zijn, waardoor hier vuil in ophoopt. Het middel is daardoor uitermate geschikt voor dieren met een korte snuit en katten met niesziekte die last hebben van chronische traanstrepen. Het supplement helpt om de weerstand van het huisdier te ondersteunen. Hoe de kuur verloopt staat aangegeven op het etiket per gewichtscategorie (zie ook onderstaand \u2018\u2019Gebruik\u2019\u2019).  Dier: Hond, kat en konijn  Inhoud: 250 ml","og_url":"https:\/\/maxani.nl\/es\/producto\/traanstreep-voedingssupplement\/","og_site_name":"Maxani Animal Healthcare BV","article_modified_time":"2025-05-31T01:56:19+00:00","og_image":[{"width":1080,"height":1080,"url":"https:\/\/maxani.nl\/wp-content\/uploads\/2023\/01\/Maxani-Traanstreep-250ml.jpg","type":"image\/jpeg"}],"twitter_card":"summary_large_image","twitter_misc":{"Tiempo de lectura":"2 minutos"},"schema":{"@context":"https:\/\/schema.org","@graph":[{"@type":"WebPage","@id":"https:\/\/maxani.nl\/product\/traanstreep-voedingssupplement\/","url":"https:\/\/maxani.nl\/product\/traanstreep-voedingssupplement\/","name":"Maxani Traanstreep voedingssupplement - Maxani Animal Healthcare BV","isPartOf":{"@id":"https:\/\/maxani.nl\/#website"},"primaryImageOfPage":{"@id":"https:\/\/maxani.nl\/product\/traanstreep-voedingssupplement\/#primaryimage"},"image":{"@id":"https:\/\/maxani.nl\/product\/traanstreep-voedingssupplement\/#primaryimage"},"thumbnailUrl":"https:\/\/maxani.nl\/wp-content\/uploads\/2023\/01\/Maxani-Traanstreep-250ml.jpg","datePublished":"2019-08-13T14:54:58+00:00","dateModified":"2025-05-31T01:56:19+00:00","breadcrumb":{"@id":"https:\/\/maxani.nl\/product\/traanstreep-voedingssupplement\/#breadcrumb"},"inLanguage":"es","potentialAction":[{"@type":"ReadAction","target":["https:\/\/maxani.nl\/product\/traanstreep-voedingssupplement\/"]}]},{"@type":"ImageObject","inLanguage":"es","@id":"https:\/\/maxani.nl\/product\/traanstreep-voedingssupplement\/#primaryimage","url":"https:\/\/maxani.nl\/wp-content\/uploads\/2023\/01\/Maxani-Traanstreep-250ml.jpg","contentUrl":"https:\/\/maxani.nl\/wp-content\/uploads\/2023\/01\/Maxani-Traanstreep-250ml.jpg","width":1080,"height":1080},{"@type":"BreadcrumbList","@id":"https:\/\/maxani.nl\/product\/traanstreep-voedingssupplement\/#breadcrumb","itemListElement":[{"@type":"ListItem","position":1,"name":"Home","item":"https:\/\/maxani.nl\/"},{"@type":"ListItem","position":2,"name":"Webshop","item":"https:\/\/maxani.nl\/webshop\/"},{"@type":"ListItem","position":3,"name":"Maxani Traanstreep voedingssupplement"}]},{"@type":"WebSite","@id":"https:\/\/maxani.nl\/#website","url":"https:\/\/maxani.nl\/","name":"Maxani Animal Healthcare BV","description":"Su socio en dermatolog\u00eda veterinaria","potentialAction":[{"@type":"SearchAction","target":{"@type":"EntryPoint","urlTemplate":"https:\/\/maxani.nl\/?s={search_term_string}"},"query-input":{"@type":"PropertyValueSpecification","valueRequired":true,"valueName":"search_term_string"}}],"inLanguage":"es"}]}},"jetpack_sharing_enabled":true,"_links":{"self":[{"href":"https:\/\/maxani.nl\/es\/wp-json\/wp\/v2\/product\/187","targetHints":{"allow":["GET"]}}],"collection":[{"href":"https:\/\/maxani.nl\/es\/wp-json\/wp\/v2\/product"}],"about":[{"href":"https:\/\/maxani.nl\/es\/wp-json\/wp\/v2\/types\/product"}],"wp:featuredmedia":[{"embeddable":true,"href":"https:\/\/maxani.nl\/es\/wp-json\/wp\/v2\/media\/11994"}],"wp:attachment":[{"href":"https:\/\/maxani.nl\/es\/wp-json\/wp\/v2\/media?parent=187"}],"wp:term":[{"taxonomy":"product_brand","embeddable":true,"href":"https:\/\/maxani.nl\/es\/wp-json\/wp\/v2\/product_brand?post=187"},{"taxonomy":"product_cat","embeddable":true,"href":"https:\/\/maxani.nl\/es\/wp-json\/wp\/v2\/product_cat?post=187"},{"taxonomy":"product_tag","embeddable":true,"href":"https:\/\/maxani.nl\/es\/wp-json\/wp\/v2\/product_tag?post=187"}],"curies":[{"name":"wp","href":"https:\/\/api.w.org\/{rel}","templated":true}]}}