{"id":18690,"date":"2026-01-26T10:41:38","date_gmt":"2026-01-26T10:41:38","guid":{"rendered":"https:\/\/maxani.nl\/?post_type=product&#038;p=18690"},"modified":"2026-03-17T14:00:53","modified_gmt":"2026-03-17T14:00:53","slug":"bravebites","status":"publish","type":"product","link":"https:\/\/maxani.nl\/es\/producto\/bravebites\/","title":{"rendered":"BraveBites"},"content":{"rendered":"<h2 data-start=\"260\" data-end=\"335\">BraveBites\u00ae - snacks funcionales con suplementos para perros con c\u00e1ncer<\/h2>\n<h3 data-start=\"337\" data-end=\"419\">Apoyo pr\u00e1ctico para la reducci\u00f3n del apetito y el aumento de las necesidades nutricionales<\/h3>\n<p data-start=\"421\" data-end=\"781\">En la pr\u00e1ctica, los perros con c\u00e1ncer suelen mostrar una reducci\u00f3n del apetito, p\u00e9rdida de peso y disminuci\u00f3n de la masa muscular, al tiempo que aumentan sus necesidades nutricionales. BraveBites\u00ae se ha desarrollado como suplemento funcional y palatable en estos pacientes, con el objetivo de apoyar la ingesta nutricional y la calidad de vida, junto con el tratamiento habitual.<\/p>\n<p data-start=\"783\" data-end=\"1020\">BraveBites\u00ae son snacks semiblandos, horneados y enriquecidos con suplementos espec\u00edficos, desarrollados en colaboraci\u00f3n con veterinarios. Su gran aceptaci\u00f3n los hace adecuados para perros que (temporalmente) no absorben tan bien la comida normal.<\/p>\n<hr data-start=\"1022\" data-end=\"1025\" \/>\n<h3 data-start=\"1027\" data-end=\"1065\">\u00bfPor qu\u00e9 BraveBites\u00ae en la pr\u00e1ctica?<\/h3>\n<ul>\n<li data-start=\"1068\" data-end=\"1109\">Ayuda a reducir el apetito<\/li>\n<li data-start=\"1112\" data-end=\"1170\">Complemento pr\u00e1ctico en pacientes propensos a la caquexia<\/li>\n<li data-start=\"1173\" data-end=\"1234\">Contiene prote\u00ednas de alta calidad para el mantenimiento muscular<\/li>\n<li data-start=\"1237\" data-end=\"1278\">Fuente de \u00e1cidos grasos omega 3 (EPA y DHA)<\/li>\n<li data-start=\"1281\" data-end=\"1334\">Con prebi\u00f3ticos para favorecer la flora intestinal<\/li>\n<li data-start=\"1337\" data-end=\"1405\">Bueno para usar como recompensa o para administrar medicaci\u00f3n<\/li>\n<\/ul>\n<hr data-start=\"1407\" data-end=\"1410\" \/>\n<h3 data-start=\"1412\" data-end=\"1450\">Principales caracter\u00edsticas nutricionales<\/h3>\n<p data-start=\"1452\" data-end=\"1627\"><strong data-start=\"1452\" data-end=\"1473\">Prote\u00ednas de alta calidad<\/strong><br data-start=\"1473\" data-end=\"1476\" \/>Contribuye a una buena digestibilidad y favorece el mantenimiento de la masa muscular, la fuerza y los niveles de energ\u00eda en perros con mayor carga metab\u00f3lica.<\/p>\n<p data-start=\"1629\" data-end=\"1844\"><strong data-start=\"1629\" data-end=\"1683\">\u00c1cidos grasos omega 3 (EPA y DHA) de pescado y aceite de algas<\/strong><br data-start=\"1683\" data-end=\"1686\" \/>Favorecen el mantenimiento de la masa muscular y pueden ayudar a reducir los procesos inflamatorios. Adem\u00e1s, favorecen la palatabilidad y la aceptaci\u00f3n.<\/p>\n<p data-start=\"1846\" data-end=\"1979\"><strong data-start=\"1846\" data-end=\"1861\">L-carnitina<\/strong><br data-start=\"1861\" data-end=\"1864\" \/>Favorece el metabolismo de las grasas y ayuda a conservar la masa muscular mediante una utilizaci\u00f3n m\u00e1s eficaz de los \u00e1cidos grasos como fuente de energ\u00eda.<\/p>\n<p data-start=\"1981\" data-end=\"2162\"><strong data-start=\"1981\" data-end=\"2007\">Prebi\u00f3ticos (FOS y MOS)<\/strong><br data-start=\"2007\" data-end=\"2010\" \/>Favorece una flora intestinal sana, lo que puede ayudar a mejorar la digesti\u00f3n, la regularidad de los movimientos intestinales y favorecer la resistencia natural.<\/p>\n<hr data-start=\"2164\" data-end=\"2167\" \/>\n<h3 data-start=\"2169\" data-end=\"2186\">Composici\u00f3n<\/h3>\n<p data-start=\"2187\" data-end=\"2477\">Harina de pollo deshidratada (38%), copos de patata deshidratados, glicerina vegetal, tapioca, guisantes, aceite de salm\u00f3n, hidrolizado de prote\u00ednas de pollo, zumo de manzana, fibra de manzana deshidratada, FOS (1%), fibra vegetal (lignocelulosa), aceite de algas, minerales, MOS (0,2% oligosac\u00e1ridos de manano y \u03b2-glucanos).<\/p>\n<p data-start=\"2479\" data-end=\"2594\"><strong data-start=\"2479\" data-end=\"2509\">Aditivos por kg<\/strong><br data-start=\"2509\" data-end=\"2512\" \/>\u00c1cido c\u00edtrico (1a330) 10.000 mg<br data-start=\"2541\" data-end=\"2544\" \/>Sorbato de potasio (1k202) 2.500 mg<br data-start=\"2574\" data-end=\"2577\" \/>Vitamina E 500 mg<\/p>\n<hr data-start=\"2596\" data-end=\"2599\" \/>\n<h3 data-start=\"2601\" data-end=\"2629\">Componentes anal\u00edticos<\/h3>\n<ul>\n<li data-start=\"2632\" data-end=\"2650\">Prote\u00edna bruta: 25,4%<\/li>\n<li data-start=\"2653\" data-end=\"2668\">Grasa bruta: 9,5%<\/li>\n<li data-start=\"2671\" data-end=\"2696\">Materia inorg\u00e1nica: 7,2%<\/li>\n<li data-start=\"2699\" data-end=\"2717\">Fibra bruta: 2,3%<\/li>\n<li data-start=\"2720\" data-end=\"2734\">Humedad: 18,0%<\/li>\n<li data-start=\"2737\" data-end=\"2752\">Omega 3: 0,9%<\/li>\n<li data-start=\"2755\" data-end=\"2770\">Omega 6: 1,4%<\/li>\n<li data-start=\"2773\" data-end=\"2785\">EPA: 0,25%<\/li>\n<li data-start=\"2788\" data-end=\"2798\">DHA: 0,44%<\/li>\n<\/ul>\n<hr data-start=\"2800\" data-end=\"2803\" \/>\n<h3 data-start=\"2805\" data-end=\"2828\">Posolog\u00eda y utilizaci\u00f3n<\/h3>\n<p data-start=\"2829\" data-end=\"2948\">Cada paquete contiene aprox. <strong data-start=\"2855\" data-end=\"2870\">150 galletas<\/strong>. La dosis diaria recomendada depende del peso corporal:<\/p>\n<div class=\"TyagGW_tableContainer\">\n<div class=\"group TyagGW_tableWrapper flex flex-col-reverse w-fit\" tabindex=\"-1\">\n<table class=\"w-fit min-w-(--thread-content-width)\" data-start=\"2950\" data-end=\"3159\">\n<thead data-start=\"2950\" data-end=\"2991\">\n<tr data-start=\"2950\" data-end=\"2991\">\n<th data-start=\"2950\" data-end=\"2965\" data-col-size=\"sm\">Peso del perro<\/th>\n<th data-start=\"2965\" data-end=\"2991\" data-col-size=\"sm\">N\u00famero de galletas al d\u00eda<\/th>\n<\/tr>\n<\/thead>\n<tbody data-start=\"3034\" data-end=\"3159\">\n<tr data-start=\"3034\" data-end=\"3075\">\n<td data-start=\"3034\" data-end=\"3049\" data-col-size=\"sm\">&lt; 10 kg<\/td>\n<td data-col-size=\"sm\" data-start=\"3049\" data-end=\"3075\">5 \u2013 10<\/td>\n<\/tr>\n<tr data-start=\"3076\" data-end=\"3117\">\n<td data-start=\"3076\" data-end=\"3091\" data-col-size=\"sm\">10 - 20 kg<\/td>\n<td data-col-size=\"sm\" data-start=\"3091\" data-end=\"3117\">10 \u2013 25<\/td>\n<\/tr>\n<tr data-start=\"3118\" data-end=\"3159\">\n<td data-start=\"3118\" data-end=\"3133\" data-col-size=\"sm\">&gt; 20 kg<\/td>\n<td data-col-size=\"sm\" data-start=\"3133\" data-end=\"3159\">15 \u2013 35<\/td>\n<\/tr>\n<\/tbody>\n<\/table>\n<\/div>\n<\/div>\n<p data-start=\"3161\" data-end=\"3190\"><strong data-start=\"3161\" data-end=\"3190\">Tiempo de uso indicativo:<\/strong><\/p>\n<ul data-start=\"3191\" data-end=\"3273\">\n<li data-start=\"3191\" data-end=\"3217\">\n<p data-start=\"3193\" data-end=\"3217\">2 sobres: \u00b1 8-30 d\u00edas<\/p>\n<\/li>\n<li data-start=\"3218\" data-end=\"3245\">\n<p data-start=\"3220\" data-end=\"3245\">4 sobres: \u00b1 16-60 d\u00edas<\/p>\n<\/li>\n<li data-start=\"3246\" data-end=\"3273\">\n<p data-start=\"3248\" data-end=\"3273\">8 sobres: \u00b1 1-4 meses<\/p>\n<\/li>\n<\/ul>","protected":false},"excerpt":{"rendered":"<p><strong data-start=\"98\" data-end=\"113\">BraveBites<\/strong> son snacks funcionales semiblandos con suplementos, desarrollados para ayudar a los perros con c\u00e1ncer. Su gran aceptaci\u00f3n los hace adecuados en casos de apetito reducido y pueden ayudar a mantener la ingesta nutricional, la masa muscular y la energ\u00eda. La composici\u00f3n con prote\u00ednas de alta calidad, \u00e1cidos grasos omega 3 (EPA y DHA) y prebi\u00f3ticos hace que BraveBites\u00ae resulte pr\u00e1ctico como suplemento junto con el tratamiento habitual.<\/p>\n<span class=\"wppb-content-restriction-message\"><p data-opacity=\"0.5\">Debe iniciar sesi\u00f3n para obtener m\u00e1s informaci\u00f3n<\/p>\n<\/span>","protected":false},"featured_media":18701,"template":"","meta":[],"product_brand":[],"product_cat":[15,29,124],"product_tag":[282,279,242,280,281],"class_list":{"0":"post-18690","1":"product","2":"type-product","3":"status-publish","4":"has-post-thumbnail","6":"product_cat-alle-producten","7":"product_cat-maxani","8":"product_cat-therapietrouw","9":"product_tag-282","10":"product_tag-bravebites","11":"product_tag-masivet","12":"product_tag-oncologie","13":"product_tag-snack","15":"first","16":"instock","17":"taxable","18":"shipping-taxable","19":"product-type-variable"},"yoast_head":"<!-- This site is optimized with the Yoast SEO plugin v27.1.1 - https:\/\/yoast.com\/product\/yoast-seo-wordpress\/ -->\n<title>BraveBites\u00ae - Maxani Animal Healthcare BV<\/title>\n<meta name=\"robots\" content=\"index, follow, max-snippet:-1, max-image-preview:large, max-video-preview:-1\" \/>\n<link rel=\"canonical\" href=\"https:\/\/maxani.nl\/es\/producto\/bravebites\/\" \/>\n<meta property=\"og:locale\" content=\"es_ES\" \/>\n<meta property=\"og:type\" content=\"article\" \/>\n<meta property=\"og:title\" content=\"BraveBites\u00ae - Maxani Animal Healthcare BV\" \/>\n<meta property=\"og:description\" content=\"BraveBites\u00ae zijn functionele, halfzachte snacks met supplementen, ontwikkeld ter ondersteuning van honden met kanker. Door de hoge acceptatie zijn ze geschikt bij verminderde eetlust en kunnen ze bijdragen aan behoud van voedingsinname, spiermassa en energie. De samenstelling met hoogwaardig eiwit, omega 3-vetzuren (EPA &amp; DHA) en prebiotica maakt BraveBites\u00ae praktisch inzetbaar als aanvulling naast de reguliere behandeling.\" \/>\n<meta property=\"og:url\" content=\"https:\/\/maxani.nl\/es\/producto\/bravebites\/\" \/>\n<meta property=\"og:site_name\" content=\"Maxani Animal Healthcare BV\" \/>\n<meta property=\"article:modified_time\" content=\"2026-03-17T14:00:53+00:00\" \/>\n<meta property=\"og:image\" content=\"https:\/\/maxani.nl\/wp-content\/uploads\/2026\/01\/Ontwerp-zonder-titel-18.png\" \/>\n\t<meta property=\"og:image:width\" content=\"1080\" \/>\n\t<meta property=\"og:image:height\" content=\"1350\" \/>\n\t<meta property=\"og:image:type\" content=\"image\/png\" \/>\n<meta name=\"twitter:card\" content=\"summary_large_image\" \/>\n<meta name=\"twitter:label1\" content=\"Tiempo de lectura\" \/>\n\t<meta name=\"twitter:data1\" content=\"2 minutos\" \/>\n<script type=\"application\/ld+json\" class=\"yoast-schema-graph\">{\"@context\":\"https:\/\/schema.org\",\"@graph\":[{\"@type\":\"WebPage\",\"@id\":\"https:\/\/maxani.nl\/product\/bravebites\/\",\"url\":\"https:\/\/maxani.nl\/product\/bravebites\/\",\"name\":\"BraveBites\u00ae - Maxani Animal Healthcare BV\",\"isPartOf\":{\"@id\":\"https:\/\/maxani.nl\/#website\"},\"primaryImageOfPage\":{\"@id\":\"https:\/\/maxani.nl\/product\/bravebites\/#primaryimage\"},\"image\":{\"@id\":\"https:\/\/maxani.nl\/product\/bravebites\/#primaryimage\"},\"thumbnailUrl\":\"https:\/\/maxani.nl\/wp-content\/uploads\/2026\/01\/Ontwerp-zonder-titel-18.png\",\"datePublished\":\"2026-01-26T10:41:38+00:00\",\"dateModified\":\"2026-03-17T14:00:53+00:00\",\"breadcrumb\":{\"@id\":\"https:\/\/maxani.nl\/product\/bravebites\/#breadcrumb\"},\"inLanguage\":\"es\",\"potentialAction\":[{\"@type\":\"ReadAction\",\"target\":[\"https:\/\/maxani.nl\/product\/bravebites\/\"]}]},{\"@type\":\"ImageObject\",\"inLanguage\":\"es\",\"@id\":\"https:\/\/maxani.nl\/product\/bravebites\/#primaryimage\",\"url\":\"https:\/\/maxani.nl\/wp-content\/uploads\/2026\/01\/Ontwerp-zonder-titel-18.png\",\"contentUrl\":\"https:\/\/maxani.nl\/wp-content\/uploads\/2026\/01\/Ontwerp-zonder-titel-18.png\",\"width\":1080,\"height\":1350},{\"@type\":\"BreadcrumbList\",\"@id\":\"https:\/\/maxani.nl\/product\/bravebites\/#breadcrumb\",\"itemListElement\":[{\"@type\":\"ListItem\",\"position\":1,\"name\":\"Home\",\"item\":\"https:\/\/maxani.nl\/\"},{\"@type\":\"ListItem\",\"position\":2,\"name\":\"Webshop\",\"item\":\"https:\/\/maxani.nl\/webshop\/\"},{\"@type\":\"ListItem\",\"position\":3,\"name\":\"BraveBites\u00ae\"}]},{\"@type\":\"WebSite\",\"@id\":\"https:\/\/maxani.nl\/#website\",\"url\":\"https:\/\/maxani.nl\/\",\"name\":\"Maxani Animal Healthcare BV\",\"description\":\"Uw partner in veterinaire dermatologie\",\"potentialAction\":[{\"@type\":\"SearchAction\",\"target\":{\"@type\":\"EntryPoint\",\"urlTemplate\":\"https:\/\/maxani.nl\/?s={search_term_string}\"},\"query-input\":{\"@type\":\"PropertyValueSpecification\",\"valueRequired\":true,\"valueName\":\"search_term_string\"}}],\"inLanguage\":\"es\"}]}<\/script>\n<!-- \/ Yoast SEO plugin. -->","yoast_head_json":{"title":"BraveBites\u00ae - Maxani Animal Healthcare BV","robots":{"index":"index","follow":"follow","max-snippet":"max-snippet:-1","max-image-preview":"max-image-preview:large","max-video-preview":"max-video-preview:-1"},"canonical":"https:\/\/maxani.nl\/es\/producto\/bravebites\/","og_locale":"es_ES","og_type":"article","og_title":"BraveBites\u00ae - Maxani Animal Healthcare BV","og_description":"BraveBites\u00ae zijn functionele, halfzachte snacks met supplementen, ontwikkeld ter ondersteuning van honden met kanker. Door de hoge acceptatie zijn ze geschikt bij verminderde eetlust en kunnen ze bijdragen aan behoud van voedingsinname, spiermassa en energie. De samenstelling met hoogwaardig eiwit, omega 3-vetzuren (EPA &amp; DHA) en prebiotica maakt BraveBites\u00ae praktisch inzetbaar als aanvulling naast de reguliere behandeling.","og_url":"https:\/\/maxani.nl\/es\/producto\/bravebites\/","og_site_name":"Maxani Animal Healthcare BV","article_modified_time":"2026-03-17T14:00:53+00:00","og_image":[{"width":1080,"height":1350,"url":"https:\/\/maxani.nl\/wp-content\/uploads\/2026\/01\/Ontwerp-zonder-titel-18.png","type":"image\/png"}],"twitter_card":"summary_large_image","twitter_misc":{"Tiempo de lectura":"2 minutos"},"schema":{"@context":"https:\/\/schema.org","@graph":[{"@type":"WebPage","@id":"https:\/\/maxani.nl\/product\/bravebites\/","url":"https:\/\/maxani.nl\/product\/bravebites\/","name":"BraveBites\u00ae - Maxani Animal Healthcare BV","isPartOf":{"@id":"https:\/\/maxani.nl\/#website"},"primaryImageOfPage":{"@id":"https:\/\/maxani.nl\/product\/bravebites\/#primaryimage"},"image":{"@id":"https:\/\/maxani.nl\/product\/bravebites\/#primaryimage"},"thumbnailUrl":"https:\/\/maxani.nl\/wp-content\/uploads\/2026\/01\/Ontwerp-zonder-titel-18.png","datePublished":"2026-01-26T10:41:38+00:00","dateModified":"2026-03-17T14:00:53+00:00","breadcrumb":{"@id":"https:\/\/maxani.nl\/product\/bravebites\/#breadcrumb"},"inLanguage":"es","potentialAction":[{"@type":"ReadAction","target":["https:\/\/maxani.nl\/product\/bravebites\/"]}]},{"@type":"ImageObject","inLanguage":"es","@id":"https:\/\/maxani.nl\/product\/bravebites\/#primaryimage","url":"https:\/\/maxani.nl\/wp-content\/uploads\/2026\/01\/Ontwerp-zonder-titel-18.png","contentUrl":"https:\/\/maxani.nl\/wp-content\/uploads\/2026\/01\/Ontwerp-zonder-titel-18.png","width":1080,"height":1350},{"@type":"BreadcrumbList","@id":"https:\/\/maxani.nl\/product\/bravebites\/#breadcrumb","itemListElement":[{"@type":"ListItem","position":1,"name":"Home","item":"https:\/\/maxani.nl\/"},{"@type":"ListItem","position":2,"name":"Webshop","item":"https:\/\/maxani.nl\/webshop\/"},{"@type":"ListItem","position":3,"name":"BraveBites\u00ae"}]},{"@type":"WebSite","@id":"https:\/\/maxani.nl\/#website","url":"https:\/\/maxani.nl\/","name":"Maxani Animal Healthcare BV","description":"Su socio en dermatolog\u00eda veterinaria","potentialAction":[{"@type":"SearchAction","target":{"@type":"EntryPoint","urlTemplate":"https:\/\/maxani.nl\/?s={search_term_string}"},"query-input":{"@type":"PropertyValueSpecification","valueRequired":true,"valueName":"search_term_string"}}],"inLanguage":"es"}]}},"jetpack_sharing_enabled":true,"_links":{"self":[{"href":"https:\/\/maxani.nl\/es\/wp-json\/wp\/v2\/product\/18690","targetHints":{"allow":["GET"]}}],"collection":[{"href":"https:\/\/maxani.nl\/es\/wp-json\/wp\/v2\/product"}],"about":[{"href":"https:\/\/maxani.nl\/es\/wp-json\/wp\/v2\/types\/product"}],"wp:featuredmedia":[{"embeddable":true,"href":"https:\/\/maxani.nl\/es\/wp-json\/wp\/v2\/media\/18701"}],"wp:attachment":[{"href":"https:\/\/maxani.nl\/es\/wp-json\/wp\/v2\/media?parent=18690"}],"wp:term":[{"taxonomy":"product_brand","embeddable":true,"href":"https:\/\/maxani.nl\/es\/wp-json\/wp\/v2\/product_brand?post=18690"},{"taxonomy":"product_cat","embeddable":true,"href":"https:\/\/maxani.nl\/es\/wp-json\/wp\/v2\/product_cat?post=18690"},{"taxonomy":"product_tag","embeddable":true,"href":"https:\/\/maxani.nl\/es\/wp-json\/wp\/v2\/product_tag?post=18690"}],"curies":[{"name":"wp","href":"https:\/\/api.w.org\/{rel}","templated":true}]}}