{"id":18678,"date":"2026-01-26T10:20:37","date_gmt":"2026-01-26T10:20:37","guid":{"rendered":"https:\/\/maxani.nl\/?post_type=product&#038;p=18678"},"modified":"2026-04-02T13:41:18","modified_gmt":"2026-04-02T13:41:18","slug":"aluco-guardian-npwt-system","status":"publish","type":"product","link":"https:\/\/maxani.nl\/es\/producto\/aluco-guardian-npwt-system\/","title":{"rendered":"Sistema Aluco Guardian\u2122 de PNT"},"content":{"rendered":"<p data-start=\"119\" data-end=\"593\"><strong data-start=\"119\" data-end=\"161\">Terapia de herida a presi\u00f3n negativa (THPN)<\/strong> met het <strong data-start=\"170\" data-end=\"197\">Sistema Aluco Guardi\u00e1n\u2122<\/strong> El tratamiento de heridas complejas y de dif\u00edcil cicatrizaci\u00f3n se apoya en la aplicaci\u00f3n controlada de presi\u00f3n negativa en el lecho de la herida. Esta presi\u00f3n negativa asegura un drenaje activo del exudado, reduce el edema y la carga bacteriana, y mejora la microcirculaci\u00f3n. Esto aumenta el suministro de ox\u00edgeno al tejido y promueve la formaci\u00f3n de tejido de granulaci\u00f3n sano.<\/p>\n<p data-start=\"595\" data-end=\"924\">En la pr\u00e1ctica, esto conduce a que las heridas se estabilicen m\u00e1s r\u00e1pido y sean m\u00e1s adecuadas para la reconstrucci\u00f3n o el cierre definitivo de la herida. La experiencia cl\u00ednica y los estudios demuestran que este proceso es significativamente m\u00e1s r\u00e1pido en comparaci\u00f3n con el tratamiento convencional de heridas, en algunos casos incluso en aproximadamente la mitad de tiempo.<\/p>\n<p data-start=\"926\" data-end=\"961\">El sistema puede ser desplegado en:<\/p>\n<ul>\n<li data-start=\"964\" data-end=\"1007\">Abra las heridas traum\u00e1ticas infectadas<\/li>\n<li data-start=\"1010\" data-end=\"1022\">mordeduras<\/li>\n<li data-start=\"1025\" data-end=\"1068\">heridas postoperatorias y dehiscencias de heridas<\/li>\n<li data-start=\"1071\" data-end=\"1132\">pi\u00f3geno en heridas necrosantes tras desbridamiento quir\u00fargico<\/li>\n<li data-start=\"1135\" data-end=\"1236\">heridas oncol\u00f3gicas despu\u00e9s de resecci\u00f3n marginal completa (sin evidencia de met\u00e1stasis activa)<\/li>\n<li data-start=\"1239\" data-end=\"1277\">heridas con implantes expuestos<\/li>\n<li data-start=\"1280\" data-end=\"1338\">soporte de colgajos de piel y injertos de piel libre<\/li>\n<\/ul>\n<h3 data-start=\"142\" data-end=\"200\">Opciones de venta y alquiler del sistema Aluco Guardian\u2122 NPWT<\/h3>\n<p data-start=\"202\" data-end=\"357\">Ofrecemos <strong data-start=\"213\" data-end=\"247\">diferentes opciones<\/strong> para el uso del sistema Aluco Guardian\u2122 NPWT, adaptado a la necesidad de la pr\u00e1ctica y el tipo de herida.<\/p>\n<h4 data-start=\"359\" data-end=\"371\"><strong>Compra<\/strong><\/h4>\n<ul>\n<li data-start=\"374\" data-end=\"426\">El sistema NPWT se puede adquirir en su totalidad<\/li>\n<li data-start=\"429\" data-end=\"492\">Los juegos de ap\u00f3sitos y los recipientes tambi\u00e9n est\u00e1n disponibles por separado.<\/li>\n<\/ul>\n<h4 data-start=\"494\" data-end=\"506\"><strong>Alquiler<\/strong><\/h4>\n<p data-start=\"507\" data-end=\"567\">El alquiler del sistema NPWT siempre se realiza previa consulta. Para uso temporal ofrecemos lo siguiente <strong data-start=\"552\" data-end=\"566\">opciones de alquiler<\/strong>:<\/p>\n<p data-start=\"569\" data-end=\"593\"><strong data-start=\"569\" data-end=\"593\">Paquete de alquiler \u2013 5 d\u00edas<\/strong><\/p>\n<ul>\n<li data-start=\"596\" data-end=\"610\">Sistema de NPWT<\/li>\n<li data-start=\"613\" data-end=\"626\">3\u00d7 aderezo<\/li>\n<li data-start=\"629\" data-end=\"642\">4\u00d7 recipiente<\/li>\n<li data-start=\"645\" data-end=\"666\">6 tiras para estoma<\/li>\n<\/ul>\n<p data-start=\"668\" data-end=\"692\"><strong data-start=\"668\" data-end=\"692\">Paquete de alquiler \u2013 3 d\u00edas<\/strong><\/p>\n<ul>\n<li data-start=\"695\" data-end=\"709\">Sistema de NPWT<\/li>\n<li data-start=\"712\" data-end=\"725\">1\u00d7 ali\u00f1o<\/li>\n<li data-start=\"728\" data-end=\"742\">2\u00d7 recipientes<\/li>\n<li data-start=\"745\" data-end=\"766\">2x tiras de estoma<\/li>\n<\/ul>\n<p data-start=\"768\" data-end=\"786\"><strong data-start=\"768\" data-end=\"786\">Alquiler de sistemas<\/strong><\/p>\n<ul>\n<li data-start=\"789\" data-end=\"838\">Solo alquilar el sistema NPWT por 3 d\u00edas<\/li>\n<li data-start=\"841\" data-end=\"913\">Tambi\u00e9n es posible: alquiler del sistema solo por m\u00e1s de 3 d\u00edas.<\/li>\n<\/ul>","protected":false},"excerpt":{"rendered":"<p><strong data-start=\"157\" data-end=\"199\">Terapia de herida a presi\u00f3n negativa (THPN)<\/strong> met het <strong data-start=\"208\" data-end=\"257\"><span class=\"hover:entity-accent entity-underline inline cursor-pointer align-baseline\"><span class=\"whitespace-normal\">Guardi\u00e1n Aluco<\/span><\/span>sistema<\/strong> es un tratamiento de heridas de apoyo para heridas complejas y de lenta curaci\u00f3n. A trav\u00e9s de una presi\u00f3n negativa controlada, el exudado se drena activamente, se reduce el edema y se optimiza el lecho de la herida. Esto apoya la microcirculaci\u00f3n y promueve la formaci\u00f3n de tejido de granulaci\u00f3n saludable.<\/p>","protected":false},"featured_media":18679,"template":"","meta":[],"product_brand":[],"product_cat":[15,29,41],"product_tag":[275,276,278,277,264,232],"class_list":{"0":"post-18678","1":"product","2":"type-product","3":"status-publish","4":"has-post-thumbnail","6":"product_cat-alle-producten","7":"product_cat-maxani","8":"product_cat-wond-en-huidplooi","9":"product_tag-275","10":"product_tag-aluco","11":"product_tag-npwt","12":"product_tag-techniek","13":"product_tag-wond","14":"product_tag-wondverzorging","16":"first","17":"instock","18":"taxable","19":"shipping-taxable","20":"product-type-variable"},"yoast_head":"<!-- This site is optimized with the Yoast SEO plugin v27.1.1 - https:\/\/yoast.com\/product\/yoast-seo-wordpress\/ -->\n<title>Aluco Guardian\u2122 NPWT system - Maxani Animal Healthcare BV<\/title>\n<meta name=\"robots\" content=\"index, follow, max-snippet:-1, max-image-preview:large, max-video-preview:-1\" \/>\n<link rel=\"canonical\" href=\"https:\/\/maxani.nl\/es\/producto\/aluco-guardian-npwt-system\/\" \/>\n<meta property=\"og:locale\" content=\"es_ES\" \/>\n<meta property=\"og:type\" content=\"article\" \/>\n<meta property=\"og:title\" content=\"Aluco Guardian\u2122 NPWT system - Maxani Animal Healthcare BV\" \/>\n<meta property=\"og:description\" content=\"Negative Pressure Wound Therapy (NPWT) met het Aluco Guardian-systeem is een ondersteunende wondbehandeling voor complexe en slecht genezende wonden. Door gecontroleerde negatieve onderdruk wordt exsudaat actief afgevoerd, oedeem verminderd en het wondbed geoptimaliseerd. Dit ondersteunt de microcirculatie en bevordert de vorming van gezond granulatieweefsel.\" \/>\n<meta property=\"og:url\" content=\"https:\/\/maxani.nl\/es\/producto\/aluco-guardian-npwt-system\/\" \/>\n<meta property=\"og:site_name\" content=\"Maxani Animal Healthcare BV\" \/>\n<meta property=\"article:modified_time\" content=\"2026-04-02T13:41:18+00:00\" \/>\n<meta property=\"og:image\" content=\"https:\/\/maxani.nl\/wp-content\/uploads\/2026\/01\/Ontwerp-zonder-titel-10.png\" \/>\n\t<meta property=\"og:image:width\" content=\"1080\" \/>\n\t<meta property=\"og:image:height\" content=\"1350\" \/>\n\t<meta property=\"og:image:type\" content=\"image\/png\" \/>\n<meta name=\"twitter:card\" content=\"summary_large_image\" \/>\n<meta name=\"twitter:label1\" content=\"Tiempo de lectura\" \/>\n\t<meta name=\"twitter:data1\" content=\"2 minutos\" \/>\n<script type=\"application\/ld+json\" class=\"yoast-schema-graph\">{\"@context\":\"https:\/\/schema.org\",\"@graph\":[{\"@type\":\"WebPage\",\"@id\":\"https:\/\/maxani.nl\/product\/aluco-guardian-npwt-system\/\",\"url\":\"https:\/\/maxani.nl\/product\/aluco-guardian-npwt-system\/\",\"name\":\"Aluco Guardian\u2122 NPWT system - Maxani Animal Healthcare BV\",\"isPartOf\":{\"@id\":\"https:\/\/maxani.nl\/#website\"},\"primaryImageOfPage\":{\"@id\":\"https:\/\/maxani.nl\/product\/aluco-guardian-npwt-system\/#primaryimage\"},\"image\":{\"@id\":\"https:\/\/maxani.nl\/product\/aluco-guardian-npwt-system\/#primaryimage\"},\"thumbnailUrl\":\"https:\/\/maxani.nl\/wp-content\/uploads\/2026\/01\/Ontwerp-zonder-titel-10.png\",\"datePublished\":\"2026-01-26T10:20:37+00:00\",\"dateModified\":\"2026-04-02T13:41:18+00:00\",\"breadcrumb\":{\"@id\":\"https:\/\/maxani.nl\/product\/aluco-guardian-npwt-system\/#breadcrumb\"},\"inLanguage\":\"es\",\"potentialAction\":[{\"@type\":\"ReadAction\",\"target\":[\"https:\/\/maxani.nl\/product\/aluco-guardian-npwt-system\/\"]}]},{\"@type\":\"ImageObject\",\"inLanguage\":\"es\",\"@id\":\"https:\/\/maxani.nl\/product\/aluco-guardian-npwt-system\/#primaryimage\",\"url\":\"https:\/\/maxani.nl\/wp-content\/uploads\/2026\/01\/Ontwerp-zonder-titel-10.png\",\"contentUrl\":\"https:\/\/maxani.nl\/wp-content\/uploads\/2026\/01\/Ontwerp-zonder-titel-10.png\",\"width\":1080,\"height\":1350},{\"@type\":\"BreadcrumbList\",\"@id\":\"https:\/\/maxani.nl\/product\/aluco-guardian-npwt-system\/#breadcrumb\",\"itemListElement\":[{\"@type\":\"ListItem\",\"position\":1,\"name\":\"Home\",\"item\":\"https:\/\/maxani.nl\/\"},{\"@type\":\"ListItem\",\"position\":2,\"name\":\"Webshop\",\"item\":\"https:\/\/maxani.nl\/webshop\/\"},{\"@type\":\"ListItem\",\"position\":3,\"name\":\"Aluco Guardian\u2122 NPWT system\"}]},{\"@type\":\"WebSite\",\"@id\":\"https:\/\/maxani.nl\/#website\",\"url\":\"https:\/\/maxani.nl\/\",\"name\":\"Maxani Animal Healthcare BV\",\"description\":\"Uw partner in veterinaire dermatologie\",\"potentialAction\":[{\"@type\":\"SearchAction\",\"target\":{\"@type\":\"EntryPoint\",\"urlTemplate\":\"https:\/\/maxani.nl\/?s={search_term_string}\"},\"query-input\":{\"@type\":\"PropertyValueSpecification\",\"valueRequired\":true,\"valueName\":\"search_term_string\"}}],\"inLanguage\":\"es\"}]}<\/script>\n<!-- \/ Yoast SEO plugin. -->","yoast_head_json":{"title":"Aluco Guardian\u2122 NPWT system - Maxani Animal Healthcare BV","robots":{"index":"index","follow":"follow","max-snippet":"max-snippet:-1","max-image-preview":"max-image-preview:large","max-video-preview":"max-video-preview:-1"},"canonical":"https:\/\/maxani.nl\/es\/producto\/aluco-guardian-npwt-system\/","og_locale":"es_ES","og_type":"article","og_title":"Aluco Guardian\u2122 NPWT system - Maxani Animal Healthcare BV","og_description":"Negative Pressure Wound Therapy (NPWT) met het Aluco Guardian-systeem is een ondersteunende wondbehandeling voor complexe en slecht genezende wonden. Door gecontroleerde negatieve onderdruk wordt exsudaat actief afgevoerd, oedeem verminderd en het wondbed geoptimaliseerd. Dit ondersteunt de microcirculatie en bevordert de vorming van gezond granulatieweefsel.","og_url":"https:\/\/maxani.nl\/es\/producto\/aluco-guardian-npwt-system\/","og_site_name":"Maxani Animal Healthcare BV","article_modified_time":"2026-04-02T13:41:18+00:00","og_image":[{"width":1080,"height":1350,"url":"https:\/\/maxani.nl\/wp-content\/uploads\/2026\/01\/Ontwerp-zonder-titel-10.png","type":"image\/png"}],"twitter_card":"summary_large_image","twitter_misc":{"Tiempo de lectura":"2 minutos"},"schema":{"@context":"https:\/\/schema.org","@graph":[{"@type":"WebPage","@id":"https:\/\/maxani.nl\/product\/aluco-guardian-npwt-system\/","url":"https:\/\/maxani.nl\/product\/aluco-guardian-npwt-system\/","name":"Aluco Guardian\u2122 NPWT system - Maxani Animal Healthcare BV","isPartOf":{"@id":"https:\/\/maxani.nl\/#website"},"primaryImageOfPage":{"@id":"https:\/\/maxani.nl\/product\/aluco-guardian-npwt-system\/#primaryimage"},"image":{"@id":"https:\/\/maxani.nl\/product\/aluco-guardian-npwt-system\/#primaryimage"},"thumbnailUrl":"https:\/\/maxani.nl\/wp-content\/uploads\/2026\/01\/Ontwerp-zonder-titel-10.png","datePublished":"2026-01-26T10:20:37+00:00","dateModified":"2026-04-02T13:41:18+00:00","breadcrumb":{"@id":"https:\/\/maxani.nl\/product\/aluco-guardian-npwt-system\/#breadcrumb"},"inLanguage":"es","potentialAction":[{"@type":"ReadAction","target":["https:\/\/maxani.nl\/product\/aluco-guardian-npwt-system\/"]}]},{"@type":"ImageObject","inLanguage":"es","@id":"https:\/\/maxani.nl\/product\/aluco-guardian-npwt-system\/#primaryimage","url":"https:\/\/maxani.nl\/wp-content\/uploads\/2026\/01\/Ontwerp-zonder-titel-10.png","contentUrl":"https:\/\/maxani.nl\/wp-content\/uploads\/2026\/01\/Ontwerp-zonder-titel-10.png","width":1080,"height":1350},{"@type":"BreadcrumbList","@id":"https:\/\/maxani.nl\/product\/aluco-guardian-npwt-system\/#breadcrumb","itemListElement":[{"@type":"ListItem","position":1,"name":"Home","item":"https:\/\/maxani.nl\/"},{"@type":"ListItem","position":2,"name":"Webshop","item":"https:\/\/maxani.nl\/webshop\/"},{"@type":"ListItem","position":3,"name":"Aluco Guardian\u2122 NPWT system"}]},{"@type":"WebSite","@id":"https:\/\/maxani.nl\/#website","url":"https:\/\/maxani.nl\/","name":"Maxani Animal Healthcare BV","description":"Su socio en dermatolog\u00eda veterinaria","potentialAction":[{"@type":"SearchAction","target":{"@type":"EntryPoint","urlTemplate":"https:\/\/maxani.nl\/?s={search_term_string}"},"query-input":{"@type":"PropertyValueSpecification","valueRequired":true,"valueName":"search_term_string"}}],"inLanguage":"es"}]}},"jetpack_sharing_enabled":true,"_links":{"self":[{"href":"https:\/\/maxani.nl\/es\/wp-json\/wp\/v2\/product\/18678","targetHints":{"allow":["GET"]}}],"collection":[{"href":"https:\/\/maxani.nl\/es\/wp-json\/wp\/v2\/product"}],"about":[{"href":"https:\/\/maxani.nl\/es\/wp-json\/wp\/v2\/types\/product"}],"wp:featuredmedia":[{"embeddable":true,"href":"https:\/\/maxani.nl\/es\/wp-json\/wp\/v2\/media\/18679"}],"wp:attachment":[{"href":"https:\/\/maxani.nl\/es\/wp-json\/wp\/v2\/media?parent=18678"}],"wp:term":[{"taxonomy":"product_brand","embeddable":true,"href":"https:\/\/maxani.nl\/es\/wp-json\/wp\/v2\/product_brand?post=18678"},{"taxonomy":"product_cat","embeddable":true,"href":"https:\/\/maxani.nl\/es\/wp-json\/wp\/v2\/product_cat?post=18678"},{"taxonomy":"product_tag","embeddable":true,"href":"https:\/\/maxani.nl\/es\/wp-json\/wp\/v2\/product_tag?post=18678"}],"curies":[{"name":"wp","href":"https:\/\/api.w.org\/{rel}","templated":true}]}}