{"id":18166,"date":"2025-10-16T12:03:15","date_gmt":"2025-10-16T12:03:15","guid":{"rendered":"https:\/\/maxani.nl\/?post_type=product&#038;p=18166"},"modified":"2026-03-04T12:22:46","modified_gmt":"2026-03-04T12:22:46","slug":"skin-repair-serum","status":"publish","type":"product","link":"https:\/\/maxani.nl\/es\/producto\/skin-repair-serum\/","title":{"rendered":"Suero reparador de la piel"},"content":{"rendered":"<p><strong>Por qu\u00e9 funciona Skin Repair Serum<\/strong><br \/>\nSkin Repair Serum favorece la reparaci\u00f3n natural de la barrera cut\u00e1nea con una combinaci\u00f3n \u00fanica de escualeno, \u00e1cidos grasos omega 3-6-7-9, aceite de espino amarillo, aceite de echium y vitamina E.<\/p>\n<ul>\n<li>Ayuda a las pieles con picores, rojeces y sequedad<\/li>\n<li>Hidrata y calma la piel sensible<\/li>\n<li>Favorece la reparaci\u00f3n y el fortalecimiento de la barrera cut\u00e1nea<\/li>\n<li>Contribuye a un pelaje sano y ayuda a la piel en caso de ca\u00edda del cabello<\/li>\n<\/ul>\n<p>Gracias a esta composici\u00f3n sin\u00e9rgica, el suero proporciona un cuidado eficaz a los animales con piel sensible, seca o irritada.<\/p>\n<p><strong>Indicaciones<\/strong><br \/>\nPara perros, gatos, caballos, conejos y roedores con piel sensible, irritada, seca o fr\u00e1gil, en los que el cuidado estructural de la piel es importante para mantener una barrera cut\u00e1nea sana. Skin Repair Serum ayuda a la piel en casos de alergias, descamaci\u00f3n, picor, sequedad, enrojecimiento o zonas irritadas de la piel. Tambi\u00e9n es adecuado para el pelaje apagado o est\u00e1tico y la ca\u00edda excesiva del pelo.<\/p>\n<p><strong>Utilice<\/strong><br \/>\nAplicar sobre la piel seca, preferentemente en la base del cuello, la base de la cola o directamente en zonas problem\u00e1ticas como ingles, axilas o patas. Extender la capa con los dedos de forma que la piel quede visible. No es necesario masajear; el suero se extiende sobre la piel por s\u00ed solo. Empezar con una administraci\u00f3n de al menos tres veces por semana (puede ser diaria) durante seis semanas. A partir de entonces, una o dos veces por semana o seg\u00fan sea necesario en caso de molestias recurrentes.<\/p>\n<p><strong>Consejos pr\u00e1cticos<\/strong><br \/>\nAplicar al menos 12 horas antes o 24 horas despu\u00e9s del lavado. Puede combinarse de forma segura con otros productos para el cuidado de la piel o champ\u00fas.<\/p>","protected":false},"excerpt":{"rendered":"<p>Un suero intensamente nutritivo que favorece la reparaci\u00f3n natural de la barrera cut\u00e1nea.<\/p>\n<p>Su f\u00f3rmula sin\u00e9rgica proporciona un cuidado eficaz a los animales con piel sensible, seca o irritada.<\/p>\n<p>Disponible en 15, 30 o 50 ml.<\/p>\n<span class=\"wppb-content-restriction-message\"><p data-opacity=\"0.5\">Debe iniciar sesi\u00f3n para obtener m\u00e1s informaci\u00f3n<\/p>\n<\/span>","protected":false},"featured_media":18178,"template":"","meta":[],"product_brand":[],"product_cat":[15,29,24],"product_tag":[],"class_list":{"0":"post-18166","1":"product","2":"type-product","3":"status-publish","4":"has-post-thumbnail","6":"product_cat-alle-producten","7":"product_cat-maxani","8":"product_cat-atopie","10":"first","11":"instock","12":"taxable","13":"shipping-taxable","14":"product-type-variable"},"yoast_head":"<!-- This site is optimized with the Yoast SEO plugin v27.1.1 - https:\/\/yoast.com\/product\/yoast-seo-wordpress\/ -->\n<title>Skin Repair Serum - Maxani Animal Healthcare BV<\/title>\n<meta name=\"robots\" content=\"index, follow, max-snippet:-1, max-image-preview:large, max-video-preview:-1\" \/>\n<link rel=\"canonical\" href=\"https:\/\/maxani.nl\/es\/producto\/skin-repair-serum\/\" \/>\n<meta property=\"og:locale\" content=\"es_ES\" \/>\n<meta property=\"og:type\" content=\"article\" \/>\n<meta property=\"og:title\" content=\"Skin Repair Serum - Maxani Animal Healthcare BV\" \/>\n<meta property=\"og:description\" content=\"Een intensief voedend serum dat het natuurlijke herstel van de huid barri\u00e8re\u00a0ondersteunt.  De synergetische formule biedt effectieve verzorging voor dieren met een gevoelige, droge of ge\u00efrriteerde huid.  Verkrijgbaar in 15, 30 of 50 ml.\" \/>\n<meta property=\"og:url\" content=\"https:\/\/maxani.nl\/es\/producto\/skin-repair-serum\/\" \/>\n<meta property=\"og:site_name\" content=\"Maxani Animal Healthcare BV\" \/>\n<meta property=\"article:modified_time\" content=\"2026-03-04T12:22:46+00:00\" \/>\n<meta property=\"og:image\" content=\"https:\/\/maxani.nl\/wp-content\/uploads\/2025\/10\/Maxani-skin-repair-serum-serie.jpg\" \/>\n\t<meta property=\"og:image:width\" content=\"1218\" \/>\n\t<meta property=\"og:image:height\" content=\"1217\" \/>\n\t<meta property=\"og:image:type\" content=\"image\/jpeg\" \/>\n<meta name=\"twitter:card\" content=\"summary_large_image\" \/>\n<meta name=\"twitter:label1\" content=\"Tiempo de lectura\" \/>\n\t<meta name=\"twitter:data1\" content=\"2 minutos\" \/>\n<script type=\"application\/ld+json\" class=\"yoast-schema-graph\">{\"@context\":\"https:\/\/schema.org\",\"@graph\":[{\"@type\":\"WebPage\",\"@id\":\"https:\/\/maxani.nl\/product\/skin-repair-serum\/\",\"url\":\"https:\/\/maxani.nl\/product\/skin-repair-serum\/\",\"name\":\"Skin Repair Serum - Maxani Animal Healthcare BV\",\"isPartOf\":{\"@id\":\"https:\/\/maxani.nl\/#website\"},\"primaryImageOfPage\":{\"@id\":\"https:\/\/maxani.nl\/product\/skin-repair-serum\/#primaryimage\"},\"image\":{\"@id\":\"https:\/\/maxani.nl\/product\/skin-repair-serum\/#primaryimage\"},\"thumbnailUrl\":\"https:\/\/maxani.nl\/wp-content\/uploads\/2025\/10\/Maxani-skin-repair-serum-serie.jpg\",\"datePublished\":\"2025-10-16T12:03:15+00:00\",\"dateModified\":\"2026-03-04T12:22:46+00:00\",\"breadcrumb\":{\"@id\":\"https:\/\/maxani.nl\/product\/skin-repair-serum\/#breadcrumb\"},\"inLanguage\":\"es\",\"potentialAction\":[{\"@type\":\"ReadAction\",\"target\":[\"https:\/\/maxani.nl\/product\/skin-repair-serum\/\"]}]},{\"@type\":\"ImageObject\",\"inLanguage\":\"es\",\"@id\":\"https:\/\/maxani.nl\/product\/skin-repair-serum\/#primaryimage\",\"url\":\"https:\/\/maxani.nl\/wp-content\/uploads\/2025\/10\/Maxani-skin-repair-serum-serie.jpg\",\"contentUrl\":\"https:\/\/maxani.nl\/wp-content\/uploads\/2025\/10\/Maxani-skin-repair-serum-serie.jpg\",\"width\":1218,\"height\":1217},{\"@type\":\"BreadcrumbList\",\"@id\":\"https:\/\/maxani.nl\/product\/skin-repair-serum\/#breadcrumb\",\"itemListElement\":[{\"@type\":\"ListItem\",\"position\":1,\"name\":\"Home\",\"item\":\"https:\/\/maxani.nl\/\"},{\"@type\":\"ListItem\",\"position\":2,\"name\":\"Webshop\",\"item\":\"https:\/\/maxani.nl\/webshop\/\"},{\"@type\":\"ListItem\",\"position\":3,\"name\":\"Skin Repair Serum\"}]},{\"@type\":\"WebSite\",\"@id\":\"https:\/\/maxani.nl\/#website\",\"url\":\"https:\/\/maxani.nl\/\",\"name\":\"Maxani Animal Healthcare BV\",\"description\":\"Uw partner in veterinaire dermatologie\",\"potentialAction\":[{\"@type\":\"SearchAction\",\"target\":{\"@type\":\"EntryPoint\",\"urlTemplate\":\"https:\/\/maxani.nl\/?s={search_term_string}\"},\"query-input\":{\"@type\":\"PropertyValueSpecification\",\"valueRequired\":true,\"valueName\":\"search_term_string\"}}],\"inLanguage\":\"es\"}]}<\/script>\n<!-- \/ Yoast SEO plugin. -->","yoast_head_json":{"title":"Skin Repair Serum - Maxani Animal Healthcare BV","robots":{"index":"index","follow":"follow","max-snippet":"max-snippet:-1","max-image-preview":"max-image-preview:large","max-video-preview":"max-video-preview:-1"},"canonical":"https:\/\/maxani.nl\/es\/producto\/skin-repair-serum\/","og_locale":"es_ES","og_type":"article","og_title":"Skin Repair Serum - Maxani Animal Healthcare BV","og_description":"Een intensief voedend serum dat het natuurlijke herstel van de huid barri\u00e8re\u00a0ondersteunt.  De synergetische formule biedt effectieve verzorging voor dieren met een gevoelige, droge of ge\u00efrriteerde huid.  Verkrijgbaar in 15, 30 of 50 ml.","og_url":"https:\/\/maxani.nl\/es\/producto\/skin-repair-serum\/","og_site_name":"Maxani Animal Healthcare BV","article_modified_time":"2026-03-04T12:22:46+00:00","og_image":[{"width":1218,"height":1217,"url":"https:\/\/maxani.nl\/wp-content\/uploads\/2025\/10\/Maxani-skin-repair-serum-serie.jpg","type":"image\/jpeg"}],"twitter_card":"summary_large_image","twitter_misc":{"Tiempo de lectura":"2 minutos"},"schema":{"@context":"https:\/\/schema.org","@graph":[{"@type":"WebPage","@id":"https:\/\/maxani.nl\/product\/skin-repair-serum\/","url":"https:\/\/maxani.nl\/product\/skin-repair-serum\/","name":"Skin Repair Serum - Maxani Animal Healthcare BV","isPartOf":{"@id":"https:\/\/maxani.nl\/#website"},"primaryImageOfPage":{"@id":"https:\/\/maxani.nl\/product\/skin-repair-serum\/#primaryimage"},"image":{"@id":"https:\/\/maxani.nl\/product\/skin-repair-serum\/#primaryimage"},"thumbnailUrl":"https:\/\/maxani.nl\/wp-content\/uploads\/2025\/10\/Maxani-skin-repair-serum-serie.jpg","datePublished":"2025-10-16T12:03:15+00:00","dateModified":"2026-03-04T12:22:46+00:00","breadcrumb":{"@id":"https:\/\/maxani.nl\/product\/skin-repair-serum\/#breadcrumb"},"inLanguage":"es","potentialAction":[{"@type":"ReadAction","target":["https:\/\/maxani.nl\/product\/skin-repair-serum\/"]}]},{"@type":"ImageObject","inLanguage":"es","@id":"https:\/\/maxani.nl\/product\/skin-repair-serum\/#primaryimage","url":"https:\/\/maxani.nl\/wp-content\/uploads\/2025\/10\/Maxani-skin-repair-serum-serie.jpg","contentUrl":"https:\/\/maxani.nl\/wp-content\/uploads\/2025\/10\/Maxani-skin-repair-serum-serie.jpg","width":1218,"height":1217},{"@type":"BreadcrumbList","@id":"https:\/\/maxani.nl\/product\/skin-repair-serum\/#breadcrumb","itemListElement":[{"@type":"ListItem","position":1,"name":"Home","item":"https:\/\/maxani.nl\/"},{"@type":"ListItem","position":2,"name":"Webshop","item":"https:\/\/maxani.nl\/webshop\/"},{"@type":"ListItem","position":3,"name":"Skin Repair Serum"}]},{"@type":"WebSite","@id":"https:\/\/maxani.nl\/#website","url":"https:\/\/maxani.nl\/","name":"Maxani Animal Healthcare BV","description":"Su socio en dermatolog\u00eda veterinaria","potentialAction":[{"@type":"SearchAction","target":{"@type":"EntryPoint","urlTemplate":"https:\/\/maxani.nl\/?s={search_term_string}"},"query-input":{"@type":"PropertyValueSpecification","valueRequired":true,"valueName":"search_term_string"}}],"inLanguage":"es"}]}},"jetpack_sharing_enabled":true,"_links":{"self":[{"href":"https:\/\/maxani.nl\/es\/wp-json\/wp\/v2\/product\/18166","targetHints":{"allow":["GET"]}}],"collection":[{"href":"https:\/\/maxani.nl\/es\/wp-json\/wp\/v2\/product"}],"about":[{"href":"https:\/\/maxani.nl\/es\/wp-json\/wp\/v2\/types\/product"}],"wp:featuredmedia":[{"embeddable":true,"href":"https:\/\/maxani.nl\/es\/wp-json\/wp\/v2\/media\/18178"}],"wp:attachment":[{"href":"https:\/\/maxani.nl\/es\/wp-json\/wp\/v2\/media?parent=18166"}],"wp:term":[{"taxonomy":"product_brand","embeddable":true,"href":"https:\/\/maxani.nl\/es\/wp-json\/wp\/v2\/product_brand?post=18166"},{"taxonomy":"product_cat","embeddable":true,"href":"https:\/\/maxani.nl\/es\/wp-json\/wp\/v2\/product_cat?post=18166"},{"taxonomy":"product_tag","embeddable":true,"href":"https:\/\/maxani.nl\/es\/wp-json\/wp\/v2\/product_tag?post=18166"}],"curies":[{"name":"wp","href":"https:\/\/api.w.org\/{rel}","templated":true}]}}