{"id":163,"date":"2019-08-13T12:17:52","date_gmt":"2019-08-13T12:17:52","guid":{"rendered":"https:\/\/maandvandehuidverzorging.nl\/?post_type=product&#038;p=163"},"modified":"2026-03-04T12:09:03","modified_gmt":"2026-03-04T12:09:03","slug":"zure-oordruppels","status":"publish","type":"product","link":"https:\/\/maxani.nl\/es\/producto\/zure-oordruppels\/","title":{"rendered":"Maxani Acetic Ear Drops (Gotas \u00e1cidas para los o\u00eddos)"},"content":{"rendered":"<p><strong>Indicaciones<\/strong><\/p>\n<p>Otitis externa aguda y proliferativa o como producto de mantenimiento en otitis externas cr\u00f3nicas recurrentes y perros que nadan mucho.<\/p>\n<p><strong>Operaci\u00f3n<\/strong><\/p>\n<p>El principio activo \u00e1cido ac\u00e9tico reduce el pH del conducto auditivo externo, creando un entorno desfavorable para los microorganismos no deseados. Es un producto de mantenimiento adecuado, ayuda r\u00e1pidamente y garantiza unos o\u00eddos sanos.<\/p>\n<p><strong>Utilice<\/strong><\/p>\n<p>Antes de usarlo, consulte a un veterinario y siga el uso prescrito. La dosis habitual para un o\u00eddo irritado es de 1-3 veces al d\u00eda 5-20 gotas, dependiendo del tama\u00f1o del animal, directamente en el o\u00eddo a tratar. Normalmente para un perro peque\u00f1o (10kg) administrar \u00bd pipeta (10- 20 gotas) por o\u00eddo. Para el mantenimiento, la dosis habitual es de 1-3 veces a la semana, y para los perros que sufren mucho debido a la nataci\u00f3n, se recomienda tratar antes o despu\u00e9s de nadar.<\/p>\n<p>Aseg\u00farese de que las gotas est\u00e9n a temperatura ambiente antes de administrarlas, por ejemplo, calentando el frasco en la mano. Tras la administraci\u00f3n, es importante mantener una mano sobre el o\u00eddo durante unos 2 minutos para permitir que las gotas se distribuyan uniformemente en el conducto auditivo. Agitar el frasco despu\u00e9s de esto no supone ning\u00fan problema. Evite masajear el o\u00eddo.<\/p>\n<span class=\"wppb-content-restriction-message\"><p data-opacity=\"0.5\">Debe iniciar sesi\u00f3n para obtener m\u00e1s informaci\u00f3n<\/p>\n<\/span>","protected":false},"excerpt":{"rendered":"<p>Las gotas \u00e1cidas para los o\u00eddos inhiben el picor y la inflamaci\u00f3n en una infecci\u00f3n de o\u00eddo. En vista de la resistencia a los antibi\u00f3ticos, el uso de gotas \u00e1cidas para los o\u00eddos es una buena alternativa. Las gotas \u00f3ticas \u00e1cidas han sido desarrolladas por farmac\u00e9uticos. La directriz del KNMvD 'Otitis externa en el perro y el gato' (2015) describe que, especialmente para los perros con otitis externa proliferativa cr\u00f3nica recurrente, se puede considerar este nuevo m\u00e9todo de tratamiento. Las gotas \u00e1cidas para los o\u00eddos (con y sin corticosteroides) se han utilizado humanamente durante mucho tiempo como primera opci\u00f3n en personas con otitis externa y en aquellos que nadan o bucean mucho, y tambi\u00e9n se aconsejan para los perros.<\/p>\n<p><strong>Animales<\/strong>Perro y gato<\/p>\n<p><strong>Contenido<\/strong>10 ml, 20 ml<\/p>\n<span class=\"wppb-content-restriction-message\"><p data-opacity=\"0.5\">Debe iniciar sesi\u00f3n para obtener m\u00e1s informaci\u00f3n<\/p>\n<\/span>\n<p>&nbsp;<\/p>","protected":false},"featured_media":11879,"template":"","meta":[],"product_brand":[],"product_cat":[15,29],"product_tag":[250,251,252,249,248],"class_list":{"0":"post-163","1":"product","2":"type-product","3":"status-publish","4":"has-post-thumbnail","6":"product_cat-alle-producten","7":"product_cat-maxani","8":"product_tag-250","9":"product_tag-251","10":"product_tag-acetic","11":"product_tag-oordruppels","12":"product_tag-zuur","14":"first","15":"instock","16":"taxable","17":"shipping-taxable","18":"product-type-variable"},"yoast_head":"<!-- This site is optimized with the Yoast SEO plugin v27.1.1 - https:\/\/yoast.com\/product\/yoast-seo-wordpress\/ -->\n<title>Maxani Acetic Ear Drops (Zure oordruppels) - Maxani Animal Healthcare BV<\/title>\n<meta name=\"robots\" content=\"index, follow, max-snippet:-1, max-image-preview:large, max-video-preview:-1\" \/>\n<link rel=\"canonical\" href=\"https:\/\/maxani.nl\/es\/producto\/zure-oordruppels\/\" \/>\n<meta property=\"og:locale\" content=\"es_ES\" \/>\n<meta property=\"og:type\" content=\"article\" \/>\n<meta property=\"og:title\" content=\"Maxani Acetic Ear Drops (Zure oordruppels) - Maxani Animal Healthcare BV\" \/>\n<meta property=\"og:description\" content=\"Zure oordruppels remmen jeuk en zwelling bij een oorontsteking. Het gebruik van zure oordruppels is met oog op antibioticaresistentie een mooi alternatief. Zure oordruppels zijn ontwikkeld door apothekers. In de richtlijn \u2018Otitis externa bij de hond en kat\u2019 van het KNMvD (2015) staat beschreven dat men met name voor honden met chronische recidiverende proliferatieve otitis externa deze nieuwe manier van behandelen kan overwegen. Zure oordruppels (met en zonder corticostero\u00efden) worden sinds jaar en dag al humaan gebruikt als eerste keus bij mensen met otitis externa en bij mensen die veel zwemmen of duiken en worden zo ook voor honden geadviseerd.  Dier: Hond en kat  Inhoud: 10 ml, 20 ml    &nbsp;\" \/>\n<meta property=\"og:url\" content=\"https:\/\/maxani.nl\/es\/producto\/zure-oordruppels\/\" \/>\n<meta property=\"og:site_name\" content=\"Maxani Animal Healthcare BV\" \/>\n<meta property=\"article:modified_time\" content=\"2026-03-04T12:09:03+00:00\" \/>\n<meta property=\"og:image\" content=\"https:\/\/maxani.nl\/wp-content\/uploads\/2023\/01\/Maxani-ear-drops-10-en-20ml.jpg\" \/>\n\t<meta property=\"og:image:width\" content=\"1080\" \/>\n\t<meta property=\"og:image:height\" content=\"1080\" \/>\n\t<meta property=\"og:image:type\" content=\"image\/jpeg\" \/>\n<meta name=\"twitter:card\" content=\"summary_large_image\" \/>\n<meta name=\"twitter:label1\" content=\"Tiempo de lectura\" \/>\n\t<meta name=\"twitter:data1\" content=\"3 minutos\" \/>\n<script type=\"application\/ld+json\" class=\"yoast-schema-graph\">{\"@context\":\"https:\/\/schema.org\",\"@graph\":[{\"@type\":\"WebPage\",\"@id\":\"https:\/\/maxani.nl\/product\/zure-oordruppels\/\",\"url\":\"https:\/\/maxani.nl\/product\/zure-oordruppels\/\",\"name\":\"Maxani Acetic Ear Drops (Zure oordruppels) - Maxani Animal Healthcare BV\",\"isPartOf\":{\"@id\":\"https:\/\/maxani.nl\/#website\"},\"primaryImageOfPage\":{\"@id\":\"https:\/\/maxani.nl\/product\/zure-oordruppels\/#primaryimage\"},\"image\":{\"@id\":\"https:\/\/maxani.nl\/product\/zure-oordruppels\/#primaryimage\"},\"thumbnailUrl\":\"https:\/\/maxani.nl\/wp-content\/uploads\/2023\/01\/Maxani-ear-drops-10-en-20ml.jpg\",\"datePublished\":\"2019-08-13T12:17:52+00:00\",\"dateModified\":\"2026-03-04T12:09:03+00:00\",\"breadcrumb\":{\"@id\":\"https:\/\/maxani.nl\/product\/zure-oordruppels\/#breadcrumb\"},\"inLanguage\":\"es\",\"potentialAction\":[{\"@type\":\"ReadAction\",\"target\":[\"https:\/\/maxani.nl\/product\/zure-oordruppels\/\"]}]},{\"@type\":\"ImageObject\",\"inLanguage\":\"es\",\"@id\":\"https:\/\/maxani.nl\/product\/zure-oordruppels\/#primaryimage\",\"url\":\"https:\/\/maxani.nl\/wp-content\/uploads\/2023\/01\/Maxani-ear-drops-10-en-20ml.jpg\",\"contentUrl\":\"https:\/\/maxani.nl\/wp-content\/uploads\/2023\/01\/Maxani-ear-drops-10-en-20ml.jpg\",\"width\":1080,\"height\":1080},{\"@type\":\"BreadcrumbList\",\"@id\":\"https:\/\/maxani.nl\/product\/zure-oordruppels\/#breadcrumb\",\"itemListElement\":[{\"@type\":\"ListItem\",\"position\":1,\"name\":\"Home\",\"item\":\"https:\/\/maxani.nl\/\"},{\"@type\":\"ListItem\",\"position\":2,\"name\":\"Webshop\",\"item\":\"https:\/\/maxani.nl\/webshop\/\"},{\"@type\":\"ListItem\",\"position\":3,\"name\":\"Maxani Acetic Ear Drops (Zure oordruppels)\"}]},{\"@type\":\"WebSite\",\"@id\":\"https:\/\/maxani.nl\/#website\",\"url\":\"https:\/\/maxani.nl\/\",\"name\":\"Maxani Animal Healthcare BV\",\"description\":\"Uw partner in veterinaire dermatologie\",\"potentialAction\":[{\"@type\":\"SearchAction\",\"target\":{\"@type\":\"EntryPoint\",\"urlTemplate\":\"https:\/\/maxani.nl\/?s={search_term_string}\"},\"query-input\":{\"@type\":\"PropertyValueSpecification\",\"valueRequired\":true,\"valueName\":\"search_term_string\"}}],\"inLanguage\":\"es\"}]}<\/script>\n<!-- \/ Yoast SEO plugin. -->","yoast_head_json":{"title":"Maxani Acetic Ear Drops (Zure oordruppels) - Maxani Animal Healthcare BV","robots":{"index":"index","follow":"follow","max-snippet":"max-snippet:-1","max-image-preview":"max-image-preview:large","max-video-preview":"max-video-preview:-1"},"canonical":"https:\/\/maxani.nl\/es\/producto\/zure-oordruppels\/","og_locale":"es_ES","og_type":"article","og_title":"Maxani Acetic Ear Drops (Zure oordruppels) - Maxani Animal Healthcare BV","og_description":"Zure oordruppels remmen jeuk en zwelling bij een oorontsteking. Het gebruik van zure oordruppels is met oog op antibioticaresistentie een mooi alternatief. Zure oordruppels zijn ontwikkeld door apothekers. In de richtlijn \u2018Otitis externa bij de hond en kat\u2019 van het KNMvD (2015) staat beschreven dat men met name voor honden met chronische recidiverende proliferatieve otitis externa deze nieuwe manier van behandelen kan overwegen. Zure oordruppels (met en zonder corticostero\u00efden) worden sinds jaar en dag al humaan gebruikt als eerste keus bij mensen met otitis externa en bij mensen die veel zwemmen of duiken en worden zo ook voor honden geadviseerd.  Dier: Hond en kat  Inhoud: 10 ml, 20 ml    &nbsp;","og_url":"https:\/\/maxani.nl\/es\/producto\/zure-oordruppels\/","og_site_name":"Maxani Animal Healthcare BV","article_modified_time":"2026-03-04T12:09:03+00:00","og_image":[{"width":1080,"height":1080,"url":"https:\/\/maxani.nl\/wp-content\/uploads\/2023\/01\/Maxani-ear-drops-10-en-20ml.jpg","type":"image\/jpeg"}],"twitter_card":"summary_large_image","twitter_misc":{"Tiempo de lectura":"3 minutos"},"schema":{"@context":"https:\/\/schema.org","@graph":[{"@type":"WebPage","@id":"https:\/\/maxani.nl\/product\/zure-oordruppels\/","url":"https:\/\/maxani.nl\/product\/zure-oordruppels\/","name":"Maxani Acetic Ear Drops (Zure oordruppels) - Maxani Animal Healthcare BV","isPartOf":{"@id":"https:\/\/maxani.nl\/#website"},"primaryImageOfPage":{"@id":"https:\/\/maxani.nl\/product\/zure-oordruppels\/#primaryimage"},"image":{"@id":"https:\/\/maxani.nl\/product\/zure-oordruppels\/#primaryimage"},"thumbnailUrl":"https:\/\/maxani.nl\/wp-content\/uploads\/2023\/01\/Maxani-ear-drops-10-en-20ml.jpg","datePublished":"2019-08-13T12:17:52+00:00","dateModified":"2026-03-04T12:09:03+00:00","breadcrumb":{"@id":"https:\/\/maxani.nl\/product\/zure-oordruppels\/#breadcrumb"},"inLanguage":"es","potentialAction":[{"@type":"ReadAction","target":["https:\/\/maxani.nl\/product\/zure-oordruppels\/"]}]},{"@type":"ImageObject","inLanguage":"es","@id":"https:\/\/maxani.nl\/product\/zure-oordruppels\/#primaryimage","url":"https:\/\/maxani.nl\/wp-content\/uploads\/2023\/01\/Maxani-ear-drops-10-en-20ml.jpg","contentUrl":"https:\/\/maxani.nl\/wp-content\/uploads\/2023\/01\/Maxani-ear-drops-10-en-20ml.jpg","width":1080,"height":1080},{"@type":"BreadcrumbList","@id":"https:\/\/maxani.nl\/product\/zure-oordruppels\/#breadcrumb","itemListElement":[{"@type":"ListItem","position":1,"name":"Home","item":"https:\/\/maxani.nl\/"},{"@type":"ListItem","position":2,"name":"Webshop","item":"https:\/\/maxani.nl\/webshop\/"},{"@type":"ListItem","position":3,"name":"Maxani Acetic Ear Drops (Zure oordruppels)"}]},{"@type":"WebSite","@id":"https:\/\/maxani.nl\/#website","url":"https:\/\/maxani.nl\/","name":"Maxani Animal Healthcare BV","description":"Su socio en dermatolog\u00eda veterinaria","potentialAction":[{"@type":"SearchAction","target":{"@type":"EntryPoint","urlTemplate":"https:\/\/maxani.nl\/?s={search_term_string}"},"query-input":{"@type":"PropertyValueSpecification","valueRequired":true,"valueName":"search_term_string"}}],"inLanguage":"es"}]}},"jetpack_sharing_enabled":true,"_links":{"self":[{"href":"https:\/\/maxani.nl\/es\/wp-json\/wp\/v2\/product\/163","targetHints":{"allow":["GET"]}}],"collection":[{"href":"https:\/\/maxani.nl\/es\/wp-json\/wp\/v2\/product"}],"about":[{"href":"https:\/\/maxani.nl\/es\/wp-json\/wp\/v2\/types\/product"}],"wp:featuredmedia":[{"embeddable":true,"href":"https:\/\/maxani.nl\/es\/wp-json\/wp\/v2\/media\/11879"}],"wp:attachment":[{"href":"https:\/\/maxani.nl\/es\/wp-json\/wp\/v2\/media?parent=163"}],"wp:term":[{"taxonomy":"product_brand","embeddable":true,"href":"https:\/\/maxani.nl\/es\/wp-json\/wp\/v2\/product_brand?post=163"},{"taxonomy":"product_cat","embeddable":true,"href":"https:\/\/maxani.nl\/es\/wp-json\/wp\/v2\/product_cat?post=163"},{"taxonomy":"product_tag","embeddable":true,"href":"https:\/\/maxani.nl\/es\/wp-json\/wp\/v2\/product_tag?post=163"}],"curies":[{"name":"wp","href":"https:\/\/api.w.org\/{rel}","templated":true}]}}