{"id":16241,"date":"2025-03-22T22:01:53","date_gmt":"2025-03-22T22:01:53","guid":{"rendered":"https:\/\/maxani.nl\/?post_type=product&#038;p=16241"},"modified":"2025-10-03T14:57:10","modified_gmt":"2025-10-03T14:57:10","slug":"dermcoat","status":"publish","type":"product","link":"https:\/\/maxani.nl\/es\/producto\/dermcoat\/","title":{"rendered":"Maxani DermCoat"},"content":{"rendered":"<p>En Maxani, trabajamos constantemente en soluciones inteligentes para lograr terapias dermatol\u00f3gicas m\u00e1s eficaces. Nuestra \u00faltima innovaci\u00f3n: el DermCoat, un albornoz terap\u00e9utico que permite que los tratamientos con champ\u00fa y aceite act\u00faen con mayor eficacia. A diferencia de un albornoz absorbente, el DermCoat mantiene el producto sobre la piel, para una curaci\u00f3n m\u00e1s r\u00e1pida y una mayor comodidad tanto para el animal como para el propietario.<\/p>\n<p><strong>\u00bfPor qu\u00e9 aconsejar?<\/strong><\/p>\n<ul>\n<li>\n<div><strong>M\u00e1xima eficacia:<\/strong> Garantiza un contacto prolongado entre la piel y el producto, permitiendo que los ingredientes activos act\u00faen mejor.<\/div>\n<\/li>\n<li>\n<div><strong>Esencial en la oleoterapia:<\/strong> Ideal para aplicar aceites hidratantes: evita la contaminaci\u00f3n ambiental y favorece la absorci\u00f3n en la piel.<\/div>\n<\/li>\n<li>\n<div><strong>Mejor cumplimiento:<\/strong> Una aplicaci\u00f3n sencilla, instrucciones claras y menos desorden facilitan a los propietarios completar el tratamiento correctamente.<\/div>\n<\/li>\n<li>\n<div><strong>Apariencia profesional:<\/strong> Aporta a los propietarios una mayor confianza en el plan de tratamiento prescrito.<\/div>\n<\/li>\n<\/ul>\n<p><strong>Beneficios para el propietario<\/strong><\/p>\n<ul>\n<li><strong> F\u00e1cil de usar:<\/strong> F\u00e1cil de poner y quitar, incluso por una sola persona: se acabaron las toallas mojadas y el desorden.<\/li>\n<li><strong>Un entorno limpio:<\/strong> El champ\u00fa o el aceite permanecen en la piel del animal, no en las paredes, los muebles, el suelo o la ropa.<\/li>\n<li><strong>El champ\u00fa permanece en la piel<\/strong>Ya no hay que preocuparse de que el perro se sacuda el champ\u00fa.<\/li>\n<\/ul>\n<p><strong>Beneficios para el perro<\/strong><\/p>\n<ul>\n<li><strong> Comodidad y libertad de movimientos<\/strong>No hay toallas fr\u00edas y h\u00famedas ni albornoces pegajosos: el perro puede moverse libremente mientras est\u00e1 en remojo.<\/li>\n<li><strong>Menos estr\u00e9s, recuperaci\u00f3n m\u00e1s r\u00e1pida<\/strong>El ajuste c\u00f3modo y las condiciones \u00f3ptimas de tratamiento contribuyen a un proceso de recuperaci\u00f3n m\u00e1s r\u00e1pido y agradable.<\/li>\n<\/ul>\n<p><strong>Instrucciones importantes de uso <\/strong><\/p>\n<p>No deje que el animal pasee con el DermCoat durante mucho tiempo cuando haga calor. Debido al efecto aislante, existe riesgo de sobrecalentamiento. Utilice siempre el DermCoat bajo supervisi\u00f3n.<\/p>\n<p><strong>Detalles del producto<\/strong><\/p>\n<ul>\n<li>\n<div>Flexible, ligero y c\u00f3modo<\/div>\n<\/li>\n<li>Reutilizable y lavable a 30\u00b0C (no secar en secadora)<\/li>\n<li>El revestimiento interior especial mantiene eficazmente el champ\u00fa o el aceite en la piel<\/li>\n<\/ul>\n<span class=\"wppb-content-restriction-message\"><p data-opacity=\"0.5\">Debe iniciar sesi\u00f3n para obtener m\u00e1s informaci\u00f3n<\/p>\n<\/span>","protected":false},"excerpt":{"rendered":"<p>El abrigo inteligente que mejora el cumplimiento terap\u00e9utico y los resultados del tratamiento. Nuestra \u00faltima innovaci\u00f3n: el DermCoat, un abrigo terap\u00e9utico que permite que los tratamientos con champ\u00fa y aceite funcionen mejor. A diferencia de un albornoz absorbente, el DermCoat mantiene el producto sobre la piel, para una curaci\u00f3n m\u00e1s r\u00e1pida y una mayor comodidad tanto para el animal como para el propietario.<\/p>","protected":false},"featured_media":17223,"template":"","meta":[],"product_brand":[],"product_cat":[15,29,24,36,37,124],"product_tag":[],"class_list":{"0":"post-16241","1":"product","2":"type-product","3":"status-publish","4":"has-post-thumbnail","6":"product_cat-alle-producten","7":"product_cat-maxani","8":"product_cat-atopie","9":"product_cat-pyodermie","10":"product_cat-seborroe","11":"product_cat-therapietrouw","13":"first","14":"instock","15":"taxable","16":"shipping-taxable","17":"product-type-variable"},"yoast_head":"<!-- This site is optimized with the Yoast SEO plugin v27.1.1 - https:\/\/yoast.com\/product\/yoast-seo-wordpress\/ -->\n<title>Maxani DermCoat - Maxani Animal Healthcare BV<\/title>\n<meta name=\"robots\" content=\"index, follow, max-snippet:-1, max-image-preview:large, max-video-preview:-1\" \/>\n<link rel=\"canonical\" href=\"https:\/\/maxani.nl\/es\/producto\/dermcoat\/\" \/>\n<meta property=\"og:locale\" content=\"es_ES\" \/>\n<meta property=\"og:type\" content=\"article\" \/>\n<meta property=\"og:title\" content=\"Maxani DermCoat - Maxani Animal Healthcare BV\" \/>\n<meta property=\"og:description\" content=\"De slimme jas die therapietrouw \u00e9n behandelresultaten verbetert. Onze nieuwste innovatie: de DermCoat \u2013 een therapeutische jas die shampoo- en oliebehandelingen beter laat inwerken. In tegenstelling tot een absorberende badjas houdt de DermCoat het product op de huid, voor snellere genezing en meer comfort voor dier \u00e9n eigenaar.\" \/>\n<meta property=\"og:url\" content=\"https:\/\/maxani.nl\/es\/producto\/dermcoat\/\" \/>\n<meta property=\"og:site_name\" content=\"Maxani Animal Healthcare BV\" \/>\n<meta property=\"article:modified_time\" content=\"2025-10-03T14:57:10+00:00\" \/>\n<meta property=\"og:image\" content=\"https:\/\/maxani.nl\/wp-content\/uploads\/2025\/06\/Maxani_DermCoat.png\" \/>\n\t<meta property=\"og:image:width\" content=\"1080\" \/>\n\t<meta property=\"og:image:height\" content=\"1080\" \/>\n\t<meta property=\"og:image:type\" content=\"image\/png\" \/>\n<meta name=\"twitter:card\" content=\"summary_large_image\" \/>\n<meta name=\"twitter:label1\" content=\"Tiempo de lectura\" \/>\n\t<meta name=\"twitter:data1\" content=\"2 minutos\" \/>\n<script type=\"application\/ld+json\" class=\"yoast-schema-graph\">{\"@context\":\"https:\/\/schema.org\",\"@graph\":[{\"@type\":\"WebPage\",\"@id\":\"https:\/\/maxani.nl\/product\/dermcoat\/\",\"url\":\"https:\/\/maxani.nl\/product\/dermcoat\/\",\"name\":\"Maxani DermCoat - Maxani Animal Healthcare BV\",\"isPartOf\":{\"@id\":\"https:\/\/maxani.nl\/#website\"},\"primaryImageOfPage\":{\"@id\":\"https:\/\/maxani.nl\/product\/dermcoat\/#primaryimage\"},\"image\":{\"@id\":\"https:\/\/maxani.nl\/product\/dermcoat\/#primaryimage\"},\"thumbnailUrl\":\"https:\/\/maxani.nl\/wp-content\/uploads\/2025\/06\/Maxani_DermCoat.png\",\"datePublished\":\"2025-03-22T22:01:53+00:00\",\"dateModified\":\"2025-10-03T14:57:10+00:00\",\"breadcrumb\":{\"@id\":\"https:\/\/maxani.nl\/product\/dermcoat\/#breadcrumb\"},\"inLanguage\":\"es\",\"potentialAction\":[{\"@type\":\"ReadAction\",\"target\":[\"https:\/\/maxani.nl\/product\/dermcoat\/\"]}]},{\"@type\":\"ImageObject\",\"inLanguage\":\"es\",\"@id\":\"https:\/\/maxani.nl\/product\/dermcoat\/#primaryimage\",\"url\":\"https:\/\/maxani.nl\/wp-content\/uploads\/2025\/06\/Maxani_DermCoat.png\",\"contentUrl\":\"https:\/\/maxani.nl\/wp-content\/uploads\/2025\/06\/Maxani_DermCoat.png\",\"width\":1080,\"height\":1080},{\"@type\":\"BreadcrumbList\",\"@id\":\"https:\/\/maxani.nl\/product\/dermcoat\/#breadcrumb\",\"itemListElement\":[{\"@type\":\"ListItem\",\"position\":1,\"name\":\"Home\",\"item\":\"https:\/\/maxani.nl\/\"},{\"@type\":\"ListItem\",\"position\":2,\"name\":\"Webshop\",\"item\":\"https:\/\/maxani.nl\/webshop\/\"},{\"@type\":\"ListItem\",\"position\":3,\"name\":\"Maxani DermCoat\"}]},{\"@type\":\"WebSite\",\"@id\":\"https:\/\/maxani.nl\/#website\",\"url\":\"https:\/\/maxani.nl\/\",\"name\":\"Maxani Animal Healthcare BV\",\"description\":\"Uw partner in veterinaire dermatologie\",\"potentialAction\":[{\"@type\":\"SearchAction\",\"target\":{\"@type\":\"EntryPoint\",\"urlTemplate\":\"https:\/\/maxani.nl\/?s={search_term_string}\"},\"query-input\":{\"@type\":\"PropertyValueSpecification\",\"valueRequired\":true,\"valueName\":\"search_term_string\"}}],\"inLanguage\":\"es\"}]}<\/script>\n<!-- \/ Yoast SEO plugin. -->","yoast_head_json":{"title":"Maxani DermCoat - Maxani Animal Healthcare BV","robots":{"index":"index","follow":"follow","max-snippet":"max-snippet:-1","max-image-preview":"max-image-preview:large","max-video-preview":"max-video-preview:-1"},"canonical":"https:\/\/maxani.nl\/es\/producto\/dermcoat\/","og_locale":"es_ES","og_type":"article","og_title":"Maxani DermCoat - Maxani Animal Healthcare BV","og_description":"De slimme jas die therapietrouw \u00e9n behandelresultaten verbetert. Onze nieuwste innovatie: de DermCoat \u2013 een therapeutische jas die shampoo- en oliebehandelingen beter laat inwerken. In tegenstelling tot een absorberende badjas houdt de DermCoat het product op de huid, voor snellere genezing en meer comfort voor dier \u00e9n eigenaar.","og_url":"https:\/\/maxani.nl\/es\/producto\/dermcoat\/","og_site_name":"Maxani Animal Healthcare BV","article_modified_time":"2025-10-03T14:57:10+00:00","og_image":[{"width":1080,"height":1080,"url":"https:\/\/maxani.nl\/wp-content\/uploads\/2025\/06\/Maxani_DermCoat.png","type":"image\/png"}],"twitter_card":"summary_large_image","twitter_misc":{"Tiempo de lectura":"2 minutos"},"schema":{"@context":"https:\/\/schema.org","@graph":[{"@type":"WebPage","@id":"https:\/\/maxani.nl\/product\/dermcoat\/","url":"https:\/\/maxani.nl\/product\/dermcoat\/","name":"Maxani DermCoat - Maxani Animal Healthcare BV","isPartOf":{"@id":"https:\/\/maxani.nl\/#website"},"primaryImageOfPage":{"@id":"https:\/\/maxani.nl\/product\/dermcoat\/#primaryimage"},"image":{"@id":"https:\/\/maxani.nl\/product\/dermcoat\/#primaryimage"},"thumbnailUrl":"https:\/\/maxani.nl\/wp-content\/uploads\/2025\/06\/Maxani_DermCoat.png","datePublished":"2025-03-22T22:01:53+00:00","dateModified":"2025-10-03T14:57:10+00:00","breadcrumb":{"@id":"https:\/\/maxani.nl\/product\/dermcoat\/#breadcrumb"},"inLanguage":"es","potentialAction":[{"@type":"ReadAction","target":["https:\/\/maxani.nl\/product\/dermcoat\/"]}]},{"@type":"ImageObject","inLanguage":"es","@id":"https:\/\/maxani.nl\/product\/dermcoat\/#primaryimage","url":"https:\/\/maxani.nl\/wp-content\/uploads\/2025\/06\/Maxani_DermCoat.png","contentUrl":"https:\/\/maxani.nl\/wp-content\/uploads\/2025\/06\/Maxani_DermCoat.png","width":1080,"height":1080},{"@type":"BreadcrumbList","@id":"https:\/\/maxani.nl\/product\/dermcoat\/#breadcrumb","itemListElement":[{"@type":"ListItem","position":1,"name":"Home","item":"https:\/\/maxani.nl\/"},{"@type":"ListItem","position":2,"name":"Webshop","item":"https:\/\/maxani.nl\/webshop\/"},{"@type":"ListItem","position":3,"name":"Maxani DermCoat"}]},{"@type":"WebSite","@id":"https:\/\/maxani.nl\/#website","url":"https:\/\/maxani.nl\/","name":"Maxani Animal Healthcare BV","description":"Su socio en dermatolog\u00eda veterinaria","potentialAction":[{"@type":"SearchAction","target":{"@type":"EntryPoint","urlTemplate":"https:\/\/maxani.nl\/?s={search_term_string}"},"query-input":{"@type":"PropertyValueSpecification","valueRequired":true,"valueName":"search_term_string"}}],"inLanguage":"es"}]}},"jetpack_sharing_enabled":true,"_links":{"self":[{"href":"https:\/\/maxani.nl\/es\/wp-json\/wp\/v2\/product\/16241","targetHints":{"allow":["GET"]}}],"collection":[{"href":"https:\/\/maxani.nl\/es\/wp-json\/wp\/v2\/product"}],"about":[{"href":"https:\/\/maxani.nl\/es\/wp-json\/wp\/v2\/types\/product"}],"wp:featuredmedia":[{"embeddable":true,"href":"https:\/\/maxani.nl\/es\/wp-json\/wp\/v2\/media\/17223"}],"wp:attachment":[{"href":"https:\/\/maxani.nl\/es\/wp-json\/wp\/v2\/media?parent=16241"}],"wp:term":[{"taxonomy":"product_brand","embeddable":true,"href":"https:\/\/maxani.nl\/es\/wp-json\/wp\/v2\/product_brand?post=16241"},{"taxonomy":"product_cat","embeddable":true,"href":"https:\/\/maxani.nl\/es\/wp-json\/wp\/v2\/product_cat?post=16241"},{"taxonomy":"product_tag","embeddable":true,"href":"https:\/\/maxani.nl\/es\/wp-json\/wp\/v2\/product_tag?post=16241"}],"curies":[{"name":"wp","href":"https:\/\/api.w.org\/{rel}","templated":true}]}}