{"id":15179,"date":"2024-09-12T10:34:18","date_gmt":"2024-09-12T10:34:18","guid":{"rendered":"https:\/\/maxani.nl\/?post_type=product&#038;p=15179"},"modified":"2026-01-05T08:38:06","modified_gmt":"2026-01-05T08:38:06","slug":"maxani-skin-protect-cream-30-ml","status":"publish","type":"product","link":"https:\/\/maxani.nl\/es\/producto\/maxani-skin-protect-cream-30-ml\/","title":{"rendered":"Maxani Skin Protect crema 30 ml"},"content":{"rendered":"<p><strong>Crema Protect Skin<\/strong><br \/>\nCrema protectora y protectora para pieles irritadas y sensibles, como el contorno de los ojos y las mucosas.<br \/>\nLa crema protectora de la piel establece una capa protectora fina y flexible sobre la piel enrojecida, fr\u00e1gil e irritada, ayudando a protegerla<br \/>\ncontra factores externos, especialmente alrededor de los ojos y las mucosas.<br \/>\nLa crema tambi\u00e9n protege la piel de la irritaci\u00f3n causada por la orina, el exceso de l\u00edquido lagrimal, la mucosidad, las heces y los residuos de medicamentos. Adem\u00e1s de protecci\u00f3n, esta crema tambi\u00e9n proporciona nutrici\u00f3n e hidrataci\u00f3n esenciales, que son cruciales para la recuperaci\u00f3n de la piel.<\/p>\n<p><strong>Indicaciones<\/strong><br \/>\nLa crema puede aplicarse en todas las zonas que necesiten hidrataci\u00f3n, protecci\u00f3n y nutrici\u00f3n adicionales. Gracias a su f\u00f3rmula muy suave y segura, la crema es incluso adecuada para su uso cerca de las mucosas.<br \/>\n- Irritaci\u00f3n y enrojecimiento de la piel alrededor de los ojos en caballo, conejo, perro y gato.<br \/>\n- Las quemaduras de orina o las irritaciones cut\u00e1neas causadas por la orina o las heces, como en el vientre de los perros machos (incluidos los cachorros), la piel enrojecida causada por diarreas persistentes, el trasero de los conejos o en problemas de incontinencia, pueden tratarse eficazmente con esta crema. Sin embargo, hay que asegurarse de que no haya infecci\u00f3n cut\u00e1nea, ya que \u00e9sta debe tratarse primero. Durante el tratamiento de la infecci\u00f3n cut\u00e1nea secundaria, la crema puede utilizarse como cuidado complementario y despu\u00e9s para una mayor recuperaci\u00f3n de la piel.<br \/>\n- Cuidados posteriores y protecci\u00f3n adicional de la piel fr\u00e1gil una vez cerrada pero a\u00fan sensible, por ejemplo tras heridas, suturas u otros da\u00f1os.<br \/>\n- Hidrataci\u00f3n y reparaci\u00f3n de la piel seca y da\u00f1ada.<br \/>\n- Protecci\u00f3n frente a agentes irritantes como el l\u00edquido lagrimal, las heces, la mucosidad de la orina y los residuos de medicamentos.<\/p>\n<p><strong>Operaci\u00f3n<\/strong><br \/>\nJuntos, estos ingredientes cuidadosamente formulados forman una crema que protege, hidrata y calma eficazmente la piel, al tiempo que ayuda a reparar la piel irritada y da\u00f1ada. La capa protectora que la crema forma sobre la piel procede de una versi\u00f3n natural del copol\u00edmero de glicerina capriloil\/\u00e1cido seb\u00e1cico. Este copol\u00edmero crea una pel\u00edcula fina y flexible que ayuda a proteger frente a factores externos como la orina, las heces y las mucosidades, al tiempo que retiene la humedad en la piel. Adem\u00e1s, esta crema de cuidado intensivo combina tres ingredientes calmantes especiales para obtener unos resultados \u00f3ptimos:<\/p>\n<p><strong>GENERAL<\/strong><br \/>\n- Aceite de semilla de Helianthus Annuus (aceite de girasol): Rico en esteroles vegetales y escualeno, este aceite refuerza la funci\u00f3n de barrera de la piel y proporciona protecci\u00f3n frente a los da\u00f1os causados por los radicales libres.<br \/>\n- Hamamelis (a base de agua sin alcohol): Calma la piel y tiene propiedades antiinflamatorias y astringentes que reducen el enrojecimiento y la irritaci\u00f3n.<br \/>\n- Alanto\u00edna: Favorece la reparaci\u00f3n de la piel, promueve la exfoliaci\u00f3n y suaviza y calma la piel irritada. Protege contra la deshidrataci\u00f3n reteniendo la humedad y favorece la hidrataci\u00f3n, esencial para una piel sana. Su acci\u00f3n calmante reduce la irritaci\u00f3n, las rojeces y las molestias. Esta f\u00f3rmula tambi\u00e9n contiene miel, manteca de karit\u00e9, vitamina E y aceite de jojoba, conocidos por sus propiedades hidratantes, nutritivas y reparadoras, que dejan la piel suave y flexible:<br \/>\n- Miel: Conocida por sus propiedades antibacterianas y humectantes, hidrata la piel y favorece el proceso de curaci\u00f3n de la piel irritada y da\u00f1ada.<br \/>\n- Aceite de semilla de Simmondsia Chinensis (jojoba): El aceite de jojoba tiene una composici\u00f3n similar a la de los aceites naturales de la piel y ayuda a hidratarla, nutrirla y protegerla de la sequedad.<br \/>\n- Manteca de Butyrospermum Parkii (karit\u00e9): conocida por sus intensas propiedades hidratantes y nutritivas, la manteca de karit\u00e9 suaviza la piel, la repara y la protege contra la sequedad y la irritaci\u00f3n.<br \/>\n- Escualeno: Aceite natural que hidrata, suaviza, refuerza la barrera cut\u00e1nea y protege contra la p\u00e9rdida de humedad.<br \/>\n- Acetato de tocoferilo (vitamina E): Un potente antioxidante que protege la piel de los radicales libres, a la vez que favorece la cicatrizaci\u00f3n y la hidrataci\u00f3n.<br \/>\n- Pantenol (Provitamina B5): Calma, cicatriza, hidrata y suaviza la piel.<\/p>\n<p>Estos ingredientes act\u00faan en sinergia para proteger, reparar y cuidar intensamente la piel.<\/p>\n<p><strong>Posolog\u00eda y aplicaci\u00f3n<\/strong><br \/>\nLimpiar cuidadosamente la piel irritada y secarla a golpecitos antes de aplicar la crema. Aplique la crema 2-3 veces al d\u00eda sobre la piel irritada para obtener una protecci\u00f3n y un cuidado \u00f3ptimos. La crema es segura, incluso en contacto con los ojos, y no causa irritaci\u00f3n.<\/p>\n<p><strong>Composici\u00f3n<\/strong><br \/>\nAgua, triglic\u00e9rido capr\u00edlico\/c\u00e1prico, mel (miel), citrato de estearato de glicerilo, glicerina,<br \/>\naceite de semilla de simmondsia chinensis (jojoba), succinato de diheptilo, butyrospermum<br \/>\nparkii (karit\u00e9), alcohol cetear\u00edlico, estearato de glicerilo, hamamelis virginiana<br \/>\n(hamamelis), escualeno, alanto\u00edna, capriloilglicerina\/seb\u00e1cico<br \/>\ncopol\u00edmero de \u00e1cido, acetato de tocoferilo (vitamina E), pantenol, tocoferol, xantano<br \/>\ngoma, aceite de semilla de helianthus annuus (girasol), \u00e1cido c\u00edtrico, potasio<br \/>\nsorbato, benzoato s\u00f3dico, alcohol benc\u00edlico.<\/p>\n<span class=\"wppb-content-restriction-message\"><p data-opacity=\"0.5\">Debe iniciar sesi\u00f3n para obtener m\u00e1s informaci\u00f3n<\/p>\n<\/span>","protected":false},"excerpt":{"rendered":"<p>Crema Protect Skin<br \/>\nCrema protectora y protectora para pieles irritadas y<br \/>\nPieles sensibles, como el contorno de los ojos y las mucosas.<br \/>\nLa crema protectora de la piel establece una capa protectora fina y flexible<br \/>\nsobre la piel enrojecida, fr\u00e1gil e irritada, ayudando a protegerla<br \/>\ncontra factores externos, especialmente alrededor de los ojos y las mucosas.<br \/>\nLa crema tambi\u00e9n protege la piel de la irritaci\u00f3n causada por la orina,<br \/>\nexceso de l\u00edquido lagrimal, mucosidad, heces y residuos de medicamentos. Adem\u00e1s de proteger<br \/>\nesta crema tambi\u00e9n ofrece nutrici\u00f3n e hidrataci\u00f3n esenciales,<br \/>\nque es crucial para la reparaci\u00f3n de la piel.<\/p>\n<p>Precio de venta recomendado: 15,75 euros<\/p>","protected":false},"featured_media":15381,"template":"","meta":[],"product_brand":[],"product_cat":[15,29,41,63,35],"product_tag":[],"class_list":{"0":"post-15179","1":"product","2":"type-product","3":"status-publish","4":"has-post-thumbnail","6":"product_cat-alle-producten","7":"product_cat-maxani","8":"product_cat-wond-en-huidplooi","9":"product_cat-oog","10":"product_cat-regular","12":"first","13":"instock","14":"taxable","15":"shipping-taxable","16":"product-type-simple"},"yoast_head":"<!-- This site is optimized with the Yoast SEO plugin v27.1.1 - https:\/\/yoast.com\/product\/yoast-seo-wordpress\/ -->\n<title>Maxani Skin Protect cream 30 ml - Maxani Animal Healthcare BV<\/title>\n<meta name=\"robots\" content=\"index, follow, max-snippet:-1, max-image-preview:large, max-video-preview:-1\" \/>\n<link rel=\"canonical\" href=\"https:\/\/maxani.nl\/es\/producto\/maxani-skin-protect-cream-30-ml\/\" \/>\n<meta property=\"og:locale\" content=\"es_ES\" \/>\n<meta property=\"og:type\" content=\"article\" \/>\n<meta property=\"og:title\" content=\"Maxani Skin Protect cream 30 ml - Maxani Animal Healthcare BV\" \/>\n<meta property=\"og:description\" content=\"Protect Skin cream Beschermende en verzorgende cr\u00e8me voor de ge\u00efrriteerde en kwetsbare huid, zoals rond de ogen en op de slijmvliezen. Protect skin cream legt een dunne, flexibele beschermende laag over de rode, kwetsbare en ge\u00efrriteerde huid, en helpt deze te beschermen tegen externe factoren, met name rond de ogen en slijmvliezen. De cr\u00e8me beschermt de huid ook tegen irritatie door urine, overtollig traanvocht, slijm, ontlasting en medicatieresten. Naast bescherming biedt deze cr\u00e8me ook essenti\u00eble voeding en hydratatie, wat cruciaal is voor het herstel van de huid.  Advies verkoopprijs: \u20ac15,75\" \/>\n<meta property=\"og:url\" content=\"https:\/\/maxani.nl\/es\/producto\/maxani-skin-protect-cream-30-ml\/\" \/>\n<meta property=\"og:site_name\" content=\"Maxani Animal Healthcare BV\" \/>\n<meta property=\"article:modified_time\" content=\"2026-01-05T08:38:06+00:00\" \/>\n<meta property=\"og:image\" content=\"https:\/\/maxani.nl\/wp-content\/uploads\/2024\/09\/Maxani-protect-skin-cream-30-ml.jpg\" \/>\n\t<meta property=\"og:image:width\" content=\"1080\" \/>\n\t<meta property=\"og:image:height\" content=\"1080\" \/>\n\t<meta property=\"og:image:type\" content=\"image\/jpeg\" \/>\n<meta name=\"twitter:card\" content=\"summary_large_image\" \/>\n<meta name=\"twitter:label1\" content=\"Tiempo de lectura\" \/>\n\t<meta name=\"twitter:data1\" content=\"5 minutos\" \/>\n<script type=\"application\/ld+json\" class=\"yoast-schema-graph\">{\"@context\":\"https:\/\/schema.org\",\"@graph\":[{\"@type\":\"WebPage\",\"@id\":\"https:\/\/maxani.nl\/product\/maxani-skin-protect-cream-30-ml\/\",\"url\":\"https:\/\/maxani.nl\/product\/maxani-skin-protect-cream-30-ml\/\",\"name\":\"Maxani Skin Protect cream 30 ml - Maxani Animal Healthcare BV\",\"isPartOf\":{\"@id\":\"https:\/\/maxani.nl\/#website\"},\"primaryImageOfPage\":{\"@id\":\"https:\/\/maxani.nl\/product\/maxani-skin-protect-cream-30-ml\/#primaryimage\"},\"image\":{\"@id\":\"https:\/\/maxani.nl\/product\/maxani-skin-protect-cream-30-ml\/#primaryimage\"},\"thumbnailUrl\":\"https:\/\/maxani.nl\/wp-content\/uploads\/2024\/09\/Maxani-protect-skin-cream-30-ml.jpg\",\"datePublished\":\"2024-09-12T10:34:18+00:00\",\"dateModified\":\"2026-01-05T08:38:06+00:00\",\"breadcrumb\":{\"@id\":\"https:\/\/maxani.nl\/product\/maxani-skin-protect-cream-30-ml\/#breadcrumb\"},\"inLanguage\":\"es\",\"potentialAction\":[{\"@type\":\"ReadAction\",\"target\":[\"https:\/\/maxani.nl\/product\/maxani-skin-protect-cream-30-ml\/\"]}]},{\"@type\":\"ImageObject\",\"inLanguage\":\"es\",\"@id\":\"https:\/\/maxani.nl\/product\/maxani-skin-protect-cream-30-ml\/#primaryimage\",\"url\":\"https:\/\/maxani.nl\/wp-content\/uploads\/2024\/09\/Maxani-protect-skin-cream-30-ml.jpg\",\"contentUrl\":\"https:\/\/maxani.nl\/wp-content\/uploads\/2024\/09\/Maxani-protect-skin-cream-30-ml.jpg\",\"width\":1080,\"height\":1080},{\"@type\":\"BreadcrumbList\",\"@id\":\"https:\/\/maxani.nl\/product\/maxani-skin-protect-cream-30-ml\/#breadcrumb\",\"itemListElement\":[{\"@type\":\"ListItem\",\"position\":1,\"name\":\"Home\",\"item\":\"https:\/\/maxani.nl\/\"},{\"@type\":\"ListItem\",\"position\":2,\"name\":\"Webshop\",\"item\":\"https:\/\/maxani.nl\/webshop\/\"},{\"@type\":\"ListItem\",\"position\":3,\"name\":\"Maxani Skin Protect cream 30 ml\"}]},{\"@type\":\"WebSite\",\"@id\":\"https:\/\/maxani.nl\/#website\",\"url\":\"https:\/\/maxani.nl\/\",\"name\":\"Maxani Animal Healthcare BV\",\"description\":\"Uw partner in veterinaire dermatologie\",\"potentialAction\":[{\"@type\":\"SearchAction\",\"target\":{\"@type\":\"EntryPoint\",\"urlTemplate\":\"https:\/\/maxani.nl\/?s={search_term_string}\"},\"query-input\":{\"@type\":\"PropertyValueSpecification\",\"valueRequired\":true,\"valueName\":\"search_term_string\"}}],\"inLanguage\":\"es\"}]}<\/script>\n<!-- \/ Yoast SEO plugin. -->","yoast_head_json":{"title":"Maxani Skin Protect cream 30 ml - Maxani Animal Healthcare BV","robots":{"index":"index","follow":"follow","max-snippet":"max-snippet:-1","max-image-preview":"max-image-preview:large","max-video-preview":"max-video-preview:-1"},"canonical":"https:\/\/maxani.nl\/es\/producto\/maxani-skin-protect-cream-30-ml\/","og_locale":"es_ES","og_type":"article","og_title":"Maxani Skin Protect cream 30 ml - Maxani Animal Healthcare BV","og_description":"Protect Skin cream Beschermende en verzorgende cr\u00e8me voor de ge\u00efrriteerde en kwetsbare huid, zoals rond de ogen en op de slijmvliezen. Protect skin cream legt een dunne, flexibele beschermende laag over de rode, kwetsbare en ge\u00efrriteerde huid, en helpt deze te beschermen tegen externe factoren, met name rond de ogen en slijmvliezen. De cr\u00e8me beschermt de huid ook tegen irritatie door urine, overtollig traanvocht, slijm, ontlasting en medicatieresten. Naast bescherming biedt deze cr\u00e8me ook essenti\u00eble voeding en hydratatie, wat cruciaal is voor het herstel van de huid.  Advies verkoopprijs: \u20ac15,75","og_url":"https:\/\/maxani.nl\/es\/producto\/maxani-skin-protect-cream-30-ml\/","og_site_name":"Maxani Animal Healthcare BV","article_modified_time":"2026-01-05T08:38:06+00:00","og_image":[{"width":1080,"height":1080,"url":"https:\/\/maxani.nl\/wp-content\/uploads\/2024\/09\/Maxani-protect-skin-cream-30-ml.jpg","type":"image\/jpeg"}],"twitter_card":"summary_large_image","twitter_misc":{"Tiempo de lectura":"5 minutos"},"schema":{"@context":"https:\/\/schema.org","@graph":[{"@type":"WebPage","@id":"https:\/\/maxani.nl\/product\/maxani-skin-protect-cream-30-ml\/","url":"https:\/\/maxani.nl\/product\/maxani-skin-protect-cream-30-ml\/","name":"Maxani Skin Protect cream 30 ml - Maxani Animal Healthcare BV","isPartOf":{"@id":"https:\/\/maxani.nl\/#website"},"primaryImageOfPage":{"@id":"https:\/\/maxani.nl\/product\/maxani-skin-protect-cream-30-ml\/#primaryimage"},"image":{"@id":"https:\/\/maxani.nl\/product\/maxani-skin-protect-cream-30-ml\/#primaryimage"},"thumbnailUrl":"https:\/\/maxani.nl\/wp-content\/uploads\/2024\/09\/Maxani-protect-skin-cream-30-ml.jpg","datePublished":"2024-09-12T10:34:18+00:00","dateModified":"2026-01-05T08:38:06+00:00","breadcrumb":{"@id":"https:\/\/maxani.nl\/product\/maxani-skin-protect-cream-30-ml\/#breadcrumb"},"inLanguage":"es","potentialAction":[{"@type":"ReadAction","target":["https:\/\/maxani.nl\/product\/maxani-skin-protect-cream-30-ml\/"]}]},{"@type":"ImageObject","inLanguage":"es","@id":"https:\/\/maxani.nl\/product\/maxani-skin-protect-cream-30-ml\/#primaryimage","url":"https:\/\/maxani.nl\/wp-content\/uploads\/2024\/09\/Maxani-protect-skin-cream-30-ml.jpg","contentUrl":"https:\/\/maxani.nl\/wp-content\/uploads\/2024\/09\/Maxani-protect-skin-cream-30-ml.jpg","width":1080,"height":1080},{"@type":"BreadcrumbList","@id":"https:\/\/maxani.nl\/product\/maxani-skin-protect-cream-30-ml\/#breadcrumb","itemListElement":[{"@type":"ListItem","position":1,"name":"Home","item":"https:\/\/maxani.nl\/"},{"@type":"ListItem","position":2,"name":"Webshop","item":"https:\/\/maxani.nl\/webshop\/"},{"@type":"ListItem","position":3,"name":"Maxani Skin Protect cream 30 ml"}]},{"@type":"WebSite","@id":"https:\/\/maxani.nl\/#website","url":"https:\/\/maxani.nl\/","name":"Maxani Animal Healthcare BV","description":"Su socio en dermatolog\u00eda veterinaria","potentialAction":[{"@type":"SearchAction","target":{"@type":"EntryPoint","urlTemplate":"https:\/\/maxani.nl\/?s={search_term_string}"},"query-input":{"@type":"PropertyValueSpecification","valueRequired":true,"valueName":"search_term_string"}}],"inLanguage":"es"}]}},"jetpack_sharing_enabled":true,"_links":{"self":[{"href":"https:\/\/maxani.nl\/es\/wp-json\/wp\/v2\/product\/15179","targetHints":{"allow":["GET"]}}],"collection":[{"href":"https:\/\/maxani.nl\/es\/wp-json\/wp\/v2\/product"}],"about":[{"href":"https:\/\/maxani.nl\/es\/wp-json\/wp\/v2\/types\/product"}],"wp:featuredmedia":[{"embeddable":true,"href":"https:\/\/maxani.nl\/es\/wp-json\/wp\/v2\/media\/15381"}],"wp:attachment":[{"href":"https:\/\/maxani.nl\/es\/wp-json\/wp\/v2\/media?parent=15179"}],"wp:term":[{"taxonomy":"product_brand","embeddable":true,"href":"https:\/\/maxani.nl\/es\/wp-json\/wp\/v2\/product_brand?post=15179"},{"taxonomy":"product_cat","embeddable":true,"href":"https:\/\/maxani.nl\/es\/wp-json\/wp\/v2\/product_cat?post=15179"},{"taxonomy":"product_tag","embeddable":true,"href":"https:\/\/maxani.nl\/es\/wp-json\/wp\/v2\/product_tag?post=15179"}],"curies":[{"name":"wp","href":"https:\/\/api.w.org\/{rel}","templated":true}]}}