{"id":14953,"date":"2024-08-08T14:34:05","date_gmt":"2024-08-08T14:34:05","guid":{"rendered":"https:\/\/maxani.nl\/?post_type=product&#038;p=14953"},"modified":"2026-03-04T12:18:57","modified_gmt":"2026-03-04T12:18:57","slug":"hydracoat-coat-conditioner","status":"publish","type":"product","link":"https:\/\/maxani.nl\/es\/producto\/hydracoat-coat-conditioner\/","title":{"rendered":"HydraCoat Acondicionador de capa"},"content":{"rendered":"<p><em>Acondicionador sin aclarado para todo tipo de pelajes que hidrata y nutre el pelo en profundidad.<\/em><\/p>\n<p>El acondicionador para el pelaje HydraCoat acondiciona el pelaje y la piel sin aclarado. Este acondicionador sin aclarado proporciona al pelo una textura rica y una hidrataci\u00f3n profunda. Deja el pelo suave, menos apagado y m\u00e1s manejable. Tambi\u00e9n es ideal para evitar enredos entre las sesiones de recorte o peinado.<\/p>\n<p>El acondicionador forma una capa protectora \u00fanica y proporciona una hidrataci\u00f3n profunda, dejando el pelaje liso, suave y fortalecido. Est\u00e1 especialmente indicado para todos los tipos de pelaje y funciona excepcionalmente bien para el pelaje de estilo, el pelaje rizado y el pelaje de vell\u00f3n. Adem\u00e1s, el acondicionador no contiene fragancia a\u00f1adida, por lo que es muy adecuado para gatos y otras especies en las que no se desea perfume.<\/p>\n<p>El spray tiene un efecto antiest\u00e1tico y facilita el peinado del pelaje, por lo que es ideal para el cuidado de un pelaje seco, fino y sin brillo. HydraCoat es la soluci\u00f3n ideal despu\u00e9s del recorte para todos los propietarios de perros y profesionales de la piel y el pelo, ya que nutre la piel y el pelo con aceite de semilla de br\u00f3coli, pantanol (vitamina B5) y un potente acondicionador.<\/p>\n<p>Adecuado para animales con piel sensible, HydraCoat proporciona el cuidado y la protecci\u00f3n definitivos para un pelaje sano y radiante.<\/p>\n<p><strong><br \/>\nIndicaciones<\/strong><\/p>\n<p><strong>Pelaje seco y sin brillo<\/strong>: HydraCoat proporciona una hidrataci\u00f3n y nutrici\u00f3n profundas, devolviendo un pelaje brillante y de aspecto sano.<\/p>\n<p><strong>Enredos y nudos<\/strong>El acondicionador hace que el pelo sea suave y m\u00e1s manejable, lo que ayuda a evitar enredos entre recortes o peinados.<\/p>\n<p><strong>Piel sensible<\/strong>Gracias a su f\u00f3rmula suave y sin perfume, HydraCoat es adecuado para mascotas con piel sensible o alergias.<\/p>\n<p><strong>Despu\u00e9s del aseo<\/strong>: Ideal para utilizar despu\u00e9s del recorte para nutrir, suavizar y dar al pelaje un brillo duradero.<\/p>\n<p><strong>Acci\u00f3n antiest\u00e1tica<\/strong>Reduce la electricidad est\u00e1tica, lo que resulta especialmente \u00fatil en climas secos y fr\u00edos o despu\u00e9s de secar el pelo con secador.<\/p>\n<p><strong>Todos los tipos de pelaje<\/strong>: Funciona excepcionalmente bien para el pelo liso, rizado y lanudo, lo que lo convierte en un producto vers\u00e1til para varias razas y tipos de pelaje.<\/p>\n<p><strong>Fortalecer el pelaje<\/strong>: Ingredientes como el pantenol y el esilato de valinato de brasicilo ayudan a fortalecer el pelo, reduciendo las roturas y mejorando su estructura.<\/p>\n<p><strong>Hidrataci\u00f3n y protecci\u00f3n<\/strong>El acondicionador forma una capa protectora \u00fanica que ayuda a proteger la piel y el pelo de los factores ambientales y la deshidrataci\u00f3n.<\/p>\n<p><strong>Adecuado para varias especies animales<\/strong>Gracias a su formulaci\u00f3n sin perfume, el producto es adecuado no s\u00f3lo para perros, sino tambi\u00e9n para gatos y otros animales dom\u00e9sticos en los que no se desee perfume.<\/p>\n<p>El acondicionador sin aclarado HydraCoat ofrece una soluci\u00f3n completa para un pelaje sano, brillante y f\u00e1cil de manejar, adecuado para uso diario o cuando se necesita un cuidado extra.<\/p>\n<p><strong>Operaci\u00f3n<\/strong><\/p>\n<p>Estos ingredientes cuidadosamente seleccionados se combinan para hacer del acondicionador sin aclarado HydraCoat una soluci\u00f3n potente, eficaz y f\u00e1cil de usar para el cuidado del pelo y la piel de nuestras mascotas.<\/p>\n<p>El aceite de semilla de br\u00f3coli es el principal ingrediente del acondicionador y tiene un alto contenido en antioxidantes y actividad antibacteriana. El aceite de semilla de br\u00f3coli contiene alcohol de Brassica, un alcohol graso natural derivado de la colza, que suaviza y acondiciona el pelaje sin dejar residuos grasos.<\/p>\n<p>El esilato de valinato de brasicilo es un ingrediente innovador que protege y refuerza el pelaje, haci\u00e9ndolo m\u00e1s resistente y menos propenso a romperse. Contribuye a la textura y flexibilidad del pelaje.<\/p>\n<p>El Cloruro de Behentrimonio y el Cloruro de Cetrimonio son potentes agentes acondicionadores que ayudan a desenredar el pelaje, lo suavizan y lo hacen m\u00e1s manejable. Reducen la est\u00e1tica y mejoran el brillo.<\/p>\n<p>El pantenol (provitamina B5) es conocido por sus propiedades hidratantes y emolientes. El pantenol penetra profundamente en la estructura del pelo para retener la humedad, fortalece el pelaje y mejora la elasticidad.<\/p>\n<p><strong>Posolog\u00eda y aplicaci\u00f3n <\/strong><\/p>\n<p>Simplemente aplicar sobre el pelo h\u00famedo o seco. No aclarar. Reduce la fuerza de peinado tanto en pelo mojado como seco.<\/p>\n<p><strong>Composici\u00f3n<\/strong><\/p>\n<p>Agua, alcohol de brassica, cloruro de behentrimonio, brassicyl<\/p>\n<p>esilato de valinato, pantenol, cloruro de cetrimonio, dipropilenglicol,<\/p>\n<p>hidr\u00f3xido s\u00f3dico, metilpropanodiol, caprililglicol, fenilpropanol.<\/p>\n<p>&nbsp;<\/p>\n<p>Precio de venta recomendado: 16,95 euros (200 ml), 65,90 euros (1 l)<\/p>\n<span class=\"wppb-content-restriction-message\"><p data-opacity=\"0.5\">Debe iniciar sesi\u00f3n para obtener m\u00e1s informaci\u00f3n<\/p>\n<\/span>","protected":false},"excerpt":{"rendered":"<p>Acondicionador sin aclarado El acondicionador sin aclarado est\u00e1 dise\u00f1ado para todo tipo de pelajes para hidratarlos y nutrirlos en profundidad. Este acondicionador sin aclarado acondiciona el pelo y la piel sin aclarado. Proporciona al pelo una textura rica y una hidrataci\u00f3n profunda, dejando el pelaje suave, menos apagado y m\u00e1s manejable. Ideal para evitar enredos entre las sesiones de recorte o peinado.<\/p>\n<span class=\"wppb-content-restriction-message\"><p data-opacity=\"0.5\">Debe iniciar sesi\u00f3n para obtener m\u00e1s informaci\u00f3n<\/p>\n<\/span>","protected":false},"featured_media":18942,"template":"","meta":[],"product_brand":[],"product_cat":[15,29,35],"product_tag":[38,270],"class_list":{"0":"post-14953","1":"product","2":"type-product","3":"status-publish","4":"has-post-thumbnail","6":"product_cat-alle-producten","7":"product_cat-maxani","8":"product_cat-regular","9":"product_tag-conditioner","10":"product_tag-hydraterend","12":"first","13":"instock","14":"taxable","15":"shipping-taxable","16":"product-type-variable"},"yoast_head":"<!-- This site is optimized with the Yoast SEO plugin v27.1.1 - https:\/\/yoast.com\/product\/yoast-seo-wordpress\/ -->\n<title>HydraCoat Coat conditioner - Maxani Animal Healthcare BV<\/title>\n<meta name=\"robots\" content=\"index, follow, max-snippet:-1, max-image-preview:large, max-video-preview:-1\" \/>\n<link rel=\"canonical\" href=\"https:\/\/maxani.nl\/es\/producto\/hydracoat-coat-conditioner\/\" \/>\n<meta property=\"og:locale\" content=\"es_ES\" \/>\n<meta property=\"og:type\" content=\"article\" \/>\n<meta property=\"og:title\" content=\"HydraCoat Coat conditioner - Maxani Animal Healthcare BV\" \/>\n<meta property=\"og:description\" content=\"Coat conditioner Leave-In Vachtconditioner is ontworpen voor alle vachttypes om de vacht diep te hydrateren en te voeden. Deze leave-in conditioner verzorgt de vacht en huid zonder uitspoelen. Het geeft de haren een rijke textuur en voorziet ze van diepe hydratatie, waardoor de vacht zacht, minder dof en beter beheersbaar wordt. Ideaal om klitten te voorkomen tussen trim- of kambeurten door.\" \/>\n<meta property=\"og:url\" content=\"https:\/\/maxani.nl\/es\/producto\/hydracoat-coat-conditioner\/\" \/>\n<meta property=\"og:site_name\" content=\"Maxani Animal Healthcare BV\" \/>\n<meta property=\"article:modified_time\" content=\"2026-03-04T12:18:57+00:00\" \/>\n<meta property=\"og:image\" content=\"https:\/\/maxani.nl\/wp-content\/uploads\/2024\/08\/Maxani-Hydracoat-1l-en-200-ml.jpg\" \/>\n\t<meta property=\"og:image:width\" content=\"1080\" \/>\n\t<meta property=\"og:image:height\" content=\"1080\" \/>\n\t<meta property=\"og:image:type\" content=\"image\/jpeg\" \/>\n<meta name=\"twitter:card\" content=\"summary_large_image\" \/>\n<meta name=\"twitter:label1\" content=\"Tiempo de lectura\" \/>\n\t<meta name=\"twitter:data1\" content=\"5 minutos\" \/>\n<script type=\"application\/ld+json\" class=\"yoast-schema-graph\">{\"@context\":\"https:\/\/schema.org\",\"@graph\":[{\"@type\":\"WebPage\",\"@id\":\"https:\/\/maxani.nl\/product\/hydracoat-coat-conditioner\/\",\"url\":\"https:\/\/maxani.nl\/product\/hydracoat-coat-conditioner\/\",\"name\":\"HydraCoat Coat conditioner - Maxani Animal Healthcare BV\",\"isPartOf\":{\"@id\":\"https:\/\/maxani.nl\/#website\"},\"primaryImageOfPage\":{\"@id\":\"https:\/\/maxani.nl\/product\/hydracoat-coat-conditioner\/#primaryimage\"},\"image\":{\"@id\":\"https:\/\/maxani.nl\/product\/hydracoat-coat-conditioner\/#primaryimage\"},\"thumbnailUrl\":\"https:\/\/maxani.nl\/wp-content\/uploads\/2024\/08\/Maxani-Hydracoat-1l-en-200-ml.jpg\",\"datePublished\":\"2024-08-08T14:34:05+00:00\",\"dateModified\":\"2026-03-04T12:18:57+00:00\",\"breadcrumb\":{\"@id\":\"https:\/\/maxani.nl\/product\/hydracoat-coat-conditioner\/#breadcrumb\"},\"inLanguage\":\"es\",\"potentialAction\":[{\"@type\":\"ReadAction\",\"target\":[\"https:\/\/maxani.nl\/product\/hydracoat-coat-conditioner\/\"]}]},{\"@type\":\"ImageObject\",\"inLanguage\":\"es\",\"@id\":\"https:\/\/maxani.nl\/product\/hydracoat-coat-conditioner\/#primaryimage\",\"url\":\"https:\/\/maxani.nl\/wp-content\/uploads\/2024\/08\/Maxani-Hydracoat-1l-en-200-ml.jpg\",\"contentUrl\":\"https:\/\/maxani.nl\/wp-content\/uploads\/2024\/08\/Maxani-Hydracoat-1l-en-200-ml.jpg\",\"width\":1080,\"height\":1080},{\"@type\":\"BreadcrumbList\",\"@id\":\"https:\/\/maxani.nl\/product\/hydracoat-coat-conditioner\/#breadcrumb\",\"itemListElement\":[{\"@type\":\"ListItem\",\"position\":1,\"name\":\"Home\",\"item\":\"https:\/\/maxani.nl\/\"},{\"@type\":\"ListItem\",\"position\":2,\"name\":\"Webshop\",\"item\":\"https:\/\/maxani.nl\/webshop\/\"},{\"@type\":\"ListItem\",\"position\":3,\"name\":\"HydraCoat Coat conditioner\"}]},{\"@type\":\"WebSite\",\"@id\":\"https:\/\/maxani.nl\/#website\",\"url\":\"https:\/\/maxani.nl\/\",\"name\":\"Maxani Animal Healthcare BV\",\"description\":\"Uw partner in veterinaire dermatologie\",\"potentialAction\":[{\"@type\":\"SearchAction\",\"target\":{\"@type\":\"EntryPoint\",\"urlTemplate\":\"https:\/\/maxani.nl\/?s={search_term_string}\"},\"query-input\":{\"@type\":\"PropertyValueSpecification\",\"valueRequired\":true,\"valueName\":\"search_term_string\"}}],\"inLanguage\":\"es\"}]}<\/script>\n<!-- \/ Yoast SEO plugin. -->","yoast_head_json":{"title":"HydraCoat Coat conditioner - Maxani Animal Healthcare BV","robots":{"index":"index","follow":"follow","max-snippet":"max-snippet:-1","max-image-preview":"max-image-preview:large","max-video-preview":"max-video-preview:-1"},"canonical":"https:\/\/maxani.nl\/es\/producto\/hydracoat-coat-conditioner\/","og_locale":"es_ES","og_type":"article","og_title":"HydraCoat Coat conditioner - Maxani Animal Healthcare BV","og_description":"Coat conditioner Leave-In Vachtconditioner is ontworpen voor alle vachttypes om de vacht diep te hydrateren en te voeden. Deze leave-in conditioner verzorgt de vacht en huid zonder uitspoelen. Het geeft de haren een rijke textuur en voorziet ze van diepe hydratatie, waardoor de vacht zacht, minder dof en beter beheersbaar wordt. Ideaal om klitten te voorkomen tussen trim- of kambeurten door.","og_url":"https:\/\/maxani.nl\/es\/producto\/hydracoat-coat-conditioner\/","og_site_name":"Maxani Animal Healthcare BV","article_modified_time":"2026-03-04T12:18:57+00:00","og_image":[{"width":1080,"height":1080,"url":"https:\/\/maxani.nl\/wp-content\/uploads\/2024\/08\/Maxani-Hydracoat-1l-en-200-ml.jpg","type":"image\/jpeg"}],"twitter_card":"summary_large_image","twitter_misc":{"Tiempo de lectura":"5 minutos"},"schema":{"@context":"https:\/\/schema.org","@graph":[{"@type":"WebPage","@id":"https:\/\/maxani.nl\/product\/hydracoat-coat-conditioner\/","url":"https:\/\/maxani.nl\/product\/hydracoat-coat-conditioner\/","name":"HydraCoat Coat conditioner - Maxani Animal Healthcare BV","isPartOf":{"@id":"https:\/\/maxani.nl\/#website"},"primaryImageOfPage":{"@id":"https:\/\/maxani.nl\/product\/hydracoat-coat-conditioner\/#primaryimage"},"image":{"@id":"https:\/\/maxani.nl\/product\/hydracoat-coat-conditioner\/#primaryimage"},"thumbnailUrl":"https:\/\/maxani.nl\/wp-content\/uploads\/2024\/08\/Maxani-Hydracoat-1l-en-200-ml.jpg","datePublished":"2024-08-08T14:34:05+00:00","dateModified":"2026-03-04T12:18:57+00:00","breadcrumb":{"@id":"https:\/\/maxani.nl\/product\/hydracoat-coat-conditioner\/#breadcrumb"},"inLanguage":"es","potentialAction":[{"@type":"ReadAction","target":["https:\/\/maxani.nl\/product\/hydracoat-coat-conditioner\/"]}]},{"@type":"ImageObject","inLanguage":"es","@id":"https:\/\/maxani.nl\/product\/hydracoat-coat-conditioner\/#primaryimage","url":"https:\/\/maxani.nl\/wp-content\/uploads\/2024\/08\/Maxani-Hydracoat-1l-en-200-ml.jpg","contentUrl":"https:\/\/maxani.nl\/wp-content\/uploads\/2024\/08\/Maxani-Hydracoat-1l-en-200-ml.jpg","width":1080,"height":1080},{"@type":"BreadcrumbList","@id":"https:\/\/maxani.nl\/product\/hydracoat-coat-conditioner\/#breadcrumb","itemListElement":[{"@type":"ListItem","position":1,"name":"Home","item":"https:\/\/maxani.nl\/"},{"@type":"ListItem","position":2,"name":"Webshop","item":"https:\/\/maxani.nl\/webshop\/"},{"@type":"ListItem","position":3,"name":"HydraCoat Coat conditioner"}]},{"@type":"WebSite","@id":"https:\/\/maxani.nl\/#website","url":"https:\/\/maxani.nl\/","name":"Maxani Animal Healthcare BV","description":"Su socio en dermatolog\u00eda veterinaria","potentialAction":[{"@type":"SearchAction","target":{"@type":"EntryPoint","urlTemplate":"https:\/\/maxani.nl\/?s={search_term_string}"},"query-input":{"@type":"PropertyValueSpecification","valueRequired":true,"valueName":"search_term_string"}}],"inLanguage":"es"}]}},"jetpack_sharing_enabled":true,"_links":{"self":[{"href":"https:\/\/maxani.nl\/es\/wp-json\/wp\/v2\/product\/14953","targetHints":{"allow":["GET"]}}],"collection":[{"href":"https:\/\/maxani.nl\/es\/wp-json\/wp\/v2\/product"}],"about":[{"href":"https:\/\/maxani.nl\/es\/wp-json\/wp\/v2\/types\/product"}],"wp:featuredmedia":[{"embeddable":true,"href":"https:\/\/maxani.nl\/es\/wp-json\/wp\/v2\/media\/18942"}],"wp:attachment":[{"href":"https:\/\/maxani.nl\/es\/wp-json\/wp\/v2\/media?parent=14953"}],"wp:term":[{"taxonomy":"product_brand","embeddable":true,"href":"https:\/\/maxani.nl\/es\/wp-json\/wp\/v2\/product_brand?post=14953"},{"taxonomy":"product_cat","embeddable":true,"href":"https:\/\/maxani.nl\/es\/wp-json\/wp\/v2\/product_cat?post=14953"},{"taxonomy":"product_tag","embeddable":true,"href":"https:\/\/maxani.nl\/es\/wp-json\/wp\/v2\/product_tag?post=14953"}],"curies":[{"name":"wp","href":"https:\/\/api.w.org\/{rel}","templated":true}]}}