{"id":14710,"date":"2024-08-08T14:33:46","date_gmt":"2024-08-08T14:33:46","guid":{"rendered":"https:\/\/maxani.nl\/?post_type=product&#038;p=14710"},"modified":"2026-01-05T09:12:37","modified_gmt":"2026-01-05T09:12:37","slug":"maxani-cryosurge-spray","status":"publish","type":"product","link":"https:\/\/maxani.nl\/es\/producto\/maxani-cryosurge-spray\/","title":{"rendered":"Spray Maxani CryoSurge"},"content":{"rendered":"<p>El Maxani CryoSurge es un dispositivo crioquir\u00fargico que <strong>destinado exclusivamente a uso veterinario<\/strong>. Est\u00e1 dise\u00f1ado para el tratamiento eficaz de lesiones cut\u00e1neas en animales de compa\u00f1\u00eda, como verrugas, peque\u00f1os tumores y otras anomal\u00edas cut\u00e1neas superficiales. CryoSurge combina la crioterapia tradicional con la moderna tecnolog\u00eda de aerosol, congelando el tejido afectado de forma r\u00e1pida y controlada.<\/p>\n<p>El tratamiento es pr\u00e1cticamente indoloro y a menudo puede realizarse sin sedaci\u00f3n, lo que lo hace especialmente adecuado para su uso en la pr\u00e1ctica diaria. Los discos protectores suministrados permiten proteger f\u00e1cilmente la piel sana. CryoSurge est\u00e1 inmediatamente listo para su uso y funciona sin bombonas de gas sueltas ni instalaciones complicadas. Esto la convierte en una herramienta pr\u00e1ctica, segura y que ahorra tiempo. Adecuado para perros, gatos y otras mascotas peque\u00f1as, es un valioso complemento para el equipo dermatol\u00f3gico del veterinario.<\/p>\n<p><strong>- Listo para su uso inmediato<\/strong><br \/>\nCryoSurge no requiere almacenamiento ni preparaci\u00f3n especiales, por lo que puede utilizarse inmediatamente en cualquier consulta m\u00e9dica.<\/p>\n<p><strong>- No requiere anestesia<\/strong><br \/>\nLa eliminaci\u00f3n de verrugas y otras lesiones cut\u00e1neas no requiere anestesia ni equipos de protecci\u00f3n, por lo que el proceso es m\u00e1s sencillo y seguro tanto para el m\u00e9dico como para el paciente.<\/p>\n<p><strong>- Sostenible y respetuosa con el medio ambiente<\/strong><br \/>\nCon una larga vida \u00fatil y un dise\u00f1o que tiene en cuenta el medio ambiente, Maxani CryoSurge ofrece una soluci\u00f3n sostenible para las consultas m\u00e9dicas.<\/p>\n<p><strong>- Tratamiento r\u00e1pido y eficaz<\/strong><br \/>\nMaxani CryoSurge acelera el proceso de recuperaci\u00f3n sin tiempo de preparaci\u00f3n y es f\u00e1cil de usar, lo que minimiza el tiempo de tratamiento.<\/p>\n<p><strong>- Precisi\u00f3n crioquir\u00fargica<\/strong><br \/>\nAl enfriar r\u00e1pidamente la zona afectada, Maxani CryoSurge crea un entorno extremadamente fr\u00edo que destruye eficazmente el virus responsable de las lesiones cut\u00e1neas.<\/p>\n<p>Cuando se aplica sobre la superficie de la piel, Maxani CryoSurge genera temperaturas de entre -50 \u00b0C y -54 \u00b0C. Se trata de temperaturas muy inferiores a las que provocan la muerte celular. La formaci\u00f3n de cristales de hielo intra y extracelulares destruye la capa superior de la piel, sin da\u00f1ar el tejido sano. El tratamiento eficaz se consigue mediante ciclos repetidos de congelaci\u00f3n y descongelaci\u00f3n. El procedimiento es muy breve, eficaz y c\u00f3modo para el paciente.<\/p>\n<p>Maxani CryoSurge incorpora un sistema patentado de pulverizaci\u00f3n silenciosa en la boquilla. La boquilla est\u00e1 dise\u00f1ada para proporcionar una pulverizaci\u00f3n constante y controlada en todo momento. Maxani CryoSurge contiene<br \/>\nel gas norflurano (R134a), que se ha utilizado en inhaladores para el asma durante muchos a\u00f1os y ha demostrado ser seguro. Maxani CryoSurge fue desarrollado por una empresa familiar de equipos farmac\u00e9uticos y m\u00e9dicos de Dinamarca. Varios m\u00e9dicos y especialistas, tanto humanos como veterinarios, la utilizan con \u00e9xito en toda Europa desde 2013.<\/p>\n<span class=\"wppb-content-restriction-message\"><p data-opacity=\"0.5\">Debe iniciar sesi\u00f3n para obtener m\u00e1s informaci\u00f3n<\/p>\n<\/span>","protected":false},"excerpt":{"rendered":"<p>El Maxani CryoSurge es un dispositivo crioquir\u00fargico que <strong>destinado exclusivamente a uso veterinario<\/strong>. Est\u00e1 dise\u00f1ado para el tratamiento eficaz de lesiones cut\u00e1neas en animales de compa\u00f1\u00eda, como verrugas, peque\u00f1os tumores y otras anomal\u00edas cut\u00e1neas superficiales. CryoSurge combina la crioterapia tradicional con la moderna tecnolog\u00eda de aerosol, congelando el tejido afectado de forma r\u00e1pida y controlada.<\/p>","protected":false},"featured_media":14712,"template":"","meta":[],"product_brand":[],"product_cat":[15,29,79,37],"product_tag":[],"class_list":{"0":"post-14710","1":"product","2":"type-product","3":"status-publish","4":"has-post-thumbnail","6":"product_cat-alle-producten","7":"product_cat-maxani","8":"product_cat-hyperkeratose","9":"product_cat-seborroe","11":"first","12":"instock","13":"taxable","14":"shipping-taxable","15":"product-type-simple"},"yoast_head":"<!-- This site is optimized with the Yoast SEO plugin v27.1.1 - https:\/\/yoast.com\/product\/yoast-seo-wordpress\/ -->\n<title>Maxani CryoSurge spray - Maxani Animal Healthcare BV<\/title>\n<meta name=\"robots\" content=\"index, follow, max-snippet:-1, max-image-preview:large, max-video-preview:-1\" \/>\n<link rel=\"canonical\" href=\"https:\/\/maxani.nl\/es\/producto\/maxani-cryosurge-spray\/\" \/>\n<meta property=\"og:locale\" content=\"es_ES\" \/>\n<meta property=\"og:type\" content=\"article\" \/>\n<meta property=\"og:title\" content=\"Maxani CryoSurge spray - Maxani Animal Healthcare BV\" \/>\n<meta property=\"og:description\" content=\"De Maxani CryoSurge is een cryochirurgisch apparaat dat uitsluitend bedoeld is voor gebruik door de dierenarts. Het is ontworpen voor de effectieve behandeling van huidlaesies bij gezelschapsdieren, zoals wratten, kleine tumoren en andere oppervlakkige huidafwijkingen. De CryoSurge combineert traditionele cryotherapie met moderne aerosoltechnologie, waarmee het aangedane weefsel snel en gecontroleerd wordt bevroren.\" \/>\n<meta property=\"og:url\" content=\"https:\/\/maxani.nl\/es\/producto\/maxani-cryosurge-spray\/\" \/>\n<meta property=\"og:site_name\" content=\"Maxani Animal Healthcare BV\" \/>\n<meta property=\"article:modified_time\" content=\"2026-01-05T09:12:37+00:00\" \/>\n<meta property=\"og:image\" content=\"https:\/\/maxani.nl\/wp-content\/uploads\/2024\/07\/Maxani-Cryosurge.jpg\" \/>\n\t<meta property=\"og:image:width\" content=\"1080\" \/>\n\t<meta property=\"og:image:height\" content=\"1080\" \/>\n\t<meta property=\"og:image:type\" content=\"image\/jpeg\" \/>\n<meta name=\"twitter:card\" content=\"summary_large_image\" \/>\n<meta name=\"twitter:label1\" content=\"Tiempo de lectura\" \/>\n\t<meta name=\"twitter:data1\" content=\"4 minutos\" \/>\n<script type=\"application\/ld+json\" class=\"yoast-schema-graph\">{\"@context\":\"https:\/\/schema.org\",\"@graph\":[{\"@type\":\"WebPage\",\"@id\":\"https:\/\/maxani.nl\/product\/maxani-cryosurge-spray\/\",\"url\":\"https:\/\/maxani.nl\/product\/maxani-cryosurge-spray\/\",\"name\":\"Maxani CryoSurge spray - Maxani Animal Healthcare BV\",\"isPartOf\":{\"@id\":\"https:\/\/maxani.nl\/#website\"},\"primaryImageOfPage\":{\"@id\":\"https:\/\/maxani.nl\/product\/maxani-cryosurge-spray\/#primaryimage\"},\"image\":{\"@id\":\"https:\/\/maxani.nl\/product\/maxani-cryosurge-spray\/#primaryimage\"},\"thumbnailUrl\":\"https:\/\/maxani.nl\/wp-content\/uploads\/2024\/07\/Maxani-Cryosurge.jpg\",\"datePublished\":\"2024-08-08T14:33:46+00:00\",\"dateModified\":\"2026-01-05T09:12:37+00:00\",\"breadcrumb\":{\"@id\":\"https:\/\/maxani.nl\/product\/maxani-cryosurge-spray\/#breadcrumb\"},\"inLanguage\":\"es\",\"potentialAction\":[{\"@type\":\"ReadAction\",\"target\":[\"https:\/\/maxani.nl\/product\/maxani-cryosurge-spray\/\"]}]},{\"@type\":\"ImageObject\",\"inLanguage\":\"es\",\"@id\":\"https:\/\/maxani.nl\/product\/maxani-cryosurge-spray\/#primaryimage\",\"url\":\"https:\/\/maxani.nl\/wp-content\/uploads\/2024\/07\/Maxani-Cryosurge.jpg\",\"contentUrl\":\"https:\/\/maxani.nl\/wp-content\/uploads\/2024\/07\/Maxani-Cryosurge.jpg\",\"width\":1080,\"height\":1080},{\"@type\":\"BreadcrumbList\",\"@id\":\"https:\/\/maxani.nl\/product\/maxani-cryosurge-spray\/#breadcrumb\",\"itemListElement\":[{\"@type\":\"ListItem\",\"position\":1,\"name\":\"Home\",\"item\":\"https:\/\/maxani.nl\/\"},{\"@type\":\"ListItem\",\"position\":2,\"name\":\"Webshop\",\"item\":\"https:\/\/maxani.nl\/webshop\/\"},{\"@type\":\"ListItem\",\"position\":3,\"name\":\"Maxani CryoSurge spray\"}]},{\"@type\":\"WebSite\",\"@id\":\"https:\/\/maxani.nl\/#website\",\"url\":\"https:\/\/maxani.nl\/\",\"name\":\"Maxani Animal Healthcare BV\",\"description\":\"Uw partner in veterinaire dermatologie\",\"potentialAction\":[{\"@type\":\"SearchAction\",\"target\":{\"@type\":\"EntryPoint\",\"urlTemplate\":\"https:\/\/maxani.nl\/?s={search_term_string}\"},\"query-input\":{\"@type\":\"PropertyValueSpecification\",\"valueRequired\":true,\"valueName\":\"search_term_string\"}}],\"inLanguage\":\"es\"}]}<\/script>\n<!-- \/ Yoast SEO plugin. -->","yoast_head_json":{"title":"Maxani CryoSurge spray - Maxani Animal Healthcare BV","robots":{"index":"index","follow":"follow","max-snippet":"max-snippet:-1","max-image-preview":"max-image-preview:large","max-video-preview":"max-video-preview:-1"},"canonical":"https:\/\/maxani.nl\/es\/producto\/maxani-cryosurge-spray\/","og_locale":"es_ES","og_type":"article","og_title":"Maxani CryoSurge spray - Maxani Animal Healthcare BV","og_description":"De Maxani CryoSurge is een cryochirurgisch apparaat dat uitsluitend bedoeld is voor gebruik door de dierenarts. Het is ontworpen voor de effectieve behandeling van huidlaesies bij gezelschapsdieren, zoals wratten, kleine tumoren en andere oppervlakkige huidafwijkingen. De CryoSurge combineert traditionele cryotherapie met moderne aerosoltechnologie, waarmee het aangedane weefsel snel en gecontroleerd wordt bevroren.","og_url":"https:\/\/maxani.nl\/es\/producto\/maxani-cryosurge-spray\/","og_site_name":"Maxani Animal Healthcare BV","article_modified_time":"2026-01-05T09:12:37+00:00","og_image":[{"width":1080,"height":1080,"url":"https:\/\/maxani.nl\/wp-content\/uploads\/2024\/07\/Maxani-Cryosurge.jpg","type":"image\/jpeg"}],"twitter_card":"summary_large_image","twitter_misc":{"Tiempo de lectura":"4 minutos"},"schema":{"@context":"https:\/\/schema.org","@graph":[{"@type":"WebPage","@id":"https:\/\/maxani.nl\/product\/maxani-cryosurge-spray\/","url":"https:\/\/maxani.nl\/product\/maxani-cryosurge-spray\/","name":"Maxani CryoSurge spray - Maxani Animal Healthcare BV","isPartOf":{"@id":"https:\/\/maxani.nl\/#website"},"primaryImageOfPage":{"@id":"https:\/\/maxani.nl\/product\/maxani-cryosurge-spray\/#primaryimage"},"image":{"@id":"https:\/\/maxani.nl\/product\/maxani-cryosurge-spray\/#primaryimage"},"thumbnailUrl":"https:\/\/maxani.nl\/wp-content\/uploads\/2024\/07\/Maxani-Cryosurge.jpg","datePublished":"2024-08-08T14:33:46+00:00","dateModified":"2026-01-05T09:12:37+00:00","breadcrumb":{"@id":"https:\/\/maxani.nl\/product\/maxani-cryosurge-spray\/#breadcrumb"},"inLanguage":"es","potentialAction":[{"@type":"ReadAction","target":["https:\/\/maxani.nl\/product\/maxani-cryosurge-spray\/"]}]},{"@type":"ImageObject","inLanguage":"es","@id":"https:\/\/maxani.nl\/product\/maxani-cryosurge-spray\/#primaryimage","url":"https:\/\/maxani.nl\/wp-content\/uploads\/2024\/07\/Maxani-Cryosurge.jpg","contentUrl":"https:\/\/maxani.nl\/wp-content\/uploads\/2024\/07\/Maxani-Cryosurge.jpg","width":1080,"height":1080},{"@type":"BreadcrumbList","@id":"https:\/\/maxani.nl\/product\/maxani-cryosurge-spray\/#breadcrumb","itemListElement":[{"@type":"ListItem","position":1,"name":"Home","item":"https:\/\/maxani.nl\/"},{"@type":"ListItem","position":2,"name":"Webshop","item":"https:\/\/maxani.nl\/webshop\/"},{"@type":"ListItem","position":3,"name":"Maxani CryoSurge spray"}]},{"@type":"WebSite","@id":"https:\/\/maxani.nl\/#website","url":"https:\/\/maxani.nl\/","name":"Maxani Animal Healthcare BV","description":"Su socio en dermatolog\u00eda veterinaria","potentialAction":[{"@type":"SearchAction","target":{"@type":"EntryPoint","urlTemplate":"https:\/\/maxani.nl\/?s={search_term_string}"},"query-input":{"@type":"PropertyValueSpecification","valueRequired":true,"valueName":"search_term_string"}}],"inLanguage":"es"}]}},"jetpack_sharing_enabled":true,"_links":{"self":[{"href":"https:\/\/maxani.nl\/es\/wp-json\/wp\/v2\/product\/14710","targetHints":{"allow":["GET"]}}],"collection":[{"href":"https:\/\/maxani.nl\/es\/wp-json\/wp\/v2\/product"}],"about":[{"href":"https:\/\/maxani.nl\/es\/wp-json\/wp\/v2\/types\/product"}],"wp:featuredmedia":[{"embeddable":true,"href":"https:\/\/maxani.nl\/es\/wp-json\/wp\/v2\/media\/14712"}],"wp:attachment":[{"href":"https:\/\/maxani.nl\/es\/wp-json\/wp\/v2\/media?parent=14710"}],"wp:term":[{"taxonomy":"product_brand","embeddable":true,"href":"https:\/\/maxani.nl\/es\/wp-json\/wp\/v2\/product_brand?post=14710"},{"taxonomy":"product_cat","embeddable":true,"href":"https:\/\/maxani.nl\/es\/wp-json\/wp\/v2\/product_cat?post=14710"},{"taxonomy":"product_tag","embeddable":true,"href":"https:\/\/maxani.nl\/es\/wp-json\/wp\/v2\/product_tag?post=14710"}],"curies":[{"name":"wp","href":"https:\/\/api.w.org\/{rel}","templated":true}]}}