{"id":147,"date":"2019-08-13T11:44:07","date_gmt":"2019-08-13T11:44:07","guid":{"rendered":"https:\/\/maandvandehuidverzorging.nl\/?post_type=product&#038;p=147"},"modified":"2026-01-05T09:04:39","modified_gmt":"2026-01-05T09:04:39","slug":"honey-o3-gel","status":"publish","type":"product","link":"https:\/\/maxani.nl\/es\/producto\/honey-o3-gel\/","title":{"rendered":"Gel Maxani Miel-O3"},"content":{"rendered":"<p><strong>Indicaciones<\/strong><\/p>\n<p>Heridas contaminadas e infectadas.<\/p>\n<p><strong>Operaci\u00f3n\u00a0<\/strong><\/p>\n<p>En el Gel Honey O3, la miel combinada con la glicerina crea un entorno h\u00famedo en la herida. En un entorno h\u00famedo de la herida, se estimula el crecimiento y la migraci\u00f3n de nuevas c\u00e9lulas y se garantiza que las prote\u00ednas importantes para el cierre de la herida permanezcan donde deben estar para realizar su trabajo de reparaci\u00f3n. Adem\u00e1s, en un entorno h\u00famedo, no pueden formarse costras y la herida se mantiene flexible. El Gel de Miel O3 puede acelerar enormemente la cicatrizaci\u00f3n de las heridas, en parte porque desprende el tejido muerto de las heridas con especial rapidez, reduciendo as\u00ed la respuesta inflamatoria. En la miel pura, el bajo valor del pH y la elevada cantidad de glucosa oxidasa proporcionan el potente efecto antibacteriano. La glucosa oxidasa se convierte en \u00e1cido gluc\u00f3nico y per\u00f3xido de hidr\u00f3geno (H2O2) al entrar en contacto con la piel o la herida. El \u00e1cido gluc\u00f3nico crea un entorno \u00e1cido que no gusta a las bacterias ni a los pat\u00f3genos potenciales. Aplicar miel nueva a la herida con regularidad hace que este proceso se repita. La acci\u00f3n desinfectante penetra profundamente en la herida. La reducci\u00f3n del pH garantiza m\u00e1s ox\u00edgeno, lo que favorece el crecimiento de los tejidos.<\/p>\n<p><strong>Utilice<\/strong><\/p>\n<p>Aplique el Gel Honey O3 sobre la piel afectada. Es importante cambiar el gel y cualquier ap\u00f3sito cada 24 o 48 horas. <a href=\"https:\/\/maandvandehuidverzorging.nl\/product\/cleanser-spray\/\">Spray limpiador Maxani<\/a> puede utilizarse para eliminar f\u00e1cilmente los restos y residuos de miel, de modo que el gel de miel pueda aplicarse sobre una herida limpia.<\/p>\n<span class=\"wppb-content-restriction-message\"><p data-opacity=\"0.5\">Debe iniciar sesi\u00f3n para obtener m\u00e1s informaci\u00f3n<\/p>\n<\/span>","protected":false},"excerpt":{"rendered":"<p>Un ingrediente clave del Gel Miel O3 es la miel pura de pastos de monta\u00f1a ozonizada 45%. En vista del aumento de la resistencia a los antibi\u00f3ticos, el uso del Gel Maxani Miel O3 es una buena alternativa. La miel tiene propiedades antibacterianas, antiinflamatorias y favorecedoras de la granulaci\u00f3n de los tejidos. La miel tambi\u00e9n act\u00faa como antioxidante y elimina los radicales libres. Es un producto suave y natural.<\/p>\n<p><strong>Animales<\/strong>: Todas las especies<\/p>\n<p><strong>Contenido<\/strong>20 g, 50 g, 200 g<\/p>\n<span class=\"wppb-shortcode-restriction-message\"> <\/span>","protected":false},"featured_media":11906,"template":"","meta":[],"product_brand":[],"product_cat":[15,29,41],"product_tag":[253,256,254,259,255,257,258,157,260,158,262,261,232],"class_list":{"0":"post-147","1":"product","2":"type-product","3":"status-publish","4":"has-post-thumbnail","6":"product_cat-alle-producten","7":"product_cat-maxani","8":"product_cat-wond-en-huidplooi","9":"product_tag-253","10":"product_tag-256","11":"product_tag-254","12":"product_tag-259","13":"product_tag-255","14":"product_tag-257","15":"product_tag-258","16":"product_tag-honey","17":"product_tag-honey-gel","18":"product_tag-honing","19":"product_tag-honing-zalf","20":"product_tag-honingzalf","21":"product_tag-wondverzorging","23":"first","24":"instock","25":"taxable","26":"shipping-taxable","27":"product-type-variable"},"yoast_head":"<!-- This site is optimized with the Yoast SEO plugin v27.1.1 - https:\/\/yoast.com\/product\/yoast-seo-wordpress\/ -->\n<title>Maxani Honey-O3 gel - Maxani Animal Healthcare BV<\/title>\n<meta name=\"robots\" content=\"index, follow, max-snippet:-1, max-image-preview:large, max-video-preview:-1\" \/>\n<link rel=\"canonical\" href=\"https:\/\/maxani.nl\/es\/producto\/honey-o3-gel\/\" \/>\n<meta property=\"og:locale\" content=\"es_ES\" \/>\n<meta property=\"og:type\" content=\"article\" \/>\n<meta property=\"og:title\" content=\"Maxani Honey-O3 gel - Maxani Animal Healthcare BV\" \/>\n<meta property=\"og:description\" content=\"Een belangrijke stof in de Honey O3 Gel is 45% zuivere ge\u00f6zoneerde bergweide honing. Met oog op de toename van antibioticum resistentie is het gebruik van Maxani Honey O3 Gel een goed alternatief. Honing heeft antibacteri\u00eble, anti-inflammatoire en weefselgranulatie bevorderende eigenschappen. Honing werkt ook als antioxidant en haalt de vrije radicalen weg. Het is een mild en natuurlijk product.  Dier: Alle diersoorten  Inhoud: 20 g, 50 g, 200g\" \/>\n<meta property=\"og:url\" content=\"https:\/\/maxani.nl\/es\/producto\/honey-o3-gel\/\" \/>\n<meta property=\"og:site_name\" content=\"Maxani Animal Healthcare BV\" \/>\n<meta property=\"article:modified_time\" content=\"2026-01-05T09:04:39+00:00\" \/>\n<meta property=\"og:image\" content=\"https:\/\/maxani.nl\/wp-content\/uploads\/2023\/01\/Maxani-honey-O3-combi.jpg\" \/>\n\t<meta property=\"og:image:width\" content=\"1080\" \/>\n\t<meta property=\"og:image:height\" content=\"1080\" \/>\n\t<meta property=\"og:image:type\" content=\"image\/jpeg\" \/>\n<meta name=\"twitter:card\" content=\"summary_large_image\" \/>\n<meta name=\"twitter:label1\" content=\"Tiempo de lectura\" \/>\n\t<meta name=\"twitter:data1\" content=\"3 minutos\" \/>\n<script type=\"application\/ld+json\" class=\"yoast-schema-graph\">{\"@context\":\"https:\/\/schema.org\",\"@graph\":[{\"@type\":\"WebPage\",\"@id\":\"https:\/\/maxani.nl\/product\/honey-o3-gel\/\",\"url\":\"https:\/\/maxani.nl\/product\/honey-o3-gel\/\",\"name\":\"Maxani Honey-O3 gel - Maxani Animal Healthcare BV\",\"isPartOf\":{\"@id\":\"https:\/\/maxani.nl\/#website\"},\"primaryImageOfPage\":{\"@id\":\"https:\/\/maxani.nl\/product\/honey-o3-gel\/#primaryimage\"},\"image\":{\"@id\":\"https:\/\/maxani.nl\/product\/honey-o3-gel\/#primaryimage\"},\"thumbnailUrl\":\"https:\/\/maxani.nl\/wp-content\/uploads\/2023\/01\/Maxani-honey-O3-combi.jpg\",\"datePublished\":\"2019-08-13T11:44:07+00:00\",\"dateModified\":\"2026-01-05T09:04:39+00:00\",\"breadcrumb\":{\"@id\":\"https:\/\/maxani.nl\/product\/honey-o3-gel\/#breadcrumb\"},\"inLanguage\":\"es\",\"potentialAction\":[{\"@type\":\"ReadAction\",\"target\":[\"https:\/\/maxani.nl\/product\/honey-o3-gel\/\"]}]},{\"@type\":\"ImageObject\",\"inLanguage\":\"es\",\"@id\":\"https:\/\/maxani.nl\/product\/honey-o3-gel\/#primaryimage\",\"url\":\"https:\/\/maxani.nl\/wp-content\/uploads\/2023\/01\/Maxani-honey-O3-combi.jpg\",\"contentUrl\":\"https:\/\/maxani.nl\/wp-content\/uploads\/2023\/01\/Maxani-honey-O3-combi.jpg\",\"width\":1080,\"height\":1080},{\"@type\":\"BreadcrumbList\",\"@id\":\"https:\/\/maxani.nl\/product\/honey-o3-gel\/#breadcrumb\",\"itemListElement\":[{\"@type\":\"ListItem\",\"position\":1,\"name\":\"Home\",\"item\":\"https:\/\/maxani.nl\/\"},{\"@type\":\"ListItem\",\"position\":2,\"name\":\"Webshop\",\"item\":\"https:\/\/maxani.nl\/webshop\/\"},{\"@type\":\"ListItem\",\"position\":3,\"name\":\"Maxani Honey-O3 gel\"}]},{\"@type\":\"WebSite\",\"@id\":\"https:\/\/maxani.nl\/#website\",\"url\":\"https:\/\/maxani.nl\/\",\"name\":\"Maxani Animal Healthcare BV\",\"description\":\"Uw partner in veterinaire dermatologie\",\"potentialAction\":[{\"@type\":\"SearchAction\",\"target\":{\"@type\":\"EntryPoint\",\"urlTemplate\":\"https:\/\/maxani.nl\/?s={search_term_string}\"},\"query-input\":{\"@type\":\"PropertyValueSpecification\",\"valueRequired\":true,\"valueName\":\"search_term_string\"}}],\"inLanguage\":\"es\"}]}<\/script>\n<!-- \/ Yoast SEO plugin. -->","yoast_head_json":{"title":"Maxani Honey-O3 gel - Maxani Animal Healthcare BV","robots":{"index":"index","follow":"follow","max-snippet":"max-snippet:-1","max-image-preview":"max-image-preview:large","max-video-preview":"max-video-preview:-1"},"canonical":"https:\/\/maxani.nl\/es\/producto\/honey-o3-gel\/","og_locale":"es_ES","og_type":"article","og_title":"Maxani Honey-O3 gel - Maxani Animal Healthcare BV","og_description":"Een belangrijke stof in de Honey O3 Gel is 45% zuivere ge\u00f6zoneerde bergweide honing. Met oog op de toename van antibioticum resistentie is het gebruik van Maxani Honey O3 Gel een goed alternatief. Honing heeft antibacteri\u00eble, anti-inflammatoire en weefselgranulatie bevorderende eigenschappen. Honing werkt ook als antioxidant en haalt de vrije radicalen weg. Het is een mild en natuurlijk product.  Dier: Alle diersoorten  Inhoud: 20 g, 50 g, 200g","og_url":"https:\/\/maxani.nl\/es\/producto\/honey-o3-gel\/","og_site_name":"Maxani Animal Healthcare BV","article_modified_time":"2026-01-05T09:04:39+00:00","og_image":[{"width":1080,"height":1080,"url":"https:\/\/maxani.nl\/wp-content\/uploads\/2023\/01\/Maxani-honey-O3-combi.jpg","type":"image\/jpeg"}],"twitter_card":"summary_large_image","twitter_misc":{"Tiempo de lectura":"3 minutos"},"schema":{"@context":"https:\/\/schema.org","@graph":[{"@type":"WebPage","@id":"https:\/\/maxani.nl\/product\/honey-o3-gel\/","url":"https:\/\/maxani.nl\/product\/honey-o3-gel\/","name":"Maxani Honey-O3 gel - Maxani Animal Healthcare BV","isPartOf":{"@id":"https:\/\/maxani.nl\/#website"},"primaryImageOfPage":{"@id":"https:\/\/maxani.nl\/product\/honey-o3-gel\/#primaryimage"},"image":{"@id":"https:\/\/maxani.nl\/product\/honey-o3-gel\/#primaryimage"},"thumbnailUrl":"https:\/\/maxani.nl\/wp-content\/uploads\/2023\/01\/Maxani-honey-O3-combi.jpg","datePublished":"2019-08-13T11:44:07+00:00","dateModified":"2026-01-05T09:04:39+00:00","breadcrumb":{"@id":"https:\/\/maxani.nl\/product\/honey-o3-gel\/#breadcrumb"},"inLanguage":"es","potentialAction":[{"@type":"ReadAction","target":["https:\/\/maxani.nl\/product\/honey-o3-gel\/"]}]},{"@type":"ImageObject","inLanguage":"es","@id":"https:\/\/maxani.nl\/product\/honey-o3-gel\/#primaryimage","url":"https:\/\/maxani.nl\/wp-content\/uploads\/2023\/01\/Maxani-honey-O3-combi.jpg","contentUrl":"https:\/\/maxani.nl\/wp-content\/uploads\/2023\/01\/Maxani-honey-O3-combi.jpg","width":1080,"height":1080},{"@type":"BreadcrumbList","@id":"https:\/\/maxani.nl\/product\/honey-o3-gel\/#breadcrumb","itemListElement":[{"@type":"ListItem","position":1,"name":"Home","item":"https:\/\/maxani.nl\/"},{"@type":"ListItem","position":2,"name":"Webshop","item":"https:\/\/maxani.nl\/webshop\/"},{"@type":"ListItem","position":3,"name":"Maxani Honey-O3 gel"}]},{"@type":"WebSite","@id":"https:\/\/maxani.nl\/#website","url":"https:\/\/maxani.nl\/","name":"Maxani Animal Healthcare BV","description":"Su socio en dermatolog\u00eda veterinaria","potentialAction":[{"@type":"SearchAction","target":{"@type":"EntryPoint","urlTemplate":"https:\/\/maxani.nl\/?s={search_term_string}"},"query-input":{"@type":"PropertyValueSpecification","valueRequired":true,"valueName":"search_term_string"}}],"inLanguage":"es"}]}},"jetpack_sharing_enabled":true,"_links":{"self":[{"href":"https:\/\/maxani.nl\/es\/wp-json\/wp\/v2\/product\/147","targetHints":{"allow":["GET"]}}],"collection":[{"href":"https:\/\/maxani.nl\/es\/wp-json\/wp\/v2\/product"}],"about":[{"href":"https:\/\/maxani.nl\/es\/wp-json\/wp\/v2\/types\/product"}],"wp:featuredmedia":[{"embeddable":true,"href":"https:\/\/maxani.nl\/es\/wp-json\/wp\/v2\/media\/11906"}],"wp:attachment":[{"href":"https:\/\/maxani.nl\/es\/wp-json\/wp\/v2\/media?parent=147"}],"wp:term":[{"taxonomy":"product_brand","embeddable":true,"href":"https:\/\/maxani.nl\/es\/wp-json\/wp\/v2\/product_brand?post=147"},{"taxonomy":"product_cat","embeddable":true,"href":"https:\/\/maxani.nl\/es\/wp-json\/wp\/v2\/product_cat?post=147"},{"taxonomy":"product_tag","embeddable":true,"href":"https:\/\/maxani.nl\/es\/wp-json\/wp\/v2\/product_tag?post=147"}],"curies":[{"name":"wp","href":"https:\/\/api.w.org\/{rel}","templated":true}]}}