{"id":14140,"date":"2024-04-03T05:07:59","date_gmt":"2024-04-03T05:07:59","guid":{"rendered":"https:\/\/maxani.nl\/?post_type=product&#038;p=14140"},"modified":"2025-09-01T14:36:24","modified_gmt":"2025-09-01T14:36:24","slug":"max-scope-plus-draadloze-digitale-video-otoscoop-endoscoop-voor-hond-en-kat","status":"publish","type":"product","link":"https:\/\/maxani.nl\/es\/producto\/max-scope-plus-draadloze-digitale-video-otoscoop-endoscoop-voor-hond-en-kat\/","title":{"rendered":"MAX-Scope PLUS - Video otoscopio y endoscopio inal\u00e1mbrico para perros y gatos"},"content":{"rendered":"<p>El MAX-Scope PLUS es un instrumento de exploraci\u00f3n compacto e inal\u00e1mbrico especialmente dise\u00f1ado para la pr\u00e1ctica veterinaria. El dispositivo proporciona im\u00e1genes n\u00edtidas en directo de los o\u00eddos, la nariz, la garganta, la cavidad oral y la piel de perros y gatos, directamente visibles en la pantalla incorporada. Las im\u00e1genes pueden almacenarse f\u00e1cilmente para llevar un registro o comunicarse con los propietarios.<\/p>\n<p>El MAX-Scope PLUS dispone de varias lentes de c\u00e1mara y dos canales de trabajo externos, lo que permite extraer cuerpos extra\u00f1os como pelos de hierba de las orejas o la nariz, entre otras cosas. Gracias a la conexi\u00f3n Luer-lock, el lavado de los o\u00eddos tambi\u00e9n puede realizarse de forma sencilla y controlada, sin necesidad de herramientas adicionales.<\/p>\n<p>Su dise\u00f1o inal\u00e1mbrico, su funcionamiento intuitivo y su amplia aplicabilidad hacen del MAX-Scope PLUS un valioso complemento para el trabajo diario del veterinario. No solo facilita el diagn\u00f3stico, sino que tambi\u00e9n aumenta la comodidad tanto para el animal como para el propietario.<\/p>\n<p><a href=\"https:\/\/www.youtube.com\/watch?v=hrpf7uqQBXA\" target=\"_blank\" rel=\"noopener\"><span style=\"text-decoration: underline;\">V\u00eddeo de demostraci\u00f3n<\/span><\/a><\/p>\n<p>En <strong>Max-Scope plus para perros y gatos<\/strong> contiene varios accesorios:<\/p>\n<p><strong>Para el perro: (di\u00e1metro de la \u00f3ptica 3,4 mm)<\/strong><\/p>\n<ul>\n<li>\u00d3ptica de c\u00e1mara r\u00edgida: 2 cm<\/li>\n<li>\u00d3ptica de c\u00e1mara r\u00edgida 8 cm<\/li>\n<li>\u00d3ptica de c\u00e1mara r\u00edgida16 cm<\/li>\n<li>\u00d3ptica de c\u00e1mara flexible: 17 cm<\/li>\n<li>Adaptador dermatol\u00f3gico para \u00f3ptica de c\u00e1mara de 2 cm<\/li>\n<li>Tapa para \u00f3ptica de c\u00e1mara de 2 cm<\/li>\n<li>Adaptador auricular para \u00f3ptica de c\u00e1mara de 8 cm<\/li>\n<li>Canal de trabajo (grande), con conexi\u00f3n luer lock para enjuague auricular.<\/li>\n<li>Alicates flexibles (tama\u00f1o 2 mm)<\/li>\n<\/ul>\n<p><strong>Para el gato: (di\u00e1metro de la \u00f3ptica 1,7 mm)<\/strong><\/p>\n<ul>\n<li>M\u00f3dulo de c\u00e1mara<\/li>\n<li>Canal de trabajo peque\u00f1o<\/li>\n<li>Alicates flexibles (peque\u00f1os)<\/li>\n<li>Canal de trabajo para mirar a trav\u00e9s de la garganta hacia la cavidad nasal<\/li>\n<\/ul>\n<p><strong>Para el conejo:<\/strong><\/p>\n<ul>\n<li>Esp\u00e1tula lingual<\/li>\n<\/ul>\n<span class=\"wppb-content-restriction-message\"><p data-opacity=\"0.5\">Debe iniciar sesi\u00f3n para obtener m\u00e1s informaci\u00f3n<\/p>\n<\/span>\n<p>&nbsp;<\/p>","protected":false},"excerpt":{"rendered":"<p>El MAX-Scope PLUS es un instrumento de exploraci\u00f3n compacto e inal\u00e1mbrico especialmente dise\u00f1ado para la pr\u00e1ctica veterinaria. El dispositivo proporciona im\u00e1genes n\u00edtidas en directo de los o\u00eddos, la nariz, la garganta, la cavidad oral y la piel de perros y gatos, directamente visibles en la pantalla incorporada. Las im\u00e1genes pueden almacenarse f\u00e1cilmente para llevar un registro o comunicarse con los propietarios.<\/p>\n<span class=\"wppb-content-restriction-message\"><p data-opacity=\"0.5\">Debe iniciar sesi\u00f3n para obtener m\u00e1s informaci\u00f3n<\/p>\n<\/span>","protected":false},"featured_media":14347,"template":"","meta":[],"product_brand":[],"product_cat":[15,29],"product_tag":[169,173,172,171,170],"class_list":{"0":"post-14140","1":"product","2":"type-product","3":"status-publish","4":"has-post-thumbnail","6":"product_cat-alle-producten","7":"product_cat-maxani","8":"product_tag-169","9":"product_tag-digitaal","10":"product_tag-endoscoop","11":"product_tag-otoscoop","12":"product_tag-scoop","14":"first","15":"instock","16":"taxable","17":"shipping-taxable","18":"product-type-simple"},"yoast_head":"<!-- This site is optimized with the Yoast SEO plugin v27.1.1 - https:\/\/yoast.com\/product\/yoast-seo-wordpress\/ -->\n<title>MAX-Scope PLUS \u2013 Draadloze video-otoscoop en endoscoop voor hond en kat - Maxani Animal Healthcare BV<\/title>\n<meta name=\"robots\" content=\"index, follow, max-snippet:-1, max-image-preview:large, max-video-preview:-1\" \/>\n<link rel=\"canonical\" href=\"https:\/\/maxani.nl\/es\/producto\/max-scope-plus-draadloze-digitale-video-otoscoop-endoscoop-voor-hond-en-kat\/\" \/>\n<meta property=\"og:locale\" content=\"es_ES\" \/>\n<meta property=\"og:type\" content=\"article\" \/>\n<meta property=\"og:title\" content=\"MAX-Scope PLUS \u2013 Draadloze video-otoscoop en endoscoop voor hond en kat - Maxani Animal Healthcare BV\" \/>\n<meta property=\"og:description\" content=\"De MAX-Scope PLUS is een compact en draadloos onderzoeksinstrument, speciaal ontwikkeld voor de veterinaire praktijk. Het apparaat biedt heldere livebeelden van de oren, neus, keel, mondholte en huid van honden en katten, direct zichtbaar op het ingebouwde scherm. Beelden kunnen eenvoudig worden opgeslagen voor dossieropbouw of communicatie met eigenaren.\" \/>\n<meta property=\"og:url\" content=\"https:\/\/maxani.nl\/es\/producto\/max-scope-plus-draadloze-digitale-video-otoscoop-endoscoop-voor-hond-en-kat\/\" \/>\n<meta property=\"og:site_name\" content=\"Maxani Animal Healthcare BV\" \/>\n<meta property=\"article:modified_time\" content=\"2025-09-01T14:36:24+00:00\" \/>\n<meta property=\"og:image\" content=\"https:\/\/maxani.nl\/wp-content\/uploads\/2024\/04\/Maxani-MAX-Scope-PLUS-3.jpg\" \/>\n\t<meta property=\"og:image:width\" content=\"1080\" \/>\n\t<meta property=\"og:image:height\" content=\"1080\" \/>\n\t<meta property=\"og:image:type\" content=\"image\/jpeg\" \/>\n<meta name=\"twitter:card\" content=\"summary_large_image\" \/>\n<meta name=\"twitter:label1\" content=\"Tiempo de lectura\" \/>\n\t<meta name=\"twitter:data1\" content=\"3 minutos\" \/>\n<script type=\"application\/ld+json\" class=\"yoast-schema-graph\">{\"@context\":\"https:\/\/schema.org\",\"@graph\":[{\"@type\":\"WebPage\",\"@id\":\"https:\/\/maxani.nl\/product\/max-scope-plus-draadloze-digitale-video-otoscoop-endoscoop-voor-hond-en-kat\/\",\"url\":\"https:\/\/maxani.nl\/product\/max-scope-plus-draadloze-digitale-video-otoscoop-endoscoop-voor-hond-en-kat\/\",\"name\":\"MAX-Scope PLUS \u2013 Draadloze video-otoscoop en endoscoop voor hond en kat - Maxani Animal Healthcare BV\",\"isPartOf\":{\"@id\":\"https:\/\/maxani.nl\/#website\"},\"primaryImageOfPage\":{\"@id\":\"https:\/\/maxani.nl\/product\/max-scope-plus-draadloze-digitale-video-otoscoop-endoscoop-voor-hond-en-kat\/#primaryimage\"},\"image\":{\"@id\":\"https:\/\/maxani.nl\/product\/max-scope-plus-draadloze-digitale-video-otoscoop-endoscoop-voor-hond-en-kat\/#primaryimage\"},\"thumbnailUrl\":\"https:\/\/maxani.nl\/wp-content\/uploads\/2024\/04\/Maxani-MAX-Scope-PLUS-3.jpg\",\"datePublished\":\"2024-04-03T05:07:59+00:00\",\"dateModified\":\"2025-09-01T14:36:24+00:00\",\"breadcrumb\":{\"@id\":\"https:\/\/maxani.nl\/product\/max-scope-plus-draadloze-digitale-video-otoscoop-endoscoop-voor-hond-en-kat\/#breadcrumb\"},\"inLanguage\":\"es\",\"potentialAction\":[{\"@type\":\"ReadAction\",\"target\":[\"https:\/\/maxani.nl\/product\/max-scope-plus-draadloze-digitale-video-otoscoop-endoscoop-voor-hond-en-kat\/\"]}]},{\"@type\":\"ImageObject\",\"inLanguage\":\"es\",\"@id\":\"https:\/\/maxani.nl\/product\/max-scope-plus-draadloze-digitale-video-otoscoop-endoscoop-voor-hond-en-kat\/#primaryimage\",\"url\":\"https:\/\/maxani.nl\/wp-content\/uploads\/2024\/04\/Maxani-MAX-Scope-PLUS-3.jpg\",\"contentUrl\":\"https:\/\/maxani.nl\/wp-content\/uploads\/2024\/04\/Maxani-MAX-Scope-PLUS-3.jpg\",\"width\":1080,\"height\":1080},{\"@type\":\"BreadcrumbList\",\"@id\":\"https:\/\/maxani.nl\/product\/max-scope-plus-draadloze-digitale-video-otoscoop-endoscoop-voor-hond-en-kat\/#breadcrumb\",\"itemListElement\":[{\"@type\":\"ListItem\",\"position\":1,\"name\":\"Home\",\"item\":\"https:\/\/maxani.nl\/\"},{\"@type\":\"ListItem\",\"position\":2,\"name\":\"Webshop\",\"item\":\"https:\/\/maxani.nl\/webshop\/\"},{\"@type\":\"ListItem\",\"position\":3,\"name\":\"MAX-Scope PLUS \u2013 Draadloze video-otoscoop en endoscoop voor hond en kat\"}]},{\"@type\":\"WebSite\",\"@id\":\"https:\/\/maxani.nl\/#website\",\"url\":\"https:\/\/maxani.nl\/\",\"name\":\"Maxani Animal Healthcare BV\",\"description\":\"Uw partner in veterinaire dermatologie\",\"potentialAction\":[{\"@type\":\"SearchAction\",\"target\":{\"@type\":\"EntryPoint\",\"urlTemplate\":\"https:\/\/maxani.nl\/?s={search_term_string}\"},\"query-input\":{\"@type\":\"PropertyValueSpecification\",\"valueRequired\":true,\"valueName\":\"search_term_string\"}}],\"inLanguage\":\"es\"}]}<\/script>\n<!-- \/ Yoast SEO plugin. -->","yoast_head_json":{"title":"MAX-Scope PLUS \u2013 Draadloze video-otoscoop en endoscoop voor hond en kat - Maxani Animal Healthcare BV","robots":{"index":"index","follow":"follow","max-snippet":"max-snippet:-1","max-image-preview":"max-image-preview:large","max-video-preview":"max-video-preview:-1"},"canonical":"https:\/\/maxani.nl\/es\/producto\/max-scope-plus-draadloze-digitale-video-otoscoop-endoscoop-voor-hond-en-kat\/","og_locale":"es_ES","og_type":"article","og_title":"MAX-Scope PLUS \u2013 Draadloze video-otoscoop en endoscoop voor hond en kat - Maxani Animal Healthcare BV","og_description":"De MAX-Scope PLUS is een compact en draadloos onderzoeksinstrument, speciaal ontwikkeld voor de veterinaire praktijk. Het apparaat biedt heldere livebeelden van de oren, neus, keel, mondholte en huid van honden en katten, direct zichtbaar op het ingebouwde scherm. Beelden kunnen eenvoudig worden opgeslagen voor dossieropbouw of communicatie met eigenaren.","og_url":"https:\/\/maxani.nl\/es\/producto\/max-scope-plus-draadloze-digitale-video-otoscoop-endoscoop-voor-hond-en-kat\/","og_site_name":"Maxani Animal Healthcare BV","article_modified_time":"2025-09-01T14:36:24+00:00","og_image":[{"width":1080,"height":1080,"url":"https:\/\/maxani.nl\/wp-content\/uploads\/2024\/04\/Maxani-MAX-Scope-PLUS-3.jpg","type":"image\/jpeg"}],"twitter_card":"summary_large_image","twitter_misc":{"Tiempo de lectura":"3 minutos"},"schema":{"@context":"https:\/\/schema.org","@graph":[{"@type":"WebPage","@id":"https:\/\/maxani.nl\/product\/max-scope-plus-draadloze-digitale-video-otoscoop-endoscoop-voor-hond-en-kat\/","url":"https:\/\/maxani.nl\/product\/max-scope-plus-draadloze-digitale-video-otoscoop-endoscoop-voor-hond-en-kat\/","name":"MAX-Scope PLUS \u2013 Draadloze video-otoscoop en endoscoop voor hond en kat - Maxani Animal Healthcare BV","isPartOf":{"@id":"https:\/\/maxani.nl\/#website"},"primaryImageOfPage":{"@id":"https:\/\/maxani.nl\/product\/max-scope-plus-draadloze-digitale-video-otoscoop-endoscoop-voor-hond-en-kat\/#primaryimage"},"image":{"@id":"https:\/\/maxani.nl\/product\/max-scope-plus-draadloze-digitale-video-otoscoop-endoscoop-voor-hond-en-kat\/#primaryimage"},"thumbnailUrl":"https:\/\/maxani.nl\/wp-content\/uploads\/2024\/04\/Maxani-MAX-Scope-PLUS-3.jpg","datePublished":"2024-04-03T05:07:59+00:00","dateModified":"2025-09-01T14:36:24+00:00","breadcrumb":{"@id":"https:\/\/maxani.nl\/product\/max-scope-plus-draadloze-digitale-video-otoscoop-endoscoop-voor-hond-en-kat\/#breadcrumb"},"inLanguage":"es","potentialAction":[{"@type":"ReadAction","target":["https:\/\/maxani.nl\/product\/max-scope-plus-draadloze-digitale-video-otoscoop-endoscoop-voor-hond-en-kat\/"]}]},{"@type":"ImageObject","inLanguage":"es","@id":"https:\/\/maxani.nl\/product\/max-scope-plus-draadloze-digitale-video-otoscoop-endoscoop-voor-hond-en-kat\/#primaryimage","url":"https:\/\/maxani.nl\/wp-content\/uploads\/2024\/04\/Maxani-MAX-Scope-PLUS-3.jpg","contentUrl":"https:\/\/maxani.nl\/wp-content\/uploads\/2024\/04\/Maxani-MAX-Scope-PLUS-3.jpg","width":1080,"height":1080},{"@type":"BreadcrumbList","@id":"https:\/\/maxani.nl\/product\/max-scope-plus-draadloze-digitale-video-otoscoop-endoscoop-voor-hond-en-kat\/#breadcrumb","itemListElement":[{"@type":"ListItem","position":1,"name":"Home","item":"https:\/\/maxani.nl\/"},{"@type":"ListItem","position":2,"name":"Webshop","item":"https:\/\/maxani.nl\/webshop\/"},{"@type":"ListItem","position":3,"name":"MAX-Scope PLUS \u2013 Draadloze video-otoscoop en endoscoop voor hond en kat"}]},{"@type":"WebSite","@id":"https:\/\/maxani.nl\/#website","url":"https:\/\/maxani.nl\/","name":"Maxani Animal Healthcare BV","description":"Su socio en dermatolog\u00eda veterinaria","potentialAction":[{"@type":"SearchAction","target":{"@type":"EntryPoint","urlTemplate":"https:\/\/maxani.nl\/?s={search_term_string}"},"query-input":{"@type":"PropertyValueSpecification","valueRequired":true,"valueName":"search_term_string"}}],"inLanguage":"es"}]}},"jetpack_sharing_enabled":true,"_links":{"self":[{"href":"https:\/\/maxani.nl\/es\/wp-json\/wp\/v2\/product\/14140","targetHints":{"allow":["GET"]}}],"collection":[{"href":"https:\/\/maxani.nl\/es\/wp-json\/wp\/v2\/product"}],"about":[{"href":"https:\/\/maxani.nl\/es\/wp-json\/wp\/v2\/types\/product"}],"wp:featuredmedia":[{"embeddable":true,"href":"https:\/\/maxani.nl\/es\/wp-json\/wp\/v2\/media\/14347"}],"wp:attachment":[{"href":"https:\/\/maxani.nl\/es\/wp-json\/wp\/v2\/media?parent=14140"}],"wp:term":[{"taxonomy":"product_brand","embeddable":true,"href":"https:\/\/maxani.nl\/es\/wp-json\/wp\/v2\/product_brand?post=14140"},{"taxonomy":"product_cat","embeddable":true,"href":"https:\/\/maxani.nl\/es\/wp-json\/wp\/v2\/product_cat?post=14140"},{"taxonomy":"product_tag","embeddable":true,"href":"https:\/\/maxani.nl\/es\/wp-json\/wp\/v2\/product_tag?post=14140"}],"curies":[{"name":"wp","href":"https:\/\/api.w.org\/{rel}","templated":true}]}}