{"id":140,"date":"2019-08-13T11:37:14","date_gmt":"2019-08-13T11:37:14","guid":{"rendered":"https:\/\/maandvandehuidverzorging.nl\/?post_type=product&#038;p=140"},"modified":"2026-03-09T12:47:20","modified_gmt":"2026-03-09T12:47:20","slug":"cleanser-spray","status":"publish","type":"product","link":"https:\/\/maxani.nl\/es\/producto\/cleanser-spray\/","title":{"rendered":"Spray limpiador Maxani"},"content":{"rendered":"<p><strong>Indicaciones<\/strong><\/p>\n<p>Limpieza de la piel irritada o inflamada y de las heridas, ayuda para la dermatitis piotraum\u00e1tica, los puntos calientes y el intertrigo.<\/p>\n<p><strong>Operaci\u00f3n\u00a0<\/strong><\/p>\n<p>El spray limpiador est\u00e1 basado en agua fisiol\u00f3gica con polisorbato, glicerol y clorhexidina. La clorhexidina proporciona una acci\u00f3n antis\u00e9ptica suave, evitando la contaminaci\u00f3n. Los restos, prote\u00ednas y grasas se disuelven y la piel circundante se cuida y protege. De este modo, se elimina la suciedad y los microorganismos.<\/p>\n<p><strong>Utilice<\/strong><\/p>\n<p>Cleanser Spray limpia y aclara la piel afectada, eliminando los restos y favoreciendo as\u00ed la recuperaci\u00f3n de la piel. La combinaci\u00f3n de agua fisiol\u00f3gica, glicerina, clorhexadina y jabones suaves disuelve eficazmente las prote\u00ednas, la suciedad y las grasas de la piel afectada, o seg\u00fan prescripci\u00f3n de su veterinario. El producto debe secarse al aire durante al menos 5 a 10 minutos, no es necesario aclararlo.<\/p>\n<span class=\"wppb-content-restriction-message\"><p data-opacity=\"0.5\">Debe iniciar sesi\u00f3n para obtener m\u00e1s informaci\u00f3n<\/p>\n<\/span>","protected":false},"excerpt":{"rendered":"<p>El spray limpiador limpia y aclara la piel y\/o la herida, favoreciendo as\u00ed la capacidad de cicatrizaci\u00f3n de la piel. Tambi\u00e9n es adecuado para pieles sensibles, secas y enrojecidas. El spray limpiador no pica ni mancha y es incoloro e inodoro. Los animales no se lamer\u00e1n f\u00e1cilmente cuando tengan el spray encima porque el spray Cleanser tiene un sabor muy amargo. Con el uso del spray limpiador, se cumple la directriz de utilizar menos antibi\u00f3ticos.<\/p>\n<p><strong>Animales<\/strong>: Todas las especies<\/p>\n<p><strong>Contenido<\/strong>150 ml, 250 ml<\/p>\n<p><strong>Temporalmente agotado - 150 ml.<\/strong> Los pedidos se ponen autom\u00e1ticamente en espera. Entrega prevista: <strong data-start=\"166\" data-end=\"194\">finales de marzo\/principios de abril<\/strong>.<\/p>\n<span class=\"wppb-shortcode-restriction-message\"> <\/span>","protected":false},"featured_media":11869,"template":"","meta":[],"product_brand":[],"product_cat":[15,29,41],"product_tag":[44,263,266,45,46,47,265,264,232],"class_list":{"0":"post-140","1":"product","2":"type-product","3":"status-publish","4":"has-post-thumbnail","6":"product_cat-alle-producten","7":"product_cat-maxani","8":"product_cat-wond-en-huidplooi","9":"product_tag-44","10":"product_tag-263","11":"product_tag-chloorhexidine","12":"product_tag-cleanser","13":"product_tag-cleanser-spray","14":"product_tag-cleanserspray","15":"product_tag-schoonmaken","16":"product_tag-wond","17":"product_tag-wondverzorging","19":"first","20":"instock","21":"featured","22":"taxable","23":"shipping-taxable","24":"product-type-variable"},"yoast_head":"<!-- This site is optimized with the Yoast SEO plugin v27.1.1 - https:\/\/yoast.com\/product\/yoast-seo-wordpress\/ -->\n<title>Maxani Cleanser spray - Maxani Animal Healthcare BV<\/title>\n<meta name=\"description\" content=\"Cleanser spray\" \/>\n<meta name=\"robots\" content=\"index, follow, max-snippet:-1, max-image-preview:large, max-video-preview:-1\" \/>\n<link rel=\"canonical\" href=\"https:\/\/maxani.nl\/es\/producto\/cleanser-spray\/\" \/>\n<meta property=\"og:locale\" content=\"es_ES\" \/>\n<meta property=\"og:type\" content=\"article\" \/>\n<meta property=\"og:title\" content=\"Maxani Cleanser spray - Maxani Animal Healthcare BV\" \/>\n<meta property=\"og:description\" content=\"Cleanser spray\" \/>\n<meta property=\"og:url\" content=\"https:\/\/maxani.nl\/es\/producto\/cleanser-spray\/\" \/>\n<meta property=\"og:site_name\" content=\"Maxani Animal Healthcare BV\" \/>\n<meta property=\"article:modified_time\" content=\"2026-03-09T12:47:20+00:00\" \/>\n<meta property=\"og:image\" content=\"https:\/\/maxani.nl\/wp-content\/uploads\/2023\/01\/Maxani-cleanser-spray-150ml-en-250ml.jpg\" \/>\n\t<meta property=\"og:image:width\" content=\"1080\" \/>\n\t<meta property=\"og:image:height\" content=\"1080\" \/>\n\t<meta property=\"og:image:type\" content=\"image\/jpeg\" \/>\n<meta name=\"twitter:card\" content=\"summary_large_image\" \/>\n<meta name=\"twitter:label1\" content=\"Tiempo de lectura\" \/>\n\t<meta name=\"twitter:data1\" content=\"2 minutos\" \/>\n<script type=\"application\/ld+json\" class=\"yoast-schema-graph\">{\"@context\":\"https:\/\/schema.org\",\"@graph\":[{\"@type\":\"WebPage\",\"@id\":\"https:\/\/maxani.nl\/product\/cleanser-spray\/\",\"url\":\"https:\/\/maxani.nl\/product\/cleanser-spray\/\",\"name\":\"Maxani Cleanser spray - Maxani Animal Healthcare BV\",\"isPartOf\":{\"@id\":\"https:\/\/maxani.nl\/#website\"},\"primaryImageOfPage\":{\"@id\":\"https:\/\/maxani.nl\/product\/cleanser-spray\/#primaryimage\"},\"image\":{\"@id\":\"https:\/\/maxani.nl\/product\/cleanser-spray\/#primaryimage\"},\"thumbnailUrl\":\"https:\/\/maxani.nl\/wp-content\/uploads\/2023\/01\/Maxani-cleanser-spray-150ml-en-250ml.jpg\",\"datePublished\":\"2019-08-13T11:37:14+00:00\",\"dateModified\":\"2026-03-09T12:47:20+00:00\",\"description\":\"Cleanser spray\",\"breadcrumb\":{\"@id\":\"https:\/\/maxani.nl\/product\/cleanser-spray\/#breadcrumb\"},\"inLanguage\":\"es\",\"potentialAction\":[{\"@type\":\"ReadAction\",\"target\":[\"https:\/\/maxani.nl\/product\/cleanser-spray\/\"]}]},{\"@type\":\"ImageObject\",\"inLanguage\":\"es\",\"@id\":\"https:\/\/maxani.nl\/product\/cleanser-spray\/#primaryimage\",\"url\":\"https:\/\/maxani.nl\/wp-content\/uploads\/2023\/01\/Maxani-cleanser-spray-150ml-en-250ml.jpg\",\"contentUrl\":\"https:\/\/maxani.nl\/wp-content\/uploads\/2023\/01\/Maxani-cleanser-spray-150ml-en-250ml.jpg\",\"width\":1080,\"height\":1080},{\"@type\":\"BreadcrumbList\",\"@id\":\"https:\/\/maxani.nl\/product\/cleanser-spray\/#breadcrumb\",\"itemListElement\":[{\"@type\":\"ListItem\",\"position\":1,\"name\":\"Home\",\"item\":\"https:\/\/maxani.nl\/\"},{\"@type\":\"ListItem\",\"position\":2,\"name\":\"Webshop\",\"item\":\"https:\/\/maxani.nl\/webshop\/\"},{\"@type\":\"ListItem\",\"position\":3,\"name\":\"Maxani Cleanser spray\"}]},{\"@type\":\"WebSite\",\"@id\":\"https:\/\/maxani.nl\/#website\",\"url\":\"https:\/\/maxani.nl\/\",\"name\":\"Maxani Animal Healthcare BV\",\"description\":\"Uw partner in veterinaire dermatologie\",\"potentialAction\":[{\"@type\":\"SearchAction\",\"target\":{\"@type\":\"EntryPoint\",\"urlTemplate\":\"https:\/\/maxani.nl\/?s={search_term_string}\"},\"query-input\":{\"@type\":\"PropertyValueSpecification\",\"valueRequired\":true,\"valueName\":\"search_term_string\"}}],\"inLanguage\":\"es\"}]}<\/script>\n<!-- \/ Yoast SEO plugin. -->","yoast_head_json":{"title":"Maxani Cleanser spray - Maxani Animal Healthcare BV","description":"Spray limpiador","robots":{"index":"index","follow":"follow","max-snippet":"max-snippet:-1","max-image-preview":"max-image-preview:large","max-video-preview":"max-video-preview:-1"},"canonical":"https:\/\/maxani.nl\/es\/producto\/cleanser-spray\/","og_locale":"es_ES","og_type":"article","og_title":"Maxani Cleanser spray - Maxani Animal Healthcare BV","og_description":"Cleanser spray","og_url":"https:\/\/maxani.nl\/es\/producto\/cleanser-spray\/","og_site_name":"Maxani Animal Healthcare BV","article_modified_time":"2026-03-09T12:47:20+00:00","og_image":[{"width":1080,"height":1080,"url":"https:\/\/maxani.nl\/wp-content\/uploads\/2023\/01\/Maxani-cleanser-spray-150ml-en-250ml.jpg","type":"image\/jpeg"}],"twitter_card":"summary_large_image","twitter_misc":{"Tiempo de lectura":"2 minutos"},"schema":{"@context":"https:\/\/schema.org","@graph":[{"@type":"WebPage","@id":"https:\/\/maxani.nl\/product\/cleanser-spray\/","url":"https:\/\/maxani.nl\/product\/cleanser-spray\/","name":"Maxani Cleanser spray - Maxani Animal Healthcare BV","isPartOf":{"@id":"https:\/\/maxani.nl\/#website"},"primaryImageOfPage":{"@id":"https:\/\/maxani.nl\/product\/cleanser-spray\/#primaryimage"},"image":{"@id":"https:\/\/maxani.nl\/product\/cleanser-spray\/#primaryimage"},"thumbnailUrl":"https:\/\/maxani.nl\/wp-content\/uploads\/2023\/01\/Maxani-cleanser-spray-150ml-en-250ml.jpg","datePublished":"2019-08-13T11:37:14+00:00","dateModified":"2026-03-09T12:47:20+00:00","description":"Spray limpiador","breadcrumb":{"@id":"https:\/\/maxani.nl\/product\/cleanser-spray\/#breadcrumb"},"inLanguage":"es","potentialAction":[{"@type":"ReadAction","target":["https:\/\/maxani.nl\/product\/cleanser-spray\/"]}]},{"@type":"ImageObject","inLanguage":"es","@id":"https:\/\/maxani.nl\/product\/cleanser-spray\/#primaryimage","url":"https:\/\/maxani.nl\/wp-content\/uploads\/2023\/01\/Maxani-cleanser-spray-150ml-en-250ml.jpg","contentUrl":"https:\/\/maxani.nl\/wp-content\/uploads\/2023\/01\/Maxani-cleanser-spray-150ml-en-250ml.jpg","width":1080,"height":1080},{"@type":"BreadcrumbList","@id":"https:\/\/maxani.nl\/product\/cleanser-spray\/#breadcrumb","itemListElement":[{"@type":"ListItem","position":1,"name":"Home","item":"https:\/\/maxani.nl\/"},{"@type":"ListItem","position":2,"name":"Webshop","item":"https:\/\/maxani.nl\/webshop\/"},{"@type":"ListItem","position":3,"name":"Maxani Cleanser spray"}]},{"@type":"WebSite","@id":"https:\/\/maxani.nl\/#website","url":"https:\/\/maxani.nl\/","name":"Maxani Animal Healthcare BV","description":"Su socio en dermatolog\u00eda veterinaria","potentialAction":[{"@type":"SearchAction","target":{"@type":"EntryPoint","urlTemplate":"https:\/\/maxani.nl\/?s={search_term_string}"},"query-input":{"@type":"PropertyValueSpecification","valueRequired":true,"valueName":"search_term_string"}}],"inLanguage":"es"}]}},"jetpack_sharing_enabled":true,"_links":{"self":[{"href":"https:\/\/maxani.nl\/es\/wp-json\/wp\/v2\/product\/140","targetHints":{"allow":["GET"]}}],"collection":[{"href":"https:\/\/maxani.nl\/es\/wp-json\/wp\/v2\/product"}],"about":[{"href":"https:\/\/maxani.nl\/es\/wp-json\/wp\/v2\/types\/product"}],"wp:featuredmedia":[{"embeddable":true,"href":"https:\/\/maxani.nl\/es\/wp-json\/wp\/v2\/media\/11869"}],"wp:attachment":[{"href":"https:\/\/maxani.nl\/es\/wp-json\/wp\/v2\/media?parent=140"}],"wp:term":[{"taxonomy":"product_brand","embeddable":true,"href":"https:\/\/maxani.nl\/es\/wp-json\/wp\/v2\/product_brand?post=140"},{"taxonomy":"product_cat","embeddable":true,"href":"https:\/\/maxani.nl\/es\/wp-json\/wp\/v2\/product_cat?post=140"},{"taxonomy":"product_tag","embeddable":true,"href":"https:\/\/maxani.nl\/es\/wp-json\/wp\/v2\/product_tag?post=140"}],"curies":[{"name":"wp","href":"https:\/\/api.w.org\/{rel}","templated":true}]}}