{"id":139,"date":"2019-08-13T11:30:44","date_gmt":"2019-08-13T11:30:44","guid":{"rendered":"https:\/\/maandvandehuidverzorging.nl\/?post_type=product&#038;p=139"},"modified":"2026-01-05T08:18:34","modified_gmt":"2026-01-05T08:18:34","slug":"chloorhexidine-wipes-met-vitamine-e-en-aloe-vera","status":"publish","type":"product","link":"https:\/\/maxani.nl\/es\/producto\/chloorhexidine-wipes-met-vitamine-e-en-aloe-vera\/","title":{"rendered":"Toallitas de clorhexidina Maxani"},"content":{"rendered":"<p><strong>Indicaciones<\/strong><\/p>\n<p>Las toallitas de clorhexidina pueden utilizarse para limpiar la piel irritada o ligeramente infectada. Tambi\u00e9n se utilizan en perros al\u00e9rgicos con infecciones cut\u00e1neas secundarias y como terapia para piodermas superficiales o puntos calientes. Adecuadas como producto de mantenimiento para perros o gatos con eczema labial recurrente o kinacne. Para la limpieza de la zona alrededor de los genitales en perros con incontinencia urinaria (previniendo o tratando el ardor urinario) y para zonas de dif\u00edcil acceso, como pliegues cut\u00e1neos (nariz, orejas, cola, labio y la piel alrededor de la vulva y el ano), limpieza del lecho ungueal, piel de la punta de los pies y pabell\u00f3n auricular.<\/p>\n<p>Precauci\u00f3n No utilizar cerca de los ojos ni sobre heridas abiertas. No es adecuado como desinfectante antes de una intervenci\u00f3n quir\u00fargica.<\/p>\n<p><strong>Operaci\u00f3n<\/strong><\/p>\n<p>El aloe vera y la vitamina E calman la piel y contribuyen a su capacidad regeneradora. La vitamina E es una vitamina liposoluble y, como antioxidante, protege las c\u00e9lulas, las membranas celulares, el torrente sangu\u00edneo y los tejidos circundantes. As\u00ed pues, la vitamina E refuerza y nutre la barrera cut\u00e1nea. La clorhexidina act\u00faa contra un amplio espectro de microorganismos no deseados, disminuyendo el pH de la piel y da\u00f1ando la pared celular bacteriana. El digluconato de clorhexidina tiene actividad antimicrobiana contra bacterias y hongos. El \u00e1cido benzoico tiene actividad antibacteriana, reduce el sebo y posee propiedades queratol\u00edticas y antiinflamatorias.<\/p>\n<p><strong>Utilice<\/strong><\/p>\n<p>La frecuencia de uso de las toallitas depende de la afecci\u00f3n, la gravedad de la dolencia y la finalidad del tratamiento. Se recomienda limpiar con las toallitas al menos una o dos veces al d\u00eda en caso de infecci\u00f3n cut\u00e1nea. Como mantenimiento, las toallitas pueden utilizarse varias veces a la semana.<\/p>\n<p>Las toallitas de clorhexidina Maxani son biodegradables.<\/p>\n<span class=\"wppb-content-restriction-message\"><p data-opacity=\"0.5\">Debe iniciar sesi\u00f3n para obtener m\u00e1s informaci\u00f3n<\/p>\n<\/span>","protected":false},"excerpt":{"rendered":"<p><strong>Con vitamina e y aloe vera.<br \/>\n<\/strong>Las toallitas impregnadas de clorhexidina son f\u00e1ciles de usar para la limpieza y el cuidado de los pliegues cut\u00e1neos, entre otras cosas. Las toallitas no contienen alcohol y la adici\u00f3n de vitamina E, aloe vera y glicerina hidrata y cuida la piel. Dermatol\u00f3gicamente testadas seg\u00fan ISO 10993-10 y CSN EN 1276 para microorganismos: pseudomonas aeruginosa, staphylococus aureus, enterococcus hirae, escherichia coli. Las toallitas son resistentes, lo que permite eliminar f\u00e1cilmente la suciedad y los residuos incluso en zonas de dif\u00edcil acceso. Eficacia probada contra el SARM.<\/p>\n<p><strong>Animales<\/strong>: Todas las especies<\/p>\n<p><strong>Contenido<\/strong>: 40 st.<\/p>","protected":false},"featured_media":13377,"template":"","meta":[],"product_brand":[],"product_cat":[15,29,41,36],"product_tag":[267,266,269,268,76],"class_list":{"0":"post-139","1":"product","2":"type-product","3":"status-publish","4":"has-post-thumbnail","6":"product_cat-alle-producten","7":"product_cat-maxani","8":"product_cat-wond-en-huidplooi","9":"product_cat-pyodermie","10":"product_tag-267","11":"product_tag-chloorhexidine","12":"product_tag-huidplooi","13":"product_tag-plooien","14":"product_tag-wipes","16":"first","17":"instock","18":"taxable","19":"shipping-taxable","20":"product-type-simple"},"yoast_head":"<!-- This site is optimized with the Yoast SEO plugin v27.1.1 - https:\/\/yoast.com\/product\/yoast-seo-wordpress\/ -->\n<title>Maxani Chloorhexidine wipes - Maxani Animal Healthcare BV<\/title>\n<meta name=\"robots\" content=\"index, follow, max-snippet:-1, max-image-preview:large, max-video-preview:-1\" \/>\n<link rel=\"canonical\" href=\"https:\/\/maxani.nl\/es\/producto\/chloorhexidine-wipes-met-vitamine-e-en-aloe-vera\/\" \/>\n<meta property=\"og:locale\" content=\"es_ES\" \/>\n<meta property=\"og:type\" content=\"article\" \/>\n<meta property=\"og:title\" content=\"Maxani Chloorhexidine wipes - Maxani Animal Healthcare BV\" \/>\n<meta property=\"og:description\" content=\"Met vitamine e en alo\u00eb vera. De huidvriendelijke, ge\u00efmpregneerde Chloorhexidine wipes zijn gemakkelijk te gebruiken voor o.a. de reiniging en verzorging van huidplooien. De doekjes zijn alcoholvrij en door de toevoeging van vitamine E, Alo\u00eb vera en glycerine wordt de huid gehydrateerd en verzorgd. Dermatologisch getest volgens ISO 10993-10 en CSN EN 1276 op micro-organismen: pseudomonas aeruginosa, staphylococus aureus, enterococcus hirae, escherichia coli. De doekjes zijn sterk, waardoor vuil en debris gemakkelijk verwijderd worden, zelfs bij de moeilijk bereikbare plekken. Bewezen werkzaamheid tegen MRSA.  Dier: Alle diersoorten  Inhoud: 40 st.\" \/>\n<meta property=\"og:url\" content=\"https:\/\/maxani.nl\/es\/producto\/chloorhexidine-wipes-met-vitamine-e-en-aloe-vera\/\" \/>\n<meta property=\"og:site_name\" content=\"Maxani Animal Healthcare BV\" \/>\n<meta property=\"article:modified_time\" content=\"2026-01-05T08:18:34+00:00\" \/>\n<meta property=\"og:image\" content=\"https:\/\/maxani.nl\/wp-content\/uploads\/2019\/08\/Maxani-chloorhexidine-wipes.jpg\" \/>\n\t<meta property=\"og:image:width\" content=\"1080\" \/>\n\t<meta property=\"og:image:height\" content=\"1080\" \/>\n\t<meta property=\"og:image:type\" content=\"image\/jpeg\" \/>\n<meta name=\"twitter:card\" content=\"summary_large_image\" \/>\n<meta name=\"twitter:label1\" content=\"Tiempo de lectura\" \/>\n\t<meta name=\"twitter:data1\" content=\"3 minutos\" \/>\n<script type=\"application\/ld+json\" class=\"yoast-schema-graph\">{\"@context\":\"https:\/\/schema.org\",\"@graph\":[{\"@type\":\"WebPage\",\"@id\":\"https:\/\/maxani.nl\/product\/chloorhexidine-wipes-met-vitamine-e-en-aloe-vera\/\",\"url\":\"https:\/\/maxani.nl\/product\/chloorhexidine-wipes-met-vitamine-e-en-aloe-vera\/\",\"name\":\"Maxani Chloorhexidine wipes - Maxani Animal Healthcare BV\",\"isPartOf\":{\"@id\":\"https:\/\/maxani.nl\/#website\"},\"primaryImageOfPage\":{\"@id\":\"https:\/\/maxani.nl\/product\/chloorhexidine-wipes-met-vitamine-e-en-aloe-vera\/#primaryimage\"},\"image\":{\"@id\":\"https:\/\/maxani.nl\/product\/chloorhexidine-wipes-met-vitamine-e-en-aloe-vera\/#primaryimage\"},\"thumbnailUrl\":\"https:\/\/maxani.nl\/wp-content\/uploads\/2019\/08\/Maxani-chloorhexidine-wipes.jpg\",\"datePublished\":\"2019-08-13T11:30:44+00:00\",\"dateModified\":\"2026-01-05T08:18:34+00:00\",\"breadcrumb\":{\"@id\":\"https:\/\/maxani.nl\/product\/chloorhexidine-wipes-met-vitamine-e-en-aloe-vera\/#breadcrumb\"},\"inLanguage\":\"es\",\"potentialAction\":[{\"@type\":\"ReadAction\",\"target\":[\"https:\/\/maxani.nl\/product\/chloorhexidine-wipes-met-vitamine-e-en-aloe-vera\/\"]}]},{\"@type\":\"ImageObject\",\"inLanguage\":\"es\",\"@id\":\"https:\/\/maxani.nl\/product\/chloorhexidine-wipes-met-vitamine-e-en-aloe-vera\/#primaryimage\",\"url\":\"https:\/\/maxani.nl\/wp-content\/uploads\/2019\/08\/Maxani-chloorhexidine-wipes.jpg\",\"contentUrl\":\"https:\/\/maxani.nl\/wp-content\/uploads\/2019\/08\/Maxani-chloorhexidine-wipes.jpg\",\"width\":1080,\"height\":1080},{\"@type\":\"BreadcrumbList\",\"@id\":\"https:\/\/maxani.nl\/product\/chloorhexidine-wipes-met-vitamine-e-en-aloe-vera\/#breadcrumb\",\"itemListElement\":[{\"@type\":\"ListItem\",\"position\":1,\"name\":\"Home\",\"item\":\"https:\/\/maxani.nl\/\"},{\"@type\":\"ListItem\",\"position\":2,\"name\":\"Webshop\",\"item\":\"https:\/\/maxani.nl\/webshop\/\"},{\"@type\":\"ListItem\",\"position\":3,\"name\":\"Maxani Chloorhexidine wipes\"}]},{\"@type\":\"WebSite\",\"@id\":\"https:\/\/maxani.nl\/#website\",\"url\":\"https:\/\/maxani.nl\/\",\"name\":\"Maxani Animal Healthcare BV\",\"description\":\"Uw partner in veterinaire dermatologie\",\"potentialAction\":[{\"@type\":\"SearchAction\",\"target\":{\"@type\":\"EntryPoint\",\"urlTemplate\":\"https:\/\/maxani.nl\/?s={search_term_string}\"},\"query-input\":{\"@type\":\"PropertyValueSpecification\",\"valueRequired\":true,\"valueName\":\"search_term_string\"}}],\"inLanguage\":\"es\"}]}<\/script>\n<!-- \/ Yoast SEO plugin. -->","yoast_head_json":{"title":"Maxani Chloorhexidine wipes - Maxani Animal Healthcare BV","robots":{"index":"index","follow":"follow","max-snippet":"max-snippet:-1","max-image-preview":"max-image-preview:large","max-video-preview":"max-video-preview:-1"},"canonical":"https:\/\/maxani.nl\/es\/producto\/chloorhexidine-wipes-met-vitamine-e-en-aloe-vera\/","og_locale":"es_ES","og_type":"article","og_title":"Maxani Chloorhexidine wipes - Maxani Animal Healthcare BV","og_description":"Met vitamine e en alo\u00eb vera. De huidvriendelijke, ge\u00efmpregneerde Chloorhexidine wipes zijn gemakkelijk te gebruiken voor o.a. de reiniging en verzorging van huidplooien. De doekjes zijn alcoholvrij en door de toevoeging van vitamine E, Alo\u00eb vera en glycerine wordt de huid gehydrateerd en verzorgd. Dermatologisch getest volgens ISO 10993-10 en CSN EN 1276 op micro-organismen: pseudomonas aeruginosa, staphylococus aureus, enterococcus hirae, escherichia coli. De doekjes zijn sterk, waardoor vuil en debris gemakkelijk verwijderd worden, zelfs bij de moeilijk bereikbare plekken. Bewezen werkzaamheid tegen MRSA.  Dier: Alle diersoorten  Inhoud: 40 st.","og_url":"https:\/\/maxani.nl\/es\/producto\/chloorhexidine-wipes-met-vitamine-e-en-aloe-vera\/","og_site_name":"Maxani Animal Healthcare BV","article_modified_time":"2026-01-05T08:18:34+00:00","og_image":[{"width":1080,"height":1080,"url":"https:\/\/maxani.nl\/wp-content\/uploads\/2019\/08\/Maxani-chloorhexidine-wipes.jpg","type":"image\/jpeg"}],"twitter_card":"summary_large_image","twitter_misc":{"Tiempo de lectura":"3 minutos"},"schema":{"@context":"https:\/\/schema.org","@graph":[{"@type":"WebPage","@id":"https:\/\/maxani.nl\/product\/chloorhexidine-wipes-met-vitamine-e-en-aloe-vera\/","url":"https:\/\/maxani.nl\/product\/chloorhexidine-wipes-met-vitamine-e-en-aloe-vera\/","name":"Maxani Chloorhexidine wipes - Maxani Animal Healthcare BV","isPartOf":{"@id":"https:\/\/maxani.nl\/#website"},"primaryImageOfPage":{"@id":"https:\/\/maxani.nl\/product\/chloorhexidine-wipes-met-vitamine-e-en-aloe-vera\/#primaryimage"},"image":{"@id":"https:\/\/maxani.nl\/product\/chloorhexidine-wipes-met-vitamine-e-en-aloe-vera\/#primaryimage"},"thumbnailUrl":"https:\/\/maxani.nl\/wp-content\/uploads\/2019\/08\/Maxani-chloorhexidine-wipes.jpg","datePublished":"2019-08-13T11:30:44+00:00","dateModified":"2026-01-05T08:18:34+00:00","breadcrumb":{"@id":"https:\/\/maxani.nl\/product\/chloorhexidine-wipes-met-vitamine-e-en-aloe-vera\/#breadcrumb"},"inLanguage":"es","potentialAction":[{"@type":"ReadAction","target":["https:\/\/maxani.nl\/product\/chloorhexidine-wipes-met-vitamine-e-en-aloe-vera\/"]}]},{"@type":"ImageObject","inLanguage":"es","@id":"https:\/\/maxani.nl\/product\/chloorhexidine-wipes-met-vitamine-e-en-aloe-vera\/#primaryimage","url":"https:\/\/maxani.nl\/wp-content\/uploads\/2019\/08\/Maxani-chloorhexidine-wipes.jpg","contentUrl":"https:\/\/maxani.nl\/wp-content\/uploads\/2019\/08\/Maxani-chloorhexidine-wipes.jpg","width":1080,"height":1080},{"@type":"BreadcrumbList","@id":"https:\/\/maxani.nl\/product\/chloorhexidine-wipes-met-vitamine-e-en-aloe-vera\/#breadcrumb","itemListElement":[{"@type":"ListItem","position":1,"name":"Home","item":"https:\/\/maxani.nl\/"},{"@type":"ListItem","position":2,"name":"Webshop","item":"https:\/\/maxani.nl\/webshop\/"},{"@type":"ListItem","position":3,"name":"Maxani Chloorhexidine wipes"}]},{"@type":"WebSite","@id":"https:\/\/maxani.nl\/#website","url":"https:\/\/maxani.nl\/","name":"Maxani Animal Healthcare BV","description":"Su socio en dermatolog\u00eda veterinaria","potentialAction":[{"@type":"SearchAction","target":{"@type":"EntryPoint","urlTemplate":"https:\/\/maxani.nl\/?s={search_term_string}"},"query-input":{"@type":"PropertyValueSpecification","valueRequired":true,"valueName":"search_term_string"}}],"inLanguage":"es"}]}},"jetpack_sharing_enabled":true,"_links":{"self":[{"href":"https:\/\/maxani.nl\/es\/wp-json\/wp\/v2\/product\/139","targetHints":{"allow":["GET"]}}],"collection":[{"href":"https:\/\/maxani.nl\/es\/wp-json\/wp\/v2\/product"}],"about":[{"href":"https:\/\/maxani.nl\/es\/wp-json\/wp\/v2\/types\/product"}],"wp:featuredmedia":[{"embeddable":true,"href":"https:\/\/maxani.nl\/es\/wp-json\/wp\/v2\/media\/13377"}],"wp:attachment":[{"href":"https:\/\/maxani.nl\/es\/wp-json\/wp\/v2\/media?parent=139"}],"wp:term":[{"taxonomy":"product_brand","embeddable":true,"href":"https:\/\/maxani.nl\/es\/wp-json\/wp\/v2\/product_brand?post=139"},{"taxonomy":"product_cat","embeddable":true,"href":"https:\/\/maxani.nl\/es\/wp-json\/wp\/v2\/product_cat?post=139"},{"taxonomy":"product_tag","embeddable":true,"href":"https:\/\/maxani.nl\/es\/wp-json\/wp\/v2\/product_tag?post=139"}],"curies":[{"name":"wp","href":"https:\/\/api.w.org\/{rel}","templated":true}]}}