{"id":135,"date":"2019-08-13T10:13:37","date_gmt":"2019-08-13T10:13:37","guid":{"rendered":"https:\/\/maandvandehuidverzorging.nl\/?post_type=product&#038;p=135"},"modified":"2026-02-16T12:10:26","modified_gmt":"2026-02-16T12:10:26","slug":"hydralac-huidconditioner","status":"publish","type":"product","link":"https:\/\/maxani.nl\/es\/producto\/hydralac-huidconditioner\/","title":{"rendered":"Acondicionador cut\u00e1neo Maxani Hydralac"},"content":{"rendered":"<p><strong>Indicaciones<\/strong><\/p>\n<p>Pieles secas, at\u00f3picas y seborreicas. Tambi\u00e9n es adecuado para los trastornos queratol\u00edticos: seborrea primaria, ictiosis, adenitis seb\u00e1cea. O como acondicionador despu\u00e9s de utilizar champ\u00fas secantes (medicinales), el spray Hydralac nutrir\u00e1, calmar\u00e1 y cuidar\u00e1 la piel.<\/p>\n<p><strong>Operaci\u00f3n<\/strong><\/p>\n<p>El \u00e1cido hialur\u00f3nico refuerza la barrera cut\u00e1nea y retiene la humedad, hidratando y reafirmando la piel. Tambi\u00e9n act\u00faa como antioxidante que calma y protege la piel<br \/>\ncontra los da\u00f1os causados por los radicales libres. La urea penetra profundamente en la epidermis y tiene un efecto queratol\u00edtico e hidratante, eliminando la descamaci\u00f3n excesiva de la piel. El gluconato de zinc inhibe y regula la producci\u00f3n de sebo, por lo que es un ingrediente importante para la piel seborreica. El zinc tambi\u00e9n es importante para mantener un equilibrio adecuado de la barrera cut\u00e1nea. Acidum<br \/>\nlacticum previene la hiperqueratosis y, junto con el cloruro de benzalconio, confiere al spray Hydralac un suave efecto antis\u00e9ptico.<\/p>\n<p><strong>Utilice<\/strong><\/p>\n<p>Agitar antes de usar. Hydralac spray puede utilizarse a diario sobre la piel seca y h\u00fameda.<\/p>\n<p><em><strong>M\u00e9todo de pulverizaci\u00f3n<\/strong>:<\/em><\/p>\n<p>Con la mano o un peine, apartar el vello y pulverizar a fondo sobre la piel. Masaj\u00e9elo suavemente y, a continuaci\u00f3n, cepille o peine ligeramente. Deje que el animal se seque sin aclarar ni secar el Hydralac. S\u00e9quelo suavemente con una toalla limpia.<\/p>\n<p><em><strong>M\u00e9todo de aclarado<\/strong>:<\/em><\/p>\n<p>Utilizar el Hydralac como enjuague despu\u00e9s del lavado con un champ\u00fa medicamentoso. Diluir el Hydralac 1:10 en agua tibia. Verter el acondicionador diluido sobre el pelaje y masajear suavemente. Deje que el animal se seque sin aclarar ni secar el Hydralac. Secar suavemente con una toalla limpia.<\/p>\n<span class=\"wppb-content-restriction-message\"><p data-opacity=\"0.5\">Debe iniciar sesi\u00f3n para obtener m\u00e1s informaci\u00f3n<\/p>\n<\/span>","protected":false},"excerpt":{"rendered":"<p>El acondicionador cut\u00e1neo Hydralac es un spray sin aceite que proporciona una piel flexible e hidratada sin dejar una pel\u00edcula grasa. Este acondicionador nutritivo penetra profundamente en la epidermis. Adem\u00e1s de hidratar y nutrir, su f\u00f3rmula especial est\u00e1 formulada para eliminar las escamas, regular el sebo y reducir la proliferaci\u00f3n bacteriana. Los ingredientes activos poseen propiedades hidratantes, antibacterianas y antimic\u00f3ticas. Hydralac es un complemento \u00fatil del tratamiento dermatol\u00f3gico con champ\u00fa y tambi\u00e9n puede utilizarse como monoterapia. Hydralac spray no debe enjuagarse ni pulverizarse cerca de los ojos.<\/p>\n<p><strong>Animales<\/strong>: Todas las especies<\/p>\n<p><strong>Contenido<\/strong>: 200 ml o 1L<\/p>\n<span class=\"wppb-shortcode-restriction-message\"> <\/span>","protected":false},"featured_media":11909,"template":"","meta":[],"product_brand":[],"product_cat":[15,29],"product_tag":[144,38,39],"class_list":{"0":"post-135","1":"product","2":"type-product","3":"status-publish","4":"has-post-thumbnail","6":"product_cat-alle-producten","7":"product_cat-maxani","8":"product_tag-144","9":"product_tag-conditioner","10":"product_tag-maxani-huidconditioner-hydralac","12":"first","13":"instock","14":"taxable","15":"shipping-taxable","16":"product-type-variable"},"yoast_head":"<!-- This site is optimized with the Yoast SEO plugin v27.1.1 - https:\/\/yoast.com\/product\/yoast-seo-wordpress\/ -->\n<title>Maxani Hydralac skin conditioner - Maxani Animal Healthcare BV<\/title>\n<meta name=\"robots\" content=\"index, follow, max-snippet:-1, max-image-preview:large, max-video-preview:-1\" \/>\n<link rel=\"canonical\" href=\"https:\/\/maxani.nl\/es\/producto\/hydralac-huidconditioner\/\" \/>\n<meta property=\"og:locale\" content=\"es_ES\" \/>\n<meta property=\"og:type\" content=\"article\" \/>\n<meta property=\"og:title\" content=\"Maxani Hydralac skin conditioner - Maxani Animal Healthcare BV\" \/>\n<meta property=\"og:description\" content=\"Hydralac skinconditioner is een olievrije spray die zorgt voor een soepele, gehydrateerde huid zonder een vettige laag achter te laten. Deze voedende huidconditioner dringt tot diep in de opperhuid door. Naast het hydrateren en het voeden is de speciale formule samengesteld om schilfers te verwijderen, talg te reguleren en de bacteriegroei te verminderen. De werkzame stoffen bezitten hydraterende, antibacteri\u00eble, antimycotische eigenschappen. Hydralac vormt een zinvolle aanvulling op de behandeling met een dermatologische shampoo en is ook als monotherapie inzetbaar. De Hydralac spray mag niet worden uitgespoeld en niet in de buurt van ogen worden gesprayd.  Dier: Alle diersoorten  Inhoud: 200 ml of 1L\" \/>\n<meta property=\"og:url\" content=\"https:\/\/maxani.nl\/es\/producto\/hydralac-huidconditioner\/\" \/>\n<meta property=\"og:site_name\" content=\"Maxani Animal Healthcare BV\" \/>\n<meta property=\"article:modified_time\" content=\"2026-02-16T12:10:26+00:00\" \/>\n<meta property=\"og:image\" content=\"https:\/\/maxani.nl\/wp-content\/uploads\/2023\/01\/Maxani-Hydralac-spray-200ml.jpg\" \/>\n\t<meta property=\"og:image:width\" content=\"1080\" \/>\n\t<meta property=\"og:image:height\" content=\"1080\" \/>\n\t<meta property=\"og:image:type\" content=\"image\/jpeg\" \/>\n<meta name=\"twitter:card\" content=\"summary_large_image\" \/>\n<meta name=\"twitter:label1\" content=\"Tiempo de lectura\" \/>\n\t<meta name=\"twitter:data1\" content=\"3 minutos\" \/>\n<script type=\"application\/ld+json\" class=\"yoast-schema-graph\">{\"@context\":\"https:\/\/schema.org\",\"@graph\":[{\"@type\":\"WebPage\",\"@id\":\"https:\/\/maxani.nl\/product\/hydralac-huidconditioner\/\",\"url\":\"https:\/\/maxani.nl\/product\/hydralac-huidconditioner\/\",\"name\":\"Maxani Hydralac skin conditioner - Maxani Animal Healthcare BV\",\"isPartOf\":{\"@id\":\"https:\/\/maxani.nl\/#website\"},\"primaryImageOfPage\":{\"@id\":\"https:\/\/maxani.nl\/product\/hydralac-huidconditioner\/#primaryimage\"},\"image\":{\"@id\":\"https:\/\/maxani.nl\/product\/hydralac-huidconditioner\/#primaryimage\"},\"thumbnailUrl\":\"https:\/\/maxani.nl\/wp-content\/uploads\/2023\/01\/Maxani-Hydralac-spray-200ml.jpg\",\"datePublished\":\"2019-08-13T10:13:37+00:00\",\"dateModified\":\"2026-02-16T12:10:26+00:00\",\"breadcrumb\":{\"@id\":\"https:\/\/maxani.nl\/product\/hydralac-huidconditioner\/#breadcrumb\"},\"inLanguage\":\"es\",\"potentialAction\":[{\"@type\":\"ReadAction\",\"target\":[\"https:\/\/maxani.nl\/product\/hydralac-huidconditioner\/\"]}]},{\"@type\":\"ImageObject\",\"inLanguage\":\"es\",\"@id\":\"https:\/\/maxani.nl\/product\/hydralac-huidconditioner\/#primaryimage\",\"url\":\"https:\/\/maxani.nl\/wp-content\/uploads\/2023\/01\/Maxani-Hydralac-spray-200ml.jpg\",\"contentUrl\":\"https:\/\/maxani.nl\/wp-content\/uploads\/2023\/01\/Maxani-Hydralac-spray-200ml.jpg\",\"width\":1080,\"height\":1080},{\"@type\":\"BreadcrumbList\",\"@id\":\"https:\/\/maxani.nl\/product\/hydralac-huidconditioner\/#breadcrumb\",\"itemListElement\":[{\"@type\":\"ListItem\",\"position\":1,\"name\":\"Home\",\"item\":\"https:\/\/maxani.nl\/\"},{\"@type\":\"ListItem\",\"position\":2,\"name\":\"Webshop\",\"item\":\"https:\/\/maxani.nl\/webshop\/\"},{\"@type\":\"ListItem\",\"position\":3,\"name\":\"Maxani Hydralac skin conditioner\"}]},{\"@type\":\"WebSite\",\"@id\":\"https:\/\/maxani.nl\/#website\",\"url\":\"https:\/\/maxani.nl\/\",\"name\":\"Maxani Animal Healthcare BV\",\"description\":\"Uw partner in veterinaire dermatologie\",\"potentialAction\":[{\"@type\":\"SearchAction\",\"target\":{\"@type\":\"EntryPoint\",\"urlTemplate\":\"https:\/\/maxani.nl\/?s={search_term_string}\"},\"query-input\":{\"@type\":\"PropertyValueSpecification\",\"valueRequired\":true,\"valueName\":\"search_term_string\"}}],\"inLanguage\":\"es\"}]}<\/script>\n<!-- \/ Yoast SEO plugin. -->","yoast_head_json":{"title":"Maxani Hydralac skin conditioner - Maxani Animal Healthcare BV","robots":{"index":"index","follow":"follow","max-snippet":"max-snippet:-1","max-image-preview":"max-image-preview:large","max-video-preview":"max-video-preview:-1"},"canonical":"https:\/\/maxani.nl\/es\/producto\/hydralac-huidconditioner\/","og_locale":"es_ES","og_type":"article","og_title":"Maxani Hydralac skin conditioner - Maxani Animal Healthcare BV","og_description":"Hydralac skinconditioner is een olievrije spray die zorgt voor een soepele, gehydrateerde huid zonder een vettige laag achter te laten. Deze voedende huidconditioner dringt tot diep in de opperhuid door. Naast het hydrateren en het voeden is de speciale formule samengesteld om schilfers te verwijderen, talg te reguleren en de bacteriegroei te verminderen. De werkzame stoffen bezitten hydraterende, antibacteri\u00eble, antimycotische eigenschappen. Hydralac vormt een zinvolle aanvulling op de behandeling met een dermatologische shampoo en is ook als monotherapie inzetbaar. De Hydralac spray mag niet worden uitgespoeld en niet in de buurt van ogen worden gesprayd.  Dier: Alle diersoorten  Inhoud: 200 ml of 1L","og_url":"https:\/\/maxani.nl\/es\/producto\/hydralac-huidconditioner\/","og_site_name":"Maxani Animal Healthcare BV","article_modified_time":"2026-02-16T12:10:26+00:00","og_image":[{"width":1080,"height":1080,"url":"https:\/\/maxani.nl\/wp-content\/uploads\/2023\/01\/Maxani-Hydralac-spray-200ml.jpg","type":"image\/jpeg"}],"twitter_card":"summary_large_image","twitter_misc":{"Tiempo de lectura":"3 minutos"},"schema":{"@context":"https:\/\/schema.org","@graph":[{"@type":"WebPage","@id":"https:\/\/maxani.nl\/product\/hydralac-huidconditioner\/","url":"https:\/\/maxani.nl\/product\/hydralac-huidconditioner\/","name":"Maxani Hydralac skin conditioner - Maxani Animal Healthcare BV","isPartOf":{"@id":"https:\/\/maxani.nl\/#website"},"primaryImageOfPage":{"@id":"https:\/\/maxani.nl\/product\/hydralac-huidconditioner\/#primaryimage"},"image":{"@id":"https:\/\/maxani.nl\/product\/hydralac-huidconditioner\/#primaryimage"},"thumbnailUrl":"https:\/\/maxani.nl\/wp-content\/uploads\/2023\/01\/Maxani-Hydralac-spray-200ml.jpg","datePublished":"2019-08-13T10:13:37+00:00","dateModified":"2026-02-16T12:10:26+00:00","breadcrumb":{"@id":"https:\/\/maxani.nl\/product\/hydralac-huidconditioner\/#breadcrumb"},"inLanguage":"es","potentialAction":[{"@type":"ReadAction","target":["https:\/\/maxani.nl\/product\/hydralac-huidconditioner\/"]}]},{"@type":"ImageObject","inLanguage":"es","@id":"https:\/\/maxani.nl\/product\/hydralac-huidconditioner\/#primaryimage","url":"https:\/\/maxani.nl\/wp-content\/uploads\/2023\/01\/Maxani-Hydralac-spray-200ml.jpg","contentUrl":"https:\/\/maxani.nl\/wp-content\/uploads\/2023\/01\/Maxani-Hydralac-spray-200ml.jpg","width":1080,"height":1080},{"@type":"BreadcrumbList","@id":"https:\/\/maxani.nl\/product\/hydralac-huidconditioner\/#breadcrumb","itemListElement":[{"@type":"ListItem","position":1,"name":"Home","item":"https:\/\/maxani.nl\/"},{"@type":"ListItem","position":2,"name":"Webshop","item":"https:\/\/maxani.nl\/webshop\/"},{"@type":"ListItem","position":3,"name":"Maxani Hydralac skin conditioner"}]},{"@type":"WebSite","@id":"https:\/\/maxani.nl\/#website","url":"https:\/\/maxani.nl\/","name":"Maxani Animal Healthcare BV","description":"Su socio en dermatolog\u00eda veterinaria","potentialAction":[{"@type":"SearchAction","target":{"@type":"EntryPoint","urlTemplate":"https:\/\/maxani.nl\/?s={search_term_string}"},"query-input":{"@type":"PropertyValueSpecification","valueRequired":true,"valueName":"search_term_string"}}],"inLanguage":"es"}]}},"jetpack_sharing_enabled":true,"_links":{"self":[{"href":"https:\/\/maxani.nl\/es\/wp-json\/wp\/v2\/product\/135","targetHints":{"allow":["GET"]}}],"collection":[{"href":"https:\/\/maxani.nl\/es\/wp-json\/wp\/v2\/product"}],"about":[{"href":"https:\/\/maxani.nl\/es\/wp-json\/wp\/v2\/types\/product"}],"wp:featuredmedia":[{"embeddable":true,"href":"https:\/\/maxani.nl\/es\/wp-json\/wp\/v2\/media\/11909"}],"wp:attachment":[{"href":"https:\/\/maxani.nl\/es\/wp-json\/wp\/v2\/media?parent=135"}],"wp:term":[{"taxonomy":"product_brand","embeddable":true,"href":"https:\/\/maxani.nl\/es\/wp-json\/wp\/v2\/product_brand?post=135"},{"taxonomy":"product_cat","embeddable":true,"href":"https:\/\/maxani.nl\/es\/wp-json\/wp\/v2\/product_cat?post=135"},{"taxonomy":"product_tag","embeddable":true,"href":"https:\/\/maxani.nl\/es\/wp-json\/wp\/v2\/product_tag?post=135"}],"curies":[{"name":"wp","href":"https:\/\/api.w.org\/{rel}","templated":true}]}}