{"id":134,"date":"2019-08-13T09:56:21","date_gmt":"2019-08-13T09:56:21","guid":{"rendered":"https:\/\/maandvandehuidverzorging.nl\/?post_type=product&#038;p=134"},"modified":"2025-05-30T18:04:16","modified_gmt":"2025-05-30T18:04:16","slug":"sebosilk-huidshampoo","status":"publish","type":"product","link":"https:\/\/maxani.nl\/es\/producto\/sebosilk-huidshampoo\/","title":{"rendered":"Champ\u00fa para la piel Maxani SeboSilk"},"content":{"rendered":"<p><strong>Indicaciones<\/strong><\/p>\n<p>Animales con Seborrea oleosa, aumento de la producci\u00f3n de sebo, anomal\u00edas en el proceso de muda y\/u olor desagradable. Tambi\u00e9n muy adecuado para perros extremadamente sucios y\/o con pelaje\/piel grasienta.<\/p>\n<p><strong>Operaci\u00f3n<\/strong><\/p>\n<p>La salvia, el gluconato de zinc y la vitamina B6 regulan la producci\u00f3n de sebo sin resecar la piel. El champ\u00fa favorece la formaci\u00f3n de queratinocitos sanos y elimina las escamas de la piel. La miel, el \u00e1cido salic\u00edlico y el \u00e1cido l\u00e1ctico equilibran la flora microbiana de la piel y neutralizan los malos olores. SK-influx\u00ae, compuesto de \u00e1cidos grasos, ceramidas, colesterol y fitoesfingosina, restaura la barrera cut\u00e1nea. El \u00e1cido hialur\u00f3nico favorece la elasticidad e hidrataci\u00f3n de la piel.<\/p>\n<p><strong>Utilice<\/strong><\/p>\n<p>La frecuencia del champ\u00fa var\u00eda en funci\u00f3n de la afecci\u00f3n, la gravedad de la dolencia y la finalidad del tratamiento. Recomendamos utilizar el champ\u00fa al menos 2 \u00f3 3 veces por semana hasta que desaparezcan los s\u00edntomas cl\u00ednicos. El champ\u00fa SeboSilk para la piel puede utilizarse de 2 a 4 veces al mes como producto de mantenimiento. Agitar bien antes de usar. Es preferible lavar al animal 2 veces por champ\u00fa. La primera vez para un efecto de limpieza (eliminaci\u00f3n de suciedad, escamas, etc.), la segunda vez para el tratamiento. En el segundo lavado, deje que el champ\u00fa se absorba durante 5-10 minutos para un efecto \u00f3ptimo. No utilizar si el animal es sensible a alguno de los ingredientes.<\/p>\n<span class=\"wppb-content-restriction-message\"><p data-opacity=\"0.5\">Debe iniciar sesi\u00f3n para obtener m\u00e1s informaci\u00f3n<\/p>\n<\/span>","protected":false},"excerpt":{"rendered":"<p>El champ\u00fa SeboSilk para la piel se ha desarrollado especialmente para animales con una mayor producci\u00f3n de sebo y\/o anomal\u00edas en el proceso de muda. Por ejemplo, en casos de seborrea grasa, un buen<br \/>\nLa limpieza es importante, obviamente en combinaci\u00f3n con la restauraci\u00f3n de la barrera cut\u00e1nea y el equilibrio de hidrataci\u00f3n. El champ\u00fa para la piel SeboSilk hidrata y cuida la piel en profundidad. Adem\u00e1s, gracias a la adici\u00f3n de un neutralizador de olores, neutraliza los olores desagradables.<\/p>\n<p>Con el champ\u00fa para la piel SeboSilk, las consultas veterinarias pueden solicitar gratuitamente una o dos instrucciones de lavado con el logotipo de la consulta por champ\u00fa. De este modo, se optimiza el tratamiento y el cliente tiene siempre a mano los consejos de uso del champ\u00fa.<\/p>\n<p><strong>Animales<\/strong>Perro<\/p>\n<p><strong>Contenido<\/strong>200 ml<\/p>\n<span class=\"wppb-shortcode-restriction-message\"> <\/span>","protected":false},"featured_media":11966,"template":"","meta":[],"product_brand":[],"product_cat":[15,29,37],"product_tag":[145,30,147,146],"class_list":{"0":"post-134","1":"product","2":"type-product","3":"status-publish","4":"has-post-thumbnail","6":"product_cat-alle-producten","7":"product_cat-maxani","8":"product_cat-seborroe","9":"product_tag-145","10":"product_tag-maxani-shampoo","11":"product_tag-seborroe","12":"product_tag-sebosilk","14":"first","15":"instock","16":"taxable","17":"shipping-taxable","18":"product-type-simple"},"yoast_head":"<!-- This site is optimized with the Yoast SEO plugin v27.1.1 - https:\/\/yoast.com\/product\/yoast-seo-wordpress\/ -->\n<title>Maxani SeboSilk skin shampoo - Maxani Animal Healthcare BV<\/title>\n<meta name=\"robots\" content=\"index, follow, max-snippet:-1, max-image-preview:large, max-video-preview:-1\" \/>\n<link rel=\"canonical\" href=\"https:\/\/maxani.nl\/es\/producto\/sebosilk-huidshampoo\/\" \/>\n<meta property=\"og:locale\" content=\"es_ES\" \/>\n<meta property=\"og:type\" content=\"article\" \/>\n<meta property=\"og:title\" content=\"Maxani SeboSilk skin shampoo - Maxani Animal Healthcare BV\" \/>\n<meta property=\"og:description\" content=\"De SeboSilk skin shampoo is speciaal ontwikkeld voor dieren met een verhoogde talgproductie en\/of afwijkingen in het verhoorningsproces. Bijvoorbeeld bij vette seborroe is een goede reiniging van belang, uiteraard in combinatie met het herstellen van de huidbarri\u00e8re en vochtbalans. De SeboSilk skin shampoo hydrateert en verzorgt tot diep in de huid. Mede door de toevoeging van een geurneutralisator, neutraliseert het onaangename geuren.  Bij de SeboSilk skin shampoo kan de dierenartsenpraktijk gratis \u00e9\u00e9n of twee wasvoorschriften met het logo van de praktijk bestellen per shampoo. Op deze manier wordt de behandeling geoptimaliseerd en heeft de klant het gebruiksadvies van de shampoo altijd bij de hand.  Dier: Hond  Inhoud: 200 ml\" \/>\n<meta property=\"og:url\" content=\"https:\/\/maxani.nl\/es\/producto\/sebosilk-huidshampoo\/\" \/>\n<meta property=\"og:site_name\" content=\"Maxani Animal Healthcare BV\" \/>\n<meta property=\"article:modified_time\" content=\"2025-05-30T18:04:16+00:00\" \/>\n<meta property=\"og:image\" content=\"https:\/\/maxani.nl\/wp-content\/uploads\/2023\/01\/Maxani-Sebosilk-shampoo-200ml.jpg\" \/>\n\t<meta property=\"og:image:width\" content=\"1080\" \/>\n\t<meta property=\"og:image:height\" content=\"1080\" \/>\n\t<meta property=\"og:image:type\" content=\"image\/jpeg\" \/>\n<meta name=\"twitter:card\" content=\"summary_large_image\" \/>\n<meta name=\"twitter:label1\" content=\"Tiempo de lectura\" \/>\n\t<meta name=\"twitter:data1\" content=\"4 minutos\" \/>\n<script type=\"application\/ld+json\" class=\"yoast-schema-graph\">{\"@context\":\"https:\/\/schema.org\",\"@graph\":[{\"@type\":\"WebPage\",\"@id\":\"https:\/\/maxani.nl\/product\/sebosilk-huidshampoo\/\",\"url\":\"https:\/\/maxani.nl\/product\/sebosilk-huidshampoo\/\",\"name\":\"Maxani SeboSilk skin shampoo - Maxani Animal Healthcare BV\",\"isPartOf\":{\"@id\":\"https:\/\/maxani.nl\/#website\"},\"primaryImageOfPage\":{\"@id\":\"https:\/\/maxani.nl\/product\/sebosilk-huidshampoo\/#primaryimage\"},\"image\":{\"@id\":\"https:\/\/maxani.nl\/product\/sebosilk-huidshampoo\/#primaryimage\"},\"thumbnailUrl\":\"https:\/\/maxani.nl\/wp-content\/uploads\/2023\/01\/Maxani-Sebosilk-shampoo-200ml.jpg\",\"datePublished\":\"2019-08-13T09:56:21+00:00\",\"dateModified\":\"2025-05-30T18:04:16+00:00\",\"breadcrumb\":{\"@id\":\"https:\/\/maxani.nl\/product\/sebosilk-huidshampoo\/#breadcrumb\"},\"inLanguage\":\"es\",\"potentialAction\":[{\"@type\":\"ReadAction\",\"target\":[\"https:\/\/maxani.nl\/product\/sebosilk-huidshampoo\/\"]}]},{\"@type\":\"ImageObject\",\"inLanguage\":\"es\",\"@id\":\"https:\/\/maxani.nl\/product\/sebosilk-huidshampoo\/#primaryimage\",\"url\":\"https:\/\/maxani.nl\/wp-content\/uploads\/2023\/01\/Maxani-Sebosilk-shampoo-200ml.jpg\",\"contentUrl\":\"https:\/\/maxani.nl\/wp-content\/uploads\/2023\/01\/Maxani-Sebosilk-shampoo-200ml.jpg\",\"width\":1080,\"height\":1080},{\"@type\":\"BreadcrumbList\",\"@id\":\"https:\/\/maxani.nl\/product\/sebosilk-huidshampoo\/#breadcrumb\",\"itemListElement\":[{\"@type\":\"ListItem\",\"position\":1,\"name\":\"Home\",\"item\":\"https:\/\/maxani.nl\/\"},{\"@type\":\"ListItem\",\"position\":2,\"name\":\"Webshop\",\"item\":\"https:\/\/maxani.nl\/webshop\/\"},{\"@type\":\"ListItem\",\"position\":3,\"name\":\"Maxani SeboSilk skin shampoo\"}]},{\"@type\":\"WebSite\",\"@id\":\"https:\/\/maxani.nl\/#website\",\"url\":\"https:\/\/maxani.nl\/\",\"name\":\"Maxani Animal Healthcare BV\",\"description\":\"Uw partner in veterinaire dermatologie\",\"potentialAction\":[{\"@type\":\"SearchAction\",\"target\":{\"@type\":\"EntryPoint\",\"urlTemplate\":\"https:\/\/maxani.nl\/?s={search_term_string}\"},\"query-input\":{\"@type\":\"PropertyValueSpecification\",\"valueRequired\":true,\"valueName\":\"search_term_string\"}}],\"inLanguage\":\"es\"}]}<\/script>\n<!-- \/ Yoast SEO plugin. -->","yoast_head_json":{"title":"Maxani SeboSilk skin shampoo - Maxani Animal Healthcare BV","robots":{"index":"index","follow":"follow","max-snippet":"max-snippet:-1","max-image-preview":"max-image-preview:large","max-video-preview":"max-video-preview:-1"},"canonical":"https:\/\/maxani.nl\/es\/producto\/sebosilk-huidshampoo\/","og_locale":"es_ES","og_type":"article","og_title":"Maxani SeboSilk skin shampoo - Maxani Animal Healthcare BV","og_description":"De SeboSilk skin shampoo is speciaal ontwikkeld voor dieren met een verhoogde talgproductie en\/of afwijkingen in het verhoorningsproces. Bijvoorbeeld bij vette seborroe is een goede reiniging van belang, uiteraard in combinatie met het herstellen van de huidbarri\u00e8re en vochtbalans. De SeboSilk skin shampoo hydrateert en verzorgt tot diep in de huid. Mede door de toevoeging van een geurneutralisator, neutraliseert het onaangename geuren.  Bij de SeboSilk skin shampoo kan de dierenartsenpraktijk gratis \u00e9\u00e9n of twee wasvoorschriften met het logo van de praktijk bestellen per shampoo. Op deze manier wordt de behandeling geoptimaliseerd en heeft de klant het gebruiksadvies van de shampoo altijd bij de hand.  Dier: Hond  Inhoud: 200 ml","og_url":"https:\/\/maxani.nl\/es\/producto\/sebosilk-huidshampoo\/","og_site_name":"Maxani Animal Healthcare BV","article_modified_time":"2025-05-30T18:04:16+00:00","og_image":[{"width":1080,"height":1080,"url":"https:\/\/maxani.nl\/wp-content\/uploads\/2023\/01\/Maxani-Sebosilk-shampoo-200ml.jpg","type":"image\/jpeg"}],"twitter_card":"summary_large_image","twitter_misc":{"Tiempo de lectura":"4 minutos"},"schema":{"@context":"https:\/\/schema.org","@graph":[{"@type":"WebPage","@id":"https:\/\/maxani.nl\/product\/sebosilk-huidshampoo\/","url":"https:\/\/maxani.nl\/product\/sebosilk-huidshampoo\/","name":"Maxani SeboSilk skin shampoo - Maxani Animal Healthcare BV","isPartOf":{"@id":"https:\/\/maxani.nl\/#website"},"primaryImageOfPage":{"@id":"https:\/\/maxani.nl\/product\/sebosilk-huidshampoo\/#primaryimage"},"image":{"@id":"https:\/\/maxani.nl\/product\/sebosilk-huidshampoo\/#primaryimage"},"thumbnailUrl":"https:\/\/maxani.nl\/wp-content\/uploads\/2023\/01\/Maxani-Sebosilk-shampoo-200ml.jpg","datePublished":"2019-08-13T09:56:21+00:00","dateModified":"2025-05-30T18:04:16+00:00","breadcrumb":{"@id":"https:\/\/maxani.nl\/product\/sebosilk-huidshampoo\/#breadcrumb"},"inLanguage":"es","potentialAction":[{"@type":"ReadAction","target":["https:\/\/maxani.nl\/product\/sebosilk-huidshampoo\/"]}]},{"@type":"ImageObject","inLanguage":"es","@id":"https:\/\/maxani.nl\/product\/sebosilk-huidshampoo\/#primaryimage","url":"https:\/\/maxani.nl\/wp-content\/uploads\/2023\/01\/Maxani-Sebosilk-shampoo-200ml.jpg","contentUrl":"https:\/\/maxani.nl\/wp-content\/uploads\/2023\/01\/Maxani-Sebosilk-shampoo-200ml.jpg","width":1080,"height":1080},{"@type":"BreadcrumbList","@id":"https:\/\/maxani.nl\/product\/sebosilk-huidshampoo\/#breadcrumb","itemListElement":[{"@type":"ListItem","position":1,"name":"Home","item":"https:\/\/maxani.nl\/"},{"@type":"ListItem","position":2,"name":"Webshop","item":"https:\/\/maxani.nl\/webshop\/"},{"@type":"ListItem","position":3,"name":"Maxani SeboSilk skin shampoo"}]},{"@type":"WebSite","@id":"https:\/\/maxani.nl\/#website","url":"https:\/\/maxani.nl\/","name":"Maxani Animal Healthcare BV","description":"Su socio en dermatolog\u00eda veterinaria","potentialAction":[{"@type":"SearchAction","target":{"@type":"EntryPoint","urlTemplate":"https:\/\/maxani.nl\/?s={search_term_string}"},"query-input":{"@type":"PropertyValueSpecification","valueRequired":true,"valueName":"search_term_string"}}],"inLanguage":"es"}]}},"jetpack_sharing_enabled":true,"_links":{"self":[{"href":"https:\/\/maxani.nl\/es\/wp-json\/wp\/v2\/product\/134","targetHints":{"allow":["GET"]}}],"collection":[{"href":"https:\/\/maxani.nl\/es\/wp-json\/wp\/v2\/product"}],"about":[{"href":"https:\/\/maxani.nl\/es\/wp-json\/wp\/v2\/types\/product"}],"wp:featuredmedia":[{"embeddable":true,"href":"https:\/\/maxani.nl\/es\/wp-json\/wp\/v2\/media\/11966"}],"wp:attachment":[{"href":"https:\/\/maxani.nl\/es\/wp-json\/wp\/v2\/media?parent=134"}],"wp:term":[{"taxonomy":"product_brand","embeddable":true,"href":"https:\/\/maxani.nl\/es\/wp-json\/wp\/v2\/product_brand?post=134"},{"taxonomy":"product_cat","embeddable":true,"href":"https:\/\/maxani.nl\/es\/wp-json\/wp\/v2\/product_cat?post=134"},{"taxonomy":"product_tag","embeddable":true,"href":"https:\/\/maxani.nl\/es\/wp-json\/wp\/v2\/product_tag?post=134"}],"curies":[{"name":"wp","href":"https:\/\/api.w.org\/{rel}","templated":true}]}}