{"id":130,"date":"2019-08-13T09:54:29","date_gmt":"2019-08-13T09:54:29","guid":{"rendered":"https:\/\/maandvandehuidverzorging.nl\/?post_type=product&#038;p=130"},"modified":"2025-08-20T12:50:21","modified_gmt":"2025-08-20T12:50:21","slug":"rescue-huidshampoo","status":"publish","type":"product","link":"https:\/\/maxani.nl\/es\/producto\/rescue-huidshampoo\/","title":{"rendered":"Champ\u00fa Rescue Skin"},"content":{"rendered":"<p><strong>Indicaciones<\/strong><\/p>\n<p>Rescue skin shampoo se utiliza para pieles infectadas dolorosas, gruesas, calientes y\/o enrojecidas causadas por bacterias , levaduras y\/o hongos. Este champ\u00fa ha sido desarrollado por dermat\u00f3logos veterinarios para el tratamiento de Malassezia, pioderma, intertrigo y otras infecciones cut\u00e1neas, puntos calientes e irritaciones de la piel. El champ\u00fa es ampliamente aplicable y tambi\u00e9n funciona como apoyo en perros at\u00f3picos para prevenir infecciones cut\u00e1neas recurrentes. En los caballos, el champ\u00fa se utiliza para las infecciones cut\u00e1neas secundarias, que pueden incluir<br \/>\nsurgen de eczemas de cola y crin y con otras infecciones bacterianas, f\u00fangicas o por levaduras. El champ\u00fa Rescue Skin tambi\u00e9n se utiliza para prevenir infecciones cut\u00e1neas secundarias.<\/p>\n<p><strong>Operaci\u00f3n<\/strong><\/p>\n<p>El hipoclorito s\u00f3dico mata muchos tipos de bacterias. Las ceramidas del champ\u00fa ayudan a restablecer el equilibrio h\u00eddrico y la funci\u00f3n de barrera protectora de la piel.<br \/>\nEl romero y la menta son ingredientes calmantes. El mentol y el romero se a\u00f1aden para conseguir un efecto refrescante. El romero tambi\u00e9n reduce la renovaci\u00f3n epid\u00e9rmica y contribuye a la producci\u00f3n normal de sebo. SK-influx\u00ae, compuesto de \u00e1cidos grasos, ceramidas, colesterol y fitoesfingosina, restaura la barrera cut\u00e1nea e hidrata la piel. El \u00e1cido hialur\u00f3nico favorece la elasticidad y el equilibrio h\u00eddrico de la piel.<\/p>\n<p><strong>Utilice<\/strong><\/p>\n<p>La frecuencia del tratamiento con champ\u00fa depende de la afecci\u00f3n, la gravedad de la dolencia y la finalidad del tratamiento. Se recomienda tratar una infecci\u00f3n cut\u00e1nea al menos 2 \u00f3 3 veces.<br \/>\npor semana hasta que desaparezcan los s\u00edntomas cl\u00ednicos. Si es necesario, el champ\u00fa puede utilizarse a diario. Para evitar infecciones cr\u00f3nicas recurrentes de la piel, jetas o puntos calientes, el consejo es utilizar el champ\u00fa al menos una vez a la semana. Es preferible lavar al animal 2 veces por champ\u00fa. La primera vez para el efecto de limpieza (eliminaci\u00f3n de suciedad, escamas, etc.), la segunda para el tratamiento. Deje el champ\u00fa en el segundo lavado durante al menos 10 minutos para obtener un resultado m\u00e1s r\u00e1pido. No utilizar si la mascota es (sobre)sensible a alguno de los ingredientes.<\/p>\n<span class=\"wppb-content-restriction-message\"><p data-opacity=\"0.5\">Debe iniciar sesi\u00f3n para obtener m\u00e1s informaci\u00f3n<\/p>\n<\/span>","protected":false},"excerpt":{"rendered":"<p>Desarrollado por dermat\u00f3logos veterinarios para tratar y prevenir las infecciones cut\u00e1neas por bacterias, hongos y levaduras en perros y caballos. Un champ\u00fa intensamente limpiador pero suave contra bacterias, hongos y levaduras.<\/p>\n<p>Con el champ\u00fa Rescue skin, las consultas veterinarias pueden solicitar gratuitamente una o dos instrucciones de lavado con el logotipo de la consulta por champ\u00fa. De este modo, se optimiza el tratamiento y el cliente tiene siempre a mano los consejos de uso del champ\u00fa.<\/p>\n<p><strong>Animales<\/strong>: Perro y caballo<\/p>\n<p><strong>Contenido<\/strong>200 ml<\/p>\n<span class=\"wppb-shortcode-restriction-message\"> <\/span>","protected":false},"featured_media":11962,"template":"","meta":[],"product_brand":[],"product_cat":[15,29,36],"product_tag":[148,30,150,149],"class_list":{"0":"post-130","1":"product","2":"type-product","3":"status-publish","4":"has-post-thumbnail","6":"product_cat-alle-producten","7":"product_cat-maxani","8":"product_cat-pyodermie","9":"product_tag-148","10":"product_tag-maxani-shampoo","11":"product_tag-pyodermie","12":"product_tag-rescue","14":"first","15":"instock","16":"taxable","17":"shipping-taxable","18":"product-type-simple"},"yoast_head":"<!-- This site is optimized with the Yoast SEO plugin v27.1.1 - https:\/\/yoast.com\/product\/yoast-seo-wordpress\/ -->\n<title>Rescue skin shampoo - Maxani Animal Healthcare BV<\/title>\n<meta name=\"robots\" content=\"index, follow, max-snippet:-1, max-image-preview:large, max-video-preview:-1\" \/>\n<link rel=\"canonical\" href=\"https:\/\/maxani.nl\/es\/producto\/rescue-huidshampoo\/\" \/>\n<meta property=\"og:locale\" content=\"es_ES\" \/>\n<meta property=\"og:type\" content=\"article\" \/>\n<meta property=\"og:title\" content=\"Rescue skin shampoo - Maxani Animal Healthcare BV\" \/>\n<meta property=\"og:description\" content=\"Ontwikkeld door veterinaire dermatologen om huidinfecties met bacteri\u00ebn, schimmels en gisten bij honden en paarden te behandelen en te voorkomen. Een intensief reinigende, maar toch zachte shampoo tegen bacteri\u00ebn, schimmels en gisten.  Bij de Rescue skin shampoo kan de dierenartsenpraktijk gratis \u00e9\u00e9n of twee wasvoorschriften met het logo van de praktijk bestellen per shampoo. Op deze manier wordt de behandeling geoptimaliseerd en heeft de klant het gebruiksadvies van de shampoo altijd bij de hand.  Dier: Hond en paard  Inhoud: 200 ml\" \/>\n<meta property=\"og:url\" content=\"https:\/\/maxani.nl\/es\/producto\/rescue-huidshampoo\/\" \/>\n<meta property=\"og:site_name\" content=\"Maxani Animal Healthcare BV\" \/>\n<meta property=\"article:modified_time\" content=\"2025-08-20T12:50:21+00:00\" \/>\n<meta property=\"og:image\" content=\"https:\/\/maxani.nl\/wp-content\/uploads\/2023\/01\/Maxani-Rescue-shampoo-200ml.jpg\" \/>\n\t<meta property=\"og:image:width\" content=\"1080\" \/>\n\t<meta property=\"og:image:height\" content=\"1080\" \/>\n\t<meta property=\"og:image:type\" content=\"image\/jpeg\" \/>\n<meta name=\"twitter:card\" content=\"summary_large_image\" \/>\n<meta name=\"twitter:label1\" content=\"Tiempo de lectura\" \/>\n\t<meta name=\"twitter:data1\" content=\"3 minutos\" \/>\n<script type=\"application\/ld+json\" class=\"yoast-schema-graph\">{\"@context\":\"https:\/\/schema.org\",\"@graph\":[{\"@type\":\"WebPage\",\"@id\":\"https:\/\/maxani.nl\/product\/rescue-huidshampoo\/\",\"url\":\"https:\/\/maxani.nl\/product\/rescue-huidshampoo\/\",\"name\":\"Rescue skin shampoo - Maxani Animal Healthcare BV\",\"isPartOf\":{\"@id\":\"https:\/\/maxani.nl\/#website\"},\"primaryImageOfPage\":{\"@id\":\"https:\/\/maxani.nl\/product\/rescue-huidshampoo\/#primaryimage\"},\"image\":{\"@id\":\"https:\/\/maxani.nl\/product\/rescue-huidshampoo\/#primaryimage\"},\"thumbnailUrl\":\"https:\/\/maxani.nl\/wp-content\/uploads\/2023\/01\/Maxani-Rescue-shampoo-200ml.jpg\",\"datePublished\":\"2019-08-13T09:54:29+00:00\",\"dateModified\":\"2025-08-20T12:50:21+00:00\",\"breadcrumb\":{\"@id\":\"https:\/\/maxani.nl\/product\/rescue-huidshampoo\/#breadcrumb\"},\"inLanguage\":\"es\",\"potentialAction\":[{\"@type\":\"ReadAction\",\"target\":[\"https:\/\/maxani.nl\/product\/rescue-huidshampoo\/\"]}]},{\"@type\":\"ImageObject\",\"inLanguage\":\"es\",\"@id\":\"https:\/\/maxani.nl\/product\/rescue-huidshampoo\/#primaryimage\",\"url\":\"https:\/\/maxani.nl\/wp-content\/uploads\/2023\/01\/Maxani-Rescue-shampoo-200ml.jpg\",\"contentUrl\":\"https:\/\/maxani.nl\/wp-content\/uploads\/2023\/01\/Maxani-Rescue-shampoo-200ml.jpg\",\"width\":1080,\"height\":1080},{\"@type\":\"BreadcrumbList\",\"@id\":\"https:\/\/maxani.nl\/product\/rescue-huidshampoo\/#breadcrumb\",\"itemListElement\":[{\"@type\":\"ListItem\",\"position\":1,\"name\":\"Home\",\"item\":\"https:\/\/maxani.nl\/\"},{\"@type\":\"ListItem\",\"position\":2,\"name\":\"Webshop\",\"item\":\"https:\/\/maxani.nl\/webshop\/\"},{\"@type\":\"ListItem\",\"position\":3,\"name\":\"Rescue skin shampoo\"}]},{\"@type\":\"WebSite\",\"@id\":\"https:\/\/maxani.nl\/#website\",\"url\":\"https:\/\/maxani.nl\/\",\"name\":\"Maxani Animal Healthcare BV\",\"description\":\"Uw partner in veterinaire dermatologie\",\"potentialAction\":[{\"@type\":\"SearchAction\",\"target\":{\"@type\":\"EntryPoint\",\"urlTemplate\":\"https:\/\/maxani.nl\/?s={search_term_string}\"},\"query-input\":{\"@type\":\"PropertyValueSpecification\",\"valueRequired\":true,\"valueName\":\"search_term_string\"}}],\"inLanguage\":\"es\"}]}<\/script>\n<!-- \/ Yoast SEO plugin. -->","yoast_head_json":{"title":"Rescue skin shampoo - Maxani Animal Healthcare BV","robots":{"index":"index","follow":"follow","max-snippet":"max-snippet:-1","max-image-preview":"max-image-preview:large","max-video-preview":"max-video-preview:-1"},"canonical":"https:\/\/maxani.nl\/es\/producto\/rescue-huidshampoo\/","og_locale":"es_ES","og_type":"article","og_title":"Rescue skin shampoo - Maxani Animal Healthcare BV","og_description":"Ontwikkeld door veterinaire dermatologen om huidinfecties met bacteri\u00ebn, schimmels en gisten bij honden en paarden te behandelen en te voorkomen. Een intensief reinigende, maar toch zachte shampoo tegen bacteri\u00ebn, schimmels en gisten.  Bij de Rescue skin shampoo kan de dierenartsenpraktijk gratis \u00e9\u00e9n of twee wasvoorschriften met het logo van de praktijk bestellen per shampoo. Op deze manier wordt de behandeling geoptimaliseerd en heeft de klant het gebruiksadvies van de shampoo altijd bij de hand.  Dier: Hond en paard  Inhoud: 200 ml","og_url":"https:\/\/maxani.nl\/es\/producto\/rescue-huidshampoo\/","og_site_name":"Maxani Animal Healthcare BV","article_modified_time":"2025-08-20T12:50:21+00:00","og_image":[{"width":1080,"height":1080,"url":"https:\/\/maxani.nl\/wp-content\/uploads\/2023\/01\/Maxani-Rescue-shampoo-200ml.jpg","type":"image\/jpeg"}],"twitter_card":"summary_large_image","twitter_misc":{"Tiempo de lectura":"3 minutos"},"schema":{"@context":"https:\/\/schema.org","@graph":[{"@type":"WebPage","@id":"https:\/\/maxani.nl\/product\/rescue-huidshampoo\/","url":"https:\/\/maxani.nl\/product\/rescue-huidshampoo\/","name":"Rescue skin shampoo - Maxani Animal Healthcare BV","isPartOf":{"@id":"https:\/\/maxani.nl\/#website"},"primaryImageOfPage":{"@id":"https:\/\/maxani.nl\/product\/rescue-huidshampoo\/#primaryimage"},"image":{"@id":"https:\/\/maxani.nl\/product\/rescue-huidshampoo\/#primaryimage"},"thumbnailUrl":"https:\/\/maxani.nl\/wp-content\/uploads\/2023\/01\/Maxani-Rescue-shampoo-200ml.jpg","datePublished":"2019-08-13T09:54:29+00:00","dateModified":"2025-08-20T12:50:21+00:00","breadcrumb":{"@id":"https:\/\/maxani.nl\/product\/rescue-huidshampoo\/#breadcrumb"},"inLanguage":"es","potentialAction":[{"@type":"ReadAction","target":["https:\/\/maxani.nl\/product\/rescue-huidshampoo\/"]}]},{"@type":"ImageObject","inLanguage":"es","@id":"https:\/\/maxani.nl\/product\/rescue-huidshampoo\/#primaryimage","url":"https:\/\/maxani.nl\/wp-content\/uploads\/2023\/01\/Maxani-Rescue-shampoo-200ml.jpg","contentUrl":"https:\/\/maxani.nl\/wp-content\/uploads\/2023\/01\/Maxani-Rescue-shampoo-200ml.jpg","width":1080,"height":1080},{"@type":"BreadcrumbList","@id":"https:\/\/maxani.nl\/product\/rescue-huidshampoo\/#breadcrumb","itemListElement":[{"@type":"ListItem","position":1,"name":"Home","item":"https:\/\/maxani.nl\/"},{"@type":"ListItem","position":2,"name":"Webshop","item":"https:\/\/maxani.nl\/webshop\/"},{"@type":"ListItem","position":3,"name":"Rescue skin shampoo"}]},{"@type":"WebSite","@id":"https:\/\/maxani.nl\/#website","url":"https:\/\/maxani.nl\/","name":"Maxani Animal Healthcare BV","description":"Su socio en dermatolog\u00eda veterinaria","potentialAction":[{"@type":"SearchAction","target":{"@type":"EntryPoint","urlTemplate":"https:\/\/maxani.nl\/?s={search_term_string}"},"query-input":{"@type":"PropertyValueSpecification","valueRequired":true,"valueName":"search_term_string"}}],"inLanguage":"es"}]}},"jetpack_sharing_enabled":true,"_links":{"self":[{"href":"https:\/\/maxani.nl\/es\/wp-json\/wp\/v2\/product\/130","targetHints":{"allow":["GET"]}}],"collection":[{"href":"https:\/\/maxani.nl\/es\/wp-json\/wp\/v2\/product"}],"about":[{"href":"https:\/\/maxani.nl\/es\/wp-json\/wp\/v2\/types\/product"}],"wp:featuredmedia":[{"embeddable":true,"href":"https:\/\/maxani.nl\/es\/wp-json\/wp\/v2\/media\/11962"}],"wp:attachment":[{"href":"https:\/\/maxani.nl\/es\/wp-json\/wp\/v2\/media?parent=130"}],"wp:term":[{"taxonomy":"product_brand","embeddable":true,"href":"https:\/\/maxani.nl\/es\/wp-json\/wp\/v2\/product_brand?post=130"},{"taxonomy":"product_cat","embeddable":true,"href":"https:\/\/maxani.nl\/es\/wp-json\/wp\/v2\/product_cat?post=130"},{"taxonomy":"product_tag","embeddable":true,"href":"https:\/\/maxani.nl\/es\/wp-json\/wp\/v2\/product_tag?post=130"}],"curies":[{"name":"wp","href":"https:\/\/api.w.org\/{rel}","templated":true}]}}