{"id":129,"date":"2019-08-13T09:51:28","date_gmt":"2019-08-13T09:51:28","guid":{"rendered":"https:\/\/maandvandehuidverzorging.nl\/?post_type=product&#038;p=129"},"modified":"2025-05-30T18:24:39","modified_gmt":"2025-05-30T18:24:39","slug":"regular-huidshampoo-met-conditioner","status":"publish","type":"product","link":"https:\/\/maxani.nl\/es\/producto\/regular-huidshampoo-met-conditioner\/","title":{"rendered":"Champ\u00fa para piel y pelo Maxani Regular"},"content":{"rendered":"<p><strong>Indicaciones<\/strong><\/p>\n<p>Lavado diario para piel normal a seca y\/o con mal olor. Tambi\u00e9n adecuado para cachorros y gatitos.<\/p>\n<p><strong>Operaci\u00f3n<\/strong><\/p>\n<p>Neutraliza el mal olor, sin a\u00f1adir perfume. El acondicionador facilita el peinado del pelaje lavado. SK-influx\u00ae, compuesto de \u00e1cidos grasos, ceramidas, colesterol y fitoesfingosina, refuerza la barrera cut\u00e1nea. El \u00e1cido hialur\u00f3nico favorece la elasticidad y el equilibrio de hidrataci\u00f3n de la piel. La manzanilla, la cal\u00e9ndula y la miel cuidan la piel.<\/p>\n<p><strong>Utilice<\/strong><\/p>\n<p>Utilizar seg\u00fan sea necesario para pelajes sucios o como champ\u00fa de mantenimiento adecuado para un uso prolongado. Lavar seg\u00fan sea necesario. Para obtener mejores resultados, dejar actuar el champ\u00fa durante 5 minutos y aclarar bien. El champ\u00fa funciona mejor sin diluir, pero puede diluirse hasta 1:5 con agua tibia.<\/p>\n<span class=\"wppb-content-restriction-message\"><p data-opacity=\"0.5\">Debe iniciar sesi\u00f3n para obtener m\u00e1s informaci\u00f3n<\/p>\n<\/span>","protected":false},"excerpt":{"rendered":"<p>Con su composici\u00f3n natural, suave y limpiadora, el champ\u00fa Regular para piel y pelo es adecuado para el lavado regular de la piel normal y seca. El champ\u00fa Regular acondiciona y protege la piel y proporciona al pelaje un brillo saludable. El champ\u00fa contiene ingredientes nutritivos y protectores, como la camomila, la cal\u00e9ndula y la miel. Neutraliza los malos olores. La adici\u00f3n de acondicionador facilita el peinado.<\/p>\n<p>Con el champ\u00fa Regular para piel y pelo, las consultas veterinarias pueden solicitar gratuitamente una o dos instrucciones de lavado con el logotipo de la consulta por champ\u00fa. De este modo, se optimiza el tratamiento y el cliente tiene siempre a mano los consejos de uso del champ\u00fa.<\/p>\n<p><strong>Animales<\/strong>Perro y gato<\/p>\n<p><strong>Contenido<\/strong>200 ml<\/p>\n<span class=\"wppb-shortcode-restriction-message\"> <\/span>","protected":false},"featured_media":11955,"template":"","meta":[],"product_brand":[],"product_cat":[15,29,35],"product_tag":[151,153,155,30,154,75,152],"class_list":{"0":"post-129","1":"product","2":"type-product","3":"status-publish","4":"has-post-thumbnail","6":"product_cat-alle-producten","7":"product_cat-maxani","8":"product_cat-regular","9":"product_tag-151","10":"product_tag-basis","11":"product_tag-kitten","12":"product_tag-maxani-shampoo","13":"product_tag-puppy","14":"product_tag-regular","15":"product_tag-regulier","17":"first","18":"instock","19":"taxable","20":"shipping-taxable","21":"product-type-simple"},"yoast_head":"<!-- This site is optimized with the Yoast SEO plugin v27.1.1 - https:\/\/yoast.com\/product\/yoast-seo-wordpress\/ -->\n<title>Maxani Regular skin and coat shampoo - Maxani Animal Healthcare BV %<\/title>\n<meta name=\"robots\" content=\"index, follow, max-snippet:-1, max-image-preview:large, max-video-preview:-1\" \/>\n<link rel=\"canonical\" href=\"https:\/\/maxani.nl\/es\/producto\/regular-huidshampoo-met-conditioner\/\" \/>\n<meta property=\"og:locale\" content=\"es_ES\" \/>\n<meta property=\"og:type\" content=\"article\" \/>\n<meta property=\"og:title\" content=\"Maxani Regular skin and coat shampoo - Maxani Animal Healthcare BV %\" \/>\n<meta property=\"og:description\" content=\"Door de natuurlijke, milde en reinigende samenstelling is de Regular skin and coat shampoo geschikt voor het regelmatig wassen van de normale en droge huid. De Regular shampoo verzorgt en beschermt de huid en geeft de vacht een gezonde glans. De shampoo bevat voedende en beschermende ingredi\u00ebnten, zoals kamille, calendula en honing. Het neutraliseert onaangename geuren. De toevoeging van conditioner maakt de vacht makkelijker door te kammen.  Bij de Regular skin and coat shampoo kan de dierenartsenpraktijk gratis \u00e9\u00e9n of twee wasvoorschriften met het logo van de praktijk bestellen per shampoo. Op deze manier wordt de behandeling geoptimaliseerd en heeft de klant het gebruiksadvies van de shampoo altijd bij de hand.  Dier: Hond en kat  Inhoud: 200 ml\" \/>\n<meta property=\"og:url\" content=\"https:\/\/maxani.nl\/es\/producto\/regular-huidshampoo-met-conditioner\/\" \/>\n<meta property=\"og:site_name\" content=\"Maxani Animal Healthcare BV\" \/>\n<meta property=\"article:modified_time\" content=\"2025-05-30T18:24:39+00:00\" \/>\n<meta property=\"og:image\" content=\"https:\/\/maxani.nl\/wp-content\/uploads\/2023\/01\/Maxani-Regular-shampoo-200ml.jpg\" \/>\n\t<meta property=\"og:image:width\" content=\"1080\" \/>\n\t<meta property=\"og:image:height\" content=\"1080\" \/>\n\t<meta property=\"og:image:type\" content=\"image\/jpeg\" \/>\n<meta name=\"twitter:card\" content=\"summary_large_image\" \/>\n<meta name=\"twitter:label1\" content=\"Tiempo de lectura\" \/>\n\t<meta name=\"twitter:data1\" content=\"3 minutos\" \/>\n<script type=\"application\/ld+json\" class=\"yoast-schema-graph\">{\"@context\":\"https:\/\/schema.org\",\"@graph\":[{\"@type\":\"WebPage\",\"@id\":\"https:\/\/maxani.nl\/product\/regular-huidshampoo-met-conditioner\/\",\"url\":\"https:\/\/maxani.nl\/product\/regular-huidshampoo-met-conditioner\/\",\"name\":\"Maxani Regular skin and coat shampoo - Maxani Animal Healthcare BV %\",\"isPartOf\":{\"@id\":\"https:\/\/maxani.nl\/#website\"},\"primaryImageOfPage\":{\"@id\":\"https:\/\/maxani.nl\/product\/regular-huidshampoo-met-conditioner\/#primaryimage\"},\"image\":{\"@id\":\"https:\/\/maxani.nl\/product\/regular-huidshampoo-met-conditioner\/#primaryimage\"},\"thumbnailUrl\":\"https:\/\/maxani.nl\/wp-content\/uploads\/2023\/01\/Maxani-Regular-shampoo-200ml.jpg\",\"datePublished\":\"2019-08-13T09:51:28+00:00\",\"dateModified\":\"2025-05-30T18:24:39+00:00\",\"breadcrumb\":{\"@id\":\"https:\/\/maxani.nl\/product\/regular-huidshampoo-met-conditioner\/#breadcrumb\"},\"inLanguage\":\"es\",\"potentialAction\":[{\"@type\":\"ReadAction\",\"target\":[\"https:\/\/maxani.nl\/product\/regular-huidshampoo-met-conditioner\/\"]}]},{\"@type\":\"ImageObject\",\"inLanguage\":\"es\",\"@id\":\"https:\/\/maxani.nl\/product\/regular-huidshampoo-met-conditioner\/#primaryimage\",\"url\":\"https:\/\/maxani.nl\/wp-content\/uploads\/2023\/01\/Maxani-Regular-shampoo-200ml.jpg\",\"contentUrl\":\"https:\/\/maxani.nl\/wp-content\/uploads\/2023\/01\/Maxani-Regular-shampoo-200ml.jpg\",\"width\":1080,\"height\":1080},{\"@type\":\"BreadcrumbList\",\"@id\":\"https:\/\/maxani.nl\/product\/regular-huidshampoo-met-conditioner\/#breadcrumb\",\"itemListElement\":[{\"@type\":\"ListItem\",\"position\":1,\"name\":\"Home\",\"item\":\"https:\/\/maxani.nl\/\"},{\"@type\":\"ListItem\",\"position\":2,\"name\":\"Webshop\",\"item\":\"https:\/\/maxani.nl\/webshop\/\"},{\"@type\":\"ListItem\",\"position\":3,\"name\":\"Maxani Regular skin and coat shampoo\"}]},{\"@type\":\"WebSite\",\"@id\":\"https:\/\/maxani.nl\/#website\",\"url\":\"https:\/\/maxani.nl\/\",\"name\":\"Maxani Animal Healthcare BV\",\"description\":\"Uw partner in veterinaire dermatologie\",\"potentialAction\":[{\"@type\":\"SearchAction\",\"target\":{\"@type\":\"EntryPoint\",\"urlTemplate\":\"https:\/\/maxani.nl\/?s={search_term_string}\"},\"query-input\":{\"@type\":\"PropertyValueSpecification\",\"valueRequired\":true,\"valueName\":\"search_term_string\"}}],\"inLanguage\":\"es\"}]}<\/script>\n<!-- \/ Yoast SEO plugin. -->","yoast_head_json":{"title":"Maxani Regular skin and coat shampoo - Maxani Animal Healthcare BV %","robots":{"index":"index","follow":"follow","max-snippet":"max-snippet:-1","max-image-preview":"max-image-preview:large","max-video-preview":"max-video-preview:-1"},"canonical":"https:\/\/maxani.nl\/es\/producto\/regular-huidshampoo-met-conditioner\/","og_locale":"es_ES","og_type":"article","og_title":"Maxani Regular skin and coat shampoo - Maxani Animal Healthcare BV %","og_description":"Door de natuurlijke, milde en reinigende samenstelling is de Regular skin and coat shampoo geschikt voor het regelmatig wassen van de normale en droge huid. De Regular shampoo verzorgt en beschermt de huid en geeft de vacht een gezonde glans. De shampoo bevat voedende en beschermende ingredi\u00ebnten, zoals kamille, calendula en honing. Het neutraliseert onaangename geuren. De toevoeging van conditioner maakt de vacht makkelijker door te kammen.  Bij de Regular skin and coat shampoo kan de dierenartsenpraktijk gratis \u00e9\u00e9n of twee wasvoorschriften met het logo van de praktijk bestellen per shampoo. Op deze manier wordt de behandeling geoptimaliseerd en heeft de klant het gebruiksadvies van de shampoo altijd bij de hand.  Dier: Hond en kat  Inhoud: 200 ml","og_url":"https:\/\/maxani.nl\/es\/producto\/regular-huidshampoo-met-conditioner\/","og_site_name":"Maxani Animal Healthcare BV","article_modified_time":"2025-05-30T18:24:39+00:00","og_image":[{"width":1080,"height":1080,"url":"https:\/\/maxani.nl\/wp-content\/uploads\/2023\/01\/Maxani-Regular-shampoo-200ml.jpg","type":"image\/jpeg"}],"twitter_card":"summary_large_image","twitter_misc":{"Tiempo de lectura":"3 minutos"},"schema":{"@context":"https:\/\/schema.org","@graph":[{"@type":"WebPage","@id":"https:\/\/maxani.nl\/product\/regular-huidshampoo-met-conditioner\/","url":"https:\/\/maxani.nl\/product\/regular-huidshampoo-met-conditioner\/","name":"Maxani Regular skin and coat shampoo - Maxani Animal Healthcare BV %","isPartOf":{"@id":"https:\/\/maxani.nl\/#website"},"primaryImageOfPage":{"@id":"https:\/\/maxani.nl\/product\/regular-huidshampoo-met-conditioner\/#primaryimage"},"image":{"@id":"https:\/\/maxani.nl\/product\/regular-huidshampoo-met-conditioner\/#primaryimage"},"thumbnailUrl":"https:\/\/maxani.nl\/wp-content\/uploads\/2023\/01\/Maxani-Regular-shampoo-200ml.jpg","datePublished":"2019-08-13T09:51:28+00:00","dateModified":"2025-05-30T18:24:39+00:00","breadcrumb":{"@id":"https:\/\/maxani.nl\/product\/regular-huidshampoo-met-conditioner\/#breadcrumb"},"inLanguage":"es","potentialAction":[{"@type":"ReadAction","target":["https:\/\/maxani.nl\/product\/regular-huidshampoo-met-conditioner\/"]}]},{"@type":"ImageObject","inLanguage":"es","@id":"https:\/\/maxani.nl\/product\/regular-huidshampoo-met-conditioner\/#primaryimage","url":"https:\/\/maxani.nl\/wp-content\/uploads\/2023\/01\/Maxani-Regular-shampoo-200ml.jpg","contentUrl":"https:\/\/maxani.nl\/wp-content\/uploads\/2023\/01\/Maxani-Regular-shampoo-200ml.jpg","width":1080,"height":1080},{"@type":"BreadcrumbList","@id":"https:\/\/maxani.nl\/product\/regular-huidshampoo-met-conditioner\/#breadcrumb","itemListElement":[{"@type":"ListItem","position":1,"name":"Home","item":"https:\/\/maxani.nl\/"},{"@type":"ListItem","position":2,"name":"Webshop","item":"https:\/\/maxani.nl\/webshop\/"},{"@type":"ListItem","position":3,"name":"Maxani Regular skin and coat shampoo"}]},{"@type":"WebSite","@id":"https:\/\/maxani.nl\/#website","url":"https:\/\/maxani.nl\/","name":"Maxani Animal Healthcare BV","description":"Su socio en dermatolog\u00eda veterinaria","potentialAction":[{"@type":"SearchAction","target":{"@type":"EntryPoint","urlTemplate":"https:\/\/maxani.nl\/?s={search_term_string}"},"query-input":{"@type":"PropertyValueSpecification","valueRequired":true,"valueName":"search_term_string"}}],"inLanguage":"es"}]}},"jetpack_sharing_enabled":true,"_links":{"self":[{"href":"https:\/\/maxani.nl\/es\/wp-json\/wp\/v2\/product\/129","targetHints":{"allow":["GET"]}}],"collection":[{"href":"https:\/\/maxani.nl\/es\/wp-json\/wp\/v2\/product"}],"about":[{"href":"https:\/\/maxani.nl\/es\/wp-json\/wp\/v2\/types\/product"}],"wp:featuredmedia":[{"embeddable":true,"href":"https:\/\/maxani.nl\/es\/wp-json\/wp\/v2\/media\/11955"}],"wp:attachment":[{"href":"https:\/\/maxani.nl\/es\/wp-json\/wp\/v2\/media?parent=129"}],"wp:term":[{"taxonomy":"product_brand","embeddable":true,"href":"https:\/\/maxani.nl\/es\/wp-json\/wp\/v2\/product_brand?post=129"},{"taxonomy":"product_cat","embeddable":true,"href":"https:\/\/maxani.nl\/es\/wp-json\/wp\/v2\/product_cat?post=129"},{"taxonomy":"product_tag","embeddable":true,"href":"https:\/\/maxani.nl\/es\/wp-json\/wp\/v2\/product_tag?post=129"}],"curies":[{"name":"wp","href":"https:\/\/api.w.org\/{rel}","templated":true}]}}