{"id":120,"date":"2019-08-13T09:48:40","date_gmt":"2019-08-13T09:48:40","guid":{"rendered":"https:\/\/maandvandehuidverzorging.nl\/?post_type=product&#038;p=120"},"modified":"2025-05-30T18:00:59","modified_gmt":"2025-05-30T18:00:59","slug":"honey-complex-huidshampoo","status":"publish","type":"product","link":"https:\/\/maxani.nl\/es\/producto\/honey-complex-huidshampoo\/","title":{"rendered":"Champ\u00fa para la piel Maxani Honey Complex"},"content":{"rendered":"<p><strong>Indicaciones<\/strong><\/p>\n<p>Perros y caballos con piel seca a extremadamente seca.<\/p>\n<p><strong>Operaci\u00f3n<\/strong><\/p>\n<p>La miel y el prop\u00f3leo tienen propiedades antibacterianas y antiinflamatorias. Adem\u00e1s, la miel y el prop\u00f3leo favorecen el crecimiento de los tejidos de la barrera cut\u00e1nea. El polen de abeja puede reducir los s\u00edntomas al\u00e9rgicos al inhibir la histamina, estimular el tejido cut\u00e1neo y proteger contra la deshidrataci\u00f3n. El aloe vera tiene propiedades hidratantes y calmantes. Regenera las c\u00e9lulas epiteliales y flexibiliza la epidermis. Los compuestos de \u00e9ster del aceite de jojoba pueden penetrar en el estrato c\u00f3rneo (capa c\u00f3rnea) de la piel. Junto con los l\u00edpidos intercelulares, pueden reducir la p\u00e9rdida de humedad, conocida como p\u00e9rdida de humedad transepid\u00e9rmica. El aceite de jojoba tiene la acci\u00f3n de un emoliente que da a la piel m\u00e1s flexibilidad y elasticidad. Tambi\u00e9n tiene un efecto cicatrizante sobre la piel da\u00f1ada. La cal\u00e9ndula tiene propiedades antibacterianas y antif\u00fangicas y reduce la inflamaci\u00f3n. Adem\u00e1s, la cal\u00e9ndula calma y nutre la piel, favoreciendo as\u00ed la recuperaci\u00f3n de la piel afectada. La terapia con este champ\u00fa nutre y protege la piel.<\/p>\n<p><strong>Utilice<\/strong><\/p>\n<p>La frecuencia del champ\u00fa var\u00eda en funci\u00f3n del estado, la gravedad de la afecci\u00f3n y la finalidad del tratamiento. Para pieles extremadamente secas, se recomienda aplicar el champ\u00fa al menos 2 \u00f3 3 veces.<br \/>\nlavar una vez a la semana hasta que desaparezcan los s\u00edntomas cl\u00ednicos. El champ\u00fa complejo de miel para la piel tiene propiedades protectoras y calmantes y es ideal para usarlo una vez a la semana como<br \/>\nproducto de mantenimiento. Agitar bien antes de usar. Es preferible lavar al animal 2 veces por champ\u00fa. La primera vez para un efecto de limpieza (eliminaci\u00f3n de suciedad, escamas, etc.), la segunda vez para el tratamiento. En el segundo lavado, deje que el champ\u00fa se absorba durante 5-10 minutos para un efecto \u00f3ptimo. No utilizar si el animal es sensible a alguno de los ingredientes.<\/p>\n<span class=\"wppb-content-restriction-message\"><p data-opacity=\"0.5\">Debe iniciar sesi\u00f3n para obtener m\u00e1s informaci\u00f3n<\/p>\n<\/span>","protected":false},"excerpt":{"rendered":"<p>Un champ\u00fa suave y cuidadoso para pieles secas a muy secas. Puede utilizarse para la seborrea seca y la ictiosis o junto con un champ\u00fa medicinal para pieles muy secas.<br \/>\nquejas de la piel. Los ingredientes jojoba y aloe vera proporcionan el car\u00e1cter nutritivo y suave del champ\u00fa. A la miel y el prop\u00f3leo, un antiinflamatorio<br \/>\nacci\u00f3n atribuida. Un champ\u00fa suave y eficaz para la piel que desengrasa poco.<\/p>\n<p>Con el champ\u00fa Honey complex skin, las consultas veterinarias pueden solicitar gratuitamente una o dos instrucciones de lavado con el logotipo de la consulta por champ\u00fa. De este modo, se optimiza el tratamiento y el cliente tiene siempre a mano los consejos de uso del champ\u00fa.<\/p>\n<p><strong>Animales<\/strong>: Perro y caballo<\/p>\n<p><strong>Contenido<\/strong>200 ml<\/p>\n<span class=\"wppb-shortcode-restriction-message\"> <\/span>","protected":false},"featured_media":11898,"template":"","meta":[],"product_brand":[],"product_cat":[15,29,37],"product_tag":[156,162,159,160,157,158,161,30],"class_list":{"0":"post-120","1":"product","2":"type-product","3":"status-publish","4":"has-post-thumbnail","6":"product_cat-alle-producten","7":"product_cat-maxani","8":"product_cat-seborroe","9":"product_tag-156","10":"product_tag-alopecia","11":"product_tag-complex","12":"product_tag-droog","13":"product_tag-honey","14":"product_tag-honing","15":"product_tag-ichtyosis","16":"product_tag-maxani-shampoo","18":"first","19":"instock","20":"taxable","21":"shipping-taxable","22":"product-type-simple"},"yoast_head":"<!-- This site is optimized with the Yoast SEO plugin v27.1.1 - https:\/\/yoast.com\/product\/yoast-seo-wordpress\/ -->\n<title>Maxani Honey Complex skin shampoo - Maxani Animal Healthcare BV<\/title>\n<meta name=\"robots\" content=\"index, follow, max-snippet:-1, max-image-preview:large, max-video-preview:-1\" \/>\n<link rel=\"canonical\" href=\"https:\/\/maxani.nl\/es\/producto\/honey-complex-huidshampoo\/\" \/>\n<meta property=\"og:locale\" content=\"es_ES\" \/>\n<meta property=\"og:type\" content=\"article\" \/>\n<meta property=\"og:title\" content=\"Maxani Honey Complex skin shampoo - Maxani Animal Healthcare BV\" \/>\n<meta property=\"og:description\" content=\"Een zachte en verzorgende huidshampoo voor droge tot zeer droge huid. In te zetten bij droge seborroe en Ichtyosis of samen met een medicinale shampoo bij ernstige huidklachten. De ingredi\u00ebnten jojoba en Alo\u00eb vera zorgen voor het voedende en zachte karakter van de shampoo. Aan de honing en propolis wordt een ontstekingsremmende werking toegeschreven. Een zachte, effectieve huidshampoo die weinig ontvet.  Bij de Honing complex skin shampoo kan de dierenartsenpraktijk gratis \u00e9\u00e9n of twee wasvoorschriften met het logo van de praktijk bestellen per shampoo. Op deze manier wordt de behandeling geoptimaliseerd en heeft de klant het gebruiksadvies van de shampoo altijd bij de hand.  Dier: Hond en paard  Inhoud: 200 ml\" \/>\n<meta property=\"og:url\" content=\"https:\/\/maxani.nl\/es\/producto\/honey-complex-huidshampoo\/\" \/>\n<meta property=\"og:site_name\" content=\"Maxani Animal Healthcare BV\" \/>\n<meta property=\"article:modified_time\" content=\"2025-05-30T18:00:59+00:00\" \/>\n<meta property=\"og:image\" content=\"https:\/\/maxani.nl\/wp-content\/uploads\/2023\/01\/Maxani-Honey-complex-shampoo-200ml.jpg\" \/>\n\t<meta property=\"og:image:width\" content=\"1080\" \/>\n\t<meta property=\"og:image:height\" content=\"1080\" \/>\n\t<meta property=\"og:image:type\" content=\"image\/jpeg\" \/>\n<meta name=\"twitter:card\" content=\"summary_large_image\" \/>\n<meta name=\"twitter:label1\" content=\"Tiempo de lectura\" \/>\n\t<meta name=\"twitter:data1\" content=\"4 minutos\" \/>\n<script type=\"application\/ld+json\" class=\"yoast-schema-graph\">{\"@context\":\"https:\/\/schema.org\",\"@graph\":[{\"@type\":\"WebPage\",\"@id\":\"https:\/\/maxani.nl\/product\/honey-complex-huidshampoo\/\",\"url\":\"https:\/\/maxani.nl\/product\/honey-complex-huidshampoo\/\",\"name\":\"Maxani Honey Complex skin shampoo - Maxani Animal Healthcare BV\",\"isPartOf\":{\"@id\":\"https:\/\/maxani.nl\/#website\"},\"primaryImageOfPage\":{\"@id\":\"https:\/\/maxani.nl\/product\/honey-complex-huidshampoo\/#primaryimage\"},\"image\":{\"@id\":\"https:\/\/maxani.nl\/product\/honey-complex-huidshampoo\/#primaryimage\"},\"thumbnailUrl\":\"https:\/\/maxani.nl\/wp-content\/uploads\/2023\/01\/Maxani-Honey-complex-shampoo-200ml.jpg\",\"datePublished\":\"2019-08-13T09:48:40+00:00\",\"dateModified\":\"2025-05-30T18:00:59+00:00\",\"breadcrumb\":{\"@id\":\"https:\/\/maxani.nl\/product\/honey-complex-huidshampoo\/#breadcrumb\"},\"inLanguage\":\"es\",\"potentialAction\":[{\"@type\":\"ReadAction\",\"target\":[\"https:\/\/maxani.nl\/product\/honey-complex-huidshampoo\/\"]}]},{\"@type\":\"ImageObject\",\"inLanguage\":\"es\",\"@id\":\"https:\/\/maxani.nl\/product\/honey-complex-huidshampoo\/#primaryimage\",\"url\":\"https:\/\/maxani.nl\/wp-content\/uploads\/2023\/01\/Maxani-Honey-complex-shampoo-200ml.jpg\",\"contentUrl\":\"https:\/\/maxani.nl\/wp-content\/uploads\/2023\/01\/Maxani-Honey-complex-shampoo-200ml.jpg\",\"width\":1080,\"height\":1080},{\"@type\":\"BreadcrumbList\",\"@id\":\"https:\/\/maxani.nl\/product\/honey-complex-huidshampoo\/#breadcrumb\",\"itemListElement\":[{\"@type\":\"ListItem\",\"position\":1,\"name\":\"Home\",\"item\":\"https:\/\/maxani.nl\/\"},{\"@type\":\"ListItem\",\"position\":2,\"name\":\"Webshop\",\"item\":\"https:\/\/maxani.nl\/webshop\/\"},{\"@type\":\"ListItem\",\"position\":3,\"name\":\"Maxani Honey Complex skin shampoo\"}]},{\"@type\":\"WebSite\",\"@id\":\"https:\/\/maxani.nl\/#website\",\"url\":\"https:\/\/maxani.nl\/\",\"name\":\"Maxani Animal Healthcare BV\",\"description\":\"Uw partner in veterinaire dermatologie\",\"potentialAction\":[{\"@type\":\"SearchAction\",\"target\":{\"@type\":\"EntryPoint\",\"urlTemplate\":\"https:\/\/maxani.nl\/?s={search_term_string}\"},\"query-input\":{\"@type\":\"PropertyValueSpecification\",\"valueRequired\":true,\"valueName\":\"search_term_string\"}}],\"inLanguage\":\"es\"}]}<\/script>\n<!-- \/ Yoast SEO plugin. -->","yoast_head_json":{"title":"Maxani Honey Complex skin shampoo - Maxani Animal Healthcare BV","robots":{"index":"index","follow":"follow","max-snippet":"max-snippet:-1","max-image-preview":"max-image-preview:large","max-video-preview":"max-video-preview:-1"},"canonical":"https:\/\/maxani.nl\/es\/producto\/honey-complex-huidshampoo\/","og_locale":"es_ES","og_type":"article","og_title":"Maxani Honey Complex skin shampoo - Maxani Animal Healthcare BV","og_description":"Een zachte en verzorgende huidshampoo voor droge tot zeer droge huid. In te zetten bij droge seborroe en Ichtyosis of samen met een medicinale shampoo bij ernstige huidklachten. De ingredi\u00ebnten jojoba en Alo\u00eb vera zorgen voor het voedende en zachte karakter van de shampoo. Aan de honing en propolis wordt een ontstekingsremmende werking toegeschreven. Een zachte, effectieve huidshampoo die weinig ontvet.  Bij de Honing complex skin shampoo kan de dierenartsenpraktijk gratis \u00e9\u00e9n of twee wasvoorschriften met het logo van de praktijk bestellen per shampoo. Op deze manier wordt de behandeling geoptimaliseerd en heeft de klant het gebruiksadvies van de shampoo altijd bij de hand.  Dier: Hond en paard  Inhoud: 200 ml","og_url":"https:\/\/maxani.nl\/es\/producto\/honey-complex-huidshampoo\/","og_site_name":"Maxani Animal Healthcare BV","article_modified_time":"2025-05-30T18:00:59+00:00","og_image":[{"width":1080,"height":1080,"url":"https:\/\/maxani.nl\/wp-content\/uploads\/2023\/01\/Maxani-Honey-complex-shampoo-200ml.jpg","type":"image\/jpeg"}],"twitter_card":"summary_large_image","twitter_misc":{"Tiempo de lectura":"4 minutos"},"schema":{"@context":"https:\/\/schema.org","@graph":[{"@type":"WebPage","@id":"https:\/\/maxani.nl\/product\/honey-complex-huidshampoo\/","url":"https:\/\/maxani.nl\/product\/honey-complex-huidshampoo\/","name":"Maxani Honey Complex skin shampoo - Maxani Animal Healthcare BV","isPartOf":{"@id":"https:\/\/maxani.nl\/#website"},"primaryImageOfPage":{"@id":"https:\/\/maxani.nl\/product\/honey-complex-huidshampoo\/#primaryimage"},"image":{"@id":"https:\/\/maxani.nl\/product\/honey-complex-huidshampoo\/#primaryimage"},"thumbnailUrl":"https:\/\/maxani.nl\/wp-content\/uploads\/2023\/01\/Maxani-Honey-complex-shampoo-200ml.jpg","datePublished":"2019-08-13T09:48:40+00:00","dateModified":"2025-05-30T18:00:59+00:00","breadcrumb":{"@id":"https:\/\/maxani.nl\/product\/honey-complex-huidshampoo\/#breadcrumb"},"inLanguage":"es","potentialAction":[{"@type":"ReadAction","target":["https:\/\/maxani.nl\/product\/honey-complex-huidshampoo\/"]}]},{"@type":"ImageObject","inLanguage":"es","@id":"https:\/\/maxani.nl\/product\/honey-complex-huidshampoo\/#primaryimage","url":"https:\/\/maxani.nl\/wp-content\/uploads\/2023\/01\/Maxani-Honey-complex-shampoo-200ml.jpg","contentUrl":"https:\/\/maxani.nl\/wp-content\/uploads\/2023\/01\/Maxani-Honey-complex-shampoo-200ml.jpg","width":1080,"height":1080},{"@type":"BreadcrumbList","@id":"https:\/\/maxani.nl\/product\/honey-complex-huidshampoo\/#breadcrumb","itemListElement":[{"@type":"ListItem","position":1,"name":"Home","item":"https:\/\/maxani.nl\/"},{"@type":"ListItem","position":2,"name":"Webshop","item":"https:\/\/maxani.nl\/webshop\/"},{"@type":"ListItem","position":3,"name":"Maxani Honey Complex skin shampoo"}]},{"@type":"WebSite","@id":"https:\/\/maxani.nl\/#website","url":"https:\/\/maxani.nl\/","name":"Maxani Animal Healthcare BV","description":"Su socio en dermatolog\u00eda veterinaria","potentialAction":[{"@type":"SearchAction","target":{"@type":"EntryPoint","urlTemplate":"https:\/\/maxani.nl\/?s={search_term_string}"},"query-input":{"@type":"PropertyValueSpecification","valueRequired":true,"valueName":"search_term_string"}}],"inLanguage":"es"}]}},"jetpack_sharing_enabled":true,"_links":{"self":[{"href":"https:\/\/maxani.nl\/es\/wp-json\/wp\/v2\/product\/120","targetHints":{"allow":["GET"]}}],"collection":[{"href":"https:\/\/maxani.nl\/es\/wp-json\/wp\/v2\/product"}],"about":[{"href":"https:\/\/maxani.nl\/es\/wp-json\/wp\/v2\/types\/product"}],"wp:featuredmedia":[{"embeddable":true,"href":"https:\/\/maxani.nl\/es\/wp-json\/wp\/v2\/media\/11898"}],"wp:attachment":[{"href":"https:\/\/maxani.nl\/es\/wp-json\/wp\/v2\/media?parent=120"}],"wp:term":[{"taxonomy":"product_brand","embeddable":true,"href":"https:\/\/maxani.nl\/es\/wp-json\/wp\/v2\/product_brand?post=120"},{"taxonomy":"product_cat","embeddable":true,"href":"https:\/\/maxani.nl\/es\/wp-json\/wp\/v2\/product_cat?post=120"},{"taxonomy":"product_tag","embeddable":true,"href":"https:\/\/maxani.nl\/es\/wp-json\/wp\/v2\/product_tag?post=120"}],"curies":[{"name":"wp","href":"https:\/\/api.w.org\/{rel}","templated":true}]}}