{"id":116,"date":"2019-08-13T09:17:51","date_gmt":"2019-08-13T09:17:51","guid":{"rendered":"https:\/\/maandvandehuidverzorging.nl\/?post_type=product&#038;p=116"},"modified":"2025-05-30T17:50:32","modified_gmt":"2025-05-30T17:50:32","slug":"atopoat-huidshampoo","status":"publish","type":"product","link":"https:\/\/maxani.nl\/es\/producto\/atopoat-huidshampoo\/","title":{"rendered":"Champ\u00fa para la piel AtopOat"},"content":{"rendered":"<p><strong>Indicaciones<\/strong><\/p>\n<p>Piel roja, escamosa e irritada. Dermatitis at\u00f3pica y otras afecciones cut\u00e1neas relacionadas con alergias sin infecciones secundarias. Tambi\u00e9n es adecuado para pieles secas a muy secas.<\/p>\n<p><strong>Operaci\u00f3n<\/strong><\/p>\n<p>La avena, la alanto\u00edna, la cal\u00e9ndula, la manzanilla y la miel calman el picor de la piel. La piritiona de zinc garantiza una buena flora cut\u00e1nea. SK-influx\u00ae, compuesto de \u00e1cidos grasos, ceramidas, colesterol y fitoesfingosina, restaura la barrera cut\u00e1nea. El \u00e1cido hialur\u00f3nico favorece la elasticidad e hidrataci\u00f3n de la piel. No contiene perfume.<\/p>\n<p><strong>Utilice<\/strong><\/p>\n<p>Su uso depende de la afecci\u00f3n, la gravedad de la dolencia y la finalidad del tratamiento. Lavar 2-3 veces por semana durante al menos 2 semanas. Si es necesario, diariamente. Como mantenimiento, lavar de 2 a 4 veces al mes. Deje actuar el champ\u00fa durante 5-10 minutos para obtener mejores resultados. Lavar 2 veces por lavado. Diluir 1:10 la primera vez para un efecto limpiador y diluir poco hasta un m\u00e1ximo de 1:5 la segunda vez o utilizar sin diluir.<\/p>\n<span class=\"wppb-content-restriction-message\"><p data-opacity=\"0.5\">Debe iniciar sesi\u00f3n para obtener m\u00e1s informaci\u00f3n<\/p>\n<\/span>","protected":false},"excerpt":{"rendered":"<p>El champ\u00fa para la piel AtopOat hidrata y cuida la piel en profundidad. Es muy adecuado para animales con piel seca, irritada y\/o al\u00e9rgica gracias a su enriquecimiento en avena, alanto\u00edna, cal\u00e9ndula, manzanilla y miel... Gracias a su composici\u00f3n \u00fanica, el champ\u00fa alivia el picor, favorece el equilibrio microbiano de la flora cut\u00e1nea y restaura la barrera cut\u00e1nea y el equilibrio de hidrataci\u00f3n. Por ello, es ideal como champ\u00fa de mantenimiento para perros con dermatitis at\u00f3pica.<\/p>\n<p>Con el champ\u00fa cut\u00e1neo AtopOat, las consultas veterinarias pueden solicitar gratuitamente una o dos instrucciones de lavado con el logotipo de la consulta por champ\u00fa. De este modo, se optimiza el tratamiento y el cliente tiene siempre a mano los consejos de uso del champ\u00fa.<\/p>\n<p><strong>Animales<\/strong>Perro, gato, conejo y roedor<\/p>\n<p><strong>Contenido<\/strong>200 ml y 500 ml<\/p>\n<span class=\"wppb-shortcode-restriction-message\"> <\/span>","protected":false},"featured_media":11862,"template":"","meta":[],"product_brand":[],"product_cat":[15,29,24],"product_tag":[163,164,167,165,166,168,30],"class_list":{"0":"post-116","1":"product","2":"type-product","3":"status-publish","4":"has-post-thumbnail","6":"product_cat-alle-producten","7":"product_cat-maxani","8":"product_cat-atopie","9":"product_tag-163","10":"product_tag-164","11":"product_tag-allergie","12":"product_tag-atopoat","13":"product_tag-haver","14":"product_tag-kalmerend","15":"product_tag-maxani-shampoo","17":"first","18":"instock","19":"taxable","20":"shipping-taxable","21":"product-type-variable"},"yoast_head":"<!-- This site is optimized with the Yoast SEO plugin v27.1.1 - https:\/\/yoast.com\/product\/yoast-seo-wordpress\/ -->\n<title>AtopOat skin shampoo - Maxani Animal Healthcare BV<\/title>\n<meta name=\"robots\" content=\"index, follow, max-snippet:-1, max-image-preview:large, max-video-preview:-1\" \/>\n<link rel=\"canonical\" href=\"https:\/\/maxani.nl\/es\/producto\/atopoat-huidshampoo\/\" \/>\n<meta property=\"og:locale\" content=\"es_ES\" \/>\n<meta property=\"og:type\" content=\"article\" \/>\n<meta property=\"og:title\" content=\"AtopOat skin shampoo - Maxani Animal Healthcare BV\" \/>\n<meta property=\"og:description\" content=\"De AtopOat skin shampoo hydrateert en verzorgt tot diep in de huid. Het is zeer geschikt voor dieren met een droge, ge\u00efrriteerde en\/of allergische huid door de verrijking van havermout, allanto\u00efne, calendula, kamille en honing.. Dankzij de unieke samenstelling is de shampoo jeukstillend, ondersteunt het de microbi\u00eble balans van de huidflora en herstelt het de huidbarri\u00e8re en vochtbalans. Hierdoor is het uitermate geschikt als onderhoudsshampoo voor honden met atopische dermatitis.  Bij de AtopOat skin shampoo kan de dierenartsenpraktijk gratis \u00e9\u00e9n of twee wasvoorschriften met het logo van de praktijk bestellen per shampoo. Op deze manier wordt de behandeling geoptimaliseerd en heeft de klant het gebruiksadvies van de shampoo altijd bij de hand.  Dier: Hond, kat, konijn en knaagdier  Inhoud: 200 ml &amp; 500 ml\" \/>\n<meta property=\"og:url\" content=\"https:\/\/maxani.nl\/es\/producto\/atopoat-huidshampoo\/\" \/>\n<meta property=\"og:site_name\" content=\"Maxani Animal Healthcare BV\" \/>\n<meta property=\"article:modified_time\" content=\"2025-05-30T17:50:32+00:00\" \/>\n<meta property=\"og:image\" content=\"https:\/\/maxani.nl\/wp-content\/uploads\/2023\/01\/Maxani-AtopOat-shampoo-combi-200ml-en-500ml.jpg\" \/>\n\t<meta property=\"og:image:width\" content=\"1080\" \/>\n\t<meta property=\"og:image:height\" content=\"1080\" \/>\n\t<meta property=\"og:image:type\" content=\"image\/jpeg\" \/>\n<meta name=\"twitter:card\" content=\"summary_large_image\" \/>\n<meta name=\"twitter:label1\" content=\"Tiempo de lectura\" \/>\n\t<meta name=\"twitter:data1\" content=\"3 minutos\" \/>\n<script type=\"application\/ld+json\" class=\"yoast-schema-graph\">{\"@context\":\"https:\/\/schema.org\",\"@graph\":[{\"@type\":\"WebPage\",\"@id\":\"https:\/\/maxani.nl\/product\/atopoat-huidshampoo\/\",\"url\":\"https:\/\/maxani.nl\/product\/atopoat-huidshampoo\/\",\"name\":\"AtopOat skin shampoo - Maxani Animal Healthcare BV\",\"isPartOf\":{\"@id\":\"https:\/\/maxani.nl\/#website\"},\"primaryImageOfPage\":{\"@id\":\"https:\/\/maxani.nl\/product\/atopoat-huidshampoo\/#primaryimage\"},\"image\":{\"@id\":\"https:\/\/maxani.nl\/product\/atopoat-huidshampoo\/#primaryimage\"},\"thumbnailUrl\":\"https:\/\/maxani.nl\/wp-content\/uploads\/2023\/01\/Maxani-AtopOat-shampoo-combi-200ml-en-500ml.jpg\",\"datePublished\":\"2019-08-13T09:17:51+00:00\",\"dateModified\":\"2025-05-30T17:50:32+00:00\",\"breadcrumb\":{\"@id\":\"https:\/\/maxani.nl\/product\/atopoat-huidshampoo\/#breadcrumb\"},\"inLanguage\":\"es\",\"potentialAction\":[{\"@type\":\"ReadAction\",\"target\":[\"https:\/\/maxani.nl\/product\/atopoat-huidshampoo\/\"]}]},{\"@type\":\"ImageObject\",\"inLanguage\":\"es\",\"@id\":\"https:\/\/maxani.nl\/product\/atopoat-huidshampoo\/#primaryimage\",\"url\":\"https:\/\/maxani.nl\/wp-content\/uploads\/2023\/01\/Maxani-AtopOat-shampoo-combi-200ml-en-500ml.jpg\",\"contentUrl\":\"https:\/\/maxani.nl\/wp-content\/uploads\/2023\/01\/Maxani-AtopOat-shampoo-combi-200ml-en-500ml.jpg\",\"width\":1080,\"height\":1080},{\"@type\":\"BreadcrumbList\",\"@id\":\"https:\/\/maxani.nl\/product\/atopoat-huidshampoo\/#breadcrumb\",\"itemListElement\":[{\"@type\":\"ListItem\",\"position\":1,\"name\":\"Home\",\"item\":\"https:\/\/maxani.nl\/\"},{\"@type\":\"ListItem\",\"position\":2,\"name\":\"Webshop\",\"item\":\"https:\/\/maxani.nl\/webshop\/\"},{\"@type\":\"ListItem\",\"position\":3,\"name\":\"AtopOat skin shampoo\"}]},{\"@type\":\"WebSite\",\"@id\":\"https:\/\/maxani.nl\/#website\",\"url\":\"https:\/\/maxani.nl\/\",\"name\":\"Maxani Animal Healthcare BV\",\"description\":\"Uw partner in veterinaire dermatologie\",\"potentialAction\":[{\"@type\":\"SearchAction\",\"target\":{\"@type\":\"EntryPoint\",\"urlTemplate\":\"https:\/\/maxani.nl\/?s={search_term_string}\"},\"query-input\":{\"@type\":\"PropertyValueSpecification\",\"valueRequired\":true,\"valueName\":\"search_term_string\"}}],\"inLanguage\":\"es\"}]}<\/script>\n<!-- \/ Yoast SEO plugin. -->","yoast_head_json":{"title":"AtopOat skin shampoo - Maxani Animal Healthcare BV","robots":{"index":"index","follow":"follow","max-snippet":"max-snippet:-1","max-image-preview":"max-image-preview:large","max-video-preview":"max-video-preview:-1"},"canonical":"https:\/\/maxani.nl\/es\/producto\/atopoat-huidshampoo\/","og_locale":"es_ES","og_type":"article","og_title":"AtopOat skin shampoo - Maxani Animal Healthcare BV","og_description":"De AtopOat skin shampoo hydrateert en verzorgt tot diep in de huid. Het is zeer geschikt voor dieren met een droge, ge\u00efrriteerde en\/of allergische huid door de verrijking van havermout, allanto\u00efne, calendula, kamille en honing.. Dankzij de unieke samenstelling is de shampoo jeukstillend, ondersteunt het de microbi\u00eble balans van de huidflora en herstelt het de huidbarri\u00e8re en vochtbalans. Hierdoor is het uitermate geschikt als onderhoudsshampoo voor honden met atopische dermatitis.  Bij de AtopOat skin shampoo kan de dierenartsenpraktijk gratis \u00e9\u00e9n of twee wasvoorschriften met het logo van de praktijk bestellen per shampoo. Op deze manier wordt de behandeling geoptimaliseerd en heeft de klant het gebruiksadvies van de shampoo altijd bij de hand.  Dier: Hond, kat, konijn en knaagdier  Inhoud: 200 ml &amp; 500 ml","og_url":"https:\/\/maxani.nl\/es\/producto\/atopoat-huidshampoo\/","og_site_name":"Maxani Animal Healthcare BV","article_modified_time":"2025-05-30T17:50:32+00:00","og_image":[{"width":1080,"height":1080,"url":"https:\/\/maxani.nl\/wp-content\/uploads\/2023\/01\/Maxani-AtopOat-shampoo-combi-200ml-en-500ml.jpg","type":"image\/jpeg"}],"twitter_card":"summary_large_image","twitter_misc":{"Tiempo de lectura":"3 minutos"},"schema":{"@context":"https:\/\/schema.org","@graph":[{"@type":"WebPage","@id":"https:\/\/maxani.nl\/product\/atopoat-huidshampoo\/","url":"https:\/\/maxani.nl\/product\/atopoat-huidshampoo\/","name":"AtopOat skin shampoo - Maxani Animal Healthcare BV","isPartOf":{"@id":"https:\/\/maxani.nl\/#website"},"primaryImageOfPage":{"@id":"https:\/\/maxani.nl\/product\/atopoat-huidshampoo\/#primaryimage"},"image":{"@id":"https:\/\/maxani.nl\/product\/atopoat-huidshampoo\/#primaryimage"},"thumbnailUrl":"https:\/\/maxani.nl\/wp-content\/uploads\/2023\/01\/Maxani-AtopOat-shampoo-combi-200ml-en-500ml.jpg","datePublished":"2019-08-13T09:17:51+00:00","dateModified":"2025-05-30T17:50:32+00:00","breadcrumb":{"@id":"https:\/\/maxani.nl\/product\/atopoat-huidshampoo\/#breadcrumb"},"inLanguage":"es","potentialAction":[{"@type":"ReadAction","target":["https:\/\/maxani.nl\/product\/atopoat-huidshampoo\/"]}]},{"@type":"ImageObject","inLanguage":"es","@id":"https:\/\/maxani.nl\/product\/atopoat-huidshampoo\/#primaryimage","url":"https:\/\/maxani.nl\/wp-content\/uploads\/2023\/01\/Maxani-AtopOat-shampoo-combi-200ml-en-500ml.jpg","contentUrl":"https:\/\/maxani.nl\/wp-content\/uploads\/2023\/01\/Maxani-AtopOat-shampoo-combi-200ml-en-500ml.jpg","width":1080,"height":1080},{"@type":"BreadcrumbList","@id":"https:\/\/maxani.nl\/product\/atopoat-huidshampoo\/#breadcrumb","itemListElement":[{"@type":"ListItem","position":1,"name":"Home","item":"https:\/\/maxani.nl\/"},{"@type":"ListItem","position":2,"name":"Webshop","item":"https:\/\/maxani.nl\/webshop\/"},{"@type":"ListItem","position":3,"name":"AtopOat skin shampoo"}]},{"@type":"WebSite","@id":"https:\/\/maxani.nl\/#website","url":"https:\/\/maxani.nl\/","name":"Maxani Animal Healthcare BV","description":"Su socio en dermatolog\u00eda veterinaria","potentialAction":[{"@type":"SearchAction","target":{"@type":"EntryPoint","urlTemplate":"https:\/\/maxani.nl\/?s={search_term_string}"},"query-input":{"@type":"PropertyValueSpecification","valueRequired":true,"valueName":"search_term_string"}}],"inLanguage":"es"}]}},"jetpack_sharing_enabled":true,"_links":{"self":[{"href":"https:\/\/maxani.nl\/es\/wp-json\/wp\/v2\/product\/116","targetHints":{"allow":["GET"]}}],"collection":[{"href":"https:\/\/maxani.nl\/es\/wp-json\/wp\/v2\/product"}],"about":[{"href":"https:\/\/maxani.nl\/es\/wp-json\/wp\/v2\/types\/product"}],"wp:featuredmedia":[{"embeddable":true,"href":"https:\/\/maxani.nl\/es\/wp-json\/wp\/v2\/media\/11862"}],"wp:attachment":[{"href":"https:\/\/maxani.nl\/es\/wp-json\/wp\/v2\/media?parent=116"}],"wp:term":[{"taxonomy":"product_brand","embeddable":true,"href":"https:\/\/maxani.nl\/es\/wp-json\/wp\/v2\/product_brand?post=116"},{"taxonomy":"product_cat","embeddable":true,"href":"https:\/\/maxani.nl\/es\/wp-json\/wp\/v2\/product_cat?post=116"},{"taxonomy":"product_tag","embeddable":true,"href":"https:\/\/maxani.nl\/es\/wp-json\/wp\/v2\/product_tag?post=116"}],"curies":[{"name":"wp","href":"https:\/\/api.w.org\/{rel}","templated":true}]}}