{"id":11004,"date":"2022-11-25T12:07:52","date_gmt":"2022-11-25T12:07:52","guid":{"rendered":"https:\/\/maxani.nl\/?post_type=product&#038;p=11004"},"modified":"2026-01-05T08:36:39","modified_gmt":"2026-01-05T08:36:39","slug":"maxani-regular-mousse-zonder-geur","status":"publish","type":"product","link":"https:\/\/maxani.nl\/es\/producto\/maxani-regular-mousse-zonder-geur\/","title":{"rendered":"Maxani Regular mousse sin perfume"},"content":{"rendered":"<p>La espuma normal limpia eficazmente los pelajes sucios y malolientes sin agua. Sinodor\u00ae no enmascara los malos olores, sino que los elimina poderosamente. La mousse es adecuada como cuidado diario de la piel escamada, grasa y\/o seca. Regula la producci\u00f3n de sebo y la producci\u00f3n de nuevas c\u00e9lulas cut\u00e1neas. Hidrata y protege la piel gracias al \u00e1cido hialur\u00f3nico, la provitamina B5 y las ceramidas. Muy adecuado para animales dif\u00edciles de lavar.<\/p>\n<p>Utilizaci\u00f3n: Bombee la espuma en la palma de la mano y fr\u00f3tela en el pelaje. Empapar el pelaje con la espuma para que llegue a la piel. No aclarar, sino secar a golpecitos con una toalla o dejar secar al aire.<\/p>\n<span class=\"wppb-content-restriction-message\"><p data-opacity=\"0.5\">Debe iniciar sesi\u00f3n para obtener m\u00e1s informaci\u00f3n<\/p>\n<\/span>","protected":false},"excerpt":{"rendered":"<p>La espuma normal limpia eficazmente los pelajes sucios y malolientes sin agua. Sinodor\u00ae no enmascara los malos olores, sino que los elimina poderosamente. La mousse es adecuada como cuidado diario de la piel escamada, grasa y\/o seca. Regula la producci\u00f3n de sebo y la producci\u00f3n de nuevas c\u00e9lulas cut\u00e1neas. Hidrata y protege la piel gracias al \u00e1cido hialur\u00f3nico, la provitamina B5 y las ceramidas. Muy adecuado para animales dif\u00edciles de lavar.<\/p>\n<span class=\"wppb-shortcode-restriction-message\"> <\/span>","protected":false},"featured_media":11953,"template":"","meta":[],"product_brand":[],"product_cat":[15,29,35],"product_tag":[174,175,155,80,154,75],"class_list":{"0":"post-11004","1":"product","2":"type-product","3":"status-publish","4":"has-post-thumbnail","6":"product_cat-alle-producten","7":"product_cat-maxani","8":"product_cat-regular","9":"product_tag-174","10":"product_tag-droogshampoo","11":"product_tag-kitten","12":"product_tag-mousse","13":"product_tag-puppy","14":"product_tag-regular","16":"first","17":"instock","18":"taxable","19":"shipping-taxable","20":"product-type-simple"},"yoast_head":"<!-- This site is optimized with the Yoast SEO plugin v27.1.1 - https:\/\/yoast.com\/product\/yoast-seo-wordpress\/ -->\n<title>Maxani Regular mousse no fragrance - Maxani Animal Healthcare BV<\/title>\n<meta name=\"robots\" content=\"index, follow, max-snippet:-1, max-image-preview:large, max-video-preview:-1\" \/>\n<link rel=\"canonical\" href=\"https:\/\/maxani.nl\/es\/producto\/maxani-regular-mousse-zonder-geur\/\" \/>\n<meta property=\"og:locale\" content=\"es_ES\" \/>\n<meta property=\"og:type\" content=\"article\" \/>\n<meta property=\"og:title\" content=\"Maxani Regular mousse no fragrance - Maxani Animal Healthcare BV\" \/>\n<meta property=\"og:description\" content=\"Regular mousse reinigt effectief de vieze en stinkende vacht zonder water. Sinodor\u00ae maskeert vieze geuren niet, maar verwijdert deze krachtig. De mousse is geschikt als dagelijkse verzorging van schilferige, vette en\/of droge huid. Reguleert de talgproductie en de aanmaak van nieuwe huidcellen. Hydrateert en beschermt de huid met behulp van hyaluronzuur, pro-vitamine B5 en ceramiden. Zeer geschikt voor dieren die moeilijk te wassen zijn.\" \/>\n<meta property=\"og:url\" content=\"https:\/\/maxani.nl\/es\/producto\/maxani-regular-mousse-zonder-geur\/\" \/>\n<meta property=\"og:site_name\" content=\"Maxani Animal Healthcare BV\" \/>\n<meta property=\"article:modified_time\" content=\"2026-01-05T08:36:39+00:00\" \/>\n<meta property=\"og:image\" content=\"https:\/\/maxani.nl\/wp-content\/uploads\/2023\/01\/Maxani-Regular-mousse-no-fragrance-150ml.jpg\" \/>\n\t<meta property=\"og:image:width\" content=\"1080\" \/>\n\t<meta property=\"og:image:height\" content=\"1080\" \/>\n\t<meta property=\"og:image:type\" content=\"image\/jpeg\" \/>\n<meta name=\"twitter:card\" content=\"summary_large_image\" \/>\n<meta name=\"twitter:label1\" content=\"Tiempo de lectura\" \/>\n\t<meta name=\"twitter:data1\" content=\"2 minutos\" \/>\n<script type=\"application\/ld+json\" class=\"yoast-schema-graph\">{\"@context\":\"https:\/\/schema.org\",\"@graph\":[{\"@type\":\"WebPage\",\"@id\":\"https:\/\/maxani.nl\/product\/maxani-regular-mousse-zonder-geur\/\",\"url\":\"https:\/\/maxani.nl\/product\/maxani-regular-mousse-zonder-geur\/\",\"name\":\"Maxani Regular mousse no fragrance - Maxani Animal Healthcare BV\",\"isPartOf\":{\"@id\":\"https:\/\/maxani.nl\/#website\"},\"primaryImageOfPage\":{\"@id\":\"https:\/\/maxani.nl\/product\/maxani-regular-mousse-zonder-geur\/#primaryimage\"},\"image\":{\"@id\":\"https:\/\/maxani.nl\/product\/maxani-regular-mousse-zonder-geur\/#primaryimage\"},\"thumbnailUrl\":\"https:\/\/maxani.nl\/wp-content\/uploads\/2023\/01\/Maxani-Regular-mousse-no-fragrance-150ml.jpg\",\"datePublished\":\"2022-11-25T12:07:52+00:00\",\"dateModified\":\"2026-01-05T08:36:39+00:00\",\"breadcrumb\":{\"@id\":\"https:\/\/maxani.nl\/product\/maxani-regular-mousse-zonder-geur\/#breadcrumb\"},\"inLanguage\":\"es\",\"potentialAction\":[{\"@type\":\"ReadAction\",\"target\":[\"https:\/\/maxani.nl\/product\/maxani-regular-mousse-zonder-geur\/\"]}]},{\"@type\":\"ImageObject\",\"inLanguage\":\"es\",\"@id\":\"https:\/\/maxani.nl\/product\/maxani-regular-mousse-zonder-geur\/#primaryimage\",\"url\":\"https:\/\/maxani.nl\/wp-content\/uploads\/2023\/01\/Maxani-Regular-mousse-no-fragrance-150ml.jpg\",\"contentUrl\":\"https:\/\/maxani.nl\/wp-content\/uploads\/2023\/01\/Maxani-Regular-mousse-no-fragrance-150ml.jpg\",\"width\":1080,\"height\":1080},{\"@type\":\"BreadcrumbList\",\"@id\":\"https:\/\/maxani.nl\/product\/maxani-regular-mousse-zonder-geur\/#breadcrumb\",\"itemListElement\":[{\"@type\":\"ListItem\",\"position\":1,\"name\":\"Home\",\"item\":\"https:\/\/maxani.nl\/\"},{\"@type\":\"ListItem\",\"position\":2,\"name\":\"Webshop\",\"item\":\"https:\/\/maxani.nl\/webshop\/\"},{\"@type\":\"ListItem\",\"position\":3,\"name\":\"Maxani Regular mousse no fragrance\"}]},{\"@type\":\"WebSite\",\"@id\":\"https:\/\/maxani.nl\/#website\",\"url\":\"https:\/\/maxani.nl\/\",\"name\":\"Maxani Animal Healthcare BV\",\"description\":\"Uw partner in veterinaire dermatologie\",\"potentialAction\":[{\"@type\":\"SearchAction\",\"target\":{\"@type\":\"EntryPoint\",\"urlTemplate\":\"https:\/\/maxani.nl\/?s={search_term_string}\"},\"query-input\":{\"@type\":\"PropertyValueSpecification\",\"valueRequired\":true,\"valueName\":\"search_term_string\"}}],\"inLanguage\":\"es\"}]}<\/script>\n<!-- \/ Yoast SEO plugin. -->","yoast_head_json":{"title":"Maxani Regular mousse no fragrance - Maxani Animal Healthcare BV","robots":{"index":"index","follow":"follow","max-snippet":"max-snippet:-1","max-image-preview":"max-image-preview:large","max-video-preview":"max-video-preview:-1"},"canonical":"https:\/\/maxani.nl\/es\/producto\/maxani-regular-mousse-zonder-geur\/","og_locale":"es_ES","og_type":"article","og_title":"Maxani Regular mousse no fragrance - Maxani Animal Healthcare BV","og_description":"Regular mousse reinigt effectief de vieze en stinkende vacht zonder water. Sinodor\u00ae maskeert vieze geuren niet, maar verwijdert deze krachtig. De mousse is geschikt als dagelijkse verzorging van schilferige, vette en\/of droge huid. Reguleert de talgproductie en de aanmaak van nieuwe huidcellen. Hydrateert en beschermt de huid met behulp van hyaluronzuur, pro-vitamine B5 en ceramiden. Zeer geschikt voor dieren die moeilijk te wassen zijn.","og_url":"https:\/\/maxani.nl\/es\/producto\/maxani-regular-mousse-zonder-geur\/","og_site_name":"Maxani Animal Healthcare BV","article_modified_time":"2026-01-05T08:36:39+00:00","og_image":[{"width":1080,"height":1080,"url":"https:\/\/maxani.nl\/wp-content\/uploads\/2023\/01\/Maxani-Regular-mousse-no-fragrance-150ml.jpg","type":"image\/jpeg"}],"twitter_card":"summary_large_image","twitter_misc":{"Tiempo de lectura":"2 minutos"},"schema":{"@context":"https:\/\/schema.org","@graph":[{"@type":"WebPage","@id":"https:\/\/maxani.nl\/product\/maxani-regular-mousse-zonder-geur\/","url":"https:\/\/maxani.nl\/product\/maxani-regular-mousse-zonder-geur\/","name":"Maxani Regular mousse no fragrance - Maxani Animal Healthcare BV","isPartOf":{"@id":"https:\/\/maxani.nl\/#website"},"primaryImageOfPage":{"@id":"https:\/\/maxani.nl\/product\/maxani-regular-mousse-zonder-geur\/#primaryimage"},"image":{"@id":"https:\/\/maxani.nl\/product\/maxani-regular-mousse-zonder-geur\/#primaryimage"},"thumbnailUrl":"https:\/\/maxani.nl\/wp-content\/uploads\/2023\/01\/Maxani-Regular-mousse-no-fragrance-150ml.jpg","datePublished":"2022-11-25T12:07:52+00:00","dateModified":"2026-01-05T08:36:39+00:00","breadcrumb":{"@id":"https:\/\/maxani.nl\/product\/maxani-regular-mousse-zonder-geur\/#breadcrumb"},"inLanguage":"es","potentialAction":[{"@type":"ReadAction","target":["https:\/\/maxani.nl\/product\/maxani-regular-mousse-zonder-geur\/"]}]},{"@type":"ImageObject","inLanguage":"es","@id":"https:\/\/maxani.nl\/product\/maxani-regular-mousse-zonder-geur\/#primaryimage","url":"https:\/\/maxani.nl\/wp-content\/uploads\/2023\/01\/Maxani-Regular-mousse-no-fragrance-150ml.jpg","contentUrl":"https:\/\/maxani.nl\/wp-content\/uploads\/2023\/01\/Maxani-Regular-mousse-no-fragrance-150ml.jpg","width":1080,"height":1080},{"@type":"BreadcrumbList","@id":"https:\/\/maxani.nl\/product\/maxani-regular-mousse-zonder-geur\/#breadcrumb","itemListElement":[{"@type":"ListItem","position":1,"name":"Home","item":"https:\/\/maxani.nl\/"},{"@type":"ListItem","position":2,"name":"Webshop","item":"https:\/\/maxani.nl\/webshop\/"},{"@type":"ListItem","position":3,"name":"Maxani Regular mousse no fragrance"}]},{"@type":"WebSite","@id":"https:\/\/maxani.nl\/#website","url":"https:\/\/maxani.nl\/","name":"Maxani Animal Healthcare BV","description":"Su socio en dermatolog\u00eda veterinaria","potentialAction":[{"@type":"SearchAction","target":{"@type":"EntryPoint","urlTemplate":"https:\/\/maxani.nl\/?s={search_term_string}"},"query-input":{"@type":"PropertyValueSpecification","valueRequired":true,"valueName":"search_term_string"}}],"inLanguage":"es"}]}},"jetpack_sharing_enabled":true,"_links":{"self":[{"href":"https:\/\/maxani.nl\/es\/wp-json\/wp\/v2\/product\/11004","targetHints":{"allow":["GET"]}}],"collection":[{"href":"https:\/\/maxani.nl\/es\/wp-json\/wp\/v2\/product"}],"about":[{"href":"https:\/\/maxani.nl\/es\/wp-json\/wp\/v2\/types\/product"}],"wp:featuredmedia":[{"embeddable":true,"href":"https:\/\/maxani.nl\/es\/wp-json\/wp\/v2\/media\/11953"}],"wp:attachment":[{"href":"https:\/\/maxani.nl\/es\/wp-json\/wp\/v2\/media?parent=11004"}],"wp:term":[{"taxonomy":"product_brand","embeddable":true,"href":"https:\/\/maxani.nl\/es\/wp-json\/wp\/v2\/product_brand?post=11004"},{"taxonomy":"product_cat","embeddable":true,"href":"https:\/\/maxani.nl\/es\/wp-json\/wp\/v2\/product_cat?post=11004"},{"taxonomy":"product_tag","embeddable":true,"href":"https:\/\/maxani.nl\/es\/wp-json\/wp\/v2\/product_tag?post=11004"}],"curies":[{"name":"wp","href":"https:\/\/api.w.org\/{rel}","templated":true}]}}