{"id":10432,"date":"2022-07-20T09:57:13","date_gmt":"2022-07-20T09:57:13","guid":{"rendered":"https:\/\/maxani.nl\/?post_type=product&#038;p=10432"},"modified":"2026-01-05T08:27:40","modified_gmt":"2026-01-05T08:27:40","slug":"atopoat-mousse","status":"publish","type":"product","link":"https:\/\/maxani.nl\/es\/producto\/atopoat-mousse\/","title":{"rendered":"AtopMousse de avena"},"content":{"rendered":"<p>Calma la piel seca, sensible e irritada. Los al\u00e9rgenos se eliminan y las ceramidas, los \u00e1cidos grasos y la cal\u00e9ndula fortalecen, nutren y protegen la piel irritada.<\/p>\n<p>Uso: como terapia o mantenimiento.<\/p>\n<p>Se recomienda que, adem\u00e1s del <a href=\"https:\/\/maxani.nl\/es\/producto\/atopoat-mousse\/\"><span style=\"text-decoration: underline;\">AtopMousse de avena<\/span><\/a> tambi\u00e9n el <a href=\"https:\/\/maxani.nl\/es\/producto\/atopoat-huidshampoo\/\"><span style=\"text-decoration: underline;\">Champ\u00fa para la piel AtopOat<\/span><\/a> Util\u00edcelo para eliminar los al\u00e9rgenos y las toxinas de la piel al tiempo que la cuida.<\/p>\n<span class=\"wppb-content-restriction-message\"><p data-opacity=\"0.5\">Debe iniciar sesi\u00f3n para obtener m\u00e1s informaci\u00f3n<\/p>\n<\/span>","protected":false},"excerpt":{"rendered":"<p>Calma la piel seca, sensible e irritada. Los al\u00e9rgenos se eliminan y las ceramidas, los \u00e1cidos grasos y la cal\u00e9ndula fortalecen, nutren y protegen la piel irritada.<\/p>\n<p>Uso: como terapia o mantenimiento.<\/p>\n<p>Se recomienda utilizar el AtopOat Mousse adem\u00e1s del <span style=\"text-decoration: underline;\"><a href=\"https:\/\/maxani.nl\/es\/producto\/atopoat-huidshampoo\/\">Champ\u00fa para la piel AtopOat<\/a><\/span> Util\u00edcelo para eliminar los al\u00e9rgenos y las toxinas de la piel al tiempo que la cuida.<\/p>\n<p>Precio de venta recomendado 24,95<\/p>","protected":false},"featured_media":11855,"template":"","meta":[],"product_brand":[],"product_cat":[15,29,24],"product_tag":[176,167,177,175,166,178,80],"class_list":{"0":"post-10432","1":"product","2":"type-product","3":"status-publish","4":"has-post-thumbnail","6":"product_cat-alle-producten","7":"product_cat-maxani","8":"product_cat-atopie","9":"product_tag-176","10":"product_tag-allergie","11":"product_tag-atopie","12":"product_tag-droogshampoo","13":"product_tag-haver","14":"product_tag-havermout","15":"product_tag-mousse","17":"first","18":"instock","19":"taxable","20":"shipping-taxable","21":"product-type-simple"},"yoast_head":"<!-- This site is optimized with the Yoast SEO plugin v27.1.1 - https:\/\/yoast.com\/product\/yoast-seo-wordpress\/ -->\n<title>AtopOat mousse - Maxani Animal Healthcare BV<\/title>\n<meta name=\"robots\" content=\"index, follow, max-snippet:-1, max-image-preview:large, max-video-preview:-1\" \/>\n<link rel=\"canonical\" href=\"https:\/\/maxani.nl\/es\/producto\/atopoat-mousse\/\" \/>\n<meta property=\"og:locale\" content=\"es_ES\" \/>\n<meta property=\"og:type\" content=\"article\" \/>\n<meta property=\"og:title\" content=\"AtopOat mousse - Maxani Animal Healthcare BV\" \/>\n<meta property=\"og:description\" content=\"Kalmeert de droge, gevoelige en geprikkelde huid. De allergenen worden ge\u00eblimineerd en de ceramiden, vetzuren en de calendula versterken, voeden en beschermen de ge\u00efrriteerde huid.  Gebruik: als therapie of als onderhoud.  Het is aan te raden om naast de AtopOat Mousse ook de AtopOat skin shampoo te gebruiken om de allergenen en toxines van de huid weg te spoelen en tegelijkertijd de huid te verzorgen.  Advies Verkoopprijs \u20ac24,95\" \/>\n<meta property=\"og:url\" content=\"https:\/\/maxani.nl\/es\/producto\/atopoat-mousse\/\" \/>\n<meta property=\"og:site_name\" content=\"Maxani Animal Healthcare BV\" \/>\n<meta property=\"article:modified_time\" content=\"2026-01-05T08:27:40+00:00\" \/>\n<meta property=\"og:image\" content=\"https:\/\/maxani.nl\/wp-content\/uploads\/2023\/01\/Maxani-AtopOat-mousse-150ml.jpg\" \/>\n\t<meta property=\"og:image:width\" content=\"1080\" \/>\n\t<meta property=\"og:image:height\" content=\"1080\" \/>\n\t<meta property=\"og:image:type\" content=\"image\/jpeg\" \/>\n<meta name=\"twitter:card\" content=\"summary_large_image\" \/>\n<meta name=\"twitter:label1\" content=\"Tiempo de lectura\" \/>\n\t<meta name=\"twitter:data1\" content=\"2 minutos\" \/>\n<script type=\"application\/ld+json\" class=\"yoast-schema-graph\">{\"@context\":\"https:\/\/schema.org\",\"@graph\":[{\"@type\":\"WebPage\",\"@id\":\"https:\/\/maxani.nl\/product\/atopoat-mousse\/\",\"url\":\"https:\/\/maxani.nl\/product\/atopoat-mousse\/\",\"name\":\"AtopOat mousse - Maxani Animal Healthcare BV\",\"isPartOf\":{\"@id\":\"https:\/\/maxani.nl\/#website\"},\"primaryImageOfPage\":{\"@id\":\"https:\/\/maxani.nl\/product\/atopoat-mousse\/#primaryimage\"},\"image\":{\"@id\":\"https:\/\/maxani.nl\/product\/atopoat-mousse\/#primaryimage\"},\"thumbnailUrl\":\"https:\/\/maxani.nl\/wp-content\/uploads\/2023\/01\/Maxani-AtopOat-mousse-150ml.jpg\",\"datePublished\":\"2022-07-20T09:57:13+00:00\",\"dateModified\":\"2026-01-05T08:27:40+00:00\",\"breadcrumb\":{\"@id\":\"https:\/\/maxani.nl\/product\/atopoat-mousse\/#breadcrumb\"},\"inLanguage\":\"es\",\"potentialAction\":[{\"@type\":\"ReadAction\",\"target\":[\"https:\/\/maxani.nl\/product\/atopoat-mousse\/\"]}]},{\"@type\":\"ImageObject\",\"inLanguage\":\"es\",\"@id\":\"https:\/\/maxani.nl\/product\/atopoat-mousse\/#primaryimage\",\"url\":\"https:\/\/maxani.nl\/wp-content\/uploads\/2023\/01\/Maxani-AtopOat-mousse-150ml.jpg\",\"contentUrl\":\"https:\/\/maxani.nl\/wp-content\/uploads\/2023\/01\/Maxani-AtopOat-mousse-150ml.jpg\",\"width\":1080,\"height\":1080},{\"@type\":\"BreadcrumbList\",\"@id\":\"https:\/\/maxani.nl\/product\/atopoat-mousse\/#breadcrumb\",\"itemListElement\":[{\"@type\":\"ListItem\",\"position\":1,\"name\":\"Home\",\"item\":\"https:\/\/maxani.nl\/\"},{\"@type\":\"ListItem\",\"position\":2,\"name\":\"Webshop\",\"item\":\"https:\/\/maxani.nl\/webshop\/\"},{\"@type\":\"ListItem\",\"position\":3,\"name\":\"AtopOat mousse\"}]},{\"@type\":\"WebSite\",\"@id\":\"https:\/\/maxani.nl\/#website\",\"url\":\"https:\/\/maxani.nl\/\",\"name\":\"Maxani Animal Healthcare BV\",\"description\":\"Uw partner in veterinaire dermatologie\",\"potentialAction\":[{\"@type\":\"SearchAction\",\"target\":{\"@type\":\"EntryPoint\",\"urlTemplate\":\"https:\/\/maxani.nl\/?s={search_term_string}\"},\"query-input\":{\"@type\":\"PropertyValueSpecification\",\"valueRequired\":true,\"valueName\":\"search_term_string\"}}],\"inLanguage\":\"es\"}]}<\/script>\n<!-- \/ Yoast SEO plugin. -->","yoast_head_json":{"title":"AtopOat mousse - Maxani Animal Healthcare BV","robots":{"index":"index","follow":"follow","max-snippet":"max-snippet:-1","max-image-preview":"max-image-preview:large","max-video-preview":"max-video-preview:-1"},"canonical":"https:\/\/maxani.nl\/es\/producto\/atopoat-mousse\/","og_locale":"es_ES","og_type":"article","og_title":"AtopOat mousse - Maxani Animal Healthcare BV","og_description":"Kalmeert de droge, gevoelige en geprikkelde huid. De allergenen worden ge\u00eblimineerd en de ceramiden, vetzuren en de calendula versterken, voeden en beschermen de ge\u00efrriteerde huid.  Gebruik: als therapie of als onderhoud.  Het is aan te raden om naast de AtopOat Mousse ook de AtopOat skin shampoo te gebruiken om de allergenen en toxines van de huid weg te spoelen en tegelijkertijd de huid te verzorgen.  Advies Verkoopprijs \u20ac24,95","og_url":"https:\/\/maxani.nl\/es\/producto\/atopoat-mousse\/","og_site_name":"Maxani Animal Healthcare BV","article_modified_time":"2026-01-05T08:27:40+00:00","og_image":[{"width":1080,"height":1080,"url":"https:\/\/maxani.nl\/wp-content\/uploads\/2023\/01\/Maxani-AtopOat-mousse-150ml.jpg","type":"image\/jpeg"}],"twitter_card":"summary_large_image","twitter_misc":{"Tiempo de lectura":"2 minutos"},"schema":{"@context":"https:\/\/schema.org","@graph":[{"@type":"WebPage","@id":"https:\/\/maxani.nl\/product\/atopoat-mousse\/","url":"https:\/\/maxani.nl\/product\/atopoat-mousse\/","name":"AtopOat mousse - Maxani Animal Healthcare BV","isPartOf":{"@id":"https:\/\/maxani.nl\/#website"},"primaryImageOfPage":{"@id":"https:\/\/maxani.nl\/product\/atopoat-mousse\/#primaryimage"},"image":{"@id":"https:\/\/maxani.nl\/product\/atopoat-mousse\/#primaryimage"},"thumbnailUrl":"https:\/\/maxani.nl\/wp-content\/uploads\/2023\/01\/Maxani-AtopOat-mousse-150ml.jpg","datePublished":"2022-07-20T09:57:13+00:00","dateModified":"2026-01-05T08:27:40+00:00","breadcrumb":{"@id":"https:\/\/maxani.nl\/product\/atopoat-mousse\/#breadcrumb"},"inLanguage":"es","potentialAction":[{"@type":"ReadAction","target":["https:\/\/maxani.nl\/product\/atopoat-mousse\/"]}]},{"@type":"ImageObject","inLanguage":"es","@id":"https:\/\/maxani.nl\/product\/atopoat-mousse\/#primaryimage","url":"https:\/\/maxani.nl\/wp-content\/uploads\/2023\/01\/Maxani-AtopOat-mousse-150ml.jpg","contentUrl":"https:\/\/maxani.nl\/wp-content\/uploads\/2023\/01\/Maxani-AtopOat-mousse-150ml.jpg","width":1080,"height":1080},{"@type":"BreadcrumbList","@id":"https:\/\/maxani.nl\/product\/atopoat-mousse\/#breadcrumb","itemListElement":[{"@type":"ListItem","position":1,"name":"Home","item":"https:\/\/maxani.nl\/"},{"@type":"ListItem","position":2,"name":"Webshop","item":"https:\/\/maxani.nl\/webshop\/"},{"@type":"ListItem","position":3,"name":"AtopOat mousse"}]},{"@type":"WebSite","@id":"https:\/\/maxani.nl\/#website","url":"https:\/\/maxani.nl\/","name":"Maxani Animal Healthcare BV","description":"Su socio en dermatolog\u00eda veterinaria","potentialAction":[{"@type":"SearchAction","target":{"@type":"EntryPoint","urlTemplate":"https:\/\/maxani.nl\/?s={search_term_string}"},"query-input":{"@type":"PropertyValueSpecification","valueRequired":true,"valueName":"search_term_string"}}],"inLanguage":"es"}]}},"jetpack_sharing_enabled":true,"_links":{"self":[{"href":"https:\/\/maxani.nl\/es\/wp-json\/wp\/v2\/product\/10432","targetHints":{"allow":["GET"]}}],"collection":[{"href":"https:\/\/maxani.nl\/es\/wp-json\/wp\/v2\/product"}],"about":[{"href":"https:\/\/maxani.nl\/es\/wp-json\/wp\/v2\/types\/product"}],"wp:featuredmedia":[{"embeddable":true,"href":"https:\/\/maxani.nl\/es\/wp-json\/wp\/v2\/media\/11855"}],"wp:attachment":[{"href":"https:\/\/maxani.nl\/es\/wp-json\/wp\/v2\/media?parent=10432"}],"wp:term":[{"taxonomy":"product_brand","embeddable":true,"href":"https:\/\/maxani.nl\/es\/wp-json\/wp\/v2\/product_brand?post=10432"},{"taxonomy":"product_cat","embeddable":true,"href":"https:\/\/maxani.nl\/es\/wp-json\/wp\/v2\/product_cat?post=10432"},{"taxonomy":"product_tag","embeddable":true,"href":"https:\/\/maxani.nl\/es\/wp-json\/wp\/v2\/product_tag?post=10432"}],"curies":[{"name":"wp","href":"https:\/\/api.w.org\/{rel}","templated":true}]}}