{"id":17494,"date":"2025-06-30T10:40:01","date_gmt":"2025-06-30T10:40:01","guid":{"rendered":"https:\/\/maxani.nl\/?page_id=17494"},"modified":"2025-06-30T10:52:11","modified_gmt":"2025-06-30T10:52:11","slug":"maxani-max-scoop-video","status":"publish","type":"page","link":"https:\/\/maxani.nl\/es\/maxani-max-scoop-video\/","title":{"rendered":"V\u00eddeo de Maxani Max Scoop"},"content":{"rendered":"<section class=\"section hide-for-small\" id=\"section_523066470\">\n\t\t<div class=\"section-bg fill\" >\n\t\t\t<img loading=\"lazy\" decoding=\"async\" width=\"2400\" height=\"991\" src=\"https:\/\/maxani.nl\/wp-content\/uploads\/2025\/05\/overig-banner.jpg\" class=\"bg attachment-original size-original\" alt=\"\" \/>\t\t\t\t\t\t\n\t\t\t\n\n\t\t<\/div>\n\n\t\t\n\n\t\t<div class=\"section-content relative\">\n\t\t\t\n\n\t<div id=\"gap-675222808\" class=\"gap-element clearfix\" style=\"display:block; height:auto;\">\n\t\t\n<style>\n#gap-675222808 {\n  padding-top: 130px;\n}\n<\/style>\n\t<\/div>\n\t\n\n<div class=\"row row-large\"  id=\"row-1810574461\">\n\n\n\t<div id=\"col-208020031\" class=\"col medium-7 small-12 large-7\"  >\n\t\t\t\t<div class=\"col-inner\"  >\n\t\t\t\n\t\t\t\n\n\t<div id=\"text-2618841711\" class=\"text\">\n\t\t\n\n<h1>V\u00eddeo Maxani Max-Scoop<\/h1>\n\t\t\n<style>\n#text-2618841711 {\n  font-size: 1.65rem;\n  color: rgb(255,255,255);\n}\n#text-2618841711 > * {\n  color: rgb(255,255,255);\n}\n<\/style>\n\t<\/div>\n\t\n\t<div id=\"text-306849821\" class=\"text\">\n\t\t\n\n<h3>El video otoscopio\/endoscopio digital lleva incorporada una pantalla LCD en la que se pueden ver las im\u00e1genes al instante y con gran nitidez. El Max-Scoop dispone de un zoom digital 4x, un sistema de cambio r\u00e1pido de \u00f3ptica y un canal de trabajo externo. Adem\u00e1s, el Max-Scoop tiene una conexi\u00f3n USB para transferir grabaciones de fotos o v\u00eddeo y una tarjeta de memoria de 3 GB. Puede trabajar sin cables gracias a la bater\u00eda recargable. El dispositivo es f\u00e1cil de usar.<\/h3>\n\t\t\n<style>\n#text-306849821 {\n  font-size: 1rem;\n  color: rgb(255,255,255);\n}\n#text-306849821 > * {\n  color: rgb(255,255,255);\n}\n<\/style>\n\t<\/div>\n\t\n\n\t\t<\/div>\n\t\t\t\t\n<style>\n#col-208020031 > .col-inner {\n  margin: 0px 0px 0px 0px;\n}\n<\/style>\n\t<\/div>\n\n\t\n\n\t<div id=\"col-232304820\" class=\"col medium-3 small-12 large-3\"  >\n\t\t\t\t<div class=\"col-inner\"  >\n\t\t\t\n\t\t\t\n\n\n\t\t<\/div>\n\t\t\t\t\t<\/div>\n\n\t\n\n\t<div id=\"col-1720562599\" class=\"col medium-3 small-12 large-3 col-hover-focus\"  >\n\t\t\t\t<div class=\"col-inner\"  >\n\t\t\t\n\t<div class=\"is-border\"\n\t\tstyle=\"border-width:0px 0px 0px 0px;\">\n\t<\/div>\n\t\t\t\n\n<a href=\"https:\/\/maxani.nl\/es\/producto\/max-scoop-draadloze-digitale-video-otoscoop-endoscoop\/\" class=\"button primary is-large knoprood\" >\n\t\t<span>Ver el producto<\/span>\n\t<\/a>\n\n\n\n\t\t<\/div>\n\t\t\t\t\n<style>\n#col-1720562599 > .col-inner {\n  padding: 0px 0px 0px 0px;\n  margin: 0px 0px 0px 0px;\n}\n<\/style>\n\t<\/div>\n\n\t\n\n<\/div>\n\t<div id=\"gap-2110474105\" class=\"gap-element clearfix\" style=\"display:block; height:auto;\">\n\t\t\n<style>\n#gap-2110474105 {\n  padding-top: 80px;\n}\n<\/style>\n\t<\/div>\n\t\n\n\n\t\t<\/div>\n\n\t\t\n<style>\n#section_523066470 {\n  padding-top: 30px;\n  padding-bottom: 30px;\n}\n<\/style>\n\t<\/section>\n\t\n\n\t<section class=\"section\" id=\"section_1656543827\">\n\t\t<div class=\"section-bg fill\" >\n\t\t\t\t\t\t\t\t\t\n\t\t\t\n\n\t\t<\/div>\n\n\t\t\n\n\t\t<div class=\"section-content relative\">\n\t\t\t\n\n<div class=\"row\"  id=\"row-864875353\">\n\n\n\t<div id=\"col-1875063017\" class=\"col small-12 large-12\"  >\n\t\t\t\t<div class=\"col-inner\"  >\n\t\t\t\n\t\t\t\n\n<div class=\"video video-fit mb\" style=\"padding-top:56.25%;\"><iframe loading=\"lazy\" title=\"Alcance m\u00e1ximo\" src=\"https:\/\/player.vimeo.com\/video\/1068918537?h=35c2bda24e&amp;dnt=1&amp;app_id=122963\" width=\"1020\" height=\"574\" frameborder=\"0\" allow=\"autoplay; fullscreen; picture-in-picture; clipboard-write; encrypted-media; web-share\"><\/iframe><\/div>\n\n\n\t\t<\/div>\n\t\t\t\t\t<\/div>\n\n\t\n\n<\/div>\n\n\t\t<\/div>\n\n\t\t\n<style>\n#section_1656543827 {\n  padding-top: 30px;\n  padding-bottom: 30px;\n}\n<\/style>\n\t<\/section>\n\t\n\n\n\n<p><\/p>","protected":false},"excerpt":{"rendered":"","protected":false},"author":1,"featured_media":0,"parent":0,"menu_order":0,"comment_status":"closed","ping_status":"closed","template":"","meta":{"footnotes":""},"class_list":["post-17494","page","type-page","status-publish","hentry"],"yoast_head":"<!-- This site is optimized with the Yoast SEO plugin v27.1.1 - https:\/\/yoast.com\/product\/yoast-seo-wordpress\/ -->\n<title>Maxani Max Scoop video - Maxani Animal Healthcare BV<\/title>\n<meta name=\"robots\" content=\"index, follow, max-snippet:-1, max-image-preview:large, max-video-preview:-1\" \/>\n<link rel=\"canonical\" href=\"https:\/\/maxani.nl\/es\/maxani-max-scoop-video\/\" \/>\n<meta property=\"og:locale\" content=\"es_ES\" \/>\n<meta property=\"og:type\" content=\"article\" \/>\n<meta property=\"og:title\" content=\"Maxani Max Scoop video - Maxani Animal Healthcare BV\" \/>\n<meta property=\"og:url\" content=\"https:\/\/maxani.nl\/es\/maxani-max-scoop-video\/\" \/>\n<meta property=\"og:site_name\" content=\"Maxani Animal Healthcare BV\" \/>\n<meta property=\"article:modified_time\" content=\"2025-06-30T10:52:11+00:00\" \/>\n<meta name=\"twitter:card\" content=\"summary_large_image\" \/>\n<meta name=\"twitter:label1\" content=\"Tiempo de lectura\" \/>\n\t<meta name=\"twitter:data1\" content=\"1 minuto\" \/>\n<script type=\"application\/ld+json\" class=\"yoast-schema-graph\">{\"@context\":\"https:\/\/schema.org\",\"@graph\":[{\"@type\":\"WebPage\",\"@id\":\"https:\/\/maxani.nl\/maxani-max-scoop-video\/\",\"url\":\"https:\/\/maxani.nl\/maxani-max-scoop-video\/\",\"name\":\"Maxani Max Scoop video - Maxani Animal Healthcare BV\",\"isPartOf\":{\"@id\":\"https:\/\/maxani.nl\/#website\"},\"datePublished\":\"2025-06-30T10:40:01+00:00\",\"dateModified\":\"2025-06-30T10:52:11+00:00\",\"breadcrumb\":{\"@id\":\"https:\/\/maxani.nl\/maxani-max-scoop-video\/#breadcrumb\"},\"inLanguage\":\"es\",\"potentialAction\":[{\"@type\":\"ReadAction\",\"target\":[\"https:\/\/maxani.nl\/maxani-max-scoop-video\/\"]}]},{\"@type\":\"BreadcrumbList\",\"@id\":\"https:\/\/maxani.nl\/maxani-max-scoop-video\/#breadcrumb\",\"itemListElement\":[{\"@type\":\"ListItem\",\"position\":1,\"name\":\"Home\",\"item\":\"https:\/\/maxani.nl\/\"},{\"@type\":\"ListItem\",\"position\":2,\"name\":\"Maxani Max Scoop video\"}]},{\"@type\":\"WebSite\",\"@id\":\"https:\/\/maxani.nl\/#website\",\"url\":\"https:\/\/maxani.nl\/\",\"name\":\"Maxani Animal Healthcare BV\",\"description\":\"Uw partner in veterinaire dermatologie\",\"potentialAction\":[{\"@type\":\"SearchAction\",\"target\":{\"@type\":\"EntryPoint\",\"urlTemplate\":\"https:\/\/maxani.nl\/?s={search_term_string}\"},\"query-input\":{\"@type\":\"PropertyValueSpecification\",\"valueRequired\":true,\"valueName\":\"search_term_string\"}}],\"inLanguage\":\"es\"}]}<\/script>\n<!-- \/ Yoast SEO plugin. -->","yoast_head_json":{"title":"Maxani Max Scoop video - Maxani Animal Healthcare BV","robots":{"index":"index","follow":"follow","max-snippet":"max-snippet:-1","max-image-preview":"max-image-preview:large","max-video-preview":"max-video-preview:-1"},"canonical":"https:\/\/maxani.nl\/es\/maxani-max-scoop-video\/","og_locale":"es_ES","og_type":"article","og_title":"Maxani Max Scoop video - Maxani Animal Healthcare BV","og_url":"https:\/\/maxani.nl\/es\/maxani-max-scoop-video\/","og_site_name":"Maxani Animal Healthcare BV","article_modified_time":"2025-06-30T10:52:11+00:00","twitter_card":"summary_large_image","twitter_misc":{"Tiempo de lectura":"1 minuto"},"schema":{"@context":"https:\/\/schema.org","@graph":[{"@type":"WebPage","@id":"https:\/\/maxani.nl\/maxani-max-scoop-video\/","url":"https:\/\/maxani.nl\/maxani-max-scoop-video\/","name":"Maxani Max Scoop video - Maxani Animal Healthcare BV","isPartOf":{"@id":"https:\/\/maxani.nl\/#website"},"datePublished":"2025-06-30T10:40:01+00:00","dateModified":"2025-06-30T10:52:11+00:00","breadcrumb":{"@id":"https:\/\/maxani.nl\/maxani-max-scoop-video\/#breadcrumb"},"inLanguage":"es","potentialAction":[{"@type":"ReadAction","target":["https:\/\/maxani.nl\/maxani-max-scoop-video\/"]}]},{"@type":"BreadcrumbList","@id":"https:\/\/maxani.nl\/maxani-max-scoop-video\/#breadcrumb","itemListElement":[{"@type":"ListItem","position":1,"name":"Home","item":"https:\/\/maxani.nl\/"},{"@type":"ListItem","position":2,"name":"Maxani Max Scoop video"}]},{"@type":"WebSite","@id":"https:\/\/maxani.nl\/#website","url":"https:\/\/maxani.nl\/","name":"Maxani Animal Healthcare BV","description":"Su socio en dermatolog\u00eda veterinaria","potentialAction":[{"@type":"SearchAction","target":{"@type":"EntryPoint","urlTemplate":"https:\/\/maxani.nl\/?s={search_term_string}"},"query-input":{"@type":"PropertyValueSpecification","valueRequired":true,"valueName":"search_term_string"}}],"inLanguage":"es"}]}},"jetpack_sharing_enabled":true,"_links":{"self":[{"href":"https:\/\/maxani.nl\/es\/wp-json\/wp\/v2\/pages\/17494","targetHints":{"allow":["GET"]}}],"collection":[{"href":"https:\/\/maxani.nl\/es\/wp-json\/wp\/v2\/pages"}],"about":[{"href":"https:\/\/maxani.nl\/es\/wp-json\/wp\/v2\/types\/page"}],"author":[{"embeddable":true,"href":"https:\/\/maxani.nl\/es\/wp-json\/wp\/v2\/users\/1"}],"replies":[{"embeddable":true,"href":"https:\/\/maxani.nl\/es\/wp-json\/wp\/v2\/comments?post=17494"}],"version-history":[{"count":7,"href":"https:\/\/maxani.nl\/es\/wp-json\/wp\/v2\/pages\/17494\/revisions"}],"predecessor-version":[{"id":17504,"href":"https:\/\/maxani.nl\/es\/wp-json\/wp\/v2\/pages\/17494\/revisions\/17504"}],"wp:attachment":[{"href":"https:\/\/maxani.nl\/es\/wp-json\/wp\/v2\/media?parent=17494"}],"curies":[{"name":"wp","href":"https:\/\/api.w.org\/{rel}","templated":true}]}}