{"id":17366,"date":"2025-06-11T11:12:41","date_gmt":"2025-06-11T11:12:41","guid":{"rendered":"https:\/\/maxani.nl\/?page_id=17366"},"modified":"2025-09-10T08:52:49","modified_gmt":"2025-09-10T08:52:49","slug":"maxani-skin-repair-bijsluiter","status":"publish","type":"page","link":"https:\/\/maxani.nl\/es\/maxani-skin-repair-bijsluiter\/","title":{"rendered":"Prospecto de Maxani Skin Repair"},"content":{"rendered":"<section class=\"section\" id=\"section_1875753300\">\n\t\t<div class=\"section-bg fill\" >\n\t\t\t\t\t\t\t\t\t\n\t\t\t\n\t<div class=\"is-border\"\n\t\tstyle=\"border-color:rgb(235, 235, 235);border-width:1px 0px 0px 0px;\">\n\t<\/div>\n\n\t\t<\/div>\n\n\t\t\n\n\t\t<div class=\"section-content relative\">\n\t\t\t\n\n<div class=\"row\"  id=\"row-564969180\">\n\n\n\t<div id=\"col-1866914491\" class=\"col medium-8 small-12 large-8\"  >\n\t\t\t\t<div class=\"col-inner\"  >\n\t\t\t\n\t\t\t\n\n\t<div id=\"text-1642651984\" class=\"text\">\n\t\t\n\n<h1>Maxani Reparaci\u00f3n de la Piel<\/h1>\n<p>SkinRepair serum es la base inteligente para la reparaci\u00f3n de la piel. Es similar a lo que una buena crema hace por nuestra propia piel. Su avanzada f\u00f3rmula combina \u00e1cidos grasos cortos con plantas<br \/>\naceites como el espino amarillo y el echium (rico en \u00e1cidos grasos esenciales), conocidos por sus propiedades protectoras y calmantes. Gracias a principios activos como el cardiospermo y la vitamina E, ayuda a<br \/>para hidratar y calmar la piel en profundidad. El suero no contiene perfume, lo que resulta ideal para los animales a los que no les gustan los olores, como muchos gatos, y los que tienen la piel extremadamente sensible.<\/p>\n<h1>Indicaci\u00f3n<\/h1>\n<p>Ayuda para la piel irritada o propensa a las alergias, como picores, rojeces, descamaci\u00f3n, etc. Adecuado para perros, gatos y conejos. De amplia aplicaci\u00f3n en todo el cuerpo, similar a<br \/>\nC\u00f3mo utilizamos una crema de cuidado para las irritaciones de la piel. .<\/p>\n\n\t\t\n<style>\n#text-1642651984 {\n  font-size: 0.95rem;\n}\n<\/style>\n\t<\/div>\n\t\n<a href=\"https:\/\/maxani.nl\/wp-content\/uploads\/2025\/09\/Maxani-Skin-Repair-serum-Leaflet.pdf\" class=\"button primary\" style=\"border-radius:10px;\">\n\t\t<span>Maxani Skin Repair Serum Prospecto<\/span>\n\t<\/a>\n\n\n\n\t\t<\/div>\n\t\t\t\t\t<\/div>\n\n\t\n\n\t<div id=\"col-1259504294\" class=\"col medium-4 small-12 large-4\"  >\n\t\t\t\t<div class=\"col-inner\"  >\n\t\t\t\n\t\t\t\n\n\t<div class=\"img has-hover x md-x lg-x y md-y lg-y\" id=\"image_664207441\">\n\t\t\t\t\t\t\t\t<div class=\"img-inner dark\" >\n\t\t\t<img loading=\"lazy\" decoding=\"async\" width=\"801\" height=\"800\" src=\"https:\/\/maxani.nl\/wp-content\/uploads\/2025\/09\/Maxani-skin-repair-serum-15-ml-met-doos-801x800.jpg\" class=\"attachment-large size-large\" alt=\"\" srcset=\"https:\/\/maxani.nl\/wp-content\/uploads\/2025\/09\/Maxani-skin-repair-serum-15-ml-met-doos-801x800.jpg 801w, https:\/\/maxani.nl\/wp-content\/uploads\/2025\/09\/Maxani-skin-repair-serum-15-ml-met-doos-400x400.jpg 400w, https:\/\/maxani.nl\/wp-content\/uploads\/2025\/09\/Maxani-skin-repair-serum-15-ml-met-doos-280x280.jpg 280w, https:\/\/maxani.nl\/wp-content\/uploads\/2025\/09\/Maxani-skin-repair-serum-15-ml-met-doos-768x767.jpg 768w, https:\/\/maxani.nl\/wp-content\/uploads\/2025\/09\/Maxani-skin-repair-serum-15-ml-met-doos-12x12.jpg 12w, https:\/\/maxani.nl\/wp-content\/uploads\/2025\/09\/Maxani-skin-repair-serum-15-ml-met-doos-247x247.jpg 247w, https:\/\/maxani.nl\/wp-content\/uploads\/2025\/09\/Maxani-skin-repair-serum-15-ml-met-doos-510x510.jpg 510w, https:\/\/maxani.nl\/wp-content\/uploads\/2025\/09\/Maxani-skin-repair-serum-15-ml-met-doos-100x100.jpg 100w, https:\/\/maxani.nl\/wp-content\/uploads\/2025\/09\/Maxani-skin-repair-serum-15-ml-met-doos.jpg 1218w\" sizes=\"auto, (max-width: 801px) 100vw, 801px\" \/>\t\t\t\t\t\t\n\t\t\t\t\t<\/div>\n\t\t\t\t\t\t\t\t\n<style>\n#image_664207441 {\n  width: 100%;\n}\n<\/style>\n\t<\/div>\n\t\n\n\n\t\t<\/div>\n\t\t\t\t\t<\/div>\n\n\t\n\n<\/div>\n\n\t\t<\/div>\n\n\t\t\n<style>\n#section_1875753300 {\n  padding-top: 60px;\n  padding-bottom: 60px;\n  min-height: 300px;\n}\n<\/style>\n\t<\/section>","protected":false},"excerpt":{"rendered":"","protected":false},"author":1,"featured_media":0,"parent":0,"menu_order":0,"comment_status":"closed","ping_status":"closed","template":"page-blank.php","meta":{"footnotes":""},"class_list":["post-17366","page","type-page","status-publish","hentry"],"yoast_head":"<!-- This site is optimized with the Yoast SEO plugin v27.1.1 - https:\/\/yoast.com\/product\/yoast-seo-wordpress\/ -->\n<title>Maxani Skin Repair bijsluiter - Maxani Animal Healthcare BV<\/title>\n<meta name=\"robots\" content=\"index, follow, max-snippet:-1, max-image-preview:large, max-video-preview:-1\" \/>\n<link rel=\"canonical\" href=\"https:\/\/maxani.nl\/es\/maxani-skin-repair-bijsluiter\/\" \/>\n<meta property=\"og:locale\" content=\"es_ES\" \/>\n<meta property=\"og:type\" content=\"article\" \/>\n<meta property=\"og:title\" content=\"Maxani Skin Repair bijsluiter - Maxani Animal Healthcare BV\" \/>\n<meta property=\"og:url\" content=\"https:\/\/maxani.nl\/es\/maxani-skin-repair-bijsluiter\/\" \/>\n<meta property=\"og:site_name\" content=\"Maxani Animal Healthcare BV\" \/>\n<meta property=\"article:modified_time\" content=\"2025-09-10T08:52:49+00:00\" \/>\n<meta name=\"twitter:card\" content=\"summary_large_image\" \/>\n<meta name=\"twitter:label1\" content=\"Tiempo de lectura\" \/>\n\t<meta name=\"twitter:data1\" content=\"1 minuto\" \/>\n<script type=\"application\/ld+json\" class=\"yoast-schema-graph\">{\"@context\":\"https:\/\/schema.org\",\"@graph\":[{\"@type\":\"WebPage\",\"@id\":\"https:\/\/maxani.nl\/maxani-skin-repair-bijsluiter\/\",\"url\":\"https:\/\/maxani.nl\/maxani-skin-repair-bijsluiter\/\",\"name\":\"Maxani Skin Repair bijsluiter - Maxani Animal Healthcare BV\",\"isPartOf\":{\"@id\":\"https:\/\/maxani.nl\/#website\"},\"datePublished\":\"2025-06-11T11:12:41+00:00\",\"dateModified\":\"2025-09-10T08:52:49+00:00\",\"breadcrumb\":{\"@id\":\"https:\/\/maxani.nl\/maxani-skin-repair-bijsluiter\/#breadcrumb\"},\"inLanguage\":\"es\",\"potentialAction\":[{\"@type\":\"ReadAction\",\"target\":[\"https:\/\/maxani.nl\/maxani-skin-repair-bijsluiter\/\"]}]},{\"@type\":\"BreadcrumbList\",\"@id\":\"https:\/\/maxani.nl\/maxani-skin-repair-bijsluiter\/#breadcrumb\",\"itemListElement\":[{\"@type\":\"ListItem\",\"position\":1,\"name\":\"Home\",\"item\":\"https:\/\/maxani.nl\/\"},{\"@type\":\"ListItem\",\"position\":2,\"name\":\"Maxani Skin Repair bijsluiter\"}]},{\"@type\":\"WebSite\",\"@id\":\"https:\/\/maxani.nl\/#website\",\"url\":\"https:\/\/maxani.nl\/\",\"name\":\"Maxani Animal Healthcare BV\",\"description\":\"Uw partner in veterinaire dermatologie\",\"potentialAction\":[{\"@type\":\"SearchAction\",\"target\":{\"@type\":\"EntryPoint\",\"urlTemplate\":\"https:\/\/maxani.nl\/?s={search_term_string}\"},\"query-input\":{\"@type\":\"PropertyValueSpecification\",\"valueRequired\":true,\"valueName\":\"search_term_string\"}}],\"inLanguage\":\"es\"}]}<\/script>\n<!-- \/ Yoast SEO plugin. -->","yoast_head_json":{"title":"Maxani Skin Repair bijsluiter - Maxani Animal Healthcare BV","robots":{"index":"index","follow":"follow","max-snippet":"max-snippet:-1","max-image-preview":"max-image-preview:large","max-video-preview":"max-video-preview:-1"},"canonical":"https:\/\/maxani.nl\/es\/maxani-skin-repair-bijsluiter\/","og_locale":"es_ES","og_type":"article","og_title":"Maxani Skin Repair bijsluiter - Maxani Animal Healthcare BV","og_url":"https:\/\/maxani.nl\/es\/maxani-skin-repair-bijsluiter\/","og_site_name":"Maxani Animal Healthcare BV","article_modified_time":"2025-09-10T08:52:49+00:00","twitter_card":"summary_large_image","twitter_misc":{"Tiempo de lectura":"1 minuto"},"schema":{"@context":"https:\/\/schema.org","@graph":[{"@type":"WebPage","@id":"https:\/\/maxani.nl\/maxani-skin-repair-bijsluiter\/","url":"https:\/\/maxani.nl\/maxani-skin-repair-bijsluiter\/","name":"Maxani Skin Repair bijsluiter - Maxani Animal Healthcare BV","isPartOf":{"@id":"https:\/\/maxani.nl\/#website"},"datePublished":"2025-06-11T11:12:41+00:00","dateModified":"2025-09-10T08:52:49+00:00","breadcrumb":{"@id":"https:\/\/maxani.nl\/maxani-skin-repair-bijsluiter\/#breadcrumb"},"inLanguage":"es","potentialAction":[{"@type":"ReadAction","target":["https:\/\/maxani.nl\/maxani-skin-repair-bijsluiter\/"]}]},{"@type":"BreadcrumbList","@id":"https:\/\/maxani.nl\/maxani-skin-repair-bijsluiter\/#breadcrumb","itemListElement":[{"@type":"ListItem","position":1,"name":"Home","item":"https:\/\/maxani.nl\/"},{"@type":"ListItem","position":2,"name":"Maxani Skin Repair bijsluiter"}]},{"@type":"WebSite","@id":"https:\/\/maxani.nl\/#website","url":"https:\/\/maxani.nl\/","name":"Maxani Animal Healthcare BV","description":"Su socio en dermatolog\u00eda veterinaria","potentialAction":[{"@type":"SearchAction","target":{"@type":"EntryPoint","urlTemplate":"https:\/\/maxani.nl\/?s={search_term_string}"},"query-input":{"@type":"PropertyValueSpecification","valueRequired":true,"valueName":"search_term_string"}}],"inLanguage":"es"}]}},"jetpack_sharing_enabled":true,"_links":{"self":[{"href":"https:\/\/maxani.nl\/es\/wp-json\/wp\/v2\/pages\/17366","targetHints":{"allow":["GET"]}}],"collection":[{"href":"https:\/\/maxani.nl\/es\/wp-json\/wp\/v2\/pages"}],"about":[{"href":"https:\/\/maxani.nl\/es\/wp-json\/wp\/v2\/types\/page"}],"author":[{"embeddable":true,"href":"https:\/\/maxani.nl\/es\/wp-json\/wp\/v2\/users\/1"}],"replies":[{"embeddable":true,"href":"https:\/\/maxani.nl\/es\/wp-json\/wp\/v2\/comments?post=17366"}],"version-history":[{"count":6,"href":"https:\/\/maxani.nl\/es\/wp-json\/wp\/v2\/pages\/17366\/revisions"}],"predecessor-version":[{"id":17956,"href":"https:\/\/maxani.nl\/es\/wp-json\/wp\/v2\/pages\/17366\/revisions\/17956"}],"wp:attachment":[{"href":"https:\/\/maxani.nl\/es\/wp-json\/wp\/v2\/media?parent=17366"}],"curies":[{"name":"wp","href":"https:\/\/api.w.org\/{rel}","templated":true}]}}