{"id":15849,"date":"2025-01-05T11:36:52","date_gmt":"2025-01-05T11:36:52","guid":{"rendered":"https:\/\/maxani.nl\/?page_id=15849"},"modified":"2025-05-29T11:11:42","modified_gmt":"2025-05-29T11:11:42","slug":"cookies-gebruik","status":"publish","type":"page","link":"https:\/\/maxani.nl\/es\/cookies-gebruik\/","title":{"rendered":"Uso de cookies"},"content":{"rendered":"<section class=\"section\" id=\"section_1944091638\">\n\t\t<div class=\"section-bg fill\" >\n\t\t\t\t\t\t\t\t\t\n\t\t\t\n\t<div class=\"is-border\"\n\t\tstyle=\"border-color:rgb(235, 235, 235);border-width:1px 0px 0px 0px;\">\n\t<\/div>\n\n\t\t<\/div>\n\n\t\t\n\n\t\t<div class=\"section-content relative\">\n\t\t\t\n\n<div class=\"row\"  id=\"row-1788761446\">\n\n\n\t<div id=\"col-588961433\" class=\"col medium-8 small-12 large-8\"  >\n\t\t\t\t<div class=\"col-inner\"  >\n\t\t\t\n\t\t\t\n\n\t<div id=\"text-3917395939\" class=\"text\">\n\t\t\n\n<h2>Pol\u00edtica de cookies<\/h2>\n\t\t\n<style>\n#text-3917395939 {\n  font-size: 1.4rem;\n}\n<\/style>\n\t<\/div>\n\t\n<h1><strong style=\"font-size: 14.4px;\">\u00bfQu\u00e9 es una galleta?<\/strong><\/h1>\n<div class=\"ck-text\">\n<p>En este sitio web utilizamos cookies. Una cookie es un simple archivo peque\u00f1o que se env\u00eda con las p\u00e1ginas de este sitio web y que su navegador almacena en el disco duro de su ordenador. La informaci\u00f3n almacenada en \u00e9l puede ser enviada de vuelta a nuestros servidores durante su pr\u00f3xima visita.<\/p>\n<h4><strong>Uso de cookies de sesi\u00f3n<\/strong><\/h4>\n<p>Una cookie de sesi\u00f3n nos permite ver qu\u00e9 partes del sitio web ha visto con esta visita. Esto nos permite adaptar nuestro servicio en la medida de lo posible al comportamiento de navegaci\u00f3n de nuestros visitantes. Estas cookies se borran autom\u00e1ticamente en cuanto usted cierra su navegador.<\/p>\n<h4><strong>Google Analytics<\/strong><\/h4>\n<p>A trav\u00e9s de nuestro sitio web, la empresa estadounidense Google instala una cookie como parte del servicio \"Analytics\". Utilizamos este servicio para rastrear y recibir informes sobre c\u00f3mo los visitantes utilizan el sitio web. Google podr\u00e1 transmitir dicha informaci\u00f3n a terceros cuando as\u00ed se lo requiera la legislaci\u00f3n, o cuando dichos terceros procesen la informaci\u00f3n por cuenta de Google. No tenemos ninguna influencia sobre esto. No hemos permitido que Google utilice la informaci\u00f3n anal\u00edtica obtenida para otros servicios de Google.<\/p>\n<p>La informaci\u00f3n recopilada por Google se anonimiza en la medida de lo posible. Su direcci\u00f3n IP no se incluye expresamente. La informaci\u00f3n es transferida y almacenada por Google en servidores de Estados Unidos. Google declara que se adhiere a los principios del Escudo de Privacidad y est\u00e1 afiliado al programa Escudo de Privacidad del Departamento de Comercio de los Estados Unidos. Esto implica un nivel de protecci\u00f3n adecuado para el tratamiento de cualquier dato personal.<\/p>\n<p>Nuestro sitio web incluye botones para promocionar (\"me gusta\") o compartir (\"tuitear\") p\u00e1ginas web en redes sociales como Facebook y Twitter. Estos botones funcionan mediante fragmentos de c\u00f3digo que proceden de Facebook y Twitter respectivamente. Mediante este c\u00f3digo se colocan cookies. No tenemos ninguna influencia sobre ello. Por favor, lea la declaraci\u00f3n de privacidad de Facebook y Twitter respectivamente (que puede cambiar regularmente) para saber qu\u00e9 hacen con sus datos (personales) que procesan a trav\u00e9s de estas cookies.<\/p>\n<p>La informaci\u00f3n que recogen se anonimiza en la medida de lo posible. Twitter, Facebook, Google + y LinkedIn transfieren y almacenan la informaci\u00f3n en servidores de Estados Unidos. LinkedIn, Twitter, Facebook y Google + afirman adherirse a los principios del Escudo de Privacidad y son miembros del programa Escudo de Privacidad del Departamento de Comercio de Estados Unidos. Esto implica un nivel adecuado de protecci\u00f3n para el tratamiento de cualquier dato personal.<\/p>\n<h4><strong>Derecho de acceso, rectificaci\u00f3n y supresi\u00f3n de sus datos<\/strong><\/h4>\n<p>Tiene derecho a solicitar el acceso a sus datos, as\u00ed como su rectificaci\u00f3n o supresi\u00f3n. Para ello, consulte nuestra p\u00e1gina de contacto. Para evitar usos indebidos, podemos pedirle que nos proporcione una identificaci\u00f3n adecuada. Cuando se trate de acceder a datos personales vinculados a una cookie, deber\u00e1 enviar una copia de la cookie en cuesti\u00f3n. Encontrar\u00e1 esta informaci\u00f3n en la configuraci\u00f3n de su navegador.<\/p>\n<h4><strong>Activaci\u00f3n, desactivaci\u00f3n y eliminaci\u00f3n de cookies<\/strong><\/h4>\n<p>Encontrar\u00e1 m\u00e1s informaci\u00f3n sobre la activaci\u00f3n, desactivaci\u00f3n y eliminaci\u00f3n de cookies en las instrucciones y\/o utilizando la funci\u00f3n de Ayuda de su navegador.<\/p>\n<h4><strong>Eliminaci\u00f3n de cookies de seguimiento colocadas por terceros<\/strong><\/h4>\n<p>Algunas cookies de seguimiento son instaladas por terceros que, entre otras cosas, le muestran publicidad a trav\u00e9s de nuestro sitio web. Puede eliminar estas cookies de forma centralizada a trav\u00e9s de Sus opciones en l\u00ednea para que no se vuelvan a colocar en un sitio web de terceros.<\/p>\n<h4><strong>\u00bfM\u00e1s informaci\u00f3n sobre las cookies?<\/strong><\/h4>\n<p>Puede encontrar m\u00e1s informaci\u00f3n sobre las cookies en los siguientes sitios web:<\/p>\n<p>Las cookies y t\u00fa:\u00a0<a href=\"https:\/\/www.cookiesandyou.com\/\">https:\/\/www.cookiesandyou.com<\/a><br \/>Sus opciones en l\u00ednea:\u00a0<a href=\"http:\/\/www.youronlinechoices.eu\/\">http:\/\/www.youronlinechoices.eu<\/a><\/p>\n<\/div>\n\n\t\t<\/div>\n\t\t\t\t\t<\/div>\n\n\t\n\n<\/div>\n\n\t\t<\/div>\n\n\t\t\n<style>\n#section_1944091638 {\n  padding-top: 60px;\n  padding-bottom: 60px;\n  min-height: 300px;\n}\n<\/style>\n\t<\/section>","protected":false},"excerpt":{"rendered":"","protected":false},"author":1,"featured_media":0,"parent":0,"menu_order":0,"comment_status":"closed","ping_status":"closed","template":"page-blank.php","meta":{"footnotes":""},"class_list":["post-15849","page","type-page","status-publish","hentry"],"yoast_head":"<!-- This site is optimized with the Yoast SEO plugin v27.1.1 - https:\/\/yoast.com\/product\/yoast-seo-wordpress\/ -->\n<title>Cookies gebruik - Maxani Animal Healthcare BV<\/title>\n<meta name=\"robots\" content=\"index, follow, max-snippet:-1, max-image-preview:large, max-video-preview:-1\" \/>\n<link rel=\"canonical\" href=\"https:\/\/maxani.nl\/es\/cookies-gebruik\/\" \/>\n<meta property=\"og:locale\" content=\"es_ES\" \/>\n<meta property=\"og:type\" content=\"article\" \/>\n<meta property=\"og:title\" content=\"Cookies gebruik - Maxani Animal Healthcare BV\" \/>\n<meta property=\"og:url\" content=\"https:\/\/maxani.nl\/es\/cookies-gebruik\/\" \/>\n<meta property=\"og:site_name\" content=\"Maxani Animal Healthcare BV\" \/>\n<meta property=\"article:modified_time\" content=\"2025-05-29T11:11:42+00:00\" \/>\n<meta name=\"twitter:card\" content=\"summary_large_image\" \/>\n<script type=\"application\/ld+json\" class=\"yoast-schema-graph\">{\"@context\":\"https:\/\/schema.org\",\"@graph\":[{\"@type\":\"WebPage\",\"@id\":\"https:\/\/maxani.nl\/cookies-gebruik\/\",\"url\":\"https:\/\/maxani.nl\/cookies-gebruik\/\",\"name\":\"Cookies gebruik - Maxani Animal Healthcare BV\",\"isPartOf\":{\"@id\":\"https:\/\/maxani.nl\/#website\"},\"datePublished\":\"2025-01-05T11:36:52+00:00\",\"dateModified\":\"2025-05-29T11:11:42+00:00\",\"breadcrumb\":{\"@id\":\"https:\/\/maxani.nl\/cookies-gebruik\/#breadcrumb\"},\"inLanguage\":\"es\",\"potentialAction\":[{\"@type\":\"ReadAction\",\"target\":[\"https:\/\/maxani.nl\/cookies-gebruik\/\"]}]},{\"@type\":\"BreadcrumbList\",\"@id\":\"https:\/\/maxani.nl\/cookies-gebruik\/#breadcrumb\",\"itemListElement\":[{\"@type\":\"ListItem\",\"position\":1,\"name\":\"Home\",\"item\":\"https:\/\/maxani.nl\/\"},{\"@type\":\"ListItem\",\"position\":2,\"name\":\"Cookies gebruik\"}]},{\"@type\":\"WebSite\",\"@id\":\"https:\/\/maxani.nl\/#website\",\"url\":\"https:\/\/maxani.nl\/\",\"name\":\"Maxani Animal Healthcare BV\",\"description\":\"Uw partner in veterinaire dermatologie\",\"potentialAction\":[{\"@type\":\"SearchAction\",\"target\":{\"@type\":\"EntryPoint\",\"urlTemplate\":\"https:\/\/maxani.nl\/?s={search_term_string}\"},\"query-input\":{\"@type\":\"PropertyValueSpecification\",\"valueRequired\":true,\"valueName\":\"search_term_string\"}}],\"inLanguage\":\"es\"}]}<\/script>\n<!-- \/ Yoast SEO plugin. -->","yoast_head_json":{"title":"Cookies gebruik - Maxani Animal Healthcare BV","robots":{"index":"index","follow":"follow","max-snippet":"max-snippet:-1","max-image-preview":"max-image-preview:large","max-video-preview":"max-video-preview:-1"},"canonical":"https:\/\/maxani.nl\/es\/cookies-gebruik\/","og_locale":"es_ES","og_type":"article","og_title":"Cookies gebruik - Maxani Animal Healthcare BV","og_url":"https:\/\/maxani.nl\/es\/cookies-gebruik\/","og_site_name":"Maxani Animal Healthcare BV","article_modified_time":"2025-05-29T11:11:42+00:00","twitter_card":"summary_large_image","schema":{"@context":"https:\/\/schema.org","@graph":[{"@type":"WebPage","@id":"https:\/\/maxani.nl\/cookies-gebruik\/","url":"https:\/\/maxani.nl\/cookies-gebruik\/","name":"Cookies gebruik - Maxani Animal Healthcare BV","isPartOf":{"@id":"https:\/\/maxani.nl\/#website"},"datePublished":"2025-01-05T11:36:52+00:00","dateModified":"2025-05-29T11:11:42+00:00","breadcrumb":{"@id":"https:\/\/maxani.nl\/cookies-gebruik\/#breadcrumb"},"inLanguage":"es","potentialAction":[{"@type":"ReadAction","target":["https:\/\/maxani.nl\/cookies-gebruik\/"]}]},{"@type":"BreadcrumbList","@id":"https:\/\/maxani.nl\/cookies-gebruik\/#breadcrumb","itemListElement":[{"@type":"ListItem","position":1,"name":"Home","item":"https:\/\/maxani.nl\/"},{"@type":"ListItem","position":2,"name":"Cookies gebruik"}]},{"@type":"WebSite","@id":"https:\/\/maxani.nl\/#website","url":"https:\/\/maxani.nl\/","name":"Maxani Animal Healthcare BV","description":"Su socio en dermatolog\u00eda veterinaria","potentialAction":[{"@type":"SearchAction","target":{"@type":"EntryPoint","urlTemplate":"https:\/\/maxani.nl\/?s={search_term_string}"},"query-input":{"@type":"PropertyValueSpecification","valueRequired":true,"valueName":"search_term_string"}}],"inLanguage":"es"}]}},"jetpack_sharing_enabled":true,"_links":{"self":[{"href":"https:\/\/maxani.nl\/es\/wp-json\/wp\/v2\/pages\/15849","targetHints":{"allow":["GET"]}}],"collection":[{"href":"https:\/\/maxani.nl\/es\/wp-json\/wp\/v2\/pages"}],"about":[{"href":"https:\/\/maxani.nl\/es\/wp-json\/wp\/v2\/types\/page"}],"author":[{"embeddable":true,"href":"https:\/\/maxani.nl\/es\/wp-json\/wp\/v2\/users\/1"}],"replies":[{"embeddable":true,"href":"https:\/\/maxani.nl\/es\/wp-json\/wp\/v2\/comments?post=15849"}],"version-history":[{"count":3,"href":"https:\/\/maxani.nl\/es\/wp-json\/wp\/v2\/pages\/15849\/revisions"}],"predecessor-version":[{"id":17189,"href":"https:\/\/maxani.nl\/es\/wp-json\/wp\/v2\/pages\/15849\/revisions\/17189"}],"wp:attachment":[{"href":"https:\/\/maxani.nl\/es\/wp-json\/wp\/v2\/media?parent=15849"}],"curies":[{"name":"wp","href":"https:\/\/api.w.org\/{rel}","templated":true}]}}