{"id":14061,"date":"2024-03-18T20:10:05","date_gmt":"2024-03-18T20:10:05","guid":{"rendered":"https:\/\/maxani.nl\/?page_id=14061"},"modified":"2026-02-09T09:40:59","modified_gmt":"2026-02-09T09:40:59","slug":"zure-oordruppels-bijsluiter","status":"publish","type":"page","link":"https:\/\/maxani.nl\/es\/zure-oordruppels-bijsluiter\/","title":{"rendered":"Zure oordruppels bijsluiter"},"content":{"rendered":"<section class=\"section\" id=\"section_1633051150\">\n\t\t<div class=\"section-bg fill\" >\n\t\t\t<img loading=\"lazy\" decoding=\"async\" width=\"1718\" height=\"2560\" src=\"https:\/\/maxani.nl\/wp-content\/uploads\/2023\/07\/Achtergrond-voor-website-Maxani2-scaled.jpg\" class=\"bg attachment-original size-original\" alt=\"\" \/>\t\t\t\t\t\t\n\t\t\t\n\t<div class=\"is-border\"\n\t\tstyle=\"border-color:rgb(235, 235, 235);border-width:1px 0px 0px 0px;\">\n\t<\/div>\n\n\t\t<\/div>\n\n\t\t\n\n\t\t<div class=\"section-content relative\">\n\t\t\t\n\n<div class=\"row\"  id=\"row-822430726\">\n\n\n\t<div id=\"col-336951607\" class=\"col small-12 large-12\"  >\n\t\t\t\t<div class=\"col-inner\"  >\n\t\t\t\n\t\t\t\n\n<h1>Prospecto gotas \u00f3ticas \u00e1cidas con acet\u00f3nido de triamcinolona<\/h1>\n\t<div id=\"gap-986496986\" class=\"gap-element clearfix\" style=\"display:block; height:auto;\">\n\t\t\n<style>\n#gap-986496986 {\n  padding-top: 45px;\n}\n<\/style>\n\t<\/div>\n\t\n\n\t<div class=\"img has-hover x md-x lg-x y md-y lg-y\" id=\"image_466877349\">\n\t\t\t\t\t\t\t\t<div class=\"img-inner dark\" >\n\t\t\t<img loading=\"lazy\" decoding=\"async\" width=\"1000\" height=\"1331\" src=\"https:\/\/maxani.nl\/wp-content\/uploads\/2019\/08\/Zure-oordruppels-met-triamcinolonacetonide-227-_-KNMP-Kennisbank-1-1.jpg\" class=\"attachment-original size-original\" alt=\"\" srcset=\"https:\/\/maxani.nl\/wp-content\/uploads\/2019\/08\/Zure-oordruppels-met-triamcinolonacetonide-227-_-KNMP-Kennisbank-1-1.jpg 1000w, https:\/\/maxani.nl\/wp-content\/uploads\/2019\/08\/Zure-oordruppels-met-triamcinolonacetonide-227-_-KNMP-Kennisbank-1-1-301x400.jpg 301w, https:\/\/maxani.nl\/wp-content\/uploads\/2019\/08\/Zure-oordruppels-met-triamcinolonacetonide-227-_-KNMP-Kennisbank-1-1-601x800.jpg 601w, https:\/\/maxani.nl\/wp-content\/uploads\/2019\/08\/Zure-oordruppels-met-triamcinolonacetonide-227-_-KNMP-Kennisbank-1-1-768x1022.jpg 768w, https:\/\/maxani.nl\/wp-content\/uploads\/2019\/08\/Zure-oordruppels-met-triamcinolonacetonide-227-_-KNMP-Kennisbank-1-1-510x679.jpg 510w\" sizes=\"auto, (max-width: 1000px) 100vw, 1000px\" \/>\t\t\t\t\t\t\n\t\t\t\t\t<\/div>\n\t\t\t\t\t\t\t\t\n<style>\n#image_466877349 {\n  width: 100%;\n}\n<\/style>\n\t<\/div>\n\t\n\n\t<div class=\"img has-hover x md-x lg-x y md-y lg-y\" id=\"image_1690717782\">\n\t\t\t\t\t\t\t\t<div class=\"img-inner dark\" >\n\t\t\t<img loading=\"lazy\" decoding=\"async\" width=\"1000\" height=\"1337\" src=\"https:\/\/maxani.nl\/wp-content\/uploads\/2019\/08\/Zure-oordruppels-met-triamcinolonacetonide-227-_-KNMP-Kennisbank-2-1.jpg\" class=\"attachment-original size-original\" alt=\"\" srcset=\"https:\/\/maxani.nl\/wp-content\/uploads\/2019\/08\/Zure-oordruppels-met-triamcinolonacetonide-227-_-KNMP-Kennisbank-2-1.jpg 1000w, https:\/\/maxani.nl\/wp-content\/uploads\/2019\/08\/Zure-oordruppels-met-triamcinolonacetonide-227-_-KNMP-Kennisbank-2-1-299x400.jpg 299w, https:\/\/maxani.nl\/wp-content\/uploads\/2019\/08\/Zure-oordruppels-met-triamcinolonacetonide-227-_-KNMP-Kennisbank-2-1-598x800.jpg 598w, https:\/\/maxani.nl\/wp-content\/uploads\/2019\/08\/Zure-oordruppels-met-triamcinolonacetonide-227-_-KNMP-Kennisbank-2-1-768x1027.jpg 768w, https:\/\/maxani.nl\/wp-content\/uploads\/2019\/08\/Zure-oordruppels-met-triamcinolonacetonide-227-_-KNMP-Kennisbank-2-1-510x682.jpg 510w\" sizes=\"auto, (max-width: 1000px) 100vw, 1000px\" \/>\t\t\t\t\t\t\n\t\t\t\t\t<\/div>\n\t\t\t\t\t\t\t\t\n<style>\n#image_1690717782 {\n  width: 100%;\n}\n<\/style>\n\t<\/div>\n\t\n\n\t<div class=\"img has-hover x md-x lg-x y md-y lg-y\" id=\"image_1269460623\">\n\t\t\t\t\t\t\t\t<div class=\"img-inner dark\" >\n\t\t\t<img loading=\"lazy\" decoding=\"async\" width=\"1000\" height=\"145\" src=\"https:\/\/maxani.nl\/wp-content\/uploads\/2019\/08\/Zure-oordruppels-met-triamcinolonacetonide-227-_-KNMP-Kennisbank-3.jpg\" class=\"attachment-original size-original\" alt=\"\" srcset=\"https:\/\/maxani.nl\/wp-content\/uploads\/2019\/08\/Zure-oordruppels-met-triamcinolonacetonide-227-_-KNMP-Kennisbank-3.jpg 1000w, https:\/\/maxani.nl\/wp-content\/uploads\/2019\/08\/Zure-oordruppels-met-triamcinolonacetonide-227-_-KNMP-Kennisbank-3-800x116.jpg 800w, https:\/\/maxani.nl\/wp-content\/uploads\/2019\/08\/Zure-oordruppels-met-triamcinolonacetonide-227-_-KNMP-Kennisbank-3-768x111.jpg 768w, https:\/\/maxani.nl\/wp-content\/uploads\/2019\/08\/Zure-oordruppels-met-triamcinolonacetonide-227-_-KNMP-Kennisbank-3-510x74.jpg 510w\" sizes=\"auto, (max-width: 1000px) 100vw, 1000px\" \/>\t\t\t\t\t\t\n\t\t\t\t\t<\/div>\n\t\t\t\t\t\t\t\t\n<style>\n#image_1269460623 {\n  width: 100%;\n}\n<\/style>\n\t<\/div>\n\t\n\n\n\t\t<\/div>\n\t\t\t\t\t<\/div>\n\n\t\n\n<\/div>\n\n\t\t<\/div>\n\n\t\t\n<style>\n#section_1633051150 {\n  padding-top: 60px;\n  padding-bottom: 60px;\n  min-height: 300px;\n}\n<\/style>\n\t<\/section>","protected":false},"excerpt":{"rendered":"","protected":false},"author":1,"featured_media":0,"parent":0,"menu_order":0,"comment_status":"closed","ping_status":"closed","template":"page-blank.php","meta":{"footnotes":""},"class_list":["post-14061","page","type-page","status-publish","hentry"],"yoast_head":"<!-- This site is optimized with the Yoast SEO plugin v27.1.1 - https:\/\/yoast.com\/product\/yoast-seo-wordpress\/ -->\n<title>Zure oordruppels bijsluiter - Maxani Animal Healthcare BV<\/title>\n<meta name=\"robots\" content=\"index, follow, max-snippet:-1, max-image-preview:large, max-video-preview:-1\" \/>\n<link rel=\"canonical\" href=\"https:\/\/maxani.nl\/es\/zure-oordruppels-bijsluiter\/\" \/>\n<meta property=\"og:locale\" content=\"es_ES\" \/>\n<meta property=\"og:type\" content=\"article\" \/>\n<meta property=\"og:title\" content=\"Zure oordruppels bijsluiter - Maxani Animal Healthcare BV\" \/>\n<meta property=\"og:url\" content=\"https:\/\/maxani.nl\/es\/zure-oordruppels-bijsluiter\/\" \/>\n<meta property=\"og:site_name\" content=\"Maxani Animal Healthcare BV\" \/>\n<meta property=\"article:modified_time\" content=\"2026-02-09T09:40:59+00:00\" \/>\n<meta name=\"twitter:card\" content=\"summary_large_image\" \/>\n<meta name=\"twitter:label1\" content=\"Tiempo de lectura\" \/>\n\t<meta name=\"twitter:data1\" content=\"1 minuto\" \/>\n<script type=\"application\/ld+json\" class=\"yoast-schema-graph\">{\"@context\":\"https:\/\/schema.org\",\"@graph\":[{\"@type\":\"WebPage\",\"@id\":\"https:\/\/maxani.nl\/zure-oordruppels-bijsluiter\/\",\"url\":\"https:\/\/maxani.nl\/zure-oordruppels-bijsluiter\/\",\"name\":\"Zure oordruppels bijsluiter - Maxani Animal Healthcare BV\",\"isPartOf\":{\"@id\":\"https:\/\/maxani.nl\/#website\"},\"datePublished\":\"2024-03-18T20:10:05+00:00\",\"dateModified\":\"2026-02-09T09:40:59+00:00\",\"breadcrumb\":{\"@id\":\"https:\/\/maxani.nl\/zure-oordruppels-bijsluiter\/#breadcrumb\"},\"inLanguage\":\"es\",\"potentialAction\":[{\"@type\":\"ReadAction\",\"target\":[\"https:\/\/maxani.nl\/zure-oordruppels-bijsluiter\/\"]}]},{\"@type\":\"BreadcrumbList\",\"@id\":\"https:\/\/maxani.nl\/zure-oordruppels-bijsluiter\/#breadcrumb\",\"itemListElement\":[{\"@type\":\"ListItem\",\"position\":1,\"name\":\"Home\",\"item\":\"https:\/\/maxani.nl\/\"},{\"@type\":\"ListItem\",\"position\":2,\"name\":\"Zure oordruppels bijsluiter\"}]},{\"@type\":\"WebSite\",\"@id\":\"https:\/\/maxani.nl\/#website\",\"url\":\"https:\/\/maxani.nl\/\",\"name\":\"Maxani Animal Healthcare BV\",\"description\":\"Uw partner in veterinaire dermatologie\",\"potentialAction\":[{\"@type\":\"SearchAction\",\"target\":{\"@type\":\"EntryPoint\",\"urlTemplate\":\"https:\/\/maxani.nl\/?s={search_term_string}\"},\"query-input\":{\"@type\":\"PropertyValueSpecification\",\"valueRequired\":true,\"valueName\":\"search_term_string\"}}],\"inLanguage\":\"es\"}]}<\/script>\n<!-- \/ Yoast SEO plugin. -->","yoast_head_json":{"title":"Zure oordruppels bijsluiter - Maxani Animal Healthcare BV","robots":{"index":"index","follow":"follow","max-snippet":"max-snippet:-1","max-image-preview":"max-image-preview:large","max-video-preview":"max-video-preview:-1"},"canonical":"https:\/\/maxani.nl\/es\/zure-oordruppels-bijsluiter\/","og_locale":"es_ES","og_type":"article","og_title":"Zure oordruppels bijsluiter - Maxani Animal Healthcare BV","og_url":"https:\/\/maxani.nl\/es\/zure-oordruppels-bijsluiter\/","og_site_name":"Maxani Animal Healthcare BV","article_modified_time":"2026-02-09T09:40:59+00:00","twitter_card":"summary_large_image","twitter_misc":{"Tiempo de lectura":"1 minuto"},"schema":{"@context":"https:\/\/schema.org","@graph":[{"@type":"WebPage","@id":"https:\/\/maxani.nl\/zure-oordruppels-bijsluiter\/","url":"https:\/\/maxani.nl\/zure-oordruppels-bijsluiter\/","name":"Zure oordruppels bijsluiter - Maxani Animal Healthcare BV","isPartOf":{"@id":"https:\/\/maxani.nl\/#website"},"datePublished":"2024-03-18T20:10:05+00:00","dateModified":"2026-02-09T09:40:59+00:00","breadcrumb":{"@id":"https:\/\/maxani.nl\/zure-oordruppels-bijsluiter\/#breadcrumb"},"inLanguage":"es","potentialAction":[{"@type":"ReadAction","target":["https:\/\/maxani.nl\/zure-oordruppels-bijsluiter\/"]}]},{"@type":"BreadcrumbList","@id":"https:\/\/maxani.nl\/zure-oordruppels-bijsluiter\/#breadcrumb","itemListElement":[{"@type":"ListItem","position":1,"name":"Home","item":"https:\/\/maxani.nl\/"},{"@type":"ListItem","position":2,"name":"Zure oordruppels bijsluiter"}]},{"@type":"WebSite","@id":"https:\/\/maxani.nl\/#website","url":"https:\/\/maxani.nl\/","name":"Maxani Animal Healthcare BV","description":"Su socio en dermatolog\u00eda veterinaria","potentialAction":[{"@type":"SearchAction","target":{"@type":"EntryPoint","urlTemplate":"https:\/\/maxani.nl\/?s={search_term_string}"},"query-input":{"@type":"PropertyValueSpecification","valueRequired":true,"valueName":"search_term_string"}}],"inLanguage":"es"}]}},"jetpack_sharing_enabled":true,"_links":{"self":[{"href":"https:\/\/maxani.nl\/es\/wp-json\/wp\/v2\/pages\/14061","targetHints":{"allow":["GET"]}}],"collection":[{"href":"https:\/\/maxani.nl\/es\/wp-json\/wp\/v2\/pages"}],"about":[{"href":"https:\/\/maxani.nl\/es\/wp-json\/wp\/v2\/types\/page"}],"author":[{"embeddable":true,"href":"https:\/\/maxani.nl\/es\/wp-json\/wp\/v2\/users\/1"}],"replies":[{"embeddable":true,"href":"https:\/\/maxani.nl\/es\/wp-json\/wp\/v2\/comments?post=14061"}],"version-history":[{"count":3,"href":"https:\/\/maxani.nl\/es\/wp-json\/wp\/v2\/pages\/14061\/revisions"}],"predecessor-version":[{"id":14064,"href":"https:\/\/maxani.nl\/es\/wp-json\/wp\/v2\/pages\/14061\/revisions\/14064"}],"wp:attachment":[{"href":"https:\/\/maxani.nl\/es\/wp-json\/wp\/v2\/media?parent=14061"}],"curies":[{"name":"wp","href":"https:\/\/api.w.org\/{rel}","templated":true}]}}