{"id":13462,"date":"2023-11-22T19:14:37","date_gmt":"2023-11-22T19:14:37","guid":{"rendered":"https:\/\/maxani.nl\/?page_id=13462"},"modified":"2024-03-04T17:09:29","modified_gmt":"2024-03-04T17:09:29","slug":"pyomaxbrush","status":"publish","type":"page","link":"https:\/\/maxani.nl\/es\/pyomaxbrush\/","title":{"rendered":"Pyomax brush bijsluiter"},"content":{"rendered":"<section class=\"section\" id=\"section_313543929\">\n\t\t<div class=\"section-bg fill\" >\n\t\t\t<img loading=\"lazy\" decoding=\"async\" width=\"1718\" height=\"2560\" src=\"https:\/\/maxani.nl\/wp-content\/uploads\/2023\/07\/Achtergrond-voor-website-Maxani2-scaled.jpg\" class=\"bg attachment-original size-original\" alt=\"\" \/>\t\t\t\t\t\t\n\t\t\t\n\t<div class=\"is-border\"\n\t\tstyle=\"border-color:rgb(235, 235, 235);border-width:1px 0px 0px 0px;\">\n\t<\/div>\n\n\t\t<\/div>\n\n\t\t\n\n\t\t<div class=\"section-content relative\">\n\t\t\t\n\n<div class=\"row\"  id=\"row-1225521559\">\n\n\n\t<div id=\"col-240839150\" class=\"col medium-8 small-12 large-8\"  >\n\t\t\t\t<div class=\"col-inner\"  >\n\t\t\t\n\t\t\t\n\n<h2><span lang=\"NL\">Cepillo PyoMax<\/span><\/h2>\n<h3>RESUMEN<\/h3>\n<p>Contiene: extracto de avena y alanto\u00edna.<\/p>\n<h3>SOLICITUD<\/h3>\n<p>Pyo Brush PyoMax est\u00e1 dise\u00f1ado para limpiar y cuidar las u\u00f1as, las cut\u00edculas y la piel entre los dedos de los pies. Ayuda a restablecer el equilibrio de la flora cut\u00e1nea. Especialmente formulado para su uso en casos de flora cut\u00e1nea alterada, este producto es adecuado para pieles sensibles, enrojecidas\/marrones, malolientes y\/o grasas.<\/p>\n<h3>CONTRIBUCIONES<\/h3>\n<p>Ninguna conocida.<\/p>\n<h3>CONTRAINDICACIONES<\/h3>\n<p>No utilizar Pyo Brush PyoMax si se conoce hipersensibilidad a alguno de los ingredientes. La hipersensibilidad puede causar irritaci\u00f3n de la piel.<\/p>\n<h3><span style=\"font-size: 20.16px; color: #333333;\">V\u00cdA Y M\u00c9TODO DE ADMINISTRACI\u00d3N<\/span><\/h3>\n<p>Para obtener resultados \u00f3ptimos, se recomienda aplicar Pyo Brush PyoMax una vez por la ma\u00f1ana y otra por la noche.<\/p>\n<p>Aplicar una peque\u00f1a cantidad del producto sobre la piel afectada y masajear suavemente.<\/p>\n<p>Conc\u00e9ntrese especialmente en las zonas con u\u00f1as, cut\u00edculas y entre los dedos de los pies.<\/p>\n<p>Deje que el producto se absorba y no lo aclare.<\/p>\n<h3>ALMACENAMIENTO Y CADUCIDAD<\/h3>\n<p>Conservar a temperatura ambiente (15-25 \u00baC) durante 3 a\u00f1os a partir de la fecha de producci\u00f3n.<\/p>\n<p>Puede conservarse durante 3 meses una vez abierto.<\/p>\n<p>Mant\u00e9ngase fuera de la vista y del alcance de los ni\u00f1os.<\/p>\n<h3>EMBALAJE<\/h3>\n<p>Frasco de 12 ml<\/p>\n<h3>DISTRIBUIDOR<\/h3>\n<p>Maxani Animal Healthcare B.V.<br \/>Avenida Lark 14-b<br \/>3704 GR Zeist<br \/>Pa\u00edses Bajos<\/p>\n<p>\u00a0<\/p>\n<p>\u00a0<\/p>\n<h3>COMPOSICI\u00d3N<\/h3>\n<p>Contiene: extracto de avena y alanto\u00edna<\/p>\n<h3>SOLICITUD<\/h3>\n<p>Pyo Brush PyoMax est\u00e1 dise\u00f1ado para la limpieza y el cuidado de las u\u00f1as, las cut\u00edculas y la piel entre los dedos de los pies. Contribuye al restablecimiento de una flora cut\u00e1nea equilibrada. Este producto est\u00e1 especialmente formulado para su uso en casos de flora cut\u00e1nea alterada y es adecuado para pieles sensibles, enrojecidas\/marrones, malolientes y\/o grasas.<\/p>\n<h3>REACCIONES ADVERSAS<\/h3>\n<p>Ninguna conocida.<\/p>\n<h3>CONTRAINDICACIONES<\/h3>\n<p>No utilice Pyo Brush PyoMax si existe hipersensibilidad conocida a alguno de los componentes. La hipersensibilidad puede causar irritaci\u00f3n de la piel.<\/p>\n<h3>M\u00c9TODO Y V\u00cdA DE ADMINISTRACI\u00d3N<\/h3>\n<p>Para obtener resultados \u00f3ptimos, se recomienda aplicar Pyo Brush PyoMax una vez por la ma\u00f1ana y otra por la noche.<\/p>\n<p>Aplicar una peque\u00f1a cantidad del producto sobre la piel afectada y masajear suavemente.<\/p>\n<p>Conc\u00e9ntrese en las zonas con u\u00f1as, cut\u00edculas y entre los dedos de los pies.<\/p>\n<p>Dejar que el producto se absorba y no aclarar.<\/p>\n<h3>CADUCIDAD Y CONDICIONES DE ALMACENAMIENTO<\/h3>\n<p>Conservar a temperatura ambiente (15-25\u00b0C) durante 3 a\u00f1os a partir de la fecha de fabricaci\u00f3n.<\/p>\n<p>Conservar a temperatura inferior a 25 \u00baC durante 12 meses a partir de la fecha de fabricaci\u00f3n. Caducidad despu\u00e9s de abierto: 3 meses.<\/p>\n<p>Mantener fuera de la vista y del alcance de los ni\u00f1os.<\/p>\n<h3>PAQUETE<\/h3>\n<p>Frasco de 12 ml<\/p>\n<h3>DISTRIBUIDOR<\/h3>\n<p>Maxani Animal Healthcare B.V.<br \/>Avenida Lark 14-b<br \/>3704 GR Zeist<br \/>Pa\u00edses Bajos<\/p>\n<p>\u00a0<\/p>\n\n\t\t<\/div>\n\t\t\t\t\t<\/div>\n\n\t\n\n\t<div id=\"col-1585882507\" class=\"col medium-4 small-12 large-4\"  >\n\t\t\t\t<div class=\"col-inner\"  >\n\t\t\t\n\t\t\t\n\n\t<div class=\"img has-hover x md-x lg-x y md-y lg-y\" id=\"image_1019352901\">\n\t\t\t\t\t\t\t\t<div class=\"img-inner dark\" >\n\t\t\t<img loading=\"lazy\" decoding=\"async\" width=\"566\" height=\"800\" src=\"https:\/\/maxani.nl\/wp-content\/uploads\/2023\/07\/Maxani-Pyomax-brush-klein-566x800.png\" class=\"attachment-large size-large\" alt=\"\" srcset=\"https:\/\/maxani.nl\/wp-content\/uploads\/2023\/07\/Maxani-Pyomax-brush-klein-566x800.png 566w, https:\/\/maxani.nl\/wp-content\/uploads\/2023\/07\/Maxani-Pyomax-brush-klein-283x400.png 283w, https:\/\/maxani.nl\/wp-content\/uploads\/2023\/07\/Maxani-Pyomax-brush-klein-768x1086.png 768w, https:\/\/maxani.nl\/wp-content\/uploads\/2023\/07\/Maxani-Pyomax-brush-klein-510x721.png 510w, https:\/\/maxani.nl\/wp-content\/uploads\/2023\/07\/Maxani-Pyomax-brush-klein.png 930w\" sizes=\"auto, (max-width: 566px) 100vw, 566px\" \/>\t\t\t\t\t\t\n\t\t\t\t\t<\/div>\n\t\t\t\t\t\t\t\t\n<style>\n#image_1019352901 {\n  width: 100%;\n}\n<\/style>\n\t<\/div>\n\t\n\n\n\t\t<\/div>\n\t\t\t\t\t<\/div>\n\n\t\n\n<\/div>\n\n\t\t<\/div>\n\n\t\t\n<style>\n#section_313543929 {\n  padding-top: 60px;\n  padding-bottom: 60px;\n  min-height: 300px;\n}\n<\/style>\n\t<\/section>","protected":false},"excerpt":{"rendered":"","protected":false},"author":1,"featured_media":0,"parent":0,"menu_order":0,"comment_status":"closed","ping_status":"closed","template":"page-blank.php","meta":{"footnotes":""},"class_list":["post-13462","page","type-page","status-publish","hentry"],"yoast_head":"<!-- This site is optimized with the Yoast SEO plugin v27.1.1 - https:\/\/yoast.com\/product\/yoast-seo-wordpress\/ -->\n<title>Bijsluiter Zure oordruppels - Maxani Animal Healthcare BV<\/title>\n<meta name=\"description\" content=\"Zure oordruppels worden gebruikt bij honden en katten. Azijnzuur maakt het milieu in de externe gehoorgang zuurder.\" \/>\n<meta name=\"robots\" content=\"index, follow, max-snippet:-1, max-image-preview:large, max-video-preview:-1\" \/>\n<link rel=\"canonical\" href=\"https:\/\/maxani.nl\/es\/pyomaxbrush\/\" \/>\n<meta property=\"og:locale\" content=\"es_ES\" \/>\n<meta property=\"og:type\" content=\"article\" \/>\n<meta property=\"og:title\" content=\"Bijsluiter Zure oordruppels - Maxani Animal Healthcare BV\" \/>\n<meta property=\"og:description\" content=\"Zure oordruppels worden gebruikt bij honden en katten. Azijnzuur maakt het milieu in de externe gehoorgang zuurder.\" \/>\n<meta property=\"og:url\" content=\"https:\/\/maxani.nl\/es\/pyomaxbrush\/\" \/>\n<meta property=\"og:site_name\" content=\"Maxani Animal Healthcare BV\" \/>\n<meta property=\"article:modified_time\" content=\"2024-03-04T17:09:29+00:00\" \/>\n<meta name=\"twitter:card\" content=\"summary_large_image\" \/>\n<meta name=\"twitter:label1\" content=\"Tiempo de lectura\" \/>\n\t<meta name=\"twitter:data1\" content=\"3 minutos\" \/>\n<script type=\"application\/ld+json\" class=\"yoast-schema-graph\">{\"@context\":\"https:\/\/schema.org\",\"@graph\":[{\"@type\":\"WebPage\",\"@id\":\"https:\/\/maxani.nl\/pyomaxbrush\/\",\"url\":\"https:\/\/maxani.nl\/pyomaxbrush\/\",\"name\":\"Bijsluiter Zure oordruppels - Maxani Animal Healthcare BV\",\"isPartOf\":{\"@id\":\"https:\/\/maxani.nl\/#website\"},\"datePublished\":\"2023-11-22T19:14:37+00:00\",\"dateModified\":\"2024-03-04T17:09:29+00:00\",\"description\":\"Zure oordruppels worden gebruikt bij honden en katten. Azijnzuur maakt het milieu in de externe gehoorgang zuurder.\",\"breadcrumb\":{\"@id\":\"https:\/\/maxani.nl\/pyomaxbrush\/#breadcrumb\"},\"inLanguage\":\"es\",\"potentialAction\":[{\"@type\":\"ReadAction\",\"target\":[\"https:\/\/maxani.nl\/pyomaxbrush\/\"]}]},{\"@type\":\"BreadcrumbList\",\"@id\":\"https:\/\/maxani.nl\/pyomaxbrush\/#breadcrumb\",\"itemListElement\":[{\"@type\":\"ListItem\",\"position\":1,\"name\":\"Home\",\"item\":\"https:\/\/maxani.nl\/\"},{\"@type\":\"ListItem\",\"position\":2,\"name\":\"Pyomax brush bijsluiter\"}]},{\"@type\":\"WebSite\",\"@id\":\"https:\/\/maxani.nl\/#website\",\"url\":\"https:\/\/maxani.nl\/\",\"name\":\"Maxani Animal Healthcare BV\",\"description\":\"Uw partner in veterinaire dermatologie\",\"potentialAction\":[{\"@type\":\"SearchAction\",\"target\":{\"@type\":\"EntryPoint\",\"urlTemplate\":\"https:\/\/maxani.nl\/?s={search_term_string}\"},\"query-input\":{\"@type\":\"PropertyValueSpecification\",\"valueRequired\":true,\"valueName\":\"search_term_string\"}}],\"inLanguage\":\"es\"}]}<\/script>\n<!-- \/ Yoast SEO plugin. -->","yoast_head_json":{"title":"Bijsluiter Zure oordruppels - Maxani Animal Healthcare BV","description":"Zure oordruppels worden gebruikt bij honden en katten. Azijnzuur maakt het milieu in de externe gehoorgang zuurder.","robots":{"index":"index","follow":"follow","max-snippet":"max-snippet:-1","max-image-preview":"max-image-preview:large","max-video-preview":"max-video-preview:-1"},"canonical":"https:\/\/maxani.nl\/es\/pyomaxbrush\/","og_locale":"es_ES","og_type":"article","og_title":"Bijsluiter Zure oordruppels - Maxani Animal Healthcare BV","og_description":"Zure oordruppels worden gebruikt bij honden en katten. Azijnzuur maakt het milieu in de externe gehoorgang zuurder.","og_url":"https:\/\/maxani.nl\/es\/pyomaxbrush\/","og_site_name":"Maxani Animal Healthcare BV","article_modified_time":"2024-03-04T17:09:29+00:00","twitter_card":"summary_large_image","twitter_misc":{"Tiempo de lectura":"3 minutos"},"schema":{"@context":"https:\/\/schema.org","@graph":[{"@type":"WebPage","@id":"https:\/\/maxani.nl\/pyomaxbrush\/","url":"https:\/\/maxani.nl\/pyomaxbrush\/","name":"Bijsluiter Zure oordruppels - Maxani Animal Healthcare BV","isPartOf":{"@id":"https:\/\/maxani.nl\/#website"},"datePublished":"2023-11-22T19:14:37+00:00","dateModified":"2024-03-04T17:09:29+00:00","description":"Zure oordruppels worden gebruikt bij honden en katten. Azijnzuur maakt het milieu in de externe gehoorgang zuurder.","breadcrumb":{"@id":"https:\/\/maxani.nl\/pyomaxbrush\/#breadcrumb"},"inLanguage":"es","potentialAction":[{"@type":"ReadAction","target":["https:\/\/maxani.nl\/pyomaxbrush\/"]}]},{"@type":"BreadcrumbList","@id":"https:\/\/maxani.nl\/pyomaxbrush\/#breadcrumb","itemListElement":[{"@type":"ListItem","position":1,"name":"Home","item":"https:\/\/maxani.nl\/"},{"@type":"ListItem","position":2,"name":"Pyomax brush bijsluiter"}]},{"@type":"WebSite","@id":"https:\/\/maxani.nl\/#website","url":"https:\/\/maxani.nl\/","name":"Maxani Animal Healthcare BV","description":"Su socio en dermatolog\u00eda veterinaria","potentialAction":[{"@type":"SearchAction","target":{"@type":"EntryPoint","urlTemplate":"https:\/\/maxani.nl\/?s={search_term_string}"},"query-input":{"@type":"PropertyValueSpecification","valueRequired":true,"valueName":"search_term_string"}}],"inLanguage":"es"}]}},"jetpack_sharing_enabled":true,"_links":{"self":[{"href":"https:\/\/maxani.nl\/es\/wp-json\/wp\/v2\/pages\/13462","targetHints":{"allow":["GET"]}}],"collection":[{"href":"https:\/\/maxani.nl\/es\/wp-json\/wp\/v2\/pages"}],"about":[{"href":"https:\/\/maxani.nl\/es\/wp-json\/wp\/v2\/types\/page"}],"author":[{"embeddable":true,"href":"https:\/\/maxani.nl\/es\/wp-json\/wp\/v2\/users\/1"}],"replies":[{"embeddable":true,"href":"https:\/\/maxani.nl\/es\/wp-json\/wp\/v2\/comments?post=13462"}],"version-history":[{"count":4,"href":"https:\/\/maxani.nl\/es\/wp-json\/wp\/v2\/pages\/13462\/revisions"}],"predecessor-version":[{"id":13982,"href":"https:\/\/maxani.nl\/es\/wp-json\/wp\/v2\/pages\/13462\/revisions\/13982"}],"wp:attachment":[{"href":"https:\/\/maxani.nl\/es\/wp-json\/wp\/v2\/media?parent=13462"}],"curies":[{"name":"wp","href":"https:\/\/api.w.org\/{rel}","templated":true}]}}