{"id":13455,"date":"2023-11-22T19:10:51","date_gmt":"2023-11-22T19:10:51","guid":{"rendered":"https:\/\/maxani.nl\/?page_id=13455"},"modified":"2024-03-04T17:08:05","modified_gmt":"2024-03-04T17:08:05","slug":"cleanserspray","status":"publish","type":"page","link":"https:\/\/maxani.nl\/es\/cleanserspray\/","title":{"rendered":"Cleanser Spray bijsluiter"},"content":{"rendered":"<section class=\"section\" id=\"section_282271125\">\n\t\t<div class=\"section-bg fill\" >\n\t\t\t<img loading=\"lazy\" decoding=\"async\" width=\"1718\" height=\"2560\" src=\"https:\/\/maxani.nl\/wp-content\/uploads\/2023\/07\/Achtergrond-voor-website-Maxani2-scaled.jpg\" class=\"bg attachment-original size-original\" alt=\"\" \/>\t\t\t\t\t\t\n\t\t\t\n\t<div class=\"is-border\"\n\t\tstyle=\"border-color:rgb(235, 235, 235);border-width:1px 0px 0px 0px;\">\n\t<\/div>\n\n\t\t<\/div>\n\n\t\t\n\n\t\t<div class=\"section-content relative\">\n\t\t\t\n\n<div class=\"row\"  id=\"row-882763018\">\n\n\n\t<div id=\"col-1332803878\" class=\"col medium-8 small-12 large-8\"  >\n\t\t\t\t<div class=\"col-inner\"  >\n\t\t\t\n\t\t\t\n\n<h1>Spray limpiador 250 ml<\/h1>\n<h3>RESUMEN<\/h3>\n<p>Contiene una combinaci\u00f3n cuidadosamente formulada de ingredientes, incluyendo agua fisiol\u00f3gica, glicerina, clorhexadina y jabones suaves.<\/p>\n<h3>SOLICITUD<\/h3>\n<p>Cleanser Spray limpia y aclara la piel afectada, eliminando los restos y favoreciendo as\u00ed la recuperaci\u00f3n de la piel. La combinaci\u00f3n de agua fisiol\u00f3gica, glicerina, clorhexadina y jabones suaves disuelve eficazmente las prote\u00ednas, la suciedad y las grasas de la piel afectada, o seg\u00fan prescripci\u00f3n de su veterinario. El producto debe secarse al aire durante al menos 5 a 10 minutos, no es necesario aclararlo.<\/p>\n<h3>CONTRIBUCIONES<\/h3>\n<p>Ninguna conocida.<\/p>\n<h3>CONTRAINDICACIONES<\/h3>\n<p>No utilice el Spray Limpiador si existe hipersensibilidad conocida a alguno de los ingredientes. La hipersensibilidad puede causar irritaci\u00f3n de la piel. Evite el contacto con ojos y o\u00eddos.<\/p>\n<h3><span style=\"font-size: 20.16px; color: #333333;\">V\u00cdA Y M\u00c9TODO DE ADMINISTRACI\u00d3N<\/span><\/h3>\n<p>Cleanser Spray limpia y aclara la piel afectada, eliminando los restos y favoreciendo as\u00ed la recuperaci\u00f3n de la piel. La combinaci\u00f3n de agua fisiol\u00f3gica, glicerina, clorhexadina y jabones suaves disuelve eficazmente las prote\u00ednas, la suciedad y las grasas de la piel afectada, o seg\u00fan prescripci\u00f3n de su veterinario. El producto debe secarse al aire durante al menos 5 a 10 minutos, no es necesario aclararlo.<\/p>\n<h3>ALMACENAMIENTO Y CADUCIDAD<\/h3>\n<p>Conservar a temperatura ambiente (15-25 \u00baC) durante 5 a\u00f1os a partir de la fecha de producci\u00f3n.<\/p>\n<p>Puede conservarse durante 12 meses tras su apertura.<\/p>\n<p>Mant\u00e9ngase fuera de la vista y del alcance de los ni\u00f1os.<\/p>\n<h3>EMBALAJE<\/h3>\n<p>Frasco de 250 ml<\/p>\n<h3>DISTRIBUIDOR<\/h3>\n<p>Maxani Animal Healthcare B.V.<br \/>Avenida Lark 14-b<br \/>3704 GR Zeist<br \/>Pa\u00edses Bajos<\/p>\n<p>\u00a0<\/p>\n<p>\u00a0<\/p>\n<h3>COMPOSICI\u00d3N<\/h3>\n<p>Contiene una combinaci\u00f3n cuidadosamente formulada de ingredientes, incluyendo agua fisiol\u00f3gica, glicerina, clorhexidina y jabones suaves.<\/p>\n<h3>SOLICITUD<\/h3>\n<p>Cleanser Spray limpia y aclara la piel afectada, elimina los restos y favorece la recuperaci\u00f3n de la piel. La combinaci\u00f3n de agua fisiol\u00f3gica, glicerina, clorhexidina y jabones suaves disuelve eficazmente las prote\u00ednas, la suciedad y las grasas de la piel afectada, o seg\u00fan prescripci\u00f3n de su veterinario. El producto debe dejarse secar al aire durante un m\u00ednimo de 5 a 10 minutos, y no es necesario aclararlo.<\/p>\n<h3>REACCIONES ADVERSAS<\/h3>\n<p>Ninguna conocida.<\/p>\n<h3>CONTRAINDICACIONES<\/h3>\n<p>No utilice el Spray Limpiador si existe hipersensibilidad conocida a alguno de los componentes. La hipersensibilidad puede causar irritaci\u00f3n de la piel. Evite el contacto con los ojos y los o\u00eddos.<\/p>\n<h3>M\u00c9TODO Y V\u00cdA DE ADMINISTRACI\u00d3N<\/h3>\n<p>Cleanser Spray limpia y aclara la piel afectada, elimina los restos y favorece la recuperaci\u00f3n de la piel. La combinaci\u00f3n de agua fisiol\u00f3gica, glicerina, clorhexidina y jabones suaves disuelve eficazmente las prote\u00ednas, la suciedad y las grasas de la piel afectada, o seg\u00fan prescripci\u00f3n de su veterinario. El producto debe dejarse secar al aire durante un m\u00ednimo de 5 a 10 minutos, y no es necesario aclararlo.<\/p>\n<h3>CADUCIDAD Y CONDICIONES DE ALMACENAMIENTO<\/h3>\n<p>Conservar a temperatura ambiente (15-25\u00b0C) durante 5 a\u00f1os a partir de la fecha de fabricaci\u00f3n.<\/p>\n<p>Conservar a temperatura inferior a 25 \u00baC durante 12 meses a partir de la fecha de fabricaci\u00f3n.<\/p>\n<p>Mantener fuera de la vista y del alcance de los ni\u00f1os.<\/p>\n<h3>PAQUETE<\/h3>\n<p>Vial de 250 ml<\/p>\n<h3>DISTRIBUIDOR<\/h3>\n<p>Maxani Animal Healthcare B.V.<br \/>Avenida Lark 14-b<br \/>3704 GR Zeist<br \/>Pa\u00edses Bajos<\/p>\n<p>\u00a0<\/p>\n\n\t\t<\/div>\n\t\t\t\t\t<\/div>\n\n\t\n\n\t<div id=\"col-1200595898\" class=\"col medium-4 small-12 large-4\"  >\n\t\t\t\t<div class=\"col-inner\"  >\n\t\t\t\n\t\t\t\n\n\t<div class=\"img has-hover x md-x lg-x y md-y lg-y\" id=\"image_1031883130\">\n\t\t\t\t\t\t\t\t<div class=\"img-inner dark\" >\n\t\t\t<img loading=\"lazy\" decoding=\"async\" width=\"800\" height=\"800\" src=\"https:\/\/maxani.nl\/wp-content\/uploads\/2023\/07\/Maxani-cleanser-spray-250-ml-800x800.png\" class=\"attachment-large size-large\" alt=\"\" srcset=\"https:\/\/maxani.nl\/wp-content\/uploads\/2023\/07\/Maxani-cleanser-spray-250-ml-800x800.png 800w, https:\/\/maxani.nl\/wp-content\/uploads\/2023\/07\/Maxani-cleanser-spray-250-ml-400x400.png 400w, https:\/\/maxani.nl\/wp-content\/uploads\/2023\/07\/Maxani-cleanser-spray-250-ml-280x280.png 280w, https:\/\/maxani.nl\/wp-content\/uploads\/2023\/07\/Maxani-cleanser-spray-250-ml-768x768.png 768w, https:\/\/maxani.nl\/wp-content\/uploads\/2023\/07\/Maxani-cleanser-spray-250-ml-247x247.png 247w, https:\/\/maxani.nl\/wp-content\/uploads\/2023\/07\/Maxani-cleanser-spray-250-ml-510x510.png 510w, https:\/\/maxani.nl\/wp-content\/uploads\/2023\/07\/Maxani-cleanser-spray-250-ml-100x100.png 100w, https:\/\/maxani.nl\/wp-content\/uploads\/2023\/07\/Maxani-cleanser-spray-250-ml.png 1080w\" sizes=\"auto, (max-width: 800px) 100vw, 800px\" \/>\t\t\t\t\t\t\n\t\t\t\t\t<\/div>\n\t\t\t\t\t\t\t\t\n<style>\n#image_1031883130 {\n  width: 100%;\n}\n<\/style>\n\t<\/div>\n\t\n\n\n\t\t<\/div>\n\t\t\t\t\t<\/div>\n\n\t\n\n<\/div>\n\n\t\t<\/div>\n\n\t\t\n<style>\n#section_282271125 {\n  padding-top: 60px;\n  padding-bottom: 60px;\n  min-height: 300px;\n}\n<\/style>\n\t<\/section>","protected":false},"excerpt":{"rendered":"","protected":false},"author":1,"featured_media":0,"parent":0,"menu_order":0,"comment_status":"closed","ping_status":"closed","template":"page-blank.php","meta":{"footnotes":""},"class_list":["post-13455","page","type-page","status-publish","hentry"],"yoast_head":"<!-- This site is optimized with the Yoast SEO plugin v27.1.1 - https:\/\/yoast.com\/product\/yoast-seo-wordpress\/ -->\n<title>Bijsluiter Zure oordruppels - Maxani Animal Healthcare BV<\/title>\n<meta name=\"description\" content=\"Zure oordruppels worden gebruikt bij honden en katten. Azijnzuur maakt het milieu in de externe gehoorgang zuurder.\" \/>\n<meta name=\"robots\" content=\"index, follow, max-snippet:-1, max-image-preview:large, max-video-preview:-1\" \/>\n<link rel=\"canonical\" href=\"https:\/\/maxani.nl\/es\/cleanserspray\/\" \/>\n<meta property=\"og:locale\" content=\"es_ES\" \/>\n<meta property=\"og:type\" content=\"article\" \/>\n<meta property=\"og:title\" content=\"Bijsluiter Zure oordruppels - Maxani Animal Healthcare BV\" \/>\n<meta property=\"og:description\" content=\"Zure oordruppels worden gebruikt bij honden en katten. Azijnzuur maakt het milieu in de externe gehoorgang zuurder.\" \/>\n<meta property=\"og:url\" content=\"https:\/\/maxani.nl\/es\/cleanserspray\/\" \/>\n<meta property=\"og:site_name\" content=\"Maxani Animal Healthcare BV\" \/>\n<meta property=\"article:modified_time\" content=\"2024-03-04T17:08:05+00:00\" \/>\n<meta name=\"twitter:card\" content=\"summary_large_image\" \/>\n<meta name=\"twitter:label1\" content=\"Tiempo de lectura\" \/>\n\t<meta name=\"twitter:data1\" content=\"3 minutos\" \/>\n<script type=\"application\/ld+json\" class=\"yoast-schema-graph\">{\"@context\":\"https:\/\/schema.org\",\"@graph\":[{\"@type\":\"WebPage\",\"@id\":\"https:\/\/maxani.nl\/cleanserspray\/\",\"url\":\"https:\/\/maxani.nl\/cleanserspray\/\",\"name\":\"Bijsluiter Zure oordruppels - Maxani Animal Healthcare BV\",\"isPartOf\":{\"@id\":\"https:\/\/maxani.nl\/#website\"},\"datePublished\":\"2023-11-22T19:10:51+00:00\",\"dateModified\":\"2024-03-04T17:08:05+00:00\",\"description\":\"Zure oordruppels worden gebruikt bij honden en katten. Azijnzuur maakt het milieu in de externe gehoorgang zuurder.\",\"breadcrumb\":{\"@id\":\"https:\/\/maxani.nl\/cleanserspray\/#breadcrumb\"},\"inLanguage\":\"es\",\"potentialAction\":[{\"@type\":\"ReadAction\",\"target\":[\"https:\/\/maxani.nl\/cleanserspray\/\"]}]},{\"@type\":\"BreadcrumbList\",\"@id\":\"https:\/\/maxani.nl\/cleanserspray\/#breadcrumb\",\"itemListElement\":[{\"@type\":\"ListItem\",\"position\":1,\"name\":\"Home\",\"item\":\"https:\/\/maxani.nl\/\"},{\"@type\":\"ListItem\",\"position\":2,\"name\":\"Cleanser Spray bijsluiter\"}]},{\"@type\":\"WebSite\",\"@id\":\"https:\/\/maxani.nl\/#website\",\"url\":\"https:\/\/maxani.nl\/\",\"name\":\"Maxani Animal Healthcare BV\",\"description\":\"Uw partner in veterinaire dermatologie\",\"potentialAction\":[{\"@type\":\"SearchAction\",\"target\":{\"@type\":\"EntryPoint\",\"urlTemplate\":\"https:\/\/maxani.nl\/?s={search_term_string}\"},\"query-input\":{\"@type\":\"PropertyValueSpecification\",\"valueRequired\":true,\"valueName\":\"search_term_string\"}}],\"inLanguage\":\"es\"}]}<\/script>\n<!-- \/ Yoast SEO plugin. -->","yoast_head_json":{"title":"Bijsluiter Zure oordruppels - Maxani Animal Healthcare BV","description":"Zure oordruppels worden gebruikt bij honden en katten. Azijnzuur maakt het milieu in de externe gehoorgang zuurder.","robots":{"index":"index","follow":"follow","max-snippet":"max-snippet:-1","max-image-preview":"max-image-preview:large","max-video-preview":"max-video-preview:-1"},"canonical":"https:\/\/maxani.nl\/es\/cleanserspray\/","og_locale":"es_ES","og_type":"article","og_title":"Bijsluiter Zure oordruppels - Maxani Animal Healthcare BV","og_description":"Zure oordruppels worden gebruikt bij honden en katten. Azijnzuur maakt het milieu in de externe gehoorgang zuurder.","og_url":"https:\/\/maxani.nl\/es\/cleanserspray\/","og_site_name":"Maxani Animal Healthcare BV","article_modified_time":"2024-03-04T17:08:05+00:00","twitter_card":"summary_large_image","twitter_misc":{"Tiempo de lectura":"3 minutos"},"schema":{"@context":"https:\/\/schema.org","@graph":[{"@type":"WebPage","@id":"https:\/\/maxani.nl\/cleanserspray\/","url":"https:\/\/maxani.nl\/cleanserspray\/","name":"Bijsluiter Zure oordruppels - Maxani Animal Healthcare BV","isPartOf":{"@id":"https:\/\/maxani.nl\/#website"},"datePublished":"2023-11-22T19:10:51+00:00","dateModified":"2024-03-04T17:08:05+00:00","description":"Zure oordruppels worden gebruikt bij honden en katten. Azijnzuur maakt het milieu in de externe gehoorgang zuurder.","breadcrumb":{"@id":"https:\/\/maxani.nl\/cleanserspray\/#breadcrumb"},"inLanguage":"es","potentialAction":[{"@type":"ReadAction","target":["https:\/\/maxani.nl\/cleanserspray\/"]}]},{"@type":"BreadcrumbList","@id":"https:\/\/maxani.nl\/cleanserspray\/#breadcrumb","itemListElement":[{"@type":"ListItem","position":1,"name":"Home","item":"https:\/\/maxani.nl\/"},{"@type":"ListItem","position":2,"name":"Cleanser Spray bijsluiter"}]},{"@type":"WebSite","@id":"https:\/\/maxani.nl\/#website","url":"https:\/\/maxani.nl\/","name":"Maxani Animal Healthcare BV","description":"Su socio en dermatolog\u00eda veterinaria","potentialAction":[{"@type":"SearchAction","target":{"@type":"EntryPoint","urlTemplate":"https:\/\/maxani.nl\/?s={search_term_string}"},"query-input":{"@type":"PropertyValueSpecification","valueRequired":true,"valueName":"search_term_string"}}],"inLanguage":"es"}]}},"jetpack_sharing_enabled":true,"_links":{"self":[{"href":"https:\/\/maxani.nl\/es\/wp-json\/wp\/v2\/pages\/13455","targetHints":{"allow":["GET"]}}],"collection":[{"href":"https:\/\/maxani.nl\/es\/wp-json\/wp\/v2\/pages"}],"about":[{"href":"https:\/\/maxani.nl\/es\/wp-json\/wp\/v2\/types\/page"}],"author":[{"embeddable":true,"href":"https:\/\/maxani.nl\/es\/wp-json\/wp\/v2\/users\/1"}],"replies":[{"embeddable":true,"href":"https:\/\/maxani.nl\/es\/wp-json\/wp\/v2\/comments?post=13455"}],"version-history":[{"count":3,"href":"https:\/\/maxani.nl\/es\/wp-json\/wp\/v2\/pages\/13455\/revisions"}],"predecessor-version":[{"id":13980,"href":"https:\/\/maxani.nl\/es\/wp-json\/wp\/v2\/pages\/13455\/revisions\/13980"}],"wp:attachment":[{"href":"https:\/\/maxani.nl\/es\/wp-json\/wp\/v2\/media?parent=13455"}],"curies":[{"name":"wp","href":"https:\/\/api.w.org\/{rel}","templated":true}]}}