{"id":13196,"date":"2023-10-16T13:29:11","date_gmt":"2023-10-16T13:29:11","guid":{"rendered":"https:\/\/maxani.nl\/?page_id=13196"},"modified":"2023-10-17T12:51:39","modified_gmt":"2023-10-17T12:51:39","slug":"jeuk-bij-katten","status":"publish","type":"page","link":"https:\/\/maxani.nl\/es\/jeuk-bij-katten\/","title":{"rendered":"Jeuk bij katten"},"content":{"rendered":"<section class=\"section\" id=\"section_1765594373\">\n\t\t<div class=\"section-bg fill\" >\n\t\t\t<img loading=\"lazy\" decoding=\"async\" width=\"1718\" height=\"2560\" src=\"https:\/\/maxani.nl\/wp-content\/uploads\/2023\/07\/Achtergrond-voor-website-Maxani2-scaled.jpg\" class=\"bg attachment-original size-original\" alt=\"\" \/>\t\t\t\t\t\t\n\t\t\t\n\t<div class=\"is-border\"\n\t\tstyle=\"border-color:rgb(235, 235, 235);border-width:1px 0px 0px 0px;\">\n\t<\/div>\n\n\t\t<\/div>\n\n\t\t\n\n\t\t<div class=\"section-content relative\">\n\t\t\t\n\n<div class=\"row\"  id=\"row-1646365745\">\n\n\n\t<div id=\"col-474765573\" class=\"col medium-8 small-12 large-8\"  >\n\t\t\t\t<div class=\"col-inner\"  >\n\t\t\t\n\t\t\t\n\n\t<div id=\"gap-1087495622\" class=\"gap-element clearfix\" style=\"display:block; height:auto;\">\n\t\t\n<style>\n#gap-1087495622 {\n  padding-top: 15px;\n}\n<\/style>\n\t<\/div>\n\t\n\n\t<div id=\"text-2006355804\" class=\"text\">\n\t\t\n\n<h1>Mi gato tiene picores: \u00bfqu\u00e9 hacer?<\/h1>\n\t\t\n<style>\n#text-2006355804 {\n  font-size: 1.3rem;\n}\n<\/style>\n\t<\/div>\n\t\n<p>El picor es un problema frecuente en los gatos, pero puede tener varias causas. Cuando su gato se rasca constantemente la piel, puede da\u00f1arla a\u00fan m\u00e1s. Es importante tratar este picor y abordar la causa subyacente para evitar que su gato siga da\u00f1ando la piel al rascarse.<\/p>\n<h2>Causas del picor<\/h2>\n<p>El picor de su gato puede deberse a varias causas. Por ejemplo, alergias, par\u00e1sitos o una afecci\u00f3n cut\u00e1nea. A veces es dif\u00edcil determinar la causa exacta del picor. \u00bfTiene dudas sobre la causa? Si es as\u00ed, consulte a un veterinario.<\/p>\n<h3>Alergias<\/h3>\n<p><strong><u>Alergias ambientales (atopia)<br \/><\/u><\/strong>La atopia (dermatitis at\u00f3pica) est\u00e1 causada por una reacci\u00f3n de hipersensibilidad a al\u00e9rgenos como el polen de las plantas con flores y\/o los \u00e1caros del polvo dom\u00e9stico. La atopia es una forma com\u00fan de alergia en los gatos, y puede ser hereditaria y espec\u00edfica de la raza. Esto significa que algunas razas son m\u00e1s propensas a desarrollar atopia que otras.<\/p>\n<p><strong>S\u00edntomas:<\/strong><\/p>\n<ul>\n<li>Picor en: patas, cabeza, axilas e ingles<\/li>\n<li>Piel enrojecida e irritada<\/li>\n<\/ul>\n<p><strong>\u00bfQu\u00e9 hacer con la atopia?<\/strong><\/p>\n<ul>\n<li>Apoyo a la barrera cut\u00e1nea<\/li>\n<li>Evitar los al\u00e9rgenos<\/li>\n<li>Lavar con un champ\u00fa especial para animales al\u00e9rgicos (<a href=\"https:\/\/maxani.nl\/es\/productinformatie\/#AtopOat192125\"><span style=\"text-decoration: underline;\">AtopOat Champ\u00fa para la piel<\/span><\/a> y\/o <span style=\"text-decoration: underline;\"><a href=\"https:\/\/maxani.nl\/es\/productinformatie\/#atopoatmousse\">Mousse<\/a><\/span>)<\/li>\n<\/ul>\n<p>\u00a0<\/p>\n<p><strong><u>\u00bfTiene mi gato alergia a las pulgas?<br \/><\/u><\/strong>La alergia a las pulgas consiste en una reacci\u00f3n al\u00e9rgica a la saliva de las pulgas. Cuando las pulgas pican y se alimentan de la sangre de su gato, dejan saliva en la piel. En los gatos con esta alergia, incluso una sola picadura de pulga puede causar picor e irritaci\u00f3n de la piel.<\/p>\n<p><strong>S\u00edntomas:<\/strong><\/p>\n<ul>\n<li>Rascarse y morderse en exceso, especialmente alrededor de la base de la cola, la espalda y las patas traseras.<\/li>\n<li>Erupci\u00f3n cut\u00e1nea y protuberancias rojas.<\/li>\n<li>Ca\u00edda del cabello e irritaci\u00f3n de la piel.<\/li>\n<li>Puntos calientes (inflamaci\u00f3n repentina y dolorosa de la piel).<\/li>\n<\/ul>\n<p>\u00a0<\/p>\n<p><strong><u>\u00bfTiene mi gato alergia a alg\u00fan alimento?<br \/><\/u><\/strong>La alergia alimentaria en los gatos se produce cuando el organismo de su gato reacciona a determinados nutrientes de los alimentos que ingiere. La mayor\u00eda de los gatos reaccionan a determinadas prote\u00ednas, como el pollo y la ternera. Esto puede provocar una serie de s\u00edntomas al\u00e9rgicos, desde picores y problemas cut\u00e1neos hasta v\u00f3mitos y diarrea.<\/p>\n<p><strong>S\u00edntomas:<\/strong><\/p>\n<ul>\n<li>Picor: rascarse, morderse y lamerse la piel, especialmente alrededor de la cara, las orejas, las piernas y el vientre.<\/li>\n<li>Irritaci\u00f3n cut\u00e1nea: Piel roja e irritada, erupci\u00f3n cut\u00e1nea y ca\u00edda del cabello.<\/li>\n<li>Problemas gastrointestinales: V\u00f3mitos, diarrea, flatulencia y dolor abdominal.<\/li>\n<\/ul>\n<p><strong>\u00bfQu\u00e9 hacer en caso de posible alergia alimentaria?<\/strong><\/p>\n<ul>\n<li>Dieta compuesta (dieta de eliminaci\u00f3n): H\u00e1gala consultando con un veterinario o especialista<\/li>\n<li>Alimentos en los que la fuente de prote\u00ednas se ha descompuesto parcialmente<\/li>\n<li>Alimentos con fuentes de prote\u00ednas \u00fanicas o en los que el nutriente no est\u00e1 presente en la dieta<\/li>\n<\/ul>\n\n\t\t<\/div>\n\t\t\t\t\t<\/div>\n\n\t\n\n\t<div id=\"col-983409199\" class=\"col medium-4 small-12 large-4\"  >\n\t\t\t\t<div class=\"col-inner\"  >\n\t\t\t\n\t\t\t\n\n\t<div class=\"img has-hover x md-x lg-x y md-y lg-y\" id=\"image_1270828537\">\n\t\t\t\t\t\t\t\t<div class=\"img-inner dark\" >\n\t\t\t<img loading=\"lazy\" decoding=\"async\" width=\"600\" height=\"599\" src=\"https:\/\/maxani.nl\/wp-content\/uploads\/2023\/10\/kat-met-jeuk.png\" class=\"attachment-large size-large\" alt=\"jeuk bij katten\" srcset=\"https:\/\/maxani.nl\/wp-content\/uploads\/2023\/10\/kat-met-jeuk.png 600w, https:\/\/maxani.nl\/wp-content\/uploads\/2023\/10\/kat-met-jeuk-401x400.png 401w, https:\/\/maxani.nl\/wp-content\/uploads\/2023\/10\/kat-met-jeuk-280x280.png 280w, https:\/\/maxani.nl\/wp-content\/uploads\/2023\/10\/kat-met-jeuk-247x247.png 247w, https:\/\/maxani.nl\/wp-content\/uploads\/2023\/10\/kat-met-jeuk-510x509.png 510w, https:\/\/maxani.nl\/wp-content\/uploads\/2023\/10\/kat-met-jeuk-100x100.png 100w\" sizes=\"auto, (max-width: 600px) 100vw, 600px\" \/>\t\t\t\t\t\t\n\t\t\t\t\t<\/div>\n\t\t\t\t\t\t\t\t\n<style>\n#image_1270828537 {\n  width: 100%;\n}\n<\/style>\n\t<\/div>\n\t\n\n\t<div class=\"img has-hover x md-x lg-x y md-y lg-y\" id=\"image_1901414508\">\n\t\t\t\t\t\t\t\t<div class=\"img-inner dark\" >\n\t\t\t<img loading=\"lazy\" decoding=\"async\" width=\"800\" height=\"800\" src=\"https:\/\/maxani.nl\/wp-content\/uploads\/2023\/07\/Maxani-AtopOat-shampoo-200-ml-800x800.png\" class=\"attachment-large size-large\" alt=\"\" srcset=\"https:\/\/maxani.nl\/wp-content\/uploads\/2023\/07\/Maxani-AtopOat-shampoo-200-ml-800x800.png 800w, https:\/\/maxani.nl\/wp-content\/uploads\/2023\/07\/Maxani-AtopOat-shampoo-200-ml-400x400.png 400w, https:\/\/maxani.nl\/wp-content\/uploads\/2023\/07\/Maxani-AtopOat-shampoo-200-ml-280x280.png 280w, https:\/\/maxani.nl\/wp-content\/uploads\/2023\/07\/Maxani-AtopOat-shampoo-200-ml-768x768.png 768w, https:\/\/maxani.nl\/wp-content\/uploads\/2023\/07\/Maxani-AtopOat-shampoo-200-ml-247x247.png 247w, https:\/\/maxani.nl\/wp-content\/uploads\/2023\/07\/Maxani-AtopOat-shampoo-200-ml-510x510.png 510w, https:\/\/maxani.nl\/wp-content\/uploads\/2023\/07\/Maxani-AtopOat-shampoo-200-ml-100x100.png 100w, https:\/\/maxani.nl\/wp-content\/uploads\/2023\/07\/Maxani-AtopOat-shampoo-200-ml.png 1080w\" sizes=\"auto, (max-width: 800px) 100vw, 800px\" \/>\t\t\t\t\t\t\n\t\t\t\t\t<\/div>\n\t\t\t\t\t\t\t\t\n<style>\n#image_1901414508 {\n  width: 100%;\n}\n<\/style>\n\t<\/div>\n\t\n\n\t<div class=\"img has-hover x md-x lg-x y md-y lg-y\" id=\"image_31262529\">\n\t\t\t\t\t\t\t\t<div class=\"img-inner dark\" >\n\t\t\t<img loading=\"lazy\" decoding=\"async\" width=\"800\" height=\"800\" src=\"https:\/\/maxani.nl\/wp-content\/uploads\/2023\/07\/Maxani-AtopOat-mousse-800x800.png\" class=\"attachment-large size-large\" alt=\"\" srcset=\"https:\/\/maxani.nl\/wp-content\/uploads\/2023\/07\/Maxani-AtopOat-mousse-800x800.png 800w, https:\/\/maxani.nl\/wp-content\/uploads\/2023\/07\/Maxani-AtopOat-mousse-400x400.png 400w, https:\/\/maxani.nl\/wp-content\/uploads\/2023\/07\/Maxani-AtopOat-mousse-280x280.png 280w, https:\/\/maxani.nl\/wp-content\/uploads\/2023\/07\/Maxani-AtopOat-mousse-768x768.png 768w, https:\/\/maxani.nl\/wp-content\/uploads\/2023\/07\/Maxani-AtopOat-mousse-247x247.png 247w, https:\/\/maxani.nl\/wp-content\/uploads\/2023\/07\/Maxani-AtopOat-mousse-510x510.png 510w, https:\/\/maxani.nl\/wp-content\/uploads\/2023\/07\/Maxani-AtopOat-mousse-100x100.png 100w, https:\/\/maxani.nl\/wp-content\/uploads\/2023\/07\/Maxani-AtopOat-mousse.png 1080w\" sizes=\"auto, (max-width: 800px) 100vw, 800px\" \/>\t\t\t\t\t\t\n\t\t\t\t\t<\/div>\n\t\t\t\t\t\t\t\t\n<style>\n#image_31262529 {\n  width: 100%;\n}\n<\/style>\n\t<\/div>\n\t\n\n\n\t\t<\/div>\n\t\t\t\t\t<\/div>\n\n\t\n\n<\/div>\n<div class=\"row\"  id=\"row-707394206\">\n\n\n\t<div id=\"col-577532344\" class=\"col medium-8 small-12 large-8\"  >\n\t\t\t\t<div class=\"col-inner\"  >\n\t\t\t\n\t\t\t\n\n<h3>Par\u00e1sitos<\/h3>\n<p>Los par\u00e1sitos que pueden causar picor en los gatos son:<\/p>\n<p><strong><u>Pulgas<br \/><\/u><\/strong>Estos diminutos par\u00e1sitos se alimentan de la sangre de su gato y dejan tras de s\u00ed una saliva irritante.<\/p>\n<p><strong>\u00bfQu\u00e9 hacer en caso de pulgas? <br \/><\/strong>Detectar las pulgas en su gato puede hacerse f\u00e1cilmente utilizando un peine antipulgas. Conc\u00e9ntrese especialmente en las zonas alrededor de la base de la cola y el cuello, donde las pulgas suelen esconderse. Busque peque\u00f1os puntos negros que se adhieran al peine o al pelo de su gato, que podr\u00edan ser excrementos de pulga. Una vez detectadas las pulgas, es aconsejable tratar a su gato con un medicamento antipulgas para controlar eficazmente los par\u00e1sitos.<\/p>\n<p><strong><u>Garrapata<br \/><\/u><\/strong>Las garrapatas chupan sangre y pueden transmitir enfermedades desagradables. El lugar donde pica la garrapata puede picar debido a la irritaci\u00f3n.<\/p>\n<p><strong>\u00bfQu\u00e9 hacer en caso de garrapatas? <br \/><\/strong>Trate la picadura de garrapata retir\u00e1ndola con cuidado. A continuaci\u00f3n, limpie el lugar de la picadura con un desinfectante suave y trate las heridas con un <span style=\"text-decoration: underline;\"><a href=\"https:\/\/maxani.nl\/es\/productinformatie\/#Honinggel823000\">Gel de miel-O3<\/a><\/span> para evitar irritaciones.<\/p>\n<p><span style=\"text-decoration: underline;\"><strong>\u00c1caros<br \/><\/strong><\/span>Los \u00e1caros se arrastran por el cuerpo y se alimentan de tejidos, fluidos o caspa.<\/p>\n<p><strong><em>Diferentes tipos de \u00e1caros:<\/em><\/strong><\/p>\n<ul>\n<li><strong>Demodex canis<\/strong>: Estos \u00e1caros pueden causar irritaci\u00f3n cut\u00e1nea, pero tambi\u00e9n pueden aparecer sin picor.<\/li>\n<li><strong>\u00c1caro de la sarna (Sarcoptions scabiei):<\/strong> este \u00e1caro provoca picores intensos y es muy contagioso tambi\u00e9n para los humanos<\/li>\n<li><strong>\u00c1caro del manto (Cheyletiella spp.):<\/strong> Este \u00e1caro se localiza en el pelaje y puede provocar enrojecimiento, picor y ca\u00edda del pelo.<\/li>\n<li><strong>\u00c1caro del oto\u00f1o (Neotrombicula<\/strong> <strong>Autumnalis):<\/strong> Estos \u00e1caros prefieren estar cerca del ano, entre los dedos de los pies, las orejas o bajo el abdomen.<\/li>\n<li><strong>\u00c1caros del o\u00eddo (Otodectes)<\/strong>\u00e1caros que se alojan en el conducto auditivo del gato y le causan irritaci\u00f3n y picor.<\/li>\n<\/ul>\n<p><strong>\u00bfQu\u00e9 hacer con los \u00e1caros?<br \/><\/strong>\u00bfSospecha que su gato tiene \u00e1caros? P\u00f3ngase en contacto con su veterinario para obtener un diagn\u00f3stico preciso y un tratamiento espec\u00edfico.<\/p>\n<h4>&nbsp;<\/h4>\n<h4>Otras causas de picor:<\/h4>\n<p><strong><u>Levaduras (Malassezia)<br \/><\/u><\/strong>Malassezia est\u00e1 siempre presente en la piel. Cuando se altera la flora cut\u00e1nea, Malassezia puede colonizar la piel, lo que se acompa\u00f1a de mucho picor e irritaci\u00f3n.<\/p>\n<p><strong>\u00bfQu\u00e9 hacer con la Malassezia?<br \/><\/strong>Lo importante es eliminar la causa. Y lavar al gato con un champ\u00fa especial (Pyomax Skin Shampoo).<\/p>\n<p><strong><u>Infecciones bacterianas<br \/><\/u><\/strong>Las infecciones bacterianas se manifiestan por enrojecimiento, hinchaz\u00f3n, picor y, a veces, formaci\u00f3n de pus. Un veterinario puede diagnosticar la infecci\u00f3n y prescribir un tratamiento, que suele consistir en cuidados de la piel como toallitas de clorhexidina, champ\u00fa y\/o espuma para la piel PyoMax y\/o cepillo de Maxani.<\/p>\n<p><strong><u>Punto caliente<br \/><\/u><\/strong>Una mancha creada por rascarse mucho. Es una mancha roja, h\u00fameda e irritada que su gato se rasca mucho. El rascado empeora cada vez m\u00e1s la mancha. Una mancha puede tener muchas causas, como una alergia alimentaria, \u00e1caros o un apelmazamiento del pelaje.<\/p>\n<p><strong>Qu\u00e9 hacer en un Hotspot:<br \/><\/strong>Para prevenir los Hotspots, es esencial tratar las causas subyacentes, como las causas de picor mencionadas anteriormente. Si su gato desarrolla un Hotspot, consulte inmediatamente a su veterinario para recibir tratamiento, mantenga la zona limpia y evite rascarse y lamerse para prevenir una mayor irritaci\u00f3n.<\/p>\n\n\t\t<\/div>\n\t\t\t\t\t<\/div>\n\n\t\n\n\t<div id=\"col-1663943645\" class=\"col medium-4 small-12 large-4\"  >\n\t\t\t\t<div class=\"col-inner\"  >\n\t\t\t\n\t\t\t\n\n\t<div class=\"img has-hover x md-x lg-x y md-y lg-y\" id=\"image_841686167\">\n\t\t\t\t\t\t\t\t<div class=\"img-inner dark\" >\n\t\t\t<img loading=\"lazy\" decoding=\"async\" width=\"800\" height=\"800\" src=\"https:\/\/maxani.nl\/wp-content\/uploads\/2023\/07\/Maxani-Honey-O3-gel-50-ml-1-800x800.png\" class=\"attachment-large size-large\" alt=\"\" srcset=\"https:\/\/maxani.nl\/wp-content\/uploads\/2023\/07\/Maxani-Honey-O3-gel-50-ml-1-800x800.png 800w, https:\/\/maxani.nl\/wp-content\/uploads\/2023\/07\/Maxani-Honey-O3-gel-50-ml-1-400x400.png 400w, https:\/\/maxani.nl\/wp-content\/uploads\/2023\/07\/Maxani-Honey-O3-gel-50-ml-1-280x280.png 280w, https:\/\/maxani.nl\/wp-content\/uploads\/2023\/07\/Maxani-Honey-O3-gel-50-ml-1-768x768.png 768w, https:\/\/maxani.nl\/wp-content\/uploads\/2023\/07\/Maxani-Honey-O3-gel-50-ml-1-247x247.png 247w, https:\/\/maxani.nl\/wp-content\/uploads\/2023\/07\/Maxani-Honey-O3-gel-50-ml-1-510x510.png 510w, https:\/\/maxani.nl\/wp-content\/uploads\/2023\/07\/Maxani-Honey-O3-gel-50-ml-1-100x100.png 100w, https:\/\/maxani.nl\/wp-content\/uploads\/2023\/07\/Maxani-Honey-O3-gel-50-ml-1.png 1080w\" sizes=\"auto, (max-width: 800px) 100vw, 800px\" \/>\t\t\t\t\t\t\n\t\t\t\t\t<\/div>\n\t\t\t\t\t\t\t\t\n<style>\n#image_841686167 {\n  width: 100%;\n}\n<\/style>\n\t<\/div>\n\t\n\n\n\t\t<\/div>\n\t\t\t\t\t<\/div>\n\n\t\n\n<\/div>\n\n\t\t<\/div>\n\n\t\t\n<style>\n#section_1765594373 {\n  padding-top: 60px;\n  padding-bottom: 60px;\n  min-height: 300px;\n}\n<\/style>\n\t<\/section>","protected":false},"excerpt":{"rendered":"","protected":false},"author":1,"featured_media":13198,"parent":0,"menu_order":0,"comment_status":"closed","ping_status":"closed","template":"page-blank.php","meta":{"footnotes":""},"class_list":["post-13196","page","type-page","status-publish","has-post-thumbnail","hentry"],"yoast_head":"<!-- This site is optimized with the Yoast SEO plugin v27.1.1 - https:\/\/yoast.com\/product\/yoast-seo-wordpress\/ -->\n<title>Jeuk bij katten - Maxani Animal Healthcare BV<\/title>\n<meta name=\"description\" content=\"Jeuk is een veelvoorkomend probleem bij katten, maar het kan verschillende oorzaken hebben. Zie hier de mogelijke oorzaken\" \/>\n<meta name=\"robots\" content=\"index, follow, max-snippet:-1, max-image-preview:large, max-video-preview:-1\" \/>\n<link rel=\"canonical\" href=\"https:\/\/maxani.nl\/es\/jeuk-bij-katten\/\" \/>\n<meta property=\"og:locale\" content=\"es_ES\" \/>\n<meta property=\"og:type\" content=\"article\" \/>\n<meta property=\"og:title\" content=\"Jeuk bij katten - Maxani Animal Healthcare BV\" \/>\n<meta property=\"og:description\" content=\"Jeuk is een veelvoorkomend probleem bij katten, maar het kan verschillende oorzaken hebben. Zie hier de mogelijke oorzaken\" \/>\n<meta property=\"og:url\" content=\"https:\/\/maxani.nl\/es\/jeuk-bij-katten\/\" \/>\n<meta property=\"og:site_name\" content=\"Maxani Animal Healthcare BV\" \/>\n<meta property=\"article:modified_time\" content=\"2023-10-17T12:51:39+00:00\" \/>\n<meta property=\"og:image\" content=\"https:\/\/maxani.nl\/wp-content\/uploads\/2023\/10\/kat-met-jeuk.png\" \/>\n\t<meta property=\"og:image:width\" content=\"600\" \/>\n\t<meta property=\"og:image:height\" content=\"599\" \/>\n\t<meta property=\"og:image:type\" content=\"image\/png\" \/>\n<meta name=\"twitter:card\" content=\"summary_large_image\" \/>\n<meta name=\"twitter:label1\" content=\"Tiempo de lectura\" \/>\n\t<meta name=\"twitter:data1\" content=\"5 minutos\" \/>\n<script type=\"application\/ld+json\" class=\"yoast-schema-graph\">{\"@context\":\"https:\/\/schema.org\",\"@graph\":[{\"@type\":\"WebPage\",\"@id\":\"https:\/\/maxani.nl\/jeuk-bij-katten\/\",\"url\":\"https:\/\/maxani.nl\/jeuk-bij-katten\/\",\"name\":\"Jeuk bij katten - Maxani Animal Healthcare BV\",\"isPartOf\":{\"@id\":\"https:\/\/maxani.nl\/#website\"},\"primaryImageOfPage\":{\"@id\":\"https:\/\/maxani.nl\/jeuk-bij-katten\/#primaryimage\"},\"image\":{\"@id\":\"https:\/\/maxani.nl\/jeuk-bij-katten\/#primaryimage\"},\"thumbnailUrl\":\"https:\/\/maxani.nl\/wp-content\/uploads\/2023\/10\/kat-met-jeuk.png\",\"datePublished\":\"2023-10-16T13:29:11+00:00\",\"dateModified\":\"2023-10-17T12:51:39+00:00\",\"description\":\"Jeuk is een veelvoorkomend probleem bij katten, maar het kan verschillende oorzaken hebben. Zie hier de mogelijke oorzaken\",\"breadcrumb\":{\"@id\":\"https:\/\/maxani.nl\/jeuk-bij-katten\/#breadcrumb\"},\"inLanguage\":\"es\",\"potentialAction\":[{\"@type\":\"ReadAction\",\"target\":[\"https:\/\/maxani.nl\/jeuk-bij-katten\/\"]}]},{\"@type\":\"ImageObject\",\"inLanguage\":\"es\",\"@id\":\"https:\/\/maxani.nl\/jeuk-bij-katten\/#primaryimage\",\"url\":\"https:\/\/maxani.nl\/wp-content\/uploads\/2023\/10\/kat-met-jeuk.png\",\"contentUrl\":\"https:\/\/maxani.nl\/wp-content\/uploads\/2023\/10\/kat-met-jeuk.png\",\"width\":600,\"height\":599,\"caption\":\"jeuk bij katten\"},{\"@type\":\"BreadcrumbList\",\"@id\":\"https:\/\/maxani.nl\/jeuk-bij-katten\/#breadcrumb\",\"itemListElement\":[{\"@type\":\"ListItem\",\"position\":1,\"name\":\"Home\",\"item\":\"https:\/\/maxani.nl\/\"},{\"@type\":\"ListItem\",\"position\":2,\"name\":\"Jeuk bij katten\"}]},{\"@type\":\"WebSite\",\"@id\":\"https:\/\/maxani.nl\/#website\",\"url\":\"https:\/\/maxani.nl\/\",\"name\":\"Maxani Animal Healthcare BV\",\"description\":\"Uw partner in veterinaire dermatologie\",\"potentialAction\":[{\"@type\":\"SearchAction\",\"target\":{\"@type\":\"EntryPoint\",\"urlTemplate\":\"https:\/\/maxani.nl\/?s={search_term_string}\"},\"query-input\":{\"@type\":\"PropertyValueSpecification\",\"valueRequired\":true,\"valueName\":\"search_term_string\"}}],\"inLanguage\":\"es\"}]}<\/script>\n<!-- \/ Yoast SEO plugin. -->","yoast_head_json":{"title":"Jeuk bij katten - Maxani Animal Healthcare BV","description":"Jeuk is een veelvoorkomend probleem bij katten, maar het kan verschillende oorzaken hebben. Zie hier de mogelijke oorzaken","robots":{"index":"index","follow":"follow","max-snippet":"max-snippet:-1","max-image-preview":"max-image-preview:large","max-video-preview":"max-video-preview:-1"},"canonical":"https:\/\/maxani.nl\/es\/jeuk-bij-katten\/","og_locale":"es_ES","og_type":"article","og_title":"Jeuk bij katten - Maxani Animal Healthcare BV","og_description":"Jeuk is een veelvoorkomend probleem bij katten, maar het kan verschillende oorzaken hebben. Zie hier de mogelijke oorzaken","og_url":"https:\/\/maxani.nl\/es\/jeuk-bij-katten\/","og_site_name":"Maxani Animal Healthcare BV","article_modified_time":"2023-10-17T12:51:39+00:00","og_image":[{"width":600,"height":599,"url":"https:\/\/maxani.nl\/wp-content\/uploads\/2023\/10\/kat-met-jeuk.png","type":"image\/png"}],"twitter_card":"summary_large_image","twitter_misc":{"Tiempo de lectura":"5 minutos"},"schema":{"@context":"https:\/\/schema.org","@graph":[{"@type":"WebPage","@id":"https:\/\/maxani.nl\/jeuk-bij-katten\/","url":"https:\/\/maxani.nl\/jeuk-bij-katten\/","name":"Jeuk bij katten - Maxani Animal Healthcare BV","isPartOf":{"@id":"https:\/\/maxani.nl\/#website"},"primaryImageOfPage":{"@id":"https:\/\/maxani.nl\/jeuk-bij-katten\/#primaryimage"},"image":{"@id":"https:\/\/maxani.nl\/jeuk-bij-katten\/#primaryimage"},"thumbnailUrl":"https:\/\/maxani.nl\/wp-content\/uploads\/2023\/10\/kat-met-jeuk.png","datePublished":"2023-10-16T13:29:11+00:00","dateModified":"2023-10-17T12:51:39+00:00","description":"Jeuk is een veelvoorkomend probleem bij katten, maar het kan verschillende oorzaken hebben. Zie hier de mogelijke oorzaken","breadcrumb":{"@id":"https:\/\/maxani.nl\/jeuk-bij-katten\/#breadcrumb"},"inLanguage":"es","potentialAction":[{"@type":"ReadAction","target":["https:\/\/maxani.nl\/jeuk-bij-katten\/"]}]},{"@type":"ImageObject","inLanguage":"es","@id":"https:\/\/maxani.nl\/jeuk-bij-katten\/#primaryimage","url":"https:\/\/maxani.nl\/wp-content\/uploads\/2023\/10\/kat-met-jeuk.png","contentUrl":"https:\/\/maxani.nl\/wp-content\/uploads\/2023\/10\/kat-met-jeuk.png","width":600,"height":599,"caption":"jeuk bij katten"},{"@type":"BreadcrumbList","@id":"https:\/\/maxani.nl\/jeuk-bij-katten\/#breadcrumb","itemListElement":[{"@type":"ListItem","position":1,"name":"Home","item":"https:\/\/maxani.nl\/"},{"@type":"ListItem","position":2,"name":"Jeuk bij katten"}]},{"@type":"WebSite","@id":"https:\/\/maxani.nl\/#website","url":"https:\/\/maxani.nl\/","name":"Maxani Animal Healthcare BV","description":"Su socio en dermatolog\u00eda veterinaria","potentialAction":[{"@type":"SearchAction","target":{"@type":"EntryPoint","urlTemplate":"https:\/\/maxani.nl\/?s={search_term_string}"},"query-input":{"@type":"PropertyValueSpecification","valueRequired":true,"valueName":"search_term_string"}}],"inLanguage":"es"}]}},"jetpack_sharing_enabled":true,"_links":{"self":[{"href":"https:\/\/maxani.nl\/es\/wp-json\/wp\/v2\/pages\/13196","targetHints":{"allow":["GET"]}}],"collection":[{"href":"https:\/\/maxani.nl\/es\/wp-json\/wp\/v2\/pages"}],"about":[{"href":"https:\/\/maxani.nl\/es\/wp-json\/wp\/v2\/types\/page"}],"author":[{"embeddable":true,"href":"https:\/\/maxani.nl\/es\/wp-json\/wp\/v2\/users\/1"}],"replies":[{"embeddable":true,"href":"https:\/\/maxani.nl\/es\/wp-json\/wp\/v2\/comments?post=13196"}],"version-history":[{"count":6,"href":"https:\/\/maxani.nl\/es\/wp-json\/wp\/v2\/pages\/13196\/revisions"}],"predecessor-version":[{"id":13217,"href":"https:\/\/maxani.nl\/es\/wp-json\/wp\/v2\/pages\/13196\/revisions\/13217"}],"wp:featuredmedia":[{"embeddable":true,"href":"https:\/\/maxani.nl\/es\/wp-json\/wp\/v2\/media\/13198"}],"wp:attachment":[{"href":"https:\/\/maxani.nl\/es\/wp-json\/wp\/v2\/media?parent=13196"}],"curies":[{"name":"wp","href":"https:\/\/api.w.org\/{rel}","templated":true}]}}