{"id":12564,"date":"2023-07-16T12:32:25","date_gmt":"2023-07-16T12:32:25","guid":{"rendered":"https:\/\/maxani.nl\/?page_id=12564"},"modified":"2023-07-16T13:19:07","modified_gmt":"2023-07-16T13:19:07","slug":"pootjes","status":"publish","type":"page","link":"https:\/\/maxani.nl\/es\/pootjes\/","title":{"rendered":"Pootjes"},"content":{"rendered":"<section class=\"section\" id=\"section_1809531282\">\n\t\t<div class=\"section-bg fill\" >\n\t\t\t<img loading=\"lazy\" decoding=\"async\" width=\"1718\" height=\"2560\" src=\"https:\/\/maxani.nl\/wp-content\/uploads\/2023\/07\/Achtergrond-voor-website-Maxani2-scaled.jpg\" class=\"bg attachment-original size-original\" alt=\"\" \/>\t\t\t\t\t\t\n\t\t\t\n\t<div class=\"is-border\"\n\t\tstyle=\"border-color:rgb(235, 235, 235);border-width:1px 0px 0px 0px;\">\n\t<\/div>\n\n\t\t<\/div>\n\n\t\t\n\n\t\t<div class=\"section-content relative\">\n\t\t\t\n\n<div class=\"row\"  id=\"row-426523916\">\n\n\n\t<div id=\"col-1600830247\" class=\"col medium-6 small-12 large-6\"  >\n\t\t\t\t<div class=\"col-inner\"  >\n\t\t\t\n\t\t\t\n\n<div class=\"pp-heading  pp-center\">\n<div class=\"pp-heading  pp-center\">\n<h1 class=\"heading-title\"><span class=\"title-text pp-primary-title\">Bolas Footbruiser<\/span><\/h1>\n<\/div>\n<div class=\"pp-sub-heading\">\n<p>Las bolas pulverizadoras para pies pueden utilizarse como ba\u00f1o purificante de pies para limpiar la piel afectada de las patas o plantas. Por ejemplo, en infecciones leves entre los dedos, una cut\u00edcula inflamada, u\u00f1as desgarradas o rotas e irritaciones leves de las plantas y las patas. En el caso de inflamaciones, como las debidas a un pelo de hierba, las bolas efervescentes pueden ayudar empapando y limpiando la pata, adem\u00e1s de cualquier medicamento. Las cuidadosas bolas Foot Bruis son un excelente sustituto de los ba\u00f1os de sosa o Biotex. La combinaci\u00f3n \u00fanica de limpieza, acondicionamiento e hidrataci\u00f3n contribuye a una pr\u00f3spera recuperaci\u00f3n.<\/p>\n<div class=\"pp-heading  pp-left\">\n<p class=\"heading-title\"><span class=\"title-text pp-primary-title\"><strong>Operaci\u00f3n:<\/strong> <\/span>La manzanilla y la cal\u00e9ndula tienen efectos antiinflamatorios, nutritivos y calmantes. El efecto purificador de la sal del Mar Muerto alivia las irritaciones y erupciones cut\u00e1neas. La sal tambi\u00e9n estimula la circulaci\u00f3n sangu\u00ednea, permitiendo que la piel absorba m\u00e1s nutrientes y ox\u00edgeno. El bicarbonato s\u00f3dico descompone las prote\u00ednas, eliminando las bacterias e impidiendo que se adhieran otras nuevas. La vitamina E es un antioxidante que refuerza la barrera cut\u00e1nea y protege contra los da\u00f1os de la piel. El aceite de soja mantiene el equilibrio de hidrataci\u00f3n de la piel.<\/p>\n<\/div>\n<div class=\"pp-sub-heading\">\n<div class=\"fl-col fl-node-5daece82de943 fl-col-small\" data-node=\"5daece82de943\">\n<div class=\"fl-col-content fl-node-content\">\n<div class=\"fl-module fl-module-pp-heading fl-node-5daecc507c1b2\" data-node=\"5daecc507c1b2\">\n<div class=\"fl-module-content fl-node-content\">\n<div class=\"pp-heading-content\">\n<div class=\"pp-heading  pp-left\">\n<p class=\"heading-title\"><span class=\"title-text pp-primary-title\"><strong>Uso:<\/strong> <\/span>Disolver 1 bola en 1 \u00f3 2 litros de agua tibia. Sumerja la pata en el ba\u00f1o de 5 a 10 minutos una o dos veces al d\u00eda. A continuaci\u00f3n, seque la pata con una toalla limpia. Las bolas para los hematomas del pie pueden utilizarse tantas veces y durante tanto tiempo como sea necesario.\u00a0<\/p>\n<\/div>\n<\/div>\n<\/div>\n<\/div>\n<\/div>\n<\/div>\n<div class=\"fl-col fl-node-5daeceb36fb02\" data-node=\"5daeceb36fb02\">\n<div class=\"fl-col-content fl-node-content\">\n<div class=\"fl-module fl-module-pp-heading fl-node-5daeceb36fa6b\" data-node=\"5daeceb36fa6b\">\n<div class=\"fl-module-content fl-node-content\">\n<div class=\"pp-heading-content\">\n<div class=\"pp-heading  pp-left\">\n<h3 class=\"heading-title\"><span class=\"title-text pp-primary-title\">Vitamina E<\/span><\/h3>\n<\/div>\n<div class=\"pp-sub-heading\">\n<p>La vitamina E est\u00e1 presente en varios productos Maxani porque desempe\u00f1a un papel importante en la protecci\u00f3n de la piel frente a las influencias externas. El organismo no puede producir vitamina E por s\u00ed mismo, por lo que es un complemento esencial de los productos. La vitamina E es un antioxidante y, al igual que la vitamina C y la vitamina B2, protege al organismo de los radicales libres. Los radicales libres son sustancias agresivas que pueden da\u00f1ar los tejidos y las c\u00e9lulas. Pueden ser creados por influencias externas nocivas. Un exceso de radicales libres en el organismo puede alterar todo tipo de procesos corporales. La vitamina E contribuye a crear una fuerte barrera cut\u00e1nea, de modo que las patas son menos vulnerables tras el tratamiento con las bolas para hematomas podales.\u00a0<\/p>\n<\/div>\n<\/div>\n<\/div>\n<\/div>\n<\/div>\n<\/div>\n<\/div>\n<\/div>\n<\/div>\n\n\t\t<\/div>\n\t\t\t\t\t<\/div>\n\n\t\n\n\t<div id=\"col-459702711\" class=\"col medium-1 small-12 large-1\"  >\n\t\t\t\t<div class=\"col-inner\"  >\n\t\t\t\n\t\t\t\n\n\n\t\t<\/div>\n\t\t\t\t\t<\/div>\n\n\t\n\n\t<div id=\"col-1126251081\" class=\"col medium-5 small-12 large-5\"  >\n\t\t\t\t<div class=\"col-inner\"  >\n\t\t\t\n\t\t\t\n\n\t<div class=\"img has-hover x md-x lg-x y md-y lg-y\" id=\"image_1022980500\">\n\t\t\t\t\t\t\t\t<div class=\"img-inner dark\" >\n\t\t\t<img loading=\"lazy\" decoding=\"async\" width=\"800\" height=\"800\" src=\"https:\/\/maxani.nl\/wp-content\/uploads\/2023\/07\/Maxani-voetbruisballetjes-800x800.png\" class=\"attachment-large size-large\" alt=\"\" srcset=\"https:\/\/maxani.nl\/wp-content\/uploads\/2023\/07\/Maxani-voetbruisballetjes-800x800.png 800w, https:\/\/maxani.nl\/wp-content\/uploads\/2023\/07\/Maxani-voetbruisballetjes-400x400.png 400w, https:\/\/maxani.nl\/wp-content\/uploads\/2023\/07\/Maxani-voetbruisballetjes-280x280.png 280w, https:\/\/maxani.nl\/wp-content\/uploads\/2023\/07\/Maxani-voetbruisballetjes-768x768.png 768w, https:\/\/maxani.nl\/wp-content\/uploads\/2023\/07\/Maxani-voetbruisballetjes-247x247.png 247w, https:\/\/maxani.nl\/wp-content\/uploads\/2023\/07\/Maxani-voetbruisballetjes-510x510.png 510w, https:\/\/maxani.nl\/wp-content\/uploads\/2023\/07\/Maxani-voetbruisballetjes-100x100.png 100w, https:\/\/maxani.nl\/wp-content\/uploads\/2023\/07\/Maxani-voetbruisballetjes.png 1080w\" sizes=\"auto, (max-width: 800px) 100vw, 800px\" \/>\t\t\t\t\t\t\n\t\t\t\t\t<\/div>\n\t\t\t\t\t\t\t\t\n<style>\n#image_1022980500 {\n  width: 100%;\n}\n<\/style>\n\t<\/div>\n\t\n\n\n\t\t<\/div>\n\t\t\t\t\t<\/div>\n\n\t\n\n<\/div>\n\n\t\t<\/div>\n\n\t\t\n<style>\n#section_1809531282 {\n  padding-top: 60px;\n  padding-bottom: 60px;\n  min-height: 300px;\n}\n<\/style>\n\t<\/section>","protected":false},"excerpt":{"rendered":"","protected":false},"author":1,"featured_media":0,"parent":0,"menu_order":0,"comment_status":"closed","ping_status":"closed","template":"page-blank.php","meta":{"footnotes":""},"class_list":["post-12564","page","type-page","status-publish","hentry"],"yoast_head":"<!-- This site is optimized with the Yoast SEO plugin v27.1.1 - https:\/\/yoast.com\/product\/yoast-seo-wordpress\/ -->\n<title>Pootjes - Maxani Animal Healthcare BV<\/title>\n<meta name=\"robots\" content=\"index, follow, max-snippet:-1, max-image-preview:large, max-video-preview:-1\" \/>\n<link rel=\"canonical\" href=\"https:\/\/maxani.nl\/es\/pootjes\/\" \/>\n<meta property=\"og:locale\" content=\"es_ES\" \/>\n<meta property=\"og:type\" content=\"article\" \/>\n<meta property=\"og:title\" content=\"Pootjes - Maxani Animal Healthcare BV\" \/>\n<meta property=\"og:url\" content=\"https:\/\/maxani.nl\/es\/pootjes\/\" \/>\n<meta property=\"og:site_name\" content=\"Maxani Animal Healthcare BV\" \/>\n<meta property=\"article:modified_time\" content=\"2023-07-16T13:19:07+00:00\" \/>\n<meta name=\"twitter:card\" content=\"summary_large_image\" \/>\n<script type=\"application\/ld+json\" class=\"yoast-schema-graph\">{\"@context\":\"https:\/\/schema.org\",\"@graph\":[{\"@type\":\"WebPage\",\"@id\":\"https:\/\/maxani.nl\/pootjes\/\",\"url\":\"https:\/\/maxani.nl\/pootjes\/\",\"name\":\"Pootjes - Maxani Animal Healthcare BV\",\"isPartOf\":{\"@id\":\"https:\/\/maxani.nl\/#website\"},\"datePublished\":\"2023-07-16T12:32:25+00:00\",\"dateModified\":\"2023-07-16T13:19:07+00:00\",\"breadcrumb\":{\"@id\":\"https:\/\/maxani.nl\/pootjes\/#breadcrumb\"},\"inLanguage\":\"es\",\"potentialAction\":[{\"@type\":\"ReadAction\",\"target\":[\"https:\/\/maxani.nl\/pootjes\/\"]}]},{\"@type\":\"BreadcrumbList\",\"@id\":\"https:\/\/maxani.nl\/pootjes\/#breadcrumb\",\"itemListElement\":[{\"@type\":\"ListItem\",\"position\":1,\"name\":\"Home\",\"item\":\"https:\/\/maxani.nl\/\"},{\"@type\":\"ListItem\",\"position\":2,\"name\":\"Pootjes\"}]},{\"@type\":\"WebSite\",\"@id\":\"https:\/\/maxani.nl\/#website\",\"url\":\"https:\/\/maxani.nl\/\",\"name\":\"Maxani Animal Healthcare BV\",\"description\":\"Uw partner in veterinaire dermatologie\",\"potentialAction\":[{\"@type\":\"SearchAction\",\"target\":{\"@type\":\"EntryPoint\",\"urlTemplate\":\"https:\/\/maxani.nl\/?s={search_term_string}\"},\"query-input\":{\"@type\":\"PropertyValueSpecification\",\"valueRequired\":true,\"valueName\":\"search_term_string\"}}],\"inLanguage\":\"es\"}]}<\/script>\n<!-- \/ Yoast SEO plugin. -->","yoast_head_json":{"title":"Pootjes - Maxani Animal Healthcare BV","robots":{"index":"index","follow":"follow","max-snippet":"max-snippet:-1","max-image-preview":"max-image-preview:large","max-video-preview":"max-video-preview:-1"},"canonical":"https:\/\/maxani.nl\/es\/pootjes\/","og_locale":"es_ES","og_type":"article","og_title":"Pootjes - Maxani Animal Healthcare BV","og_url":"https:\/\/maxani.nl\/es\/pootjes\/","og_site_name":"Maxani Animal Healthcare BV","article_modified_time":"2023-07-16T13:19:07+00:00","twitter_card":"summary_large_image","schema":{"@context":"https:\/\/schema.org","@graph":[{"@type":"WebPage","@id":"https:\/\/maxani.nl\/pootjes\/","url":"https:\/\/maxani.nl\/pootjes\/","name":"Pootjes - Maxani Animal Healthcare BV","isPartOf":{"@id":"https:\/\/maxani.nl\/#website"},"datePublished":"2023-07-16T12:32:25+00:00","dateModified":"2023-07-16T13:19:07+00:00","breadcrumb":{"@id":"https:\/\/maxani.nl\/pootjes\/#breadcrumb"},"inLanguage":"es","potentialAction":[{"@type":"ReadAction","target":["https:\/\/maxani.nl\/pootjes\/"]}]},{"@type":"BreadcrumbList","@id":"https:\/\/maxani.nl\/pootjes\/#breadcrumb","itemListElement":[{"@type":"ListItem","position":1,"name":"Home","item":"https:\/\/maxani.nl\/"},{"@type":"ListItem","position":2,"name":"Pootjes"}]},{"@type":"WebSite","@id":"https:\/\/maxani.nl\/#website","url":"https:\/\/maxani.nl\/","name":"Maxani Animal Healthcare BV","description":"Su socio en dermatolog\u00eda veterinaria","potentialAction":[{"@type":"SearchAction","target":{"@type":"EntryPoint","urlTemplate":"https:\/\/maxani.nl\/?s={search_term_string}"},"query-input":{"@type":"PropertyValueSpecification","valueRequired":true,"valueName":"search_term_string"}}],"inLanguage":"es"}]}},"jetpack_sharing_enabled":true,"_links":{"self":[{"href":"https:\/\/maxani.nl\/es\/wp-json\/wp\/v2\/pages\/12564","targetHints":{"allow":["GET"]}}],"collection":[{"href":"https:\/\/maxani.nl\/es\/wp-json\/wp\/v2\/pages"}],"about":[{"href":"https:\/\/maxani.nl\/es\/wp-json\/wp\/v2\/types\/page"}],"author":[{"embeddable":true,"href":"https:\/\/maxani.nl\/es\/wp-json\/wp\/v2\/users\/1"}],"replies":[{"embeddable":true,"href":"https:\/\/maxani.nl\/es\/wp-json\/wp\/v2\/comments?post=12564"}],"version-history":[{"count":2,"href":"https:\/\/maxani.nl\/es\/wp-json\/wp\/v2\/pages\/12564\/revisions"}],"predecessor-version":[{"id":12594,"href":"https:\/\/maxani.nl\/es\/wp-json\/wp\/v2\/pages\/12564\/revisions\/12594"}],"wp:attachment":[{"href":"https:\/\/maxani.nl\/es\/wp-json\/wp\/v2\/media?parent=12564"}],"curies":[{"name":"wp","href":"https:\/\/api.w.org\/{rel}","templated":true}]}}