{"id":12558,"date":"2023-07-16T12:30:29","date_gmt":"2023-07-16T12:30:29","guid":{"rendered":"https:\/\/maxani.nl\/?page_id=12558"},"modified":"2023-07-16T13:10:52","modified_gmt":"2023-07-16T13:10:52","slug":"wond-en-huidplooi","status":"publish","type":"page","link":"https:\/\/maxani.nl\/es\/wond-en-huidplooi\/","title":{"rendered":"Herida y pliegue cut\u00e1neo"},"content":{"rendered":"<section class=\"section\" id=\"section_2131907924\">\n\t\t<div class=\"section-bg fill\" >\n\t\t\t<img loading=\"lazy\" decoding=\"async\" width=\"1718\" height=\"2560\" src=\"https:\/\/maxani.nl\/wp-content\/uploads\/2023\/07\/Achtergrond-voor-website-Maxani2-scaled.jpg\" class=\"bg attachment-original size-original\" alt=\"\" \/>\t\t\t\t\t\t\n\t\t\t\n\t<div class=\"is-border\"\n\t\tstyle=\"border-color:rgb(235, 235, 235);border-width:1px 0px 0px 0px;\">\n\t<\/div>\n\n\t\t<\/div>\n\n\t\t\n\n\t\t<div class=\"section-content relative\">\n\t\t\t\n\n<div class=\"row\"  id=\"row-2073515386\">\n\n\n\t<div id=\"col-1137102007\" class=\"col medium-6 small-12 large-6\"  >\n\t\t\t\t<div class=\"col-inner\"  >\n\t\t\t\n\t\t\t\n\n<div class=\"pp-heading  pp-center\">\n<h1 class=\"heading-title\"><span class=\"title-text pp-primary-title\">Herida y pliegue cut\u00e1neo<\/span><\/h1>\n<\/div>\n<div class=\"pp-sub-heading\">\n<p>La gama Maxani para el cuidado de heridas y pliegues cut\u00e1neos consta de productos limpiadores, antibacterianos y calmantes. Todos los productos est\u00e1n enriquecidos con glicerina, una sustancia que proporciona hidrataci\u00f3n y un entorno h\u00famedo a la herida, lo que acelera su cicatrizaci\u00f3n. La cicatrizaci\u00f3n en un entorno h\u00famedo estimula la proliferaci\u00f3n de fibroblastos, que componen los elementos de la nueva matriz extracelular de la piel (col\u00e1geno y fibras) para permitir la cicatrizaci\u00f3n de las heridas.\u00a0<\/p>\n<\/div>\n\n\t\t<\/div>\n\t\t\t\t\t<\/div>\n\n\t\n\n\t<div id=\"col-2127453938\" class=\"col medium-6 small-12 large-6\"  >\n\t\t\t\t<div class=\"col-inner\"  >\n\t\t\t\n\t\t\t\n\n\n\t\t<\/div>\n\t\t\t\t\t<\/div>\n\n\t\n\n<\/div>\n<div class=\"text-center\"><div class=\"is-divider divider clearfix\" style=\"max-width:1100px;height:2px;\"><\/div><\/div>\n\n\t<div id=\"gap-806917601\" class=\"gap-element clearfix\" style=\"display:block; height:auto;\">\n\t\t\n<style>\n#gap-806917601 {\n  padding-top: 20px;\n}\n<\/style>\n\t<\/div>\n\t\n\n<div class=\"row\"  id=\"row-1489220927\">\n\n\n\t<div id=\"col-1920732587\" class=\"col medium-6 small-12 large-6\"  >\n\t\t\t\t<div class=\"col-inner\"  >\n\t\t\t\n\t\t\t\n\n<div class=\"pp-heading  pp-center\">\n<div class=\"pp-heading  pp-left\">\n<h2 class=\"heading-title\"><span class=\"title-text pp-primary-title\">Toallitas con clorhexidina<\/span><\/h2>\n<\/div>\n<div class=\"pp-sub-heading\">\n<p>Las toallitas de clorhexidina est\u00e1n dise\u00f1adas para limpiar y cuidar las zonas de dif\u00edcil acceso, como los pliegues cut\u00e1neos. Las toallitas no contienen alcohol y la adici\u00f3n de vitamina E, aloe vera y glicerina hidrata y cuida la piel.<\/p>\n<p><strong>Utilice<\/strong>Modo de empleo: El modo de empleo depende de la afecci\u00f3n, la gravedad de la dolencia y la finalidad del tratamiento. Recomendamos limpiar con las toallitas al menos una o dos veces al d\u00eda en caso de infecci\u00f3n cut\u00e1nea. Como mantenimiento, las toallitas pueden utilizarse varias veces a la semana. Frote cuidadosamente las toallitas en los pliegues de la piel. No es necesario aclarar y la piel se seca sola.\u00a0<\/p>\n<p><strong>Funciones destacadas<\/strong>: El aloe vera y la vitamina E calman la piel y contribuyen a su capacidad reparadora. La clorhexidina act\u00faa contra un amplio espectro de microorganismos no deseados. El \u00e1cido benzoico tiene actividad antibacteriana, reduce el sebo y posee propiedades queratol\u00edticas y antiinflamatorias.<\/p>\n<\/div>\n<\/div>\n\n\t\t<\/div>\n\t\t\t\t\t<\/div>\n\n\t\n\n\t<div id=\"col-1989286515\" class=\"col medium-1 small-12 large-1\"  >\n\t\t\t\t<div class=\"col-inner\"  >\n\t\t\t\n\t\t\t\n\n\n\t\t<\/div>\n\t\t\t\t\t<\/div>\n\n\t\n\n\t<div id=\"col-1546589145\" class=\"col medium-5 small-12 large-5\"  >\n\t\t\t\t<div class=\"col-inner\"  >\n\t\t\t\n\t\t\t\n\n\t<div class=\"img has-hover x md-x lg-x y md-y lg-y\" id=\"image_1158371652\">\n\t\t\t\t\t\t\t\t<div class=\"img-inner dark\" >\n\t\t\t<img loading=\"lazy\" decoding=\"async\" width=\"800\" height=\"800\" src=\"https:\/\/maxani.nl\/wp-content\/uploads\/2023\/07\/Maxani-chloorhexidine-wipes-800x800.png\" class=\"attachment-large size-large\" alt=\"\" srcset=\"https:\/\/maxani.nl\/wp-content\/uploads\/2023\/07\/Maxani-chloorhexidine-wipes-800x800.png 800w, https:\/\/maxani.nl\/wp-content\/uploads\/2023\/07\/Maxani-chloorhexidine-wipes-400x400.png 400w, https:\/\/maxani.nl\/wp-content\/uploads\/2023\/07\/Maxani-chloorhexidine-wipes-280x280.png 280w, https:\/\/maxani.nl\/wp-content\/uploads\/2023\/07\/Maxani-chloorhexidine-wipes-768x768.png 768w, https:\/\/maxani.nl\/wp-content\/uploads\/2023\/07\/Maxani-chloorhexidine-wipes-247x247.png 247w, https:\/\/maxani.nl\/wp-content\/uploads\/2023\/07\/Maxani-chloorhexidine-wipes-510x510.png 510w, https:\/\/maxani.nl\/wp-content\/uploads\/2023\/07\/Maxani-chloorhexidine-wipes-100x100.png 100w, https:\/\/maxani.nl\/wp-content\/uploads\/2023\/07\/Maxani-chloorhexidine-wipes.png 1080w\" sizes=\"auto, (max-width: 800px) 100vw, 800px\" \/>\t\t\t\t\t\t\n\t\t\t\t\t<\/div>\n\t\t\t\t\t\t\t\t\n<style>\n#image_1158371652 {\n  width: 100%;\n}\n<\/style>\n\t<\/div>\n\t\n\n\n\t\t<\/div>\n\t\t\t\t\t<\/div>\n\n\t\n\n<\/div>\n<div class=\"text-center\"><div class=\"is-divider divider clearfix\" style=\"max-width:1100px;height:2px;\"><\/div><\/div>\n\n\t<div id=\"gap-2138760676\" class=\"gap-element clearfix\" style=\"display:block; height:auto;\">\n\t\t\n<style>\n#gap-2138760676 {\n  padding-top: 20px;\n}\n<\/style>\n\t<\/div>\n\t\n\n<div class=\"row\"  id=\"row-597397073\">\n\n\n\t<div id=\"col-750971584\" class=\"col medium-6 small-12 large-6\"  >\n\t\t\t\t<div class=\"col-inner\"  >\n\t\t\t\n\t\t\t\n\n<div class=\"pp-heading  pp-center\">\n<div class=\"pp-heading  pp-left\">\n<div class=\"pp-heading  pp-left\">\n<h2 class=\"heading-title\"><span class=\"title-text pp-primary-title\">Spray limpiador<\/span><\/h2>\n<\/div>\n<div class=\"pp-sub-heading\">\n<p>El spray limpiador limpia y aclara la piel y\/o la herida, favoreciendo as\u00ed la capacidad de cicatrizaci\u00f3n de la piel. Los restos, prote\u00ednas y grasas se disuelven y la piel circundante se cuida y protege. De este modo, se elimina la suciedad y los microorganismos.<\/p>\n<p><strong>Utilice<\/strong>Pulverizar el spray limpiador de 2 a 3 veces al d\u00eda sobre la zona a limpiar, esperar 5 minutos y, si es necesario, aplicar el gel de miel Maxani contra la piel sensible y\/o irritada o para la cicatrizaci\u00f3n extra de heridas en caso de picor leve. S\u00f3lo para uso externo.<\/p>\n<p><strong>Funciones destacadas<\/strong>: La clorhexidina es una bisbiguanida con actividad antimicrobiana contra determinados tipos de bacterias y hongos. Disminuye la acidez y da\u00f1a la pared celular de estos microorganismos. La clorhexidina tambi\u00e9n proporciona una acci\u00f3n antis\u00e9ptica suave, evitando la contaminaci\u00f3n. El aerosol disuelve restos, prote\u00ednas y grasas y acondiciona la piel circundante.\u00a0<\/p>\n<\/div>\n<\/div>\n<\/div>\n\n\t\t<\/div>\n\t\t\t\t\t<\/div>\n\n\t\n\n\t<div id=\"col-957251993\" class=\"col medium-1 small-12 large-1\"  >\n\t\t\t\t<div class=\"col-inner\"  >\n\t\t\t\n\t\t\t\n\n\n\t\t<\/div>\n\t\t\t\t\t<\/div>\n\n\t\n\n\t<div id=\"col-812581052\" class=\"col medium-5 small-12 large-5\"  >\n\t\t\t\t<div class=\"col-inner\"  >\n\t\t\t\n\t\t\t\n\n\t<div class=\"img has-hover x md-x lg-x y md-y lg-y\" id=\"image_399029915\">\n\t\t\t\t\t\t\t\t<div class=\"img-inner dark\" >\n\t\t\t<img loading=\"lazy\" decoding=\"async\" width=\"800\" height=\"800\" src=\"https:\/\/maxani.nl\/wp-content\/uploads\/2023\/07\/Maxani-cleanser-spray-250-ml-800x800.png\" class=\"attachment-large size-large\" alt=\"\" srcset=\"https:\/\/maxani.nl\/wp-content\/uploads\/2023\/07\/Maxani-cleanser-spray-250-ml-800x800.png 800w, https:\/\/maxani.nl\/wp-content\/uploads\/2023\/07\/Maxani-cleanser-spray-250-ml-400x400.png 400w, https:\/\/maxani.nl\/wp-content\/uploads\/2023\/07\/Maxani-cleanser-spray-250-ml-280x280.png 280w, https:\/\/maxani.nl\/wp-content\/uploads\/2023\/07\/Maxani-cleanser-spray-250-ml-768x768.png 768w, https:\/\/maxani.nl\/wp-content\/uploads\/2023\/07\/Maxani-cleanser-spray-250-ml-247x247.png 247w, https:\/\/maxani.nl\/wp-content\/uploads\/2023\/07\/Maxani-cleanser-spray-250-ml-510x510.png 510w, https:\/\/maxani.nl\/wp-content\/uploads\/2023\/07\/Maxani-cleanser-spray-250-ml-100x100.png 100w, https:\/\/maxani.nl\/wp-content\/uploads\/2023\/07\/Maxani-cleanser-spray-250-ml.png 1080w\" sizes=\"auto, (max-width: 800px) 100vw, 800px\" \/>\t\t\t\t\t\t\n\t\t\t\t\t<\/div>\n\t\t\t\t\t\t\t\t\n<style>\n#image_399029915 {\n  width: 100%;\n}\n<\/style>\n\t<\/div>\n\t\n\n\n\t\t<\/div>\n\t\t\t\t\t<\/div>\n\n\t\n\n<\/div>\n<div class=\"text-center\"><div class=\"is-divider divider clearfix\" style=\"max-width:1100px;height:2px;\"><\/div><\/div>\n\n\t<div id=\"gap-299495542\" class=\"gap-element clearfix\" style=\"display:block; height:auto;\">\n\t\t\n<style>\n#gap-299495542 {\n  padding-top: 20px;\n}\n<\/style>\n\t<\/div>\n\t\n\n<div class=\"row\"  id=\"row-1113588272\">\n\n\n\t<div id=\"col-224179106\" class=\"col medium-6 small-12 large-6\"  >\n\t\t\t\t<div class=\"col-inner\"  >\n\t\t\t\n\t\t\t\n\n<div class=\"pp-heading  pp-center\">\n<div class=\"pp-heading  pp-left\">\n<div class=\"pp-heading  pp-left\">\n<div class=\"pp-heading  pp-left\">\n<h2 class=\"heading-title\"><span class=\"title-text pp-primary-title\">Gel de miel<\/span><\/h2>\n<\/div>\n<div class=\"pp-sub-heading\">\n<p>El Gel de Miel contiene 45% de miel pura y tiene propiedades antibacterianas y calmantes. Se utiliza para tratar la piel da\u00f1ada o \u00e1spera. El gel de miel es un producto natural y favorece la capacidad de cicatrizaci\u00f3n de la piel.<\/p>\n<p><strong>Utilice<\/strong>: Aplicar una fina capa sobre la piel afectada una o dos veces al d\u00eda y cubrir con un vendaje si es necesario. El gel se adhiere bien tanto a las heridas secas como a las h\u00famedas. Si se utiliza un ap\u00f3sito, el gel de miel y el ap\u00f3sito deben cambiarse cada 24 a 48 horas. El spray limpiador es adecuado para eliminar los residuos del gel de miel.<\/p>\n<p><strong>Funciones destacadas<\/strong>Propiedades antibacterianas, antiinflamatorias y favorecedoras de la granulaci\u00f3n tisular de la miel pura de prado de monta\u00f1a ozonizada 45%. La miel contiene la enzima glucosa oxidasa. En contacto con la humedad, convierte la glucosa en per\u00f3xido de hidr\u00f3geno y \u00e1cido gluc\u00f3nico. El per\u00f3xido de hidr\u00f3geno es letal para las bacterias. El \u00e1cido gluc\u00f3nico crea un entorno \u00e1cido que no gusta a las bacterias ni a los pat\u00f3genos potenciales. La miel tambi\u00e9n act\u00faa como antioxidante y elimina los radicales libres. La miel combinada con la glicerina crea un entorno h\u00famedo en la herida, estimulando el crecimiento y la migraci\u00f3n de nuevas c\u00e9lulas. Un entorno h\u00famedo de la herida tambi\u00e9n evita que se formen costras y mantiene la herida flexible.\u00a0<\/p>\n<\/div>\n<\/div>\n<\/div>\n<\/div>\n\n\t\t<\/div>\n\t\t\t\t\t<\/div>\n\n\t\n\n\t<div id=\"col-1827650136\" class=\"col medium-1 small-12 large-1\"  >\n\t\t\t\t<div class=\"col-inner\"  >\n\t\t\t\n\t\t\t\n\n\n\t\t<\/div>\n\t\t\t\t\t<\/div>\n\n\t\n\n\t<div id=\"col-503273361\" class=\"col medium-5 small-12 large-5\"  >\n\t\t\t\t<div class=\"col-inner\"  >\n\t\t\t\n\t\t\t\n\n\t<div class=\"img has-hover x md-x lg-x y md-y lg-y\" id=\"image_1377084244\">\n\t\t\t\t\t\t\t\t<div class=\"img-inner dark\" >\n\t\t\t<img loading=\"lazy\" decoding=\"async\" width=\"800\" height=\"800\" src=\"https:\/\/maxani.nl\/wp-content\/uploads\/2023\/07\/Maxani-Honey-O3-gel-50-ml-1-800x800.png\" class=\"attachment-large size-large\" alt=\"\" srcset=\"https:\/\/maxani.nl\/wp-content\/uploads\/2023\/07\/Maxani-Honey-O3-gel-50-ml-1-800x800.png 800w, https:\/\/maxani.nl\/wp-content\/uploads\/2023\/07\/Maxani-Honey-O3-gel-50-ml-1-400x400.png 400w, https:\/\/maxani.nl\/wp-content\/uploads\/2023\/07\/Maxani-Honey-O3-gel-50-ml-1-280x280.png 280w, https:\/\/maxani.nl\/wp-content\/uploads\/2023\/07\/Maxani-Honey-O3-gel-50-ml-1-768x768.png 768w, https:\/\/maxani.nl\/wp-content\/uploads\/2023\/07\/Maxani-Honey-O3-gel-50-ml-1-247x247.png 247w, https:\/\/maxani.nl\/wp-content\/uploads\/2023\/07\/Maxani-Honey-O3-gel-50-ml-1-510x510.png 510w, https:\/\/maxani.nl\/wp-content\/uploads\/2023\/07\/Maxani-Honey-O3-gel-50-ml-1-100x100.png 100w, https:\/\/maxani.nl\/wp-content\/uploads\/2023\/07\/Maxani-Honey-O3-gel-50-ml-1.png 1080w\" sizes=\"auto, (max-width: 800px) 100vw, 800px\" \/>\t\t\t\t\t\t\n\t\t\t\t\t<\/div>\n\t\t\t\t\t\t\t\t\n<style>\n#image_1377084244 {\n  width: 100%;\n}\n<\/style>\n\t<\/div>\n\t\n\n\n\t\t<\/div>\n\t\t\t\t\t<\/div>\n\n\t\n\n<\/div>\n\n\t\t<\/div>\n\n\t\t\n<style>\n#section_2131907924 {\n  padding-top: 60px;\n  padding-bottom: 60px;\n  min-height: 300px;\n}\n<\/style>\n\t<\/section>","protected":false},"excerpt":{"rendered":"","protected":false},"author":1,"featured_media":0,"parent":0,"menu_order":0,"comment_status":"closed","ping_status":"closed","template":"page-blank.php","meta":{"footnotes":""},"class_list":["post-12558","page","type-page","status-publish","hentry"],"yoast_head":"<!-- This site is optimized with the Yoast SEO plugin v27.1.1 - https:\/\/yoast.com\/product\/yoast-seo-wordpress\/ -->\n<title>Wond en huidplooi - Maxani Animal Healthcare BV<\/title>\n<meta name=\"robots\" content=\"index, follow, max-snippet:-1, max-image-preview:large, max-video-preview:-1\" \/>\n<link rel=\"canonical\" href=\"https:\/\/maxani.nl\/es\/wond-en-huidplooi\/\" \/>\n<meta property=\"og:locale\" content=\"es_ES\" \/>\n<meta property=\"og:type\" content=\"article\" \/>\n<meta property=\"og:title\" content=\"Wond en huidplooi - Maxani Animal Healthcare BV\" \/>\n<meta property=\"og:url\" content=\"https:\/\/maxani.nl\/es\/wond-en-huidplooi\/\" \/>\n<meta property=\"og:site_name\" content=\"Maxani Animal Healthcare BV\" \/>\n<meta property=\"article:modified_time\" content=\"2023-07-16T13:10:52+00:00\" \/>\n<meta name=\"twitter:card\" content=\"summary_large_image\" \/>\n<script type=\"application\/ld+json\" class=\"yoast-schema-graph\">{\"@context\":\"https:\/\/schema.org\",\"@graph\":[{\"@type\":\"WebPage\",\"@id\":\"https:\/\/maxani.nl\/wond-en-huidplooi\/\",\"url\":\"https:\/\/maxani.nl\/wond-en-huidplooi\/\",\"name\":\"Wond en huidplooi - Maxani Animal Healthcare BV\",\"isPartOf\":{\"@id\":\"https:\/\/maxani.nl\/#website\"},\"datePublished\":\"2023-07-16T12:30:29+00:00\",\"dateModified\":\"2023-07-16T13:10:52+00:00\",\"breadcrumb\":{\"@id\":\"https:\/\/maxani.nl\/wond-en-huidplooi\/#breadcrumb\"},\"inLanguage\":\"es\",\"potentialAction\":[{\"@type\":\"ReadAction\",\"target\":[\"https:\/\/maxani.nl\/wond-en-huidplooi\/\"]}]},{\"@type\":\"BreadcrumbList\",\"@id\":\"https:\/\/maxani.nl\/wond-en-huidplooi\/#breadcrumb\",\"itemListElement\":[{\"@type\":\"ListItem\",\"position\":1,\"name\":\"Home\",\"item\":\"https:\/\/maxani.nl\/\"},{\"@type\":\"ListItem\",\"position\":2,\"name\":\"Wond en huidplooi\"}]},{\"@type\":\"WebSite\",\"@id\":\"https:\/\/maxani.nl\/#website\",\"url\":\"https:\/\/maxani.nl\/\",\"name\":\"Maxani Animal Healthcare BV\",\"description\":\"Uw partner in veterinaire dermatologie\",\"potentialAction\":[{\"@type\":\"SearchAction\",\"target\":{\"@type\":\"EntryPoint\",\"urlTemplate\":\"https:\/\/maxani.nl\/?s={search_term_string}\"},\"query-input\":{\"@type\":\"PropertyValueSpecification\",\"valueRequired\":true,\"valueName\":\"search_term_string\"}}],\"inLanguage\":\"es\"}]}<\/script>\n<!-- \/ Yoast SEO plugin. -->","yoast_head_json":{"title":"Wond en huidplooi - Maxani Animal Healthcare BV","robots":{"index":"index","follow":"follow","max-snippet":"max-snippet:-1","max-image-preview":"max-image-preview:large","max-video-preview":"max-video-preview:-1"},"canonical":"https:\/\/maxani.nl\/es\/wond-en-huidplooi\/","og_locale":"es_ES","og_type":"article","og_title":"Wond en huidplooi - Maxani Animal Healthcare BV","og_url":"https:\/\/maxani.nl\/es\/wond-en-huidplooi\/","og_site_name":"Maxani Animal Healthcare BV","article_modified_time":"2023-07-16T13:10:52+00:00","twitter_card":"summary_large_image","schema":{"@context":"https:\/\/schema.org","@graph":[{"@type":"WebPage","@id":"https:\/\/maxani.nl\/wond-en-huidplooi\/","url":"https:\/\/maxani.nl\/wond-en-huidplooi\/","name":"Wond en huidplooi - Maxani Animal Healthcare BV","isPartOf":{"@id":"https:\/\/maxani.nl\/#website"},"datePublished":"2023-07-16T12:30:29+00:00","dateModified":"2023-07-16T13:10:52+00:00","breadcrumb":{"@id":"https:\/\/maxani.nl\/wond-en-huidplooi\/#breadcrumb"},"inLanguage":"es","potentialAction":[{"@type":"ReadAction","target":["https:\/\/maxani.nl\/wond-en-huidplooi\/"]}]},{"@type":"BreadcrumbList","@id":"https:\/\/maxani.nl\/wond-en-huidplooi\/#breadcrumb","itemListElement":[{"@type":"ListItem","position":1,"name":"Home","item":"https:\/\/maxani.nl\/"},{"@type":"ListItem","position":2,"name":"Wond en huidplooi"}]},{"@type":"WebSite","@id":"https:\/\/maxani.nl\/#website","url":"https:\/\/maxani.nl\/","name":"Maxani Animal Healthcare BV","description":"Su socio en dermatolog\u00eda veterinaria","potentialAction":[{"@type":"SearchAction","target":{"@type":"EntryPoint","urlTemplate":"https:\/\/maxani.nl\/?s={search_term_string}"},"query-input":{"@type":"PropertyValueSpecification","valueRequired":true,"valueName":"search_term_string"}}],"inLanguage":"es"}]}},"jetpack_sharing_enabled":true,"_links":{"self":[{"href":"https:\/\/maxani.nl\/es\/wp-json\/wp\/v2\/pages\/12558","targetHints":{"allow":["GET"]}}],"collection":[{"href":"https:\/\/maxani.nl\/es\/wp-json\/wp\/v2\/pages"}],"about":[{"href":"https:\/\/maxani.nl\/es\/wp-json\/wp\/v2\/types\/page"}],"author":[{"embeddable":true,"href":"https:\/\/maxani.nl\/es\/wp-json\/wp\/v2\/users\/1"}],"replies":[{"embeddable":true,"href":"https:\/\/maxani.nl\/es\/wp-json\/wp\/v2\/comments?post=12558"}],"version-history":[{"count":3,"href":"https:\/\/maxani.nl\/es\/wp-json\/wp\/v2\/pages\/12558\/revisions"}],"predecessor-version":[{"id":12589,"href":"https:\/\/maxani.nl\/es\/wp-json\/wp\/v2\/pages\/12558\/revisions\/12589"}],"wp:attachment":[{"href":"https:\/\/maxani.nl\/es\/wp-json\/wp\/v2\/media?parent=12558"}],"curies":[{"name":"wp","href":"https:\/\/api.w.org\/{rel}","templated":true}]}}