{"id":11811,"date":"2023-07-07T17:32:57","date_gmt":"2023-07-07T17:32:57","guid":{"rendered":"https:\/\/maxani.nl\/?page_id=11811"},"modified":"2023-07-13T18:18:32","modified_gmt":"2023-07-13T18:18:32","slug":"wasinstructie","status":"publish","type":"page","link":"https:\/\/maxani.nl\/es\/wasinstructie\/","title":{"rendered":"Instrucciones de lavado"},"content":{"rendered":"<section class=\"section\" id=\"section_1310428230\">\n\t\t<div class=\"section-bg fill\" >\n\t\t\t<img loading=\"lazy\" decoding=\"async\" width=\"1718\" height=\"2560\" src=\"https:\/\/maxani.nl\/wp-content\/uploads\/2023\/07\/Achtergrond-voor-website-Maxani2-scaled.jpg\" class=\"bg attachment-original size-original\" alt=\"\" \/>\t\t\t\t\t\t\n\t\t\t\n\t<div class=\"is-border\"\n\t\tstyle=\"border-color:rgb(235, 235, 235);border-width:1px 0px 0px 0px;\">\n\t<\/div>\n\n\t\t<\/div>\n\n\t\t\n\n\t\t<div class=\"section-content relative\">\n\t\t\t\n\n<div class=\"row\"  id=\"row-1368147817\">\n\n\n\t<div id=\"col-230327079\" class=\"col medium-8 small-12 large-8\"  >\n\t\t\t\t<div class=\"col-inner\"  >\n\t\t\t\n\t\t\t\n\n<div class=\"fl-col-group fl-node-5ee8dd3b1aa43\" data-node=\"5ee8dd3b1aa43\">\n<div class=\"fl-col fl-node-5ee8dd3b1aa97\" data-node=\"5ee8dd3b1aa97\">\n<div class=\"fl-col-content fl-node-content\">\n<div class=\"fl-module fl-module-heading fl-node-5ee8dd3b1aa10\" data-node=\"5ee8dd3b1aa10\">\n<div class=\"fl-module-content fl-node-content\">\n<h1 class=\"fl-heading\"><span class=\"fl-heading-text\">Instrucciones de lavado<\/span><\/h1>\n<\/div>\n<\/div>\n<\/div>\n<\/div>\n<\/div>\n<div class=\"fl-col-group fl-node-5ee8d35d753f2\" data-node=\"5ee8d35d753f2\">\n<div class=\"fl-col fl-node-5ee8d35d7544c\" data-node=\"5ee8d35d7544c\">\n<div class=\"fl-col-content fl-node-content\">\n<div class=\"fl-module fl-module-heading fl-node-5ee8d35d7473c\" data-node=\"5ee8d35d7473c\">\n<div class=\"fl-module-content fl-node-content\">\n<h3 class=\"fl-heading\"><span class=\"fl-heading-text\">\u00bfC\u00f3mo me lavo correctamente?<\/span><\/h3>\n<\/div>\n<\/div>\n<div class=\"fl-module fl-module-rich-text fl-node-5ee8d3ee5c685\" data-node=\"5ee8d3ee5c685\">\n<div class=\"fl-module-content fl-node-content\">\n<div class=\"fl-rich-text\">\n<p>El champ\u00fa para la piel tiene propiedades tanto limpiadoras como terap\u00e9uticas. El champ\u00fa para la piel debe utilizarse dos veces para obtener resultados \u00f3ptimos. La primera vez para conseguir un efecto limpiador al inicio de un tratamiento o si la mascota est\u00e1 muy sucia. La segunda vez inmediatamente despu\u00e9s con un tiempo de remojo de 10 minutos para restaurar la barrera cut\u00e1nea, aportar hidrataci\u00f3n a la piel, remediar las infecciones cut\u00e1neas y\/o suprimir los picores. Para un lavado ordinario, sin que su mascota tenga problemas de piel, un lavado es suficiente a menos que el perro est\u00e9 muy sucio.<\/p>\n<\/div>\n<\/div>\n<\/div>\n<div class=\"fl-module fl-module-heading fl-node-5ee8d4d654f2e\" data-node=\"5ee8d4d654f2e\">\n<div class=\"fl-module-content fl-node-content\">\n<h3 class=\"fl-heading\"><span class=\"fl-heading-text\">Consejos para un lavado agradable:<\/span><\/h3>\n<\/div>\n<\/div>\n<div class=\"fl-module fl-module-rich-text fl-node-5ee8d4f0992b0\" data-node=\"5ee8d4f0992b0\">\n<div class=\"fl-module-content fl-node-content\">\n<div class=\"fl-rich-text\">\n<ul>\n<li>Empezar desde una edad temprana con una aclimataci\u00f3n positiva al lavado.<\/li>\n<li>Aseg\u00farate de estar relajado.<\/li>\n<li>Cepille el pelaje antes de cada lavado.<\/li>\n<li>\u00bfNunca han lavado a su perro? Primero acostumbre a su perro a la zona de lavado sin llegar a lavarlo con agua y recomp\u00e9nselo con cari\u00f1o, jugando o d\u00e1ndole alguna golosina.<\/li>\n<li>Primero, deja que tu perro se acostumbre al agua utilizando una franela o esponja. S\u00f3lo entonces deje que se acostumbre al sonido de la alcachofa de la ducha. Si al perro le asusta el chorro de agua, utilice una esponja y enju\u00e1guelo vertiendo agua sobre el animal (con un cubo o el\u00a0<span style=\"text-decoration: underline;\"><a href=\"https:\/\/maxani.nl\/es\/mengfles\/\">botella mezcladora de champ\u00fa de Maxani).<\/a><\/span><\/li>\n<li>Si su perro muestra miedo o una reacci\u00f3n de sobresalto, no le d\u00e9 cari\u00f1o ni consuelo. De este modo, el perro confirma que el lavado es realmente un acontecimiento que le asusta. Intente no reaccionar y mantenga la calma. M\u00e1s bien, distraiga al perro jugando o d\u00e1ndole algo agradable. \u00a0<\/li>\n<li>Dale a tu perro un sabroso tentempi\u00e9 con, por ejemplo, el Lickimat<sup>TM<\/sup>\u00a0Salpicar o a trav\u00e9s de un Kong que contenga salchicha congelada.<\/li>\n<li>Aseg\u00farate de que el animal no pueda resbalar y utiliza una alfombrilla de goma o una toalla si es necesario.<\/li>\n<\/ul>\n<\/div>\n<\/div>\n<\/div>\n<div class=\"fl-module fl-module-heading fl-node-5ee8d5ab9d640\" data-node=\"5ee8d5ab9d640\">\n<div class=\"fl-module-content fl-node-content\">\n<h3 class=\"fl-heading\"><span class=\"fl-heading-text\">El lavado es posible en diferentes lugares y formas<\/span><\/h3>\n<\/div>\n<\/div>\n<div class=\"fl-module fl-module-rich-text fl-node-5ee8d5dc19c95\" data-node=\"5ee8d5dc19c95\">\n<div class=\"fl-module-content fl-node-content\">\n<div class=\"fl-rich-text\">\n<p>Cuando hace calor, es f\u00e1cil lavar al perro en el exterior. Cuando hace m\u00e1s fr\u00edo, es mejor lavarlo en la ba\u00f1era o la ducha. Si no es posible lavar al perro en casa, hay tiendas de animales con lavaderos especiales donde puede lavarlo usted mismo. Si no puede lavar a su perro, por ejemplo porque est\u00e1 muy asustado, puede encargar el lavado a un peluquero canino profesional.<\/p>\n<\/div>\n<\/div>\n<\/div>\n<div class=\"fl-module fl-module-heading fl-node-5ee8d60c3e516\" data-node=\"5ee8d60c3e516\">\n<div class=\"fl-module-content fl-node-content\">\n<h3 class=\"fl-heading\"><span class=\"fl-heading-text\">\u00bfCon qu\u00e9 frecuencia lavar?<\/span><\/h3>\n<\/div>\n<\/div>\n<div class=\"fl-module fl-module-rich-text fl-node-5ee8d631cf60b\" data-node=\"5ee8d631cf60b\">\n<div class=\"fl-module-content fl-node-content\">\n<div class=\"fl-rich-text\">\n<p>Los perros con piel sana s\u00f3lo necesitan lavarse si est\u00e1n sucios y\/o huelen mal. Tambi\u00e9n es aconsejable acostumbrar a los cachorros a lavarse a una edad temprana. Los perros con problemas de piel deben lavarse con mayor frecuencia y regularidad con el champ\u00fa adecuado. La frecuencia depende de la afecci\u00f3n, la gravedad de la dolencia y la finalidad del tratamiento. En caso de problemas cut\u00e1neos graves, los champ\u00fas pueden utilizarse a diario. Ralph Mueller (dermat\u00f3logo) subraya que es sabido que el efecto de un champ\u00fa para la piel dura como m\u00e1ximo de 2 a 3 d\u00edas. Siga siempre los consejos de su veterinario. Para los animales con problemas cut\u00e1neos, al iniciar el tratamiento se suele aconsejar el champ\u00fa especial para la piel al menos tres veces por semana durante 2 \u00f3 3 semanas. Despu\u00e9s, en consulta con su veterinario, discuta c\u00f3mo y cu\u00e1ndo reducir gradualmente el tratamiento con champ\u00fa a una frecuencia de mantenimiento de normalmente una vez a la semana. \u00a0<\/p>\n<\/div>\n<\/div>\n<\/div>\n<\/div>\n<\/div>\n<\/div>\n\n\t\t<\/div>\n\t\t\t\t\t<\/div>\n\n\t\n\n\t<div id=\"col-1985207948\" class=\"col medium-4 small-12 large-4\"  >\n\t\t\t\t<div class=\"col-inner\"  >\n\t\t\t\n\t\t\t\n\n\n\t\t<\/div>\n\t\t\t\t\t<\/div>\n\n\t\n\n<\/div>\n<div class=\"row\"  id=\"row-1215936633\">\n\n\n\t<div id=\"col-161294421\" class=\"col small-12 large-12\"  >\n\t\t\t\t<div class=\"col-inner\"  >\n\t\t\t\n\t\t\t\n\n<div class=\"text-center\"><div class=\"is-divider divider clearfix\" style=\"max-width:1080px;height:2px;\"><\/div><\/div>\n\n\n\t\t<\/div>\n\t\t\t\t\t<\/div>\n\n\t\n\n<\/div>\n<div class=\"row\"  id=\"row-2106509855\">\n\n\n\t<div id=\"col-1497852728\" class=\"col medium-8 small-12 large-8\"  >\n\t\t\t\t<div class=\"col-inner\"  >\n\t\t\t\n\t\t\t\n\n<div class=\"fl-col-group fl-node-5ee8dd3b1aa43\" data-node=\"5ee8dd3b1aa43\">\n<div class=\"fl-col fl-node-5ee8dd3b1aa97\" data-node=\"5ee8dd3b1aa97\">\n<div class=\"fl-col-content fl-node-content\">\n<div class=\"fl-module fl-module-heading fl-node-5ee8dd3b1aa10\" data-node=\"5ee8dd3b1aa10\">\n<div class=\"fl-module-content fl-node-content\">\n<div class=\"pp-heading  pp-center\">\n<h1 class=\"heading-title\"><span class=\"title-text pp-primary-title\">Lavar<\/span><\/h1>\n<\/div>\n<div class=\"pp-sub-heading\">\n<p>Para muchos propietarios de animales y especialistas veterinarios, lavar a los animales es todo un reto. En beneficio del animal y de la terapia con champ\u00fa, Maxani se complace en ofrecer m\u00e1s informaci\u00f3n sobre la mejor manera de lavar a los animales y c\u00f3mo funciona la terapia con champ\u00fa. En el siguiente v\u00eddeo, mostramos c\u00f3mo se realiza un lavado. \u00bfTiene alguna pregunta sobre el lavado o los champ\u00fas para la piel Maxani?<\/p>\n<\/div>\n<\/div>\n<\/div>\n<\/div>\n<\/div>\n<\/div>\n<a href=\"https:\/\/maxani.nl\/es\/wassen\/\" class=\"button primary\" >\n\t\t<span>Ver el v\u00eddeo de instrucciones de lavado<\/span>\n\t<\/a>\n\n\n<a href=\"https:\/\/maxani.nl\/es\/contact\/\" class=\"button primary is-outline\" >\n\t\t<span>P\u00f3ngase en contacto con nosotros<\/span>\n\t<\/a>\n\n\n\n\t\t<\/div>\n\t\t\t\t\t<\/div>\n\n\t\n\n\t<div id=\"col-210391424\" class=\"col medium-4 small-12 large-4\"  >\n\t\t\t\t<div class=\"col-inner\"  >\n\t\t\t\n\t\t\t\n\n\n\t\t<\/div>\n\t\t\t\t\t<\/div>\n\n\t\n\n<\/div>\n<div class=\"row\"  id=\"row-929522045\">\n\n\n\t<div id=\"col-1954176678\" class=\"col medium-8 small-12 large-8\"  >\n\t\t\t\t<div class=\"col-inner\"  >\n\t\t\t\n\t\t\t\n\n<div class=\"fl-col-group fl-node-5ee8dd3b1aa43\" data-node=\"5ee8dd3b1aa43\">\n<div class=\"fl-col fl-node-5ee8dd3b1aa97\" data-node=\"5ee8dd3b1aa97\">\n<div class=\"fl-col-content fl-node-content\">\n<div class=\"fl-module fl-module-heading fl-node-5ee8dd3b1aa10\" data-node=\"5ee8dd3b1aa10\">\n<div class=\"fl-module-content fl-node-content\">\n<div class=\"pp-heading  pp-center\">\n<div class=\"fl-module fl-module-heading fl-node-5ee8dd8911344\" data-node=\"5ee8dd8911344\">\n<div class=\"fl-module-content fl-node-content\">\n<h2 class=\"fl-heading\"><span class=\"fl-heading-text\">Instrucciones de lavado<\/span><\/h2>\n<\/div>\n<\/div>\n<div class=\"fl-module fl-module-heading fl-node-5ee9d4fb90f7c\" data-node=\"5ee9d4fb90f7c\">\n<div class=\"fl-module-content fl-node-content\">\n<p class=\"fl-heading\"><span class=\"fl-heading-text\">(a menos que el veterinario indique lo contrario)<\/span><\/p>\n<\/div>\n<\/div>\n<div class=\"fl-module fl-module-rich-text fl-node-5ee8de969ef98\" data-node=\"5ee8de969ef98\">\n<div class=\"fl-module-content fl-node-content\">\n<div class=\"fl-rich-text\">\n<p>Si es la primera vez que lava a su mascota al inicio del tratamiento, o si est\u00e1 muy sucia, es importante que le aplique el champ\u00fa dos veces. La primera vez, puede aclarar el champ\u00fa inmediatamente y la segunda, dejarlo en remojo durante 10 minutos.<\/p>\n<p>\u00a0<\/p>\n<ol>\n<li>Moja bien el pelo y la piel de tu mascota con agua tibia.<br \/><hr \/><\/li>\n<li>Diluir el champ\u00fa para la piel con agua tibia en una proporci\u00f3n de 1:5 en el\u00a0<a href=\"https:\/\/maxani.nl\/es\/mengfles\/\"><strong>botella mezcladora de champ\u00fa de Maxani<\/strong><\/a>. Vierta el champ\u00fa para la piel sobre el pelaje desde el cuello hasta la base de la cola. Masajear la piel con el champ\u00fa. Para obtener mejores resultados, aplique el champ\u00fa para la piel sin diluir tambi\u00e9n en las zonas afectadas. Lave bien la cola y los pliegues de la piel, as\u00ed como entre los dedos de los pies. Puede utilizar una esponja suave y limpia como ayuda para estas zonas vulnerables y de dif\u00edcil acceso.<br \/><hr \/><\/li>\n<li>Vaya directamente al paso 4 si el perro ha sido lavado m\u00e1s a menudo en la \u00faltima semana, o enjuague<br \/>Aclarar el champ\u00fa con agua tibia hasta que el agua salga clara y repetir el paso 2.\u00a0<hr \/><\/li>\n<li>Deje que el champ\u00fa act\u00fae durante 10 minutos. Esto es muy importante para que los ingredientes activos hagan efecto. Los 10 minutos comienzan despu\u00e9s del masaje. Si es necesario, utilice un temporizador para determinar el tiempo.<br \/><hr \/><\/li>\n<li>Aclare de nuevo el champ\u00fa hasta que el agua salga clara.<br \/><hr \/><\/li>\n<li>Deje que su mascota se sacuda y s\u00e9quela con palmaditas. A continuaci\u00f3n, s\u00e9quelo suavemente con una toalla suave. No se recomienda utilizar un secador de pelo (caliente), ya que reseca la piel. Con un pelaje espeso o que se seque con dificultad, se recomienda utilizar un secador especial para perros para evitar que se ahogue.<br \/><hr \/><\/li>\n<\/ol>\n<h4>Consejos:<\/h4>\n<ul>\n<li>Mantenga siempre el cabezal del pulverizador cerca de la piel.<\/li>\n<li>Si es necesario, lava la cabeza de tu mascota con una esponja o franela.<\/li>\n<li>Evite el contacto del champ\u00fa con los ojos y la nariz de su mascota. Si esto ocurriera, enjuague inmediatamente los ojos y la nariz con abundante agua limpia.<\/li>\n<li>Si lavas a tu mascota en una ba\u00f1era o en el lavabo, es importante que el tap\u00f3n no est\u00e9 dentro. Cuando entra agua en la ba\u00f1era, diluye el champ\u00fa y reduce su eficacia.<\/li>\n<li>Aseg\u00farate de estar relajado y recompensa a tu animal con algo sabroso, un poco de juego o un poco de atenci\u00f3n extra.<\/li>\n<\/ul>\n<\/div>\n<\/div>\n<\/div>\n<\/div>\n<\/div>\n<\/div>\n<\/div>\n<\/div>\n<\/div>\n<a href=\"https:\/\/maxani.nl\/es\/wassen\/\" class=\"button primary\" >\n\t\t<span>Ver el v\u00eddeo de instrucciones de lavado<\/span>\n\t<\/a>\n\n\n\n\t\t<\/div>\n\t\t\t\t\t<\/div>\n\n\t\n\n\t<div id=\"col-2015760549\" class=\"col medium-4 small-12 large-4\"  >\n\t\t\t\t<div class=\"col-inner\"  >\n\t\t\t\n\t\t\t\n\n\n\t\t<\/div>\n\t\t\t\t\t<\/div>\n\n\t\n\n<\/div>\n\n\t\t<\/div>\n\n\t\t\n<style>\n#section_1310428230 {\n  padding-top: 60px;\n  padding-bottom: 60px;\n  min-height: 300px;\n}\n<\/style>\n\t<\/section>","protected":false},"excerpt":{"rendered":"","protected":false},"author":1,"featured_media":0,"parent":0,"menu_order":0,"comment_status":"closed","ping_status":"closed","template":"page-blank.php","meta":{"footnotes":""},"class_list":["post-11811","page","type-page","status-publish","hentry"],"yoast_head":"<!-- This site is optimized with the Yoast SEO plugin v27.1.1 - https:\/\/yoast.com\/product\/yoast-seo-wordpress\/ -->\n<title>Wasinstructie - Maxani Animal Healthcare BV<\/title>\n<meta name=\"robots\" content=\"index, follow, max-snippet:-1, max-image-preview:large, max-video-preview:-1\" \/>\n<link rel=\"canonical\" href=\"https:\/\/maxani.nl\/es\/wasinstructie\/\" \/>\n<meta property=\"og:locale\" content=\"es_ES\" \/>\n<meta property=\"og:type\" content=\"article\" \/>\n<meta property=\"og:title\" content=\"Wasinstructie - Maxani Animal Healthcare BV\" \/>\n<meta property=\"og:url\" content=\"https:\/\/maxani.nl\/es\/wasinstructie\/\" \/>\n<meta property=\"og:site_name\" content=\"Maxani Animal Healthcare BV\" \/>\n<meta property=\"article:modified_time\" content=\"2023-07-13T18:18:32+00:00\" \/>\n<meta name=\"twitter:card\" content=\"summary_large_image\" \/>\n<script type=\"application\/ld+json\" class=\"yoast-schema-graph\">{\"@context\":\"https:\/\/schema.org\",\"@graph\":[{\"@type\":\"WebPage\",\"@id\":\"https:\/\/maxani.nl\/wasinstructie\/\",\"url\":\"https:\/\/maxani.nl\/wasinstructie\/\",\"name\":\"Wasinstructie - Maxani Animal Healthcare BV\",\"isPartOf\":{\"@id\":\"https:\/\/maxani.nl\/#website\"},\"datePublished\":\"2023-07-07T17:32:57+00:00\",\"dateModified\":\"2023-07-13T18:18:32+00:00\",\"breadcrumb\":{\"@id\":\"https:\/\/maxani.nl\/wasinstructie\/#breadcrumb\"},\"inLanguage\":\"es\",\"potentialAction\":[{\"@type\":\"ReadAction\",\"target\":[\"https:\/\/maxani.nl\/wasinstructie\/\"]}]},{\"@type\":\"BreadcrumbList\",\"@id\":\"https:\/\/maxani.nl\/wasinstructie\/#breadcrumb\",\"itemListElement\":[{\"@type\":\"ListItem\",\"position\":1,\"name\":\"Home\",\"item\":\"https:\/\/maxani.nl\/\"},{\"@type\":\"ListItem\",\"position\":2,\"name\":\"Wasinstructie\"}]},{\"@type\":\"WebSite\",\"@id\":\"https:\/\/maxani.nl\/#website\",\"url\":\"https:\/\/maxani.nl\/\",\"name\":\"Maxani Animal Healthcare BV\",\"description\":\"Uw partner in veterinaire dermatologie\",\"potentialAction\":[{\"@type\":\"SearchAction\",\"target\":{\"@type\":\"EntryPoint\",\"urlTemplate\":\"https:\/\/maxani.nl\/?s={search_term_string}\"},\"query-input\":{\"@type\":\"PropertyValueSpecification\",\"valueRequired\":true,\"valueName\":\"search_term_string\"}}],\"inLanguage\":\"es\"}]}<\/script>\n<!-- \/ Yoast SEO plugin. -->","yoast_head_json":{"title":"Wasinstructie - Maxani Animal Healthcare BV","robots":{"index":"index","follow":"follow","max-snippet":"max-snippet:-1","max-image-preview":"max-image-preview:large","max-video-preview":"max-video-preview:-1"},"canonical":"https:\/\/maxani.nl\/es\/wasinstructie\/","og_locale":"es_ES","og_type":"article","og_title":"Wasinstructie - Maxani Animal Healthcare BV","og_url":"https:\/\/maxani.nl\/es\/wasinstructie\/","og_site_name":"Maxani Animal Healthcare BV","article_modified_time":"2023-07-13T18:18:32+00:00","twitter_card":"summary_large_image","schema":{"@context":"https:\/\/schema.org","@graph":[{"@type":"WebPage","@id":"https:\/\/maxani.nl\/wasinstructie\/","url":"https:\/\/maxani.nl\/wasinstructie\/","name":"Wasinstructie - Maxani Animal Healthcare BV","isPartOf":{"@id":"https:\/\/maxani.nl\/#website"},"datePublished":"2023-07-07T17:32:57+00:00","dateModified":"2023-07-13T18:18:32+00:00","breadcrumb":{"@id":"https:\/\/maxani.nl\/wasinstructie\/#breadcrumb"},"inLanguage":"es","potentialAction":[{"@type":"ReadAction","target":["https:\/\/maxani.nl\/wasinstructie\/"]}]},{"@type":"BreadcrumbList","@id":"https:\/\/maxani.nl\/wasinstructie\/#breadcrumb","itemListElement":[{"@type":"ListItem","position":1,"name":"Home","item":"https:\/\/maxani.nl\/"},{"@type":"ListItem","position":2,"name":"Wasinstructie"}]},{"@type":"WebSite","@id":"https:\/\/maxani.nl\/#website","url":"https:\/\/maxani.nl\/","name":"Maxani Animal Healthcare BV","description":"Su socio en dermatolog\u00eda veterinaria","potentialAction":[{"@type":"SearchAction","target":{"@type":"EntryPoint","urlTemplate":"https:\/\/maxani.nl\/?s={search_term_string}"},"query-input":{"@type":"PropertyValueSpecification","valueRequired":true,"valueName":"search_term_string"}}],"inLanguage":"es"}]}},"jetpack_sharing_enabled":true,"_links":{"self":[{"href":"https:\/\/maxani.nl\/es\/wp-json\/wp\/v2\/pages\/11811","targetHints":{"allow":["GET"]}}],"collection":[{"href":"https:\/\/maxani.nl\/es\/wp-json\/wp\/v2\/pages"}],"about":[{"href":"https:\/\/maxani.nl\/es\/wp-json\/wp\/v2\/types\/page"}],"author":[{"embeddable":true,"href":"https:\/\/maxani.nl\/es\/wp-json\/wp\/v2\/users\/1"}],"replies":[{"embeddable":true,"href":"https:\/\/maxani.nl\/es\/wp-json\/wp\/v2\/comments?post=11811"}],"version-history":[{"count":4,"href":"https:\/\/maxani.nl\/es\/wp-json\/wp\/v2\/pages\/11811\/revisions"}],"predecessor-version":[{"id":12453,"href":"https:\/\/maxani.nl\/es\/wp-json\/wp\/v2\/pages\/11811\/revisions\/12453"}],"wp:attachment":[{"href":"https:\/\/maxani.nl\/es\/wp-json\/wp\/v2\/media?parent=11811"}],"curies":[{"name":"wp","href":"https:\/\/api.w.org\/{rel}","templated":true}]}}