{"id":11807,"date":"2023-07-07T17:30:57","date_gmt":"2023-07-07T17:30:57","guid":{"rendered":"https:\/\/maxani.nl\/?page_id=11807"},"modified":"2025-05-30T14:03:25","modified_gmt":"2025-05-30T14:03:25","slug":"unieke-formule","status":"publish","type":"page","link":"https:\/\/maxani.nl\/es\/unieke-formule\/","title":{"rendered":"F\u00f3rmula \u00fanica"},"content":{"rendered":"<section class=\"section\" id=\"section_1598213828\">\n\t\t<div class=\"section-bg fill\" >\n\t\t\t\t\t\t\t\t\t\n\t\t\t\n\t<div class=\"is-border\"\n\t\tstyle=\"border-color:rgb(235, 235, 235);border-width:1px 0px 0px 0px;\">\n\t<\/div>\n\n\t\t<\/div>\n\n\t\t\n\n\t\t<div class=\"section-content relative\">\n\t\t\t\n\n<div class=\"row\"  id=\"row-572390604\">\n\n\n\t<div id=\"col-955072506\" class=\"col medium-8 small-12 large-8\"  >\n\t\t\t\t<div class=\"col-inner\"  >\n\t\t\t\n\t\t\t\n\n\t<div id=\"text-1123061107\" class=\"text\">\n\t\t\n\n<h2 class=\"fl-heading\"><span class=\"fl-heading-text\">F\u00f3rmula \u00fanica<\/span><\/h2>\n\t\t\n<style>\n#text-1123061107 {\n  font-size: 1.4rem;\n}\n<\/style>\n\t<\/div>\n\t\n<div class=\"fl-col-group fl-node-5ee9e4992940a\" data-node=\"5ee9e4992940a\">\n<div class=\"fl-col fl-node-5ee9e49929456\" data-node=\"5ee9e49929456\">\n<div class=\"fl-col-content fl-node-content\">\n<div class=\"fl-module fl-module-heading fl-node-5ee9e499293d0\" data-node=\"5ee9e499293d0\">\n<div class=\"fl-module-content fl-node-content\">\n<h1 class=\"fl-heading\"><span style=\"color: #555555; font-size: 14.4px;\">Cada champ\u00fa para la piel Maxani es \u00fanico y est\u00e1 adaptado a las necesidades espec\u00edficas de la mascota con problemas de piel. Lo llamamos champ\u00fa para la piel porque estos champ\u00fas contienen una combinaci\u00f3n \u00fanica de ingredientes que limpian y nutren la piel y el pelaje, como una loci\u00f3n corporal. Nuestros champ\u00fas para la piel est\u00e1n repletos de ingredientes activos y exclusivos. Todos los ingredientes son seguros y utilizamos la menor cantidad posible de perfume, alcohol y otras sustancias qu\u00edmicas y fragancias irritantes. Por ejemplo, utilizamos Sinodor\u00ae, un ingrediente potente y respetuoso con los animales que elimina los olores en lugar de limitarse a enmascararlos. Esto hace innecesario el perfume u otras fragancias irritantes, lo que resulta muy agradable para el animal. Nuestros champ\u00fas para la piel deben cumplir normas de alta calidad y, para garantizarlo, todos los champ\u00fas para la piel Maxani se desarrollan y producen en los Pa\u00edses Bajos.\u00a0<\/span><\/h1>\n<\/div>\n<\/div>\n<\/div>\n<\/div>\n<\/div>\n\n\t\t<\/div>\n\t\t\t\t\t<\/div>\n\n\t\n\n\t<div id=\"col-183959697\" class=\"col medium-4 small-12 large-4\"  >\n\t\t\t\t<div class=\"col-inner\"  >\n\t\t\t\n\t\t\t\n\n\n\t\t<\/div>\n\t\t\t\t\t<\/div>\n\n\t\n\n<\/div>\n<div class=\"row\"  id=\"row-1404022496\">\n\n\n\t<div id=\"col-601919324\" class=\"col medium-6 small-12 large-6\"  >\n\t\t\t\t<div class=\"col-inner\"  >\n\t\t\t\n\t\t\t\n\n\t<div class=\"img has-hover x md-x lg-x y md-y lg-y\" id=\"image_636502056\">\n\t\t\t\t\t\t\t\t<div class=\"img-inner dark\" >\n\t\t\t<img loading=\"lazy\" decoding=\"async\" width=\"749\" height=\"800\" src=\"https:\/\/maxani.nl\/wp-content\/uploads\/2023\/07\/illustraties-huid-met-watermerk-links-749x800.png\" class=\"attachment-large size-large\" alt=\"\" srcset=\"https:\/\/maxani.nl\/wp-content\/uploads\/2023\/07\/illustraties-huid-met-watermerk-links-749x800.png 749w, https:\/\/maxani.nl\/wp-content\/uploads\/2023\/07\/illustraties-huid-met-watermerk-links-375x400.png 375w, https:\/\/maxani.nl\/wp-content\/uploads\/2023\/07\/illustraties-huid-met-watermerk-links-768x820.png 768w, https:\/\/maxani.nl\/wp-content\/uploads\/2023\/07\/illustraties-huid-met-watermerk-links-1439x1536.png 1439w, https:\/\/maxani.nl\/wp-content\/uploads\/2023\/07\/illustraties-huid-met-watermerk-links-510x545.png 510w, https:\/\/maxani.nl\/wp-content\/uploads\/2023\/07\/illustraties-huid-met-watermerk-links.png 1698w\" sizes=\"auto, (max-width: 749px) 100vw, 749px\" \/>\t\t\t\t\t\t\n\t\t\t\t\t<\/div>\n\t\t\t\t\t\t\t\t\n<style>\n#image_636502056 {\n  width: 100%;\n}\n<\/style>\n\t<\/div>\n\t\n\n\n\t\t<\/div>\n\t\t\t\t\t<\/div>\n\n\t\n\n\t<div id=\"col-543519172\" class=\"col medium-6 small-12 large-6\"  >\n\t\t\t\t<div class=\"col-inner\"  >\n\t\t\t\n\t\t\t\n\n\t<div class=\"img has-hover x md-x lg-x y md-y lg-y\" id=\"image_89543840\">\n\t\t\t\t\t\t\t\t<div class=\"img-inner dark\" >\n\t\t\t<img loading=\"lazy\" decoding=\"async\" width=\"566\" height=\"800\" src=\"https:\/\/maxani.nl\/wp-content\/uploads\/2023\/07\/illustraties-huid-met-watermerk-rechts-566x800.png\" class=\"attachment-large size-large\" alt=\"\" srcset=\"https:\/\/maxani.nl\/wp-content\/uploads\/2023\/07\/illustraties-huid-met-watermerk-rechts-566x800.png 566w, https:\/\/maxani.nl\/wp-content\/uploads\/2023\/07\/illustraties-huid-met-watermerk-rechts-283x400.png 283w, https:\/\/maxani.nl\/wp-content\/uploads\/2023\/07\/illustraties-huid-met-watermerk-rechts-768x1085.png 768w, https:\/\/maxani.nl\/wp-content\/uploads\/2023\/07\/illustraties-huid-met-watermerk-rechts-1087x1536.png 1087w, https:\/\/maxani.nl\/wp-content\/uploads\/2023\/07\/illustraties-huid-met-watermerk-rechts-510x721.png 510w, https:\/\/maxani.nl\/wp-content\/uploads\/2023\/07\/illustraties-huid-met-watermerk-rechts.png 1283w\" sizes=\"auto, (max-width: 566px) 100vw, 566px\" \/>\t\t\t\t\t\t\n\t\t\t\t\t<\/div>\n\t\t\t\t\t\t\t\t\n<style>\n#image_89543840 {\n  width: 76%;\n}\n<\/style>\n\t<\/div>\n\t\n\n\n\t\t<\/div>\n\t\t\t\t\t<\/div>\n\n\t\n\n<\/div>\n<div class=\"row\"  id=\"row-615543750\">\n\n\n\t<div id=\"col-786478900\" class=\"col medium-8 small-12 large-8\"  >\n\t\t\t\t<div class=\"col-inner\"  >\n\t\t\t\n\t\t\t\n\n<div class=\"fl-col-group fl-node-5ee9e4992940a\" data-node=\"5ee9e4992940a\">\n<div class=\"fl-col fl-node-5ee9e49929456\" data-node=\"5ee9e49929456\">\n<div class=\"fl-col-content fl-node-content\">\n<div class=\"fl-module fl-module-heading fl-node-5ee9e499293d0\" data-node=\"5ee9e499293d0\">\n<div class=\"fl-module-content fl-node-content\">\n<p class=\"fl-heading\">Los champ\u00fas para la piel Maxani abordan aspectos importantes para restaurar la barrera cut\u00e1nea defectuosa. Cuando la barrera cut\u00e1nea est\u00e1 alterada, los perros pueden desarrollar s\u00edntomas m\u00e1s r\u00e1pidamente. Esto provoca una mayor exposici\u00f3n a al\u00e9rgenos, pat\u00f3genos y toxinas. Los microbios se adhieren m\u00e1s f\u00e1cilmente a la piel y se produce un aumento de la p\u00e9rdida de agua epid\u00e9rmica (TEWL). En los animales con problemas cut\u00e1neos, principalmente en la dermatitis at\u00f3pica, se ven afectados casi todos los aspectos de la piel. La descamaci\u00f3n puede estar acelerada o retrasada (con o sin descamaci\u00f3n), el sistema inmunitario no funciona correctamente, la flora cut\u00e1nea est\u00e1 desequilibrada y la acidez de la piel es mayor, por lo que las infecciones cut\u00e1neas secundarias est\u00e1n al acecho. Es importante reparar estos aspectos afectados y esto puede hacerse sobre todo externamente con los champ\u00fas para la piel Maxani.<\/p>\n<\/div>\n<\/div>\n<\/div>\n<\/div>\n<\/div>\n\n\t\t<\/div>\n\t\t\t\t\t<\/div>\n\n\t\n\n\t<div id=\"col-131954795\" class=\"col medium-4 small-12 large-4\"  >\n\t\t\t\t<div class=\"col-inner\"  >\n\t\t\t\n\t\t\t\n\n\n\t\t<\/div>\n\t\t\t\t\t<\/div>\n\n\t\n\n<\/div>\n<div class=\"row\"  id=\"row-2037249272\">\n\n\n\t<div id=\"col-1414550114\" class=\"col medium-6 small-12 large-6\"  >\n\t\t\t\t<div class=\"col-inner\"  >\n\t\t\t\n\t\t\t\n\n<p>Los champ\u00fas para la piel Maxani son eficaces para limpiar el pelaje y la piel sin resecarla en exceso. Los champ\u00fas para la piel Maxani contienen importantes combinaciones de\u00a0<em>emolientes<\/em>\u00a0(por ejemplo, aceites o l\u00edpidos) y humectantes (humectantes). De este modo se refuerza, hidrata y protege la barrera cut\u00e1nea del animal con problemas de piel. Los champ\u00fas para la piel Maxani est\u00e1n enriquecidos con l\u00edpidos protectores y restauradores de la barrera cut\u00e1nea derivados de SK-in\ufb02ux\u00ae V. Este complejo \u00fanico de l\u00edpidos, formado por ceramidas, colesterol y \u00e1cidos grasos libres, tambi\u00e9n se encuentra de forma natural en la piel de perros y gatos. La proporci\u00f3n adecuada de l\u00edpidos es esencial para su correcta absorci\u00f3n en la piel. Una barrera cut\u00e1nea da\u00f1ada, por ejemplo debido a dermatitis at\u00f3pica o seborrea, se recupera m\u00e1s r\u00e1pidamente aplicando ceramidas o \u00e1cidos grasos directamente por v\u00eda t\u00f3pica. La fitoesfingosina se encuentra de forma natural en el estrato c\u00f3rneo. La adici\u00f3n de fitospingosina protege la barrera cut\u00e1nea y tiene efectos antiinflamatorios y antibacterianos. La fitoesfingosina es necesaria para varios procesos celulares, incluida la diferenciaci\u00f3n celular.<\/p>\n\n\t\t<\/div>\n\t\t\t\t\t<\/div>\n\n\t\n\n\t<div id=\"col-903914640\" class=\"col medium-6 small-12 large-6\"  >\n\t\t\t\t<div class=\"col-inner\"  >\n\t\t\t\n\t\t\t\n\n\t<div class=\"img has-hover x md-x lg-x y md-y lg-y\" id=\"image_1956399336\">\n\t\t\t\t\t\t\t\t<div class=\"img-inner dark\" >\n\t\t\t<img loading=\"lazy\" decoding=\"async\" width=\"996\" height=\"800\" src=\"https:\/\/maxani.nl\/wp-content\/uploads\/2023\/07\/illustraties-huid-Humectant-Emollient-met-watermerk-2048x1645-1-996x800.png\" class=\"attachment-large size-large\" alt=\"\" srcset=\"https:\/\/maxani.nl\/wp-content\/uploads\/2023\/07\/illustraties-huid-Humectant-Emollient-met-watermerk-2048x1645-1-996x800.png 996w, https:\/\/maxani.nl\/wp-content\/uploads\/2023\/07\/illustraties-huid-Humectant-Emollient-met-watermerk-2048x1645-1-498x400.png 498w, https:\/\/maxani.nl\/wp-content\/uploads\/2023\/07\/illustraties-huid-Humectant-Emollient-met-watermerk-2048x1645-1-768x617.png 768w, https:\/\/maxani.nl\/wp-content\/uploads\/2023\/07\/illustraties-huid-Humectant-Emollient-met-watermerk-2048x1645-1-1536x1234.png 1536w, https:\/\/maxani.nl\/wp-content\/uploads\/2023\/07\/illustraties-huid-Humectant-Emollient-met-watermerk-2048x1645-1-510x410.png 510w, https:\/\/maxani.nl\/wp-content\/uploads\/2023\/07\/illustraties-huid-Humectant-Emollient-met-watermerk-2048x1645-1.png 2048w\" sizes=\"auto, (max-width: 996px) 100vw, 996px\" \/>\t\t\t\t\t\t\n\t\t\t\t\t<\/div>\n\t\t\t\t\t\t\t\t\n<style>\n#image_1956399336 {\n  width: 100%;\n}\n<\/style>\n\t<\/div>\n\t\n\n\n\t\t<\/div>\n\t\t\t\t\t<\/div>\n\n\t\n\n<\/div>\n<div class=\"row\"  id=\"row-1968122180\">\n\n\n\t<div id=\"col-423029079\" class=\"col medium-8 small-12 large-8\"  >\n\t\t\t\t<div class=\"col-inner\"  >\n\t\t\t\n\t\t\t\n\n<div class=\"fl-col-group fl-node-5ee9e4992940a\" data-node=\"5ee9e4992940a\">\n<div class=\"fl-col fl-node-5ee9e49929456\" data-node=\"5ee9e49929456\">\n<div class=\"fl-col-content fl-node-content\">\n<div class=\"fl-module fl-module-heading fl-node-5ee9e499293d0\" data-node=\"5ee9e499293d0\">\n<div class=\"fl-module-content fl-node-content\">\n<p class=\"fl-heading\">Con una barrera cut\u00e1nea debilitada, la piel pierde mucha humedad, lo que provoca que la piel se seque y pique. Todos los champ\u00fas Maxani para la piel contienen humectantes como el \u00e1cido hialur\u00f3nico para devolver la hidrataci\u00f3n y la elasticidad a la piel. El \u00e1cido hialur\u00f3nico y la miel, junto con el pantenol, tambi\u00e9n cuidan el pelaje seco y sin brillo. La miel contribuye a una buena micro\ufb02ora y ayuda a reducir el picor y la descamaci\u00f3n, gracias a las vitaminas y minerales que contiene. Adem\u00e1s, cada champ\u00fa Maxani para la piel contiene ingredientes \u00fanicos adaptados a las necesidades espec\u00edficas de la mascota con problemas cut\u00e1neos.<\/p>\n<\/div>\n<\/div>\n<\/div>\n<\/div>\n<\/div>\n\n\t\t<\/div>\n\t\t\t\t\t<\/div>\n\n\t\n\n\t<div id=\"col-2004871507\" class=\"col medium-4 small-12 large-4\"  >\n\t\t\t\t<div class=\"col-inner\"  >\n\t\t\t\n\t\t\t\n\n\n\t\t<\/div>\n\t\t\t\t\t<\/div>\n\n\t\n\n<\/div>\n\n\t\t<\/div>\n\n\t\t\n<style>\n#section_1598213828 {\n  padding-top: 60px;\n  padding-bottom: 60px;\n  min-height: 300px;\n}\n<\/style>\n\t<\/section>","protected":false},"excerpt":{"rendered":"","protected":false},"author":1,"featured_media":0,"parent":0,"menu_order":0,"comment_status":"closed","ping_status":"closed","template":"page-blank.php","meta":{"footnotes":""},"class_list":["post-11807","page","type-page","status-publish","hentry"],"yoast_head":"<!-- This site is optimized with the Yoast SEO plugin v27.1.1 - https:\/\/yoast.com\/product\/yoast-seo-wordpress\/ -->\n<title>Unieke formule - Maxani Animal Healthcare BV<\/title>\n<meta name=\"robots\" content=\"index, follow, max-snippet:-1, max-image-preview:large, max-video-preview:-1\" \/>\n<link rel=\"canonical\" href=\"https:\/\/maxani.nl\/es\/unieke-formule\/\" \/>\n<meta property=\"og:locale\" content=\"es_ES\" \/>\n<meta property=\"og:type\" content=\"article\" \/>\n<meta property=\"og:title\" content=\"Unieke formule - Maxani Animal Healthcare BV\" \/>\n<meta property=\"og:url\" content=\"https:\/\/maxani.nl\/es\/unieke-formule\/\" \/>\n<meta property=\"og:site_name\" content=\"Maxani Animal Healthcare BV\" \/>\n<meta property=\"article:modified_time\" content=\"2025-05-30T14:03:25+00:00\" \/>\n<meta name=\"twitter:card\" content=\"summary_large_image\" \/>\n<script type=\"application\/ld+json\" class=\"yoast-schema-graph\">{\"@context\":\"https:\/\/schema.org\",\"@graph\":[{\"@type\":\"WebPage\",\"@id\":\"https:\/\/maxani.nl\/unieke-formule\/\",\"url\":\"https:\/\/maxani.nl\/unieke-formule\/\",\"name\":\"Unieke formule - Maxani Animal Healthcare BV\",\"isPartOf\":{\"@id\":\"https:\/\/maxani.nl\/#website\"},\"datePublished\":\"2023-07-07T17:30:57+00:00\",\"dateModified\":\"2025-05-30T14:03:25+00:00\",\"breadcrumb\":{\"@id\":\"https:\/\/maxani.nl\/unieke-formule\/#breadcrumb\"},\"inLanguage\":\"es\",\"potentialAction\":[{\"@type\":\"ReadAction\",\"target\":[\"https:\/\/maxani.nl\/unieke-formule\/\"]}]},{\"@type\":\"BreadcrumbList\",\"@id\":\"https:\/\/maxani.nl\/unieke-formule\/#breadcrumb\",\"itemListElement\":[{\"@type\":\"ListItem\",\"position\":1,\"name\":\"Home\",\"item\":\"https:\/\/maxani.nl\/\"},{\"@type\":\"ListItem\",\"position\":2,\"name\":\"Unieke formule\"}]},{\"@type\":\"WebSite\",\"@id\":\"https:\/\/maxani.nl\/#website\",\"url\":\"https:\/\/maxani.nl\/\",\"name\":\"Maxani Animal Healthcare BV\",\"description\":\"Uw partner in veterinaire dermatologie\",\"potentialAction\":[{\"@type\":\"SearchAction\",\"target\":{\"@type\":\"EntryPoint\",\"urlTemplate\":\"https:\/\/maxani.nl\/?s={search_term_string}\"},\"query-input\":{\"@type\":\"PropertyValueSpecification\",\"valueRequired\":true,\"valueName\":\"search_term_string\"}}],\"inLanguage\":\"es\"}]}<\/script>\n<!-- \/ Yoast SEO plugin. -->","yoast_head_json":{"title":"Unieke formule - Maxani Animal Healthcare BV","robots":{"index":"index","follow":"follow","max-snippet":"max-snippet:-1","max-image-preview":"max-image-preview:large","max-video-preview":"max-video-preview:-1"},"canonical":"https:\/\/maxani.nl\/es\/unieke-formule\/","og_locale":"es_ES","og_type":"article","og_title":"Unieke formule - Maxani Animal Healthcare BV","og_url":"https:\/\/maxani.nl\/es\/unieke-formule\/","og_site_name":"Maxani Animal Healthcare BV","article_modified_time":"2025-05-30T14:03:25+00:00","twitter_card":"summary_large_image","schema":{"@context":"https:\/\/schema.org","@graph":[{"@type":"WebPage","@id":"https:\/\/maxani.nl\/unieke-formule\/","url":"https:\/\/maxani.nl\/unieke-formule\/","name":"Unieke formule - Maxani Animal Healthcare BV","isPartOf":{"@id":"https:\/\/maxani.nl\/#website"},"datePublished":"2023-07-07T17:30:57+00:00","dateModified":"2025-05-30T14:03:25+00:00","breadcrumb":{"@id":"https:\/\/maxani.nl\/unieke-formule\/#breadcrumb"},"inLanguage":"es","potentialAction":[{"@type":"ReadAction","target":["https:\/\/maxani.nl\/unieke-formule\/"]}]},{"@type":"BreadcrumbList","@id":"https:\/\/maxani.nl\/unieke-formule\/#breadcrumb","itemListElement":[{"@type":"ListItem","position":1,"name":"Home","item":"https:\/\/maxani.nl\/"},{"@type":"ListItem","position":2,"name":"Unieke formule"}]},{"@type":"WebSite","@id":"https:\/\/maxani.nl\/#website","url":"https:\/\/maxani.nl\/","name":"Maxani Animal Healthcare BV","description":"Su socio en dermatolog\u00eda veterinaria","potentialAction":[{"@type":"SearchAction","target":{"@type":"EntryPoint","urlTemplate":"https:\/\/maxani.nl\/?s={search_term_string}"},"query-input":{"@type":"PropertyValueSpecification","valueRequired":true,"valueName":"search_term_string"}}],"inLanguage":"es"}]}},"jetpack_sharing_enabled":true,"_links":{"self":[{"href":"https:\/\/maxani.nl\/es\/wp-json\/wp\/v2\/pages\/11807","targetHints":{"allow":["GET"]}}],"collection":[{"href":"https:\/\/maxani.nl\/es\/wp-json\/wp\/v2\/pages"}],"about":[{"href":"https:\/\/maxani.nl\/es\/wp-json\/wp\/v2\/types\/page"}],"author":[{"embeddable":true,"href":"https:\/\/maxani.nl\/es\/wp-json\/wp\/v2\/users\/1"}],"replies":[{"embeddable":true,"href":"https:\/\/maxani.nl\/es\/wp-json\/wp\/v2\/comments?post=11807"}],"version-history":[{"count":6,"href":"https:\/\/maxani.nl\/es\/wp-json\/wp\/v2\/pages\/11807\/revisions"}],"predecessor-version":[{"id":17195,"href":"https:\/\/maxani.nl\/es\/wp-json\/wp\/v2\/pages\/11807\/revisions\/17195"}],"wp:attachment":[{"href":"https:\/\/maxani.nl\/es\/wp-json\/wp\/v2\/media?parent=11807"}],"curies":[{"name":"wp","href":"https:\/\/api.w.org\/{rel}","templated":true}]}}