{"id":11797,"date":"2023-07-07T17:23:32","date_gmt":"2023-07-07T17:23:32","guid":{"rendered":"https:\/\/maxani.nl\/?page_id=11797"},"modified":"2025-05-29T11:15:25","modified_gmt":"2025-05-29T11:15:25","slug":"privacy-beleid","status":"publish","type":"page","link":"https:\/\/maxani.nl\/es\/privacy-beleid\/","title":{"rendered":"Pol\u00edtica de privacidad"},"content":{"rendered":"<section class=\"section\" id=\"section_1965155459\">\n\t\t<div class=\"section-bg fill\" >\n\t\t\t\t\t\t\t\t\t\n\t\t\t\n\t<div class=\"is-border\"\n\t\tstyle=\"border-color:rgb(235, 235, 235);border-width:1px 0px 0px 0px;\">\n\t<\/div>\n\n\t\t<\/div>\n\n\t\t\n\n\t\t<div class=\"section-content relative\">\n\t\t\t\n\n<div class=\"row\"  id=\"row-242532852\">\n\n\n\t<div id=\"col-1987425377\" class=\"col medium-8 small-12 large-8\"  >\n\t\t\t\t<div class=\"col-inner\"  >\n\t\t\t\n\t\t\t\n\n\t<div id=\"text-4104868130\" class=\"text\">\n\t\t\n\n<h1>Pol\u00edtica de privacidad<\/h1>\n\t\t\n<style>\n#text-4104868130 {\n  font-size: 1.4rem;\n}\n<\/style>\n\t<\/div>\n\t\n<p><em>Esta p\u00e1gina fue modificada por \u00faltima vez el 25 de julio de 2019.<\/em><\/p>\n<p>Somos conscientes de la confianza que deposita en nosotros. Por ello, consideramos que es nuestra responsabilidad proteger su privacidad. En esta p\u00e1gina le informamos de qu\u00e9 datos recogemos cuando utiliza nuestro sitio web, por qu\u00e9 recogemos estos datos y c\u00f3mo los utilizamos para mejorar su experiencia de usuario. As\u00ed entender\u00e1 exactamente c\u00f3mo trabajamos.<\/p>\n<p>Esta pol\u00edtica de privacidad se aplica a los servicios de Maxani Animal Healthcare BV. Debe tener en cuenta que Maxani Animal Healthcare BV no es responsable de las pol\u00edticas de privacidad de otros sitios y fuentes. Al utilizar este sitio web, usted indica que acepta la pol\u00edtica de privacidad.<\/p>\n<p>Maxani Animal Healthcare BV respeta la privacidad de todos los usuarios de su sitio web y garantiza que la informaci\u00f3n personal que nos facilite ser\u00e1 tratada de forma confidencial.<\/p>\n<p>\u00a0<\/p>\n<h4><strong>Uso de nuestros servicios<\/strong><\/h4>\n<p>Cuando se registra en nuestro sitio web, le pedimos que nos facilite datos personales. Estos datos se utilizan para prestar el servicio. Los datos se almacenar\u00e1n en los servidores seguros de Maxani Animal Healthcare BV o de terceros. No combinaremos estos datos con otros datos personales que obren en nuestro poder.<\/p>\n<p>\u00a0<\/p>\n<h4><strong>Comunicaciones<\/strong><\/h4>\n<p>Cuando nos env\u00eda un correo electr\u00f3nico u otros mensajes, podemos conservar dichos mensajes. A veces le pediremos sus datos personales relacionados con la situaci\u00f3n de que se trate. Esto nos permite procesar sus preguntas y responder a sus solicitudes. Los datos se almacenan en los servidores seguros de Maxani Animal Healthcare BV o de terceros. No combinaremos estos datos con otros datos personales que obren en nuestro poder.<\/p>\n<p>\u00a0<\/p>\n<h4><strong>Cookies<\/strong><\/h4>\n<p>Recogemos datos con fines de investigaci\u00f3n para conocer mejor a nuestros clientes y poder adaptar nuestros servicios en consecuencia.<\/p>\n<p>Este sitio web utiliza \"cookies\" (archivos de texto ubicados en su ordenador) para ayudar al sitio web a analizar c\u00f3mo lo utilizan los usuarios. La informaci\u00f3n que genera la cookie acerca de su uso del sitio web puede ser transferida a los servidores seguros de Maxani Animal Healthcare BV o a los de terceros. Utilizamos esta informaci\u00f3n para saber c\u00f3mo utiliza el sitio web, para elaborar informes sobre la actividad del sitio web y para ofrecer otros servicios relacionados con la actividad del sitio web y el uso de Internet.<\/p>\n<p>\u00a0<\/p>\n<h4><strong>Prop\u00f3sitos<\/strong><\/h4>\n<p>No recopilamos ni utilizamos informaci\u00f3n para fines distintos de los descritos en esta pol\u00edtica de privacidad a menos que hayamos obtenido su consentimiento previo.<\/p>\n<p>\u00a0<\/p>\n<h4><strong>Terceros<\/strong><\/h4>\n<p>La informaci\u00f3n no se comparte con terceros. En algunos casos, la informaci\u00f3n puede compartirse internamente. Nuestros empleados est\u00e1n obligados a respetar la confidencialidad de sus datos.<\/p>\n<p>\u00a0<\/p>\n<h4><strong>Cambios<\/strong><\/h4>\n<p>Esta declaraci\u00f3n de privacidad est\u00e1 adaptada al uso y las funciones de este sitio web. Cualquier ajuste y\/o cambio en el sitio web puede dar lugar a cambios en esta declaraci\u00f3n de privacidad. Por lo tanto, es aconsejable consultar peri\u00f3dicamente esta declaraci\u00f3n de privacidad.<\/p>\n<p>\u00a0<\/p>\n<h4><strong>Opciones para los datos personales<\/strong><\/h4>\n<p>Ofrecemos a todos los visitantes la oportunidad de ver, cambiar o borrar cualquier informaci\u00f3n personal que nos hayan proporcionado.<\/p>\n<p>\u00a0<\/p>\n<h4><strong>Personalizar\/cancelar la suscripci\u00f3n al servicio de boletines<\/strong><\/h4>\n<p>Al final de cada env\u00edo encontrar\u00e1 la opci\u00f3n de modificar sus datos o darse de baja del bolet\u00edn.<\/p>\n<p>\u00a0<\/p>\n<h4><strong>Ajustar\/cancelar la comunicaci\u00f3n<\/strong><\/h4>\n<p>Si desea modificar sus datos o borrarlos de nuestros archivos, p\u00f3ngase en contacto con nosotros. Consulte los datos de contacto m\u00e1s abajo.<\/p>\n<p>\u00a0<\/p>\n<h4><strong>Desactivar cookies<\/strong><\/h4>\n<p>La mayor\u00eda de los navegadores est\u00e1n configurados para aceptar cookies por defecto, pero usted puede configurar su navegador para que rechace todas las cookies o para que le indique cu\u00e1ndo se env\u00eda una cookie. No obstante, es posible que algunas funciones y servicios, en nuestro sitio web y en otros, no funcionen correctamente si las cookies est\u00e1n desactivadas en su navegador.<\/p>\n<p>\u00a0<\/p>\n<h4><strong>Preguntas y comentarios<\/strong><\/h4>\n<p>Comprobamos peri\u00f3dicamente el cumplimiento de esta pol\u00edtica de privacidad. Si tiene alguna pregunta sobre esta pol\u00edtica de privacidad, p\u00f3ngase en contacto con nosotros:<\/p>\n<p>Maxani Animal Healthcare BV<br \/>Avenida Lark 14b<br \/>+31 (0)30 751 7067<br \/>info@maxani.nl<\/p>\n<p>\u00a0<\/p>\n\n\t\t<\/div>\n\t\t\t\t\t<\/div>\n\n\t\n\n<\/div>\n\n\t\t<\/div>\n\n\t\t\n<style>\n#section_1965155459 {\n  padding-top: 60px;\n  padding-bottom: 60px;\n  min-height: 300px;\n}\n<\/style>\n\t<\/section>","protected":false},"excerpt":{"rendered":"","protected":false},"author":1,"featured_media":0,"parent":0,"menu_order":0,"comment_status":"closed","ping_status":"closed","template":"page-blank.php","meta":{"footnotes":""},"class_list":["post-11797","page","type-page","status-publish","hentry"],"yoast_head":"<!-- This site is optimized with the Yoast SEO plugin v27.1.1 - https:\/\/yoast.com\/product\/yoast-seo-wordpress\/ -->\n<title>Privacy beleid - Maxani Animal Healthcare BV<\/title>\n<meta name=\"robots\" content=\"index, follow, max-snippet:-1, max-image-preview:large, max-video-preview:-1\" \/>\n<link rel=\"canonical\" href=\"https:\/\/maxani.nl\/es\/privacy-beleid\/\" \/>\n<meta property=\"og:locale\" content=\"es_ES\" \/>\n<meta property=\"og:type\" content=\"article\" \/>\n<meta property=\"og:title\" content=\"Privacy beleid - Maxani Animal Healthcare BV\" \/>\n<meta property=\"og:url\" content=\"https:\/\/maxani.nl\/es\/privacy-beleid\/\" \/>\n<meta property=\"og:site_name\" content=\"Maxani Animal Healthcare BV\" \/>\n<meta property=\"article:modified_time\" content=\"2025-05-29T11:15:25+00:00\" \/>\n<meta name=\"twitter:card\" content=\"summary_large_image\" \/>\n<script type=\"application\/ld+json\" class=\"yoast-schema-graph\">{\"@context\":\"https:\/\/schema.org\",\"@graph\":[{\"@type\":\"WebPage\",\"@id\":\"https:\/\/maxani.nl\/privacy-beleid\/\",\"url\":\"https:\/\/maxani.nl\/privacy-beleid\/\",\"name\":\"Privacy beleid - Maxani Animal Healthcare BV\",\"isPartOf\":{\"@id\":\"https:\/\/maxani.nl\/#website\"},\"datePublished\":\"2023-07-07T17:23:32+00:00\",\"dateModified\":\"2025-05-29T11:15:25+00:00\",\"breadcrumb\":{\"@id\":\"https:\/\/maxani.nl\/privacy-beleid\/#breadcrumb\"},\"inLanguage\":\"es\",\"potentialAction\":[{\"@type\":\"ReadAction\",\"target\":[\"https:\/\/maxani.nl\/privacy-beleid\/\"]}]},{\"@type\":\"BreadcrumbList\",\"@id\":\"https:\/\/maxani.nl\/privacy-beleid\/#breadcrumb\",\"itemListElement\":[{\"@type\":\"ListItem\",\"position\":1,\"name\":\"Home\",\"item\":\"https:\/\/maxani.nl\/\"},{\"@type\":\"ListItem\",\"position\":2,\"name\":\"Privacy beleid\"}]},{\"@type\":\"WebSite\",\"@id\":\"https:\/\/maxani.nl\/#website\",\"url\":\"https:\/\/maxani.nl\/\",\"name\":\"Maxani Animal Healthcare BV\",\"description\":\"Uw partner in veterinaire dermatologie\",\"potentialAction\":[{\"@type\":\"SearchAction\",\"target\":{\"@type\":\"EntryPoint\",\"urlTemplate\":\"https:\/\/maxani.nl\/?s={search_term_string}\"},\"query-input\":{\"@type\":\"PropertyValueSpecification\",\"valueRequired\":true,\"valueName\":\"search_term_string\"}}],\"inLanguage\":\"es\"}]}<\/script>\n<!-- \/ Yoast SEO plugin. -->","yoast_head_json":{"title":"Privacy beleid - Maxani Animal Healthcare BV","robots":{"index":"index","follow":"follow","max-snippet":"max-snippet:-1","max-image-preview":"max-image-preview:large","max-video-preview":"max-video-preview:-1"},"canonical":"https:\/\/maxani.nl\/es\/privacy-beleid\/","og_locale":"es_ES","og_type":"article","og_title":"Privacy beleid - Maxani Animal Healthcare BV","og_url":"https:\/\/maxani.nl\/es\/privacy-beleid\/","og_site_name":"Maxani Animal Healthcare BV","article_modified_time":"2025-05-29T11:15:25+00:00","twitter_card":"summary_large_image","schema":{"@context":"https:\/\/schema.org","@graph":[{"@type":"WebPage","@id":"https:\/\/maxani.nl\/privacy-beleid\/","url":"https:\/\/maxani.nl\/privacy-beleid\/","name":"Privacy beleid - Maxani Animal Healthcare BV","isPartOf":{"@id":"https:\/\/maxani.nl\/#website"},"datePublished":"2023-07-07T17:23:32+00:00","dateModified":"2025-05-29T11:15:25+00:00","breadcrumb":{"@id":"https:\/\/maxani.nl\/privacy-beleid\/#breadcrumb"},"inLanguage":"es","potentialAction":[{"@type":"ReadAction","target":["https:\/\/maxani.nl\/privacy-beleid\/"]}]},{"@type":"BreadcrumbList","@id":"https:\/\/maxani.nl\/privacy-beleid\/#breadcrumb","itemListElement":[{"@type":"ListItem","position":1,"name":"Home","item":"https:\/\/maxani.nl\/"},{"@type":"ListItem","position":2,"name":"Privacy beleid"}]},{"@type":"WebSite","@id":"https:\/\/maxani.nl\/#website","url":"https:\/\/maxani.nl\/","name":"Maxani Animal Healthcare BV","description":"Su socio en dermatolog\u00eda veterinaria","potentialAction":[{"@type":"SearchAction","target":{"@type":"EntryPoint","urlTemplate":"https:\/\/maxani.nl\/?s={search_term_string}"},"query-input":{"@type":"PropertyValueSpecification","valueRequired":true,"valueName":"search_term_string"}}],"inLanguage":"es"}]}},"jetpack_sharing_enabled":true,"_links":{"self":[{"href":"https:\/\/maxani.nl\/es\/wp-json\/wp\/v2\/pages\/11797","targetHints":{"allow":["GET"]}}],"collection":[{"href":"https:\/\/maxani.nl\/es\/wp-json\/wp\/v2\/pages"}],"about":[{"href":"https:\/\/maxani.nl\/es\/wp-json\/wp\/v2\/types\/page"}],"author":[{"embeddable":true,"href":"https:\/\/maxani.nl\/es\/wp-json\/wp\/v2\/users\/1"}],"replies":[{"embeddable":true,"href":"https:\/\/maxani.nl\/es\/wp-json\/wp\/v2\/comments?post=11797"}],"version-history":[{"count":3,"href":"https:\/\/maxani.nl\/es\/wp-json\/wp\/v2\/pages\/11797\/revisions"}],"predecessor-version":[{"id":17192,"href":"https:\/\/maxani.nl\/es\/wp-json\/wp\/v2\/pages\/11797\/revisions\/17192"}],"wp:attachment":[{"href":"https:\/\/maxani.nl\/es\/wp-json\/wp\/v2\/media?parent=11797"}],"curies":[{"name":"wp","href":"https:\/\/api.w.org\/{rel}","templated":true}]}}