{"id":11789,"date":"2023-07-07T17:16:14","date_gmt":"2023-07-07T17:16:14","guid":{"rendered":"https:\/\/maxani.nl\/?page_id=11789"},"modified":"2023-07-14T14:09:36","modified_gmt":"2023-07-14T14:09:36","slug":"maxani","status":"publish","type":"page","link":"https:\/\/maxani.nl\/es\/maxani\/","title":{"rendered":"Maxani productinformatie"},"content":{"rendered":"<section class=\"section\" id=\"section_148488219\">\n\t\t<div class=\"section-bg fill\" >\n\t\t\t<img loading=\"lazy\" decoding=\"async\" width=\"1718\" height=\"2560\" src=\"https:\/\/maxani.nl\/wp-content\/uploads\/2023\/07\/Achtergrond-voor-website-Maxani2-scaled.jpg\" class=\"bg attachment-original size-original\" alt=\"\" \/>\t\t\t\t\t\t\n\t\t\t\n\t<div class=\"is-border\"\n\t\tstyle=\"border-color:rgb(235, 235, 235);border-width:1px 0px 0px 0px;\">\n\t<\/div>\n\n\t\t<\/div>\n\n\t\t\n\n\t\t<div class=\"section-content relative\">\n\t\t\t\n\n<div class=\"row\"  id=\"row-1232649349\">\n\n\n\t<div id=\"col-274076297\" class=\"col medium-8 small-12 large-8\"  >\n\t\t\t\t<div class=\"col-inner\"  >\n\t\t\t\n\t\t\t\n\n<div class=\"pp-heading  pp-center\">\n<h1 class=\"heading-title\"><span class=\"title-text pp-primary-title\">Informaci\u00f3n sobre productos y profundizaci\u00f3n<\/span><\/h1>\n<\/div>\n<div class=\"pp-sub-heading\">\n<p>La gama Maxani incluye una amplia gama de productos dermatol\u00f3gicos de\u00a0<a href=\"https:\/\/maxani.nl\/es\/maxani-2\/\">Maxani<\/a>. Los productos se componen de ingredientes de alta calidad, los m\u00e1s importantes de los cuales se destacan en esta p\u00e1gina.\u00a0<\/p>\n<\/div>\n<a href=\"https:\/\/maxani.nl\/es\/maxani-2\/\" class=\"button primary is-small\" >\n\t\t<span>M\u00e1s sobre los productos<\/span>\n\t<\/a>\n\n\n\n\t\t<\/div>\n\t\t\t\t\t<\/div>\n\n\t\n\n\t<div id=\"col-71395048\" class=\"col medium-4 small-12 large-4\"  >\n\t\t\t\t<div class=\"col-inner\"  >\n\t\t\t\n\t\t\t\n\n\t<div class=\"img has-hover x md-x lg-x y md-y lg-y\" id=\"image_1832620317\">\n\t\t\t\t\t\t\t\t<div class=\"img-inner dark\" >\n\t\t\t<img loading=\"lazy\" decoding=\"async\" width=\"1024\" height=\"277\" src=\"https:\/\/maxani.nl\/wp-content\/uploads\/2023\/06\/Maxani-logo-klein.png\" class=\"attachment-original size-original\" alt=\"\" srcset=\"https:\/\/maxani.nl\/wp-content\/uploads\/2023\/06\/Maxani-logo-klein.png 1024w, https:\/\/maxani.nl\/wp-content\/uploads\/2023\/06\/Maxani-logo-klein-510x138.png 510w, https:\/\/maxani.nl\/wp-content\/uploads\/2023\/06\/Maxani-logo-klein-300x81.png 300w, https:\/\/maxani.nl\/wp-content\/uploads\/2023\/06\/Maxani-logo-klein-768x208.png 768w\" sizes=\"auto, (max-width: 1024px) 100vw, 1024px\" \/>\t\t\t\t\t\t\n\t\t\t\t\t<\/div>\n\t\t\t\t\t\t\t\t\n<style>\n#image_1832620317 {\n  width: 100%;\n}\n<\/style>\n\t<\/div>\n\t\n\n\n\t\t<\/div>\n\t\t\t\t\t<\/div>\n\n\t\n\n<\/div>\n<div class=\"row\"  id=\"row-2025151819\">\n\n\n\t<div id=\"col-1205814356\" class=\"col medium-6 small-12 large-6\"  >\n\t\t\t\t<div class=\"col-inner\"  >\n\t\t\t\n\t\t\t\n\n<div class=\"fl-module fl-module-heading fl-node-5f1fe9dd0492a\" data-node=\"5f1fe9dd0492a\">\n<div class=\"fl-module-content fl-node-content\">\n<h2 class=\"fl-heading\"><span class=\"fl-heading-text\">\u00c1cido hialur\u00f3nico<\/span><\/h2>\n<\/div>\n<\/div>\n<div class=\"fl-module fl-module-rich-text fl-node-5f1fe9afcb412\" data-node=\"5f1fe9afcb412\">\n<div class=\"fl-module-content fl-node-content\">\n<div class=\"fl-rich-text\">\n<p>Muchos de nuestros productos contienen \u00e1cido hialur\u00f3nico: un potente ingrediente natural que proporciona un est\u00edmulo a la piel. El \u00e1cido hialur\u00f3nico es cada vez m\u00e1s conocido en el mundo del cuidado de la piel. Y con raz\u00f3n. Este ingrediente es excelente no s\u00f3lo para los seres humanos, sino tambi\u00e9n para los animales. El \u00e1cido hialur\u00f3nico se encuentra de forma natural en la piel humana y animal. Un enke<span class=\"text_exposed_show\">a mol\u00e9cula de \u00e1cido hialur\u00f3nico puede retener hasta 1000 veces su propio peso en agua, lo que le permite hidratar adecuadamente la piel. El \u00e1cido hialur\u00f3nico regula de forma natural la absorci\u00f3n de humedad y proporciona a la piel protecci\u00f3n a largo plazo. Adem\u00e1s, el \u00e1cido hialur\u00f3nico refuerza la elasticidad de la piel, lo que se traduce en una piel y un pelaje sanos y resistentes.<\/span><\/p>\n<\/div>\n<\/div>\n<\/div>\n\n\t\t<\/div>\n\t\t\t\t\t<\/div>\n\n\t\n\n\t<div id=\"col-1813115433\" class=\"col medium-6 small-12 large-6\"  >\n\t\t\t\t<div class=\"col-inner\"  >\n\t\t\t\n\t\t\t\n\n<div class=\"fl-module fl-module-heading fl-node-5f1fe9ee2204a\" data-node=\"5f1fe9ee2204a\">\n<div class=\"fl-module-content fl-node-content\">\n<h2 class=\"fl-heading\"><span class=\"fl-heading-text\">L\u00edpidos cut\u00e1neos<\/span><\/h2>\n<\/div>\n<\/div>\n<div class=\"fl-module fl-module-rich-text fl-node-5f1fe9c07287f\" data-node=\"5f1fe9c07287f\">\n<div class=\"fl-module-content fl-node-content\">\n<div class=\"fl-rich-text\">\n<p>La piel est\u00e1 formada por varias capas. La capa superior es la epidermis, una capa que protege las capas subyacentes. La epidermis puede considerarse como una pared de bloques de construcci\u00f3n y cemento. Cuando los bloques de construcci\u00f3n est\u00e1n bien colocados uno al lado del otro y el cemento lo mantiene todo bien unido, la barrera cut\u00e1nea est\u00e1 protegida de las influencias externas. Los l\u00edpidos de la piel, formados por ceramidas, colesterol y \u00e1cidos grasos, proporcionan una protecci\u00f3n adicional a los bloques de construcci\u00f3n. Por eso es importante reponer estas sustancias cuando la piel est\u00e1 da\u00f1ada, para que la barrera cut\u00e1nea vuelva a fortalecerse. Los champ\u00fas para la piel Maxani contienen estas importantes sustancias y ofrecen as\u00ed una potente contribuci\u00f3n a la reparaci\u00f3n de la piel.<\/p>\n<\/div>\n<\/div>\n<\/div>\n\n\t\t<\/div>\n\t\t\t\t\t<\/div>\n\n\t\n\n<\/div>\n\n\t\t<\/div>\n\n\t\t\n<style>\n#section_148488219 {\n  padding-top: 60px;\n  padding-bottom: 60px;\n  min-height: 300px;\n}\n<\/style>\n\t<\/section>","protected":false},"excerpt":{"rendered":"","protected":false},"author":1,"featured_media":0,"parent":0,"menu_order":0,"comment_status":"closed","ping_status":"closed","template":"page-blank.php","meta":{"footnotes":""},"class_list":["post-11789","page","type-page","status-publish","hentry"],"yoast_head":"<!-- This site is optimized with the Yoast SEO plugin v27.5 - https:\/\/yoast.com\/product\/yoast-seo-wordpress\/ -->\n<title>Maxani productinformatie - Maxani Animal Healthcare BV<\/title>\n<meta name=\"robots\" content=\"index, follow, max-snippet:-1, max-image-preview:large, max-video-preview:-1\" \/>\n<link rel=\"canonical\" href=\"https:\/\/maxani.nl\/es\/maxani\/\" \/>\n<meta property=\"og:locale\" content=\"es_ES\" \/>\n<meta property=\"og:type\" content=\"article\" \/>\n<meta property=\"og:title\" content=\"Maxani productinformatie - Maxani Animal Healthcare BV\" \/>\n<meta property=\"og:url\" content=\"https:\/\/maxani.nl\/es\/maxani\/\" \/>\n<meta property=\"og:site_name\" content=\"Maxani Animal Healthcare BV\" \/>\n<meta property=\"article:modified_time\" content=\"2023-07-14T14:09:36+00:00\" \/>\n<meta name=\"twitter:card\" content=\"summary_large_image\" \/>\n<script type=\"application\/ld+json\" class=\"yoast-schema-graph\">{\"@context\":\"https:\\\/\\\/schema.org\",\"@graph\":[{\"@type\":\"WebPage\",\"@id\":\"https:\\\/\\\/maxani.nl\\\/maxani\\\/\",\"url\":\"https:\\\/\\\/maxani.nl\\\/maxani\\\/\",\"name\":\"Maxani productinformatie - Maxani Animal Healthcare BV\",\"isPartOf\":{\"@id\":\"https:\\\/\\\/maxani.nl\\\/#website\"},\"datePublished\":\"2023-07-07T17:16:14+00:00\",\"dateModified\":\"2023-07-14T14:09:36+00:00\",\"breadcrumb\":{\"@id\":\"https:\\\/\\\/maxani.nl\\\/maxani\\\/#breadcrumb\"},\"inLanguage\":\"es\",\"potentialAction\":[{\"@type\":\"ReadAction\",\"target\":[\"https:\\\/\\\/maxani.nl\\\/maxani\\\/\"]}]},{\"@type\":\"BreadcrumbList\",\"@id\":\"https:\\\/\\\/maxani.nl\\\/maxani\\\/#breadcrumb\",\"itemListElement\":[{\"@type\":\"ListItem\",\"position\":1,\"name\":\"Home\",\"item\":\"https:\\\/\\\/maxani.nl\\\/\"},{\"@type\":\"ListItem\",\"position\":2,\"name\":\"Maxani productinformatie\"}]},{\"@type\":\"WebSite\",\"@id\":\"https:\\\/\\\/maxani.nl\\\/#website\",\"url\":\"https:\\\/\\\/maxani.nl\\\/\",\"name\":\"Maxani Animal Healthcare BV\",\"description\":\"Uw partner in veterinaire dermatologie\",\"potentialAction\":[{\"@type\":\"SearchAction\",\"target\":{\"@type\":\"EntryPoint\",\"urlTemplate\":\"https:\\\/\\\/maxani.nl\\\/?s={search_term_string}\"},\"query-input\":{\"@type\":\"PropertyValueSpecification\",\"valueRequired\":true,\"valueName\":\"search_term_string\"}}],\"inLanguage\":\"es\"}]}<\/script>\n<!-- \/ Yoast SEO plugin. -->","yoast_head_json":{"title":"Maxani productinformatie - Maxani Animal Healthcare BV","robots":{"index":"index","follow":"follow","max-snippet":"max-snippet:-1","max-image-preview":"max-image-preview:large","max-video-preview":"max-video-preview:-1"},"canonical":"https:\/\/maxani.nl\/es\/maxani\/","og_locale":"es_ES","og_type":"article","og_title":"Maxani productinformatie - Maxani Animal Healthcare BV","og_url":"https:\/\/maxani.nl\/es\/maxani\/","og_site_name":"Maxani Animal Healthcare BV","article_modified_time":"2023-07-14T14:09:36+00:00","twitter_card":"summary_large_image","schema":{"@context":"https:\/\/schema.org","@graph":[{"@type":"WebPage","@id":"https:\/\/maxani.nl\/maxani\/","url":"https:\/\/maxani.nl\/maxani\/","name":"Maxani productinformatie - Maxani Animal Healthcare BV","isPartOf":{"@id":"https:\/\/maxani.nl\/#website"},"datePublished":"2023-07-07T17:16:14+00:00","dateModified":"2023-07-14T14:09:36+00:00","breadcrumb":{"@id":"https:\/\/maxani.nl\/maxani\/#breadcrumb"},"inLanguage":"es","potentialAction":[{"@type":"ReadAction","target":["https:\/\/maxani.nl\/maxani\/"]}]},{"@type":"BreadcrumbList","@id":"https:\/\/maxani.nl\/maxani\/#breadcrumb","itemListElement":[{"@type":"ListItem","position":1,"name":"Home","item":"https:\/\/maxani.nl\/"},{"@type":"ListItem","position":2,"name":"Maxani productinformatie"}]},{"@type":"WebSite","@id":"https:\/\/maxani.nl\/#website","url":"https:\/\/maxani.nl\/","name":"Maxani Animal Healthcare BV","description":"Su socio en dermatolog\u00eda veterinaria","potentialAction":[{"@type":"SearchAction","target":{"@type":"EntryPoint","urlTemplate":"https:\/\/maxani.nl\/?s={search_term_string}"},"query-input":{"@type":"PropertyValueSpecification","valueRequired":true,"valueName":"search_term_string"}}],"inLanguage":"es"}]}},"jetpack_sharing_enabled":true,"_links":{"self":[{"href":"https:\/\/maxani.nl\/es\/wp-json\/wp\/v2\/pages\/11789","targetHints":{"allow":["GET"]}}],"collection":[{"href":"https:\/\/maxani.nl\/es\/wp-json\/wp\/v2\/pages"}],"about":[{"href":"https:\/\/maxani.nl\/es\/wp-json\/wp\/v2\/types\/page"}],"author":[{"embeddable":true,"href":"https:\/\/maxani.nl\/es\/wp-json\/wp\/v2\/users\/1"}],"replies":[{"embeddable":true,"href":"https:\/\/maxani.nl\/es\/wp-json\/wp\/v2\/comments?post=11789"}],"version-history":[{"count":3,"href":"https:\/\/maxani.nl\/es\/wp-json\/wp\/v2\/pages\/11789\/revisions"}],"predecessor-version":[{"id":12520,"href":"https:\/\/maxani.nl\/es\/wp-json\/wp\/v2\/pages\/11789\/revisions\/12520"}],"wp:attachment":[{"href":"https:\/\/maxani.nl\/es\/wp-json\/wp\/v2\/media?parent=11789"}],"curies":[{"name":"wp","href":"https:\/\/api.w.org\/{rel}","templated":true}]}}