{"id":11787,"date":"2023-07-07T17:15:21","date_gmt":"2023-07-07T17:15:21","guid":{"rendered":"https:\/\/maxani.nl\/?page_id=11787"},"modified":"2025-05-19T16:00:41","modified_gmt":"2025-05-19T16:00:41","slug":"masivet-informatie-voor-dierenartsen","status":"publish","type":"page","link":"https:\/\/maxani.nl\/es\/masivet-informatie-voor-dierenartsen\/","title":{"rendered":"Informaci\u00f3n sobre Masivet para veterinarios"},"content":{"rendered":"<section class=\"section\" id=\"section_1864208979\">\n\t\t<div class=\"section-bg fill\" >\n\t\t\t\t\t\t\t\t\t\n\t\t\t\n\t<div class=\"is-border\"\n\t\tstyle=\"border-color:rgb(235, 235, 235);border-width:1px 0px 0px 0px;\">\n\t<\/div>\n\n\t\t<\/div>\n\n\t\t\n\n\t\t<div class=\"section-content relative\">\n\t\t\t\n\n<div class=\"row\"  id=\"row-696555780\">\n\n\n\t<div id=\"col-496095018\" class=\"col medium-8 small-12 large-8\"  >\n\t\t\t\t<div class=\"col-inner\"  >\n\t\t\t\n\t\t\t\n\n<div class=\"pp-heading  pp-center\">\u00a0<\/div>\n<div class=\"pp-sub-heading\">\n<h1><span style=\"font-size: 25.92px; color: #333333;\">Masivet\u00ae informaci\u00f3n para veterinarios<\/span><\/h1>\n<div class=\"pp-sub-heading\">\n<p>Masivet\u00ae est\u00e1 indicado para el tratamiento de mastocitomas inoperables en perros (de grado 2 \u00f3 3) o como postratamiento tras la extirpaci\u00f3n (parcial) del tumor. El f\u00e1rmaco es un inhibidor de la tirosina quinasa y similar a Palladia\u00ae. Masivet\u00ae act\u00faa sobre el receptor KIT. Este receptor de tirosina cinasa regula el crecimiento o la divisi\u00f3n celular de determinadas c\u00e9lulas. En el 15-40% de los tumores de mastocitos, el c\u00e1ncer surge porque hay da\u00f1os en el receptor KIT. El receptor est\u00e1 \u201cencendido\u201d todo el tiempo, por lo que las c\u00e9lulas siguen creciendo y dividi\u00e9ndose. Masivet\u00ae vuelve a \u201capagar\u201d el receptor KIT. Se administra en comprimidos de 50 mg o 150 mg. Los comprimidos no deben partirse.<\/p>\n<p>Toma\u00a0<a href=\"https:\/\/maxani.nl\/es\/contact\/\">contacto telef\u00f3nico<\/a>\u00a0p\u00f3ngase en contacto con Maxani si es veterinario y desea realizar un pedido de Masivet\u00ae por primera vez o si desea obtener m\u00e1s informaci\u00f3n sobre Masivet\u00ae. Si desea realizar un pedido repetido, acceda a la p\u00e1gina web de\u00a0<a href=\"https:\/\/maxani.nl\/es\/webshop\/\">tienda virtual<\/a>. Para los propietarios de mascotas, este producto s\u00f3lo est\u00e1 disponible a trav\u00e9s del veterinario. A continuaci\u00f3n encontrar\u00e1 m\u00e1s informaci\u00f3n sobre Masivet\u00ae.<\/p>\n<p>Masivet\u00ae se env\u00eda y factura desde AB Science en Francia. Por lo tanto, el plazo de entrega es de 4 a 5 d\u00edas laborables. Un frasco de Masivet\u00ae contiene 30 comprimidos.<\/p>\n<ul>\n<li>50 mg Masivet\u00ae, n\u00famero de registro: 100191<\/li>\n<li>150 mg Masivet\u00ae, n\u00famero de registro: 100198<\/li>\n<\/ul>\n<h4>\u00a0<\/h4>\n<h4>\u00bfC\u00f3mo funciona Masivet\u00ae?<\/h4>\n<p>Masivet\u00ae contiene el principio activo masitinib. Masitinib es un inhibidor de la prote\u00edna tirosina quinasa (PTK) para tratar los mastocitomas que act\u00faa sobre c-KIT. C-KIT es un receptor del factor de crecimiento de los mastocitos y se encuentra en la pared celular. C-KIT se encuentra en todos los seres humanos y animales y desempe\u00f1a un papel importante en la fisiolog\u00eda normal de la c\u00e9lula. C-KIT interviene en la comunicaci\u00f3n, el desarrollo, la divisi\u00f3n y el crecimiento de las c\u00e9lulas mediante la fosforilaci\u00f3n de prote\u00ednas. Funciona como una especie de interruptor de encendido\/apagado de estas funciones celulares. Las mutaciones en el gen c-KIT se encuentran en 20% de los mastocitomas en perros. C-KIT es un proto\/oncog\u00e9n que, cuando est\u00e1 mutado, puede provocar un aumento de la proliferaci\u00f3n. Otra causa de los tumores de mastocitos es que el c-KIT est\u00e1 continuamente \u2018encendido\u2019, sin se\u00f1alizar mediante la uni\u00f3n del factor de crecimiento de mastocitos. Este c-KIT parece \u2018adicto al ATP\u2019 y, por tanto, sigue fosforilando prote\u00ednas y transmitiendo se\u00f1ales de crecimiento y divisi\u00f3n en la c\u00e9lula. Por lo tanto, en la mayor\u00eda de los casos, una prueba de c-KIT no aporta una respuesta definitiva sobre si el tratamiento con Masivet\u00ae tiene \u00e9xito o no, ya que busca una mutaci\u00f3n gen\u00e9tica que s\u00f3lo es la causa en 20% de los mastocitomas.<\/p>\n<\/div>\n<\/div>\n\n\t\t<\/div>\n\t\t\t\t\t<\/div>\n\n\t\n\n\t<div id=\"col-598635902\" class=\"col medium-4 small-12 large-4\"  >\n\t\t\t\t<div class=\"col-inner\"  >\n\t\t\t\n\t\t\t\n\n\n\t\t<\/div>\n\t\t\t\t\t<\/div>\n\n\t\n\n<\/div>\n\n\t\t<\/div>\n\n\t\t\n<style>\n#section_1864208979 {\n  padding-top: 60px;\n  padding-bottom: 60px;\n  min-height: 300px;\n}\n<\/style>\n\t<\/section>","protected":false},"excerpt":{"rendered":"","protected":false},"author":1,"featured_media":0,"parent":0,"menu_order":0,"comment_status":"closed","ping_status":"closed","template":"page-blank.php","meta":{"footnotes":""},"class_list":["post-11787","page","type-page","status-publish","hentry"],"yoast_head":"<!-- This site is optimized with the Yoast SEO plugin v27.1.1 - https:\/\/yoast.com\/product\/yoast-seo-wordpress\/ -->\n<title>Masivet informatie voor dierenartsen - Maxani Animal Healthcare BV<\/title>\n<meta name=\"robots\" content=\"index, follow, max-snippet:-1, max-image-preview:large, max-video-preview:-1\" \/>\n<link rel=\"canonical\" href=\"https:\/\/maxani.nl\/es\/masivet-informatie-voor-dierenartsen\/\" \/>\n<meta property=\"og:locale\" content=\"es_ES\" \/>\n<meta property=\"og:type\" content=\"article\" \/>\n<meta property=\"og:title\" content=\"Masivet informatie voor dierenartsen - Maxani Animal Healthcare BV\" \/>\n<meta property=\"og:url\" content=\"https:\/\/maxani.nl\/es\/masivet-informatie-voor-dierenartsen\/\" \/>\n<meta property=\"og:site_name\" content=\"Maxani Animal Healthcare BV\" \/>\n<meta property=\"article:modified_time\" content=\"2025-05-19T16:00:41+00:00\" \/>\n<meta name=\"twitter:card\" content=\"summary_large_image\" \/>\n<script type=\"application\/ld+json\" class=\"yoast-schema-graph\">{\"@context\":\"https:\/\/schema.org\",\"@graph\":[{\"@type\":\"WebPage\",\"@id\":\"https:\/\/maxani.nl\/masivet-informatie-voor-dierenartsen\/\",\"url\":\"https:\/\/maxani.nl\/masivet-informatie-voor-dierenartsen\/\",\"name\":\"Masivet informatie voor dierenartsen - Maxani Animal Healthcare BV\",\"isPartOf\":{\"@id\":\"https:\/\/maxani.nl\/#website\"},\"datePublished\":\"2023-07-07T17:15:21+00:00\",\"dateModified\":\"2025-05-19T16:00:41+00:00\",\"breadcrumb\":{\"@id\":\"https:\/\/maxani.nl\/masivet-informatie-voor-dierenartsen\/#breadcrumb\"},\"inLanguage\":\"es\",\"potentialAction\":[{\"@type\":\"ReadAction\",\"target\":[\"https:\/\/maxani.nl\/masivet-informatie-voor-dierenartsen\/\"]}]},{\"@type\":\"BreadcrumbList\",\"@id\":\"https:\/\/maxani.nl\/masivet-informatie-voor-dierenartsen\/#breadcrumb\",\"itemListElement\":[{\"@type\":\"ListItem\",\"position\":1,\"name\":\"Home\",\"item\":\"https:\/\/maxani.nl\/\"},{\"@type\":\"ListItem\",\"position\":2,\"name\":\"Masivet informatie voor dierenartsen\"}]},{\"@type\":\"WebSite\",\"@id\":\"https:\/\/maxani.nl\/#website\",\"url\":\"https:\/\/maxani.nl\/\",\"name\":\"Maxani Animal Healthcare BV\",\"description\":\"Uw partner in veterinaire dermatologie\",\"potentialAction\":[{\"@type\":\"SearchAction\",\"target\":{\"@type\":\"EntryPoint\",\"urlTemplate\":\"https:\/\/maxani.nl\/?s={search_term_string}\"},\"query-input\":{\"@type\":\"PropertyValueSpecification\",\"valueRequired\":true,\"valueName\":\"search_term_string\"}}],\"inLanguage\":\"es\"}]}<\/script>\n<!-- \/ Yoast SEO plugin. -->","yoast_head_json":{"title":"Masivet informatie voor dierenartsen - Maxani Animal Healthcare BV","robots":{"index":"index","follow":"follow","max-snippet":"max-snippet:-1","max-image-preview":"max-image-preview:large","max-video-preview":"max-video-preview:-1"},"canonical":"https:\/\/maxani.nl\/es\/masivet-informatie-voor-dierenartsen\/","og_locale":"es_ES","og_type":"article","og_title":"Masivet informatie voor dierenartsen - Maxani Animal Healthcare BV","og_url":"https:\/\/maxani.nl\/es\/masivet-informatie-voor-dierenartsen\/","og_site_name":"Maxani Animal Healthcare BV","article_modified_time":"2025-05-19T16:00:41+00:00","twitter_card":"summary_large_image","schema":{"@context":"https:\/\/schema.org","@graph":[{"@type":"WebPage","@id":"https:\/\/maxani.nl\/masivet-informatie-voor-dierenartsen\/","url":"https:\/\/maxani.nl\/masivet-informatie-voor-dierenartsen\/","name":"Masivet informatie voor dierenartsen - Maxani Animal Healthcare BV","isPartOf":{"@id":"https:\/\/maxani.nl\/#website"},"datePublished":"2023-07-07T17:15:21+00:00","dateModified":"2025-05-19T16:00:41+00:00","breadcrumb":{"@id":"https:\/\/maxani.nl\/masivet-informatie-voor-dierenartsen\/#breadcrumb"},"inLanguage":"es","potentialAction":[{"@type":"ReadAction","target":["https:\/\/maxani.nl\/masivet-informatie-voor-dierenartsen\/"]}]},{"@type":"BreadcrumbList","@id":"https:\/\/maxani.nl\/masivet-informatie-voor-dierenartsen\/#breadcrumb","itemListElement":[{"@type":"ListItem","position":1,"name":"Home","item":"https:\/\/maxani.nl\/"},{"@type":"ListItem","position":2,"name":"Masivet informatie voor dierenartsen"}]},{"@type":"WebSite","@id":"https:\/\/maxani.nl\/#website","url":"https:\/\/maxani.nl\/","name":"Maxani Animal Healthcare BV","description":"Su socio en dermatolog\u00eda veterinaria","potentialAction":[{"@type":"SearchAction","target":{"@type":"EntryPoint","urlTemplate":"https:\/\/maxani.nl\/?s={search_term_string}"},"query-input":{"@type":"PropertyValueSpecification","valueRequired":true,"valueName":"search_term_string"}}],"inLanguage":"es"}]}},"jetpack_sharing_enabled":true,"_links":{"self":[{"href":"https:\/\/maxani.nl\/es\/wp-json\/wp\/v2\/pages\/11787","targetHints":{"allow":["GET"]}}],"collection":[{"href":"https:\/\/maxani.nl\/es\/wp-json\/wp\/v2\/pages"}],"about":[{"href":"https:\/\/maxani.nl\/es\/wp-json\/wp\/v2\/types\/page"}],"author":[{"embeddable":true,"href":"https:\/\/maxani.nl\/es\/wp-json\/wp\/v2\/users\/1"}],"replies":[{"embeddable":true,"href":"https:\/\/maxani.nl\/es\/wp-json\/wp\/v2\/comments?post=11787"}],"version-history":[{"count":5,"href":"https:\/\/maxani.nl\/es\/wp-json\/wp\/v2\/pages\/11787\/revisions"}],"predecessor-version":[{"id":16949,"href":"https:\/\/maxani.nl\/es\/wp-json\/wp\/v2\/pages\/11787\/revisions\/16949"}],"wp:attachment":[{"href":"https:\/\/maxani.nl\/es\/wp-json\/wp\/v2\/media?parent=11787"}],"curies":[{"name":"wp","href":"https:\/\/api.w.org\/{rel}","templated":true}]}}