{"id":11785,"date":"2023-07-07T17:14:46","date_gmt":"2023-07-07T17:14:46","guid":{"rendered":"https:\/\/maxani.nl\/?page_id=11785"},"modified":"2025-05-19T16:00:51","modified_gmt":"2025-05-19T16:00:51","slug":"masivet","status":"publish","type":"page","link":"https:\/\/maxani.nl\/es\/masivet\/","title":{"rendered":"Masivet"},"content":{"rendered":"<section class=\"section\" id=\"section_718915501\">\n\t\t<div class=\"section-bg fill\" >\n\t\t\t\t\t\t\t\t\t\n\t\t\t\n\t<div class=\"is-border\"\n\t\tstyle=\"border-color:rgb(235, 235, 235);border-width:1px 0px 0px 0px;\">\n\t<\/div>\n\n\t\t<\/div>\n\n\t\t\n\n\t\t<div class=\"section-content relative\">\n\t\t\t\n\n<div class=\"row\"  id=\"row-466447068\">\n\n\n\t<div id=\"col-1286661248\" class=\"col medium-8 small-12 large-8\"  >\n\t\t\t\t<div class=\"col-inner\"  >\n\t\t\t\n\t\t\t\n\n<div class=\"pp-heading  pp-center\">\n<div class=\"pp-heading  pp-center\">\n<h1 class=\"heading-title\"><span class=\"title-text pp-primary-title\">Informaci\u00f3n sobre Masivet\u00ae para propietarios de mascotas<\/span><\/h1>\n<\/div>\n<div class=\"pp-sub-heading\">\n<h3>Mi mascota tiene un mastocitoma: \u00bfy ahora qu\u00e9?<\/h3>\n<h4>\u00a0<\/h4>\n<h4>\u00bfQu\u00e9 es un mastocitoma?<\/h4>\n<p>Los mastocitos son los tumores cut\u00e1neos m\u00e1s frecuentes en perros y los segundos m\u00e1s frecuentes en gatos. Los mastocitos normalmente ayudan contra las infecciones y desempe\u00f1an un papel importante en las reacciones al\u00e9rgicas. Cuando la divisi\u00f3n de estos mastocitos se descontrola, hablamos de un<br \/>mastocitoma.<\/p>\n<h4>\u00bfQu\u00e9 es Masivet\u00ae?<\/h4>\n<p>Masivet\u00ae ayuda a estabilizar o curar el tumor de su perro. El principio activo es Masitinib, un inhibidor de la prote\u00edna tirosina quinasa (PTK) que act\u00faa sobre c-Kit. No es un quimioter\u00e1pico, por lo que causa un da\u00f1o m\u00ednimo a los tejidos sanos. Masivet\u00ae se administra en forma de comprimidos. La dosis se administra una vez al d\u00eda inmediatamente antes de las comidas o durante las comidas con alg\u00fan alimento. Como ocurre con otras terapias tumorales, es dif\u00edcil decir si el tratamiento con Masivet\u00ae funcionar\u00e1 en su perro y cu\u00e1nto durar\u00e1 el efecto de Masivet\u00ae. Por lo tanto, es importante consultar regularmente con<br \/>a su veterinario para una revisi\u00f3n. Tambi\u00e9n es importante que su veterinario compruebe los niveles sangu\u00edneos y determine si es necesario ajustar la dosis de Masivet\u00ae.<\/p>\n<h4>Precauciones de uso de Masivet<\/h4>\n<p>El principio activo de Masivet\u00ae pertenece a las sustancias de riesgo para animales y humanos. Por lo tanto, le aconsejamos que observe algunas precauciones al administrar el medicamento, manipular al animal y sus heces, v\u00f3mitos y saliva:<\/p>\n<ul>\n<li>Evitar el contacto directo de los comprimidos con la piel. Utilizar guantes desechables durante la administraci\u00f3n.<br \/>de las pastillas y la limpieza de heces o v\u00f3mitos;<\/li>\n<li>Limpie las heces de su mascota;<\/li>\n<li>L\u00e1vate bien las manos despu\u00e9s de acariciar al perro\/gato y cuando el perro\/gato te lama.<\/li>\n<\/ul>\n<h4>Recomendamos considerar cuidadosamente el uso de Masivet\u00ae en caso de:<\/h4>\n<ul>\n<li>Hogares con mujeres embarazadas o en periodo de lactancia;<\/li>\n<li>Hogares con personas con mala salud;<\/li>\n<li>Perros que tienden a lamer mucho a las personas\/ni\u00f1os de la casa.<\/li>\n<\/ul>\n<p>Guarde los comprimidos fuera del alcance de los ni\u00f1os y los animales dom\u00e9sticos. Devuelva los restos del medicamento que ya no utilice a su veterinario o farmacia para su destrucci\u00f3n. Lea atentamente el prospecto antes de usarlo.\u00a0<\/p>\n<h4>\u00bfQu\u00e9 efectos secundarios pueden producirse?<\/h4>\n<p>Los v\u00f3mitos y\/o la diarrea son efectos secundarios frecuentes. Si se vomita el comprimido en los 10 minutos siguientes a su administraci\u00f3n, debe interrumpirse el tratamiento<br \/>repetido. Si el comprimido se vomita m\u00e1s de 10 minutos despu\u00e9s de su administraci\u00f3n, no debe repetirse el tratamiento. Su veterinario puede recetarle un antivomitivo y\/o un protector estomacal si es necesario.<\/p>\n<h4>\u00bfC\u00f3mo debo administrar Masivet\u00ae a mi perro?<\/h4>\n<p>Utilice siempre guantes (desechables) para administrar los comprimidos. Los comprimidos deben administrarse una vez al d\u00eda antes o durante las comidas y deben administrarse enteros. Los comprimidos no deben dividirse, romperse ni triturarse. Los comprimidos rotos que el perro escupa despu\u00e9s de masticarlos deben desecharse (lleve los sobrantes al veterinario o a la farmacia para que los destruyan). Utilice guantes al hacerlo.<\/p>\n<p>Si olvida una dosis, administre la siguiente dosis seg\u00fan lo prescrito. No debe aumentar ni duplicar la dosis. Si ha administrado m\u00e1s comprimidos de los prescritos, p\u00f3ngase en contacto con su veterinario.<\/p>\n<h4>\u00bfDurante cu\u00e1nto tiempo debo administrar Masivet\u00ae a mi perro?<\/h4>\n<p>La duraci\u00f3n del tratamiento depende de c\u00f3mo responda su perro al tratamiento. El tratamiento debe mantenerse en caso de enfermedad estable, es decir, en caso de respuesta est\u00e1tica, parcial o completa del tumor, siempre que el producto se tolere suficientemente bien. En este caso, el tratamiento se administra durante 6 a 12 meses. El tratamiento debe evaluarse al cabo de 4 semanas para valorar la respuesta inicial. Si el tumor sigue creciendo despu\u00e9s de 4 semanas, es poco probable que el tratamiento tenga \u00e9xito y debe revisarse.<\/p>\n<h4>\u00bfQu\u00e9 seguimiento se har\u00e1 de mi perro?<\/h4>\n<p>Su perro necesitar\u00e1 una revisi\u00f3n con su veterinario cada 2 semanas durante las primeras 8 semanas de tratamiento. En estos controles, se revisar\u00e1 el estado general de su mascota y se realizar\u00e1n an\u00e1lisis de sangre y\/o de orina. Por ello, es posible que su veterinario le pida que le lleve orina de su perro.<\/p>\n<p><em>Consejo<\/em>: utilice guantes desechables para recoger la orina.<\/p>\n<p>Despu\u00e9s de estas 8 semanas, visitar\u00e1 a su veterinario a intervalos cada vez m\u00e1s largos (al menos una vez al mes), dependiendo de c\u00f3mo se encuentre su animal.<br \/>El tratamiento a largo plazo s\u00f3lo debe realizarse bajo estricta supervisi\u00f3n (al menos mensual) de su veterinario.<\/p>\n<p>\u00bfTiene m\u00e1s preguntas? P\u00f3ngase en contacto con el veterinario que le atiende.<\/p>\n<\/div>\n<\/div>\n\n\t\t<\/div>\n\t\t\t\t\t<\/div>\n\n\t\n\n\t<div id=\"col-1662668641\" class=\"col medium-4 small-12 large-4\"  >\n\t\t\t\t<div class=\"col-inner\"  >\n\t\t\t\n\t\t\t\n\n\n\t\t<\/div>\n\t\t\t\t\t<\/div>\n\n\t\n\n<\/div>\n\n\t\t<\/div>\n\n\t\t\n<style>\n#section_718915501 {\n  padding-top: 60px;\n  padding-bottom: 60px;\n  min-height: 300px;\n}\n<\/style>\n\t<\/section>","protected":false},"excerpt":{"rendered":"","protected":false},"author":1,"featured_media":0,"parent":0,"menu_order":0,"comment_status":"closed","ping_status":"closed","template":"page-blank.php","meta":{"footnotes":""},"class_list":["post-11785","page","type-page","status-publish","hentry"],"yoast_head":"<!-- This site is optimized with the Yoast SEO plugin v27.1.1 - https:\/\/yoast.com\/product\/yoast-seo-wordpress\/ -->\n<title>Masivet - Maxani Animal Healthcare BV<\/title>\n<meta name=\"robots\" content=\"index, follow, max-snippet:-1, max-image-preview:large, max-video-preview:-1\" \/>\n<link rel=\"canonical\" href=\"https:\/\/maxani.nl\/es\/masivet\/\" \/>\n<meta property=\"og:locale\" content=\"es_ES\" \/>\n<meta property=\"og:type\" content=\"article\" \/>\n<meta property=\"og:title\" content=\"Masivet - Maxani Animal Healthcare BV\" \/>\n<meta property=\"og:url\" content=\"https:\/\/maxani.nl\/es\/masivet\/\" \/>\n<meta property=\"og:site_name\" content=\"Maxani Animal Healthcare BV\" \/>\n<meta property=\"article:modified_time\" content=\"2025-05-19T16:00:51+00:00\" \/>\n<meta name=\"twitter:card\" content=\"summary_large_image\" \/>\n<script type=\"application\/ld+json\" class=\"yoast-schema-graph\">{\"@context\":\"https:\/\/schema.org\",\"@graph\":[{\"@type\":\"WebPage\",\"@id\":\"https:\/\/maxani.nl\/masivet\/\",\"url\":\"https:\/\/maxani.nl\/masivet\/\",\"name\":\"Masivet - Maxani Animal Healthcare BV\",\"isPartOf\":{\"@id\":\"https:\/\/maxani.nl\/#website\"},\"datePublished\":\"2023-07-07T17:14:46+00:00\",\"dateModified\":\"2025-05-19T16:00:51+00:00\",\"breadcrumb\":{\"@id\":\"https:\/\/maxani.nl\/masivet\/#breadcrumb\"},\"inLanguage\":\"es\",\"potentialAction\":[{\"@type\":\"ReadAction\",\"target\":[\"https:\/\/maxani.nl\/masivet\/\"]}]},{\"@type\":\"BreadcrumbList\",\"@id\":\"https:\/\/maxani.nl\/masivet\/#breadcrumb\",\"itemListElement\":[{\"@type\":\"ListItem\",\"position\":1,\"name\":\"Home\",\"item\":\"https:\/\/maxani.nl\/\"},{\"@type\":\"ListItem\",\"position\":2,\"name\":\"Masivet\"}]},{\"@type\":\"WebSite\",\"@id\":\"https:\/\/maxani.nl\/#website\",\"url\":\"https:\/\/maxani.nl\/\",\"name\":\"Maxani Animal Healthcare BV\",\"description\":\"Uw partner in veterinaire dermatologie\",\"potentialAction\":[{\"@type\":\"SearchAction\",\"target\":{\"@type\":\"EntryPoint\",\"urlTemplate\":\"https:\/\/maxani.nl\/?s={search_term_string}\"},\"query-input\":{\"@type\":\"PropertyValueSpecification\",\"valueRequired\":true,\"valueName\":\"search_term_string\"}}],\"inLanguage\":\"es\"}]}<\/script>\n<!-- \/ Yoast SEO plugin. -->","yoast_head_json":{"title":"Masivet - Maxani Animal Healthcare BV","robots":{"index":"index","follow":"follow","max-snippet":"max-snippet:-1","max-image-preview":"max-image-preview:large","max-video-preview":"max-video-preview:-1"},"canonical":"https:\/\/maxani.nl\/es\/masivet\/","og_locale":"es_ES","og_type":"article","og_title":"Masivet - Maxani Animal Healthcare BV","og_url":"https:\/\/maxani.nl\/es\/masivet\/","og_site_name":"Maxani Animal Healthcare BV","article_modified_time":"2025-05-19T16:00:51+00:00","twitter_card":"summary_large_image","schema":{"@context":"https:\/\/schema.org","@graph":[{"@type":"WebPage","@id":"https:\/\/maxani.nl\/masivet\/","url":"https:\/\/maxani.nl\/masivet\/","name":"Masivet - Maxani Animal Healthcare BV","isPartOf":{"@id":"https:\/\/maxani.nl\/#website"},"datePublished":"2023-07-07T17:14:46+00:00","dateModified":"2025-05-19T16:00:51+00:00","breadcrumb":{"@id":"https:\/\/maxani.nl\/masivet\/#breadcrumb"},"inLanguage":"es","potentialAction":[{"@type":"ReadAction","target":["https:\/\/maxani.nl\/masivet\/"]}]},{"@type":"BreadcrumbList","@id":"https:\/\/maxani.nl\/masivet\/#breadcrumb","itemListElement":[{"@type":"ListItem","position":1,"name":"Home","item":"https:\/\/maxani.nl\/"},{"@type":"ListItem","position":2,"name":"Masivet"}]},{"@type":"WebSite","@id":"https:\/\/maxani.nl\/#website","url":"https:\/\/maxani.nl\/","name":"Maxani Animal Healthcare BV","description":"Su socio en dermatolog\u00eda veterinaria","potentialAction":[{"@type":"SearchAction","target":{"@type":"EntryPoint","urlTemplate":"https:\/\/maxani.nl\/?s={search_term_string}"},"query-input":{"@type":"PropertyValueSpecification","valueRequired":true,"valueName":"search_term_string"}}],"inLanguage":"es"}]}},"jetpack_sharing_enabled":true,"_links":{"self":[{"href":"https:\/\/maxani.nl\/es\/wp-json\/wp\/v2\/pages\/11785","targetHints":{"allow":["GET"]}}],"collection":[{"href":"https:\/\/maxani.nl\/es\/wp-json\/wp\/v2\/pages"}],"about":[{"href":"https:\/\/maxani.nl\/es\/wp-json\/wp\/v2\/types\/page"}],"author":[{"embeddable":true,"href":"https:\/\/maxani.nl\/es\/wp-json\/wp\/v2\/users\/1"}],"replies":[{"embeddable":true,"href":"https:\/\/maxani.nl\/es\/wp-json\/wp\/v2\/comments?post=11785"}],"version-history":[{"count":4,"href":"https:\/\/maxani.nl\/es\/wp-json\/wp\/v2\/pages\/11785\/revisions"}],"predecessor-version":[{"id":16950,"href":"https:\/\/maxani.nl\/es\/wp-json\/wp\/v2\/pages\/11785\/revisions\/16950"}],"wp:attachment":[{"href":"https:\/\/maxani.nl\/es\/wp-json\/wp\/v2\/media?parent=11785"}],"curies":[{"name":"wp","href":"https:\/\/api.w.org\/{rel}","templated":true}]}}